{"id":1653,"date":"2022-06-24T03:35:24","date_gmt":"2022-06-24T03:35:24","guid":{"rendered":"https:\/\/weightlossmedssales.com\/pagina-de-muestra\/"},"modified":"2022-06-24T03:35:24","modified_gmt":"2022-06-24T03:35:24","slug":"pagina-de-muestra","status":"publish","type":"page","link":"https:\/\/weightlossmedssales.com\/es\/pagina-de-muestra\/","title":{"rendered":"P\u00e1gina de muestra"},"content":{"rendered":"\n<p>Esta es una p\u00e1gina de ejemplo. Es diferente de una entrada de blog porque permanecer\u00e1 en un lugar fijo y aparecer\u00e1 en la navegaci\u00f3n de su sitio web (en la mayor\u00eda de los temas). La mayor\u00eda de las personas comienzan con una p\u00e1gina &#8216;Acerca de&#8217; que les presenta a los potenciales visitantes del sitio. Podr\u00eda decir algo como esto:<\/p>\n\n\n\n<blockquote class=\"wp-block-quote is-layout-flow wp-block-quote-is-layout-flow\"><p>\u00a1Saludos cordiales! Soy mensajero en bicicleta durante el d\u00eda, aspirante a actor por la noche, y este es mi sitio web. Resido en Los \u00c1ngeles, tengo un maravilloso perro llamado Jack, y me agradan las pi\u00f1as coladas. (Y ser sorprendido por la lluvia.)<\/p><\/blockquote>\n\n\n\n<p>&#8230;o algo como esto:<\/p>\n\n\n\n<blockquote class=\"wp-block-quote is-layout-flow wp-block-quote-is-layout-flow\"><p>La Compa\u00f1\u00eda XYZ Doohickey fue fundada en 1971 y desde entonces ha estado proporcionando doohickeys de calidad al p\u00fablico. Ubicada en Ciudad G\u00f3tica, XYZ emplea a m\u00e1s de 2.000 personas y realiza todo tipo de actividades extraordinarias para la comunidad de Gotham.<\/p><\/blockquote>\n\n\n\n<p>Como nuevo usuario de WordPress, deber\u00eda dirigirse a <a href=\"https:\/\/weightlossmedssales.com\/wp-admin\/\">su panel de control<\/a> para eliminar esta p\u00e1gina y crear nuevas p\u00e1ginas para su contenido. \u00a1Que lo disfrute!<\/p>\n","protected":false},"excerpt":{"rendered":"<p>Esta es una p\u00e1gina de ejemplo. Es diferente de una entrada de blog porque permanecer\u00e1 en un lugar fijo y aparecer\u00e1 en la navegaci\u00f3n de su sitio web (en la mayor\u00eda de los temas). La mayor\u00eda de las personas comienzan con una p\u00e1gina &#8216;Acerca de&#8217; que les presenta a los potenciales visitantes del sitio. Podr\u00eda &#8230;<\/p>\n","protected":false},"author":1,"featured_media":0,"parent":0,"menu_order":0,"comment_status":"closed","ping_status":"open","template":"","meta":{"footnotes":""},"class_list":["post-1653","page","type-page","status-publish","hentry"],"yoast_head":"<!-- This site is optimized with the Yoast SEO Premium plugin v23.3 (Yoast SEO v27.4) - https:\/\/yoast.com\/product\/yoast-seo-premium-wordpress\/ -->\n<title>P\u00e1gina de muestra - Family Healthcare Pharmacy<\/title>\n<meta name=\"robots\" content=\"index, follow, max-snippet:-1, max-image-preview:large, max-video-preview:-1\" \/>\n<link rel=\"canonical\" href=\"https:\/\/weightlossmedssales.com\/pagina-de-muestra\/\" \/>\n<meta property=\"og:locale\" content=\"es_ES\" \/>\n<meta property=\"og:type\" content=\"article\" \/>\n<meta property=\"og:title\" content=\"P\u00e1gina de muestra\" \/>\n<meta property=\"og:description\" content=\"Esta es una p\u00e1gina de ejemplo. Es diferente de una entrada de blog porque permanecer\u00e1 en un lugar fijo y aparecer\u00e1 en la navegaci\u00f3n de su sitio web (en la mayor\u00eda de los temas). La mayor\u00eda de las personas comienzan con una p\u00e1gina &#8216;Acerca de&#8217; que les presenta a los potenciales visitantes del sitio. Podr\u00eda ...\" \/>\n<meta property=\"og:url\" content=\"https:\/\/weightlossmedssales.com\/pagina-de-muestra\/\" \/>\n<meta property=\"og:site_name\" content=\"Family Healthcare Pharmacy\" \/>\n<meta name=\"twitter:card\" content=\"summary_large_image\" \/>\n<meta name=\"twitter:label1\" content=\"Tiempo de lectura\" \/>\n\t<meta name=\"twitter:data1\" content=\"1 minuto\" \/>\n<script type=\"application\/ld+json\" class=\"yoast-schema-graph\">{\"@context\":\"https:\\\/\\\/schema.org\",\"@graph\":[{\"@type\":\"WebPage\",\"@id\":\"https:\\\/\\\/weightlossmedssales.com\\\/pagina-de-muestra\\\/\",\"url\":\"https:\\\/\\\/weightlossmedssales.com\\\/pagina-de-muestra\\\/\",\"name\":\"P\u00e1gina de muestra - Family Healthcare Pharmacy\",\"isPartOf\":{\"@id\":\"https:\\\/\\\/weightlossmedssales.com\\\/#website\"},\"datePublished\":\"2022-06-24T03:35:24+00:00\",\"breadcrumb\":{\"@id\":\"https:\\\/\\\/weightlossmedssales.com\\\/pagina-de-muestra\\\/#breadcrumb\"},\"inLanguage\":\"es\",\"potentialAction\":[{\"@type\":\"ReadAction\",\"target\":[\"https:\\\/\\\/weightlossmedssales.com\\\/pagina-de-muestra\\\/\"]}]},{\"@type\":\"BreadcrumbList\",\"@id\":\"https:\\\/\\\/weightlossmedssales.com\\\/pagina-de-muestra\\\/#breadcrumb\",\"itemListElement\":[{\"@type\":\"ListItem\",\"position\":1,\"name\":\"Home\",\"item\":\"https:\\\/\\\/weightlossmedssales.com\\\/es\\\/inicio\\\/\"},{\"@type\":\"ListItem\",\"position\":2,\"name\":\"P\u00e1gina de muestra\"}]},{\"@type\":\"WebSite\",\"@id\":\"https:\\\/\\\/weightlossmedssales.com\\\/#website\",\"url\":\"https:\\\/\\\/weightlossmedssales.com\\\/\",\"name\":\"Family Healthcare Pharmacy\",\"description\":\"Weight Loss Medicines\",\"potentialAction\":[{\"@type\":\"SearchAction\",\"target\":{\"@type\":\"EntryPoint\",\"urlTemplate\":\"https:\\\/\\\/weightlossmedssales.com\\\/?s={search_term_string}\"},\"query-input\":{\"@type\":\"PropertyValueSpecification\",\"valueRequired\":true,\"valueName\":\"search_term_string\"}}],\"inLanguage\":\"es\"}]}<\/script>\n<!-- \/ Yoast SEO Premium plugin. -->","yoast_head_json":{"title":"P\u00e1gina de muestra - Family Healthcare Pharmacy","robots":{"index":"index","follow":"follow","max-snippet":"max-snippet:-1","max-image-preview":"max-image-preview:large","max-video-preview":"max-video-preview:-1"},"canonical":"https:\/\/weightlossmedssales.com\/pagina-de-muestra\/","og_locale":"es_ES","og_type":"article","og_title":"P\u00e1gina de muestra","og_description":"Esta es una p\u00e1gina de ejemplo. Es diferente de una entrada de blog porque permanecer\u00e1 en un lugar fijo y aparecer\u00e1 en la navegaci\u00f3n de su sitio web (en la mayor\u00eda de los temas). La mayor\u00eda de las personas comienzan con una p\u00e1gina &#8216;Acerca de&#8217; que les presenta a los potenciales visitantes del sitio. Podr\u00eda ...","og_url":"https:\/\/weightlossmedssales.com\/pagina-de-muestra\/","og_site_name":"Family Healthcare Pharmacy","twitter_card":"summary_large_image","twitter_misc":{"Tiempo de lectura":"1 minuto"},"schema":{"@context":"https:\/\/schema.org","@graph":[{"@type":"WebPage","@id":"https:\/\/weightlossmedssales.com\/pagina-de-muestra\/","url":"https:\/\/weightlossmedssales.com\/pagina-de-muestra\/","name":"P\u00e1gina de muestra - Family Healthcare Pharmacy","isPartOf":{"@id":"https:\/\/weightlossmedssales.com\/#website"},"datePublished":"2022-06-24T03:35:24+00:00","breadcrumb":{"@id":"https:\/\/weightlossmedssales.com\/pagina-de-muestra\/#breadcrumb"},"inLanguage":"es","potentialAction":[{"@type":"ReadAction","target":["https:\/\/weightlossmedssales.com\/pagina-de-muestra\/"]}]},{"@type":"BreadcrumbList","@id":"https:\/\/weightlossmedssales.com\/pagina-de-muestra\/#breadcrumb","itemListElement":[{"@type":"ListItem","position":1,"name":"Home","item":"https:\/\/weightlossmedssales.com\/es\/inicio\/"},{"@type":"ListItem","position":2,"name":"P\u00e1gina de muestra"}]},{"@type":"WebSite","@id":"https:\/\/weightlossmedssales.com\/#website","url":"https:\/\/weightlossmedssales.com\/","name":"Family Healthcare Pharmacy","description":"Weight Loss Medicines","potentialAction":[{"@type":"SearchAction","target":{"@type":"EntryPoint","urlTemplate":"https:\/\/weightlossmedssales.com\/?s={search_term_string}"},"query-input":{"@type":"PropertyValueSpecification","valueRequired":true,"valueName":"search_term_string"}}],"inLanguage":"es"}]}},"_links":{"self":[{"href":"https:\/\/weightlossmedssales.com\/es\/wp-json\/wp\/v2\/pages\/1653","targetHints":{"allow":["GET"]}}],"collection":[{"href":"https:\/\/weightlossmedssales.com\/es\/wp-json\/wp\/v2\/pages"}],"about":[{"href":"https:\/\/weightlossmedssales.com\/es\/wp-json\/wp\/v2\/types\/page"}],"author":[{"embeddable":true,"href":"https:\/\/weightlossmedssales.com\/es\/wp-json\/wp\/v2\/users\/1"}],"replies":[{"embeddable":true,"href":"https:\/\/weightlossmedssales.com\/es\/wp-json\/wp\/v2\/comments?post=1653"}],"version-history":[{"count":0,"href":"https:\/\/weightlossmedssales.com\/es\/wp-json\/wp\/v2\/pages\/1653\/revisions"}],"wp:attachment":[{"href":"https:\/\/weightlossmedssales.com\/es\/wp-json\/wp\/v2\/media?parent=1653"}],"curies":[{"name":"wp","href":"https:\/\/api.w.org\/{rel}","templated":true}]}}