{"id":1777,"date":"2025-04-18T10:35:14","date_gmt":"2025-04-18T10:35:14","guid":{"rendered":"https:\/\/weightlossmedssales.com\/product\/pildoras-de-suboxone-de-8-mg\/"},"modified":"2025-04-18T10:35:14","modified_gmt":"2025-04-18T10:35:14","slug":"pildoras-de-suboxone-de-8-mg","status":"publish","type":"product","link":"https:\/\/weightlossmedssales.com\/es\/product\/pildoras-de-suboxone-de-8-mg\/","title":{"rendered":"P\u00edldoras de Suboxone de 8 mg"},"content":{"rendered":"<h1>Compre Suboxone en l\u00ednea<\/h1>\n<p>Compre Suboxone en l\u00ednea. En primer lugar, Suboxone es un medicamento recetado que combina Buprenorfina y Naloxona. Se utiliza para tratar la adicci\u00f3n a los opioides. (La hero\u00edna y los analg\u00e9sicos narc\u00f3ticos son drogas opioides comunes.) La Buprenorfina pertenece a una clase de medicamentos llamados agonistas parciales de opioides, que ayudan a aliviar los s\u00edntomas de abstinencia de opi\u00e1ceos. Suboxone no est\u00e1 indicado para su uso como medicamento para el dolor, pero tambi\u00e9n puede ayudar como analg\u00e9sico.     <\/p>\n<div class=\"e_col w4_5\">\n<div id=\"__w2_ZMPbVCk_content\" class=\"row content\">\n<div>\n<div id=\"__w2_GHZ82mh__expanded\" class=\"SimpleToggle QueryResultContents QueryResultTopicWiki Toggle\">\n<div class=\"feed_card\">\n<div id=\"lcKswZ\">\n<div id=\"__w2_l8gVR6y_expanded\" class=\"ExpandedQText ExpandedTopicWiki\"><span class=\"rendered_qtext\"><span class=\"matched_term\">Suboxone<\/span>, que es fabricado por <strong>Reckitt Benckiser<\/strong>, y se utiliza principalmente para tratar la adicci\u00f3n a los opioides (en dosis m\u00e1s altas) y para controlar el dolor cr\u00f3nico moderado (en dosis m\u00e1s peque\u00f1as). <span class=\"matched_term\">Suboxone<\/span> contiene buprenorfina, as\u00ed como el antagonista opioide naloxona, que disuade la inyecci\u00f3n intravenosa. La proporci\u00f3n estimada de buprenorfina a naloxona en <span class=\"matched_term\">Suboxone<\/span> es de 4:1. Subutex, sin embargo, contiene solo buprenorfina a diferencia de su contraparte <span class=\"matched_term\">Suboxone<\/span>.  <\/span><\/div>\n<\/div>\n<\/div>\n<\/div>\n<\/div>\n<\/div>\n<\/div>\n<h3>M\u00e1s informaci\u00f3n sobre Suboxone<\/h3>\n<p>Algunos medicamentos pueden interactuar con la buprenorfina y la naloxona y causar una condici\u00f3n grave llamada s\u00edndrome serotonin\u00e9rgico. Aseg\u00farese de que su m\u00e9dico sepa si tambi\u00e9n toma medicamentos para la depresi\u00f3n, enfermedades mentales, enfermedad de Parkinson, dolores de cabeza por migra\u00f1a, infecciones graves o prevenci\u00f3n de n\u00e1useas y v\u00f3mitos. Consulte a su m\u00e9dico antes de realizar cualquier cambio en c\u00f3mo o cu\u00e1ndo toma sus medicamentos. <a href=\"http:\/\/suboxoneproducts.com\/product\/buy-suboxone-online\/\">Compre Suboxone<\/a> en l\u00ednea.  <\/p>\n","protected":false},"excerpt":{"rendered":"<p><strong>Nombre del medicamento: <a href=\"https:\/\/www.drugs.com\/search.php?searchterm=Suboxone&amp;referer=pillid\">Suboxone<\/a><\/strong><br \/>\n<strong>Concentraci\u00f3n: 8 mg \/ 2 mg<\/strong><br \/>\n<strong>Impresi\u00f3n de la pastilla: <a href=\"https:\/\/www.drugs.com\/imprints\/n8-logo-10811.html\">N8<\/a><\/strong><br \/>\n<strong>Color: Naranja<\/strong><br \/>\n<strong>Forma: Hexagonal<\/strong><br \/>\n<strong>Pedido m\u00ednimo: 100 pastillas. No se requiere prescripci\u00f3n. <\/strong><\/p>\n","protected":false},"featured_media":1467,"menu_order":0,"comment_status":"open","ping_status":"closed","template":"","meta":[],"product_brand":[],"product_cat":[181],"product_tag":[182],"class_list":{"0":"post-1777","1":"product","2":"type-product","3":"status-publish","4":"has-post-thumbnail","6":"product_cat-productos-suboxone","7":"product_tag-suboxone-8-mg-es","9":"first","10":"instock","11":"shipping-taxable","12":"purchasable","13":"product-type-simple"},"yoast_head":"<!-- This site is optimized with the Yoast SEO Premium plugin v23.3 (Yoast SEO v26.4) - https:\/\/yoast.com\/wordpress\/plugins\/seo\/ -->\n<title>Compre Suboxone en l\u00ednea - Solicite pastillas de Suboxone en l\u00ednea sin prescripci\u00f3n<\/title>\n<meta name=\"description\" content=\"Compre Suboxone en l\u00ednea. Visite nuestro sitio web ahora para solicitar Suboxone de manera segura sin prescripci\u00f3n y rec\u00edbalo con entrega nocturna.\" \/>\n<meta name=\"robots\" content=\"index, follow, max-snippet:-1, max-image-preview:large, max-video-preview:-1\" \/>\n<link rel=\"canonical\" href=\"https:\/\/weightlossmedssales.com\/es\/product\/pildoras-de-suboxone-de-8-mg\/\" \/>\n<meta property=\"og:locale\" content=\"es_ES\" \/>\n<meta property=\"og:type\" content=\"article\" \/>\n<meta property=\"og:title\" content=\"P\u00edldoras de Suboxone de 8 mg\" \/>\n<meta property=\"og:description\" content=\"Compre Suboxone en l\u00ednea. Visite nuestro sitio web ahora para solicitar Suboxone de manera segura sin prescripci\u00f3n y rec\u00edbalo con entrega nocturna.\" \/>\n<meta property=\"og:url\" content=\"https:\/\/weightlossmedssales.com\/es\/product\/pildoras-de-suboxone-de-8-mg\/\" \/>\n<meta property=\"og:site_name\" content=\"Family Healthcare Pharmacy\" \/>\n<meta property=\"og:image\" content=\"https:\/\/weightlossmedssales.com\/wp-content\/uploads\/2025\/04\/8-mg-pill.jpg\" \/>\n\t<meta property=\"og:image:width\" content=\"300\" \/>\n\t<meta property=\"og:image:height\" content=\"300\" \/>\n\t<meta property=\"og:image:type\" content=\"image\/jpeg\" \/>\n<meta name=\"twitter:card\" content=\"summary_large_image\" \/>\n<meta name=\"twitter:label1\" content=\"Precio\" \/>\n\t<meta name=\"twitter:data1\" content=\"&#036;2.00\" \/>\n\t<meta name=\"twitter:label2\" content=\"Disponibilidad\" \/>\n\t<meta name=\"twitter:data2\" content=\"Disponible\" \/>\n<script type=\"application\/ld+json\" class=\"yoast-schema-graph\">{\"@context\":\"https:\/\/schema.org\",\"@graph\":[{\"@type\":\"WebPage\",\"@id\":\"https:\/\/weightlossmedssales.com\/es\/product\/pildoras-de-suboxone-de-8-mg\/\",\"url\":\"https:\/\/weightlossmedssales.com\/es\/product\/pildoras-de-suboxone-de-8-mg\/\",\"name\":\"Compre Suboxone en l\u00ednea - Solicite pastillas de Suboxone en l\u00ednea sin prescripci\u00f3n\",\"isPartOf\":{\"@id\":\"https:\/\/weightlossmedssales.com\/#website\"},\"primaryImageOfPage\":{\"@id\":\"https:\/\/weightlossmedssales.com\/es\/product\/pildoras-de-suboxone-de-8-mg\/#primaryimage\"},\"image\":{\"@id\":\"https:\/\/weightlossmedssales.com\/es\/product\/pildoras-de-suboxone-de-8-mg\/#primaryimage\"},\"thumbnailUrl\":\"https:\/\/weightlossmedssales.com\/wp-content\/uploads\/2025\/04\/8-mg-pill.jpg\",\"datePublished\":\"2025-04-18T10:35:14+00:00\",\"description\":\"Compre Suboxone en l\u00ednea. Visite nuestro sitio web ahora para solicitar Suboxone de manera segura sin prescripci\u00f3n y rec\u00edbalo con entrega nocturna.\",\"breadcrumb\":{\"@id\":\"https:\/\/weightlossmedssales.com\/es\/product\/pildoras-de-suboxone-de-8-mg\/#breadcrumb\"},\"inLanguage\":\"es\",\"potentialAction\":[{\"@type\":\"ReadAction\",\"target\":[\"https:\/\/weightlossmedssales.com\/es\/product\/pildoras-de-suboxone-de-8-mg\/\"]}]},{\"@type\":\"ImageObject\",\"inLanguage\":\"es\",\"@id\":\"https:\/\/weightlossmedssales.com\/es\/product\/pildoras-de-suboxone-de-8-mg\/#primaryimage\",\"url\":\"https:\/\/weightlossmedssales.com\/wp-content\/uploads\/2025\/04\/8-mg-pill.jpg\",\"contentUrl\":\"https:\/\/weightlossmedssales.com\/wp-content\/uploads\/2025\/04\/8-mg-pill.jpg\",\"width\":300,\"height\":300},{\"@type\":\"BreadcrumbList\",\"@id\":\"https:\/\/weightlossmedssales.com\/es\/product\/pildoras-de-suboxone-de-8-mg\/#breadcrumb\",\"itemListElement\":[{\"@type\":\"ListItem\",\"position\":1,\"name\":\"Home\",\"item\":\"https:\/\/weightlossmedssales.com\/es\/inicio\/\"},{\"@type\":\"ListItem\",\"position\":2,\"name\":\"Shop\",\"item\":\"https:\/\/weightlossmedssales.com\/shop\/\"},{\"@type\":\"ListItem\",\"position\":3,\"name\":\"P\u00edldoras de Suboxone de 8 mg\"}]},{\"@type\":\"WebSite\",\"@id\":\"https:\/\/weightlossmedssales.com\/#website\",\"url\":\"https:\/\/weightlossmedssales.com\/\",\"name\":\"Family Healthcare Pharmacy\",\"description\":\"Weight Loss Medicines\",\"potentialAction\":[{\"@type\":\"SearchAction\",\"target\":{\"@type\":\"EntryPoint\",\"urlTemplate\":\"https:\/\/weightlossmedssales.com\/?s={search_term_string}\"},\"query-input\":{\"@type\":\"PropertyValueSpecification\",\"valueRequired\":true,\"valueName\":\"search_term_string\"}}],\"inLanguage\":\"es\"}]}<\/script>\n<meta property=\"product:price:amount\" content=\"2.00\" \/>\n<meta property=\"product:price:currency\" content=\"USD\" \/>\n<meta property=\"og:availability\" content=\"instock\" \/>\n<meta property=\"product:availability\" content=\"instock\" \/>\n<meta property=\"product:retailer_item_id\" content=\"SU15738\" \/>\n<meta property=\"product:condition\" content=\"new\" \/>\n<!-- \/ Yoast SEO Premium plugin. -->","yoast_head_json":{"title":"Compre Suboxone en l\u00ednea - Solicite pastillas de Suboxone en l\u00ednea sin prescripci\u00f3n","description":"Compre Suboxone en l\u00ednea. Visite nuestro sitio web ahora para solicitar Suboxone de manera segura sin prescripci\u00f3n y rec\u00edbalo con entrega nocturna.","robots":{"index":"index","follow":"follow","max-snippet":"max-snippet:-1","max-image-preview":"max-image-preview:large","max-video-preview":"max-video-preview:-1"},"canonical":"https:\/\/weightlossmedssales.com\/es\/product\/pildoras-de-suboxone-de-8-mg\/","og_locale":"es_ES","og_type":"article","og_title":"P\u00edldoras de Suboxone de 8 mg","og_description":"Compre Suboxone en l\u00ednea. Visite nuestro sitio web ahora para solicitar Suboxone de manera segura sin prescripci\u00f3n y rec\u00edbalo con entrega nocturna.","og_url":"https:\/\/weightlossmedssales.com\/es\/product\/pildoras-de-suboxone-de-8-mg\/","og_site_name":"Family Healthcare Pharmacy","og_image":[{"width":300,"height":300,"url":"https:\/\/weightlossmedssales.com\/wp-content\/uploads\/2025\/04\/8-mg-pill.jpg","type":"image\/jpeg"}],"twitter_card":"summary_large_image","twitter_misc":{"Precio":"&#36;2.00","Disponibilidad":"Disponible"},"schema":{"@context":"https:\/\/schema.org","@graph":[{"@type":"WebPage","@id":"https:\/\/weightlossmedssales.com\/es\/product\/pildoras-de-suboxone-de-8-mg\/","url":"https:\/\/weightlossmedssales.com\/es\/product\/pildoras-de-suboxone-de-8-mg\/","name":"Compre Suboxone en l\u00ednea - Solicite pastillas de Suboxone en l\u00ednea sin prescripci\u00f3n","isPartOf":{"@id":"https:\/\/weightlossmedssales.com\/#website"},"primaryImageOfPage":{"@id":"https:\/\/weightlossmedssales.com\/es\/product\/pildoras-de-suboxone-de-8-mg\/#primaryimage"},"image":{"@id":"https:\/\/weightlossmedssales.com\/es\/product\/pildoras-de-suboxone-de-8-mg\/#primaryimage"},"thumbnailUrl":"https:\/\/weightlossmedssales.com\/wp-content\/uploads\/2025\/04\/8-mg-pill.jpg","datePublished":"2025-04-18T10:35:14+00:00","description":"Compre Suboxone en l\u00ednea. Visite nuestro sitio web ahora para solicitar Suboxone de manera segura sin prescripci\u00f3n y rec\u00edbalo con entrega nocturna.","breadcrumb":{"@id":"https:\/\/weightlossmedssales.com\/es\/product\/pildoras-de-suboxone-de-8-mg\/#breadcrumb"},"inLanguage":"es","potentialAction":[{"@type":"ReadAction","target":["https:\/\/weightlossmedssales.com\/es\/product\/pildoras-de-suboxone-de-8-mg\/"]}]},{"@type":"ImageObject","inLanguage":"es","@id":"https:\/\/weightlossmedssales.com\/es\/product\/pildoras-de-suboxone-de-8-mg\/#primaryimage","url":"https:\/\/weightlossmedssales.com\/wp-content\/uploads\/2025\/04\/8-mg-pill.jpg","contentUrl":"https:\/\/weightlossmedssales.com\/wp-content\/uploads\/2025\/04\/8-mg-pill.jpg","width":300,"height":300},{"@type":"BreadcrumbList","@id":"https:\/\/weightlossmedssales.com\/es\/product\/pildoras-de-suboxone-de-8-mg\/#breadcrumb","itemListElement":[{"@type":"ListItem","position":1,"name":"Home","item":"https:\/\/weightlossmedssales.com\/es\/inicio\/"},{"@type":"ListItem","position":2,"name":"Shop","item":"https:\/\/weightlossmedssales.com\/shop\/"},{"@type":"ListItem","position":3,"name":"P\u00edldoras de Suboxone de 8 mg"}]},{"@type":"WebSite","@id":"https:\/\/weightlossmedssales.com\/#website","url":"https:\/\/weightlossmedssales.com\/","name":"Family Healthcare Pharmacy","description":"Weight Loss Medicines","potentialAction":[{"@type":"SearchAction","target":{"@type":"EntryPoint","urlTemplate":"https:\/\/weightlossmedssales.com\/?s={search_term_string}"},"query-input":{"@type":"PropertyValueSpecification","valueRequired":true,"valueName":"search_term_string"}}],"inLanguage":"es"}]},"product_price_amount":"2.00","product_price_currency":"USD","og_availability":"instock","product_availability":"instock","product_retailer_item_id":"SU15738","product_condition":"new"},"_links":{"self":[{"href":"https:\/\/weightlossmedssales.com\/es\/wp-json\/wp\/v2\/product\/1777","targetHints":{"allow":["GET"]}}],"collection":[{"href":"https:\/\/weightlossmedssales.com\/es\/wp-json\/wp\/v2\/product"}],"about":[{"href":"https:\/\/weightlossmedssales.com\/es\/wp-json\/wp\/v2\/types\/product"}],"replies":[{"embeddable":true,"href":"https:\/\/weightlossmedssales.com\/es\/wp-json\/wp\/v2\/comments?post=1777"}],"version-history":[{"count":0,"href":"https:\/\/weightlossmedssales.com\/es\/wp-json\/wp\/v2\/product\/1777\/revisions"}],"wp:featuredmedia":[{"embeddable":true,"href":"https:\/\/weightlossmedssales.com\/es\/wp-json\/wp\/v2\/media\/1467"}],"wp:attachment":[{"href":"https:\/\/weightlossmedssales.com\/es\/wp-json\/wp\/v2\/media?parent=1777"}],"wp:term":[{"taxonomy":"product_brand","embeddable":true,"href":"https:\/\/weightlossmedssales.com\/es\/wp-json\/wp\/v2\/product_brand?post=1777"},{"taxonomy":"product_cat","embeddable":true,"href":"https:\/\/weightlossmedssales.com\/es\/wp-json\/wp\/v2\/product_cat?post=1777"},{"taxonomy":"product_tag","embeddable":true,"href":"https:\/\/weightlossmedssales.com\/es\/wp-json\/wp\/v2\/product_tag?post=1777"}],"curies":[{"name":"wp","href":"https:\/\/api.w.org\/{rel}","templated":true}]}}