{"id":1779,"date":"2025-04-18T10:35:14","date_gmt":"2025-04-18T10:35:14","guid":{"rendered":"https:\/\/weightlossmedssales.com\/product\/tiras-de-suboxone-12mg-3mg\/"},"modified":"2025-04-18T10:35:14","modified_gmt":"2025-04-18T10:35:14","slug":"tiras-de-suboxone-12mg-3mg","status":"publish","type":"product","link":"https:\/\/weightlossmedssales.com\/es\/product\/tiras-de-suboxone-12mg-3mg\/","title":{"rendered":"Tiras de Suboxone 12mg\/3mg"},"content":{"rendered":"<h2>Compre tiras de Suboxone de 12 mg<\/h2>\n<p>Puede solicitar tiras de Subodone de 12 mg en l\u00ednea a trav\u00e9s de nosotros sin prescripci\u00f3n m\u00e9dica. Env\u00edo discreto durante la noche. Producto original. Ofrecemos reembolsos completos en caso de fallo en la entrega.   <\/p>\n<p>Suboxone (buprenorfina\/naloxona) es un medicamento utilizado para tratar la adicci\u00f3n a narc\u00f3ticos y opioides. Nunca debe compartirse con otra persona. Debido a que muchos pacientes han expresado preocupaci\u00f3n sobre el sabor de la tableta y el tiempo que tarda en disolverse, ahora est\u00e1 disponible en otra forma como <a href=\"http:\/\/suboxoneproducts.com\/product\/buy-suboxone-strips-online\/\">Pel\u00edcula de Suboxone<\/a>.  <\/p>\n<h2>Tiras y pel\u00edcula de Suboxone<\/h2>\n<p>Tanto la pel\u00edcula como la tableta tienen el mismo prop\u00f3sito, que es tratar la adicci\u00f3n a opi\u00e1ceos. Sin embargo, muchas personas prefieren la variante en pel\u00edcula porque se disuelve m\u00e1s r\u00e1pidamente en comparaci\u00f3n con la tableta, y su sabor es m\u00e1s agradable. Almacene cada pel\u00edcula en pr\u00e1cticos sobres que puede llevar f\u00e1cilmente. Aunque el medicamento ha sido sometido a varias pruebas, es esencial que informe a su m\u00e9dico antes de obtener una prescripci\u00f3n. Si padece alguna enfermedad renal o hep\u00e1tica, o tiene un agrandamiento de la pr\u00f3stata, enfermedad de la ves\u00edcula biliar o una tiroides hipoactiva, ya que podr\u00eda causar problemas. Compre tiras de Suboxone de 12 mg.     <\/p>\n","protected":false},"excerpt":{"rendered":"<p><strong>Producto: Tiras de Suboxone<\/strong><cx id=\"gid_1\"><\/cx><strong>Concentraci\u00f3n: 12 mg \/ 3 mg<\/strong><cx id=\"gid_3\"><\/cx><strong>Cantidad m\u00ednima de pedido: 90 tiras<\/strong><cx id=\"gid_5\"><\/cx><strong>Pedido sin prescripci\u00f3n m\u00e9dica<\/strong><\/p>\n","protected":false},"featured_media":1476,"menu_order":0,"comment_status":"open","ping_status":"closed","template":"","meta":[],"product_brand":[],"product_cat":[181],"product_tag":[],"class_list":{"0":"post-1779","1":"product","2":"type-product","3":"status-publish","4":"has-post-thumbnail","6":"product_cat-productos-suboxone","8":"first","9":"instock","10":"shipping-taxable","11":"purchasable","12":"product-type-simple"},"yoast_head":"<!-- This site is optimized with the Yoast SEO Premium plugin v23.3 (Yoast SEO v26.4) - https:\/\/yoast.com\/wordpress\/plugins\/seo\/ -->\n<title>Compre tiras de Suboxone de 12 mg en l\u00ednea - Pel\u00edcula de Suboxone de 12 mg disponible.<\/title>\n<meta name=\"description\" content=\"Adquiera tiras de Suboxone de 12 mg en l\u00ednea a un precio muy asequible. No se requiere prescripci\u00f3n m\u00e9dica. Compre Suboxone de 12 mg en Australia, Estados Unidos y Canad\u00e1 en l\u00ednea.\" \/>\n<meta name=\"robots\" content=\"index, follow, max-snippet:-1, max-image-preview:large, max-video-preview:-1\" \/>\n<link rel=\"canonical\" href=\"https:\/\/weightlossmedssales.com\/es\/product\/tiras-de-suboxone-12mg-3mg\/\" \/>\n<meta property=\"og:locale\" content=\"es_ES\" \/>\n<meta property=\"og:type\" content=\"article\" \/>\n<meta property=\"og:title\" content=\"Tiras de Suboxone 12mg\/3mg\" \/>\n<meta property=\"og:description\" content=\"Adquiera tiras de Suboxone de 12 mg en l\u00ednea a un precio muy asequible. No se requiere prescripci\u00f3n m\u00e9dica. Compre Suboxone de 12 mg en Australia, Estados Unidos y Canad\u00e1 en l\u00ednea.\" \/>\n<meta property=\"og:url\" content=\"https:\/\/weightlossmedssales.com\/es\/product\/tiras-de-suboxone-12mg-3mg\/\" \/>\n<meta property=\"og:site_name\" content=\"Family Healthcare Pharmacy\" \/>\n<meta property=\"og:image\" content=\"https:\/\/weightlossmedssales.com\/wp-content\/uploads\/2025\/04\/subuxone-300x300-1.jpg\" \/>\n\t<meta property=\"og:image:width\" content=\"300\" \/>\n\t<meta property=\"og:image:height\" content=\"300\" \/>\n\t<meta property=\"og:image:type\" content=\"image\/jpeg\" \/>\n<meta name=\"twitter:card\" content=\"summary_large_image\" \/>\n<meta name=\"twitter:label1\" content=\"Precio\" \/>\n\t<meta name=\"twitter:data1\" content=\"&#036;2.50\" \/>\n\t<meta name=\"twitter:label2\" content=\"Disponibilidad\" \/>\n\t<meta name=\"twitter:data2\" content=\"Disponible\" \/>\n<script type=\"application\/ld+json\" class=\"yoast-schema-graph\">{\"@context\":\"https:\/\/schema.org\",\"@graph\":[{\"@type\":\"WebPage\",\"@id\":\"https:\/\/weightlossmedssales.com\/es\/product\/tiras-de-suboxone-12mg-3mg\/\",\"url\":\"https:\/\/weightlossmedssales.com\/es\/product\/tiras-de-suboxone-12mg-3mg\/\",\"name\":\"Compre tiras de Suboxone de 12 mg en l\u00ednea - Pel\u00edcula de Suboxone de 12 mg disponible.\",\"isPartOf\":{\"@id\":\"https:\/\/weightlossmedssales.com\/#website\"},\"primaryImageOfPage\":{\"@id\":\"https:\/\/weightlossmedssales.com\/es\/product\/tiras-de-suboxone-12mg-3mg\/#primaryimage\"},\"image\":{\"@id\":\"https:\/\/weightlossmedssales.com\/es\/product\/tiras-de-suboxone-12mg-3mg\/#primaryimage\"},\"thumbnailUrl\":\"https:\/\/weightlossmedssales.com\/wp-content\/uploads\/2025\/04\/subuxone-300x300-1.jpg\",\"datePublished\":\"2025-04-18T10:35:14+00:00\",\"description\":\"Adquiera tiras de Suboxone de 12 mg en l\u00ednea a un precio muy asequible. No se requiere prescripci\u00f3n m\u00e9dica. Compre Suboxone de 12 mg en Australia, Estados Unidos y Canad\u00e1 en l\u00ednea.\",\"breadcrumb\":{\"@id\":\"https:\/\/weightlossmedssales.com\/es\/product\/tiras-de-suboxone-12mg-3mg\/#breadcrumb\"},\"inLanguage\":\"es\",\"potentialAction\":[{\"@type\":\"ReadAction\",\"target\":[\"https:\/\/weightlossmedssales.com\/es\/product\/tiras-de-suboxone-12mg-3mg\/\"]}]},{\"@type\":\"ImageObject\",\"inLanguage\":\"es\",\"@id\":\"https:\/\/weightlossmedssales.com\/es\/product\/tiras-de-suboxone-12mg-3mg\/#primaryimage\",\"url\":\"https:\/\/weightlossmedssales.com\/wp-content\/uploads\/2025\/04\/subuxone-300x300-1.jpg\",\"contentUrl\":\"https:\/\/weightlossmedssales.com\/wp-content\/uploads\/2025\/04\/subuxone-300x300-1.jpg\",\"width\":300,\"height\":300},{\"@type\":\"BreadcrumbList\",\"@id\":\"https:\/\/weightlossmedssales.com\/es\/product\/tiras-de-suboxone-12mg-3mg\/#breadcrumb\",\"itemListElement\":[{\"@type\":\"ListItem\",\"position\":1,\"name\":\"Home\",\"item\":\"https:\/\/weightlossmedssales.com\/es\/inicio\/\"},{\"@type\":\"ListItem\",\"position\":2,\"name\":\"Shop\",\"item\":\"https:\/\/weightlossmedssales.com\/shop\/\"},{\"@type\":\"ListItem\",\"position\":3,\"name\":\"Tiras de Suboxone 12mg\/3mg\"}]},{\"@type\":\"WebSite\",\"@id\":\"https:\/\/weightlossmedssales.com\/#website\",\"url\":\"https:\/\/weightlossmedssales.com\/\",\"name\":\"Family Healthcare Pharmacy\",\"description\":\"Weight Loss Medicines\",\"potentialAction\":[{\"@type\":\"SearchAction\",\"target\":{\"@type\":\"EntryPoint\",\"urlTemplate\":\"https:\/\/weightlossmedssales.com\/?s={search_term_string}\"},\"query-input\":{\"@type\":\"PropertyValueSpecification\",\"valueRequired\":true,\"valueName\":\"search_term_string\"}}],\"inLanguage\":\"es\"}]}<\/script>\n<meta property=\"product:price:amount\" content=\"2.50\" \/>\n<meta property=\"product:price:currency\" content=\"USD\" \/>\n<meta property=\"og:availability\" content=\"instock\" \/>\n<meta property=\"product:availability\" content=\"instock\" \/>\n<meta property=\"product:retailer_item_id\" content=\"SU72587\" \/>\n<meta property=\"product:condition\" content=\"new\" \/>\n<!-- \/ Yoast SEO Premium plugin. -->","yoast_head_json":{"title":"Compre tiras de Suboxone de 12 mg en l\u00ednea - Pel\u00edcula de Suboxone de 12 mg disponible.","description":"Adquiera tiras de Suboxone de 12 mg en l\u00ednea a un precio muy asequible. No se requiere prescripci\u00f3n m\u00e9dica. Compre Suboxone de 12 mg en Australia, Estados Unidos y Canad\u00e1 en l\u00ednea.","robots":{"index":"index","follow":"follow","max-snippet":"max-snippet:-1","max-image-preview":"max-image-preview:large","max-video-preview":"max-video-preview:-1"},"canonical":"https:\/\/weightlossmedssales.com\/es\/product\/tiras-de-suboxone-12mg-3mg\/","og_locale":"es_ES","og_type":"article","og_title":"Tiras de Suboxone 12mg\/3mg","og_description":"Adquiera tiras de Suboxone de 12 mg en l\u00ednea a un precio muy asequible. No se requiere prescripci\u00f3n m\u00e9dica. Compre Suboxone de 12 mg en Australia, Estados Unidos y Canad\u00e1 en l\u00ednea.","og_url":"https:\/\/weightlossmedssales.com\/es\/product\/tiras-de-suboxone-12mg-3mg\/","og_site_name":"Family Healthcare Pharmacy","og_image":[{"width":300,"height":300,"url":"https:\/\/weightlossmedssales.com\/wp-content\/uploads\/2025\/04\/subuxone-300x300-1.jpg","type":"image\/jpeg"}],"twitter_card":"summary_large_image","twitter_misc":{"Precio":"&#36;2.50","Disponibilidad":"Disponible"},"schema":{"@context":"https:\/\/schema.org","@graph":[{"@type":"WebPage","@id":"https:\/\/weightlossmedssales.com\/es\/product\/tiras-de-suboxone-12mg-3mg\/","url":"https:\/\/weightlossmedssales.com\/es\/product\/tiras-de-suboxone-12mg-3mg\/","name":"Compre tiras de Suboxone de 12 mg en l\u00ednea - Pel\u00edcula de Suboxone de 12 mg disponible.","isPartOf":{"@id":"https:\/\/weightlossmedssales.com\/#website"},"primaryImageOfPage":{"@id":"https:\/\/weightlossmedssales.com\/es\/product\/tiras-de-suboxone-12mg-3mg\/#primaryimage"},"image":{"@id":"https:\/\/weightlossmedssales.com\/es\/product\/tiras-de-suboxone-12mg-3mg\/#primaryimage"},"thumbnailUrl":"https:\/\/weightlossmedssales.com\/wp-content\/uploads\/2025\/04\/subuxone-300x300-1.jpg","datePublished":"2025-04-18T10:35:14+00:00","description":"Adquiera tiras de Suboxone de 12 mg en l\u00ednea a un precio muy asequible. No se requiere prescripci\u00f3n m\u00e9dica. Compre Suboxone de 12 mg en Australia, Estados Unidos y Canad\u00e1 en l\u00ednea.","breadcrumb":{"@id":"https:\/\/weightlossmedssales.com\/es\/product\/tiras-de-suboxone-12mg-3mg\/#breadcrumb"},"inLanguage":"es","potentialAction":[{"@type":"ReadAction","target":["https:\/\/weightlossmedssales.com\/es\/product\/tiras-de-suboxone-12mg-3mg\/"]}]},{"@type":"ImageObject","inLanguage":"es","@id":"https:\/\/weightlossmedssales.com\/es\/product\/tiras-de-suboxone-12mg-3mg\/#primaryimage","url":"https:\/\/weightlossmedssales.com\/wp-content\/uploads\/2025\/04\/subuxone-300x300-1.jpg","contentUrl":"https:\/\/weightlossmedssales.com\/wp-content\/uploads\/2025\/04\/subuxone-300x300-1.jpg","width":300,"height":300},{"@type":"BreadcrumbList","@id":"https:\/\/weightlossmedssales.com\/es\/product\/tiras-de-suboxone-12mg-3mg\/#breadcrumb","itemListElement":[{"@type":"ListItem","position":1,"name":"Home","item":"https:\/\/weightlossmedssales.com\/es\/inicio\/"},{"@type":"ListItem","position":2,"name":"Shop","item":"https:\/\/weightlossmedssales.com\/shop\/"},{"@type":"ListItem","position":3,"name":"Tiras de Suboxone 12mg\/3mg"}]},{"@type":"WebSite","@id":"https:\/\/weightlossmedssales.com\/#website","url":"https:\/\/weightlossmedssales.com\/","name":"Family Healthcare Pharmacy","description":"Weight Loss Medicines","potentialAction":[{"@type":"SearchAction","target":{"@type":"EntryPoint","urlTemplate":"https:\/\/weightlossmedssales.com\/?s={search_term_string}"},"query-input":{"@type":"PropertyValueSpecification","valueRequired":true,"valueName":"search_term_string"}}],"inLanguage":"es"}]},"product_price_amount":"2.50","product_price_currency":"USD","og_availability":"instock","product_availability":"instock","product_retailer_item_id":"SU72587","product_condition":"new"},"_links":{"self":[{"href":"https:\/\/weightlossmedssales.com\/es\/wp-json\/wp\/v2\/product\/1779","targetHints":{"allow":["GET"]}}],"collection":[{"href":"https:\/\/weightlossmedssales.com\/es\/wp-json\/wp\/v2\/product"}],"about":[{"href":"https:\/\/weightlossmedssales.com\/es\/wp-json\/wp\/v2\/types\/product"}],"replies":[{"embeddable":true,"href":"https:\/\/weightlossmedssales.com\/es\/wp-json\/wp\/v2\/comments?post=1779"}],"version-history":[{"count":0,"href":"https:\/\/weightlossmedssales.com\/es\/wp-json\/wp\/v2\/product\/1779\/revisions"}],"wp:featuredmedia":[{"embeddable":true,"href":"https:\/\/weightlossmedssales.com\/es\/wp-json\/wp\/v2\/media\/1476"}],"wp:attachment":[{"href":"https:\/\/weightlossmedssales.com\/es\/wp-json\/wp\/v2\/media?parent=1779"}],"wp:term":[{"taxonomy":"product_brand","embeddable":true,"href":"https:\/\/weightlossmedssales.com\/es\/wp-json\/wp\/v2\/product_brand?post=1779"},{"taxonomy":"product_cat","embeddable":true,"href":"https:\/\/weightlossmedssales.com\/es\/wp-json\/wp\/v2\/product_cat?post=1779"},{"taxonomy":"product_tag","embeddable":true,"href":"https:\/\/weightlossmedssales.com\/es\/wp-json\/wp\/v2\/product_tag?post=1779"}],"curies":[{"name":"wp","href":"https:\/\/api.w.org\/{rel}","templated":true}]}}