{"id":1781,"date":"2025-04-18T10:35:14","date_gmt":"2025-04-18T10:35:14","guid":{"rendered":"https:\/\/weightlossmedssales.com\/product\/metadona-10-mg\/"},"modified":"2025-04-18T10:35:14","modified_gmt":"2025-04-18T10:35:14","slug":"metadona-10-mg","status":"publish","type":"product","link":"https:\/\/weightlossmedssales.com\/es\/product\/metadona-10-mg\/","title":{"rendered":"Metadona 10 mg"},"content":{"rendered":"<h1>Comprar Metadona en l\u00ednea<\/h1>\n<p><b>Metadona<\/b> es un opioide sint\u00e9tico utilizado principalmente en la desintoxicaci\u00f3n y mantenimiento de pacientes dependientes de opi\u00e1ceos\u2014particularmente hero\u00edna\u2014y el tratamiento de pacientes con dolor cr\u00f3nico y severo.<\/p>\n<p>Metadona es un medicamento opioide. Un opioide a veces se denomina narc\u00f3tico. <\/p>\n<p>Metadona reduce los s\u00edntomas de abstinencia en personas adictas a la hero\u00edna u otras drogas narc\u00f3ticas sin causar la \u00abeuforia\u00bb asociada con la adicci\u00f3n a las drogas.<\/p>\n<p>Metadona se utiliza como analg\u00e9sico y como parte de programas de desintoxicaci\u00f3n y mantenimiento de adicci\u00f3n a drogas. Est\u00e1 disponible \u00fanicamente en farmacias certificadas. <\/p>\n<h2>Informaci\u00f3n importante<\/h2>\n<p>No debe utilizar metadona si padece asma grave o problemas respiratorios, o una obstrucci\u00f3n en el est\u00f3mago o intestinos.<\/p>\n<p><b>EL USO INDEBIDO DE METADONA PUEDE CAUSAR ADICCI\u00d3N, SOBREDOSIS O MUERTE<\/b>, especialmente en un ni\u00f1o u otra persona que utilice el medicamento sin prescripci\u00f3n. Mantenga el medicamento en un lugar donde otros no puedan acceder a \u00e9l. <\/p>\n<p><b>Tomar medicamentos opioides durante el embarazo puede causar s\u00edntomas de abstinencia potencialmente mortales en el reci\u00e9n nacido.<\/b><\/p>\n<p><b>Pueden ocurrir efectos secundarios fatales si utiliza medicamentos opioides con alcohol o con otros f\u00e1rmacos que causen somnolencia o ralenticen su respiraci\u00f3n.<\/b><\/p>\n<p>Metadona puede causar un trastorno del ritmo card\u00edaco potencialmente mortal. Llame a su m\u00e9dico inmediatamente si experimenta <a href=\"https:\/\/www.drugs.com\/cg\/acute-headache.html\" data-ga-category=\"Content Link\" data-ga-action=\"headache\">dolor de cabeza<\/a> con dolor en el pecho y <a href=\"https:\/\/www.drugs.com\/cg\/vertigo.html\" data-ga-category=\"Content Link\" data-ga-action=\"dizziness\">mareos<\/a> severos, y latidos card\u00edacos r\u00e1pidos o fuertes. Es posible que sea necesario evaluar su funci\u00f3n card\u00edaca durante el tratamiento.  <\/p>\n","protected":false},"excerpt":{"rendered":"<p><strong>Metadona 10 MG<\/strong><cx id=\"gid_1\"><\/cx><cx id=\"gid_2\"><\/cx>Impresi\u00f3n: 54 142<cx id=\"gid_3\"><\/cx>Concentraci\u00f3n: 10 mg<cx id=\"gid_4\"><\/cx>Color: Blanco<cx id=\"gid_5\"><\/cx>Forma: Redonda<\/p>\n","protected":false},"featured_media":1485,"menu_order":0,"comment_status":"open","ping_status":"closed","template":"","meta":[],"product_brand":[],"product_cat":[175],"product_tag":[],"class_list":{"0":"post-1781","1":"product","2":"type-product","3":"status-publish","4":"has-post-thumbnail","6":"product_cat-sin-categorizar-es","8":"first","9":"instock","10":"shipping-taxable","11":"purchasable","12":"product-type-simple"},"yoast_head":"<!-- This site is optimized with the Yoast SEO Premium plugin v23.3 (Yoast SEO v26.4) - https:\/\/yoast.com\/wordpress\/plugins\/seo\/ -->\n<title>Comprar Metadona en l\u00ednea - P\u00edldoras de Metadona de 10 mg a la venta<\/title>\n<meta name=\"description\" content=\"Comprar Metadona en l\u00ednea. P\u00edldoras de Metadona de 10 mg a la venta en l\u00ednea a precios muy econ\u00f3micos y asequibles sin prescripci\u00f3n. Env\u00edo discreto nocturno disponible.\" \/>\n<meta name=\"robots\" content=\"index, follow, max-snippet:-1, max-image-preview:large, max-video-preview:-1\" \/>\n<link rel=\"canonical\" href=\"https:\/\/weightlossmedssales.com\/es\/product\/metadona-10-mg\/\" \/>\n<meta property=\"og:locale\" content=\"es_ES\" \/>\n<meta property=\"og:type\" content=\"article\" \/>\n<meta property=\"og:title\" content=\"Metadona 10 mg\" \/>\n<meta property=\"og:description\" content=\"Comprar Metadona en l\u00ednea. P\u00edldoras de Metadona de 10 mg a la venta en l\u00ednea a precios muy econ\u00f3micos y asequibles sin prescripci\u00f3n. Env\u00edo discreto nocturno disponible.\" \/>\n<meta property=\"og:url\" content=\"https:\/\/weightlossmedssales.com\/es\/product\/metadona-10-mg\/\" \/>\n<meta property=\"og:site_name\" content=\"Family Healthcare Pharmacy\" \/>\n<meta property=\"og:image\" content=\"https:\/\/weightlossmedssales.com\/wp-content\/uploads\/2025\/04\/methadone.jpg\" \/>\n\t<meta property=\"og:image:width\" content=\"275\" \/>\n\t<meta property=\"og:image:height\" content=\"183\" \/>\n\t<meta property=\"og:image:type\" content=\"image\/jpeg\" \/>\n<meta name=\"twitter:card\" content=\"summary_large_image\" \/>\n<meta name=\"twitter:label1\" content=\"Precio\" \/>\n\t<meta name=\"twitter:data1\" content=\"&#036;1.00\" \/>\n\t<meta name=\"twitter:label2\" content=\"Disponibilidad\" \/>\n\t<meta name=\"twitter:data2\" content=\"Disponible\" \/>\n<script type=\"application\/ld+json\" class=\"yoast-schema-graph\">{\"@context\":\"https:\/\/schema.org\",\"@graph\":[{\"@type\":\"WebPage\",\"@id\":\"https:\/\/weightlossmedssales.com\/es\/product\/metadona-10-mg\/\",\"url\":\"https:\/\/weightlossmedssales.com\/es\/product\/metadona-10-mg\/\",\"name\":\"Comprar Metadona en l\u00ednea - P\u00edldoras de Metadona de 10 mg a la venta\",\"isPartOf\":{\"@id\":\"https:\/\/weightlossmedssales.com\/#website\"},\"primaryImageOfPage\":{\"@id\":\"https:\/\/weightlossmedssales.com\/es\/product\/metadona-10-mg\/#primaryimage\"},\"image\":{\"@id\":\"https:\/\/weightlossmedssales.com\/es\/product\/metadona-10-mg\/#primaryimage\"},\"thumbnailUrl\":\"https:\/\/weightlossmedssales.com\/wp-content\/uploads\/2025\/04\/methadone.jpg\",\"datePublished\":\"2025-04-18T10:35:14+00:00\",\"description\":\"Comprar Metadona en l\u00ednea. P\u00edldoras de Metadona de 10 mg a la venta en l\u00ednea a precios muy econ\u00f3micos y asequibles sin prescripci\u00f3n. Env\u00edo discreto nocturno disponible.\",\"breadcrumb\":{\"@id\":\"https:\/\/weightlossmedssales.com\/es\/product\/metadona-10-mg\/#breadcrumb\"},\"inLanguage\":\"es\",\"potentialAction\":[{\"@type\":\"ReadAction\",\"target\":[\"https:\/\/weightlossmedssales.com\/es\/product\/metadona-10-mg\/\"]}]},{\"@type\":\"ImageObject\",\"inLanguage\":\"es\",\"@id\":\"https:\/\/weightlossmedssales.com\/es\/product\/metadona-10-mg\/#primaryimage\",\"url\":\"https:\/\/weightlossmedssales.com\/wp-content\/uploads\/2025\/04\/methadone.jpg\",\"contentUrl\":\"https:\/\/weightlossmedssales.com\/wp-content\/uploads\/2025\/04\/methadone.jpg\",\"width\":275,\"height\":183},{\"@type\":\"BreadcrumbList\",\"@id\":\"https:\/\/weightlossmedssales.com\/es\/product\/metadona-10-mg\/#breadcrumb\",\"itemListElement\":[{\"@type\":\"ListItem\",\"position\":1,\"name\":\"Home\",\"item\":\"https:\/\/weightlossmedssales.com\/es\/inicio\/\"},{\"@type\":\"ListItem\",\"position\":2,\"name\":\"Shop\",\"item\":\"https:\/\/weightlossmedssales.com\/shop\/\"},{\"@type\":\"ListItem\",\"position\":3,\"name\":\"Metadona 10 mg\"}]},{\"@type\":\"WebSite\",\"@id\":\"https:\/\/weightlossmedssales.com\/#website\",\"url\":\"https:\/\/weightlossmedssales.com\/\",\"name\":\"Family Healthcare Pharmacy\",\"description\":\"Weight Loss Medicines\",\"potentialAction\":[{\"@type\":\"SearchAction\",\"target\":{\"@type\":\"EntryPoint\",\"urlTemplate\":\"https:\/\/weightlossmedssales.com\/?s={search_term_string}\"},\"query-input\":{\"@type\":\"PropertyValueSpecification\",\"valueRequired\":true,\"valueName\":\"search_term_string\"}}],\"inLanguage\":\"es\"}]}<\/script>\n<meta property=\"product:price:amount\" content=\"1.00\" \/>\n<meta property=\"product:price:currency\" content=\"USD\" \/>\n<meta property=\"og:availability\" content=\"instock\" \/>\n<meta property=\"product:availability\" content=\"instock\" \/>\n<meta property=\"product:retailer_item_id\" content=\"SU81657\" \/>\n<meta property=\"product:condition\" content=\"new\" \/>\n<!-- \/ Yoast SEO Premium plugin. -->","yoast_head_json":{"title":"Comprar Metadona en l\u00ednea - P\u00edldoras de Metadona de 10 mg a la venta","description":"Comprar Metadona en l\u00ednea. P\u00edldoras de Metadona de 10 mg a la venta en l\u00ednea a precios muy econ\u00f3micos y asequibles sin prescripci\u00f3n. Env\u00edo discreto nocturno disponible.","robots":{"index":"index","follow":"follow","max-snippet":"max-snippet:-1","max-image-preview":"max-image-preview:large","max-video-preview":"max-video-preview:-1"},"canonical":"https:\/\/weightlossmedssales.com\/es\/product\/metadona-10-mg\/","og_locale":"es_ES","og_type":"article","og_title":"Metadona 10 mg","og_description":"Comprar Metadona en l\u00ednea. P\u00edldoras de Metadona de 10 mg a la venta en l\u00ednea a precios muy econ\u00f3micos y asequibles sin prescripci\u00f3n. Env\u00edo discreto nocturno disponible.","og_url":"https:\/\/weightlossmedssales.com\/es\/product\/metadona-10-mg\/","og_site_name":"Family Healthcare Pharmacy","og_image":[{"width":275,"height":183,"url":"https:\/\/weightlossmedssales.com\/wp-content\/uploads\/2025\/04\/methadone.jpg","type":"image\/jpeg"}],"twitter_card":"summary_large_image","twitter_misc":{"Precio":"&#36;1.00","Disponibilidad":"Disponible"},"schema":{"@context":"https:\/\/schema.org","@graph":[{"@type":"WebPage","@id":"https:\/\/weightlossmedssales.com\/es\/product\/metadona-10-mg\/","url":"https:\/\/weightlossmedssales.com\/es\/product\/metadona-10-mg\/","name":"Comprar Metadona en l\u00ednea - P\u00edldoras de Metadona de 10 mg a la venta","isPartOf":{"@id":"https:\/\/weightlossmedssales.com\/#website"},"primaryImageOfPage":{"@id":"https:\/\/weightlossmedssales.com\/es\/product\/metadona-10-mg\/#primaryimage"},"image":{"@id":"https:\/\/weightlossmedssales.com\/es\/product\/metadona-10-mg\/#primaryimage"},"thumbnailUrl":"https:\/\/weightlossmedssales.com\/wp-content\/uploads\/2025\/04\/methadone.jpg","datePublished":"2025-04-18T10:35:14+00:00","description":"Comprar Metadona en l\u00ednea. P\u00edldoras de Metadona de 10 mg a la venta en l\u00ednea a precios muy econ\u00f3micos y asequibles sin prescripci\u00f3n. Env\u00edo discreto nocturno disponible.","breadcrumb":{"@id":"https:\/\/weightlossmedssales.com\/es\/product\/metadona-10-mg\/#breadcrumb"},"inLanguage":"es","potentialAction":[{"@type":"ReadAction","target":["https:\/\/weightlossmedssales.com\/es\/product\/metadona-10-mg\/"]}]},{"@type":"ImageObject","inLanguage":"es","@id":"https:\/\/weightlossmedssales.com\/es\/product\/metadona-10-mg\/#primaryimage","url":"https:\/\/weightlossmedssales.com\/wp-content\/uploads\/2025\/04\/methadone.jpg","contentUrl":"https:\/\/weightlossmedssales.com\/wp-content\/uploads\/2025\/04\/methadone.jpg","width":275,"height":183},{"@type":"BreadcrumbList","@id":"https:\/\/weightlossmedssales.com\/es\/product\/metadona-10-mg\/#breadcrumb","itemListElement":[{"@type":"ListItem","position":1,"name":"Home","item":"https:\/\/weightlossmedssales.com\/es\/inicio\/"},{"@type":"ListItem","position":2,"name":"Shop","item":"https:\/\/weightlossmedssales.com\/shop\/"},{"@type":"ListItem","position":3,"name":"Metadona 10 mg"}]},{"@type":"WebSite","@id":"https:\/\/weightlossmedssales.com\/#website","url":"https:\/\/weightlossmedssales.com\/","name":"Family Healthcare Pharmacy","description":"Weight Loss Medicines","potentialAction":[{"@type":"SearchAction","target":{"@type":"EntryPoint","urlTemplate":"https:\/\/weightlossmedssales.com\/?s={search_term_string}"},"query-input":{"@type":"PropertyValueSpecification","valueRequired":true,"valueName":"search_term_string"}}],"inLanguage":"es"}]},"product_price_amount":"1.00","product_price_currency":"USD","og_availability":"instock","product_availability":"instock","product_retailer_item_id":"SU81657","product_condition":"new"},"_links":{"self":[{"href":"https:\/\/weightlossmedssales.com\/es\/wp-json\/wp\/v2\/product\/1781","targetHints":{"allow":["GET"]}}],"collection":[{"href":"https:\/\/weightlossmedssales.com\/es\/wp-json\/wp\/v2\/product"}],"about":[{"href":"https:\/\/weightlossmedssales.com\/es\/wp-json\/wp\/v2\/types\/product"}],"replies":[{"embeddable":true,"href":"https:\/\/weightlossmedssales.com\/es\/wp-json\/wp\/v2\/comments?post=1781"}],"version-history":[{"count":0,"href":"https:\/\/weightlossmedssales.com\/es\/wp-json\/wp\/v2\/product\/1781\/revisions"}],"wp:featuredmedia":[{"embeddable":true,"href":"https:\/\/weightlossmedssales.com\/es\/wp-json\/wp\/v2\/media\/1485"}],"wp:attachment":[{"href":"https:\/\/weightlossmedssales.com\/es\/wp-json\/wp\/v2\/media?parent=1781"}],"wp:term":[{"taxonomy":"product_brand","embeddable":true,"href":"https:\/\/weightlossmedssales.com\/es\/wp-json\/wp\/v2\/product_brand?post=1781"},{"taxonomy":"product_cat","embeddable":true,"href":"https:\/\/weightlossmedssales.com\/es\/wp-json\/wp\/v2\/product_cat?post=1781"},{"taxonomy":"product_tag","embeddable":true,"href":"https:\/\/weightlossmedssales.com\/es\/wp-json\/wp\/v2\/product_tag?post=1781"}],"curies":[{"name":"wp","href":"https:\/\/api.w.org\/{rel}","templated":true}]}}