{"id":1782,"date":"2025-04-18T10:35:14","date_gmt":"2025-04-18T10:35:14","guid":{"rendered":"https:\/\/weightlossmedssales.com\/product\/pastillas-de-subutex-8-mg\/"},"modified":"2025-04-18T10:35:14","modified_gmt":"2025-04-18T10:35:14","slug":"pastillas-de-subutex-8-mg","status":"publish","type":"product","link":"https:\/\/weightlossmedssales.com\/es\/product\/pastillas-de-subutex-8-mg\/","title":{"rendered":"Pastillas de Subutex 8 mg"},"content":{"rendered":"<h1>Comprar Subutex en l\u00ednea<\/h1>\n<p>Subutex es un medicamento sintetizado a partir de la morfina. Adem\u00e1s, pertenece al grupo de los opi\u00e1ceos. En la pr\u00e1ctica europea se utiliza como agente para el tratamiento de sustituci\u00f3n de la adicci\u00f3n a la hero\u00edna, as\u00ed como en otros tipos de pr\u00e1ctica m\u00e9dica. Si estaba buscando un lugar leg\u00edtimo para <a href=\"http:\/\/suboxoneproducts.com\/product\/buy-subutex-online\/\">Comprar Subutex<\/a> en l\u00ednea, puede realizar su pedido con nosotros. Por lo tanto, solicite ahora y reciba las pastillas en la puerta de su domicilio en un plazo de 24 horas.    <\/p>\n<h2>Usos de Subutex<\/h2>\n<p>Tratamiento de la dependencia a opioides. Funciona igualmente como parte de un plan completo de tratamiento de la dependencia a narc\u00f3ticos. Funciona bloqueando los receptores del dolor.  <\/p>\n<p>Subutex es un agonista-antagonista parcial opioide (narc\u00f3tico). Adem\u00e1s, act\u00faa uni\u00e9ndose a los receptores del cerebro y del sistema nervioso para ayudar a prevenir los s\u00edntomas de abstinencia en alguien que ha dejado de tomar narc\u00f3ticos (por ejemplo, hero\u00edna, oxicodona). <\/p>\n<h3>Efectos secundarios de Subutex (Buprenorfina)<\/h3>\n<p>La ingesti\u00f3n incontrolada de Subutex como una verdadera droga dura causa muchos efectos secundarios. En primer lugar, se produce una adicci\u00f3n muy r\u00e1pida al medicamento. A menudo, muchos adictos ya no \u00abtienen\u00bb estas pastillas y comienzan a usarlas por v\u00eda intravenosa, mezclando el contenido de la pastilla con agua.  <\/p>\n<p>Las personas que toman Subutex constantemente sienten p\u00e1nico y miedo todo el tiempo junto con ansiedad y agresi\u00f3n. Muy r\u00e1pidamente se desarrollan s\u00edntomas de insomnio. Los hipn\u00f3ticos y sedantes, tomados en cantidades excesivas durante un largo per\u00edodo, causan una intoxicaci\u00f3n severa (envenenamiento qu\u00edmico). Como resultado, se desarrollan psicosis, aumento de la irritabilidad, frecuentes comportamientos compulsivos y rabietas.   <\/p>\n<h4>\u00bfQu\u00e9 es la buprenorfina?<\/h4>\n<p>El Dr. Randy Brown de la Facultad de Medicina de Wisconsin describe exactamente qu\u00e9 es el medicamento buprenorfina. Compre Subutex en l\u00ednea. <\/p>\n","protected":false},"excerpt":{"rendered":"<p><strong>Nombre de la pastilla: <a href=\"https:\/\/www.drugs.com\/search.php?searchterm=Subutex&amp;referer=pillid\">Subutex<\/a><\/strong><br \/>\n<strong> Concentraci\u00f3n: 8 mg<\/strong><br \/>\n<strong> Impresi\u00f3n de la pastilla: <a href=\"https:\/\/www.drugs.com\/imprints\/b8-logo-10809.html\">B8<\/a><\/strong><br \/>\n<strong> Color: Blanco<\/strong><br \/>\n<strong> Forma: El\u00edptica \/ Ovalada.<\/strong><br \/>\n<strong> No se necesita receta. Env\u00edo discreto durante la noche <\/strong><\/p>\n","protected":false},"featured_media":1473,"menu_order":0,"comment_status":"open","ping_status":"closed","template":"","meta":[],"product_brand":[],"product_cat":[181],"product_tag":[186],"class_list":{"0":"post-1782","1":"product","2":"type-product","3":"status-publish","4":"has-post-thumbnail","6":"product_cat-productos-suboxone","7":"product_tag-subutex-es","9":"first","10":"instock","11":"shipping-taxable","12":"purchasable","13":"product-type-simple"},"yoast_head":"<!-- This site is optimized with the Yoast SEO Premium plugin v23.3 (Yoast SEO v26.4) - https:\/\/yoast.com\/wordpress\/plugins\/seo\/ -->\n<title>Comprar Subutex en l\u00ednea - Solicitar Subutex 8 mg en l\u00ednea. Sin receta<\/title>\n<meta name=\"description\" content=\"Compre Subutex en l\u00ednea. Vis\u00edtenos ahora para solicitar o comprar pastillas de Subutex 8 mg en l\u00ednea sin receta a precios muy econ\u00f3micos. Env\u00edo discreto durante la noche\" \/>\n<meta name=\"robots\" content=\"index, follow, max-snippet:-1, max-image-preview:large, max-video-preview:-1\" \/>\n<link rel=\"canonical\" href=\"https:\/\/weightlossmedssales.com\/es\/product\/pastillas-de-subutex-8-mg\/\" \/>\n<meta property=\"og:locale\" content=\"es_ES\" \/>\n<meta property=\"og:type\" content=\"article\" \/>\n<meta property=\"og:title\" content=\"Pastillas de Subutex 8 mg\" \/>\n<meta property=\"og:description\" content=\"Compre Subutex en l\u00ednea. Vis\u00edtenos ahora para solicitar o comprar pastillas de Subutex 8 mg en l\u00ednea sin receta a precios muy econ\u00f3micos. Env\u00edo discreto durante la noche\" \/>\n<meta property=\"og:url\" content=\"https:\/\/weightlossmedssales.com\/es\/product\/pastillas-de-subutex-8-mg\/\" \/>\n<meta property=\"og:site_name\" content=\"Family Healthcare Pharmacy\" \/>\n<meta property=\"og:image\" content=\"https:\/\/weightlossmedssales.com\/wp-content\/uploads\/2025\/04\/Buprenorphine-Hydrochloride.jpg\" \/>\n\t<meta property=\"og:image:width\" content=\"300\" \/>\n\t<meta property=\"og:image:height\" content=\"300\" \/>\n\t<meta property=\"og:image:type\" content=\"image\/jpeg\" \/>\n<meta name=\"twitter:card\" content=\"summary_large_image\" \/>\n<meta name=\"twitter:label1\" content=\"Precio\" \/>\n\t<meta name=\"twitter:data1\" content=\"&#036;2.50\" \/>\n\t<meta name=\"twitter:label2\" content=\"Disponibilidad\" \/>\n\t<meta name=\"twitter:data2\" content=\"Disponible\" \/>\n<script type=\"application\/ld+json\" class=\"yoast-schema-graph\">{\"@context\":\"https:\/\/schema.org\",\"@graph\":[{\"@type\":\"WebPage\",\"@id\":\"https:\/\/weightlossmedssales.com\/es\/product\/pastillas-de-subutex-8-mg\/\",\"url\":\"https:\/\/weightlossmedssales.com\/es\/product\/pastillas-de-subutex-8-mg\/\",\"name\":\"Comprar Subutex en l\u00ednea - Solicitar Subutex 8 mg en l\u00ednea. Sin receta\",\"isPartOf\":{\"@id\":\"https:\/\/weightlossmedssales.com\/#website\"},\"primaryImageOfPage\":{\"@id\":\"https:\/\/weightlossmedssales.com\/es\/product\/pastillas-de-subutex-8-mg\/#primaryimage\"},\"image\":{\"@id\":\"https:\/\/weightlossmedssales.com\/es\/product\/pastillas-de-subutex-8-mg\/#primaryimage\"},\"thumbnailUrl\":\"https:\/\/weightlossmedssales.com\/wp-content\/uploads\/2025\/04\/Buprenorphine-Hydrochloride.jpg\",\"datePublished\":\"2025-04-18T10:35:14+00:00\",\"description\":\"Compre Subutex en l\u00ednea. Vis\u00edtenos ahora para solicitar o comprar pastillas de Subutex 8 mg en l\u00ednea sin receta a precios muy econ\u00f3micos. Env\u00edo discreto durante la noche\",\"breadcrumb\":{\"@id\":\"https:\/\/weightlossmedssales.com\/es\/product\/pastillas-de-subutex-8-mg\/#breadcrumb\"},\"inLanguage\":\"es\",\"potentialAction\":[{\"@type\":\"ReadAction\",\"target\":[\"https:\/\/weightlossmedssales.com\/es\/product\/pastillas-de-subutex-8-mg\/\"]}]},{\"@type\":\"ImageObject\",\"inLanguage\":\"es\",\"@id\":\"https:\/\/weightlossmedssales.com\/es\/product\/pastillas-de-subutex-8-mg\/#primaryimage\",\"url\":\"https:\/\/weightlossmedssales.com\/wp-content\/uploads\/2025\/04\/Buprenorphine-Hydrochloride.jpg\",\"contentUrl\":\"https:\/\/weightlossmedssales.com\/wp-content\/uploads\/2025\/04\/Buprenorphine-Hydrochloride.jpg\",\"width\":300,\"height\":300},{\"@type\":\"BreadcrumbList\",\"@id\":\"https:\/\/weightlossmedssales.com\/es\/product\/pastillas-de-subutex-8-mg\/#breadcrumb\",\"itemListElement\":[{\"@type\":\"ListItem\",\"position\":1,\"name\":\"Home\",\"item\":\"https:\/\/weightlossmedssales.com\/es\/inicio\/\"},{\"@type\":\"ListItem\",\"position\":2,\"name\":\"Shop\",\"item\":\"https:\/\/weightlossmedssales.com\/shop\/\"},{\"@type\":\"ListItem\",\"position\":3,\"name\":\"Pastillas de Subutex 8 mg\"}]},{\"@type\":\"WebSite\",\"@id\":\"https:\/\/weightlossmedssales.com\/#website\",\"url\":\"https:\/\/weightlossmedssales.com\/\",\"name\":\"Family Healthcare Pharmacy\",\"description\":\"Weight Loss Medicines\",\"potentialAction\":[{\"@type\":\"SearchAction\",\"target\":{\"@type\":\"EntryPoint\",\"urlTemplate\":\"https:\/\/weightlossmedssales.com\/?s={search_term_string}\"},\"query-input\":{\"@type\":\"PropertyValueSpecification\",\"valueRequired\":true,\"valueName\":\"search_term_string\"}}],\"inLanguage\":\"es\"}]}<\/script>\n<meta property=\"product:price:amount\" content=\"2.50\" \/>\n<meta property=\"product:price:currency\" content=\"USD\" \/>\n<meta property=\"og:availability\" content=\"instock\" \/>\n<meta property=\"product:availability\" content=\"instock\" \/>\n<meta property=\"product:retailer_item_id\" content=\"SU11693\" \/>\n<meta property=\"product:condition\" content=\"new\" \/>\n<!-- \/ Yoast SEO Premium plugin. -->","yoast_head_json":{"title":"Comprar Subutex en l\u00ednea - Solicitar Subutex 8 mg en l\u00ednea. Sin receta","description":"Compre Subutex en l\u00ednea. Vis\u00edtenos ahora para solicitar o comprar pastillas de Subutex 8 mg en l\u00ednea sin receta a precios muy econ\u00f3micos. Env\u00edo discreto durante la noche","robots":{"index":"index","follow":"follow","max-snippet":"max-snippet:-1","max-image-preview":"max-image-preview:large","max-video-preview":"max-video-preview:-1"},"canonical":"https:\/\/weightlossmedssales.com\/es\/product\/pastillas-de-subutex-8-mg\/","og_locale":"es_ES","og_type":"article","og_title":"Pastillas de Subutex 8 mg","og_description":"Compre Subutex en l\u00ednea. Vis\u00edtenos ahora para solicitar o comprar pastillas de Subutex 8 mg en l\u00ednea sin receta a precios muy econ\u00f3micos. Env\u00edo discreto durante la noche","og_url":"https:\/\/weightlossmedssales.com\/es\/product\/pastillas-de-subutex-8-mg\/","og_site_name":"Family Healthcare Pharmacy","og_image":[{"width":300,"height":300,"url":"https:\/\/weightlossmedssales.com\/wp-content\/uploads\/2025\/04\/Buprenorphine-Hydrochloride.jpg","type":"image\/jpeg"}],"twitter_card":"summary_large_image","twitter_misc":{"Precio":"&#36;2.50","Disponibilidad":"Disponible"},"schema":{"@context":"https:\/\/schema.org","@graph":[{"@type":"WebPage","@id":"https:\/\/weightlossmedssales.com\/es\/product\/pastillas-de-subutex-8-mg\/","url":"https:\/\/weightlossmedssales.com\/es\/product\/pastillas-de-subutex-8-mg\/","name":"Comprar Subutex en l\u00ednea - Solicitar Subutex 8 mg en l\u00ednea. Sin receta","isPartOf":{"@id":"https:\/\/weightlossmedssales.com\/#website"},"primaryImageOfPage":{"@id":"https:\/\/weightlossmedssales.com\/es\/product\/pastillas-de-subutex-8-mg\/#primaryimage"},"image":{"@id":"https:\/\/weightlossmedssales.com\/es\/product\/pastillas-de-subutex-8-mg\/#primaryimage"},"thumbnailUrl":"https:\/\/weightlossmedssales.com\/wp-content\/uploads\/2025\/04\/Buprenorphine-Hydrochloride.jpg","datePublished":"2025-04-18T10:35:14+00:00","description":"Compre Subutex en l\u00ednea. Vis\u00edtenos ahora para solicitar o comprar pastillas de Subutex 8 mg en l\u00ednea sin receta a precios muy econ\u00f3micos. Env\u00edo discreto durante la noche","breadcrumb":{"@id":"https:\/\/weightlossmedssales.com\/es\/product\/pastillas-de-subutex-8-mg\/#breadcrumb"},"inLanguage":"es","potentialAction":[{"@type":"ReadAction","target":["https:\/\/weightlossmedssales.com\/es\/product\/pastillas-de-subutex-8-mg\/"]}]},{"@type":"ImageObject","inLanguage":"es","@id":"https:\/\/weightlossmedssales.com\/es\/product\/pastillas-de-subutex-8-mg\/#primaryimage","url":"https:\/\/weightlossmedssales.com\/wp-content\/uploads\/2025\/04\/Buprenorphine-Hydrochloride.jpg","contentUrl":"https:\/\/weightlossmedssales.com\/wp-content\/uploads\/2025\/04\/Buprenorphine-Hydrochloride.jpg","width":300,"height":300},{"@type":"BreadcrumbList","@id":"https:\/\/weightlossmedssales.com\/es\/product\/pastillas-de-subutex-8-mg\/#breadcrumb","itemListElement":[{"@type":"ListItem","position":1,"name":"Home","item":"https:\/\/weightlossmedssales.com\/es\/inicio\/"},{"@type":"ListItem","position":2,"name":"Shop","item":"https:\/\/weightlossmedssales.com\/shop\/"},{"@type":"ListItem","position":3,"name":"Pastillas de Subutex 8 mg"}]},{"@type":"WebSite","@id":"https:\/\/weightlossmedssales.com\/#website","url":"https:\/\/weightlossmedssales.com\/","name":"Family Healthcare Pharmacy","description":"Weight Loss Medicines","potentialAction":[{"@type":"SearchAction","target":{"@type":"EntryPoint","urlTemplate":"https:\/\/weightlossmedssales.com\/?s={search_term_string}"},"query-input":{"@type":"PropertyValueSpecification","valueRequired":true,"valueName":"search_term_string"}}],"inLanguage":"es"}]},"product_price_amount":"2.50","product_price_currency":"USD","og_availability":"instock","product_availability":"instock","product_retailer_item_id":"SU11693","product_condition":"new"},"_links":{"self":[{"href":"https:\/\/weightlossmedssales.com\/es\/wp-json\/wp\/v2\/product\/1782","targetHints":{"allow":["GET"]}}],"collection":[{"href":"https:\/\/weightlossmedssales.com\/es\/wp-json\/wp\/v2\/product"}],"about":[{"href":"https:\/\/weightlossmedssales.com\/es\/wp-json\/wp\/v2\/types\/product"}],"replies":[{"embeddable":true,"href":"https:\/\/weightlossmedssales.com\/es\/wp-json\/wp\/v2\/comments?post=1782"}],"version-history":[{"count":0,"href":"https:\/\/weightlossmedssales.com\/es\/wp-json\/wp\/v2\/product\/1782\/revisions"}],"wp:featuredmedia":[{"embeddable":true,"href":"https:\/\/weightlossmedssales.com\/es\/wp-json\/wp\/v2\/media\/1473"}],"wp:attachment":[{"href":"https:\/\/weightlossmedssales.com\/es\/wp-json\/wp\/v2\/media?parent=1782"}],"wp:term":[{"taxonomy":"product_brand","embeddable":true,"href":"https:\/\/weightlossmedssales.com\/es\/wp-json\/wp\/v2\/product_brand?post=1782"},{"taxonomy":"product_cat","embeddable":true,"href":"https:\/\/weightlossmedssales.com\/es\/wp-json\/wp\/v2\/product_cat?post=1782"},{"taxonomy":"product_tag","embeddable":true,"href":"https:\/\/weightlossmedssales.com\/es\/wp-json\/wp\/v2\/product_tag?post=1782"}],"curies":[{"name":"wp","href":"https:\/\/api.w.org\/{rel}","templated":true}]}}