{"id":1788,"date":"2025-04-18T10:35:14","date_gmt":"2025-04-18T10:35:14","guid":{"rendered":"https:\/\/weightlossmedssales.com\/product\/oxycodone-30-mg\/"},"modified":"2025-04-18T10:35:14","modified_gmt":"2025-04-18T10:35:14","slug":"oxycodone-30-mg","status":"publish","type":"product","link":"https:\/\/weightlossmedssales.com\/es\/product\/oxycodone-30-mg\/","title":{"rendered":"Oxycodone 30 mg"},"content":{"rendered":"<h2>Compre Oxycodone en l\u00ednea<\/h2>\n<p>Compre Oxycodone en l\u00ednea. Puede <em>adquirir Oxycodone 80mg<\/em> (Oxycontin) en l\u00ednea aqu\u00ed. Disponemos de Oxycodone de calidad superior. No podr\u00eda ser m\u00e1s sencillo solicitar medicamentos con receta en l\u00ednea con unos pocos clics del rat\u00f3n y recibirlos directamente en su domicilio, sin necesidad de consultar a un m\u00e9dico.  <\/p>\n<h2>Compre Oxycodone 80mg en l\u00ednea<\/h2>\n<p>Puede adquirir Oxycodone 80mg en l\u00ednea aqu\u00ed, disponemos de p\u00edldoras de Oxycodone 80mg de alta calidad. Compre Oxycodone 80mg en l\u00ednea sin prescripci\u00f3n m\u00e9dica. <\/p>\n<p>Compre Oxycodone 80mg en l\u00ednea en el mejor sitio sin prescripci\u00f3n m\u00e9dica.<\/p>\n<p>Oxycodone 80mg<\/p>\n<h3>P\u00edldoras de Oxycodone 80mg de alta calidad<\/h3>\n<ul>\n<li>Entrega a nivel mundial<\/li>\n<li>Empaque discreto<\/li>\n<li>Asistencia en vivo<\/li>\n<li>Garant\u00eda de satisfacci\u00f3n del 100%<\/li>\n<\/ul>\n<p><strong>Compre Oxycodone (Oxycontin) en l\u00ednea en el mejor sitio sin prescripci\u00f3n m\u00e9dica.<\/strong><\/p>\n<p>Oxycodone se utiliza para el manejo del alivio del dolor o como analg\u00e9sico.<\/p>\n<p>Existe una variedad de medicamentos disponibles para el manejo del dolor. Oxycodone se fabrica comercialmente a partir de la teba\u00edna, un alcaloide opi\u00e1ceo y componente menor del opio. <\/p>\n<h3>Compre Oxycontin en l\u00ednea<\/h3>\n<p>En pocas palabras, no encontrar\u00e1 un mejor lugar para comprar Oxycontin en l\u00ednea que drug buyers<\/p>\n<p>A menudo no. Y es necesario conocer los riesgos. <\/p>\n<p>S\u00ed, hay numerosas compa\u00f1\u00edas farmac\u00e9uticas y farmacias leg\u00edtimas en los Estados Unidos (incluidas las en l\u00ednea) que cumplen con todas las leyes y regulaciones y priorizan la seguridad p\u00fablica.<\/p>\n<p>Pero hay muchas que no lo hacen. Solo buscan obtener ganancias r\u00e1pidas a su costa. Estos negocios turbios surten pedidos sin recetas. Pagan a m\u00e9dicos solo para echar un vistazo r\u00e1pido a su breve cuestionario m\u00e9dico. No saben si usted es drogadicto, menor de edad o tiene otra condici\u00f3n que sus medicamentos podr\u00edan empeorar. Y no les importa.    <\/p>\n<h3>Compre Oxycontin 80 mg en l\u00ednea<\/h3>\n<p>Peor a\u00fan, los productos que venden son cuestionables, en el mejor de los casos. Los medicamentos pueden estar muy por encima de su fecha de caducidad. Pueden ser falsificados, mal etiquetados, adulterados o contaminados. Y bien pueden estar fabricados con materias primas sospechosas en laboratorios clandestinos en los Estados Unidos y en el extranjero, lejos de la supervisi\u00f3n de la Administraci\u00f3n de Alimentos y Medicamentos.   <\/p>\n<p>Parte del problema es que estas farmacias ilegales est\u00e1n por todo Internet. M\u00e1s de 80,000 sitios web portal actualmente venden espacio publicitario para estos medicamentos y enlazan a uno o m\u00e1s de los 1,400 sitios web ancla que permiten a los clientes realizar pedidos a trav\u00e9s de farmacias ilegales. Ni siquiera tiene que buscar estas ofertas; a menudo llegan directamente a su bandeja de entrada como correo no deseado, tent\u00e1ndolo con una gran variedad de medicamentos a bajo costo.  <\/p>\n<p><strong>\u00bfExisten formas de determinar si una farmacia en l\u00ednea es legal? Definitivamente, y esto es lo que debe buscar. Las farmacias leg\u00edtimas:  <\/strong><\/p>\n<ol>\n<li>Requieren una receta de un m\u00e9dico autorizado, generalmente por correo (si aceptan una copia por fax, siempre llamar\u00e1n a su m\u00e9dico para verificar la receta);<\/li>\n<li>Le exigen presentar un historial m\u00e9dico detallado;<\/li>\n<li>Indican claramente sus tarifas de pago, privacidad y env\u00edo en sus sitios; y<\/li>\n<li>Utilizan conexiones de sitios web seguras o encriptadas para las transacciones.<\/li>\n<li>Muchas farmacias en l\u00ednea leg\u00edtimas tambi\u00e9n est\u00e1n certificadas por la Asociaci\u00f3n Nacional de Juntas de Farmacia; consulte su sitio web para obtener una lista. Tenga en cuenta que algunas de las farmacias de Internet m\u00e1s grandes pueden no estar certificadas debido a sus nombres ya bien reconocidos. Compre Oxycodone en l\u00ednea  <\/li>\n<\/ol>\n","protected":false},"excerpt":{"rendered":"<p><strong>Producto: Oxycodone <\/strong><cx id=\"gid_1\"><\/cx><strong>Concentraci\u00f3n: 30 MG<cx id=\"gid_3\"><\/cx>Color: Azul<cx id=\"gid_4\"><\/cx>Impresi\u00f3n: M 30<cx id=\"gid_5\"><\/cx><\/strong><\/p>\n","protected":false},"featured_media":1482,"menu_order":0,"comment_status":"open","ping_status":"closed","template":"","meta":[],"product_brand":[],"product_cat":[175],"product_tag":[191,192],"class_list":{"0":"post-1788","1":"product","2":"type-product","3":"status-publish","4":"has-post-thumbnail","6":"product_cat-sin-categorizar-es","7":"product_tag-oxycodone-es","8":"product_tag-oxycontin-es","10":"first","11":"instock","12":"shipping-taxable","13":"purchasable","14":"product-type-simple"},"yoast_head":"<!-- This site is optimized with the Yoast SEO Premium plugin v23.3 (Yoast SEO v26.4) - https:\/\/yoast.com\/wordpress\/plugins\/seo\/ -->\n<title>Compre Oxycodone en l\u00ednea - P\u00edldoras de Oxycodone de 30 mg a la venta<\/title>\n<meta name=\"description\" content=\"Compre Oxycodone en l\u00ednea. P\u00edldoras de Oxycodone de 30 mg a la venta. Visite nuestro sitio web y solicite Oxycodone de 30 mg a precios muy favorables.\" \/>\n<meta name=\"robots\" content=\"index, follow, max-snippet:-1, max-image-preview:large, max-video-preview:-1\" \/>\n<link rel=\"canonical\" href=\"https:\/\/weightlossmedssales.com\/es\/product\/oxycodone-30-mg\/\" \/>\n<meta property=\"og:locale\" content=\"es_ES\" \/>\n<meta property=\"og:type\" content=\"article\" \/>\n<meta property=\"og:title\" content=\"Oxycodone 30 mg\" \/>\n<meta property=\"og:description\" content=\"Compre Oxycodone en l\u00ednea. P\u00edldoras de Oxycodone de 30 mg a la venta. Visite nuestro sitio web y solicite Oxycodone de 30 mg a precios muy favorables.\" \/>\n<meta property=\"og:url\" content=\"https:\/\/weightlossmedssales.com\/es\/product\/oxycodone-30-mg\/\" \/>\n<meta property=\"og:site_name\" content=\"Family Healthcare Pharmacy\" \/>\n<meta property=\"og:image\" content=\"https:\/\/weightlossmedssales.com\/wp-content\/uploads\/2025\/04\/tumblr_oq2mxivnj11uya6pbo1_500.jpg\" \/>\n\t<meta property=\"og:image:width\" content=\"500\" \/>\n\t<meta property=\"og:image:height\" content=\"666\" \/>\n\t<meta property=\"og:image:type\" content=\"image\/jpeg\" \/>\n<meta name=\"twitter:card\" content=\"summary_large_image\" \/>\n<meta name=\"twitter:label1\" content=\"Precio\" \/>\n\t<meta name=\"twitter:data1\" content=\"&#036;3.00\" \/>\n\t<meta name=\"twitter:label2\" content=\"Disponibilidad\" \/>\n\t<meta name=\"twitter:data2\" content=\"Disponible\" \/>\n<script type=\"application\/ld+json\" class=\"yoast-schema-graph\">{\"@context\":\"https:\/\/schema.org\",\"@graph\":[{\"@type\":\"WebPage\",\"@id\":\"https:\/\/weightlossmedssales.com\/es\/product\/oxycodone-30-mg\/\",\"url\":\"https:\/\/weightlossmedssales.com\/es\/product\/oxycodone-30-mg\/\",\"name\":\"Compre Oxycodone en l\u00ednea - P\u00edldoras de Oxycodone de 30 mg a la venta\",\"isPartOf\":{\"@id\":\"https:\/\/weightlossmedssales.com\/#website\"},\"primaryImageOfPage\":{\"@id\":\"https:\/\/weightlossmedssales.com\/es\/product\/oxycodone-30-mg\/#primaryimage\"},\"image\":{\"@id\":\"https:\/\/weightlossmedssales.com\/es\/product\/oxycodone-30-mg\/#primaryimage\"},\"thumbnailUrl\":\"https:\/\/weightlossmedssales.com\/wp-content\/uploads\/2025\/04\/tumblr_oq2mxivnj11uya6pbo1_500.jpg\",\"datePublished\":\"2025-04-18T10:35:14+00:00\",\"description\":\"Compre Oxycodone en l\u00ednea. P\u00edldoras de Oxycodone de 30 mg a la venta. Visite nuestro sitio web y solicite Oxycodone de 30 mg a precios muy favorables.\",\"breadcrumb\":{\"@id\":\"https:\/\/weightlossmedssales.com\/es\/product\/oxycodone-30-mg\/#breadcrumb\"},\"inLanguage\":\"es\",\"potentialAction\":[{\"@type\":\"ReadAction\",\"target\":[\"https:\/\/weightlossmedssales.com\/es\/product\/oxycodone-30-mg\/\"]}]},{\"@type\":\"ImageObject\",\"inLanguage\":\"es\",\"@id\":\"https:\/\/weightlossmedssales.com\/es\/product\/oxycodone-30-mg\/#primaryimage\",\"url\":\"https:\/\/weightlossmedssales.com\/wp-content\/uploads\/2025\/04\/tumblr_oq2mxivnj11uya6pbo1_500.jpg\",\"contentUrl\":\"https:\/\/weightlossmedssales.com\/wp-content\/uploads\/2025\/04\/tumblr_oq2mxivnj11uya6pbo1_500.jpg\",\"width\":500,\"height\":666},{\"@type\":\"BreadcrumbList\",\"@id\":\"https:\/\/weightlossmedssales.com\/es\/product\/oxycodone-30-mg\/#breadcrumb\",\"itemListElement\":[{\"@type\":\"ListItem\",\"position\":1,\"name\":\"Home\",\"item\":\"https:\/\/weightlossmedssales.com\/es\/inicio\/\"},{\"@type\":\"ListItem\",\"position\":2,\"name\":\"Shop\",\"item\":\"https:\/\/weightlossmedssales.com\/shop\/\"},{\"@type\":\"ListItem\",\"position\":3,\"name\":\"Oxycodone 30 mg\"}]},{\"@type\":\"WebSite\",\"@id\":\"https:\/\/weightlossmedssales.com\/#website\",\"url\":\"https:\/\/weightlossmedssales.com\/\",\"name\":\"Family Healthcare Pharmacy\",\"description\":\"Weight Loss Medicines\",\"potentialAction\":[{\"@type\":\"SearchAction\",\"target\":{\"@type\":\"EntryPoint\",\"urlTemplate\":\"https:\/\/weightlossmedssales.com\/?s={search_term_string}\"},\"query-input\":{\"@type\":\"PropertyValueSpecification\",\"valueRequired\":true,\"valueName\":\"search_term_string\"}}],\"inLanguage\":\"es\"}]}<\/script>\n<meta property=\"product:price:amount\" content=\"3.00\" \/>\n<meta property=\"product:price:currency\" content=\"USD\" \/>\n<meta property=\"og:availability\" content=\"instock\" \/>\n<meta property=\"product:availability\" content=\"instock\" \/>\n<meta property=\"product:retailer_item_id\" content=\"SU79376\" \/>\n<meta property=\"product:condition\" content=\"new\" \/>\n<!-- \/ Yoast SEO Premium plugin. -->","yoast_head_json":{"title":"Compre Oxycodone en l\u00ednea - P\u00edldoras de Oxycodone de 30 mg a la venta","description":"Compre Oxycodone en l\u00ednea. P\u00edldoras de Oxycodone de 30 mg a la venta. Visite nuestro sitio web y solicite Oxycodone de 30 mg a precios muy favorables.","robots":{"index":"index","follow":"follow","max-snippet":"max-snippet:-1","max-image-preview":"max-image-preview:large","max-video-preview":"max-video-preview:-1"},"canonical":"https:\/\/weightlossmedssales.com\/es\/product\/oxycodone-30-mg\/","og_locale":"es_ES","og_type":"article","og_title":"Oxycodone 30 mg","og_description":"Compre Oxycodone en l\u00ednea. P\u00edldoras de Oxycodone de 30 mg a la venta. Visite nuestro sitio web y solicite Oxycodone de 30 mg a precios muy favorables.","og_url":"https:\/\/weightlossmedssales.com\/es\/product\/oxycodone-30-mg\/","og_site_name":"Family Healthcare Pharmacy","og_image":[{"width":500,"height":666,"url":"https:\/\/weightlossmedssales.com\/wp-content\/uploads\/2025\/04\/tumblr_oq2mxivnj11uya6pbo1_500.jpg","type":"image\/jpeg"}],"twitter_card":"summary_large_image","twitter_misc":{"Precio":"&#36;3.00","Disponibilidad":"Disponible"},"schema":{"@context":"https:\/\/schema.org","@graph":[{"@type":"WebPage","@id":"https:\/\/weightlossmedssales.com\/es\/product\/oxycodone-30-mg\/","url":"https:\/\/weightlossmedssales.com\/es\/product\/oxycodone-30-mg\/","name":"Compre Oxycodone en l\u00ednea - P\u00edldoras de Oxycodone de 30 mg a la venta","isPartOf":{"@id":"https:\/\/weightlossmedssales.com\/#website"},"primaryImageOfPage":{"@id":"https:\/\/weightlossmedssales.com\/es\/product\/oxycodone-30-mg\/#primaryimage"},"image":{"@id":"https:\/\/weightlossmedssales.com\/es\/product\/oxycodone-30-mg\/#primaryimage"},"thumbnailUrl":"https:\/\/weightlossmedssales.com\/wp-content\/uploads\/2025\/04\/tumblr_oq2mxivnj11uya6pbo1_500.jpg","datePublished":"2025-04-18T10:35:14+00:00","description":"Compre Oxycodone en l\u00ednea. P\u00edldoras de Oxycodone de 30 mg a la venta. Visite nuestro sitio web y solicite Oxycodone de 30 mg a precios muy favorables.","breadcrumb":{"@id":"https:\/\/weightlossmedssales.com\/es\/product\/oxycodone-30-mg\/#breadcrumb"},"inLanguage":"es","potentialAction":[{"@type":"ReadAction","target":["https:\/\/weightlossmedssales.com\/es\/product\/oxycodone-30-mg\/"]}]},{"@type":"ImageObject","inLanguage":"es","@id":"https:\/\/weightlossmedssales.com\/es\/product\/oxycodone-30-mg\/#primaryimage","url":"https:\/\/weightlossmedssales.com\/wp-content\/uploads\/2025\/04\/tumblr_oq2mxivnj11uya6pbo1_500.jpg","contentUrl":"https:\/\/weightlossmedssales.com\/wp-content\/uploads\/2025\/04\/tumblr_oq2mxivnj11uya6pbo1_500.jpg","width":500,"height":666},{"@type":"BreadcrumbList","@id":"https:\/\/weightlossmedssales.com\/es\/product\/oxycodone-30-mg\/#breadcrumb","itemListElement":[{"@type":"ListItem","position":1,"name":"Home","item":"https:\/\/weightlossmedssales.com\/es\/inicio\/"},{"@type":"ListItem","position":2,"name":"Shop","item":"https:\/\/weightlossmedssales.com\/shop\/"},{"@type":"ListItem","position":3,"name":"Oxycodone 30 mg"}]},{"@type":"WebSite","@id":"https:\/\/weightlossmedssales.com\/#website","url":"https:\/\/weightlossmedssales.com\/","name":"Family Healthcare Pharmacy","description":"Weight Loss Medicines","potentialAction":[{"@type":"SearchAction","target":{"@type":"EntryPoint","urlTemplate":"https:\/\/weightlossmedssales.com\/?s={search_term_string}"},"query-input":{"@type":"PropertyValueSpecification","valueRequired":true,"valueName":"search_term_string"}}],"inLanguage":"es"}]},"product_price_amount":"3.00","product_price_currency":"USD","og_availability":"instock","product_availability":"instock","product_retailer_item_id":"SU79376","product_condition":"new"},"_links":{"self":[{"href":"https:\/\/weightlossmedssales.com\/es\/wp-json\/wp\/v2\/product\/1788","targetHints":{"allow":["GET"]}}],"collection":[{"href":"https:\/\/weightlossmedssales.com\/es\/wp-json\/wp\/v2\/product"}],"about":[{"href":"https:\/\/weightlossmedssales.com\/es\/wp-json\/wp\/v2\/types\/product"}],"replies":[{"embeddable":true,"href":"https:\/\/weightlossmedssales.com\/es\/wp-json\/wp\/v2\/comments?post=1788"}],"version-history":[{"count":0,"href":"https:\/\/weightlossmedssales.com\/es\/wp-json\/wp\/v2\/product\/1788\/revisions"}],"wp:featuredmedia":[{"embeddable":true,"href":"https:\/\/weightlossmedssales.com\/es\/wp-json\/wp\/v2\/media\/1482"}],"wp:attachment":[{"href":"https:\/\/weightlossmedssales.com\/es\/wp-json\/wp\/v2\/media?parent=1788"}],"wp:term":[{"taxonomy":"product_brand","embeddable":true,"href":"https:\/\/weightlossmedssales.com\/es\/wp-json\/wp\/v2\/product_brand?post=1788"},{"taxonomy":"product_cat","embeddable":true,"href":"https:\/\/weightlossmedssales.com\/es\/wp-json\/wp\/v2\/product_cat?post=1788"},{"taxonomy":"product_tag","embeddable":true,"href":"https:\/\/weightlossmedssales.com\/es\/wp-json\/wp\/v2\/product_tag?post=1788"}],"curies":[{"name":"wp","href":"https:\/\/api.w.org\/{rel}","templated":true}]}}