{"id":1794,"date":"2025-04-18T10:35:14","date_gmt":"2025-04-18T10:35:14","guid":{"rendered":"https:\/\/weightlossmedssales.com\/product\/vyvanse-50-mg\/"},"modified":"2025-04-18T10:35:14","modified_gmt":"2025-04-18T10:35:14","slug":"vyvanse-50-mg","status":"publish","type":"product","link":"https:\/\/weightlossmedssales.com\/es\/product\/vyvanse-50-mg\/","title":{"rendered":"Vyvanse 50 mg"},"content":{"rendered":"<h2>Compre Vyvanse en l\u00ednea<\/h2>\n<p>Compre Vyvanse en l\u00ednea. Somos proveedores de alta calificaci\u00f3n y confianza de p\u00edldoras y c\u00e1psulas de Vyvanse 50 mg en l\u00ednea a precios muy econ\u00f3micos sin receta m\u00e9dica. Nuestros servicios de entrega son econ\u00f3micos, discretos y altamente seguros. No necesita una receta m\u00e9dica para realizar un pedido con nosotros. Todo lo que tiene que hacer es agregar la cantidad que desea pedir al carrito, proceder al pago y luego completar su pedido. Somos 100% reales y leg\u00edtimos. Realizamos env\u00edos a todas las partes de EE. UU. durante la noche. La tasa de \u00e9xito de entrega es del 100%. Tambi\u00e9n tenemos <a href=\"https:\/\/suboxoneproducts.com\/product\/buy-vyvanse-70-mg-online\/\">Vyvanse 70 mg<\/a> en existencia. <a href=\"https:\/\/suboxoneproducts.com\/product\/buy-vyvanse-online\/\">Compre Vyvanse en l\u00ednea<\/a>        <\/p>\n<h2>Vyvanse 50 mg<\/h2>\n<p>Este medicamento es un estimulante. Se cree que funciona restaurando el equilibrio de ciertas sustancias qu\u00edmicas naturales (neurotransmisores) en el cerebro. VYVANSE (dimesilato de lisdexanfetamina), un estimulante del SNC, es para administraci\u00f3n oral una vez al d\u00eda. La designaci\u00f3n qu\u00edmica del dimesilato de lisdexanfetamina es (2S)-2,6-diamino-N-[(1S)-1-metil-2-feniletil] hexanamida dimetanosulfonato. La f\u00f3rmula molecular es C15H25N3O\u2022(CH4O3S)2, que corresponde a un peso molecular de 455.60.    <\/p>\n<h3>DOSIFICACI\u00d3N Y ADMINISTRACI\u00d3N<\/h3>\n<h4>Evaluaci\u00f3n previa al tratamiento<\/h4>\n<p>Antes de tratar a ni\u00f1os, adolescentes y adultos con estimulantes del SNC, incluido VYVANSE, eval\u00fae la presencia de enfermedad card\u00edaca (por ejemplo, una historia cl\u00ednica cuidadosa, antecedentes familiares de muerte s\u00fabita o <a href=\"https:\/\/www.rxlist.com\/script\/main\/art.asp?articlekey=26787\" rel=\"dict\">arritmia<\/a> <a href=\"https:\/\/www.rxlist.com\/script\/main\/art.asp?articlekey=2328\" rel=\"dict\">ventricular<\/a>, y examen f\u00edsico).<\/p>\n<p>Para reducir el abuso de estimulantes del SNC, incluido VYVANSE, eval\u00fae el riesgo de abuso antes de prescribir. Despu\u00e9s de prescribir, mantenga registros cuidadosos de las recetas, eduque a los pacientes sobre el abuso, monitoree los signos de abuso y sobredosis, y reeval\u00fae la necesidad de VYVANSE. <\/p>\n<h4>Instrucciones generales de uso<\/h4>\n<p>Tome VYVANSE por v\u00eda oral por la ma\u00f1ana con o sin alimentos; evite las dosis por la tarde debido al potencial de insomnio. VYVANSE puede administrarse de una de las siguientes maneras: <\/p>\n<h5>Informaci\u00f3n para c\u00e1psulas de VYVANSE:<\/h5>\n<ul>\n<li>Trague las c\u00e1psulas de VYVANSE enteras, o<\/li>\n<li>Abra las c\u00e1psulas, vac\u00ede y mezcle todo el contenido con yogur, agua o jugo de naranja. Si el contenido de la c\u00e1psula incluye alg\u00fan polvo compactado, se puede usar una cuchara para deshacer el polvo. El contenido debe mezclarse hasta que est\u00e9 completamente disperso. Consuma toda la mezcla <b>inmediatamente.<\/b> No debe almacenarse. El ingrediente activo se disuelve completamente una vez dispersado; sin embargo, puede quedar una pel\u00edcula que contiene los ingredientes inactivos en el vaso o recipiente una vez que se consume la mezcla.     <a href=\"https:\/\/buyadderall.online\/\">Compre Adderall en l\u00ednea &#8211; Adderall a la venta en l\u00ednea. Sin receta m\u00e9dica <\/a><\/li>\n<\/ul>\n<h5>Informaci\u00f3n para tabletas masticables de VYVANSE:<\/h5>\n<p>Las c\u00e1psulas de VYVANSE pueden sustituirse por tabletas masticables de VYVANSE en una base de unidad por unidad\/mg por mg (por ejemplo, c\u00e1psulas de 30 mg por tableta masticable de 30 mg).<\/p>\n<p>No tome menos de una c\u00e1psula o tableta masticable por d\u00eda. Una sola dosis no debe dividirse. <\/p>\n<h4>Dosificaci\u00f3n para el tratamiento del TDAH<\/h4>\n<p>La dosis inicial recomendada es de 30 mg una vez al d\u00eda por la ma\u00f1ana en pacientes de 6 a\u00f1os en adelante. La dosificaci\u00f3n puede ajustarse en incrementos de 10 mg o 20 mg a intervalos de aproximadamente una semana hasta una dosis m\u00e1xima de <a href=\"https:\/\/suboxoneproducts.com\/product\/vyvanse-70-mg\/\">Vyvanse 70 mg<\/a>\/d\u00eda <\/p>\n<h4>Dosificaci\u00f3n para el tratamiento del TPA moderado a severo en adultos<\/h4>\n<p>La dosis inicial recomendada es de 30 mg\/d\u00eda para ser titulada en incrementos de 20 mg a intervalos de aproximadamente una semana para alcanzar la dosis objetivo recomendada de 50 a 70 mg\/d\u00eda. La dosis m\u00e1xima es de 70 mg\/d\u00eda. Discontin\u00fae VYVANSE si el trastorno por atrac\u00f3n no mejora.  <\/p>\n<h3>Usos de Vyvanse<\/h3>\n<p>La lisdexanfetamina se utiliza para tratar el trastorno por d\u00e9ficit de atenci\u00f3n con hiperactividad (TDAH) como parte de un plan de tratamiento integral, que incluye tratamientos psicol\u00f3gicos, sociales y otros. Puede ayudar a aumentar la capacidad de prestar atenci\u00f3n, mantenerse enfocado y dejar de inquietarse. La lisdexanfetamina tambi\u00e9n puede usarse para tratar el trastorno por atrac\u00f3n (TPA). Puede ayudar a reducir el n\u00famero de d\u00edas de atracones.   <\/p>\n<h3>C\u00f3mo usar Vyvanse<\/h3>\n<p>Tome este medicamento con o sin alimentos seg\u00fan las indicaciones de su m\u00e9dico, generalmente una vez al d\u00eda por la ma\u00f1ana. No tome este medicamento por la tarde o por la noche porque puede causarle problemas para dormir. La dosificaci\u00f3n se basa en su condici\u00f3n m\u00e9dica y respuesta al tratamiento. Su m\u00e9dico puede ajustar su dosis para encontrar la dosis que sea mejor para usted. Siga cuidadosamente las instrucciones de su m\u00e9dico.    <\/p>\n<p>Si est\u00e1 tomando la tableta masticable, mastique la tableta completamente y luego tr\u00e1guela.<\/p>\n<h2>Compre vyvanse en l\u00ednea<\/h2>\n<p>Si est\u00e1 tomando la forma de c\u00e1psula de este medicamento, ingiera la c\u00e1psula entera. No obstante, si tiene dificultades para tragar la c\u00e1psula, puede abrirla y verter todo su contenido (polvo) en un vaso de agua o jugo de naranja o mezclarlo con yogur. Revuelva bien hasta que el contenido se disuelva completamente. Beba o ingiera la mezcla inmediatamente. No prepare un suministro con antelaci\u00f3n. Es normal observar una pel\u00edcula de recubrimiento en el interior de su vaso o recipiente despu\u00e9s de beber o ingerir todo el medicamento.     <\/p>\n<p>Utilice este medicamento regularmente para obtener el m\u00e1ximo beneficio. Para ayudarle a recordarlo, t\u00f3melo a la misma hora cada d\u00eda. <\/p>\n<p>Durante el tratamiento, es posible que su m\u00e9dico ocasionalmente recomiende suspender la medicaci\u00f3n por un breve per\u00edodo para observar si hay cambios en su comportamiento y si a\u00fan se necesita el medicamento.<\/p>\n<h2>Vyvanse a la venta<\/h2>\n<p>Este medicamento puede causar reacciones de abstinencia, especialmente si se ha utilizado regularmente durante un largo per\u00edodo o en dosis altas. En tales casos, los s\u00edntomas de abstinencia (incluyendo fatiga severa, problemas de sue\u00f1o, cambios mentales\/de humor como depresi\u00f3n) pueden ocurrir si deja de usar repentinamente este medicamento. Para prevenir las reacciones de abstinencia, su m\u00e9dico puede reducir su dosis gradualmente. Consulte a su m\u00e9dico o farmac\u00e9utico para obtener m\u00e1s detalles, e informe inmediatamente cualquier reacci\u00f3n de abstinencia.   <\/p>\n<p>Aunque ayuda a muchas personas, este medicamento puede a veces causar adicci\u00f3n. Este riesgo puede ser mayor si usted tiene un trastorno por uso de sustancias (como abuso o adicci\u00f3n a drogas\/alcohol). No aumente su dosis, no lo tome con mayor frecuencia, ni lo use por m\u00e1s tiempo del prescrito. Suspenda adecuadamente el medicamento cuando as\u00ed se le indique.   <\/p>\n<p>Cuando este medicamento se utiliza durante un largo per\u00edodo, puede no funcionar tan bien. Hable con su m\u00e9dico si este medicamento deja de funcionar adecuadamente. Compre vyvanse en l\u00ednea  <\/p>\n","protected":false},"excerpt":{"rendered":"<p><strong>Producto: Vyvanse <\/strong><br \/>\n<strong>Concentraci\u00f3n: 50 MG<\/strong><br \/>\n<strong>Presentaci\u00f3n: 100 C\u00e1psulas<\/strong><br \/>\n<strong>Sin receta.<\/strong><\/p>\n","protected":false},"featured_media":1479,"menu_order":0,"comment_status":"open","ping_status":"closed","template":"","meta":[],"product_brand":[],"product_cat":[175],"product_tag":[],"class_list":{"0":"post-1794","1":"product","2":"type-product","3":"status-publish","4":"has-post-thumbnail","6":"product_cat-sin-categorizar-es","8":"first","9":"instock","10":"shipping-taxable","11":"purchasable","12":"product-type-simple"},"yoast_head":"<!-- This site is optimized with the Yoast SEO Premium plugin v23.3 (Yoast SEO v26.4) - https:\/\/yoast.com\/wordpress\/plugins\/seo\/ -->\n<title>Compre Vyvanse en l\u00ednea - Vyvanse 50 mg a la venta en l\u00ednea sin receta m\u00e9dica<\/title>\n<meta name=\"description\" content=\"Compre Vyvanse en l\u00ednea. Vyvanse a la venta. Suministramos c\u00e1psulas de Vyvanse 50 en l\u00ednea a precios muy econ\u00f3micos sin receta m\u00e9dica. Env\u00edo nocturno\" \/>\n<meta name=\"robots\" content=\"index, follow, max-snippet:-1, max-image-preview:large, max-video-preview:-1\" \/>\n<link rel=\"canonical\" href=\"https:\/\/weightlossmedssales.com\/es\/product\/vyvanse-50-mg\/\" \/>\n<meta property=\"og:locale\" content=\"es_ES\" \/>\n<meta property=\"og:type\" content=\"article\" \/>\n<meta property=\"og:title\" content=\"Vyvanse 50 mg\" \/>\n<meta property=\"og:description\" content=\"Compre Vyvanse en l\u00ednea. Vyvanse a la venta. Suministramos c\u00e1psulas de Vyvanse 50 en l\u00ednea a precios muy econ\u00f3micos sin receta m\u00e9dica. Env\u00edo nocturno\" \/>\n<meta property=\"og:url\" content=\"https:\/\/weightlossmedssales.com\/es\/product\/vyvanse-50-mg\/\" \/>\n<meta property=\"og:site_name\" content=\"Family Healthcare Pharmacy\" \/>\n<meta property=\"og:image\" content=\"https:\/\/weightlossmedssales.com\/wp-content\/uploads\/2025\/04\/vyvanse-50-mg-1-scaled-e1679018829909.jpg\" \/>\n\t<meta property=\"og:image:width\" content=\"1600\" \/>\n\t<meta property=\"og:image:height\" content=\"1200\" \/>\n\t<meta property=\"og:image:type\" content=\"image\/jpeg\" \/>\n<meta name=\"twitter:card\" content=\"summary_large_image\" \/>\n<meta name=\"twitter:label1\" content=\"Precio\" \/>\n\t<meta name=\"twitter:data1\" content=\"&#036;2.30\" \/>\n\t<meta name=\"twitter:label2\" content=\"Disponibilidad\" \/>\n\t<meta name=\"twitter:data2\" content=\"Disponible\" \/>\n<script type=\"application\/ld+json\" class=\"yoast-schema-graph\">{\"@context\":\"https:\/\/schema.org\",\"@graph\":[{\"@type\":\"WebPage\",\"@id\":\"https:\/\/weightlossmedssales.com\/es\/product\/vyvanse-50-mg\/\",\"url\":\"https:\/\/weightlossmedssales.com\/es\/product\/vyvanse-50-mg\/\",\"name\":\"Compre Vyvanse en l\u00ednea - Vyvanse 50 mg a la venta en l\u00ednea sin receta m\u00e9dica\",\"isPartOf\":{\"@id\":\"https:\/\/weightlossmedssales.com\/#website\"},\"primaryImageOfPage\":{\"@id\":\"https:\/\/weightlossmedssales.com\/es\/product\/vyvanse-50-mg\/#primaryimage\"},\"image\":{\"@id\":\"https:\/\/weightlossmedssales.com\/es\/product\/vyvanse-50-mg\/#primaryimage\"},\"thumbnailUrl\":\"https:\/\/weightlossmedssales.com\/wp-content\/uploads\/2025\/04\/vyvanse-50-mg-1-scaled-e1679018829909.jpg\",\"datePublished\":\"2025-04-18T10:35:14+00:00\",\"description\":\"Compre Vyvanse en l\u00ednea. Vyvanse a la venta. Suministramos c\u00e1psulas de Vyvanse 50 en l\u00ednea a precios muy econ\u00f3micos sin receta m\u00e9dica. Env\u00edo nocturno\",\"breadcrumb\":{\"@id\":\"https:\/\/weightlossmedssales.com\/es\/product\/vyvanse-50-mg\/#breadcrumb\"},\"inLanguage\":\"es\",\"potentialAction\":[{\"@type\":\"ReadAction\",\"target\":[\"https:\/\/weightlossmedssales.com\/es\/product\/vyvanse-50-mg\/\"]}]},{\"@type\":\"ImageObject\",\"inLanguage\":\"es\",\"@id\":\"https:\/\/weightlossmedssales.com\/es\/product\/vyvanse-50-mg\/#primaryimage\",\"url\":\"https:\/\/weightlossmedssales.com\/wp-content\/uploads\/2025\/04\/vyvanse-50-mg-1-scaled-e1679018829909.jpg\",\"contentUrl\":\"https:\/\/weightlossmedssales.com\/wp-content\/uploads\/2025\/04\/vyvanse-50-mg-1-scaled-e1679018829909.jpg\",\"width\":1600,\"height\":1200},{\"@type\":\"BreadcrumbList\",\"@id\":\"https:\/\/weightlossmedssales.com\/es\/product\/vyvanse-50-mg\/#breadcrumb\",\"itemListElement\":[{\"@type\":\"ListItem\",\"position\":1,\"name\":\"Home\",\"item\":\"https:\/\/weightlossmedssales.com\/es\/inicio\/\"},{\"@type\":\"ListItem\",\"position\":2,\"name\":\"Shop\",\"item\":\"https:\/\/weightlossmedssales.com\/shop\/\"},{\"@type\":\"ListItem\",\"position\":3,\"name\":\"Vyvanse 50 mg\"}]},{\"@type\":\"WebSite\",\"@id\":\"https:\/\/weightlossmedssales.com\/#website\",\"url\":\"https:\/\/weightlossmedssales.com\/\",\"name\":\"Family Healthcare Pharmacy\",\"description\":\"Weight Loss Medicines\",\"potentialAction\":[{\"@type\":\"SearchAction\",\"target\":{\"@type\":\"EntryPoint\",\"urlTemplate\":\"https:\/\/weightlossmedssales.com\/?s={search_term_string}\"},\"query-input\":{\"@type\":\"PropertyValueSpecification\",\"valueRequired\":true,\"valueName\":\"search_term_string\"}}],\"inLanguage\":\"es\"}]}<\/script>\n<meta property=\"product:price:amount\" content=\"2.30\" \/>\n<meta property=\"product:price:currency\" content=\"USD\" \/>\n<meta property=\"og:availability\" content=\"instock\" \/>\n<meta property=\"product:availability\" content=\"instock\" \/>\n<meta property=\"product:retailer_item_id\" content=\"SU93476\" \/>\n<meta property=\"product:condition\" content=\"new\" \/>\n<!-- \/ Yoast SEO Premium plugin. -->","yoast_head_json":{"title":"Compre Vyvanse en l\u00ednea - Vyvanse 50 mg a la venta en l\u00ednea sin receta m\u00e9dica","description":"Compre Vyvanse en l\u00ednea. Vyvanse a la venta. Suministramos c\u00e1psulas de Vyvanse 50 en l\u00ednea a precios muy econ\u00f3micos sin receta m\u00e9dica. Env\u00edo nocturno","robots":{"index":"index","follow":"follow","max-snippet":"max-snippet:-1","max-image-preview":"max-image-preview:large","max-video-preview":"max-video-preview:-1"},"canonical":"https:\/\/weightlossmedssales.com\/es\/product\/vyvanse-50-mg\/","og_locale":"es_ES","og_type":"article","og_title":"Vyvanse 50 mg","og_description":"Compre Vyvanse en l\u00ednea. Vyvanse a la venta. Suministramos c\u00e1psulas de Vyvanse 50 en l\u00ednea a precios muy econ\u00f3micos sin receta m\u00e9dica. Env\u00edo nocturno","og_url":"https:\/\/weightlossmedssales.com\/es\/product\/vyvanse-50-mg\/","og_site_name":"Family Healthcare Pharmacy","og_image":[{"width":1600,"height":1200,"url":"https:\/\/weightlossmedssales.com\/wp-content\/uploads\/2025\/04\/vyvanse-50-mg-1-scaled-e1679018829909.jpg","type":"image\/jpeg"}],"twitter_card":"summary_large_image","twitter_misc":{"Precio":"&#36;2.30","Disponibilidad":"Disponible"},"schema":{"@context":"https:\/\/schema.org","@graph":[{"@type":"WebPage","@id":"https:\/\/weightlossmedssales.com\/es\/product\/vyvanse-50-mg\/","url":"https:\/\/weightlossmedssales.com\/es\/product\/vyvanse-50-mg\/","name":"Compre Vyvanse en l\u00ednea - Vyvanse 50 mg a la venta en l\u00ednea sin receta m\u00e9dica","isPartOf":{"@id":"https:\/\/weightlossmedssales.com\/#website"},"primaryImageOfPage":{"@id":"https:\/\/weightlossmedssales.com\/es\/product\/vyvanse-50-mg\/#primaryimage"},"image":{"@id":"https:\/\/weightlossmedssales.com\/es\/product\/vyvanse-50-mg\/#primaryimage"},"thumbnailUrl":"https:\/\/weightlossmedssales.com\/wp-content\/uploads\/2025\/04\/vyvanse-50-mg-1-scaled-e1679018829909.jpg","datePublished":"2025-04-18T10:35:14+00:00","description":"Compre Vyvanse en l\u00ednea. Vyvanse a la venta. Suministramos c\u00e1psulas de Vyvanse 50 en l\u00ednea a precios muy econ\u00f3micos sin receta m\u00e9dica. Env\u00edo nocturno","breadcrumb":{"@id":"https:\/\/weightlossmedssales.com\/es\/product\/vyvanse-50-mg\/#breadcrumb"},"inLanguage":"es","potentialAction":[{"@type":"ReadAction","target":["https:\/\/weightlossmedssales.com\/es\/product\/vyvanse-50-mg\/"]}]},{"@type":"ImageObject","inLanguage":"es","@id":"https:\/\/weightlossmedssales.com\/es\/product\/vyvanse-50-mg\/#primaryimage","url":"https:\/\/weightlossmedssales.com\/wp-content\/uploads\/2025\/04\/vyvanse-50-mg-1-scaled-e1679018829909.jpg","contentUrl":"https:\/\/weightlossmedssales.com\/wp-content\/uploads\/2025\/04\/vyvanse-50-mg-1-scaled-e1679018829909.jpg","width":1600,"height":1200},{"@type":"BreadcrumbList","@id":"https:\/\/weightlossmedssales.com\/es\/product\/vyvanse-50-mg\/#breadcrumb","itemListElement":[{"@type":"ListItem","position":1,"name":"Home","item":"https:\/\/weightlossmedssales.com\/es\/inicio\/"},{"@type":"ListItem","position":2,"name":"Shop","item":"https:\/\/weightlossmedssales.com\/shop\/"},{"@type":"ListItem","position":3,"name":"Vyvanse 50 mg"}]},{"@type":"WebSite","@id":"https:\/\/weightlossmedssales.com\/#website","url":"https:\/\/weightlossmedssales.com\/","name":"Family Healthcare Pharmacy","description":"Weight Loss Medicines","potentialAction":[{"@type":"SearchAction","target":{"@type":"EntryPoint","urlTemplate":"https:\/\/weightlossmedssales.com\/?s={search_term_string}"},"query-input":{"@type":"PropertyValueSpecification","valueRequired":true,"valueName":"search_term_string"}}],"inLanguage":"es"}]},"product_price_amount":"2.30","product_price_currency":"USD","og_availability":"instock","product_availability":"instock","product_retailer_item_id":"SU93476","product_condition":"new"},"_links":{"self":[{"href":"https:\/\/weightlossmedssales.com\/es\/wp-json\/wp\/v2\/product\/1794","targetHints":{"allow":["GET"]}}],"collection":[{"href":"https:\/\/weightlossmedssales.com\/es\/wp-json\/wp\/v2\/product"}],"about":[{"href":"https:\/\/weightlossmedssales.com\/es\/wp-json\/wp\/v2\/types\/product"}],"replies":[{"embeddable":true,"href":"https:\/\/weightlossmedssales.com\/es\/wp-json\/wp\/v2\/comments?post=1794"}],"version-history":[{"count":0,"href":"https:\/\/weightlossmedssales.com\/es\/wp-json\/wp\/v2\/product\/1794\/revisions"}],"wp:featuredmedia":[{"embeddable":true,"href":"https:\/\/weightlossmedssales.com\/es\/wp-json\/wp\/v2\/media\/1479"}],"wp:attachment":[{"href":"https:\/\/weightlossmedssales.com\/es\/wp-json\/wp\/v2\/media?parent=1794"}],"wp:term":[{"taxonomy":"product_brand","embeddable":true,"href":"https:\/\/weightlossmedssales.com\/es\/wp-json\/wp\/v2\/product_brand?post=1794"},{"taxonomy":"product_cat","embeddable":true,"href":"https:\/\/weightlossmedssales.com\/es\/wp-json\/wp\/v2\/product_cat?post=1794"},{"taxonomy":"product_tag","embeddable":true,"href":"https:\/\/weightlossmedssales.com\/es\/wp-json\/wp\/v2\/product_tag?post=1794"}],"curies":[{"name":"wp","href":"https:\/\/api.w.org\/{rel}","templated":true}]}}