{"id":1798,"date":"2025-04-18T10:35:14","date_gmt":"2025-04-18T10:35:14","guid":{"rendered":"https:\/\/weightlossmedssales.com\/product\/metadona-40-mg\/"},"modified":"2025-04-18T10:35:14","modified_gmt":"2025-04-18T10:35:14","slug":"metadona-40-mg","status":"publish","type":"product","link":"https:\/\/weightlossmedssales.com\/es\/product\/metadona-40-mg\/","title":{"rendered":"Metadona 40 MG"},"content":{"rendered":"<h1>Adquiera metadona de 40 mg en l\u00ednea<\/h1>\n<p>Adquiera metadona en l\u00ednea. La metadona es un medicamento de prescripci\u00f3n. Es un opioide, lo que la convierte en una sustancia controlada. Esto significa que su uso ser\u00e1 estrictamente supervisado por su m\u00e9dico.   <\/p>\n<p>La metadona se presenta en forma de comprimido oral, comprimido dispersable oral (comprimido que puede disolverse en l\u00edquido), soluci\u00f3n concentrada oral y soluci\u00f3n oral. La metadona tambi\u00e9n se presenta en forma intravenosa (IV), que solo es administrada por un profesional sanitario. <\/p>\n<p>La metadona est\u00e1 disponible como medicamentos de marca <strong>Methadose<\/strong> y <strong>Dolophine<\/strong>. Tambi\u00e9n est\u00e1 disponible como medicamento gen\u00e9rico. Los medicamentos gen\u00e9ricos suelen costar menos que las versiones de marca. En algunos casos, es posible que no est\u00e9n disponibles en todas las concentraciones o formas que los medicamentos de marca.   <\/p>\n<h3>Por qu\u00e9 se utiliza<\/h3>\n<p>El comprimido oral de metadona se utiliza para controlar el dolor moderado a severo. Solo se administra cuando otros analg\u00e9sicos a corto plazo o no opioides no son eficaces para usted o si no puede tolerarlos. <\/p>\n<p>La metadona tambi\u00e9n se utiliza para tratar la adicci\u00f3n a las drogas. Si usted es adicto a otro opioide, su m\u00e9dico puede recetarle metadona para evitar que experimente s\u00edntomas de abstinencia graves. <\/p>\n<h3>C\u00f3mo funciona<\/h3>\n<p>La metadona pertenece a una clase de medicamentos llamados <a class=\"content-link css-5r4717\" href=\"https:\/\/www.healthline.com\/health\/opioids-list\" target=\"_blank\" rel=\"noopener noreferrer\">opioides<\/a> (narc\u00f3ticos). Una clase de medicamentos es un grupo de f\u00e1rmacos que funcionan de manera similar. Estos medicamentos se utilizan a menudo para tratar afecciones similares.  <\/p>\n<p>La metadona act\u00faa sobre los receptores del dolor en su cuerpo. Reduce la intensidad del dolor que usted percibe. <\/p>\n<p>La metadona tambi\u00e9n puede reemplazar otro medicamento opioide al que usted sea adicto. Esto evitar\u00e1 que experimente s\u00edntomas de abstinencia graves. Adquiera metadona en l\u00ednea.  <\/p>\n","protected":false},"excerpt":{"rendered":"<p>Adquiera metadona de 40 mg en l\u00ednea Adquiera metadona en l\u00ednea. La metadona es un medicamento de prescripci\u00f3n. Es un opioide, lo que la convierte en una sustancia controlada. Esto significa que su uso ser\u00e1 estrictamente supervisado por su m\u00e9dico. La metadona se presenta en forma de comprimido oral, comprimido dispersable oral (comprimido que puede &#8230;<\/p>\n","protected":false},"featured_media":1491,"menu_order":0,"comment_status":"open","ping_status":"closed","template":"","meta":[],"product_brand":[],"product_cat":[175],"product_tag":[],"class_list":{"0":"post-1798","1":"product","2":"type-product","3":"status-publish","4":"has-post-thumbnail","6":"product_cat-sin-categorizar-es","8":"first","9":"instock","10":"shipping-taxable","11":"purchasable","12":"product-type-simple"},"yoast_head":"<!-- This site is optimized with the Yoast SEO Premium plugin v23.3 (Yoast SEO v26.4) - https:\/\/yoast.com\/wordpress\/plugins\/seo\/ -->\n<title>Compre metadona en l\u00ednea - Metadona 40 mg a la venta<\/title>\n<meta name=\"description\" content=\"Adquiera metadona en l\u00ednea. P\u00edldoras de metadona de 40 mg a la venta en l\u00ednea sin prescripci\u00f3n m\u00e9dica. Empaquetado y env\u00edo discretos. Vis\u00edtenos ahora para obtener m\u00e1s informaci\u00f3n\" \/>\n<meta name=\"robots\" content=\"index, follow, max-snippet:-1, max-image-preview:large, max-video-preview:-1\" \/>\n<link rel=\"canonical\" href=\"https:\/\/weightlossmedssales.com\/es\/product\/metadona-40-mg\/\" \/>\n<meta property=\"og:locale\" content=\"es_ES\" \/>\n<meta property=\"og:type\" content=\"article\" \/>\n<meta property=\"og:title\" content=\"Metadona 40 MG\" \/>\n<meta property=\"og:description\" content=\"Adquiera metadona en l\u00ednea. P\u00edldoras de metadona de 40 mg a la venta en l\u00ednea sin prescripci\u00f3n m\u00e9dica. Empaquetado y env\u00edo discretos. Vis\u00edtenos ahora para obtener m\u00e1s informaci\u00f3n\" \/>\n<meta property=\"og:url\" content=\"https:\/\/weightlossmedssales.com\/es\/product\/metadona-40-mg\/\" \/>\n<meta property=\"og:site_name\" content=\"Family Healthcare Pharmacy\" \/>\n<meta property=\"og:image\" content=\"https:\/\/weightlossmedssales.com\/wp-content\/uploads\/2025\/04\/Methadose-40mg-5-Disks-600x450-1.jpg\" \/>\n\t<meta property=\"og:image:width\" content=\"600\" \/>\n\t<meta property=\"og:image:height\" content=\"450\" \/>\n\t<meta property=\"og:image:type\" content=\"image\/jpeg\" \/>\n<meta name=\"twitter:card\" content=\"summary_large_image\" \/>\n<meta name=\"twitter:label1\" content=\"Precio\" \/>\n\t<meta name=\"twitter:data1\" content=\"&#036;2.00\" \/>\n\t<meta name=\"twitter:label2\" content=\"Disponibilidad\" \/>\n\t<meta name=\"twitter:data2\" content=\"Disponible\" \/>\n<script type=\"application\/ld+json\" class=\"yoast-schema-graph\">{\"@context\":\"https:\/\/schema.org\",\"@graph\":[{\"@type\":\"WebPage\",\"@id\":\"https:\/\/weightlossmedssales.com\/es\/product\/metadona-40-mg\/\",\"url\":\"https:\/\/weightlossmedssales.com\/es\/product\/metadona-40-mg\/\",\"name\":\"Compre metadona en l\u00ednea - Metadona 40 mg a la venta\",\"isPartOf\":{\"@id\":\"https:\/\/weightlossmedssales.com\/#website\"},\"primaryImageOfPage\":{\"@id\":\"https:\/\/weightlossmedssales.com\/es\/product\/metadona-40-mg\/#primaryimage\"},\"image\":{\"@id\":\"https:\/\/weightlossmedssales.com\/es\/product\/metadona-40-mg\/#primaryimage\"},\"thumbnailUrl\":\"https:\/\/weightlossmedssales.com\/wp-content\/uploads\/2025\/04\/Methadose-40mg-5-Disks-600x450-1.jpg\",\"datePublished\":\"2025-04-18T10:35:14+00:00\",\"description\":\"Adquiera metadona en l\u00ednea. P\u00edldoras de metadona de 40 mg a la venta en l\u00ednea sin prescripci\u00f3n m\u00e9dica. Empaquetado y env\u00edo discretos. Vis\u00edtenos ahora para obtener m\u00e1s informaci\u00f3n\",\"breadcrumb\":{\"@id\":\"https:\/\/weightlossmedssales.com\/es\/product\/metadona-40-mg\/#breadcrumb\"},\"inLanguage\":\"es\",\"potentialAction\":[{\"@type\":\"ReadAction\",\"target\":[\"https:\/\/weightlossmedssales.com\/es\/product\/metadona-40-mg\/\"]}]},{\"@type\":\"ImageObject\",\"inLanguage\":\"es\",\"@id\":\"https:\/\/weightlossmedssales.com\/es\/product\/metadona-40-mg\/#primaryimage\",\"url\":\"https:\/\/weightlossmedssales.com\/wp-content\/uploads\/2025\/04\/Methadose-40mg-5-Disks-600x450-1.jpg\",\"contentUrl\":\"https:\/\/weightlossmedssales.com\/wp-content\/uploads\/2025\/04\/Methadose-40mg-5-Disks-600x450-1.jpg\",\"width\":600,\"height\":450},{\"@type\":\"BreadcrumbList\",\"@id\":\"https:\/\/weightlossmedssales.com\/es\/product\/metadona-40-mg\/#breadcrumb\",\"itemListElement\":[{\"@type\":\"ListItem\",\"position\":1,\"name\":\"Home\",\"item\":\"https:\/\/weightlossmedssales.com\/es\/inicio\/\"},{\"@type\":\"ListItem\",\"position\":2,\"name\":\"Shop\",\"item\":\"https:\/\/weightlossmedssales.com\/shop\/\"},{\"@type\":\"ListItem\",\"position\":3,\"name\":\"Metadona 40 MG\"}]},{\"@type\":\"WebSite\",\"@id\":\"https:\/\/weightlossmedssales.com\/#website\",\"url\":\"https:\/\/weightlossmedssales.com\/\",\"name\":\"Family Healthcare Pharmacy\",\"description\":\"Weight Loss Medicines\",\"potentialAction\":[{\"@type\":\"SearchAction\",\"target\":{\"@type\":\"EntryPoint\",\"urlTemplate\":\"https:\/\/weightlossmedssales.com\/?s={search_term_string}\"},\"query-input\":{\"@type\":\"PropertyValueSpecification\",\"valueRequired\":true,\"valueName\":\"search_term_string\"}}],\"inLanguage\":\"es\"}]}<\/script>\n<meta property=\"product:price:amount\" content=\"2.00\" \/>\n<meta property=\"product:price:currency\" content=\"USD\" \/>\n<meta property=\"og:availability\" content=\"instock\" \/>\n<meta property=\"product:availability\" content=\"instock\" \/>\n<meta property=\"product:retailer_item_id\" content=\"SU51979\" \/>\n<meta property=\"product:condition\" content=\"new\" \/>\n<!-- \/ Yoast SEO Premium plugin. -->","yoast_head_json":{"title":"Compre metadona en l\u00ednea - Metadona 40 mg a la venta","description":"Adquiera metadona en l\u00ednea. P\u00edldoras de metadona de 40 mg a la venta en l\u00ednea sin prescripci\u00f3n m\u00e9dica. Empaquetado y env\u00edo discretos. Vis\u00edtenos ahora para obtener m\u00e1s informaci\u00f3n","robots":{"index":"index","follow":"follow","max-snippet":"max-snippet:-1","max-image-preview":"max-image-preview:large","max-video-preview":"max-video-preview:-1"},"canonical":"https:\/\/weightlossmedssales.com\/es\/product\/metadona-40-mg\/","og_locale":"es_ES","og_type":"article","og_title":"Metadona 40 MG","og_description":"Adquiera metadona en l\u00ednea. P\u00edldoras de metadona de 40 mg a la venta en l\u00ednea sin prescripci\u00f3n m\u00e9dica. Empaquetado y env\u00edo discretos. Vis\u00edtenos ahora para obtener m\u00e1s informaci\u00f3n","og_url":"https:\/\/weightlossmedssales.com\/es\/product\/metadona-40-mg\/","og_site_name":"Family Healthcare Pharmacy","og_image":[{"width":600,"height":450,"url":"https:\/\/weightlossmedssales.com\/wp-content\/uploads\/2025\/04\/Methadose-40mg-5-Disks-600x450-1.jpg","type":"image\/jpeg"}],"twitter_card":"summary_large_image","twitter_misc":{"Precio":"&#36;2.00","Disponibilidad":"Disponible"},"schema":{"@context":"https:\/\/schema.org","@graph":[{"@type":"WebPage","@id":"https:\/\/weightlossmedssales.com\/es\/product\/metadona-40-mg\/","url":"https:\/\/weightlossmedssales.com\/es\/product\/metadona-40-mg\/","name":"Compre metadona en l\u00ednea - Metadona 40 mg a la venta","isPartOf":{"@id":"https:\/\/weightlossmedssales.com\/#website"},"primaryImageOfPage":{"@id":"https:\/\/weightlossmedssales.com\/es\/product\/metadona-40-mg\/#primaryimage"},"image":{"@id":"https:\/\/weightlossmedssales.com\/es\/product\/metadona-40-mg\/#primaryimage"},"thumbnailUrl":"https:\/\/weightlossmedssales.com\/wp-content\/uploads\/2025\/04\/Methadose-40mg-5-Disks-600x450-1.jpg","datePublished":"2025-04-18T10:35:14+00:00","description":"Adquiera metadona en l\u00ednea. P\u00edldoras de metadona de 40 mg a la venta en l\u00ednea sin prescripci\u00f3n m\u00e9dica. Empaquetado y env\u00edo discretos. Vis\u00edtenos ahora para obtener m\u00e1s informaci\u00f3n","breadcrumb":{"@id":"https:\/\/weightlossmedssales.com\/es\/product\/metadona-40-mg\/#breadcrumb"},"inLanguage":"es","potentialAction":[{"@type":"ReadAction","target":["https:\/\/weightlossmedssales.com\/es\/product\/metadona-40-mg\/"]}]},{"@type":"ImageObject","inLanguage":"es","@id":"https:\/\/weightlossmedssales.com\/es\/product\/metadona-40-mg\/#primaryimage","url":"https:\/\/weightlossmedssales.com\/wp-content\/uploads\/2025\/04\/Methadose-40mg-5-Disks-600x450-1.jpg","contentUrl":"https:\/\/weightlossmedssales.com\/wp-content\/uploads\/2025\/04\/Methadose-40mg-5-Disks-600x450-1.jpg","width":600,"height":450},{"@type":"BreadcrumbList","@id":"https:\/\/weightlossmedssales.com\/es\/product\/metadona-40-mg\/#breadcrumb","itemListElement":[{"@type":"ListItem","position":1,"name":"Home","item":"https:\/\/weightlossmedssales.com\/es\/inicio\/"},{"@type":"ListItem","position":2,"name":"Shop","item":"https:\/\/weightlossmedssales.com\/shop\/"},{"@type":"ListItem","position":3,"name":"Metadona 40 MG"}]},{"@type":"WebSite","@id":"https:\/\/weightlossmedssales.com\/#website","url":"https:\/\/weightlossmedssales.com\/","name":"Family Healthcare Pharmacy","description":"Weight Loss Medicines","potentialAction":[{"@type":"SearchAction","target":{"@type":"EntryPoint","urlTemplate":"https:\/\/weightlossmedssales.com\/?s={search_term_string}"},"query-input":{"@type":"PropertyValueSpecification","valueRequired":true,"valueName":"search_term_string"}}],"inLanguage":"es"}]},"product_price_amount":"2.00","product_price_currency":"USD","og_availability":"instock","product_availability":"instock","product_retailer_item_id":"SU51979","product_condition":"new"},"_links":{"self":[{"href":"https:\/\/weightlossmedssales.com\/es\/wp-json\/wp\/v2\/product\/1798","targetHints":{"allow":["GET"]}}],"collection":[{"href":"https:\/\/weightlossmedssales.com\/es\/wp-json\/wp\/v2\/product"}],"about":[{"href":"https:\/\/weightlossmedssales.com\/es\/wp-json\/wp\/v2\/types\/product"}],"replies":[{"embeddable":true,"href":"https:\/\/weightlossmedssales.com\/es\/wp-json\/wp\/v2\/comments?post=1798"}],"version-history":[{"count":0,"href":"https:\/\/weightlossmedssales.com\/es\/wp-json\/wp\/v2\/product\/1798\/revisions"}],"wp:featuredmedia":[{"embeddable":true,"href":"https:\/\/weightlossmedssales.com\/es\/wp-json\/wp\/v2\/media\/1491"}],"wp:attachment":[{"href":"https:\/\/weightlossmedssales.com\/es\/wp-json\/wp\/v2\/media?parent=1798"}],"wp:term":[{"taxonomy":"product_brand","embeddable":true,"href":"https:\/\/weightlossmedssales.com\/es\/wp-json\/wp\/v2\/product_brand?post=1798"},{"taxonomy":"product_cat","embeddable":true,"href":"https:\/\/weightlossmedssales.com\/es\/wp-json\/wp\/v2\/product_cat?post=1798"},{"taxonomy":"product_tag","embeddable":true,"href":"https:\/\/weightlossmedssales.com\/es\/wp-json\/wp\/v2\/product_tag?post=1798"}],"curies":[{"name":"wp","href":"https:\/\/api.w.org\/{rel}","templated":true}]}}