{"id":1800,"date":"2025-04-18T10:52:59","date_gmt":"2025-04-18T10:52:59","guid":{"rendered":"https:\/\/weightlossmedssales.com\/product\/focalin-20-mg\/"},"modified":"2025-04-18T10:52:59","modified_gmt":"2025-04-18T10:52:59","slug":"focalin-20-mg","status":"publish","type":"product","link":"https:\/\/weightlossmedssales.com\/es\/product\/focalin-20-mg\/","title":{"rendered":"Focalin 20 mg"},"content":{"rendered":"<h1>Focalin 20 en venta<\/h1>\n<p><a class=\"styles__StyledAction-sc-1xjy49r-0 NVfj\" tabindex=\"0\" href=\"https:\/\/www.goodrx.com\/dexmethylphenidate\" target=\"_self\" rel=\"noopener\" data-qa=\"description-link-0\">Dexmetilfenidato<\/a><span class=\"styles__StyledText-sc-1vmlgyl-0 jPuXBO re-text\" data-qa=\"description-text-1\"> (Focalin) es un medicamento costoso utilizado para tratar el <\/span><a class=\"styles__StyledAction-sc-1xjy49r-0 NVfj\" tabindex=\"0\" href=\"https:\/\/www.goodrx.com\/adhd\" target=\"_self\" rel=\"noopener\" data-qa=\"description-link-2\">trastorno por d\u00e9ficit de atenci\u00f3n e hiperactividad<\/a><span class=\"styles__StyledText-sc-1vmlgyl-0 jPuXBO re-text\" data-qa=\"description-text-3\"> (<\/span><a class=\"styles__StyledAction-sc-1xjy49r-0 NVfj\" tabindex=\"0\" href=\"https:\/\/www.goodrx.com\/adhd\" target=\"_self\" rel=\"noopener\" data-qa=\"description-link-4\">TDAH<\/a><span class=\"styles__StyledText-sc-1vmlgyl-0 jPuXBO re-text\" data-qa=\"description-text-5\">). Este f\u00e1rmaco es menos popular que otros medicamentos comparables. Est\u00e1 disponible en versiones de marca y gen\u00e9ricas. La versi\u00f3n m\u00e1s com\u00fan de Focalin est\u00e1 cubierta por el 73% de los planes de seguro con un copago de $60.00-$80.00; sin embargo, algunos cupones de farmacia o precios en efectivo pueden ser m\u00e1s bajos.  <\/span><\/p>\n<div class=\"my-section-child last:mb-0 max-w-content mx-auto px-component-2 px-section-child\" data-qa=\"DSM-SectionChild\">\n<div data-qa=\"BodyCopy\">\n<div class=\"last-child-margin-reset text-component-2 break-words\">\n<p class=\"mb-component-1\">El dexmetilfenidato (Focalin) trata el trastorno por d\u00e9ficit de atenci\u00f3n e hiperactividad (TDAH) y generalmente se recomienda si los medicamentos de primera elecci\u00f3n para el TDAH no funcionan para usted. No obstante, este medicamento tiene un alto potencial de abuso y uso indebido. <\/p>\n<\/div>\n<\/div>\n<\/div>\n<div class=\"my-section-child last:mb-0 max-w-content mx-auto px-component-2 px-section-child\" data-qa=\"DSM-SectionChild\">\n<div class=\"flex-none md:flex md:flex-row mt-component-5\" data-qa=\"ColumnContainer\">\n<div class=\"flex-1 md:w-1\/2 mb-component-1 md:mr-column\">\n<div data-qa=\"BodyCopy\">\n<div class=\"last-child-margin-reset text-component-2 break-words\">\n<h3 class=\"text-align-generic-title lg:text-generic-title text-generic-title font-generic-title-mobile lg:font-generic-title leading-component-1 font-component-1 mb-component-3\">MARCAS COMUNES<\/h3>\n<p class=\"mb-component-1\">Focalin, Focalin XR<\/p>\n<h3 class=\"text-align-generic-title lg:text-generic-title text-generic-title font-generic-title-mobile lg:font-generic-title leading-component-1 font-component-1 mb-component-3\">CLASE DE F\u00c1RMACO<\/h3>\n<p class=\"mb-component-1\">Estimulante<\/p>\n<h2 class=\"max-w-content mx-auto lg:text-section-title text-section-title-mobile font-section-title font-2 leading-component-1 mb-section-title text-align-section-title border-b-2 border-section-title-underline py-section-title px-component-2\" data-qa=\"sectionTitle\">\u00bfQu\u00e9 es el dexmetilfenidato (Focalin)?<\/h2>\n<div class=\"my-section-child last:mb-0 max-w-content mx-auto px-component-2 px-section-child\" data-qa=\"DSM-SectionChild\">\n<div data-qa=\"BodyCopy\">\n<div class=\"last-child-margin-reset text-component-2 break-words\">\n<h3 class=\"text-align-generic-title lg:text-generic-title text-generic-title font-generic-title-mobile lg:font-generic-title leading-component-1 font-component-1 mb-component-3\">C\u00f3mo funciona el dexmetilfenidato (Focalin)<\/h3>\n<p class=\"mb-component-1\">El dexmetilfenidato (Focalin) es un estimulante que trata el trastorno por d\u00e9ficit de atenci\u00f3n e hiperactividad (TDAH) aumentando la actividad de la norepinefrina y la dopamina en el cerebro, lo que afecta la atenci\u00f3n y el comportamiento.<\/p>\n<\/div>\n<\/div>\n<\/div>\n<div class=\"my-section-child last:mb-0 max-w-content mx-auto px-component-2 px-section-child\" data-qa=\"DSM-SectionChild\">\n<div data-qa=\"BodyCopy\">\n<div class=\"last-child-margin-reset text-component-2 break-words\">\n<h3 class=\"text-align-generic-title lg:text-generic-title text-generic-title font-generic-title-mobile lg:font-generic-title leading-component-1 font-component-1 mb-component-3\">\u00bfPara qu\u00e9 se utiliza el dexmetilfenidato (Focalin)?<\/h3>\n<ul class=\"list-disc my-component-4\">\n<li class=\"mb-component-2 ml-bulleted-list\">Trastorno por d\u00e9ficit de atenci\u00f3n e hiperactividad (TDAH)<\/li>\n<\/ul>\n<\/div>\n<\/div>\n<\/div>\n<div class=\"my-section-child last:mb-0 max-w-content mx-auto px-component-2 px-section-child\" data-qa=\"DSM-SectionChild\">\n<div class=\"last-child-margin-reset text-component-2 break-words\">\n<h3 class=\"text-align-generic-title lg:text-generic-title text-generic-title font-generic-title-mobile lg:font-generic-title leading-component-1 font-component-1 mb-component-3\">Formas de dosificaci\u00f3n del dexmetilfenidato (Focalin)<\/h3>\n<div class=\"flex flex-wrap mt-component-5 text-component-1\">\n<div class=\"w-full md:w-1\/2 mb-component-1 flex\">\n<div class=\"flex-initial w-full\"><span class=\"capitalize\">Tableta<\/span><\/p>\n<div class=\"pt-3 flex-inital flex flex-wrap\"><a class=\"text-primary pr-3 whitespace-nowrap\" href=\"https:\/\/www.goodrx.com\/dexmethylphenidate?dosage=2.5mg&amp;form=tablet&amp;quantity=30\" target=\"\" rel=\"noopener\" data-qa=\"DSM-Link\">2,5 mg <\/a><a class=\"text-primary pr-3 whitespace-nowrap\" href=\"https:\/\/www.goodrx.com\/dexmethylphenidate?dosage=5mg&amp;form=tablet&amp;quantity=30\" target=\"\" rel=\"noopener\" data-qa=\"DSM-Link\">5 mg <\/a><a class=\"text-primary pr-3 whitespace-nowrap\" href=\"https:\/\/www.goodrx.com\/dexmethylphenidate?dosage=10mg&amp;form=tablet&amp;quantity=60\" target=\"\" rel=\"noopener\" data-qa=\"DSM-Link\">10 mg<\/a><\/div>\n<div>\n<h3 class=\"text-align-generic-title lg:text-generic-title text-generic-title font-generic-title-mobile lg:font-generic-title leading-component-1 font-component-1 mb-component-3\">Dosificaci\u00f3n t\u00edpica del dexmetilfenidato (Focalin)<\/h3>\n<ul class=\"list-disc my-component-4\">\n<li class=\"mb-component-2 ml-bulleted-list\"><strong>Comprimido de liberaci\u00f3n inmediata:<\/strong> Comenzar con 2,5 mg por v\u00eda oral dos veces al d\u00eda. Su proveedor podr\u00eda aumentar su dosis seg\u00fan su respuesta hasta una dosis m\u00e1xima de 20 mg por d\u00eda. <\/li>\n<li class=\"mb-component-2 ml-bulleted-list\"><strong><a class=\"text-primary hover:text-simple-link-hover\" href=\"https:\/\/dailymed.nlm.nih.gov\/dailymed\/drugInfo.cfm?setid=1a1da905-42a0-4748-9c39-67eca45deccc\" target=\"_blank\" rel=\"noopener noreferrer\" data-qa=\"DSM-Link\" data-location=\"Content\" data-type=\"body-copy-group\" data-url=\"https:\/\/dailymed.nlm.nih.gov\/dailymed\/drugInfo.cfm?setid=1a1da905-42a0-4748-9c39-67eca45deccc\" data-content=\"Extended-release capsule\" data-content-id=\"c915b1fa-ec3b-4310-aded-18c7dfee3b1c\" data-content-category=\"\" data-content-category-id=\"uses\" data-content-position=\"3\">C\u00e1psula de liberaci\u00f3n prolongada<\/a>:<\/strong> Comenzar con 10 mg por v\u00eda oral una vez al d\u00eda. Su proveedor podr\u00eda aumentar su dosis seg\u00fan su respuesta hasta una dosis m\u00e1xima de 40 mg por d\u00eda. <\/li>\n<\/ul>\n<h2 class=\"max-w-content mx-auto lg:text-section-title text-section-title-mobile font-section-title font-2 leading-component-1 mb-section-title text-align-section-title border-b-2 border-section-title-underline py-section-title px-component-2\" data-qa=\"sectionTitle\">\u00bfCu\u00e1les son los riesgos y advertencias del dexmetilfenidato (Focalin)?<\/h2>\n<div class=\"my-section-child last:mb-0 max-w-content mx-auto px-component-2 px-section-child\" data-qa=\"DSM-SectionChild\">\n<div data-qa=\"BodyCopy\">\n<div class=\"last-child-margin-reset text-component-2 break-words\">\n<p class=\"mb-component-1\">El dexmetilfenidato (Focalin) puede causar algunos problemas de salud graves. Este riesgo puede ser a\u00fan mayor para ciertos grupos. Si esto le preocupa, hable con su m\u00e9dico o farmac\u00e9utico sobre otras opciones  <\/p>\n<\/div>\n<\/div>\n<\/div>\n<div class=\"my-section-child last:mb-0 max-w-content mx-auto px-component-2 px-section-child\" data-qa=\"DSM-SectionChild\">\n<div data-qa=\"BodyCopy\">\n<div class=\"last-child-margin-reset text-component-2 break-words\">\n<h3 class=\"text-align-generic-title lg:text-generic-title text-generic-title font-generic-title-mobile lg:font-generic-title leading-component-1 font-component-1 mb-component-3\">Abuso y dependencia<\/h3>\n<ul class=\"list-disc my-component-4\">\n<li class=\"mb-component-2 ml-bulleted-list\"><em><strong>Factores de riesgo:<\/strong> Antecedentes de abuso de drogas | Alcoholismo<\/em><\/li>\n<\/ul>\n<p class=\"flex mb-component-1\"><span class=\"px-4 my-auto\">Este medicamento tiene un riesgo de abuso y dependencia. Tome solo lo que su proveedor le recet\u00f3 para reducir los riesgos de abuso y sobredosis. El uso indebido de este f\u00e1rmaco puede hacer que sea menos efectivo. Las personas con antecedentes de abuso de drogas y alcohol no deben tomarlo.   <\/span><\/p>\n<h3 class=\"text-align-generic-title lg:text-generic-title text-generic-title font-generic-title-mobile lg:font-generic-title leading-component-1 font-component-1 mb-component-3\">Problemas card\u00edacos graves o potencialmente mortales<\/h3>\n<ul class=\"list-disc my-component-4\">\n<li class=\"mb-component-2 ml-bulleted-list\"><em><strong>Factores de riesgo:<\/strong> Antecedentes de problemas card\u00edacos<\/em><\/li>\n<\/ul>\n<p class=\"mb-component-1\">Las personas que usan dexmetilfenidato (Focalin) tienen un mayor riesgo de ataque card\u00edaco, accidente cerebrovascular e incluso muerte en algunos casos. Si tiene antecedentes de problemas o defectos card\u00edacos, no debe usar este medicamento, y debe someterse a un examen card\u00edaco antes de comenzar. Ocasionalmente, el dexmetilfenidato (Focalin) puede causar desmayos inexplicables o dolor en el pecho que aparece con la actividad f\u00edsica. Hable con su proveedor sobre su plan de ejercicios para ayudar a evitar estos problemas. Compre focalin en l\u00ednea    <\/p>\n<\/div>\n<\/div>\n<\/div>\n<\/div>\n<\/div>\n<\/div>\n<\/div>\n<\/div>\n<\/div>\n<\/div>\n<\/div>\n<\/div>\n<\/div>\n<\/div>\n","protected":false},"excerpt":{"rendered":"<p>Focalin 20 en venta Dexmetilfenidato (Focalin) es un medicamento costoso utilizado para tratar el trastorno por d\u00e9ficit de atenci\u00f3n e hiperactividad (TDAH). Este f\u00e1rmaco es menos popular que otros medicamentos comparables. Est\u00e1 disponible en versiones de marca y gen\u00e9ricas. La versi\u00f3n m\u00e1s com\u00fan de Focalin est\u00e1 cubierta por el 73% de los planes de seguro &#8230;<\/p>\n","protected":false},"featured_media":1509,"menu_order":0,"comment_status":"open","ping_status":"closed","template":"","meta":[],"product_brand":[],"product_cat":[199],"product_tag":[],"class_list":{"0":"post-1800","1":"product","2":"type-product","3":"status-publish","4":"has-post-thumbnail","6":"product_cat-compre-focalin-en-linea","8":"first","9":"instock","10":"shipping-taxable","11":"purchasable","12":"product-type-simple"},"yoast_head":"<!-- This site is optimized with the Yoast SEO Premium plugin v23.3 (Yoast SEO v27.4) - https:\/\/yoast.com\/product\/yoast-seo-premium-wordpress\/ -->\n<title>Focalin 20 mg - Family Healthcare Pharmacy<\/title>\n<meta name=\"robots\" content=\"index, follow, max-snippet:-1, max-image-preview:large, max-video-preview:-1\" \/>\n<link rel=\"canonical\" href=\"https:\/\/weightlossmedssales.com\/product\/focalin-20-mg\/\" \/>\n<meta property=\"og:locale\" content=\"es_ES\" \/>\n<meta property=\"og:type\" content=\"article\" \/>\n<meta property=\"og:title\" content=\"Focalin 20 mg\" \/>\n<meta property=\"og:description\" content=\"Focalin 20 en venta Dexmetilfenidato (Focalin) es un medicamento costoso utilizado para tratar el trastorno por d\u00e9ficit de atenci\u00f3n e hiperactividad (TDAH). Este f\u00e1rmaco es menos popular que otros medicamentos comparables. Est\u00e1 disponible en versiones de marca y gen\u00e9ricas. La versi\u00f3n m\u00e1s com\u00fan de Focalin est\u00e1 cubierta por el 73% de los planes de seguro ...\" \/>\n<meta property=\"og:url\" content=\"https:\/\/weightlossmedssales.com\/product\/focalin-20-mg\/\" \/>\n<meta property=\"og:site_name\" content=\"Family Healthcare Pharmacy\" \/>\n<meta name=\"twitter:card\" content=\"summary_large_image\" \/>\n<meta name=\"twitter:label1\" content=\"Precio\" \/>\n\t<meta name=\"twitter:data1\" content=\"&#036;2.50\" \/>\n\t<meta name=\"twitter:label2\" content=\"Disponibilidad\" \/>\n\t<meta name=\"twitter:data2\" content=\"Disponible\" \/>\n<script type=\"application\/ld+json\" class=\"yoast-schema-graph\">{\"@context\":\"https:\\\/\\\/schema.org\",\"@graph\":[{\"@type\":\"WebPage\",\"@id\":\"https:\\\/\\\/weightlossmedssales.com\\\/product\\\/focalin-20-mg\\\/\",\"url\":\"https:\\\/\\\/weightlossmedssales.com\\\/product\\\/focalin-20-mg\\\/\",\"name\":\"Focalin 20 mg - Family Healthcare Pharmacy\",\"isPartOf\":{\"@id\":\"https:\\\/\\\/weightlossmedssales.com\\\/#website\"},\"primaryImageOfPage\":{\"@id\":\"https:\\\/\\\/weightlossmedssales.com\\\/product\\\/focalin-20-mg\\\/#primaryimage\"},\"image\":{\"@id\":\"https:\\\/\\\/weightlossmedssales.com\\\/product\\\/focalin-20-mg\\\/#primaryimage\"},\"thumbnailUrl\":\"https:\\\/\\\/weightlossmedssales.com\\\/wp-content\\\/uploads\\\/2025\\\/04\\\/Focalin-XR-20mg-1.jpeg\",\"datePublished\":\"2025-04-18T10:52:59+00:00\",\"breadcrumb\":{\"@id\":\"https:\\\/\\\/weightlossmedssales.com\\\/product\\\/focalin-20-mg\\\/#breadcrumb\"},\"inLanguage\":\"es\",\"potentialAction\":[{\"@type\":\"ReadAction\",\"target\":[\"https:\\\/\\\/weightlossmedssales.com\\\/product\\\/focalin-20-mg\\\/\"]}]},{\"@type\":\"ImageObject\",\"inLanguage\":\"es\",\"@id\":\"https:\\\/\\\/weightlossmedssales.com\\\/product\\\/focalin-20-mg\\\/#primaryimage\",\"url\":\"https:\\\/\\\/weightlossmedssales.com\\\/wp-content\\\/uploads\\\/2025\\\/04\\\/Focalin-XR-20mg-1.jpeg\",\"contentUrl\":\"https:\\\/\\\/weightlossmedssales.com\\\/wp-content\\\/uploads\\\/2025\\\/04\\\/Focalin-XR-20mg-1.jpeg\",\"width\":1024,\"height\":1322},{\"@type\":\"BreadcrumbList\",\"@id\":\"https:\\\/\\\/weightlossmedssales.com\\\/product\\\/focalin-20-mg\\\/#breadcrumb\",\"itemListElement\":[{\"@type\":\"ListItem\",\"position\":1,\"name\":\"Home\",\"item\":\"https:\\\/\\\/weightlossmedssales.com\\\/es\\\/inicio\\\/\"},{\"@type\":\"ListItem\",\"position\":2,\"name\":\"Shop\",\"item\":\"https:\\\/\\\/weightlossmedssales.com\\\/shop\\\/\"},{\"@type\":\"ListItem\",\"position\":3,\"name\":\"Focalin 20 mg\"}]},{\"@type\":\"WebSite\",\"@id\":\"https:\\\/\\\/weightlossmedssales.com\\\/#website\",\"url\":\"https:\\\/\\\/weightlossmedssales.com\\\/\",\"name\":\"Family Healthcare Pharmacy\",\"description\":\"Weight Loss Medicines\",\"potentialAction\":[{\"@type\":\"SearchAction\",\"target\":{\"@type\":\"EntryPoint\",\"urlTemplate\":\"https:\\\/\\\/weightlossmedssales.com\\\/?s={search_term_string}\"},\"query-input\":{\"@type\":\"PropertyValueSpecification\",\"valueRequired\":true,\"valueName\":\"search_term_string\"}}],\"inLanguage\":\"es\"}]}<\/script>\n<meta property=\"product:price:amount\" content=\"2.50\" \/>\n<meta property=\"product:price:currency\" content=\"USD\" \/>\n<meta property=\"og:availability\" content=\"instock\" \/>\n<meta property=\"product:availability\" content=\"instock\" \/>\n<meta property=\"product:condition\" content=\"new\" \/>\n<!-- \/ Yoast SEO Premium plugin. -->","yoast_head_json":{"title":"Focalin 20 mg - Family Healthcare Pharmacy","robots":{"index":"index","follow":"follow","max-snippet":"max-snippet:-1","max-image-preview":"max-image-preview:large","max-video-preview":"max-video-preview:-1"},"canonical":"https:\/\/weightlossmedssales.com\/product\/focalin-20-mg\/","og_locale":"es_ES","og_type":"article","og_title":"Focalin 20 mg","og_description":"Focalin 20 en venta Dexmetilfenidato (Focalin) es un medicamento costoso utilizado para tratar el trastorno por d\u00e9ficit de atenci\u00f3n e hiperactividad (TDAH). Este f\u00e1rmaco es menos popular que otros medicamentos comparables. Est\u00e1 disponible en versiones de marca y gen\u00e9ricas. La versi\u00f3n m\u00e1s com\u00fan de Focalin est\u00e1 cubierta por el 73% de los planes de seguro ...","og_url":"https:\/\/weightlossmedssales.com\/product\/focalin-20-mg\/","og_site_name":"Family Healthcare Pharmacy","twitter_card":"summary_large_image","twitter_misc":{"Precio":"&#36;2.50","Disponibilidad":"Disponible"},"schema":{"@context":"https:\/\/schema.org","@graph":[{"@type":"WebPage","@id":"https:\/\/weightlossmedssales.com\/product\/focalin-20-mg\/","url":"https:\/\/weightlossmedssales.com\/product\/focalin-20-mg\/","name":"Focalin 20 mg - Family Healthcare Pharmacy","isPartOf":{"@id":"https:\/\/weightlossmedssales.com\/#website"},"primaryImageOfPage":{"@id":"https:\/\/weightlossmedssales.com\/product\/focalin-20-mg\/#primaryimage"},"image":{"@id":"https:\/\/weightlossmedssales.com\/product\/focalin-20-mg\/#primaryimage"},"thumbnailUrl":"https:\/\/weightlossmedssales.com\/wp-content\/uploads\/2025\/04\/Focalin-XR-20mg-1.jpeg","datePublished":"2025-04-18T10:52:59+00:00","breadcrumb":{"@id":"https:\/\/weightlossmedssales.com\/product\/focalin-20-mg\/#breadcrumb"},"inLanguage":"es","potentialAction":[{"@type":"ReadAction","target":["https:\/\/weightlossmedssales.com\/product\/focalin-20-mg\/"]}]},{"@type":"ImageObject","inLanguage":"es","@id":"https:\/\/weightlossmedssales.com\/product\/focalin-20-mg\/#primaryimage","url":"https:\/\/weightlossmedssales.com\/wp-content\/uploads\/2025\/04\/Focalin-XR-20mg-1.jpeg","contentUrl":"https:\/\/weightlossmedssales.com\/wp-content\/uploads\/2025\/04\/Focalin-XR-20mg-1.jpeg","width":1024,"height":1322},{"@type":"BreadcrumbList","@id":"https:\/\/weightlossmedssales.com\/product\/focalin-20-mg\/#breadcrumb","itemListElement":[{"@type":"ListItem","position":1,"name":"Home","item":"https:\/\/weightlossmedssales.com\/es\/inicio\/"},{"@type":"ListItem","position":2,"name":"Shop","item":"https:\/\/weightlossmedssales.com\/shop\/"},{"@type":"ListItem","position":3,"name":"Focalin 20 mg"}]},{"@type":"WebSite","@id":"https:\/\/weightlossmedssales.com\/#website","url":"https:\/\/weightlossmedssales.com\/","name":"Family Healthcare Pharmacy","description":"Weight Loss Medicines","potentialAction":[{"@type":"SearchAction","target":{"@type":"EntryPoint","urlTemplate":"https:\/\/weightlossmedssales.com\/?s={search_term_string}"},"query-input":{"@type":"PropertyValueSpecification","valueRequired":true,"valueName":"search_term_string"}}],"inLanguage":"es"}]},"product_price_amount":"2.50","product_price_currency":"USD","og_availability":"instock","product_availability":"instock","product_condition":"new"},"_links":{"self":[{"href":"https:\/\/weightlossmedssales.com\/es\/wp-json\/wp\/v2\/product\/1800","targetHints":{"allow":["GET"]}}],"collection":[{"href":"https:\/\/weightlossmedssales.com\/es\/wp-json\/wp\/v2\/product"}],"about":[{"href":"https:\/\/weightlossmedssales.com\/es\/wp-json\/wp\/v2\/types\/product"}],"replies":[{"embeddable":true,"href":"https:\/\/weightlossmedssales.com\/es\/wp-json\/wp\/v2\/comments?post=1800"}],"version-history":[{"count":0,"href":"https:\/\/weightlossmedssales.com\/es\/wp-json\/wp\/v2\/product\/1800\/revisions"}],"wp:featuredmedia":[{"embeddable":true,"href":"https:\/\/weightlossmedssales.com\/es\/wp-json\/wp\/v2\/media\/1509"}],"wp:attachment":[{"href":"https:\/\/weightlossmedssales.com\/es\/wp-json\/wp\/v2\/media?parent=1800"}],"wp:term":[{"taxonomy":"product_brand","embeddable":true,"href":"https:\/\/weightlossmedssales.com\/es\/wp-json\/wp\/v2\/product_brand?post=1800"},{"taxonomy":"product_cat","embeddable":true,"href":"https:\/\/weightlossmedssales.com\/es\/wp-json\/wp\/v2\/product_cat?post=1800"},{"taxonomy":"product_tag","embeddable":true,"href":"https:\/\/weightlossmedssales.com\/es\/wp-json\/wp\/v2\/product_tag?post=1800"}],"curies":[{"name":"wp","href":"https:\/\/api.w.org\/{rel}","templated":true}]}}