{"id":1811,"date":"2025-04-18T10:35:14","date_gmt":"2025-04-18T10:35:14","guid":{"rendered":"https:\/\/weightlossmedssales.com\/product\/adderall-30-mg\/"},"modified":"2025-04-18T10:35:14","modified_gmt":"2025-04-18T10:35:14","slug":"adderall-30-mg","status":"publish","type":"product","link":"https:\/\/weightlossmedssales.com\/es\/product\/adderall-30-mg\/","title":{"rendered":"Adderall 30 Mg"},"content":{"rendered":"<h1>P\u00edldoras de Adderall 30 mg<\/h1>\n<p>Comprar Adderall en l\u00ednea. Adderall XR (Liberaci\u00f3n Prolongada) y Mydayis son medicamentos combinados que contienen cuatro sales de los dos enanti\u00f3meros de anfetamina, un estimulante del sistema nervioso central (SNC) de la clase de las fenetilaminas. Adderall se utiliza en el tratamiento del trastorno por d\u00e9ficit de atenci\u00f3n con hiperactividad (TDAH) y la narcolepsia. Tambi\u00e9n se emplea como potenciador del rendimiento atl\u00e9tico y cognitivo, y de manera recreativa como afrodis\u00edaco y euforizante. Por contenido de sal, los ingredientes activos son 25% sales de levoanfetamina (el enanti\u00f3mero levorrotatorio o &#8216;zurdo&#8217;) y 75% sales de dextroanfetamina (el enanti\u00f3mero dextrorrotatorio o &#8216;diestro&#8217;)    <\/p>\n<h2>Adderall a la venta<\/h2>\n<p>Suministramos p\u00edldoras de Adderall de 30 mg en l\u00ednea a precios muy econ\u00f3micos y asequibles sin receta. Todo lo que tiene que hacer es realizar su pedido desde nuestro sitio web, enviar el pago y nosotros enviaremos su pedido. Ofrecemos entrega en 24 horas dentro de EE. UU. y en 3 d\u00edas a nivel mundial.  <\/p>\n<div><\/div>\n<p>La tableta oral de Adderall y la c\u00e1psula oral de liberaci\u00f3n prolongada Adderall XR est\u00e1n disponibles en formas gen\u00e9ricas. El nombre gen\u00e9rico del medicamento tanto en la tableta como en la c\u00e1psula es sales de anfetamina\/dextroanfetamina. <\/p>\n<p>Los medicamentos gen\u00e9ricos suelen costar menos que la versi\u00f3n de marca. En algunos casos, el medicamento de marca y la versi\u00f3n gen\u00e9rica pueden estar disponibles en diferentes formas y concentraciones. <\/p>\n<h3>Ingredientes de Adderall<\/h3>\n<p>Adderall contiene una mezcla de diferentes formas de anfetamina y dextroanfetamina. Espec\u00edficamente, estas formas incluyen aspartato de anfetamina, sulfato de anfetamina, sacarato de dextroanfetamina y sulfato de dextroanfetamina. Comprar adderall en l\u00ednea  <\/p>\n","protected":false},"excerpt":{"rendered":"<p><strong>Producto: Adderall<\/strong><br \/>\n<strong>Potencia: 30 MG<br \/>\nColor: Naranja<\/strong><br \/>\n<strong>Pedido m\u00ednimo: 100 P\u00edldoras<\/strong><\/p>\n<p>&nbsp;<\/p>\n","protected":false},"featured_media":1488,"menu_order":0,"comment_status":"open","ping_status":"closed","template":"","meta":[],"product_brand":[],"product_cat":[181],"product_tag":[],"class_list":{"0":"post-1811","1":"product","2":"type-product","3":"status-publish","4":"has-post-thumbnail","6":"product_cat-productos-suboxone","8":"first","9":"instock","10":"shipping-taxable","11":"purchasable","12":"product-type-simple"},"yoast_head":"<!-- This site is optimized with the Yoast SEO Premium plugin v23.3 (Yoast SEO v26.4) - https:\/\/yoast.com\/wordpress\/plugins\/seo\/ -->\n<title>Comprar Adderall en l\u00ednea - Adderall a la venta. Informaci\u00f3n sobre Adderall<\/title>\n<meta name=\"description\" content=\"Comprar Adderall en l\u00ednea. Somos proveedores principales de p\u00edldoras de Adderall de 30 mg en l\u00ednea sin receta. Env\u00edo discreto de un d\u00eda para otro. M\u00e1s informaci\u00f3n\" \/>\n<meta name=\"robots\" content=\"index, follow, max-snippet:-1, max-image-preview:large, max-video-preview:-1\" \/>\n<link rel=\"canonical\" href=\"https:\/\/weightlossmedssales.com\/es\/product\/adderall-30-mg\/\" \/>\n<meta property=\"og:locale\" content=\"es_ES\" \/>\n<meta property=\"og:type\" content=\"article\" \/>\n<meta property=\"og:title\" content=\"Adderall 30 Mg\" \/>\n<meta property=\"og:description\" content=\"Comprar Adderall en l\u00ednea. Somos proveedores principales de p\u00edldoras de Adderall de 30 mg en l\u00ednea sin receta. Env\u00edo discreto de un d\u00eda para otro. M\u00e1s informaci\u00f3n\" \/>\n<meta property=\"og:url\" content=\"https:\/\/weightlossmedssales.com\/es\/product\/adderall-30-mg\/\" \/>\n<meta property=\"og:site_name\" content=\"Family Healthcare Pharmacy\" \/>\n<meta property=\"og:image\" content=\"https:\/\/weightlossmedssales.com\/wp-content\/uploads\/2025\/04\/adderall-30-mg.jpg\" \/>\n\t<meta property=\"og:image:width\" content=\"960\" \/>\n\t<meta property=\"og:image:height\" content=\"1280\" \/>\n\t<meta property=\"og:image:type\" content=\"image\/jpeg\" \/>\n<meta name=\"twitter:card\" content=\"summary_large_image\" \/>\n<meta name=\"twitter:label1\" content=\"Precio\" \/>\n\t<meta name=\"twitter:data1\" content=\"&#036;2.50\" \/>\n\t<meta name=\"twitter:label2\" content=\"Disponibilidad\" \/>\n\t<meta name=\"twitter:data2\" content=\"Disponible\" \/>\n<script type=\"application\/ld+json\" class=\"yoast-schema-graph\">{\"@context\":\"https:\/\/schema.org\",\"@graph\":[{\"@type\":\"WebPage\",\"@id\":\"https:\/\/weightlossmedssales.com\/es\/product\/adderall-30-mg\/\",\"url\":\"https:\/\/weightlossmedssales.com\/es\/product\/adderall-30-mg\/\",\"name\":\"Comprar Adderall en l\u00ednea - Adderall a la venta. Informaci\u00f3n sobre Adderall\",\"isPartOf\":{\"@id\":\"https:\/\/weightlossmedssales.com\/#website\"},\"primaryImageOfPage\":{\"@id\":\"https:\/\/weightlossmedssales.com\/es\/product\/adderall-30-mg\/#primaryimage\"},\"image\":{\"@id\":\"https:\/\/weightlossmedssales.com\/es\/product\/adderall-30-mg\/#primaryimage\"},\"thumbnailUrl\":\"https:\/\/weightlossmedssales.com\/wp-content\/uploads\/2025\/04\/adderall-30-mg.jpg\",\"datePublished\":\"2025-04-18T10:35:14+00:00\",\"description\":\"Comprar Adderall en l\u00ednea. Somos proveedores principales de p\u00edldoras de Adderall de 30 mg en l\u00ednea sin receta. Env\u00edo discreto de un d\u00eda para otro. M\u00e1s informaci\u00f3n\",\"breadcrumb\":{\"@id\":\"https:\/\/weightlossmedssales.com\/es\/product\/adderall-30-mg\/#breadcrumb\"},\"inLanguage\":\"es\",\"potentialAction\":[{\"@type\":\"ReadAction\",\"target\":[\"https:\/\/weightlossmedssales.com\/es\/product\/adderall-30-mg\/\"]}]},{\"@type\":\"ImageObject\",\"inLanguage\":\"es\",\"@id\":\"https:\/\/weightlossmedssales.com\/es\/product\/adderall-30-mg\/#primaryimage\",\"url\":\"https:\/\/weightlossmedssales.com\/wp-content\/uploads\/2025\/04\/adderall-30-mg.jpg\",\"contentUrl\":\"https:\/\/weightlossmedssales.com\/wp-content\/uploads\/2025\/04\/adderall-30-mg.jpg\",\"width\":960,\"height\":1280},{\"@type\":\"BreadcrumbList\",\"@id\":\"https:\/\/weightlossmedssales.com\/es\/product\/adderall-30-mg\/#breadcrumb\",\"itemListElement\":[{\"@type\":\"ListItem\",\"position\":1,\"name\":\"Home\",\"item\":\"https:\/\/weightlossmedssales.com\/es\/inicio\/\"},{\"@type\":\"ListItem\",\"position\":2,\"name\":\"Shop\",\"item\":\"https:\/\/weightlossmedssales.com\/shop\/\"},{\"@type\":\"ListItem\",\"position\":3,\"name\":\"Adderall 30 Mg\"}]},{\"@type\":\"WebSite\",\"@id\":\"https:\/\/weightlossmedssales.com\/#website\",\"url\":\"https:\/\/weightlossmedssales.com\/\",\"name\":\"Family Healthcare Pharmacy\",\"description\":\"Weight Loss Medicines\",\"potentialAction\":[{\"@type\":\"SearchAction\",\"target\":{\"@type\":\"EntryPoint\",\"urlTemplate\":\"https:\/\/weightlossmedssales.com\/?s={search_term_string}\"},\"query-input\":{\"@type\":\"PropertyValueSpecification\",\"valueRequired\":true,\"valueName\":\"search_term_string\"}}],\"inLanguage\":\"es\"}]}<\/script>\n<meta property=\"product:price:amount\" content=\"2.50\" \/>\n<meta property=\"product:price:currency\" content=\"USD\" \/>\n<meta property=\"og:availability\" content=\"instock\" \/>\n<meta property=\"product:availability\" content=\"instock\" \/>\n<meta property=\"product:retailer_item_id\" content=\"SU84378\" \/>\n<meta property=\"product:condition\" content=\"new\" \/>\n<!-- \/ Yoast SEO Premium plugin. -->","yoast_head_json":{"title":"Comprar Adderall en l\u00ednea - Adderall a la venta. Informaci\u00f3n sobre Adderall","description":"Comprar Adderall en l\u00ednea. Somos proveedores principales de p\u00edldoras de Adderall de 30 mg en l\u00ednea sin receta. Env\u00edo discreto de un d\u00eda para otro. M\u00e1s informaci\u00f3n","robots":{"index":"index","follow":"follow","max-snippet":"max-snippet:-1","max-image-preview":"max-image-preview:large","max-video-preview":"max-video-preview:-1"},"canonical":"https:\/\/weightlossmedssales.com\/es\/product\/adderall-30-mg\/","og_locale":"es_ES","og_type":"article","og_title":"Adderall 30 Mg","og_description":"Comprar Adderall en l\u00ednea. Somos proveedores principales de p\u00edldoras de Adderall de 30 mg en l\u00ednea sin receta. Env\u00edo discreto de un d\u00eda para otro. M\u00e1s informaci\u00f3n","og_url":"https:\/\/weightlossmedssales.com\/es\/product\/adderall-30-mg\/","og_site_name":"Family Healthcare Pharmacy","og_image":[{"width":960,"height":1280,"url":"https:\/\/weightlossmedssales.com\/wp-content\/uploads\/2025\/04\/adderall-30-mg.jpg","type":"image\/jpeg"}],"twitter_card":"summary_large_image","twitter_misc":{"Precio":"&#36;2.50","Disponibilidad":"Disponible"},"schema":{"@context":"https:\/\/schema.org","@graph":[{"@type":"WebPage","@id":"https:\/\/weightlossmedssales.com\/es\/product\/adderall-30-mg\/","url":"https:\/\/weightlossmedssales.com\/es\/product\/adderall-30-mg\/","name":"Comprar Adderall en l\u00ednea - Adderall a la venta. Informaci\u00f3n sobre Adderall","isPartOf":{"@id":"https:\/\/weightlossmedssales.com\/#website"},"primaryImageOfPage":{"@id":"https:\/\/weightlossmedssales.com\/es\/product\/adderall-30-mg\/#primaryimage"},"image":{"@id":"https:\/\/weightlossmedssales.com\/es\/product\/adderall-30-mg\/#primaryimage"},"thumbnailUrl":"https:\/\/weightlossmedssales.com\/wp-content\/uploads\/2025\/04\/adderall-30-mg.jpg","datePublished":"2025-04-18T10:35:14+00:00","description":"Comprar Adderall en l\u00ednea. Somos proveedores principales de p\u00edldoras de Adderall de 30 mg en l\u00ednea sin receta. Env\u00edo discreto de un d\u00eda para otro. M\u00e1s informaci\u00f3n","breadcrumb":{"@id":"https:\/\/weightlossmedssales.com\/es\/product\/adderall-30-mg\/#breadcrumb"},"inLanguage":"es","potentialAction":[{"@type":"ReadAction","target":["https:\/\/weightlossmedssales.com\/es\/product\/adderall-30-mg\/"]}]},{"@type":"ImageObject","inLanguage":"es","@id":"https:\/\/weightlossmedssales.com\/es\/product\/adderall-30-mg\/#primaryimage","url":"https:\/\/weightlossmedssales.com\/wp-content\/uploads\/2025\/04\/adderall-30-mg.jpg","contentUrl":"https:\/\/weightlossmedssales.com\/wp-content\/uploads\/2025\/04\/adderall-30-mg.jpg","width":960,"height":1280},{"@type":"BreadcrumbList","@id":"https:\/\/weightlossmedssales.com\/es\/product\/adderall-30-mg\/#breadcrumb","itemListElement":[{"@type":"ListItem","position":1,"name":"Home","item":"https:\/\/weightlossmedssales.com\/es\/inicio\/"},{"@type":"ListItem","position":2,"name":"Shop","item":"https:\/\/weightlossmedssales.com\/shop\/"},{"@type":"ListItem","position":3,"name":"Adderall 30 Mg"}]},{"@type":"WebSite","@id":"https:\/\/weightlossmedssales.com\/#website","url":"https:\/\/weightlossmedssales.com\/","name":"Family Healthcare Pharmacy","description":"Weight Loss Medicines","potentialAction":[{"@type":"SearchAction","target":{"@type":"EntryPoint","urlTemplate":"https:\/\/weightlossmedssales.com\/?s={search_term_string}"},"query-input":{"@type":"PropertyValueSpecification","valueRequired":true,"valueName":"search_term_string"}}],"inLanguage":"es"}]},"product_price_amount":"2.50","product_price_currency":"USD","og_availability":"instock","product_availability":"instock","product_retailer_item_id":"SU84378","product_condition":"new"},"_links":{"self":[{"href":"https:\/\/weightlossmedssales.com\/es\/wp-json\/wp\/v2\/product\/1811","targetHints":{"allow":["GET"]}}],"collection":[{"href":"https:\/\/weightlossmedssales.com\/es\/wp-json\/wp\/v2\/product"}],"about":[{"href":"https:\/\/weightlossmedssales.com\/es\/wp-json\/wp\/v2\/types\/product"}],"replies":[{"embeddable":true,"href":"https:\/\/weightlossmedssales.com\/es\/wp-json\/wp\/v2\/comments?post=1811"}],"version-history":[{"count":0,"href":"https:\/\/weightlossmedssales.com\/es\/wp-json\/wp\/v2\/product\/1811\/revisions"}],"wp:featuredmedia":[{"embeddable":true,"href":"https:\/\/weightlossmedssales.com\/es\/wp-json\/wp\/v2\/media\/1488"}],"wp:attachment":[{"href":"https:\/\/weightlossmedssales.com\/es\/wp-json\/wp\/v2\/media?parent=1811"}],"wp:term":[{"taxonomy":"product_brand","embeddable":true,"href":"https:\/\/weightlossmedssales.com\/es\/wp-json\/wp\/v2\/product_brand?post=1811"},{"taxonomy":"product_cat","embeddable":true,"href":"https:\/\/weightlossmedssales.com\/es\/wp-json\/wp\/v2\/product_cat?post=1811"},{"taxonomy":"product_tag","embeddable":true,"href":"https:\/\/weightlossmedssales.com\/es\/wp-json\/wp\/v2\/product_tag?post=1811"}],"curies":[{"name":"wp","href":"https:\/\/api.w.org\/{rel}","templated":true}]}}