{"id":1816,"date":"2025-04-18T10:35:14","date_gmt":"2025-04-18T10:35:14","guid":{"rendered":"https:\/\/weightlossmedssales.com\/product\/vyvanse-70-mg\/"},"modified":"2025-04-18T10:35:14","modified_gmt":"2025-04-18T10:35:14","slug":"vyvanse-70-mg","status":"publish","type":"product","link":"https:\/\/weightlossmedssales.com\/es\/product\/vyvanse-70-mg\/","title":{"rendered":"Vyvanse 70 MG"},"content":{"rendered":"<h1>Adquiera Vyvanse 70 mg en l\u00ednea<\/h1>\n<p>Adquiera vyvanse en l\u00ednea. Vyvanse se utiliza en el tratamiento del trastorno por atrac\u00f3n; TDAH y pertenece a la clase de f\u00e1rmacos estimulantes del sistema nervioso central. No se puede descartar el riesgo durante el embarazo. Vyvanse 70 mg est\u00e1 clasificado como una sustancia controlada de la Lista 2 seg\u00fan la Ley de Sustancias Controladas (CSA). Puede solicitar vyvanse 70 mg o 50 mg de nuestra farmacia sin prescripci\u00f3n m\u00e9dica. Env\u00edo discreto durante la noche.     <\/p>\n<h3>Efectos secundarios<\/h3>\n<p>Los efectos secundarios comunes de Vyvanse incluyen: insomnio e irritabilidad. Otros efectos secundarios incluyen: mareos, p\u00e9rdida de peso y xerostom\u00eda. Vea a continuaci\u00f3n una lista exhaustiva de efectos adversos.<br \/>\nEl uso de estimulantes del SNC (productos que contienen anfetaminas y metilfenidato), incluyendo el dimesilato de lisdexanfetamina, tiene un alto potencial de abuso y dependencia. Eval\u00fae el riesgo de abuso antes de prescribir y monitoree los signos de abuso y dependencia durante el tratamiento.   <\/p>\n<div class=\"Contents\">\n<div class=\"Section\">\n<div class=\"Section\">\n<h3>Instrucciones generales de uso<\/h3>\n<p class=\"First\">Tome VYVANSE por v\u00eda oral por la ma\u00f1ana con o sin alimentos; evite las dosis por la tarde debido al potencial de insomnio. VYVANSE puede administrarse de una de las siguientes maneras: <\/p>\n<div class=\"Section\">\n<p>&nbsp;<\/p>\n<p class=\"First\"><span class=\"xmChange\">\u200b<\/span><span class=\"following_xmChange\"><span class=\"Italics\">Informaci\u00f3n para las c\u00e1psulas de VYVANSE:<\/span><\/span><\/p>\n<ul class=\"Disc\">\n<li>Trague las c\u00e1psulas de VYVANSE enteras, o<\/li>\n<li><span class=\"xmChange\">\u200b<\/span><span class=\"following_xmChange\">Abra las c\u00e1psulas, vac\u00ede y mezcle todo el contenido con yogur, agua o jugo de naranja. Si el contenido de la c\u00e1psula incluye alg\u00fan polvo compactado, se puede utilizar una cuchara para deshacer el polvo. El contenido debe mezclarse hasta que est\u00e9 completamente disperso. Consuma la mezcla completa <span class=\"Bold\">inmediatamente<\/span>. No debe almacenarse. El ingrediente activo se disuelve completamente una vez disperso; sin embargo, puede quedar una pel\u00edcula que contiene los ingredientes inactivos en el vaso o recipiente una vez consumida la mezcla.     <\/span><\/li>\n<\/ul>\n<h3>Adquiera vyvanse 70 mg en l\u00ednea<\/h3>\n<\/div>\n<div class=\"Section\">\n<p>&nbsp;<\/p>\n<p class=\"First\"><span class=\"xmChange\">\u200b<\/span><span class=\"following_xmChange\"><span class=\"Italics\">Informaci\u00f3n para los comprimidos masticables de VYVANSE:<\/span><\/span><\/p>\n<ul class=\"Disc\">\n<li><span class=\"xmChange\">\u200b<\/span><span class=\"following_xmChange\">Los comprimidos masticables de VYVANSE deben masticarse completamente antes de tragarlos.<\/span><\/li>\n<\/ul>\n<p><span class=\"xmChange\">\u200b<\/span><span class=\"following_xmChange\">Las c\u00e1psulas de VYVANSE pueden sustituirse por comprimidos masticables de <a href=\"https:\/\/suboxoneproducts.com\/product\/buy-vyvanse-online\/\">VYVANSE<\/a> en una base de unidad por unidad\/mg por mg (por ejemplo, c\u00e1psulas de 30 mg por un comprimido masticable de 30 mg).<\/span><\/p>\n<p><span class=\"xmChange\">\u200b<\/span><span class=\"following_xmChange\">No tome menos de una c\u00e1psula o un comprimido masticable por d\u00eda.<br \/>\n<\/span><\/p>\n<\/div>\n<\/div>\n<div class=\"Section\">\n<p>&nbsp;<\/p>\n<h3>Posolog\u00eda para el tratamiento del TDAH<\/h3>\n<p class=\"First\">La dosis inicial recomendada es de 30 mg una vez al d\u00eda por la ma\u00f1ana en pacientes de 6 a\u00f1os en adelante. La dosis puede ajustarse en incrementos de 10 mg o 20 mg a intervalos de aproximadamente una semana hasta una dosis m\u00e1xima de 70 mg\/d\u00eda <\/p>\n<\/div>\n<div class=\"Section\">\n<p>&nbsp;<\/p>\n<h3>Posolog\u00eda para el tratamiento del TCA moderado a severo en adultos<\/h3>\n<p class=\"First\">La dosis inicial recomendada es de 30 mg\/d\u00eda para ser titulada en incrementos de 20 mg a intervalos de aproximadamente una semana para alcanzar la dosis objetivo recomendada de 50 a 70 mg\/d\u00eda. La dosis m\u00e1xima es de 70 mg\/d\u00eda. Discontin\u00fae VYVANSE si el trastorno por atrac\u00f3n no mejora.  <\/p>\n<\/div>\n<div class=\"Section\">\n<p>&nbsp;<\/p>\n<h3>Posolog\u00eda en pacientes con insuficiencia renal<\/h3>\n<p class=\"First\">En pacientes con insuficiencia renal grave, la dosis m\u00e1xima no debe exceder los 50 mg\/d\u00eda. En pacientes con enfermedad renal en etapa terminal, la dosis m\u00e1xima recomendada es de 30 mg\/d\u00eda Modificaciones de la dosis debido a interacciones farmacol\u00f3gicas <\/p>\n<\/div>\n<div class=\"Section\">\n<p class=\"First\">Los agentes que alteran el pH urinario pueden afectar la excreci\u00f3n urinaria y alterar los niveles sangu\u00edneos de anfetamina. Los agentes acidificantes disminuyen los niveles sangu\u00edneos, mientras que los agentes alcalinizantes (por ejemplo, el bicarbonato de sodio) aumentan los niveles sangu\u00edneos. Ajuste la dosis de VYVANSE en consecuencia  <\/p>\n<\/div>\n<\/div>\n<\/div>\n<h2>Informaci\u00f3n adicional<\/h2>\n<p class=\"ddc-disclaimer\">Consulte siempre a su proveedor de atenci\u00f3n m\u00e9dica para asegurarse de que la informaci\u00f3n mostrada en esta p\u00e1gina se aplica a sus circunstancias personales. Adquiera vyvanse 70 mg en l\u00ednea <\/p>\n<p>&nbsp;<\/p>\n","protected":false},"excerpt":{"rendered":"<h3><a href=\"https:\/\/www.drugs.com\/vyvanse.html\">Vyvanse<\/a><\/h3>\n<dl class=\"pid-list\">\n<dt class=\"pid-item-inline\">Nombre gen\u00e9rico: Lisdexanfetamina<\/dt>\n<dt class=\"pid-item-inline\">Impresi\u00f3n: S489 70 mg<\/dt>\n<dt class=\"pid-item-inline\">Concentraci\u00f3n: 70 mg<\/dt>\n<dt class=\"pid-item-inline\">Color: Azul y naranja<\/dt>\n<dt class=\"pid-item-inline\">Forma: C\u00e1psula<\/dt>\n<\/dl>\n","protected":false},"featured_media":1494,"menu_order":0,"comment_status":"open","ping_status":"closed","template":"","meta":[],"product_brand":[],"product_cat":[175],"product_tag":[],"class_list":{"0":"post-1816","1":"product","2":"type-product","3":"status-publish","4":"has-post-thumbnail","6":"product_cat-sin-categorizar-es","8":"first","9":"instock","10":"shipping-taxable","11":"purchasable","12":"product-type-simple"},"yoast_head":"<!-- This site is optimized with the Yoast SEO Premium plugin v23.3 (Yoast SEO v26.4) - https:\/\/yoast.com\/wordpress\/plugins\/seo\/ -->\n<title>Compre vyvanse 70 mg en l\u00ednea - Vyvanse 70 mg a la venta sin receta m\u00e9dica<\/title>\n<meta name=\"description\" content=\"Adquiera vyvanse 70 mg en l\u00ednea sin prescripci\u00f3n m\u00e9dica. Suministramos vyvanse 70 mg en nuestra farmacia a precios muy econ\u00f3micos y asequibles. Realice su pedido sin receta m\u00e9dica.\" \/>\n<meta name=\"robots\" content=\"index, follow, max-snippet:-1, max-image-preview:large, max-video-preview:-1\" \/>\n<link rel=\"canonical\" href=\"https:\/\/weightlossmedssales.com\/es\/product\/vyvanse-70-mg\/\" \/>\n<meta property=\"og:locale\" content=\"es_ES\" \/>\n<meta property=\"og:type\" content=\"article\" \/>\n<meta property=\"og:title\" content=\"Vyvanse 70 MG\" \/>\n<meta property=\"og:description\" content=\"Adquiera vyvanse 70 mg en l\u00ednea sin prescripci\u00f3n m\u00e9dica. Suministramos vyvanse 70 mg en nuestra farmacia a precios muy econ\u00f3micos y asequibles. Realice su pedido sin receta m\u00e9dica.\" \/>\n<meta property=\"og:url\" content=\"https:\/\/weightlossmedssales.com\/es\/product\/vyvanse-70-mg\/\" \/>\n<meta property=\"og:site_name\" content=\"Family Healthcare Pharmacy\" \/>\n<meta property=\"og:image\" content=\"https:\/\/weightlossmedssales.com\/wp-content\/uploads\/2025\/04\/vyvanse-70.jpg\" \/>\n\t<meta property=\"og:image:width\" content=\"480\" \/>\n\t<meta property=\"og:image:height\" content=\"480\" \/>\n\t<meta property=\"og:image:type\" content=\"image\/jpeg\" \/>\n<meta name=\"twitter:card\" content=\"summary_large_image\" \/>\n<meta name=\"twitter:label1\" content=\"Precio\" \/>\n\t<meta name=\"twitter:data1\" content=\"&#036;3.00\" \/>\n\t<meta name=\"twitter:label2\" content=\"Disponibilidad\" \/>\n\t<meta name=\"twitter:data2\" content=\"Disponible\" \/>\n<script type=\"application\/ld+json\" class=\"yoast-schema-graph\">{\"@context\":\"https:\/\/schema.org\",\"@graph\":[{\"@type\":\"WebPage\",\"@id\":\"https:\/\/weightlossmedssales.com\/es\/product\/vyvanse-70-mg\/\",\"url\":\"https:\/\/weightlossmedssales.com\/es\/product\/vyvanse-70-mg\/\",\"name\":\"Compre vyvanse 70 mg en l\u00ednea - Vyvanse 70 mg a la venta sin receta m\u00e9dica\",\"isPartOf\":{\"@id\":\"https:\/\/weightlossmedssales.com\/#website\"},\"primaryImageOfPage\":{\"@id\":\"https:\/\/weightlossmedssales.com\/es\/product\/vyvanse-70-mg\/#primaryimage\"},\"image\":{\"@id\":\"https:\/\/weightlossmedssales.com\/es\/product\/vyvanse-70-mg\/#primaryimage\"},\"thumbnailUrl\":\"https:\/\/weightlossmedssales.com\/wp-content\/uploads\/2025\/04\/vyvanse-70.jpg\",\"datePublished\":\"2025-04-18T10:35:14+00:00\",\"description\":\"Adquiera vyvanse 70 mg en l\u00ednea sin prescripci\u00f3n m\u00e9dica. Suministramos vyvanse 70 mg en nuestra farmacia a precios muy econ\u00f3micos y asequibles. Realice su pedido sin receta m\u00e9dica.\",\"breadcrumb\":{\"@id\":\"https:\/\/weightlossmedssales.com\/es\/product\/vyvanse-70-mg\/#breadcrumb\"},\"inLanguage\":\"es\",\"potentialAction\":[{\"@type\":\"ReadAction\",\"target\":[\"https:\/\/weightlossmedssales.com\/es\/product\/vyvanse-70-mg\/\"]}]},{\"@type\":\"ImageObject\",\"inLanguage\":\"es\",\"@id\":\"https:\/\/weightlossmedssales.com\/es\/product\/vyvanse-70-mg\/#primaryimage\",\"url\":\"https:\/\/weightlossmedssales.com\/wp-content\/uploads\/2025\/04\/vyvanse-70.jpg\",\"contentUrl\":\"https:\/\/weightlossmedssales.com\/wp-content\/uploads\/2025\/04\/vyvanse-70.jpg\",\"width\":480,\"height\":480},{\"@type\":\"BreadcrumbList\",\"@id\":\"https:\/\/weightlossmedssales.com\/es\/product\/vyvanse-70-mg\/#breadcrumb\",\"itemListElement\":[{\"@type\":\"ListItem\",\"position\":1,\"name\":\"Home\",\"item\":\"https:\/\/weightlossmedssales.com\/es\/inicio\/\"},{\"@type\":\"ListItem\",\"position\":2,\"name\":\"Shop\",\"item\":\"https:\/\/weightlossmedssales.com\/shop\/\"},{\"@type\":\"ListItem\",\"position\":3,\"name\":\"Vyvanse 70 MG\"}]},{\"@type\":\"WebSite\",\"@id\":\"https:\/\/weightlossmedssales.com\/#website\",\"url\":\"https:\/\/weightlossmedssales.com\/\",\"name\":\"Family Healthcare Pharmacy\",\"description\":\"Weight Loss Medicines\",\"potentialAction\":[{\"@type\":\"SearchAction\",\"target\":{\"@type\":\"EntryPoint\",\"urlTemplate\":\"https:\/\/weightlossmedssales.com\/?s={search_term_string}\"},\"query-input\":{\"@type\":\"PropertyValueSpecification\",\"valueRequired\":true,\"valueName\":\"search_term_string\"}}],\"inLanguage\":\"es\"}]}<\/script>\n<meta property=\"product:price:amount\" content=\"3.00\" \/>\n<meta property=\"product:price:currency\" content=\"USD\" \/>\n<meta property=\"og:availability\" content=\"instock\" \/>\n<meta property=\"product:availability\" content=\"instock\" \/>\n<meta property=\"product:retailer_item_id\" content=\"SU45254\" \/>\n<meta property=\"product:condition\" content=\"new\" \/>\n<!-- \/ Yoast SEO Premium plugin. -->","yoast_head_json":{"title":"Compre vyvanse 70 mg en l\u00ednea - Vyvanse 70 mg a la venta sin receta m\u00e9dica","description":"Adquiera vyvanse 70 mg en l\u00ednea sin prescripci\u00f3n m\u00e9dica. Suministramos vyvanse 70 mg en nuestra farmacia a precios muy econ\u00f3micos y asequibles. Realice su pedido sin receta m\u00e9dica.","robots":{"index":"index","follow":"follow","max-snippet":"max-snippet:-1","max-image-preview":"max-image-preview:large","max-video-preview":"max-video-preview:-1"},"canonical":"https:\/\/weightlossmedssales.com\/es\/product\/vyvanse-70-mg\/","og_locale":"es_ES","og_type":"article","og_title":"Vyvanse 70 MG","og_description":"Adquiera vyvanse 70 mg en l\u00ednea sin prescripci\u00f3n m\u00e9dica. Suministramos vyvanse 70 mg en nuestra farmacia a precios muy econ\u00f3micos y asequibles. Realice su pedido sin receta m\u00e9dica.","og_url":"https:\/\/weightlossmedssales.com\/es\/product\/vyvanse-70-mg\/","og_site_name":"Family Healthcare Pharmacy","og_image":[{"width":480,"height":480,"url":"https:\/\/weightlossmedssales.com\/wp-content\/uploads\/2025\/04\/vyvanse-70.jpg","type":"image\/jpeg"}],"twitter_card":"summary_large_image","twitter_misc":{"Precio":"&#36;3.00","Disponibilidad":"Disponible"},"schema":{"@context":"https:\/\/schema.org","@graph":[{"@type":"WebPage","@id":"https:\/\/weightlossmedssales.com\/es\/product\/vyvanse-70-mg\/","url":"https:\/\/weightlossmedssales.com\/es\/product\/vyvanse-70-mg\/","name":"Compre vyvanse 70 mg en l\u00ednea - Vyvanse 70 mg a la venta sin receta m\u00e9dica","isPartOf":{"@id":"https:\/\/weightlossmedssales.com\/#website"},"primaryImageOfPage":{"@id":"https:\/\/weightlossmedssales.com\/es\/product\/vyvanse-70-mg\/#primaryimage"},"image":{"@id":"https:\/\/weightlossmedssales.com\/es\/product\/vyvanse-70-mg\/#primaryimage"},"thumbnailUrl":"https:\/\/weightlossmedssales.com\/wp-content\/uploads\/2025\/04\/vyvanse-70.jpg","datePublished":"2025-04-18T10:35:14+00:00","description":"Adquiera vyvanse 70 mg en l\u00ednea sin prescripci\u00f3n m\u00e9dica. Suministramos vyvanse 70 mg en nuestra farmacia a precios muy econ\u00f3micos y asequibles. Realice su pedido sin receta m\u00e9dica.","breadcrumb":{"@id":"https:\/\/weightlossmedssales.com\/es\/product\/vyvanse-70-mg\/#breadcrumb"},"inLanguage":"es","potentialAction":[{"@type":"ReadAction","target":["https:\/\/weightlossmedssales.com\/es\/product\/vyvanse-70-mg\/"]}]},{"@type":"ImageObject","inLanguage":"es","@id":"https:\/\/weightlossmedssales.com\/es\/product\/vyvanse-70-mg\/#primaryimage","url":"https:\/\/weightlossmedssales.com\/wp-content\/uploads\/2025\/04\/vyvanse-70.jpg","contentUrl":"https:\/\/weightlossmedssales.com\/wp-content\/uploads\/2025\/04\/vyvanse-70.jpg","width":480,"height":480},{"@type":"BreadcrumbList","@id":"https:\/\/weightlossmedssales.com\/es\/product\/vyvanse-70-mg\/#breadcrumb","itemListElement":[{"@type":"ListItem","position":1,"name":"Home","item":"https:\/\/weightlossmedssales.com\/es\/inicio\/"},{"@type":"ListItem","position":2,"name":"Shop","item":"https:\/\/weightlossmedssales.com\/shop\/"},{"@type":"ListItem","position":3,"name":"Vyvanse 70 MG"}]},{"@type":"WebSite","@id":"https:\/\/weightlossmedssales.com\/#website","url":"https:\/\/weightlossmedssales.com\/","name":"Family Healthcare Pharmacy","description":"Weight Loss Medicines","potentialAction":[{"@type":"SearchAction","target":{"@type":"EntryPoint","urlTemplate":"https:\/\/weightlossmedssales.com\/?s={search_term_string}"},"query-input":{"@type":"PropertyValueSpecification","valueRequired":true,"valueName":"search_term_string"}}],"inLanguage":"es"}]},"product_price_amount":"3.00","product_price_currency":"USD","og_availability":"instock","product_availability":"instock","product_retailer_item_id":"SU45254","product_condition":"new"},"_links":{"self":[{"href":"https:\/\/weightlossmedssales.com\/es\/wp-json\/wp\/v2\/product\/1816","targetHints":{"allow":["GET"]}}],"collection":[{"href":"https:\/\/weightlossmedssales.com\/es\/wp-json\/wp\/v2\/product"}],"about":[{"href":"https:\/\/weightlossmedssales.com\/es\/wp-json\/wp\/v2\/types\/product"}],"replies":[{"embeddable":true,"href":"https:\/\/weightlossmedssales.com\/es\/wp-json\/wp\/v2\/comments?post=1816"}],"version-history":[{"count":0,"href":"https:\/\/weightlossmedssales.com\/es\/wp-json\/wp\/v2\/product\/1816\/revisions"}],"wp:featuredmedia":[{"embeddable":true,"href":"https:\/\/weightlossmedssales.com\/es\/wp-json\/wp\/v2\/media\/1494"}],"wp:attachment":[{"href":"https:\/\/weightlossmedssales.com\/es\/wp-json\/wp\/v2\/media?parent=1816"}],"wp:term":[{"taxonomy":"product_brand","embeddable":true,"href":"https:\/\/weightlossmedssales.com\/es\/wp-json\/wp\/v2\/product_brand?post=1816"},{"taxonomy":"product_cat","embeddable":true,"href":"https:\/\/weightlossmedssales.com\/es\/wp-json\/wp\/v2\/product_cat?post=1816"},{"taxonomy":"product_tag","embeddable":true,"href":"https:\/\/weightlossmedssales.com\/es\/wp-json\/wp\/v2\/product_tag?post=1816"}],"curies":[{"name":"wp","href":"https:\/\/api.w.org\/{rel}","templated":true}]}}