{"id":1822,"date":"2025-04-18T10:52:59","date_gmt":"2025-04-18T10:52:59","guid":{"rendered":"https:\/\/weightlossmedssales.com\/product\/modafinil-200-mg\/"},"modified":"2025-04-18T10:52:59","modified_gmt":"2025-04-18T10:52:59","slug":"modafinil-200-mg","status":"publish","type":"product","link":"https:\/\/weightlossmedssales.com\/es\/product\/modafinil-200-mg\/","title":{"rendered":"Modafinil 200 mg"},"content":{"rendered":"<h1>Modafinil 200 mg<\/h1>\n<p><a class=\"styles__StyledAction-sc-1xjy49r-0 NVfj\" tabindex=\"0\" href=\"https:\/\/www.goodrx.com\/modafinil\" target=\"_self\" rel=\"noopener\" data-qa=\"description-link-0\">MODAFINIL<\/a><span class=\"styles__StyledText-sc-1vmlgyl-0 jPuXBO re-text\" data-qa=\"description-text-1\">  se utiliza para tratar la somnolencia excesiva causada por ciertos trastornos del sue\u00f1o. Esto incluye   <\/span><a class=\"styles__StyledAction-sc-1xjy49r-0 NVfj\" tabindex=\"0\" href=\"https:\/\/www.goodrx.com\/narcolepsy\" target=\"_self\" rel=\"noopener\" data-qa=\"description-link-2\">narcolepsia<\/a><span class=\"styles__StyledText-sc-1vmlgyl-0 jPuXBO re-text\" data-qa=\"description-text-3\">, <\/span><a class=\"styles__StyledAction-sc-1xjy49r-0 NVfj\" tabindex=\"0\" href=\"https:\/\/www.goodrx.com\/sleep-apnea\" target=\"_self\" rel=\"noopener\" data-qa=\"description-link-4\">apnea del sue\u00f1o<\/a><span class=\"styles__StyledText-sc-1vmlgyl-0 jPuXBO re-text\" data-qa=\"description-text-5\"> y trastorno del sue\u00f1o por turnos de trabajo.<\/span><\/p>\n<div class=\"my-section-child last:mb-0 max-w-content mx-auto px-component-2 px-section-child\" data-qa=\"DSM-SectionChild\">\n<div data-qa=\"BodyCopy\">\n<div class=\"last-child-margin-reset text-component-2 break-words\">\n<p class=\"mb-component-1\">El modafinilo (Provigil) es un medicamento utilizado para mejorar el estado de alerta en personas que padecen somnolencia extrema debido a narcolepsia, apnea obstructiva del sue\u00f1o o trastorno del sue\u00f1o por turnos de trabajo.<\/p>\n<\/div>\n<\/div>\n<\/div>\n<div class=\"my-section-child last:mb-0 max-w-content mx-auto px-component-2 px-section-child\" data-qa=\"DSM-SectionChild\">\n<div class=\"flex-none md:flex md:flex-row mt-component-5\" data-qa=\"ColumnContainer\">\n<div class=\"flex-1 md:w-1\/2 mb-component-1 md:mr-column\">\n<div data-qa=\"BodyCopy\">\n<div class=\"last-child-margin-reset text-component-2 break-words\">\n<h3 class=\"text-align-generic-title lg:text-generic-title text-generic-title font-generic-title-mobile lg:font-generic-title leading-component-1 font-component-1 mb-component-3\">MARCAS COMUNES<\/h3>\n<p class=\"mb-component-1\">Provigil<\/p>\n<h3 class=\"text-align-generic-title lg:text-generic-title text-generic-title font-generic-title-mobile lg:font-generic-title leading-component-1 font-component-1 mb-component-3\">CLASE DE F\u00c1RMACO<\/h3>\n<p class=\"mb-component-1\">Agente promotor del estado de alerta<\/p>\n<h2 class=\"max-w-content mx-auto lg:text-section-title text-section-title-mobile font-section-title font-2 leading-component-1 mb-section-title text-align-section-title border-b-2 border-section-title-underline py-section-title px-component-2\" data-qa=\"sectionTitle\">\u00bfQu\u00e9 es el modafinilo (Provigil)?<\/h2>\n<div class=\"my-section-child last:mb-0 max-w-content mx-auto px-component-2 px-section-child\" data-qa=\"DSM-SectionChild\">\n<div data-qa=\"BodyCopy\">\n<div class=\"last-child-margin-reset text-component-2 break-words\">\n<h3 class=\"text-align-generic-title lg:text-generic-title text-generic-title font-generic-title-mobile lg:font-generic-title leading-component-1 font-component-1 mb-component-3\">C\u00f3mo funciona el modafinilo (Provigil)<\/h3>\n<p class=\"mb-component-1\">El modafinilo (Provigil) es un medicamento del sistema nervioso central (SNC) que promueve el estado de vigilia. Los investigadores no saben exactamente c\u00f3mo funciona, pero puede afectar \u00e1reas del cerebro que controlan el estado de alerta y la atenci\u00f3n. <\/p>\n<\/div>\n<\/div>\n<\/div>\n<div class=\"my-section-child last:mb-0 max-w-content mx-auto px-component-2 px-section-child\" data-qa=\"DSM-SectionChild\">\n<div data-qa=\"BodyCopy\">\n<div class=\"last-child-margin-reset text-component-2 break-words\">\n<h3 class=\"text-align-generic-title lg:text-generic-title text-generic-title font-generic-title-mobile lg:font-generic-title leading-component-1 font-component-1 mb-component-3\">\u00bfPara qu\u00e9 se utiliza el modafinilo (Provigil)?<\/h3>\n<ul class=\"list-disc my-component-4\">\n<li class=\"mb-component-2 ml-bulleted-list\">Somnolencia excesiva debido a narcolepsia, trastorno del sue\u00f1o por turnos de trabajo o apnea obstructiva del sue\u00f1o<\/li>\n<\/ul>\n<\/div>\n<\/div>\n<\/div>\n<div class=\"my-section-child last:mb-0 max-w-content mx-auto px-component-2 px-section-child\" data-qa=\"DSM-SectionChild\">\n<div class=\"last-child-margin-reset text-component-2 break-words\">\n<h3 class=\"text-align-generic-title lg:text-generic-title text-generic-title font-generic-title-mobile lg:font-generic-title leading-component-1 font-component-1 mb-component-3\">Formas de dosificaci\u00f3n del modafinilo (Provigil)<\/h3>\n<div class=\"flex flex-wrap mt-component-5 text-component-1\">\n<div class=\"w-full md:w-1\/2 mb-component-1 flex\">\n<div class=\"flex-initial w-full\"><span class=\"capitalize\">Tableta<\/span><\/p>\n<div class=\"pt-3 flex-inital flex flex-wrap\"><a class=\"text-primary pr-3 whitespace-nowrap\" href=\"https:\/\/www.goodrx.com\/modafinil?dosage=100mg&amp;form=tablet&amp;quantity=30\" target=\"\" rel=\"noopener\" data-qa=\"DSM-Link\">100mg<\/a><a class=\"text-primary pr-3 whitespace-nowrap\" href=\"https:\/\/www.goodrx.com\/modafinil?dosage=200mg&amp;form=tablet&amp;quantity=30\" target=\"\" rel=\"noopener\" data-qa=\"DSM-Link\">200mg<\/a><\/div>\n<div>\n<h2 class=\"max-w-content mx-auto lg:text-section-title text-section-title-mobile font-section-title font-2 leading-component-1 mb-section-title text-align-section-title border-b-2 border-section-title-underline py-section-title px-component-2\" data-qa=\"sectionTitle\">Consejos del farmac\u00e9utico para el modafinilo (Provigil)<\/h2>\n<div class=\"my-section-child last:mb-0 max-w-content mx-auto px-component-2 px-section-child\" data-qa=\"DSM-SectionChild\">\n<div data-qa=\"BodyCopy\">\n<div class=\"last-child-margin-reset text-component-2 break-words\">\n<ul class=\"list-disc my-component-4\">\n<li class=\"mb-component-2 ml-bulleted-list\">El modafinilo (Provigil) ayuda a mejorar el estado de alerta causado por la apnea obstructiva del sue\u00f1o (AOS), pero no trata el problema subyacente. Contin\u00fae utilizando sus otros tratamientos prescritos, como una m\u00e1quina de respiraci\u00f3n (CPAP), mientras toma modafinilo (Provigil). <\/li>\n<\/ul>\n<p class=\"flex mb-component-1\"><span class=\"flex-none\"><span class=\"my-1 w-full flex justify-center items-start\">     <\/span><\/span><span class=\"px-4 my-auto\">El modafinilo (Provigil) se considera una sustancia controlada, ya que tiene una posibilidad remota de conducir al abuso. Siempre tome el medicamento seg\u00fan lo prescrito y aseg\u00farese de almacenarlo en un lugar seguro, lejos de otras personas. <\/span><\/p>\n<h2 class=\"max-w-content mx-auto lg:text-section-title text-section-title-mobile font-section-title font-2 leading-component-1 mb-section-title text-align-section-title border-b-2 border-section-title-underline py-section-title px-component-2\" data-qa=\"sectionTitle\">\u00bfCu\u00e1les son los efectos secundarios del modafinilo (Provigil)?<\/h2>\n<div class=\"my-section-child last:mb-0 max-w-content mx-auto px-component-2 px-section-child\" data-qa=\"DSM-SectionChild\">\n<div data-qa=\"BodyCopy\">\n<div class=\"last-child-margin-reset text-component-2 break-words\">\n<p class=\"mb-component-1\">Con cualquier medicamento, existen riesgos y beneficios. Incluso si el medicamento est\u00e1 funcionando, es posible que experimente algunos efectos secundarios no deseados. <\/p>\n<\/div>\n<\/div>\n<\/div>\n<div class=\"my-section-child last:mb-0 max-w-content mx-auto px-component-2 px-section-child\" data-qa=\"DSM-SectionChild\">\n<div data-qa=\"BodyCopy\">\n<div class=\"last-child-margin-reset text-component-2 break-words\">\n<p class=\"flex mb-component-1\"><span class=\"px-4 my-auto\">  P\u00f3ngase en contacto con su m\u00e9dico inmediatamente si experimenta alguno de los siguientes s\u00edntomas:<\/span><\/p>\n<\/div>\n<\/div>\n<\/div>\n<div class=\"my-section-child last:mb-0 max-w-content mx-auto px-component-2 px-section-child\" data-qa=\"DSM-SectionChild\">\n<div data-qa=\"BodyCopy\">\n<div class=\"last-child-margin-reset text-component-2 break-words\">\n<ul class=\"list-disc my-component-4\">\n<li class=\"mb-component-2 ml-bulleted-list\">Signos de una reacci\u00f3n al\u00e9rgica o cut\u00e1nea grave (consulte los riesgos y advertencias)<\/li>\n<li class=\"mb-component-2 ml-bulleted-list\">Empeoramiento de la depresi\u00f3n, man\u00eda o pensamientos y comportamientos suicidas<\/li>\n<li class=\"mb-component-2 ml-bulleted-list\">Problemas card\u00edacos (dolor en el pecho, latidos card\u00edacos irregulares)<\/li>\n<li class=\"mb-component-2 ml-bulleted-list\">Reacciones cut\u00e1neas graves poco frecuentes.<\/li>\n<\/ul>\n<\/div>\n<\/div>\n<\/div>\n<\/div>\n<\/div>\n<\/div>\n<\/div>\n<\/div>\n<\/div>\n<\/div>\n<\/div>\n<\/div>\n<\/div>\n<\/div>\n<\/div>\n<\/div>\n<\/div>\n","protected":false},"excerpt":{"rendered":"<h2 class=\"max-w-content mx-auto lg:text-section-title text-section-title-mobile font-section-title font-2 leading-component-1 mb-section-title text-align-section-title border-b-2 border-section-title-underline py-section-title px-component-2\" data-qa=\"sectionTitle\">Modafinil<br \/>\nPotencia: 200 mg<\/h2>\n","protected":false},"featured_media":1512,"menu_order":0,"comment_status":"open","ping_status":"closed","template":"","meta":[],"product_brand":[],"product_cat":[204],"product_tag":[205,206],"class_list":{"0":"post-1822","1":"product","2":"type-product","3":"status-publish","4":"has-post-thumbnail","6":"product_cat-compre-modafinil-en-linea","7":"product_tag-modafinil-es","8":"product_tag-modafinil-en-venta","10":"first","11":"instock","12":"featured","13":"shipping-taxable","14":"purchasable","15":"product-type-simple"},"yoast_head":"<!-- This site is optimized with the Yoast SEO Premium plugin v23.3 (Yoast SEO v26.4) - https:\/\/yoast.com\/wordpress\/plugins\/seo\/ -->\n<title>Modafinil 200 mg - Family Healthcare Pharmacy<\/title>\n<meta name=\"robots\" content=\"index, follow, max-snippet:-1, max-image-preview:large, max-video-preview:-1\" \/>\n<link rel=\"canonical\" href=\"https:\/\/weightlossmedssales.com\/product\/modafinil-200-mg\/\" \/>\n<meta property=\"og:locale\" content=\"es_ES\" \/>\n<meta property=\"og:type\" content=\"article\" \/>\n<meta property=\"og:title\" content=\"Modafinil 200 mg\" \/>\n<meta property=\"og:description\" content=\"Modafinil Potencia: 200 mg\" \/>\n<meta property=\"og:url\" content=\"https:\/\/weightlossmedssales.com\/product\/modafinil-200-mg\/\" \/>\n<meta property=\"og:site_name\" content=\"Family Healthcare Pharmacy\" \/>\n<meta name=\"twitter:card\" content=\"summary_large_image\" \/>\n<meta name=\"twitter:label1\" content=\"Precio\" \/>\n\t<meta name=\"twitter:data1\" content=\"&#036;2.50\" \/>\n\t<meta name=\"twitter:label2\" content=\"Disponibilidad\" \/>\n\t<meta name=\"twitter:data2\" content=\"Disponible\" \/>\n<script type=\"application\/ld+json\" class=\"yoast-schema-graph\">{\"@context\":\"https:\/\/schema.org\",\"@graph\":[{\"@type\":\"WebPage\",\"@id\":\"https:\/\/weightlossmedssales.com\/product\/modafinil-200-mg\/\",\"url\":\"https:\/\/weightlossmedssales.com\/product\/modafinil-200-mg\/\",\"name\":\"Modafinil 200 mg - Family Healthcare Pharmacy\",\"isPartOf\":{\"@id\":\"https:\/\/weightlossmedssales.com\/#website\"},\"primaryImageOfPage\":{\"@id\":\"https:\/\/weightlossmedssales.com\/product\/modafinil-200-mg\/#primaryimage\"},\"image\":{\"@id\":\"https:\/\/weightlossmedssales.com\/product\/modafinil-200-mg\/#primaryimage\"},\"thumbnailUrl\":\"https:\/\/weightlossmedssales.com\/wp-content\/uploads\/2025\/04\/main-qimg-bc199be203123404d6704be5fc50af61-pjlq.jpg\",\"datePublished\":\"2025-04-18T10:52:59+00:00\",\"breadcrumb\":{\"@id\":\"https:\/\/weightlossmedssales.com\/product\/modafinil-200-mg\/#breadcrumb\"},\"inLanguage\":\"es\",\"potentialAction\":[{\"@type\":\"ReadAction\",\"target\":[\"https:\/\/weightlossmedssales.com\/product\/modafinil-200-mg\/\"]}]},{\"@type\":\"ImageObject\",\"inLanguage\":\"es\",\"@id\":\"https:\/\/weightlossmedssales.com\/product\/modafinil-200-mg\/#primaryimage\",\"url\":\"https:\/\/weightlossmedssales.com\/wp-content\/uploads\/2025\/04\/main-qimg-bc199be203123404d6704be5fc50af61-pjlq.jpg\",\"contentUrl\":\"https:\/\/weightlossmedssales.com\/wp-content\/uploads\/2025\/04\/main-qimg-bc199be203123404d6704be5fc50af61-pjlq.jpg\",\"width\":500,\"height\":500},{\"@type\":\"BreadcrumbList\",\"@id\":\"https:\/\/weightlossmedssales.com\/product\/modafinil-200-mg\/#breadcrumb\",\"itemListElement\":[{\"@type\":\"ListItem\",\"position\":1,\"name\":\"Home\",\"item\":\"https:\/\/weightlossmedssales.com\/es\/inicio\/\"},{\"@type\":\"ListItem\",\"position\":2,\"name\":\"Shop\",\"item\":\"https:\/\/weightlossmedssales.com\/shop\/\"},{\"@type\":\"ListItem\",\"position\":3,\"name\":\"Modafinil 200 mg\"}]},{\"@type\":\"WebSite\",\"@id\":\"https:\/\/weightlossmedssales.com\/#website\",\"url\":\"https:\/\/weightlossmedssales.com\/\",\"name\":\"Family Healthcare Pharmacy\",\"description\":\"Weight Loss Medicines\",\"potentialAction\":[{\"@type\":\"SearchAction\",\"target\":{\"@type\":\"EntryPoint\",\"urlTemplate\":\"https:\/\/weightlossmedssales.com\/?s={search_term_string}\"},\"query-input\":{\"@type\":\"PropertyValueSpecification\",\"valueRequired\":true,\"valueName\":\"search_term_string\"}}],\"inLanguage\":\"es\"}]}<\/script>\n<meta property=\"product:price:amount\" content=\"2.50\" \/>\n<meta property=\"product:price:currency\" content=\"USD\" \/>\n<meta property=\"og:availability\" content=\"instock\" \/>\n<meta property=\"product:availability\" content=\"instock\" \/>\n<meta property=\"product:condition\" content=\"new\" \/>\n<!-- \/ Yoast SEO Premium plugin. -->","yoast_head_json":{"title":"Modafinil 200 mg - Family Healthcare Pharmacy","robots":{"index":"index","follow":"follow","max-snippet":"max-snippet:-1","max-image-preview":"max-image-preview:large","max-video-preview":"max-video-preview:-1"},"canonical":"https:\/\/weightlossmedssales.com\/product\/modafinil-200-mg\/","og_locale":"es_ES","og_type":"article","og_title":"Modafinil 200 mg","og_description":"Modafinil Potencia: 200 mg","og_url":"https:\/\/weightlossmedssales.com\/product\/modafinil-200-mg\/","og_site_name":"Family Healthcare Pharmacy","twitter_card":"summary_large_image","twitter_misc":{"Precio":"&#36;2.50","Disponibilidad":"Disponible"},"schema":{"@context":"https:\/\/schema.org","@graph":[{"@type":"WebPage","@id":"https:\/\/weightlossmedssales.com\/product\/modafinil-200-mg\/","url":"https:\/\/weightlossmedssales.com\/product\/modafinil-200-mg\/","name":"Modafinil 200 mg - Family Healthcare Pharmacy","isPartOf":{"@id":"https:\/\/weightlossmedssales.com\/#website"},"primaryImageOfPage":{"@id":"https:\/\/weightlossmedssales.com\/product\/modafinil-200-mg\/#primaryimage"},"image":{"@id":"https:\/\/weightlossmedssales.com\/product\/modafinil-200-mg\/#primaryimage"},"thumbnailUrl":"https:\/\/weightlossmedssales.com\/wp-content\/uploads\/2025\/04\/main-qimg-bc199be203123404d6704be5fc50af61-pjlq.jpg","datePublished":"2025-04-18T10:52:59+00:00","breadcrumb":{"@id":"https:\/\/weightlossmedssales.com\/product\/modafinil-200-mg\/#breadcrumb"},"inLanguage":"es","potentialAction":[{"@type":"ReadAction","target":["https:\/\/weightlossmedssales.com\/product\/modafinil-200-mg\/"]}]},{"@type":"ImageObject","inLanguage":"es","@id":"https:\/\/weightlossmedssales.com\/product\/modafinil-200-mg\/#primaryimage","url":"https:\/\/weightlossmedssales.com\/wp-content\/uploads\/2025\/04\/main-qimg-bc199be203123404d6704be5fc50af61-pjlq.jpg","contentUrl":"https:\/\/weightlossmedssales.com\/wp-content\/uploads\/2025\/04\/main-qimg-bc199be203123404d6704be5fc50af61-pjlq.jpg","width":500,"height":500},{"@type":"BreadcrumbList","@id":"https:\/\/weightlossmedssales.com\/product\/modafinil-200-mg\/#breadcrumb","itemListElement":[{"@type":"ListItem","position":1,"name":"Home","item":"https:\/\/weightlossmedssales.com\/es\/inicio\/"},{"@type":"ListItem","position":2,"name":"Shop","item":"https:\/\/weightlossmedssales.com\/shop\/"},{"@type":"ListItem","position":3,"name":"Modafinil 200 mg"}]},{"@type":"WebSite","@id":"https:\/\/weightlossmedssales.com\/#website","url":"https:\/\/weightlossmedssales.com\/","name":"Family Healthcare Pharmacy","description":"Weight Loss Medicines","potentialAction":[{"@type":"SearchAction","target":{"@type":"EntryPoint","urlTemplate":"https:\/\/weightlossmedssales.com\/?s={search_term_string}"},"query-input":{"@type":"PropertyValueSpecification","valueRequired":true,"valueName":"search_term_string"}}],"inLanguage":"es"}]},"product_price_amount":"2.50","product_price_currency":"USD","og_availability":"instock","product_availability":"instock","product_condition":"new"},"_links":{"self":[{"href":"https:\/\/weightlossmedssales.com\/es\/wp-json\/wp\/v2\/product\/1822","targetHints":{"allow":["GET"]}}],"collection":[{"href":"https:\/\/weightlossmedssales.com\/es\/wp-json\/wp\/v2\/product"}],"about":[{"href":"https:\/\/weightlossmedssales.com\/es\/wp-json\/wp\/v2\/types\/product"}],"replies":[{"embeddable":true,"href":"https:\/\/weightlossmedssales.com\/es\/wp-json\/wp\/v2\/comments?post=1822"}],"version-history":[{"count":0,"href":"https:\/\/weightlossmedssales.com\/es\/wp-json\/wp\/v2\/product\/1822\/revisions"}],"wp:featuredmedia":[{"embeddable":true,"href":"https:\/\/weightlossmedssales.com\/es\/wp-json\/wp\/v2\/media\/1512"}],"wp:attachment":[{"href":"https:\/\/weightlossmedssales.com\/es\/wp-json\/wp\/v2\/media?parent=1822"}],"wp:term":[{"taxonomy":"product_brand","embeddable":true,"href":"https:\/\/weightlossmedssales.com\/es\/wp-json\/wp\/v2\/product_brand?post=1822"},{"taxonomy":"product_cat","embeddable":true,"href":"https:\/\/weightlossmedssales.com\/es\/wp-json\/wp\/v2\/product_cat?post=1822"},{"taxonomy":"product_tag","embeddable":true,"href":"https:\/\/weightlossmedssales.com\/es\/wp-json\/wp\/v2\/product_tag?post=1822"}],"curies":[{"name":"wp","href":"https:\/\/api.w.org\/{rel}","templated":true}]}}