{"id":1892,"date":"2025-04-18T10:53:00","date_gmt":"2025-04-18T10:53:00","guid":{"rendered":"https:\/\/weightlossmedssales.com\/product\/tiras-de-suboxone-de-12-mg\/"},"modified":"2025-04-18T10:53:00","modified_gmt":"2025-04-18T10:53:00","slug":"tiras-de-suboxone-de-12-mg","status":"publish","type":"product","link":"https:\/\/weightlossmedssales.com\/es\/product\/tiras-de-suboxone-de-12-mg\/","title":{"rendered":"Tiras de Suboxone de 12 mg"},"content":{"rendered":"<h1>Tiras de Suboxone de 12 mg en venta<\/h1>\n<div class=\"my-section-child last:mb-0 max-w-content mx-auto px-component-2 px-section-child\" data-qa=\"DSM-SectionChild\">\n<div data-qa=\"BodyCopy\">\n<div class=\"last-child-margin-reset text-component-2 break-words\">\n<p class=\"mb-component-1\">Suboxone\/naloxona es una medicaci\u00f3n opioide combinada que funciona eficazmente para tratar la dependencia a opioides. Su eficacia es \u00f3ptima cuando se utiliza en conjunto con asesoramiento y apoyo de salud mental. La medicaci\u00f3n est\u00e1 disponible en forma de comprimido o pel\u00edcula que se disuelve bajo la lengua o contra el interior de la mejilla.  <\/p>\n<h2 class=\"max-w-content mx-auto lg:text-section-title text-section-title-mobile font-section-title font-2 leading-component-1 mb-section-title text-align-section-title border-b-2 border-section-title-underline py-section-title px-component-2\" data-qa=\"sectionTitle\">\u00bfQu\u00e9 es la buprenorfina\/naloxona?<\/h2>\n<div class=\"my-section-child last:mb-0 max-w-content mx-auto px-component-2 px-section-child\" data-qa=\"DSM-SectionChild\">\n<div data-qa=\"BodyCopy\">\n<div class=\"last-child-margin-reset text-component-2 break-words\">\n<h3 class=\"text-align-generic-title lg:text-generic-title text-generic-title font-generic-title-mobile lg:font-generic-title leading-component-1 font-component-1 mb-component-3\">C\u00f3mo funciona la buprenorfina\/naloxona<\/h3>\n<p class=\"mb-component-1\">La buprenorfina\/naloxona es una combinaci\u00f3n de dos medicamentos que act\u00faan sobre partes del cerebro, denominadas receptores opioides, para afectar la forma en que usted reacciona al dolor.<\/p>\n<ul class=\"list-disc my-component-4\">\n<li class=\"mb-component-2 ml-bulleted-list\">La <strong>buprenorfina<\/strong> es un agonista opioide parcial y act\u00faa sobre los receptores opioides para reducir la intensidad del dolor que usted siente. No es tan potente como otros opioides comunes como la <a class=\"text-primary hover:text-simple-link-hover\" href=\"https:\/\/www.goodrx.com\/oxycodone\/what-is\" target=\"_self\" rel=\"noopener\" data-qa=\"DSM-Link\" data-location=\"Content\" data-type=\"body-copy-group\" data-url=\"https:\/\/www.goodrx.com\/oxycodone\/what-is\" data-content=\"oxycodone (Roxicodone)\" data-content-id=\"a37113d9-d9c6-4dbc-aa07-414b44694f6c\" data-content-category=\"\" data-content-category-id=\"uses\" data-content-position=\"3\">oxicodona (Roxicodone)<\/a> y la <a class=\"text-primary hover:text-simple-link-hover\" href=\"https:\/\/www.goodrx.com\/morphine\/what-is\" target=\"_self\" rel=\"noopener\" data-qa=\"DSM-Link\" data-location=\"Content\" data-type=\"body-copy-group\" data-url=\"https:\/\/www.goodrx.com\/morphine\/what-is\" data-content=\"morphine\" data-content-id=\"a37113d9-d9c6-4dbc-aa07-414b44694f6c\" data-content-category=\"\" data-content-category-id=\"uses\" data-content-position=\"3\">morfina<\/a>. <\/li>\n<li class=\"mb-component-2 ml-bulleted-list\">La <strong>naloxona<\/strong> es un antagonista opioide que bloquea los efectos de los opioides. Cuando se utiliza con buprenorfina, ayuda a prevenir el uso excesivo o el mal uso. <\/li>\n<\/ul>\n<p class=\"mb-component-1\">La buprenorfina y la naloxona trabajan conjuntamente para controlar los antojos de opioides mientras reducen el riesgo de efectos secundarios molestos que ocurren cuando se deja de tomar opioides repentinamente (abstinencia).<\/p>\n<\/div>\n<\/div>\n<\/div>\n<div class=\"my-section-child last:mb-0 max-w-content mx-auto px-component-2 px-section-child\" data-qa=\"DSM-SectionChild\">\n<div data-qa=\"BodyCopy\">\n<div class=\"last-child-margin-reset text-component-2 break-words\">\n<h3 class=\"text-align-generic-title lg:text-generic-title text-generic-title font-generic-title-mobile lg:font-generic-title leading-component-1 font-component-1 mb-component-3\">\u00bfPara qu\u00e9 se utiliza la buprenorfina\/naloxona?<\/h3>\n<ul class=\"list-disc my-component-4\">\n<li class=\"mb-component-2 ml-bulleted-list\">Dependencia a opioides<\/li>\n<\/ul>\n<h3 class=\"text-align-generic-title lg:text-generic-title text-generic-title font-generic-title-mobile lg:font-generic-title leading-component-1 font-component-1 mb-component-3\">Dosificaci\u00f3n t\u00edpica para buprenorfina\/naloxona<\/h3>\n<p class=\"mb-component-1\">Su proveedor de atenci\u00f3n m\u00e9dica trabajar\u00e1 con usted para ajustar su dosis seg\u00fan sus necesidades individuales. Para evitar la abstinencia, tome su primera dosis de buprenorfina\/naloxona al menos 6 horas despu\u00e9s de haber tomado su \u00faltima dosis de opioide y cuando est\u00e9 presentando signos claros de abstinencia. Su dosis se ajustar\u00e1 durante los primeros d\u00edas de tratamiento hasta que alcance una dosis en la que sus antojos y s\u00edntomas de abstinencia est\u00e9n controlados (dosis de mantenimiento).  <\/p>\n<p class=\"mb-component-1\"><strong>Suboxone<\/strong>, <strong>Bunavail<\/strong> y <strong>Zubsolv<\/strong> contienen diferentes cantidades de buprenorfina y naloxona, por lo que <strong>no son intercambiables<\/strong>. La dosificaci\u00f3n a continuaci\u00f3n es la t\u00edpica para personas que son dependientes de medicamentos opioides de acci\u00f3n corta o hero\u00edna. <\/p>\n<p class=\"mb-component-1\"><strong>Pel\u00edcula de Suboxone<\/strong><\/p>\n<ul class=\"list-disc my-component-4\">\n<li class=\"mb-component-2 ml-bulleted-list\"><strong>D\u00eda 1:<\/strong> T\u00edpicamente comenzar\u00e1 con pel\u00edculas que contienen <strong>2 mg de buprenorfina y 0,5 mg de naloxona<\/strong> o <strong>4 mg de buprenorfina y 1 mg de naloxona<\/strong>. La dosis inicial t\u00edpica es 1 pel\u00edcula <em>disuelta bajo la lengua (sublingual)<\/em> una vez, luego 1 a 2 pel\u00edculas cada 2 horas hasta alcanzar una dosis diaria total de 8 mg\/2 mg (buprenorfina\/naloxona). <\/li>\n<li class=\"mb-component-2 ml-bulleted-list\"><strong>D\u00eda 2:<\/strong> Tome hasta 16 mg\/4 mg (buprenorfina\/naloxona) <em>por v\u00eda sublingual<\/em> como dosis diaria \u00fanica.<\/li>\n<li class=\"mb-component-2 ml-bulleted-list\"><strong>D\u00eda 3 en adelante:<\/strong> Su proveedor continuar\u00e1 ajustando su dosis hasta que alcance una dosis de mantenimiento. La dosis objetivo recomendada para mantenimiento es 16 mg\/4 mg (buprenorfina\/naloxona) <em>por v\u00eda sublingual o colocada contra el interior de la mejilla (bucal)<\/em> como dosis diaria \u00fanica. Tiras de Suboxone de 12 mg en venta. Compre tiras de suboxone en l\u00ednea.   <\/li>\n<\/ul>\n<\/div>\n<\/div>\n<\/div>\n<\/div>\n<\/div>\n<\/div>\n<div class=\"my-section-child last:mb-0 max-w-content mx-auto px-component-2 px-section-child\" data-qa=\"DSM-SectionChild\">\n<div class=\"flex-none md:flex md:flex-row mt-component-5\" data-qa=\"ColumnContainer\">\n<div class=\"flex-1 md:w-1\/2 mb-component-1 md:mr-column\">\n<div data-qa=\"BodyCopy\">\n<div class=\"last-child-margin-reset text-component-2 break-words\"><\/div>\n<\/div>\n<\/div>\n<\/div>\n<\/div>\n<p>&nbsp;<\/p>\n","protected":false},"excerpt":{"rendered":"<p>Tiras de Suboxone de 12 mg en venta Suboxone\/naloxona es una medicaci\u00f3n opioide combinada que funciona eficazmente para tratar la dependencia a opioides. Su eficacia es \u00f3ptima cuando se utiliza en conjunto con asesoramiento y apoyo de salud mental. La medicaci\u00f3n est\u00e1 disponible en forma de comprimido o pel\u00edcula que se disuelve bajo la lengua &#8230;<\/p>\n","protected":false},"featured_media":1542,"menu_order":0,"comment_status":"open","ping_status":"closed","template":"","meta":[],"product_brand":[],"product_cat":[226],"product_tag":[],"class_list":{"0":"post-1892","1":"product","2":"type-product","3":"status-publish","4":"has-post-thumbnail","6":"product_cat-compre-suboxone-en-linea","8":"first","9":"instock","10":"shipping-taxable","11":"purchasable","12":"product-type-simple"},"yoast_head":"<!-- This site is optimized with the Yoast SEO Premium plugin v23.3 (Yoast SEO v27.4) - https:\/\/yoast.com\/product\/yoast-seo-premium-wordpress\/ -->\n<title>Tiras de Suboxone de 12 mg - Family Healthcare Pharmacy<\/title>\n<meta name=\"robots\" content=\"index, follow, max-snippet:-1, max-image-preview:large, max-video-preview:-1\" \/>\n<link rel=\"canonical\" href=\"https:\/\/weightlossmedssales.com\/product\/tiras-de-suboxone-de-12-mg\/\" \/>\n<meta property=\"og:locale\" content=\"es_ES\" \/>\n<meta property=\"og:type\" content=\"article\" \/>\n<meta property=\"og:title\" content=\"Tiras de Suboxone de 12 mg\" \/>\n<meta property=\"og:description\" content=\"Tiras de Suboxone de 12 mg en venta Suboxone\/naloxona es una medicaci\u00f3n opioide combinada que funciona eficazmente para tratar la dependencia a opioides. Su eficacia es \u00f3ptima cuando se utiliza en conjunto con asesoramiento y apoyo de salud mental. La medicaci\u00f3n est\u00e1 disponible en forma de comprimido o pel\u00edcula que se disuelve bajo la lengua ...\" \/>\n<meta property=\"og:url\" content=\"https:\/\/weightlossmedssales.com\/product\/tiras-de-suboxone-de-12-mg\/\" \/>\n<meta property=\"og:site_name\" content=\"Family Healthcare Pharmacy\" \/>\n<meta name=\"twitter:card\" content=\"summary_large_image\" \/>\n<meta name=\"twitter:label1\" content=\"Precio\" \/>\n\t<meta name=\"twitter:data1\" content=\"&#036;3.50\" \/>\n\t<meta name=\"twitter:label2\" content=\"Disponibilidad\" \/>\n\t<meta name=\"twitter:data2\" content=\"Disponible\" \/>\n<script type=\"application\/ld+json\" class=\"yoast-schema-graph\">{\"@context\":\"https:\\\/\\\/schema.org\",\"@graph\":[{\"@type\":\"WebPage\",\"@id\":\"https:\\\/\\\/weightlossmedssales.com\\\/product\\\/tiras-de-suboxone-de-12-mg\\\/\",\"url\":\"https:\\\/\\\/weightlossmedssales.com\\\/product\\\/tiras-de-suboxone-de-12-mg\\\/\",\"name\":\"Tiras de Suboxone de 12 mg - Family Healthcare Pharmacy\",\"isPartOf\":{\"@id\":\"https:\\\/\\\/weightlossmedssales.com\\\/#website\"},\"primaryImageOfPage\":{\"@id\":\"https:\\\/\\\/weightlossmedssales.com\\\/product\\\/tiras-de-suboxone-de-12-mg\\\/#primaryimage\"},\"image\":{\"@id\":\"https:\\\/\\\/weightlossmedssales.com\\\/product\\\/tiras-de-suboxone-de-12-mg\\\/#primaryimage\"},\"thumbnailUrl\":\"https:\\\/\\\/weightlossmedssales.com\\\/wp-content\\\/uploads\\\/2025\\\/04\\\/suboxone-12-mg-strips.jpg\",\"datePublished\":\"2025-04-18T10:53:00+00:00\",\"breadcrumb\":{\"@id\":\"https:\\\/\\\/weightlossmedssales.com\\\/product\\\/tiras-de-suboxone-de-12-mg\\\/#breadcrumb\"},\"inLanguage\":\"es\",\"potentialAction\":[{\"@type\":\"ReadAction\",\"target\":[\"https:\\\/\\\/weightlossmedssales.com\\\/product\\\/tiras-de-suboxone-de-12-mg\\\/\"]}]},{\"@type\":\"ImageObject\",\"inLanguage\":\"es\",\"@id\":\"https:\\\/\\\/weightlossmedssales.com\\\/product\\\/tiras-de-suboxone-de-12-mg\\\/#primaryimage\",\"url\":\"https:\\\/\\\/weightlossmedssales.com\\\/wp-content\\\/uploads\\\/2025\\\/04\\\/suboxone-12-mg-strips.jpg\",\"contentUrl\":\"https:\\\/\\\/weightlossmedssales.com\\\/wp-content\\\/uploads\\\/2025\\\/04\\\/suboxone-12-mg-strips.jpg\",\"width\":1024,\"height\":660},{\"@type\":\"BreadcrumbList\",\"@id\":\"https:\\\/\\\/weightlossmedssales.com\\\/product\\\/tiras-de-suboxone-de-12-mg\\\/#breadcrumb\",\"itemListElement\":[{\"@type\":\"ListItem\",\"position\":1,\"name\":\"Home\",\"item\":\"https:\\\/\\\/weightlossmedssales.com\\\/es\\\/inicio\\\/\"},{\"@type\":\"ListItem\",\"position\":2,\"name\":\"Shop\",\"item\":\"https:\\\/\\\/weightlossmedssales.com\\\/shop\\\/\"},{\"@type\":\"ListItem\",\"position\":3,\"name\":\"Tiras de Suboxone de 12 mg\"}]},{\"@type\":\"WebSite\",\"@id\":\"https:\\\/\\\/weightlossmedssales.com\\\/#website\",\"url\":\"https:\\\/\\\/weightlossmedssales.com\\\/\",\"name\":\"Family Healthcare Pharmacy\",\"description\":\"Weight Loss Medicines\",\"potentialAction\":[{\"@type\":\"SearchAction\",\"target\":{\"@type\":\"EntryPoint\",\"urlTemplate\":\"https:\\\/\\\/weightlossmedssales.com\\\/?s={search_term_string}\"},\"query-input\":{\"@type\":\"PropertyValueSpecification\",\"valueRequired\":true,\"valueName\":\"search_term_string\"}}],\"inLanguage\":\"es\"}]}<\/script>\n<meta property=\"product:price:amount\" content=\"3.50\" \/>\n<meta property=\"product:price:currency\" content=\"USD\" \/>\n<meta property=\"og:availability\" content=\"instock\" \/>\n<meta property=\"product:availability\" content=\"instock\" \/>\n<meta property=\"product:condition\" content=\"new\" \/>\n<!-- \/ Yoast SEO Premium plugin. -->","yoast_head_json":{"title":"Tiras de Suboxone de 12 mg - Family Healthcare Pharmacy","robots":{"index":"index","follow":"follow","max-snippet":"max-snippet:-1","max-image-preview":"max-image-preview:large","max-video-preview":"max-video-preview:-1"},"canonical":"https:\/\/weightlossmedssales.com\/product\/tiras-de-suboxone-de-12-mg\/","og_locale":"es_ES","og_type":"article","og_title":"Tiras de Suboxone de 12 mg","og_description":"Tiras de Suboxone de 12 mg en venta Suboxone\/naloxona es una medicaci\u00f3n opioide combinada que funciona eficazmente para tratar la dependencia a opioides. Su eficacia es \u00f3ptima cuando se utiliza en conjunto con asesoramiento y apoyo de salud mental. La medicaci\u00f3n est\u00e1 disponible en forma de comprimido o pel\u00edcula que se disuelve bajo la lengua ...","og_url":"https:\/\/weightlossmedssales.com\/product\/tiras-de-suboxone-de-12-mg\/","og_site_name":"Family Healthcare Pharmacy","twitter_card":"summary_large_image","twitter_misc":{"Precio":"&#36;3.50","Disponibilidad":"Disponible"},"schema":{"@context":"https:\/\/schema.org","@graph":[{"@type":"WebPage","@id":"https:\/\/weightlossmedssales.com\/product\/tiras-de-suboxone-de-12-mg\/","url":"https:\/\/weightlossmedssales.com\/product\/tiras-de-suboxone-de-12-mg\/","name":"Tiras de Suboxone de 12 mg - Family Healthcare Pharmacy","isPartOf":{"@id":"https:\/\/weightlossmedssales.com\/#website"},"primaryImageOfPage":{"@id":"https:\/\/weightlossmedssales.com\/product\/tiras-de-suboxone-de-12-mg\/#primaryimage"},"image":{"@id":"https:\/\/weightlossmedssales.com\/product\/tiras-de-suboxone-de-12-mg\/#primaryimage"},"thumbnailUrl":"https:\/\/weightlossmedssales.com\/wp-content\/uploads\/2025\/04\/suboxone-12-mg-strips.jpg","datePublished":"2025-04-18T10:53:00+00:00","breadcrumb":{"@id":"https:\/\/weightlossmedssales.com\/product\/tiras-de-suboxone-de-12-mg\/#breadcrumb"},"inLanguage":"es","potentialAction":[{"@type":"ReadAction","target":["https:\/\/weightlossmedssales.com\/product\/tiras-de-suboxone-de-12-mg\/"]}]},{"@type":"ImageObject","inLanguage":"es","@id":"https:\/\/weightlossmedssales.com\/product\/tiras-de-suboxone-de-12-mg\/#primaryimage","url":"https:\/\/weightlossmedssales.com\/wp-content\/uploads\/2025\/04\/suboxone-12-mg-strips.jpg","contentUrl":"https:\/\/weightlossmedssales.com\/wp-content\/uploads\/2025\/04\/suboxone-12-mg-strips.jpg","width":1024,"height":660},{"@type":"BreadcrumbList","@id":"https:\/\/weightlossmedssales.com\/product\/tiras-de-suboxone-de-12-mg\/#breadcrumb","itemListElement":[{"@type":"ListItem","position":1,"name":"Home","item":"https:\/\/weightlossmedssales.com\/es\/inicio\/"},{"@type":"ListItem","position":2,"name":"Shop","item":"https:\/\/weightlossmedssales.com\/shop\/"},{"@type":"ListItem","position":3,"name":"Tiras de Suboxone de 12 mg"}]},{"@type":"WebSite","@id":"https:\/\/weightlossmedssales.com\/#website","url":"https:\/\/weightlossmedssales.com\/","name":"Family Healthcare Pharmacy","description":"Weight Loss Medicines","potentialAction":[{"@type":"SearchAction","target":{"@type":"EntryPoint","urlTemplate":"https:\/\/weightlossmedssales.com\/?s={search_term_string}"},"query-input":{"@type":"PropertyValueSpecification","valueRequired":true,"valueName":"search_term_string"}}],"inLanguage":"es"}]},"product_price_amount":"3.50","product_price_currency":"USD","og_availability":"instock","product_availability":"instock","product_condition":"new"},"_links":{"self":[{"href":"https:\/\/weightlossmedssales.com\/es\/wp-json\/wp\/v2\/product\/1892","targetHints":{"allow":["GET"]}}],"collection":[{"href":"https:\/\/weightlossmedssales.com\/es\/wp-json\/wp\/v2\/product"}],"about":[{"href":"https:\/\/weightlossmedssales.com\/es\/wp-json\/wp\/v2\/types\/product"}],"replies":[{"embeddable":true,"href":"https:\/\/weightlossmedssales.com\/es\/wp-json\/wp\/v2\/comments?post=1892"}],"version-history":[{"count":0,"href":"https:\/\/weightlossmedssales.com\/es\/wp-json\/wp\/v2\/product\/1892\/revisions"}],"wp:featuredmedia":[{"embeddable":true,"href":"https:\/\/weightlossmedssales.com\/es\/wp-json\/wp\/v2\/media\/1542"}],"wp:attachment":[{"href":"https:\/\/weightlossmedssales.com\/es\/wp-json\/wp\/v2\/media?parent=1892"}],"wp:term":[{"taxonomy":"product_brand","embeddable":true,"href":"https:\/\/weightlossmedssales.com\/es\/wp-json\/wp\/v2\/product_brand?post=1892"},{"taxonomy":"product_cat","embeddable":true,"href":"https:\/\/weightlossmedssales.com\/es\/wp-json\/wp\/v2\/product_cat?post=1892"},{"taxonomy":"product_tag","embeddable":true,"href":"https:\/\/weightlossmedssales.com\/es\/wp-json\/wp\/v2\/product_tag?post=1892"}],"curies":[{"name":"wp","href":"https:\/\/api.w.org\/{rel}","templated":true}]}}