{"id":1893,"date":"2025-04-18T10:53:00","date_gmt":"2025-04-18T10:53:00","guid":{"rendered":"https:\/\/weightlossmedssales.com\/product\/adderall-xr-20-mg\/"},"modified":"2025-04-18T10:53:00","modified_gmt":"2025-04-18T10:53:00","slug":"adderall-xr-20-mg","status":"publish","type":"product","link":"https:\/\/weightlossmedssales.com\/es\/product\/adderall-xr-20-mg\/","title":{"rendered":"Adderall XR 20 mg"},"content":{"rendered":"<h1>Adderall XR 20 mg en venta<\/h1>\n<p>Adderall XR se utiliza para tratar el <a class=\"text-primary hover:text-simple-link-hover\" href=\"https:\/\/www.goodrx.com\/conditions\/adhd\" target=\"_self\" rel=\"noopener\" data-qa=\"DSM-Link\" data-location=\"Content\" data-type=\"body-copy-group\" data-url=\"https:\/\/www.goodrx.com\/conditions\/adhd\" data-content=\"attention-deficit\/hyperactivity disorder (ADHD)\" data-content-id=\"50c5506f-1d16-45b2-9f46-dc5a49876e14\" data-content-category=\"\" data-content-category-id=\"basics\" data-content-position=\"1\">trastorno por d\u00e9ficit de atenci\u00f3n e hiperactividad (TDAH)<\/a>. Como estimulante, puede causar dificultades para dormir. Tambi\u00e9n presenta un alto riesgo de abuso y dependencia.  <\/p>\n<h3 class=\"text-align-generic-title lg:text-generic-title text-generic-title font-generic-title-mobile lg:font-generic-title leading-component-1 font-component-1 mb-component-3\">C\u00f3mo funciona Adderall XR<\/h3>\n<p class=\"mb-component-1\">Adderall XR es un estimulante. Act\u00faa en el cerebro para elevar los niveles de norepinefrina y dopamina. La norepinefrina y la dopamina son sustancias qu\u00edmicas en el cerebro que mejoran la atenci\u00f3n, el estado de alerta y el comportamiento.  <\/p>\n<div class=\"relative flex items-center cursor-pointer outline-none py-faq-gallery\" tabindex=\"0\" role=\"button\" aria-expanded=\"true\" aria-controls=\"faq-answer-3cdfa2c2-8b40-448a-b1da-8542376e9562\">\n<p class=\"text-component-2 text-primary font-bold\">\u00bfEs seguro Adderall XR durante el embarazo?<\/p>\n<\/div>\n<div id=\"faq-answer-3cdfa2c2-8b40-448a-b1da-8542376e9562\" class=\"ml-6\" data-qa=\"faq-answer-3cdfa2c2-8b40-448a-b1da-8542376e9562\">\n<div class=\"mb-component-3 text-component-2\">\n<div class=\"break-words\">\n<p class=\"mb-component-1\">Adderall XR podr\u00eda causar da\u00f1o a su beb\u00e9 nonato, por lo que debe informar a su proveedor si est\u00e1 embarazada o planea quedar embarazada antes de tomar este medicamento. Si toma Adderall XR durante el embarazo, visite el sitio web del <a class=\"text-primary hover:text-simple-link-hover\" href=\"https:\/\/womensmentalhealth.org\/research\/pregnancyregistry\/\" target=\"_blank\" rel=\"noopener noreferrer\" data-qa=\"DSM-Link\" data-url=\"https:\/\/womensmentalhealth.org\/research\/pregnancyregistry\/\" data-content=\"National Pregnancy Registry for Psychiatric Medications\">Registro Nacional de Embarazo para Medicamentos Psiqui\u00e1tricos<\/a> o llame al 1-866-961-2388 para inscribirse en un registro de embarazo que pueda monitorear su salud y la de su beb\u00e9. <\/p>\n<h2 class=\"max-w-content mx-auto lg:text-section-title text-section-title-mobile font-section-title font-2 leading-component-1 mb-section-title text-align-section-title border-b-2 border-section-title-underline py-section-title px-component-2\" data-qa=\"sectionTitle\">\u00bfCu\u00e1les son los efectos secundarios de Adderall XR?<\/h2>\n<div class=\"my-section-child last:mb-0 max-w-content mx-auto px-component-2 px-section-child\" data-qa=\"DSM-SectionChild\">\n<div data-qa=\"BodyCopy\">\n<div class=\"last-child-margin-reset text-component-2 break-words\">\n<p class=\"mb-component-1\">Con cualquier medicamento, existen riesgos y beneficios. Incluso si el medicamento est\u00e1 funcionando, es posible que experimente algunos efectos secundarios no deseados. <\/p>\n<\/div>\n<\/div>\n<\/div>\n<div class=\"my-section-child last:mb-0 max-w-content mx-auto px-component-2 px-section-child\" data-qa=\"DSM-SectionChild\">\n<div data-qa=\"BodyCopy\">\n<div class=\"last-child-margin-reset text-component-2 break-words\">\n<p class=\"flex mb-component-1\"><span class=\"px-4 my-auto\">Comun\u00edquese inmediatamente con su m\u00e9dico si experimenta alguno de los siguientes s\u00edntomas:<\/span><\/p>\n<\/div>\n<\/div>\n<\/div>\n<div class=\"my-section-child last:mb-0 max-w-content mx-auto px-component-2 px-section-child\" data-qa=\"DSM-SectionChild\">\n<div data-qa=\"BodyCopy\">\n<div class=\"last-child-margin-reset text-component-2 break-words\">\n<ul class=\"list-disc my-component-4\">\n<li class=\"mb-component-2 ml-bulleted-list\"><strong>S\u00edndrome serotonin\u00e9rgico:<\/strong> frecuencia card\u00edaca acelerada, sudoraci\u00f3n, rigidez o espasmos musculares, fiebre, confusi\u00f3n, alucinaciones<\/li>\n<li class=\"mb-component-2 ml-bulleted-list\"><strong>Infarto de miocardio:<\/strong> dolor en el pecho, sudores fr\u00edos, dolor en el brazo izquierdo, dificultad para respirar<\/li>\n<li class=\"mb-component-2 ml-bulleted-list\"><strong>Accidente cerebrovascular:<\/strong> ca\u00edda facial, dificultad para ver, caminar, hablar, debilidad en un lado del cuerpo<\/li>\n<li class=\"mb-component-2 ml-bulleted-list\"><strong>Reacci\u00f3n al\u00e9rgica:<\/strong> dificultad para respirar, erupci\u00f3n cut\u00e1nea, hinchaz\u00f3n en la cara, el cuello o la garganta<\/li>\n<li class=\"mb-component-2 ml-bulleted-list\"><strong>Convulsiones<\/strong><\/li>\n<\/ul>\n<h2 class=\"max-w-content mx-auto lg:text-section-title text-section-title-mobile font-section-title font-2 leading-component-1 mb-section-title text-align-section-title border-b-2 border-section-title-underline py-section-title px-component-2\" data-qa=\"sectionTitle\">\u00bfCu\u00e1les son los riesgos y advertencias para Adderall XR?<\/h2>\n<div class=\"my-section-child last:mb-0 max-w-content mx-auto px-component-2 px-section-child\" data-qa=\"DSM-SectionChild\">\n<div data-qa=\"BodyCopy\">\n<div class=\"last-child-margin-reset text-component-2 break-words\">\n<p class=\"mb-component-1\">Adderall XR puede causar algunos problemas de salud graves. Este riesgo puede ser a\u00fan mayor para ciertos grupos. Si esto le preocupa, hable con su m\u00e9dico o farmac\u00e9utico sobre otras opciones. Adderall XR 20 mg en venta   <\/p>\n<\/div>\n<\/div>\n<\/div>\n<\/div>\n<\/div>\n<\/div>\n<\/div>\n<\/div>\n<\/div>\n","protected":false},"excerpt":{"rendered":"<p>Adderall XR 20 mg en venta Adderall XR se utiliza para tratar el trastorno por d\u00e9ficit de atenci\u00f3n e hiperactividad (TDAH). Como estimulante, puede causar dificultades para dormir. Tambi\u00e9n presenta un alto riesgo de abuso y dependencia. C\u00f3mo funciona Adderall XR Adderall XR es un estimulante. Act\u00faa en el cerebro para elevar los niveles de &#8230;<\/p>\n","protected":false},"featured_media":1566,"menu_order":0,"comment_status":"open","ping_status":"closed","template":"","meta":[],"product_brand":[],"product_cat":[203],"product_tag":[],"class_list":{"0":"post-1893","1":"product","2":"type-product","3":"status-publish","4":"has-post-thumbnail","6":"product_cat-adquiera-adderall-en-linea","8":"first","9":"instock","10":"shipping-taxable","11":"purchasable","12":"product-type-simple"},"yoast_head":"<!-- This site is optimized with the Yoast SEO Premium plugin v23.3 (Yoast SEO v27.4) - https:\/\/yoast.com\/product\/yoast-seo-premium-wordpress\/ -->\n<title>Adderall XR 20 mg - Family Healthcare Pharmacy<\/title>\n<meta name=\"robots\" content=\"index, follow, max-snippet:-1, max-image-preview:large, max-video-preview:-1\" \/>\n<link rel=\"canonical\" href=\"https:\/\/weightlossmedssales.com\/product\/adderall-xr-20-mg\/\" \/>\n<meta property=\"og:locale\" content=\"es_ES\" \/>\n<meta property=\"og:type\" content=\"article\" \/>\n<meta property=\"og:title\" content=\"Adderall XR 20 mg\" \/>\n<meta property=\"og:description\" content=\"Adderall XR 20 mg en venta Adderall XR se utiliza para tratar el trastorno por d\u00e9ficit de atenci\u00f3n e hiperactividad (TDAH). Como estimulante, puede causar dificultades para dormir. Tambi\u00e9n presenta un alto riesgo de abuso y dependencia. C\u00f3mo funciona Adderall XR Adderall XR es un estimulante. Act\u00faa en el cerebro para elevar los niveles de ...\" \/>\n<meta property=\"og:url\" content=\"https:\/\/weightlossmedssales.com\/product\/adderall-xr-20-mg\/\" \/>\n<meta property=\"og:site_name\" content=\"Family Healthcare Pharmacy\" \/>\n<meta name=\"twitter:card\" content=\"summary_large_image\" \/>\n<meta name=\"twitter:label1\" content=\"Precio\" \/>\n\t<meta name=\"twitter:data1\" content=\"&#036;3.00\" \/>\n\t<meta name=\"twitter:label2\" content=\"Disponibilidad\" \/>\n\t<meta name=\"twitter:data2\" content=\"Disponible\" \/>\n<script type=\"application\/ld+json\" class=\"yoast-schema-graph\">{\"@context\":\"https:\\\/\\\/schema.org\",\"@graph\":[{\"@type\":\"WebPage\",\"@id\":\"https:\\\/\\\/weightlossmedssales.com\\\/product\\\/adderall-xr-20-mg\\\/\",\"url\":\"https:\\\/\\\/weightlossmedssales.com\\\/product\\\/adderall-xr-20-mg\\\/\",\"name\":\"Adderall XR 20 mg - Family Healthcare Pharmacy\",\"isPartOf\":{\"@id\":\"https:\\\/\\\/weightlossmedssales.com\\\/#website\"},\"primaryImageOfPage\":{\"@id\":\"https:\\\/\\\/weightlossmedssales.com\\\/product\\\/adderall-xr-20-mg\\\/#primaryimage\"},\"image\":{\"@id\":\"https:\\\/\\\/weightlossmedssales.com\\\/product\\\/adderall-xr-20-mg\\\/#primaryimage\"},\"thumbnailUrl\":\"https:\\\/\\\/weightlossmedssales.com\\\/wp-content\\\/uploads\\\/2025\\\/04\\\/adderall-pill-on-a-table-br-image-credit-synesthezia-2014-br.jpg\",\"datePublished\":\"2025-04-18T10:53:00+00:00\",\"breadcrumb\":{\"@id\":\"https:\\\/\\\/weightlossmedssales.com\\\/product\\\/adderall-xr-20-mg\\\/#breadcrumb\"},\"inLanguage\":\"es\",\"potentialAction\":[{\"@type\":\"ReadAction\",\"target\":[\"https:\\\/\\\/weightlossmedssales.com\\\/product\\\/adderall-xr-20-mg\\\/\"]}]},{\"@type\":\"ImageObject\",\"inLanguage\":\"es\",\"@id\":\"https:\\\/\\\/weightlossmedssales.com\\\/product\\\/adderall-xr-20-mg\\\/#primaryimage\",\"url\":\"https:\\\/\\\/weightlossmedssales.com\\\/wp-content\\\/uploads\\\/2025\\\/04\\\/adderall-pill-on-a-table-br-image-credit-synesthezia-2014-br.jpg\",\"contentUrl\":\"https:\\\/\\\/weightlossmedssales.com\\\/wp-content\\\/uploads\\\/2025\\\/04\\\/adderall-pill-on-a-table-br-image-credit-synesthezia-2014-br.jpg\",\"width\":1100,\"height\":670},{\"@type\":\"BreadcrumbList\",\"@id\":\"https:\\\/\\\/weightlossmedssales.com\\\/product\\\/adderall-xr-20-mg\\\/#breadcrumb\",\"itemListElement\":[{\"@type\":\"ListItem\",\"position\":1,\"name\":\"Home\",\"item\":\"https:\\\/\\\/weightlossmedssales.com\\\/es\\\/inicio\\\/\"},{\"@type\":\"ListItem\",\"position\":2,\"name\":\"Shop\",\"item\":\"https:\\\/\\\/weightlossmedssales.com\\\/shop\\\/\"},{\"@type\":\"ListItem\",\"position\":3,\"name\":\"Adderall XR 20 mg\"}]},{\"@type\":\"WebSite\",\"@id\":\"https:\\\/\\\/weightlossmedssales.com\\\/#website\",\"url\":\"https:\\\/\\\/weightlossmedssales.com\\\/\",\"name\":\"Family Healthcare Pharmacy\",\"description\":\"Weight Loss Medicines\",\"potentialAction\":[{\"@type\":\"SearchAction\",\"target\":{\"@type\":\"EntryPoint\",\"urlTemplate\":\"https:\\\/\\\/weightlossmedssales.com\\\/?s={search_term_string}\"},\"query-input\":{\"@type\":\"PropertyValueSpecification\",\"valueRequired\":true,\"valueName\":\"search_term_string\"}}],\"inLanguage\":\"es\"}]}<\/script>\n<meta property=\"product:price:amount\" content=\"3.00\" \/>\n<meta property=\"product:price:currency\" content=\"USD\" \/>\n<meta property=\"og:availability\" content=\"instock\" \/>\n<meta property=\"product:availability\" content=\"instock\" \/>\n<meta property=\"product:condition\" content=\"new\" \/>\n<!-- \/ Yoast SEO Premium plugin. -->","yoast_head_json":{"title":"Adderall XR 20 mg - Family Healthcare Pharmacy","robots":{"index":"index","follow":"follow","max-snippet":"max-snippet:-1","max-image-preview":"max-image-preview:large","max-video-preview":"max-video-preview:-1"},"canonical":"https:\/\/weightlossmedssales.com\/product\/adderall-xr-20-mg\/","og_locale":"es_ES","og_type":"article","og_title":"Adderall XR 20 mg","og_description":"Adderall XR 20 mg en venta Adderall XR se utiliza para tratar el trastorno por d\u00e9ficit de atenci\u00f3n e hiperactividad (TDAH). Como estimulante, puede causar dificultades para dormir. Tambi\u00e9n presenta un alto riesgo de abuso y dependencia. C\u00f3mo funciona Adderall XR Adderall XR es un estimulante. Act\u00faa en el cerebro para elevar los niveles de ...","og_url":"https:\/\/weightlossmedssales.com\/product\/adderall-xr-20-mg\/","og_site_name":"Family Healthcare Pharmacy","twitter_card":"summary_large_image","twitter_misc":{"Precio":"&#36;3.00","Disponibilidad":"Disponible"},"schema":{"@context":"https:\/\/schema.org","@graph":[{"@type":"WebPage","@id":"https:\/\/weightlossmedssales.com\/product\/adderall-xr-20-mg\/","url":"https:\/\/weightlossmedssales.com\/product\/adderall-xr-20-mg\/","name":"Adderall XR 20 mg - Family Healthcare Pharmacy","isPartOf":{"@id":"https:\/\/weightlossmedssales.com\/#website"},"primaryImageOfPage":{"@id":"https:\/\/weightlossmedssales.com\/product\/adderall-xr-20-mg\/#primaryimage"},"image":{"@id":"https:\/\/weightlossmedssales.com\/product\/adderall-xr-20-mg\/#primaryimage"},"thumbnailUrl":"https:\/\/weightlossmedssales.com\/wp-content\/uploads\/2025\/04\/adderall-pill-on-a-table-br-image-credit-synesthezia-2014-br.jpg","datePublished":"2025-04-18T10:53:00+00:00","breadcrumb":{"@id":"https:\/\/weightlossmedssales.com\/product\/adderall-xr-20-mg\/#breadcrumb"},"inLanguage":"es","potentialAction":[{"@type":"ReadAction","target":["https:\/\/weightlossmedssales.com\/product\/adderall-xr-20-mg\/"]}]},{"@type":"ImageObject","inLanguage":"es","@id":"https:\/\/weightlossmedssales.com\/product\/adderall-xr-20-mg\/#primaryimage","url":"https:\/\/weightlossmedssales.com\/wp-content\/uploads\/2025\/04\/adderall-pill-on-a-table-br-image-credit-synesthezia-2014-br.jpg","contentUrl":"https:\/\/weightlossmedssales.com\/wp-content\/uploads\/2025\/04\/adderall-pill-on-a-table-br-image-credit-synesthezia-2014-br.jpg","width":1100,"height":670},{"@type":"BreadcrumbList","@id":"https:\/\/weightlossmedssales.com\/product\/adderall-xr-20-mg\/#breadcrumb","itemListElement":[{"@type":"ListItem","position":1,"name":"Home","item":"https:\/\/weightlossmedssales.com\/es\/inicio\/"},{"@type":"ListItem","position":2,"name":"Shop","item":"https:\/\/weightlossmedssales.com\/shop\/"},{"@type":"ListItem","position":3,"name":"Adderall XR 20 mg"}]},{"@type":"WebSite","@id":"https:\/\/weightlossmedssales.com\/#website","url":"https:\/\/weightlossmedssales.com\/","name":"Family Healthcare Pharmacy","description":"Weight Loss Medicines","potentialAction":[{"@type":"SearchAction","target":{"@type":"EntryPoint","urlTemplate":"https:\/\/weightlossmedssales.com\/?s={search_term_string}"},"query-input":{"@type":"PropertyValueSpecification","valueRequired":true,"valueName":"search_term_string"}}],"inLanguage":"es"}]},"product_price_amount":"3.00","product_price_currency":"USD","og_availability":"instock","product_availability":"instock","product_condition":"new"},"_links":{"self":[{"href":"https:\/\/weightlossmedssales.com\/es\/wp-json\/wp\/v2\/product\/1893","targetHints":{"allow":["GET"]}}],"collection":[{"href":"https:\/\/weightlossmedssales.com\/es\/wp-json\/wp\/v2\/product"}],"about":[{"href":"https:\/\/weightlossmedssales.com\/es\/wp-json\/wp\/v2\/types\/product"}],"replies":[{"embeddable":true,"href":"https:\/\/weightlossmedssales.com\/es\/wp-json\/wp\/v2\/comments?post=1893"}],"version-history":[{"count":0,"href":"https:\/\/weightlossmedssales.com\/es\/wp-json\/wp\/v2\/product\/1893\/revisions"}],"wp:featuredmedia":[{"embeddable":true,"href":"https:\/\/weightlossmedssales.com\/es\/wp-json\/wp\/v2\/media\/1566"}],"wp:attachment":[{"href":"https:\/\/weightlossmedssales.com\/es\/wp-json\/wp\/v2\/media?parent=1893"}],"wp:term":[{"taxonomy":"product_brand","embeddable":true,"href":"https:\/\/weightlossmedssales.com\/es\/wp-json\/wp\/v2\/product_brand?post=1893"},{"taxonomy":"product_cat","embeddable":true,"href":"https:\/\/weightlossmedssales.com\/es\/wp-json\/wp\/v2\/product_cat?post=1893"},{"taxonomy":"product_tag","embeddable":true,"href":"https:\/\/weightlossmedssales.com\/es\/wp-json\/wp\/v2\/product_tag?post=1893"}],"curies":[{"name":"wp","href":"https:\/\/api.w.org\/{rel}","templated":true}]}}