{"id":1895,"date":"2025-04-18T10:53:00","date_gmt":"2025-04-18T10:53:00","guid":{"rendered":"https:\/\/weightlossmedssales.com\/product\/adderall-xr-15-mg\/"},"modified":"2025-04-18T10:53:00","modified_gmt":"2025-04-18T10:53:00","slug":"adderall-xr-15-mg","status":"publish","type":"product","link":"https:\/\/weightlossmedssales.com\/es\/product\/adderall-xr-15-mg\/","title":{"rendered":"Adderall XR 15 mg"},"content":{"rendered":"<h1>Adderall XR 15 mg a la venta<\/h1>\n<p>Adderall XR se utiliza para tratar el <a class=\"text-primary hover:text-simple-link-hover\" href=\"https:\/\/www.goodrx.com\/conditions\/adhd\" target=\"_self\" rel=\"noopener\" data-qa=\"DSM-Link\" data-location=\"Content\" data-type=\"body-copy-group\" data-url=\"https:\/\/www.goodrx.com\/conditions\/adhd\" data-content=\"attention-deficit\/hyperactivity disorder (ADHD)\" data-content-id=\"50c5506f-1d16-45b2-9f46-dc5a49876e14\" data-content-category=\"\" data-content-category-id=\"basics\" data-content-position=\"1\">trastorno por d\u00e9ficit de atenci\u00f3n e hiperactividad (TDAH)<\/a>. Como estimulante, puede causar dificultades para dormir. Tambi\u00e9n presenta un alto riesgo de abuso y dependencia.  <\/p>\n<div class=\"my-section-child last:mb-0 max-w-content mx-auto px-component-2 px-section-child\" data-qa=\"DSM-SectionChild\">\n<div data-qa=\"BodyCopy\">\n<div class=\"last-child-margin-reset text-component-2 break-words\">\n<h3 class=\"text-align-generic-title lg:text-generic-title text-generic-title font-generic-title-mobile lg:font-generic-title leading-component-1 font-component-1 mb-component-3\">C\u00f3mo funciona Adderall XR<\/h3>\n<p class=\"mb-component-1\">Adderall XR es un estimulante. Act\u00faa en el cerebro para elevar los niveles de norepinefrina y dopamina. La norepinefrina y la dopamina son sustancias qu\u00edmicas en el cerebro que mejoran la atenci\u00f3n, el estado de alerta y el comportamiento.  <\/p>\n<\/div>\n<\/div>\n<\/div>\n<div class=\"my-section-child last:mb-0 max-w-content mx-auto px-component-2 px-section-child\" data-qa=\"DSM-SectionChild\">\n<div data-qa=\"BodyCopy\">\n<div class=\"last-child-margin-reset text-component-2 break-words\">\n<h3 class=\"text-align-generic-title lg:text-generic-title text-generic-title font-generic-title-mobile lg:font-generic-title leading-component-1 font-component-1 mb-component-3\">\u00bfPara qu\u00e9 se utiliza Adderall XR?<\/h3>\n<ul class=\"list-disc my-component-4\">\n<li class=\"mb-component-2 ml-bulleted-list\">Trastorno por d\u00e9ficit de atenci\u00f3n e hiperactividad (TDAH)<\/li>\n<\/ul>\n<\/div>\n<\/div>\n<\/div>\n<div class=\"relative flex items-center cursor-pointer outline-none py-faq-gallery\" tabindex=\"0\" role=\"button\" aria-expanded=\"true\" aria-controls=\"faq-answer-3cdfa2c2-8b40-448a-b1da-8542376e9562\">\n<p class=\"text-component-2 text-primary font-bold\">\u00bfEs seguro Adderall XR durante el embarazo?<\/p>\n<\/div>\n<div id=\"faq-answer-3cdfa2c2-8b40-448a-b1da-8542376e9562\" class=\"ml-6\" data-qa=\"faq-answer-3cdfa2c2-8b40-448a-b1da-8542376e9562\">\n<div class=\"mb-component-3 text-component-2\">\n<div class=\"break-words\">\n<p class=\"mb-component-1\">Adderall XR podr\u00eda causar da\u00f1o a su beb\u00e9 nonato, por lo que debe informar a su proveedor si est\u00e1 embarazada o planea quedar embarazada antes de tomar este medicamento. Si toma Adderall XR durante el embarazo, visite el sitio web del <a class=\"text-primary hover:text-simple-link-hover\" href=\"https:\/\/womensmentalhealth.org\/research\/pregnancyregistry\/\" target=\"_blank\" rel=\"noopener noreferrer\" data-qa=\"DSM-Link\" data-url=\"https:\/\/womensmentalhealth.org\/research\/pregnancyregistry\/\" data-content=\"National Pregnancy Registry for Psychiatric Medications\">Registro Nacional de Embarazo para Medicamentos Psiqui\u00e1tricos<\/a> o llame al 1-866-961-2388 para inscribirse en un registro de embarazo que pueda monitorear su salud y la de su beb\u00e9. <\/p>\n<h2 class=\"max-w-content mx-auto lg:text-section-title text-section-title-mobile font-section-title font-2 leading-component-1 mb-section-title text-align-section-title border-b-2 border-section-title-underline py-section-title px-component-2\" data-qa=\"sectionTitle\">Ventajas y desventajas de Adderall XR<\/h2>\n<div class=\"my-section-child last:mb-0 max-w-content mx-auto px-component-2 px-section-child\" data-qa=\"DSM-SectionChild\">\n<div class=\"flex-none md:flex md:flex-row mt-component-5\" data-qa=\"ColumnContainer\">\n<div class=\"flex-1 md:w-1\/2 mb-component-1 md:mr-column\">\n<div data-qa=\"BodyCopy\">\n<div class=\"last-child-margin-reset text-component-2 break-words\">\n<h3 class=\"text-align-generic-title lg:text-generic-title text-generic-title font-generic-title-mobile lg:font-generic-title leading-component-1 font-component-1 mb-component-3\">Ventajas<\/h3>\n<p class=\"flex mb-component-1\"><span class=\"flex-none\"><span class=\"my-1 w-full flex justify-center items-start\"><img decoding=\"async\" class=\"max-w-full align-self flex-none\" src=\"https:\/\/images.ctfassets.net\/4f3rgqwzdznj\/3OMQOAV7nUlvvi0Gy3VSB5\/d8da38efd8fa4c5a2e0e363a6e7c169d\/icon-thumb-up_copy_5.png\" alt=\"Pulgar hacia arriba\"><\/span><\/span><span class=\"px-4 my-auto\">Se toma una vez al d\u00eda por la ma\u00f1ana<\/span><\/p>\n<p class=\"flex mb-component-1\"><span class=\"flex-none\"><span class=\"my-1 w-full flex justify-center items-start\"><img decoding=\"async\" class=\"max-w-full align-self flex-none\" src=\"https:\/\/images.ctfassets.net\/4f3rgqwzdznj\/3OMQOAV7nUlvvi0Gy3VSB5\/d8da38efd8fa4c5a2e0e363a6e7c169d\/icon-thumb-up_copy_5.png\" alt=\"Pulgar hacia arriba\"><\/span><\/span><span class=\"px-4 my-auto\">Comienza a hacer efecto en cuesti\u00f3n de horas despu\u00e9s de su administraci\u00f3n<\/span><\/p>\n<p class=\"flex mb-component-1\"><span class=\"flex-none\"><span class=\"my-1 w-full flex justify-center items-start\"><img decoding=\"async\" class=\"max-w-full align-self flex-none\" src=\"https:\/\/images.ctfassets.net\/4f3rgqwzdznj\/3OMQOAV7nUlvvi0Gy3VSB5\/d8da38efd8fa4c5a2e0e363a6e7c169d\/icon-thumb-up_copy_5.png\" alt=\"Pulgar hacia arriba\"><\/span><\/span><span class=\"px-4 my-auto\">Disponible como medicamento gen\u00e9rico de menor costo<\/span><\/p>\n<p class=\"flex mb-component-1\"><span class=\"flex-none\"><span class=\"my-1 w-full flex justify-center items-start\"><img decoding=\"async\" class=\"max-w-full align-self flex-none\" src=\"https:\/\/images.ctfassets.net\/4f3rgqwzdznj\/3OMQOAV7nUlvvi0Gy3VSB5\/d8da38efd8fa4c5a2e0e363a6e7c169d\/icon-thumb-up_copy_5.png\" alt=\"Pulgar hacia arriba\"><\/span><\/span><span class=\"px-4 my-auto\">Puede abrirse y mezclarse con pur\u00e9 de manzana si tiene dificultades para tragar medicamentos<\/span><\/p>\n<\/div>\n<\/div>\n<\/div>\n<div class=\"flex-1 md:w-1\/2 md:ml-column\">\n<div data-qa=\"BodyCopy\">\n<div class=\"last-child-margin-reset text-component-2 break-words\">\n<h3 class=\"text-align-generic-title lg:text-generic-title text-generic-title font-generic-title-mobile lg:font-generic-title leading-component-1 font-component-1 mb-component-3\">Desventajas<\/h3>\n<p class=\"flex mb-component-1\"><span class=\"flex-none\"><span class=\"my-1 w-full flex justify-center items-start\"><img decoding=\"async\" class=\"max-w-full align-self flex-none\" src=\"https:\/\/images.ctfassets.net\/4f3rgqwzdznj\/2HmHEpsr7tYBzFZtvBXcfm\/9756c9f9119331376e20d78a6bfbc4d0\/icon-thumb-down.png\" alt=\"Pulgar hacia abajo\"><\/span><\/span><span class=\"px-4 my-auto\">Es un medicamento controlado que presenta un alto riesgo de abuso y dependencia<\/span><\/p>\n<p class=\"flex mb-component-1\"><span class=\"flex-none\"><span class=\"my-1 w-full flex justify-center items-start\"><img decoding=\"async\" class=\"max-w-full align-self flex-none\" src=\"https:\/\/images.ctfassets.net\/4f3rgqwzdznj\/2HmHEpsr7tYBzFZtvBXcfm\/9756c9f9119331376e20d78a6bfbc4d0\/icon-thumb-down.png\" alt=\"Pulgar hacia abajo\"><\/span><\/span><span class=\"px-4 my-auto\">Puede generar h\u00e1bito, por lo que debe asegurarse de utilizarlo \u00fanicamente seg\u00fan lo prescrito<\/span><\/p>\n<p class=\"flex mb-component-1\"><span class=\"flex-none\"><span class=\"my-1 w-full flex justify-center items-start\"><img decoding=\"async\" class=\"max-w-full align-self flex-none\" src=\"https:\/\/images.ctfassets.net\/4f3rgqwzdznj\/2HmHEpsr7tYBzFZtvBXcfm\/9756c9f9119331376e20d78a6bfbc4d0\/icon-thumb-down.png\" alt=\"Pulgar hacia abajo\"><\/span><\/span><span class=\"px-4 my-auto\">No es seguro para personas con antecedentes de problemas card\u00edacos<\/span><\/p>\n<p class=\"flex mb-component-1\"><span class=\"flex-none\"><span class=\"my-1 w-full flex justify-center items-start\"><img decoding=\"async\" class=\"max-w-full align-self flex-none\" src=\"https:\/\/images.ctfassets.net\/4f3rgqwzdznj\/2HmHEpsr7tYBzFZtvBXcfm\/9756c9f9119331376e20d78a6bfbc4d0\/icon-thumb-down.png\" alt=\"Pulgar hacia abajo\"><\/span><\/span><span class=\"px-4 my-auto\">La marca Mydayis no puede administrarse a ni\u00f1os menores de 13 a\u00f1os de edad<\/span><\/p>\n<\/div>\n<\/div>\n<\/div>\n<\/div>\n<\/div>\n<\/div>\n<\/div>\n<\/div>\n","protected":false},"excerpt":{"rendered":"<p>Adderall XR 15 mg a la venta Adderall XR se utiliza para tratar el trastorno por d\u00e9ficit de atenci\u00f3n e hiperactividad (TDAH). Como estimulante, puede causar dificultades para dormir. Tambi\u00e9n presenta un alto riesgo de abuso y dependencia. C\u00f3mo funciona Adderall XR Adderall XR es un estimulante. Act\u00faa en el cerebro para elevar los niveles &#8230;<\/p>\n","protected":false},"featured_media":1563,"menu_order":0,"comment_status":"open","ping_status":"closed","template":"","meta":[],"product_brand":[],"product_cat":[203],"product_tag":[],"class_list":{"0":"post-1895","1":"product","2":"type-product","3":"status-publish","4":"has-post-thumbnail","6":"product_cat-adquiera-adderall-en-linea","8":"first","9":"instock","10":"shipping-taxable","11":"purchasable","12":"product-type-simple"},"yoast_head":"<!-- This site is optimized with the Yoast SEO Premium plugin v23.3 (Yoast SEO v27.4) - https:\/\/yoast.com\/product\/yoast-seo-premium-wordpress\/ -->\n<title>Adderall XR 15 mg - Family Healthcare Pharmacy<\/title>\n<meta name=\"robots\" content=\"index, follow, max-snippet:-1, max-image-preview:large, max-video-preview:-1\" \/>\n<link rel=\"canonical\" href=\"https:\/\/weightlossmedssales.com\/product\/adderall-xr-15-mg\/\" \/>\n<meta property=\"og:locale\" content=\"es_ES\" \/>\n<meta property=\"og:type\" content=\"article\" \/>\n<meta property=\"og:title\" content=\"Adderall XR 15 mg\" \/>\n<meta property=\"og:description\" content=\"Adderall XR 15 mg a la venta Adderall XR se utiliza para tratar el trastorno por d\u00e9ficit de atenci\u00f3n e hiperactividad (TDAH). Como estimulante, puede causar dificultades para dormir. Tambi\u00e9n presenta un alto riesgo de abuso y dependencia. C\u00f3mo funciona Adderall XR Adderall XR es un estimulante. Act\u00faa en el cerebro para elevar los niveles ...\" \/>\n<meta property=\"og:url\" content=\"https:\/\/weightlossmedssales.com\/product\/adderall-xr-15-mg\/\" \/>\n<meta property=\"og:site_name\" content=\"Family Healthcare Pharmacy\" \/>\n<meta property=\"og:image\" content=\"https:\/\/images.ctfassets.net\/4f3rgqwzdznj\/3OMQOAV7nUlvvi0Gy3VSB5\/d8da38efd8fa4c5a2e0e363a6e7c169d\/icon-thumb-up_copy_5.png\" \/>\n<meta name=\"twitter:card\" content=\"summary_large_image\" \/>\n<meta name=\"twitter:label1\" content=\"Precio\" \/>\n\t<meta name=\"twitter:data1\" content=\"&#036;3.00\" \/>\n\t<meta name=\"twitter:label2\" content=\"Disponibilidad\" \/>\n\t<meta name=\"twitter:data2\" content=\"Disponible\" \/>\n<script type=\"application\/ld+json\" class=\"yoast-schema-graph\">{\"@context\":\"https:\\\/\\\/schema.org\",\"@graph\":[{\"@type\":\"WebPage\",\"@id\":\"https:\\\/\\\/weightlossmedssales.com\\\/product\\\/adderall-xr-15-mg\\\/\",\"url\":\"https:\\\/\\\/weightlossmedssales.com\\\/product\\\/adderall-xr-15-mg\\\/\",\"name\":\"Adderall XR 15 mg - Family Healthcare Pharmacy\",\"isPartOf\":{\"@id\":\"https:\\\/\\\/weightlossmedssales.com\\\/#website\"},\"primaryImageOfPage\":{\"@id\":\"https:\\\/\\\/weightlossmedssales.com\\\/product\\\/adderall-xr-15-mg\\\/#primaryimage\"},\"image\":{\"@id\":\"https:\\\/\\\/weightlossmedssales.com\\\/product\\\/adderall-xr-15-mg\\\/#primaryimage\"},\"thumbnailUrl\":\"https:\\\/\\\/weightlossmedssales.com\\\/wp-content\\\/uploads\\\/2025\\\/04\\\/Adderall-30-Mg-xr.jpeg\",\"datePublished\":\"2025-04-18T10:53:00+00:00\",\"breadcrumb\":{\"@id\":\"https:\\\/\\\/weightlossmedssales.com\\\/product\\\/adderall-xr-15-mg\\\/#breadcrumb\"},\"inLanguage\":\"es\",\"potentialAction\":[{\"@type\":\"ReadAction\",\"target\":[\"https:\\\/\\\/weightlossmedssales.com\\\/product\\\/adderall-xr-15-mg\\\/\"]}]},{\"@type\":\"ImageObject\",\"inLanguage\":\"es\",\"@id\":\"https:\\\/\\\/weightlossmedssales.com\\\/product\\\/adderall-xr-15-mg\\\/#primaryimage\",\"url\":\"https:\\\/\\\/weightlossmedssales.com\\\/wp-content\\\/uploads\\\/2025\\\/04\\\/Adderall-30-Mg-xr.jpeg\",\"contentUrl\":\"https:\\\/\\\/weightlossmedssales.com\\\/wp-content\\\/uploads\\\/2025\\\/04\\\/Adderall-30-Mg-xr.jpeg\",\"width\":300,\"height\":300},{\"@type\":\"BreadcrumbList\",\"@id\":\"https:\\\/\\\/weightlossmedssales.com\\\/product\\\/adderall-xr-15-mg\\\/#breadcrumb\",\"itemListElement\":[{\"@type\":\"ListItem\",\"position\":1,\"name\":\"Home\",\"item\":\"https:\\\/\\\/weightlossmedssales.com\\\/es\\\/inicio\\\/\"},{\"@type\":\"ListItem\",\"position\":2,\"name\":\"Shop\",\"item\":\"https:\\\/\\\/weightlossmedssales.com\\\/shop\\\/\"},{\"@type\":\"ListItem\",\"position\":3,\"name\":\"Adderall XR 15 mg\"}]},{\"@type\":\"WebSite\",\"@id\":\"https:\\\/\\\/weightlossmedssales.com\\\/#website\",\"url\":\"https:\\\/\\\/weightlossmedssales.com\\\/\",\"name\":\"Family Healthcare Pharmacy\",\"description\":\"Weight Loss Medicines\",\"potentialAction\":[{\"@type\":\"SearchAction\",\"target\":{\"@type\":\"EntryPoint\",\"urlTemplate\":\"https:\\\/\\\/weightlossmedssales.com\\\/?s={search_term_string}\"},\"query-input\":{\"@type\":\"PropertyValueSpecification\",\"valueRequired\":true,\"valueName\":\"search_term_string\"}}],\"inLanguage\":\"es\"}]}<\/script>\n<meta property=\"product:price:amount\" content=\"3.00\" \/>\n<meta property=\"product:price:currency\" content=\"USD\" \/>\n<meta property=\"og:availability\" content=\"instock\" \/>\n<meta property=\"product:availability\" content=\"instock\" \/>\n<meta property=\"product:condition\" content=\"new\" \/>\n<!-- \/ Yoast SEO Premium plugin. -->","yoast_head_json":{"title":"Adderall XR 15 mg - Family Healthcare Pharmacy","robots":{"index":"index","follow":"follow","max-snippet":"max-snippet:-1","max-image-preview":"max-image-preview:large","max-video-preview":"max-video-preview:-1"},"canonical":"https:\/\/weightlossmedssales.com\/product\/adderall-xr-15-mg\/","og_locale":"es_ES","og_type":"article","og_title":"Adderall XR 15 mg","og_description":"Adderall XR 15 mg a la venta Adderall XR se utiliza para tratar el trastorno por d\u00e9ficit de atenci\u00f3n e hiperactividad (TDAH). Como estimulante, puede causar dificultades para dormir. Tambi\u00e9n presenta un alto riesgo de abuso y dependencia. C\u00f3mo funciona Adderall XR Adderall XR es un estimulante. Act\u00faa en el cerebro para elevar los niveles ...","og_url":"https:\/\/weightlossmedssales.com\/product\/adderall-xr-15-mg\/","og_site_name":"Family Healthcare Pharmacy","og_image":[{"url":"https:\/\/images.ctfassets.net\/4f3rgqwzdznj\/3OMQOAV7nUlvvi0Gy3VSB5\/d8da38efd8fa4c5a2e0e363a6e7c169d\/icon-thumb-up_copy_5.png","type":"","width":"","height":""}],"twitter_card":"summary_large_image","twitter_misc":{"Precio":"&#36;3.00","Disponibilidad":"Disponible"},"schema":{"@context":"https:\/\/schema.org","@graph":[{"@type":"WebPage","@id":"https:\/\/weightlossmedssales.com\/product\/adderall-xr-15-mg\/","url":"https:\/\/weightlossmedssales.com\/product\/adderall-xr-15-mg\/","name":"Adderall XR 15 mg - Family Healthcare Pharmacy","isPartOf":{"@id":"https:\/\/weightlossmedssales.com\/#website"},"primaryImageOfPage":{"@id":"https:\/\/weightlossmedssales.com\/product\/adderall-xr-15-mg\/#primaryimage"},"image":{"@id":"https:\/\/weightlossmedssales.com\/product\/adderall-xr-15-mg\/#primaryimage"},"thumbnailUrl":"https:\/\/weightlossmedssales.com\/wp-content\/uploads\/2025\/04\/Adderall-30-Mg-xr.jpeg","datePublished":"2025-04-18T10:53:00+00:00","breadcrumb":{"@id":"https:\/\/weightlossmedssales.com\/product\/adderall-xr-15-mg\/#breadcrumb"},"inLanguage":"es","potentialAction":[{"@type":"ReadAction","target":["https:\/\/weightlossmedssales.com\/product\/adderall-xr-15-mg\/"]}]},{"@type":"ImageObject","inLanguage":"es","@id":"https:\/\/weightlossmedssales.com\/product\/adderall-xr-15-mg\/#primaryimage","url":"https:\/\/weightlossmedssales.com\/wp-content\/uploads\/2025\/04\/Adderall-30-Mg-xr.jpeg","contentUrl":"https:\/\/weightlossmedssales.com\/wp-content\/uploads\/2025\/04\/Adderall-30-Mg-xr.jpeg","width":300,"height":300},{"@type":"BreadcrumbList","@id":"https:\/\/weightlossmedssales.com\/product\/adderall-xr-15-mg\/#breadcrumb","itemListElement":[{"@type":"ListItem","position":1,"name":"Home","item":"https:\/\/weightlossmedssales.com\/es\/inicio\/"},{"@type":"ListItem","position":2,"name":"Shop","item":"https:\/\/weightlossmedssales.com\/shop\/"},{"@type":"ListItem","position":3,"name":"Adderall XR 15 mg"}]},{"@type":"WebSite","@id":"https:\/\/weightlossmedssales.com\/#website","url":"https:\/\/weightlossmedssales.com\/","name":"Family Healthcare Pharmacy","description":"Weight Loss Medicines","potentialAction":[{"@type":"SearchAction","target":{"@type":"EntryPoint","urlTemplate":"https:\/\/weightlossmedssales.com\/?s={search_term_string}"},"query-input":{"@type":"PropertyValueSpecification","valueRequired":true,"valueName":"search_term_string"}}],"inLanguage":"es"}]},"product_price_amount":"3.00","product_price_currency":"USD","og_availability":"instock","product_availability":"instock","product_condition":"new"},"_links":{"self":[{"href":"https:\/\/weightlossmedssales.com\/es\/wp-json\/wp\/v2\/product\/1895","targetHints":{"allow":["GET"]}}],"collection":[{"href":"https:\/\/weightlossmedssales.com\/es\/wp-json\/wp\/v2\/product"}],"about":[{"href":"https:\/\/weightlossmedssales.com\/es\/wp-json\/wp\/v2\/types\/product"}],"replies":[{"embeddable":true,"href":"https:\/\/weightlossmedssales.com\/es\/wp-json\/wp\/v2\/comments?post=1895"}],"version-history":[{"count":0,"href":"https:\/\/weightlossmedssales.com\/es\/wp-json\/wp\/v2\/product\/1895\/revisions"}],"wp:featuredmedia":[{"embeddable":true,"href":"https:\/\/weightlossmedssales.com\/es\/wp-json\/wp\/v2\/media\/1563"}],"wp:attachment":[{"href":"https:\/\/weightlossmedssales.com\/es\/wp-json\/wp\/v2\/media?parent=1895"}],"wp:term":[{"taxonomy":"product_brand","embeddable":true,"href":"https:\/\/weightlossmedssales.com\/es\/wp-json\/wp\/v2\/product_brand?post=1895"},{"taxonomy":"product_cat","embeddable":true,"href":"https:\/\/weightlossmedssales.com\/es\/wp-json\/wp\/v2\/product_cat?post=1895"},{"taxonomy":"product_tag","embeddable":true,"href":"https:\/\/weightlossmedssales.com\/es\/wp-json\/wp\/v2\/product_tag?post=1895"}],"curies":[{"name":"wp","href":"https:\/\/api.w.org\/{rel}","templated":true}]}}