{"id":1910,"date":"2025-04-18T10:53:00","date_gmt":"2025-04-18T10:53:00","guid":{"rendered":"https:\/\/weightlossmedssales.com\/product\/orlistat-xenical-120-mg\/"},"modified":"2025-04-18T10:53:00","modified_gmt":"2025-04-18T10:53:00","slug":"orlistat-xenical-120-mg","status":"publish","type":"product","link":"https:\/\/weightlossmedssales.com\/es\/product\/orlistat-xenical-120-mg\/","title":{"rendered":"Orlistat (Xenical) 120 mg"},"content":{"rendered":"<h1>Comprar Xenical en l\u00ednea<\/h1>\n<div class=\"row desktop-heading\">\n<div class=\"col-xs-12 mobile-heading\">\n<p><b>Comprar Xenical en l\u00ednea. Orlistat <\/b>, comercializado bajo la marca <b>Xenical<\/b> entre otras, es un <a title=\"Medicamento\" href=\"https:\/\/en.wikipedia.org\/wiki\/Medication\">medicamento<\/a> utilizado para tratar la <a title=\"Obesidad\" href=\"https:\/\/en.wikipedia.org\/wiki\/Obesity\">obesidad<\/a>. Su funci\u00f3n principal es prevenir la <\/p>\n<p>absorci\u00f3n de grasas de la dieta humana actuando como un inhibidor de la lipasa, reduciendo as\u00ed la ingesta cal\u00f3rica. Est\u00e1 destinado a utilizarse en conjunto con una dieta reducida en calor\u00edas supervisada por un profesional de la salud. <\/p>\n<p>El orlistat es el derivado saturado de la lipostatina, un potente inhibidor natural de las lipasas pancre\u00e1ticas aislado de la bacteria Streptomyces toxytricini. Sin embargo, debido a su relativa simplicidad y estabilidad, se eligi\u00f3 el orlistat sobre la lipostatina para su desarrollo como f\u00e1rmaco anti-obesidad. <\/p>\n<p>La eficacia del orlistat en la promoci\u00f3n de la p\u00e9rdida de peso es definitiva pero modesta. Los datos agrupados de ensayos cl\u00ednicos sugieren que las personas a las que se les administra orlistat adem\u00e1s de modificaciones en el estilo de vida, como dieta y ejercicio, pierden alrededor de 2-3 kilogramos (4-7 lb) m\u00e1s que aquellos que no toman el f\u00e1rmaco en el transcurso de un a\u00f1o. El orlistat tambi\u00e9n reduce modestamente la presi\u00f3n arterial y parece prevenir la aparici\u00f3n de diabetes tipo 2, ya sea por la p\u00e9rdida de peso en s\u00ed o por otros efectos. Reduce la incidencia de diabetes tipo II en personas obesas aproximadamente en la misma medida que los cambios en el estilo de vida.   <\/p>\n<h2><span id=\"Medical_uses\" class=\"mw-headline\">Usos m\u00e9dicos de Xenical<\/span><\/h2>\n<p>El orlistat se utiliza para el tratamiento de la <a title=\"Obesidad\" href=\"https:\/\/en.wikipedia.org\/wiki\/Obesity\">obesidad<\/a>. La cantidad de p\u00e9rdida de peso lograda con orlistat var\u00eda. En <a title=\"Ensayo cl\u00ednico\" href=\"https:\/\/en.wikipedia.org\/wiki\/Clinical_trial\">ensayos cl\u00ednicos<\/a> de un a\u00f1o, entre el 35,5% y el 54,8% de los sujetos lograron una disminuci\u00f3n del 5% o m\u00e1s en la masa corporal, aunque no toda esta masa era necesariamente grasa. Entre el 16,4% y el 24,8% lograron al menos una disminuci\u00f3n del 10% en la grasa corporal.<sup id=\"cite_ref-Xenical_FDA_label_4-3\" class=\"reference\"><\/sup> Despu\u00e9s de suspender el orlistat, un n\u00famero <a title=\"Significancia estad\u00edstica\" href=\"https:\/\/en.wikipedia.org\/wiki\/Statistical_significance\">significativo<\/a> de sujetos recuperaron peso, hasta el 35% del peso que hab\u00edan perdido.<sup id=\"cite_ref-Xenical_FDA_label_4-4\" class=\"reference\"><\/sup> Reduce la incidencia de diabetes tipo II en personas obesas aproximadamente en la misma medida que los cambios en el estilo de vida.<sup id=\"cite_ref-BMJ2007_12-1\" class=\"reference\"><\/sup> El uso a largo plazo de orlistat tambi\u00e9n conduce a una reducci\u00f3n muy modesta de la <a title=\"Presi\u00f3n arterial\" href=\"https:\/\/en.wikipedia.org\/wiki\/Blood_pressure\">presi\u00f3n arterial<\/a> (reducciones medias de 2,5 y 1,9 <a class=\"mw-redirect\" title=\"MmHg\" href=\"https:\/\/en.wikipedia.org\/wiki\/MmHg\">mmHg<\/a> en la presi\u00f3n arterial <a class=\"mw-redirect\" title=\"S\u00edstole (medicina)\" href=\"https:\/\/en.wikipedia.org\/wiki\/Systole_(medicine)\">sist\u00f3lica<\/a> y <a title=\"Di\u00e1stole\" href=\"https:\/\/en.wikipedia.org\/wiki\/Diastole\">diast\u00f3lica<\/a> respectivamente). Comprar Xenical en l\u00ednea    <\/p>\n<\/div>\n<\/div>\n<div class=\"row\">\n<div class=\"col-xs-12\"><\/div>\n<\/div>\n","protected":false},"excerpt":{"rendered":"<p><strong>Orlistat (Xenical) 120 mg<\/strong><br \/>\n<strong>Vendemos en Cajas de 84 Comprimidos Duros.<\/strong><br \/>\n<strong>Por favor, que su cantidad de pedido sea 84.<\/strong><br \/>\n<strong>No se requiere prescripci\u00f3n.<\/strong><\/p>\n","protected":false},"featured_media":1587,"menu_order":0,"comment_status":"open","ping_status":"closed","template":"","meta":[],"product_brand":[],"product_cat":[233],"product_tag":[],"class_list":{"0":"post-1910","1":"product","2":"type-product","3":"status-publish","4":"has-post-thumbnail","6":"product_cat-medicamentos-para-la-perdida-de-peso","8":"first","9":"instock","10":"shipping-taxable","11":"purchasable","12":"product-type-simple"},"yoast_head":"<!-- This site is optimized with the Yoast SEO Premium plugin v23.3 (Yoast SEO v27.4) - https:\/\/yoast.com\/product\/yoast-seo-premium-wordpress\/ -->\n<title>Orlistat (Xenical) 120 mg - Family Healthcare Pharmacy<\/title>\n<meta name=\"robots\" content=\"index, follow, max-snippet:-1, max-image-preview:large, max-video-preview:-1\" \/>\n<link rel=\"canonical\" href=\"https:\/\/weightlossmedssales.com\/product\/orlistat-xenical-120-mg\/\" \/>\n<meta property=\"og:locale\" content=\"es_ES\" \/>\n<meta property=\"og:type\" content=\"article\" \/>\n<meta property=\"og:title\" content=\"Orlistat (Xenical) 120 mg\" \/>\n<meta property=\"og:description\" content=\"Orlistat (Xenical) 120 mg Vendemos en Cajas de 84 Comprimidos Duros. Por favor, que su cantidad de pedido sea 84. No se requiere prescripci\u00f3n.\" \/>\n<meta property=\"og:url\" content=\"https:\/\/weightlossmedssales.com\/product\/orlistat-xenical-120-mg\/\" \/>\n<meta property=\"og:site_name\" content=\"Family Healthcare Pharmacy\" \/>\n<meta name=\"twitter:card\" content=\"summary_large_image\" \/>\n<meta name=\"twitter:label1\" content=\"Precio\" \/>\n\t<meta name=\"twitter:data1\" content=\"&#036;2.80\" \/>\n\t<meta name=\"twitter:label2\" content=\"Disponibilidad\" \/>\n\t<meta name=\"twitter:data2\" content=\"Disponible\" \/>\n<script type=\"application\/ld+json\" class=\"yoast-schema-graph\">{\"@context\":\"https:\\\/\\\/schema.org\",\"@graph\":[{\"@type\":\"WebPage\",\"@id\":\"https:\\\/\\\/weightlossmedssales.com\\\/product\\\/orlistat-xenical-120-mg\\\/\",\"url\":\"https:\\\/\\\/weightlossmedssales.com\\\/product\\\/orlistat-xenical-120-mg\\\/\",\"name\":\"Orlistat (Xenical) 120 mg - Family Healthcare Pharmacy\",\"isPartOf\":{\"@id\":\"https:\\\/\\\/weightlossmedssales.com\\\/#website\"},\"primaryImageOfPage\":{\"@id\":\"https:\\\/\\\/weightlossmedssales.com\\\/product\\\/orlistat-xenical-120-mg\\\/#primaryimage\"},\"image\":{\"@id\":\"https:\\\/\\\/weightlossmedssales.com\\\/product\\\/orlistat-xenical-120-mg\\\/#primaryimage\"},\"thumbnailUrl\":\"https:\\\/\\\/weightlossmedssales.com\\\/wp-content\\\/uploads\\\/2025\\\/04\\\/Orlistat-Xenical-120-mg.webp\",\"datePublished\":\"2025-04-18T10:53:00+00:00\",\"breadcrumb\":{\"@id\":\"https:\\\/\\\/weightlossmedssales.com\\\/product\\\/orlistat-xenical-120-mg\\\/#breadcrumb\"},\"inLanguage\":\"es\",\"potentialAction\":[{\"@type\":\"ReadAction\",\"target\":[\"https:\\\/\\\/weightlossmedssales.com\\\/product\\\/orlistat-xenical-120-mg\\\/\"]}]},{\"@type\":\"ImageObject\",\"inLanguage\":\"es\",\"@id\":\"https:\\\/\\\/weightlossmedssales.com\\\/product\\\/orlistat-xenical-120-mg\\\/#primaryimage\",\"url\":\"https:\\\/\\\/weightlossmedssales.com\\\/wp-content\\\/uploads\\\/2025\\\/04\\\/Orlistat-Xenical-120-mg.webp\",\"contentUrl\":\"https:\\\/\\\/weightlossmedssales.com\\\/wp-content\\\/uploads\\\/2025\\\/04\\\/Orlistat-Xenical-120-mg.webp\",\"width\":1024,\"height\":1024},{\"@type\":\"BreadcrumbList\",\"@id\":\"https:\\\/\\\/weightlossmedssales.com\\\/product\\\/orlistat-xenical-120-mg\\\/#breadcrumb\",\"itemListElement\":[{\"@type\":\"ListItem\",\"position\":1,\"name\":\"Home\",\"item\":\"https:\\\/\\\/weightlossmedssales.com\\\/es\\\/inicio\\\/\"},{\"@type\":\"ListItem\",\"position\":2,\"name\":\"Shop\",\"item\":\"https:\\\/\\\/weightlossmedssales.com\\\/shop\\\/\"},{\"@type\":\"ListItem\",\"position\":3,\"name\":\"Orlistat (Xenical) 120 mg\"}]},{\"@type\":\"WebSite\",\"@id\":\"https:\\\/\\\/weightlossmedssales.com\\\/#website\",\"url\":\"https:\\\/\\\/weightlossmedssales.com\\\/\",\"name\":\"Family Healthcare Pharmacy\",\"description\":\"Weight Loss Medicines\",\"potentialAction\":[{\"@type\":\"SearchAction\",\"target\":{\"@type\":\"EntryPoint\",\"urlTemplate\":\"https:\\\/\\\/weightlossmedssales.com\\\/?s={search_term_string}\"},\"query-input\":{\"@type\":\"PropertyValueSpecification\",\"valueRequired\":true,\"valueName\":\"search_term_string\"}}],\"inLanguage\":\"es\"}]}<\/script>\n<meta property=\"product:price:amount\" content=\"2.80\" \/>\n<meta property=\"product:price:currency\" content=\"USD\" \/>\n<meta property=\"og:availability\" content=\"instock\" \/>\n<meta property=\"product:availability\" content=\"instock\" \/>\n<meta property=\"product:condition\" content=\"new\" \/>\n<!-- \/ Yoast SEO Premium plugin. -->","yoast_head_json":{"title":"Orlistat (Xenical) 120 mg - Family Healthcare Pharmacy","robots":{"index":"index","follow":"follow","max-snippet":"max-snippet:-1","max-image-preview":"max-image-preview:large","max-video-preview":"max-video-preview:-1"},"canonical":"https:\/\/weightlossmedssales.com\/product\/orlistat-xenical-120-mg\/","og_locale":"es_ES","og_type":"article","og_title":"Orlistat (Xenical) 120 mg","og_description":"Orlistat (Xenical) 120 mg Vendemos en Cajas de 84 Comprimidos Duros. Por favor, que su cantidad de pedido sea 84. No se requiere prescripci\u00f3n.","og_url":"https:\/\/weightlossmedssales.com\/product\/orlistat-xenical-120-mg\/","og_site_name":"Family Healthcare Pharmacy","twitter_card":"summary_large_image","twitter_misc":{"Precio":"&#36;2.80","Disponibilidad":"Disponible"},"schema":{"@context":"https:\/\/schema.org","@graph":[{"@type":"WebPage","@id":"https:\/\/weightlossmedssales.com\/product\/orlistat-xenical-120-mg\/","url":"https:\/\/weightlossmedssales.com\/product\/orlistat-xenical-120-mg\/","name":"Orlistat (Xenical) 120 mg - Family Healthcare Pharmacy","isPartOf":{"@id":"https:\/\/weightlossmedssales.com\/#website"},"primaryImageOfPage":{"@id":"https:\/\/weightlossmedssales.com\/product\/orlistat-xenical-120-mg\/#primaryimage"},"image":{"@id":"https:\/\/weightlossmedssales.com\/product\/orlistat-xenical-120-mg\/#primaryimage"},"thumbnailUrl":"https:\/\/weightlossmedssales.com\/wp-content\/uploads\/2025\/04\/Orlistat-Xenical-120-mg.webp","datePublished":"2025-04-18T10:53:00+00:00","breadcrumb":{"@id":"https:\/\/weightlossmedssales.com\/product\/orlistat-xenical-120-mg\/#breadcrumb"},"inLanguage":"es","potentialAction":[{"@type":"ReadAction","target":["https:\/\/weightlossmedssales.com\/product\/orlistat-xenical-120-mg\/"]}]},{"@type":"ImageObject","inLanguage":"es","@id":"https:\/\/weightlossmedssales.com\/product\/orlistat-xenical-120-mg\/#primaryimage","url":"https:\/\/weightlossmedssales.com\/wp-content\/uploads\/2025\/04\/Orlistat-Xenical-120-mg.webp","contentUrl":"https:\/\/weightlossmedssales.com\/wp-content\/uploads\/2025\/04\/Orlistat-Xenical-120-mg.webp","width":1024,"height":1024},{"@type":"BreadcrumbList","@id":"https:\/\/weightlossmedssales.com\/product\/orlistat-xenical-120-mg\/#breadcrumb","itemListElement":[{"@type":"ListItem","position":1,"name":"Home","item":"https:\/\/weightlossmedssales.com\/es\/inicio\/"},{"@type":"ListItem","position":2,"name":"Shop","item":"https:\/\/weightlossmedssales.com\/shop\/"},{"@type":"ListItem","position":3,"name":"Orlistat (Xenical) 120 mg"}]},{"@type":"WebSite","@id":"https:\/\/weightlossmedssales.com\/#website","url":"https:\/\/weightlossmedssales.com\/","name":"Family Healthcare Pharmacy","description":"Weight Loss Medicines","potentialAction":[{"@type":"SearchAction","target":{"@type":"EntryPoint","urlTemplate":"https:\/\/weightlossmedssales.com\/?s={search_term_string}"},"query-input":{"@type":"PropertyValueSpecification","valueRequired":true,"valueName":"search_term_string"}}],"inLanguage":"es"}]},"product_price_amount":"2.80","product_price_currency":"USD","og_availability":"instock","product_availability":"instock","product_condition":"new"},"_links":{"self":[{"href":"https:\/\/weightlossmedssales.com\/es\/wp-json\/wp\/v2\/product\/1910","targetHints":{"allow":["GET"]}}],"collection":[{"href":"https:\/\/weightlossmedssales.com\/es\/wp-json\/wp\/v2\/product"}],"about":[{"href":"https:\/\/weightlossmedssales.com\/es\/wp-json\/wp\/v2\/types\/product"}],"replies":[{"embeddable":true,"href":"https:\/\/weightlossmedssales.com\/es\/wp-json\/wp\/v2\/comments?post=1910"}],"version-history":[{"count":0,"href":"https:\/\/weightlossmedssales.com\/es\/wp-json\/wp\/v2\/product\/1910\/revisions"}],"wp:featuredmedia":[{"embeddable":true,"href":"https:\/\/weightlossmedssales.com\/es\/wp-json\/wp\/v2\/media\/1587"}],"wp:attachment":[{"href":"https:\/\/weightlossmedssales.com\/es\/wp-json\/wp\/v2\/media?parent=1910"}],"wp:term":[{"taxonomy":"product_brand","embeddable":true,"href":"https:\/\/weightlossmedssales.com\/es\/wp-json\/wp\/v2\/product_brand?post=1910"},{"taxonomy":"product_cat","embeddable":true,"href":"https:\/\/weightlossmedssales.com\/es\/wp-json\/wp\/v2\/product_cat?post=1910"},{"taxonomy":"product_tag","embeddable":true,"href":"https:\/\/weightlossmedssales.com\/es\/wp-json\/wp\/v2\/product_tag?post=1910"}],"curies":[{"name":"wp","href":"https:\/\/api.w.org\/{rel}","templated":true}]}}