{"id":1911,"date":"2025-04-18T10:53:00","date_gmt":"2025-04-18T10:53:00","guid":{"rendered":"https:\/\/weightlossmedssales.com\/product\/adipex-37-5-mg\/"},"modified":"2025-04-18T10:53:00","modified_gmt":"2025-04-18T10:53:00","slug":"adipex-37-5-mg","status":"publish","type":"product","link":"https:\/\/weightlossmedssales.com\/es\/product\/adipex-37-5-mg\/","title":{"rendered":"Adipex 37.5 mg"},"content":{"rendered":"<h1>Compre Adipex en l\u00ednea<\/h1>\n<div>\n<div class=\"monograph-content monograph-content-holder\">\n<p>Compre Adipex en l\u00ednea. Adipex se utiliza en conjunto con un programa de ejercicios, cambios de comportamiento y una dieta reducida en calor\u00edas aprobados por un m\u00e9dico para ayudarle a perder peso. Se emplea en ciertos individuos con sobrepeso, como aquellos que padecen obesidad o problemas m\u00e9dicos relacionados con el peso. La p\u00e9rdida de peso y su mantenimiento pueden disminuir los numerosos riesgos para la salud asociados con la obesidad, incluyendo enfermedades card\u00edacas, diabetes, hipertensi\u00f3n arterial y una esperanza de vida reducida. Se desconoce el mecanismo exacto por el cual este medicamento ayuda a las personas a perder peso. Puede funcionar disminuyendo el apetito, aumentando la cantidad de energ\u00eda utilizada por el organismo o afectando ciertas \u00e1reas del cerebro. Este medicamento es un supresor del apetito y pertenece a una clase de f\u00e1rmacos denominados aminas simpaticomim\u00e9ticas.     <\/p>\n<\/div>\n<\/div>\n<div class=\"how-to-use-section\">\n<h3 class=\"how-to-use\">C\u00f3mo utilizar Phentermine HCL<\/h3>\n<div>\n<div class=\"monograph-content\">\n<p>Tome este medicamento por v\u00eda oral seg\u00fan las indicaciones de su m\u00e9dico, generalmente una vez al d\u00eda, 1 hora antes del desayuno o 1 a 2 horas despu\u00e9s del desayuno. Si es necesario, su m\u00e9dico puede ajustar su dosis para que tome una dosis peque\u00f1a hasta 3 veces al d\u00eda. Siga cuidadosamente las instrucciones de su m\u00e9dico. Tomar este medicamento tarde en el d\u00eda puede causar problemas para dormir (insomnio).   <\/p>\n<p>Si est\u00e1 utilizando c\u00e1psulas de liberaci\u00f3n prolongada, la dosis se toma generalmente una vez al d\u00eda antes del desayuno o al menos 10 a 14 horas antes de acostarse. Trague el medicamento entero. No triture ni mastique las c\u00e1psulas de liberaci\u00f3n prolongada. Hacerlo puede liberar todo el f\u00e1rmaco de una vez, aumentando el riesgo de efectos secundarios.   <\/p>\n<p>Si est\u00e1 utilizando las tabletas dise\u00f1adas para disolverse en la boca, la dosis se toma generalmente una vez al d\u00eda por la ma\u00f1ana, con o sin alimentos. Primero, s\u00e9quese las manos antes de manipular la tableta. Coloque su dosis sobre la lengua hasta que se disuelva, luego tr\u00e1guela con o sin agua. online sin receta   <\/p>\n<p>La dosificaci\u00f3n y la duraci\u00f3n del tratamiento se basan en su condici\u00f3n m\u00e9dica y la respuesta al tratamiento. Su m\u00e9dico ajustar\u00e1 la dosis para encontrar la mejor dosis para usted. Discuta los riesgos y beneficios, as\u00ed como la duraci\u00f3n del tratamiento con fentermina, con su m\u00e9dico. Para obtener el m\u00e1ximo beneficio, tome este medicamento regularmente, exactamente como se le ha prescrito y durante el tiempo que le indique su m\u00e9dico. Para ayudarle a recordar, t\u00f3melo a la(s) misma(s) hora(s) cada d\u00eda.    <\/p>\n<div class=\"fifth-para-ad\">\n<div class=\"mobile-ad-inside-center\">\n<h2 class=\"mobilead-container\">Adipex 37.5 mg en venta<\/h2>\n<\/div>\n<\/div>\n<p class=\"udpated-para\">Si deja de usar este medicamento repentinamente, puede experimentar s\u00edntomas de abstinencia (como depresi\u00f3n, fatiga severa). Para ayudar a prevenir la abstinencia, su m\u00e9dico puede reducir su dosis gradualmente. compre adipex en l\u00ednea. La abstinencia es m\u00e1s probable si ha utilizado fentermina durante un largo periodo o en dosis altas. Informe a su m\u00e9dico o farmac\u00e9utico inmediatamente si experimenta abstinencia. compre fentermina adipex en l\u00ednea sin receta     <\/p>\n<p>Aunque ayuda a muchas personas, este medicamento puede a veces causar adicci\u00f3n. Este riesgo puede ser mayor si tiene un trastorno por consumo de sustancias (como el abuso o la adicci\u00f3n a drogas\/alcohol). No aumente su dosis, no lo tome con m\u00e1s frecuencia ni lo use por m\u00e1s tiempo del prescrito. lannett company. Suspenda adecuadamente el medicamento cuando as\u00ed se le indique. adipex en l\u00ednea fentermina pastillas para dieta. fentermina adipex en l\u00ednea dieta      <\/p>\n<p>Este medicamento puede dejar de funcionar bien despu\u00e9s de haberlo tomado durante algunas semanas. Hable con su m\u00e9dico si este medicamento deja de funcionar bien. No aumente la dosis a menos que su m\u00e9dico se lo indique. Su m\u00e9dico puede indicarle que deje de tomar este medicamento. Compre Adipex en l\u00ednea    <\/p>\n<\/div>\n<\/div>\n<\/div>\n","protected":false},"excerpt":{"rendered":"<p>Compre Adipex en l\u00ednea Compre Adipex en l\u00ednea. Adipex se utiliza en conjunto con un programa de ejercicios, cambios de comportamiento y una dieta reducida en calor\u00edas aprobados por un m\u00e9dico para ayudarle a perder peso. Se emplea en ciertos individuos con sobrepeso, como aquellos que padecen obesidad o problemas m\u00e9dicos relacionados con el peso. &#8230;<\/p>\n","protected":false},"featured_media":1590,"menu_order":0,"comment_status":"open","ping_status":"closed","template":"","meta":[],"product_brand":[],"product_cat":[230,233],"product_tag":[],"class_list":{"0":"post-1911","1":"product","2":"type-product","3":"status-publish","4":"has-post-thumbnail","6":"product_cat-compre-phentermine-en-linea","7":"product_cat-medicamentos-para-la-perdida-de-peso","9":"first","10":"instock","11":"shipping-taxable","12":"purchasable","13":"product-type-simple"},"yoast_head":"<!-- This site is optimized with the Yoast SEO Premium plugin v23.3 (Yoast SEO v27.4) - https:\/\/yoast.com\/product\/yoast-seo-premium-wordpress\/ -->\n<title>Adipex 37.5 mg - Family Healthcare Pharmacy<\/title>\n<meta name=\"robots\" content=\"index, follow, max-snippet:-1, max-image-preview:large, max-video-preview:-1\" \/>\n<link rel=\"canonical\" href=\"https:\/\/weightlossmedssales.com\/product\/adipex-37-5-mg\/\" \/>\n<meta property=\"og:locale\" content=\"es_ES\" \/>\n<meta property=\"og:type\" content=\"article\" \/>\n<meta property=\"og:title\" content=\"Adipex 37.5 mg\" \/>\n<meta property=\"og:description\" content=\"Compre Adipex en l\u00ednea Compre Adipex en l\u00ednea. Adipex se utiliza en conjunto con un programa de ejercicios, cambios de comportamiento y una dieta reducida en calor\u00edas aprobados por un m\u00e9dico para ayudarle a perder peso. Se emplea en ciertos individuos con sobrepeso, como aquellos que padecen obesidad o problemas m\u00e9dicos relacionados con el peso. ...\" \/>\n<meta property=\"og:url\" content=\"https:\/\/weightlossmedssales.com\/product\/adipex-37-5-mg\/\" \/>\n<meta property=\"og:site_name\" content=\"Family Healthcare Pharmacy\" \/>\n<meta name=\"twitter:card\" content=\"summary_large_image\" \/>\n<meta name=\"twitter:label1\" content=\"Precio\" \/>\n\t<meta name=\"twitter:data1\" content=\"&#036;3.00\" \/>\n\t<meta name=\"twitter:label2\" content=\"Disponibilidad\" \/>\n\t<meta name=\"twitter:data2\" content=\"Disponible\" \/>\n<script type=\"application\/ld+json\" class=\"yoast-schema-graph\">{\"@context\":\"https:\\\/\\\/schema.org\",\"@graph\":[{\"@type\":\"WebPage\",\"@id\":\"https:\\\/\\\/weightlossmedssales.com\\\/product\\\/adipex-37-5-mg\\\/\",\"url\":\"https:\\\/\\\/weightlossmedssales.com\\\/product\\\/adipex-37-5-mg\\\/\",\"name\":\"Adipex 37.5 mg - Family Healthcare Pharmacy\",\"isPartOf\":{\"@id\":\"https:\\\/\\\/weightlossmedssales.com\\\/#website\"},\"primaryImageOfPage\":{\"@id\":\"https:\\\/\\\/weightlossmedssales.com\\\/product\\\/adipex-37-5-mg\\\/#primaryimage\"},\"image\":{\"@id\":\"https:\\\/\\\/weightlossmedssales.com\\\/product\\\/adipex-37-5-mg\\\/#primaryimage\"},\"thumbnailUrl\":\"https:\\\/\\\/weightlossmedssales.com\\\/wp-content\\\/uploads\\\/2025\\\/04\\\/Adipex-Teva-37.5-mg-caps-.jpg\",\"datePublished\":\"2025-04-18T10:53:00+00:00\",\"breadcrumb\":{\"@id\":\"https:\\\/\\\/weightlossmedssales.com\\\/product\\\/adipex-37-5-mg\\\/#breadcrumb\"},\"inLanguage\":\"es\",\"potentialAction\":[{\"@type\":\"ReadAction\",\"target\":[\"https:\\\/\\\/weightlossmedssales.com\\\/product\\\/adipex-37-5-mg\\\/\"]}]},{\"@type\":\"ImageObject\",\"inLanguage\":\"es\",\"@id\":\"https:\\\/\\\/weightlossmedssales.com\\\/product\\\/adipex-37-5-mg\\\/#primaryimage\",\"url\":\"https:\\\/\\\/weightlossmedssales.com\\\/wp-content\\\/uploads\\\/2025\\\/04\\\/Adipex-Teva-37.5-mg-caps-.jpg\",\"contentUrl\":\"https:\\\/\\\/weightlossmedssales.com\\\/wp-content\\\/uploads\\\/2025\\\/04\\\/Adipex-Teva-37.5-mg-caps-.jpg\",\"width\":1200,\"height\":1600},{\"@type\":\"BreadcrumbList\",\"@id\":\"https:\\\/\\\/weightlossmedssales.com\\\/product\\\/adipex-37-5-mg\\\/#breadcrumb\",\"itemListElement\":[{\"@type\":\"ListItem\",\"position\":1,\"name\":\"Home\",\"item\":\"https:\\\/\\\/weightlossmedssales.com\\\/es\\\/inicio\\\/\"},{\"@type\":\"ListItem\",\"position\":2,\"name\":\"Shop\",\"item\":\"https:\\\/\\\/weightlossmedssales.com\\\/shop\\\/\"},{\"@type\":\"ListItem\",\"position\":3,\"name\":\"Adipex 37.5 mg\"}]},{\"@type\":\"WebSite\",\"@id\":\"https:\\\/\\\/weightlossmedssales.com\\\/#website\",\"url\":\"https:\\\/\\\/weightlossmedssales.com\\\/\",\"name\":\"Family Healthcare Pharmacy\",\"description\":\"Weight Loss Medicines\",\"potentialAction\":[{\"@type\":\"SearchAction\",\"target\":{\"@type\":\"EntryPoint\",\"urlTemplate\":\"https:\\\/\\\/weightlossmedssales.com\\\/?s={search_term_string}\"},\"query-input\":{\"@type\":\"PropertyValueSpecification\",\"valueRequired\":true,\"valueName\":\"search_term_string\"}}],\"inLanguage\":\"es\"}]}<\/script>\n<meta property=\"product:price:amount\" content=\"3.00\" \/>\n<meta property=\"product:price:currency\" content=\"USD\" \/>\n<meta property=\"og:availability\" content=\"instock\" \/>\n<meta property=\"product:availability\" content=\"instock\" \/>\n<meta property=\"product:condition\" content=\"new\" \/>\n<!-- \/ Yoast SEO Premium plugin. -->","yoast_head_json":{"title":"Adipex 37.5 mg - Family Healthcare Pharmacy","robots":{"index":"index","follow":"follow","max-snippet":"max-snippet:-1","max-image-preview":"max-image-preview:large","max-video-preview":"max-video-preview:-1"},"canonical":"https:\/\/weightlossmedssales.com\/product\/adipex-37-5-mg\/","og_locale":"es_ES","og_type":"article","og_title":"Adipex 37.5 mg","og_description":"Compre Adipex en l\u00ednea Compre Adipex en l\u00ednea. Adipex se utiliza en conjunto con un programa de ejercicios, cambios de comportamiento y una dieta reducida en calor\u00edas aprobados por un m\u00e9dico para ayudarle a perder peso. Se emplea en ciertos individuos con sobrepeso, como aquellos que padecen obesidad o problemas m\u00e9dicos relacionados con el peso. ...","og_url":"https:\/\/weightlossmedssales.com\/product\/adipex-37-5-mg\/","og_site_name":"Family Healthcare Pharmacy","twitter_card":"summary_large_image","twitter_misc":{"Precio":"&#36;3.00","Disponibilidad":"Disponible"},"schema":{"@context":"https:\/\/schema.org","@graph":[{"@type":"WebPage","@id":"https:\/\/weightlossmedssales.com\/product\/adipex-37-5-mg\/","url":"https:\/\/weightlossmedssales.com\/product\/adipex-37-5-mg\/","name":"Adipex 37.5 mg - Family Healthcare Pharmacy","isPartOf":{"@id":"https:\/\/weightlossmedssales.com\/#website"},"primaryImageOfPage":{"@id":"https:\/\/weightlossmedssales.com\/product\/adipex-37-5-mg\/#primaryimage"},"image":{"@id":"https:\/\/weightlossmedssales.com\/product\/adipex-37-5-mg\/#primaryimage"},"thumbnailUrl":"https:\/\/weightlossmedssales.com\/wp-content\/uploads\/2025\/04\/Adipex-Teva-37.5-mg-caps-.jpg","datePublished":"2025-04-18T10:53:00+00:00","breadcrumb":{"@id":"https:\/\/weightlossmedssales.com\/product\/adipex-37-5-mg\/#breadcrumb"},"inLanguage":"es","potentialAction":[{"@type":"ReadAction","target":["https:\/\/weightlossmedssales.com\/product\/adipex-37-5-mg\/"]}]},{"@type":"ImageObject","inLanguage":"es","@id":"https:\/\/weightlossmedssales.com\/product\/adipex-37-5-mg\/#primaryimage","url":"https:\/\/weightlossmedssales.com\/wp-content\/uploads\/2025\/04\/Adipex-Teva-37.5-mg-caps-.jpg","contentUrl":"https:\/\/weightlossmedssales.com\/wp-content\/uploads\/2025\/04\/Adipex-Teva-37.5-mg-caps-.jpg","width":1200,"height":1600},{"@type":"BreadcrumbList","@id":"https:\/\/weightlossmedssales.com\/product\/adipex-37-5-mg\/#breadcrumb","itemListElement":[{"@type":"ListItem","position":1,"name":"Home","item":"https:\/\/weightlossmedssales.com\/es\/inicio\/"},{"@type":"ListItem","position":2,"name":"Shop","item":"https:\/\/weightlossmedssales.com\/shop\/"},{"@type":"ListItem","position":3,"name":"Adipex 37.5 mg"}]},{"@type":"WebSite","@id":"https:\/\/weightlossmedssales.com\/#website","url":"https:\/\/weightlossmedssales.com\/","name":"Family Healthcare Pharmacy","description":"Weight Loss Medicines","potentialAction":[{"@type":"SearchAction","target":{"@type":"EntryPoint","urlTemplate":"https:\/\/weightlossmedssales.com\/?s={search_term_string}"},"query-input":{"@type":"PropertyValueSpecification","valueRequired":true,"valueName":"search_term_string"}}],"inLanguage":"es"}]},"product_price_amount":"3.00","product_price_currency":"USD","og_availability":"instock","product_availability":"instock","product_condition":"new"},"_links":{"self":[{"href":"https:\/\/weightlossmedssales.com\/es\/wp-json\/wp\/v2\/product\/1911","targetHints":{"allow":["GET"]}}],"collection":[{"href":"https:\/\/weightlossmedssales.com\/es\/wp-json\/wp\/v2\/product"}],"about":[{"href":"https:\/\/weightlossmedssales.com\/es\/wp-json\/wp\/v2\/types\/product"}],"replies":[{"embeddable":true,"href":"https:\/\/weightlossmedssales.com\/es\/wp-json\/wp\/v2\/comments?post=1911"}],"version-history":[{"count":0,"href":"https:\/\/weightlossmedssales.com\/es\/wp-json\/wp\/v2\/product\/1911\/revisions"}],"wp:featuredmedia":[{"embeddable":true,"href":"https:\/\/weightlossmedssales.com\/es\/wp-json\/wp\/v2\/media\/1590"}],"wp:attachment":[{"href":"https:\/\/weightlossmedssales.com\/es\/wp-json\/wp\/v2\/media?parent=1911"}],"wp:term":[{"taxonomy":"product_brand","embeddable":true,"href":"https:\/\/weightlossmedssales.com\/es\/wp-json\/wp\/v2\/product_brand?post=1911"},{"taxonomy":"product_cat","embeddable":true,"href":"https:\/\/weightlossmedssales.com\/es\/wp-json\/wp\/v2\/product_cat?post=1911"},{"taxonomy":"product_tag","embeddable":true,"href":"https:\/\/weightlossmedssales.com\/es\/wp-json\/wp\/v2\/product_tag?post=1911"}],"curies":[{"name":"wp","href":"https:\/\/api.w.org\/{rel}","templated":true}]}}