{"id":1939,"date":"2025-04-18T10:53:23","date_gmt":"2025-04-18T10:53:23","guid":{"rendered":"https:\/\/weightlossmedssales.com\/product\/qsymia-3-75-mg-23mg\/"},"modified":"2025-04-18T10:53:23","modified_gmt":"2025-04-18T10:53:23","slug":"qsymia-3-75-mg-23mg","status":"publish","type":"product","link":"https:\/\/weightlossmedssales.com\/es\/product\/qsymia-3-75-mg-23mg\/","title":{"rendered":"Qsymia 3.75 mg\/23mg"},"content":{"rendered":"<h1>Adquiera Qsymia 3,75 mg en l\u00ednea<\/h1>\n<p><b>Adquiera Qsymia 3,75 mg en l\u00ednea. Phentermine\/topiramate <\/b>, comercializado bajo el nombre de marca <b>Qsymia<\/b>, es un <a title=\"F\u00e1rmaco combinado\" href=\"https:\/\/en.wikipedia.org\/wiki\/Combination_drug\">f\u00e1rmaco combinado<\/a> de <a title=\"Fentermina\" href=\"https:\/\/en.wikipedia.org\/wiki\/Phentermine\">fentermina<\/a> y <a title=\"Topiramato\" href=\"https:\/\/en.wikipedia.org\/wiki\/Topiramate\">topiramato<\/a> utilizado para tratar la <a title=\"Obesidad\" href=\"https:\/\/en.wikipedia.org\/wiki\/Obesity\">obesidad<\/a>.<cx id=\"gid_5\"><\/cx> Se utiliza en conjunto con cambios en la dieta y ejercicio.<cx id=\"gid_6\"><\/cx> Si no se observa una p\u00e9rdida de peso de al menos el 3% despu\u00e9s de 3 meses, se recomienda suspender la medicaci\u00f3n.<cx id=\"gid_7\"><\/cx> La p\u00e9rdida de peso es modesta.<cx id=\"gid_8\"><\/cx> Los efectos sobre los problemas de salud relacionados con el coraz\u00f3n o la mortalidad no est\u00e1n claros.<sup id=\"cite_ref-Daily2019_2-2\" class=\"reference\"><\/sup><\/p>\n<p>Los efectos secundarios comunes incluyen hormigueo, mareos, dificultades para dormir y estre\u00f1imiento.<cx id=\"gid_0\"><\/cx> Los efectos secundarios graves pueden incluir <a title=\"Suicidio\" href=\"https:\/\/en.wikipedia.org\/wiki\/Suicide\">suicidio<\/a>, <a title=\"Abuso\" href=\"https:\/\/en.wikipedia.org\/wiki\/Abuse\">abuso<\/a>.<cx id=\"gid_3\"><\/cx> No se recomienda su uso durante el <a title=\"Embarazo\" href=\"https:\/\/en.wikipedia.org\/wiki\/Pregnancy\">embarazo<\/a>.<cx id=\"gid_5\"><\/cx> La <a title=\"Fentermina\" href=\"https:\/\/en.wikipedia.org\/wiki\/Phentermine\">fentermina<\/a> es un <a title=\"Estimulante\" href=\"https:\/\/en.wikipedia.org\/wiki\/Stimulant\">estimulante<\/a> y <a class=\"mw-redirect\" title=\"Supresor del apetito\" href=\"https:\/\/en.wikipedia.org\/wiki\/Appetite_suppressant\">supresor del apetito<\/a>.<cx id=\"gid_9\"><\/cx> El <a title=\"Topiramato\" href=\"https:\/\/en.wikipedia.org\/wiki\/Topiramate\">topiramato<\/a> es un <a title=\"Anticonvulsivo\" href=\"https:\/\/en.wikipedia.org\/wiki\/Anticonvulsant\">anticonvulsivo<\/a> que tiene efectos secundarios de p\u00e9rdida de peso.<cx id=\"gid_12\"><\/cx> El mecanismo de acci\u00f3n exacto de ambos f\u00e1rmacos es desconocido. Adquiera Qsymia 3,75 mg en l\u00ednea <sup id=\"cite_ref-qsymia1_3-3\" class=\"reference\"><\/sup><\/p>\n<p id=\"ISIlineup\" class=\"isi-header-2\">Indicaci\u00f3n<\/p>\n<p>Qsymia debe utilizarse junto con una dieta reducida en calor\u00edas y un aumento de la actividad f\u00edsica para el control cr\u00f3nico del peso en:<\/p>\n<ul>\n<li>Adultos con un \u00edndice de masa corporal (IMC) inicial de:\n<ul>\n<li>30 kg\/m<sup>2<\/sup> o superior (obesidad) o<\/li>\n<li>27 kg\/m<sup>2<\/sup> o superior (sobrepeso) en presencia de al menos una afecci\u00f3n m\u00e9dica relacionada con el peso, como hipertensi\u00f3n arterial, diabetes tipo 2 o colesterol alto<\/li>\n<\/ul>\n<\/li>\n<li>Pacientes pedi\u00e1tricos de 12 a\u00f1os o m\u00e1s con un IMC inicial en el percentil 95 o superior estandarizado por edad y sexo<\/li>\n<\/ul>\n<h3 class=\"isi-header-3\">LIMITACIONES DE USO:<\/h3>\n<ul>\n<li>Se desconoce si Qsymia modifica el riesgo de problemas card\u00edacos o accidentes cerebrovasculares, o de muerte debido a problemas card\u00edacos o accidentes cerebrovasculares<\/li>\n<li>Se desconoce si Qsymia es seguro y eficaz cuando se toma con otros productos para bajar de peso con receta, de venta libre o a base de hierbas<\/li>\n<\/ul>\n<h3 class=\"isi-header-2\">Informaci\u00f3n importante de seguridad<\/h3>\n<p>No tome Qsymia si est\u00e1 embarazada, planea quedar embarazada o queda embarazada durante el tratamiento con Qsymia; tiene glaucoma; tiene problemas de tiroides (hipertiroidismo); est\u00e1 tomando ciertos medicamentos llamados inhibidores de la monoaminooxidasa (IMAO) o ha tomado IMAO en los \u00faltimos 14 d\u00edas; es al\u00e9rgico al topiramato, a las aminas simpaticomim\u00e9ticas como la fentermina o a cualquiera de los ingredientes de Qsymia. Consulte el final de la Gu\u00eda del medicamento para obtener una lista completa de los ingredientes de Qsymia. <\/p>\n<h3><strong>QSYMIA PUEDE CAUSAR EFECTOS SECUNDARIOS GRAVES, INCLUYENDO:<\/strong><\/h3>\n<p>Defectos de nacimiento (labio leporino\/paladar hendido). Si toma Qsymia durante el embarazo, su beb\u00e9 tiene un mayor riesgo de presentar defectos de nacimiento llamados labio leporino y paladar hendido. Estos defectos pueden comenzar al inicio del embarazo, incluso antes de que sepa que est\u00e1 embarazada. Las pacientes embarazadas no deben tomar Qsymia. Las pacientes que pueden quedar embarazadas deben realizarse una prueba de embarazo antes de tomar Qsymia y cada mes mientras toman Qsymia, y utilizar un m\u00e9todo anticonceptivo eficaz de manera constante mientras toman Qsymia. Hable con su proveedor de atenci\u00f3n m\u00e9dica sobre c\u00f3mo prevenir el embarazo.     <\/p>\n<p>Si queda embarazada mientras toma Qsymia, deje de tomar Qsymia inmediatamente e informe a su proveedor de atenci\u00f3n m\u00e9dica de inmediato. Los proveedores de atenci\u00f3n m\u00e9dica y los pacientes deben informar todos los casos de embarazo a FDA MedWatch al 1-800-FDA-1088 y al Programa de Vigilancia del Embarazo de Qsymia al 1-888-998-4887.  Adquiera Qsymia 3,75 mg en l\u00ednea<\/p>\n<h4>Qsymia puede ralentizar el aumento de estatura en ni\u00f1os de 12 a\u00f1os o m\u00e1s.<\/h4>\n<p>Aumento de la frecuencia card\u00edaca. Qsymia puede aumentar su frecuencia card\u00edaca en reposo. Su proveedor de atenci\u00f3n m\u00e9dica debe controlar su frecuencia card\u00edaca mientras toma Qsymia. Informe a su proveedor de atenci\u00f3n m\u00e9dica si experimenta, mientras est\u00e1 en reposo, una sensaci\u00f3n de aceleraci\u00f3n o palpitaciones en el pecho que dure varios minutos al tomar Qsymia.    Compre Qsymia 11,5 mg en l\u00ednea<\/p>\n<p>Se han reportado defectos del campo visual (independientes de la presi\u00f3n intraocular elevada) en ensayos cl\u00ednicos y en la experiencia posterior a la comercializaci\u00f3n en pacientes que reciben topiramato. En los ensayos cl\u00ednicos, la mayor\u00eda de estos eventos fueron reversibles despu\u00e9s de la discontinuaci\u00f3n del topiramato. Si se presentan problemas visuales en cualquier momento durante el tratamiento, considere discontinuar Qsymia.  <\/p>\n<p>Pensamientos o acciones suicidas. El topiramato, un ingrediente de Qsymia, puede provocar que tenga pensamientos o acciones suicidas. Llame a su proveedor de atenci\u00f3n m\u00e9dica de inmediato si presenta alguno de estos s\u00edntomas, especialmente si son nuevos, empeoran o le preocupan: pensamientos sobre el suicidio o la muerte; intentos de suicidio; depresi\u00f3n nueva o que empeora; ansiedad nueva o que empeora; sentirse agitado o inquieto; ataques de p\u00e1nico; problemas para dormir (insomnio); irritabilidad nueva o que empeora; actuar de manera agresiva, estar enojado o violento; actuar por impulsos peligrosos; un aumento extremo en la actividad o el habla (man\u00eda); otros cambios inusuales en el comportamiento o el estado de \u00e1nimo.  <\/p>\n<p>Problemas oculares graves, que incluyen cualquier disminuci\u00f3n repentina de la visi\u00f3n, con o sin dolor ocular y enrojecimiento, o un bloqueo del fluido en el ojo que causa un aumento de la presi\u00f3n ocular (glaucoma secundario de \u00e1ngulo cerrado). Estos problemas pueden conducir a una p\u00e9rdida permanente de la visi\u00f3n si no se tratan. Informe a su proveedor de atenci\u00f3n m\u00e9dica de inmediato si presenta alg\u00fan s\u00edntoma ocular nuevo.  <\/p>\n<p>Qsymia puede causar una erupci\u00f3n cut\u00e1nea grave con ampollas y descamaci\u00f3n de la piel, especialmente alrededor de la boca, la nariz, los ojos y los genitales (S\u00edndrome de Stevens-Johnson). Qsymia tambi\u00e9n puede causar una erupci\u00f3n cut\u00e1nea con ampollas y descamaci\u00f3n de la piel en gran parte del cuerpo que puede poner en peligro la vida (Necr\u00f3lisis Epid\u00e9rmica T\u00f3xica). Llame a su proveedor de atenci\u00f3n m\u00e9dica de inmediato si desarrolla una erupci\u00f3n cut\u00e1nea o ampollas.  <\/p>\n<h3><strong>EFECTOS SECUNDARIOS COMUNES DE QSYMIA EN ADULTOS INCLUYEN:<\/strong><\/h3>\n<p>Entumecimiento u hormigueo en las manos, brazos, pies o cara (parestesia); mareos; cambios en el sabor de los alimentos o p\u00e9rdida del gusto (disgeusia); problemas para dormir (insomnio); estre\u00f1imiento; y sequedad bucal.<\/p>\n<h4><strong>EFECTOS SECUNDARIOS COMUNES DE QSYMIA EN NI\u00d1OS DE 12 A\u00d1OS Y MAYORES INCLUYEN:<\/strong><\/h4>\n<p>Depresi\u00f3n, mareos, dolor articular, fiebre, gripe y esguince de tobillo.<\/p>\n<h4><strong>POSIBLES EFECTOS SECUNDARIOS DE QSYMIA INCLUYEN:<\/strong><\/h4>\n<p>Cambios de humor y problemas para dormir. Qsymia puede causar depresi\u00f3n o problemas de estado de \u00e1nimo, y dificultades para dormir. Informe a su proveedor de atenci\u00f3n m\u00e9dica si se presentan s\u00edntomas.  <\/p>\n<p>Dificultades de concentraci\u00f3n, memoria y habla. Qsymia puede afectar su forma de pensar y causar confusi\u00f3n, problemas de concentraci\u00f3n, atenci\u00f3n, memoria o habla. Informe a su proveedor de atenci\u00f3n m\u00e9dica si se presentan s\u00edntomas.  <\/p>\n<p>Aumento de \u00e1cido en el torrente sangu\u00edneo (acidosis metab\u00f3lica). Si no se trata, la acidosis metab\u00f3lica puede causar huesos fr\u00e1giles o blandos (osteoporosis, osteomalacia, osteopenia), c\u00e1lculos renales, puede ralentizar la tasa de crecimiento en ni\u00f1os y posiblemente da\u00f1ar a su beb\u00e9 si est\u00e1 embarazada. La acidosis metab\u00f3lica puede ocurrir con o sin s\u00edntomas. A veces, las personas con acidosis metab\u00f3lica: se sienten cansadas, no tienen hambre (p\u00e9rdida de apetito), sienten cambios en los latidos del coraz\u00f3n o tienen problemas para pensar con claridad. Su proveedor de atenci\u00f3n m\u00e9dica debe realizar un an\u00e1lisis de sangre para medir el nivel de \u00e1cido en su sangre antes y durante su tratamiento con Qsymia.    <\/p>\n<p>Bajo nivel de az\u00facar en sangre (hipoglucemia) en personas con diabetes mellitus tipo 2 que tambi\u00e9n toman medicamentos utilizados para tratar la diabetes mellitus tipo 2. La p\u00e9rdida de peso puede causar un bajo nivel de az\u00facar en sangre en personas con diabetes mellitus tipo 2 que tambi\u00e9n toman medicamentos utilizados para tratar la diabetes mellitus tipo 2 (como insulina o sulfonilureas). Debe controlar su nivel de az\u00facar en sangre antes de comenzar a tomar Qsymia y mientras toma Qsymia.  <\/p>\n<p>Medicamentos para la presi\u00f3n arterial alta. Si est\u00e1 tomando medicamentos para su presi\u00f3n arterial, es posible que su m\u00e9dico deba ajustar estos medicamentos mientras toma Qsymia. <\/p>\n<p>Efectos secundarios del Sistema Nervioso Central (SNC). El uso de somn\u00edferos recetados, medicamentos para la ansiedad o el consumo de alcohol con Qsymia puede causar un aumento de los s\u00edntomas del SNC, como mareos y aturdimiento. No beba alcohol con Qsymia.  <\/p>\n<p>Posibles convulsiones si deja de tomar Qsymia demasiado r\u00e1pido. Pueden ocurrir convulsiones en personas que pueden o no haber tenido convulsiones en el pasado si deja de tomar Qsymia demasiado r\u00e1pido. Su proveedor de atenci\u00f3n m\u00e9dica le indicar\u00e1 c\u00f3mo dejar de tomar Qsymia lentamente.  <\/p>\n<p>C\u00e1lculos renales. Beba abundante l\u00edquido al tomar Qsymia para ayudar a disminuir sus posibilidades de desarrollar c\u00e1lculos renales. Si experimenta dolor intenso en el costado o la espalda, y\/o sangre en la orina, llame a su proveedor de atenci\u00f3n m\u00e9dica.  <\/p>\n<p>Disminuci\u00f3n de la sudoraci\u00f3n y aumento de la temperatura corporal (fiebre). Se debe observar a las personas en busca de signos de disminuci\u00f3n de la sudoraci\u00f3n y fiebre, especialmente en temperaturas altas. Algunas personas pueden necesitar ser hospitalizadas por esta afecci\u00f3n.  <\/p>\n<p>Las c\u00e1psulas de Qsymia contienen el ingrediente inactivo FD&amp;C Yellow No. 5 (tartrazina) que puede causar reacciones de tipo al\u00e9rgico (incluyendo asma bronquial) en ciertas personas, especialmente en personas que tambi\u00e9n tienen alergia a la aspirina.<\/p>\n<p>Informe a su proveedor de atenci\u00f3n m\u00e9dica si tiene alg\u00fan efecto secundario que le moleste o que no desaparezca. Estos no son todos los posibles efectos secundarios de Qsymia.  Para obtener m\u00e1s informaci\u00f3n, consulte a su proveedor de atenci\u00f3n m\u00e9dica o farmac\u00e9utico.<\/p>\n<p>Llame a su m\u00e9dico para obtener asesoramiento m\u00e9dico acerca de los efectos secundarios. Puede informar sobre los efectos secundarios a VIVUS LLC al 1-888-998-4887 o a la FDA al 1-800-FDA-1088 o en <a class=\"fda-link\">www.fda.gov\/medwatch<\/a>. <\/p>\n<p>Por favor, lea la <a id=\"qsymia_hcc_links_importantSafetyInformation_consumerISIMedicationGuide\" href=\"https:\/\/qsymia.com\/patient\/include\/media\/pdf\/medication-guide.pdf?v=MAR2022\" target=\"_blank\" rel=\"noopener\">Gu\u00eda de Medicaci\u00f3n de Qsymia<\/a>, la <a id=\"qsymia_hcc_links_importantSafetyInformation_consumerISIPrescribingInformation\" href=\"https:\/\/qsymia.com\/patient\/include\/media\/pdf\/prescribing-information.pdf?v=0422\" target=\"_blank\" rel=\"noopener\">Informaci\u00f3n de Prescripci\u00f3n Completa<\/a> y el <a id=\"qsymia_hcc_links_importantSafetyInformation_consumerISIBirthDefectsBrochure\" href=\"https:\/\/qsymia.com\/patient\/include\/media\/pdf\/Qsymia-Risk-of-Birth-Defects.pdf?v=MAR2022\" target=\"_blank\" rel=\"noopener\">Folleto para Pacientes sobre el Riesgo de Defectos de Nacimiento con Qsymia<\/a>.<\/p>\n<p>El programa de apoyo al paciente Q and Me\u00ae est\u00e1 basado en el programa LEARN\u00ae proporcionado bajo licencia de copyright (15 de septiembre de 2010). Todos los derechos reservados. Compre Qsymia 3.75 mg en l\u00ednea  <\/p>\n","protected":false},"excerpt":{"rendered":"<p>Adquiera Qsymia 3,75 mg en l\u00ednea Adquiera Qsymia 3,75 mg en l\u00ednea. Phentermine\/topiramate , comercializado bajo el nombre de marca Qsymia, es un f\u00e1rmaco combinado de fentermina y topiramato utilizado para tratar la obesidad. Se utiliza en conjunto con cambios en la dieta y ejercicio. Si no se observa una p\u00e9rdida de peso de al &#8230;<\/p>\n","protected":false},"featured_media":1614,"menu_order":0,"comment_status":"open","ping_status":"closed","template":"","meta":[],"product_brand":[],"product_cat":[235,233],"product_tag":[],"class_list":{"0":"post-1939","1":"product","2":"type-product","3":"status-publish","4":"has-post-thumbnail","6":"product_cat-compre-qsymia-en-linea","7":"product_cat-medicamentos-para-la-perdida-de-peso","9":"first","10":"instock","11":"shipping-taxable","12":"purchasable","13":"product-type-simple"},"yoast_head":"<!-- This site is optimized with the Yoast SEO Premium plugin v23.3 (Yoast SEO v27.4) - https:\/\/yoast.com\/product\/yoast-seo-premium-wordpress\/ -->\n<title>Qsymia 3.75 mg\/23mg - Family Healthcare Pharmacy<\/title>\n<meta name=\"robots\" content=\"index, follow, max-snippet:-1, max-image-preview:large, max-video-preview:-1\" \/>\n<link rel=\"canonical\" href=\"https:\/\/weightlossmedssales.com\/product\/qsymia-3-75-mg-23mg\/\" \/>\n<meta property=\"og:locale\" content=\"es_ES\" \/>\n<meta property=\"og:type\" content=\"article\" \/>\n<meta property=\"og:title\" content=\"Qsymia 3.75 mg\/23mg\" \/>\n<meta property=\"og:description\" content=\"Adquiera Qsymia 3,75 mg en l\u00ednea Adquiera Qsymia 3,75 mg en l\u00ednea. Phentermine\/topiramate , comercializado bajo el nombre de marca Qsymia, es un f\u00e1rmaco combinado de fentermina y topiramato utilizado para tratar la obesidad. Se utiliza en conjunto con cambios en la dieta y ejercicio. Si no se observa una p\u00e9rdida de peso de al ...\" \/>\n<meta property=\"og:url\" content=\"https:\/\/weightlossmedssales.com\/product\/qsymia-3-75-mg-23mg\/\" \/>\n<meta property=\"og:site_name\" content=\"Family Healthcare Pharmacy\" \/>\n<meta name=\"twitter:card\" content=\"summary_large_image\" \/>\n<meta name=\"twitter:label1\" content=\"Precio\" \/>\n\t<meta name=\"twitter:data1\" content=\"&#036;2.40\" \/>\n\t<meta name=\"twitter:label2\" content=\"Disponibilidad\" \/>\n\t<meta name=\"twitter:data2\" content=\"Disponible\" \/>\n<script type=\"application\/ld+json\" class=\"yoast-schema-graph\">{\"@context\":\"https:\\\/\\\/schema.org\",\"@graph\":[{\"@type\":\"WebPage\",\"@id\":\"https:\\\/\\\/weightlossmedssales.com\\\/product\\\/qsymia-3-75-mg-23mg\\\/\",\"url\":\"https:\\\/\\\/weightlossmedssales.com\\\/product\\\/qsymia-3-75-mg-23mg\\\/\",\"name\":\"Qsymia 3.75 mg\\\/23mg - Family Healthcare Pharmacy\",\"isPartOf\":{\"@id\":\"https:\\\/\\\/weightlossmedssales.com\\\/#website\"},\"primaryImageOfPage\":{\"@id\":\"https:\\\/\\\/weightlossmedssales.com\\\/product\\\/qsymia-3-75-mg-23mg\\\/#primaryimage\"},\"image\":{\"@id\":\"https:\\\/\\\/weightlossmedssales.com\\\/product\\\/qsymia-3-75-mg-23mg\\\/#primaryimage\"},\"thumbnailUrl\":\"https:\\\/\\\/weightlossmedssales.com\\\/wp-content\\\/uploads\\\/2025\\\/04\\\/5c05d5ad0e6e3.webp\",\"datePublished\":\"2025-04-18T10:53:23+00:00\",\"breadcrumb\":{\"@id\":\"https:\\\/\\\/weightlossmedssales.com\\\/product\\\/qsymia-3-75-mg-23mg\\\/#breadcrumb\"},\"inLanguage\":\"es\",\"potentialAction\":[{\"@type\":\"ReadAction\",\"target\":[\"https:\\\/\\\/weightlossmedssales.com\\\/product\\\/qsymia-3-75-mg-23mg\\\/\"]}]},{\"@type\":\"ImageObject\",\"inLanguage\":\"es\",\"@id\":\"https:\\\/\\\/weightlossmedssales.com\\\/product\\\/qsymia-3-75-mg-23mg\\\/#primaryimage\",\"url\":\"https:\\\/\\\/weightlossmedssales.com\\\/wp-content\\\/uploads\\\/2025\\\/04\\\/5c05d5ad0e6e3.webp\",\"contentUrl\":\"https:\\\/\\\/weightlossmedssales.com\\\/wp-content\\\/uploads\\\/2025\\\/04\\\/5c05d5ad0e6e3.webp\",\"width\":640,\"height\":360},{\"@type\":\"BreadcrumbList\",\"@id\":\"https:\\\/\\\/weightlossmedssales.com\\\/product\\\/qsymia-3-75-mg-23mg\\\/#breadcrumb\",\"itemListElement\":[{\"@type\":\"ListItem\",\"position\":1,\"name\":\"Home\",\"item\":\"https:\\\/\\\/weightlossmedssales.com\\\/es\\\/inicio\\\/\"},{\"@type\":\"ListItem\",\"position\":2,\"name\":\"Shop\",\"item\":\"https:\\\/\\\/weightlossmedssales.com\\\/shop\\\/\"},{\"@type\":\"ListItem\",\"position\":3,\"name\":\"Qsymia 3.75 mg\\\/23mg\"}]},{\"@type\":\"WebSite\",\"@id\":\"https:\\\/\\\/weightlossmedssales.com\\\/#website\",\"url\":\"https:\\\/\\\/weightlossmedssales.com\\\/\",\"name\":\"Family Healthcare Pharmacy\",\"description\":\"Weight Loss Medicines\",\"potentialAction\":[{\"@type\":\"SearchAction\",\"target\":{\"@type\":\"EntryPoint\",\"urlTemplate\":\"https:\\\/\\\/weightlossmedssales.com\\\/?s={search_term_string}\"},\"query-input\":{\"@type\":\"PropertyValueSpecification\",\"valueRequired\":true,\"valueName\":\"search_term_string\"}}],\"inLanguage\":\"es\"}]}<\/script>\n<meta property=\"product:price:amount\" content=\"2.40\" \/>\n<meta property=\"product:price:currency\" content=\"USD\" \/>\n<meta property=\"og:availability\" content=\"instock\" \/>\n<meta property=\"product:availability\" content=\"instock\" \/>\n<meta property=\"product:condition\" content=\"new\" \/>\n<!-- \/ Yoast SEO Premium plugin. -->","yoast_head_json":{"title":"Qsymia 3.75 mg\/23mg - Family Healthcare Pharmacy","robots":{"index":"index","follow":"follow","max-snippet":"max-snippet:-1","max-image-preview":"max-image-preview:large","max-video-preview":"max-video-preview:-1"},"canonical":"https:\/\/weightlossmedssales.com\/product\/qsymia-3-75-mg-23mg\/","og_locale":"es_ES","og_type":"article","og_title":"Qsymia 3.75 mg\/23mg","og_description":"Adquiera Qsymia 3,75 mg en l\u00ednea Adquiera Qsymia 3,75 mg en l\u00ednea. Phentermine\/topiramate , comercializado bajo el nombre de marca Qsymia, es un f\u00e1rmaco combinado de fentermina y topiramato utilizado para tratar la obesidad. Se utiliza en conjunto con cambios en la dieta y ejercicio. Si no se observa una p\u00e9rdida de peso de al ...","og_url":"https:\/\/weightlossmedssales.com\/product\/qsymia-3-75-mg-23mg\/","og_site_name":"Family Healthcare Pharmacy","twitter_card":"summary_large_image","twitter_misc":{"Precio":"&#36;2.40","Disponibilidad":"Disponible"},"schema":{"@context":"https:\/\/schema.org","@graph":[{"@type":"WebPage","@id":"https:\/\/weightlossmedssales.com\/product\/qsymia-3-75-mg-23mg\/","url":"https:\/\/weightlossmedssales.com\/product\/qsymia-3-75-mg-23mg\/","name":"Qsymia 3.75 mg\/23mg - Family Healthcare Pharmacy","isPartOf":{"@id":"https:\/\/weightlossmedssales.com\/#website"},"primaryImageOfPage":{"@id":"https:\/\/weightlossmedssales.com\/product\/qsymia-3-75-mg-23mg\/#primaryimage"},"image":{"@id":"https:\/\/weightlossmedssales.com\/product\/qsymia-3-75-mg-23mg\/#primaryimage"},"thumbnailUrl":"https:\/\/weightlossmedssales.com\/wp-content\/uploads\/2025\/04\/5c05d5ad0e6e3.webp","datePublished":"2025-04-18T10:53:23+00:00","breadcrumb":{"@id":"https:\/\/weightlossmedssales.com\/product\/qsymia-3-75-mg-23mg\/#breadcrumb"},"inLanguage":"es","potentialAction":[{"@type":"ReadAction","target":["https:\/\/weightlossmedssales.com\/product\/qsymia-3-75-mg-23mg\/"]}]},{"@type":"ImageObject","inLanguage":"es","@id":"https:\/\/weightlossmedssales.com\/product\/qsymia-3-75-mg-23mg\/#primaryimage","url":"https:\/\/weightlossmedssales.com\/wp-content\/uploads\/2025\/04\/5c05d5ad0e6e3.webp","contentUrl":"https:\/\/weightlossmedssales.com\/wp-content\/uploads\/2025\/04\/5c05d5ad0e6e3.webp","width":640,"height":360},{"@type":"BreadcrumbList","@id":"https:\/\/weightlossmedssales.com\/product\/qsymia-3-75-mg-23mg\/#breadcrumb","itemListElement":[{"@type":"ListItem","position":1,"name":"Home","item":"https:\/\/weightlossmedssales.com\/es\/inicio\/"},{"@type":"ListItem","position":2,"name":"Shop","item":"https:\/\/weightlossmedssales.com\/shop\/"},{"@type":"ListItem","position":3,"name":"Qsymia 3.75 mg\/23mg"}]},{"@type":"WebSite","@id":"https:\/\/weightlossmedssales.com\/#website","url":"https:\/\/weightlossmedssales.com\/","name":"Family Healthcare Pharmacy","description":"Weight Loss Medicines","potentialAction":[{"@type":"SearchAction","target":{"@type":"EntryPoint","urlTemplate":"https:\/\/weightlossmedssales.com\/?s={search_term_string}"},"query-input":{"@type":"PropertyValueSpecification","valueRequired":true,"valueName":"search_term_string"}}],"inLanguage":"es"}]},"product_price_amount":"2.40","product_price_currency":"USD","og_availability":"instock","product_availability":"instock","product_condition":"new"},"_links":{"self":[{"href":"https:\/\/weightlossmedssales.com\/es\/wp-json\/wp\/v2\/product\/1939","targetHints":{"allow":["GET"]}}],"collection":[{"href":"https:\/\/weightlossmedssales.com\/es\/wp-json\/wp\/v2\/product"}],"about":[{"href":"https:\/\/weightlossmedssales.com\/es\/wp-json\/wp\/v2\/types\/product"}],"replies":[{"embeddable":true,"href":"https:\/\/weightlossmedssales.com\/es\/wp-json\/wp\/v2\/comments?post=1939"}],"version-history":[{"count":0,"href":"https:\/\/weightlossmedssales.com\/es\/wp-json\/wp\/v2\/product\/1939\/revisions"}],"wp:featuredmedia":[{"embeddable":true,"href":"https:\/\/weightlossmedssales.com\/es\/wp-json\/wp\/v2\/media\/1614"}],"wp:attachment":[{"href":"https:\/\/weightlossmedssales.com\/es\/wp-json\/wp\/v2\/media?parent=1939"}],"wp:term":[{"taxonomy":"product_brand","embeddable":true,"href":"https:\/\/weightlossmedssales.com\/es\/wp-json\/wp\/v2\/product_brand?post=1939"},{"taxonomy":"product_cat","embeddable":true,"href":"https:\/\/weightlossmedssales.com\/es\/wp-json\/wp\/v2\/product_cat?post=1939"},{"taxonomy":"product_tag","embeddable":true,"href":"https:\/\/weightlossmedssales.com\/es\/wp-json\/wp\/v2\/product_tag?post=1939"}],"curies":[{"name":"wp","href":"https:\/\/api.w.org\/{rel}","templated":true}]}}