{"id":1942,"date":"2025-04-18T10:53:00","date_gmt":"2025-04-18T10:53:00","guid":{"rendered":"https:\/\/weightlossmedssales.com\/product\/dexedrine-generico\/"},"modified":"2025-04-18T10:53:00","modified_gmt":"2025-04-18T10:53:00","slug":"dexedrine-generico","status":"publish","type":"product","link":"https:\/\/weightlossmedssales.com\/es\/product\/dexedrine-generico\/","title":{"rendered":"Dexedrine (Gen\u00e9rico)"},"content":{"rendered":"<h1 class=\"text-module__Text_title3-blinkui___27MW3 text-module__interstate-regular___2UJxz text-module__interstate-regular___2UJxz text-module__Text_align-center___6a0J3 mb-sm-36\" data-user1st-id=\"mdv-about-dexedrine\">Comprar Dexedrine en l\u00ednea<\/h1>\n<p>Dexedrine a la venta. Este medicamento se utiliza para tratar el trastorno por d\u00e9ficit de atenci\u00f3n e hiperactividad &#8211; TDAH. Funciona alterando las cantidades de ciertas sustancias naturales en el cerebro. La dextroanfetamina pertenece a una clase de f\u00e1rmacos conocidos como estimulantes. Puede ayudar a incrementar su capacidad de prestar atenci\u00f3n, mantenerse enfocado en una actividad y controlar problemas de comportamiento. Tambi\u00e9n puede ayudarle a organizar sus tareas y mejorar las habilidades de escucha.     <\/p>\n<p>Este medicamento tambi\u00e9n se utiliza para tratar un cierto trastorno del sue\u00f1o (narcolepsia) para ayudarle a mantenerse despierto durante el d\u00eda. No debe utilizarse para tratar el cansancio o para evitar el sue\u00f1o en personas que no padecen un trastorno del sue\u00f1o. <\/p>\n<div id=\"sideEffects\" class=\"py-sm-0 mb-sm-24\" tabindex=\"0\" role=\"document\" data-user1st-id=\"sideEffects\" aria-hidden=\"true\" aria-label=\"To make this website accessible to screen reader, Press combination of alt and 1 keys. To stop getting this message, press the combination of alt and 2 keys\">\n<h3 id=\"\" class=\"text-module__Text_title4-blinkui___3w6yf text-module__interstate-regular___2UJxz text-module__interstate-regular___2UJxz\" role=\"document\" data-pii=\"\" aria-hidden=\"true\" aria-label=\"To make this website accessible to screen reader, Press combination of alt and 1 keys. To stop getting this message, press the combination of alt and 2 keys\">Efectos secundarios de Dexedrine<\/h3>\n<\/div>\n<div>\n<div data-user1st-id=\"sideEffects-content\">\n<p id=\"\" class=\"text-module__Text_body2-blinkui___1hC6v text-module__interstate-light___hcrla text-module__interstate-light___hcrla mb-sm-24\" data-pii=\"\">Pueden producirse n\u00e1useas, malestar estomacal, calambres, p\u00e9rdida de apetito, diarrea, sequedad bucal, dolor de cabeza, nerviosismo, mareos, dificultad para dormir, sudoraci\u00f3n, p\u00e9rdida de peso, irritabilidad e inquietud. Si alguno de estos efectos persiste o empeora, informe a su m\u00e9dico o farmac\u00e9utico con prontitud. <\/p>\n<p id=\"\" class=\"text-module__Text_body2-blinkui___1hC6v text-module__interstate-light___hcrla text-module__interstate-light___hcrla mb-sm-24\" data-pii=\"\">Recuerde que su m\u00e9dico le ha prescrito este medicamento porque ha determinado que el beneficio para usted es mayor que el riesgo de efectos secundarios. Muchas personas que utilizan este medicamento no experimentan efectos secundarios graves. <\/p>\n<p id=\"\" class=\"text-module__Text_body2-blinkui___1hC6v text-module__interstate-light___hcrla text-module__interstate-light___hcrla mb-sm-24\" data-pii=\"\">Este medicamento puede elevar su presi\u00f3n arterial. Controle su presi\u00f3n arterial regularmente e informe a su m\u00e9dico si los resultados son altos.  Dexedrine a la venta.<\/p>\n<\/div>\n<\/div>\n","protected":false},"excerpt":{"rendered":"<p><strong>GenericProductName<\/strong><\/p>\n","protected":false},"featured_media":1584,"menu_order":0,"comment_status":"open","ping_status":"closed","template":"","meta":[],"product_brand":[],"product_cat":[237],"product_tag":[],"class_list":{"0":"post-1942","1":"product","2":"type-product","3":"status-publish","4":"has-post-thumbnail","6":"product_cat-comprar-dexedrine-en-linea","8":"first","9":"instock","10":"shipping-taxable","11":"purchasable","12":"product-type-simple"},"yoast_head":"<!-- This site is optimized with the Yoast SEO Premium plugin v23.3 (Yoast SEO v27.4) - https:\/\/yoast.com\/product\/yoast-seo-premium-wordpress\/ -->\n<title>Dexedrine (Gen\u00e9rico) - Family Healthcare Pharmacy<\/title>\n<meta name=\"robots\" content=\"index, follow, max-snippet:-1, max-image-preview:large, max-video-preview:-1\" \/>\n<link rel=\"canonical\" href=\"https:\/\/weightlossmedssales.com\/product\/dexedrine-generico\/\" \/>\n<meta property=\"og:locale\" content=\"es_ES\" \/>\n<meta property=\"og:type\" content=\"article\" \/>\n<meta property=\"og:title\" content=\"Dexedrine (Gen\u00e9rico)\" \/>\n<meta property=\"og:description\" content=\"GenericProductName\" \/>\n<meta property=\"og:url\" content=\"https:\/\/weightlossmedssales.com\/product\/dexedrine-generico\/\" \/>\n<meta property=\"og:site_name\" content=\"Family Healthcare Pharmacy\" \/>\n<meta name=\"twitter:card\" content=\"summary_large_image\" \/>\n<meta name=\"twitter:label1\" content=\"Precio\" \/>\n\t<meta name=\"twitter:data1\" content=\"&#036;3.00\" \/>\n\t<meta name=\"twitter:label2\" content=\"Disponibilidad\" \/>\n\t<meta name=\"twitter:data2\" content=\"Disponible\" \/>\n<script type=\"application\/ld+json\" class=\"yoast-schema-graph\">{\"@context\":\"https:\\\/\\\/schema.org\",\"@graph\":[{\"@type\":\"WebPage\",\"@id\":\"https:\\\/\\\/weightlossmedssales.com\\\/product\\\/dexedrine-generico\\\/\",\"url\":\"https:\\\/\\\/weightlossmedssales.com\\\/product\\\/dexedrine-generico\\\/\",\"name\":\"Dexedrine (Gen\u00e9rico) - Family Healthcare Pharmacy\",\"isPartOf\":{\"@id\":\"https:\\\/\\\/weightlossmedssales.com\\\/#website\"},\"primaryImageOfPage\":{\"@id\":\"https:\\\/\\\/weightlossmedssales.com\\\/product\\\/dexedrine-generico\\\/#primaryimage\"},\"image\":{\"@id\":\"https:\\\/\\\/weightlossmedssales.com\\\/product\\\/dexedrine-generico\\\/#primaryimage\"},\"thumbnailUrl\":\"https:\\\/\\\/weightlossmedssales.com\\\/wp-content\\\/uploads\\\/2025\\\/04\\\/dexedrine-tablets-br-image-credit-adam-from-uk-2008-br.jpg\",\"datePublished\":\"2025-04-18T10:53:00+00:00\",\"breadcrumb\":{\"@id\":\"https:\\\/\\\/weightlossmedssales.com\\\/product\\\/dexedrine-generico\\\/#breadcrumb\"},\"inLanguage\":\"es\",\"potentialAction\":[{\"@type\":\"ReadAction\",\"target\":[\"https:\\\/\\\/weightlossmedssales.com\\\/product\\\/dexedrine-generico\\\/\"]}]},{\"@type\":\"ImageObject\",\"inLanguage\":\"es\",\"@id\":\"https:\\\/\\\/weightlossmedssales.com\\\/product\\\/dexedrine-generico\\\/#primaryimage\",\"url\":\"https:\\\/\\\/weightlossmedssales.com\\\/wp-content\\\/uploads\\\/2025\\\/04\\\/dexedrine-tablets-br-image-credit-adam-from-uk-2008-br.jpg\",\"contentUrl\":\"https:\\\/\\\/weightlossmedssales.com\\\/wp-content\\\/uploads\\\/2025\\\/04\\\/dexedrine-tablets-br-image-credit-adam-from-uk-2008-br.jpg\",\"width\":1100,\"height\":772},{\"@type\":\"BreadcrumbList\",\"@id\":\"https:\\\/\\\/weightlossmedssales.com\\\/product\\\/dexedrine-generico\\\/#breadcrumb\",\"itemListElement\":[{\"@type\":\"ListItem\",\"position\":1,\"name\":\"Home\",\"item\":\"https:\\\/\\\/weightlossmedssales.com\\\/es\\\/inicio\\\/\"},{\"@type\":\"ListItem\",\"position\":2,\"name\":\"Shop\",\"item\":\"https:\\\/\\\/weightlossmedssales.com\\\/shop\\\/\"},{\"@type\":\"ListItem\",\"position\":3,\"name\":\"Dexedrine (Gen\u00e9rico)\"}]},{\"@type\":\"WebSite\",\"@id\":\"https:\\\/\\\/weightlossmedssales.com\\\/#website\",\"url\":\"https:\\\/\\\/weightlossmedssales.com\\\/\",\"name\":\"Family Healthcare Pharmacy\",\"description\":\"Weight Loss Medicines\",\"potentialAction\":[{\"@type\":\"SearchAction\",\"target\":{\"@type\":\"EntryPoint\",\"urlTemplate\":\"https:\\\/\\\/weightlossmedssales.com\\\/?s={search_term_string}\"},\"query-input\":{\"@type\":\"PropertyValueSpecification\",\"valueRequired\":true,\"valueName\":\"search_term_string\"}}],\"inLanguage\":\"es\"}]}<\/script>\n<meta property=\"product:price:amount\" content=\"3.00\" \/>\n<meta property=\"product:price:currency\" content=\"USD\" \/>\n<meta property=\"og:availability\" content=\"instock\" \/>\n<meta property=\"product:availability\" content=\"instock\" \/>\n<meta property=\"product:condition\" content=\"new\" \/>\n<!-- \/ Yoast SEO Premium plugin. -->","yoast_head_json":{"title":"Dexedrine (Gen\u00e9rico) - Family Healthcare Pharmacy","robots":{"index":"index","follow":"follow","max-snippet":"max-snippet:-1","max-image-preview":"max-image-preview:large","max-video-preview":"max-video-preview:-1"},"canonical":"https:\/\/weightlossmedssales.com\/product\/dexedrine-generico\/","og_locale":"es_ES","og_type":"article","og_title":"Dexedrine (Gen\u00e9rico)","og_description":"GenericProductName","og_url":"https:\/\/weightlossmedssales.com\/product\/dexedrine-generico\/","og_site_name":"Family Healthcare Pharmacy","twitter_card":"summary_large_image","twitter_misc":{"Precio":"&#36;3.00","Disponibilidad":"Disponible"},"schema":{"@context":"https:\/\/schema.org","@graph":[{"@type":"WebPage","@id":"https:\/\/weightlossmedssales.com\/product\/dexedrine-generico\/","url":"https:\/\/weightlossmedssales.com\/product\/dexedrine-generico\/","name":"Dexedrine (Gen\u00e9rico) - Family Healthcare Pharmacy","isPartOf":{"@id":"https:\/\/weightlossmedssales.com\/#website"},"primaryImageOfPage":{"@id":"https:\/\/weightlossmedssales.com\/product\/dexedrine-generico\/#primaryimage"},"image":{"@id":"https:\/\/weightlossmedssales.com\/product\/dexedrine-generico\/#primaryimage"},"thumbnailUrl":"https:\/\/weightlossmedssales.com\/wp-content\/uploads\/2025\/04\/dexedrine-tablets-br-image-credit-adam-from-uk-2008-br.jpg","datePublished":"2025-04-18T10:53:00+00:00","breadcrumb":{"@id":"https:\/\/weightlossmedssales.com\/product\/dexedrine-generico\/#breadcrumb"},"inLanguage":"es","potentialAction":[{"@type":"ReadAction","target":["https:\/\/weightlossmedssales.com\/product\/dexedrine-generico\/"]}]},{"@type":"ImageObject","inLanguage":"es","@id":"https:\/\/weightlossmedssales.com\/product\/dexedrine-generico\/#primaryimage","url":"https:\/\/weightlossmedssales.com\/wp-content\/uploads\/2025\/04\/dexedrine-tablets-br-image-credit-adam-from-uk-2008-br.jpg","contentUrl":"https:\/\/weightlossmedssales.com\/wp-content\/uploads\/2025\/04\/dexedrine-tablets-br-image-credit-adam-from-uk-2008-br.jpg","width":1100,"height":772},{"@type":"BreadcrumbList","@id":"https:\/\/weightlossmedssales.com\/product\/dexedrine-generico\/#breadcrumb","itemListElement":[{"@type":"ListItem","position":1,"name":"Home","item":"https:\/\/weightlossmedssales.com\/es\/inicio\/"},{"@type":"ListItem","position":2,"name":"Shop","item":"https:\/\/weightlossmedssales.com\/shop\/"},{"@type":"ListItem","position":3,"name":"Dexedrine (Gen\u00e9rico)"}]},{"@type":"WebSite","@id":"https:\/\/weightlossmedssales.com\/#website","url":"https:\/\/weightlossmedssales.com\/","name":"Family Healthcare Pharmacy","description":"Weight Loss Medicines","potentialAction":[{"@type":"SearchAction","target":{"@type":"EntryPoint","urlTemplate":"https:\/\/weightlossmedssales.com\/?s={search_term_string}"},"query-input":{"@type":"PropertyValueSpecification","valueRequired":true,"valueName":"search_term_string"}}],"inLanguage":"es"}]},"product_price_amount":"3.00","product_price_currency":"USD","og_availability":"instock","product_availability":"instock","product_condition":"new"},"_links":{"self":[{"href":"https:\/\/weightlossmedssales.com\/es\/wp-json\/wp\/v2\/product\/1942","targetHints":{"allow":["GET"]}}],"collection":[{"href":"https:\/\/weightlossmedssales.com\/es\/wp-json\/wp\/v2\/product"}],"about":[{"href":"https:\/\/weightlossmedssales.com\/es\/wp-json\/wp\/v2\/types\/product"}],"replies":[{"embeddable":true,"href":"https:\/\/weightlossmedssales.com\/es\/wp-json\/wp\/v2\/comments?post=1942"}],"version-history":[{"count":0,"href":"https:\/\/weightlossmedssales.com\/es\/wp-json\/wp\/v2\/product\/1942\/revisions"}],"wp:featuredmedia":[{"embeddable":true,"href":"https:\/\/weightlossmedssales.com\/es\/wp-json\/wp\/v2\/media\/1584"}],"wp:attachment":[{"href":"https:\/\/weightlossmedssales.com\/es\/wp-json\/wp\/v2\/media?parent=1942"}],"wp:term":[{"taxonomy":"product_brand","embeddable":true,"href":"https:\/\/weightlossmedssales.com\/es\/wp-json\/wp\/v2\/product_brand?post=1942"},{"taxonomy":"product_cat","embeddable":true,"href":"https:\/\/weightlossmedssales.com\/es\/wp-json\/wp\/v2\/product_cat?post=1942"},{"taxonomy":"product_tag","embeddable":true,"href":"https:\/\/weightlossmedssales.com\/es\/wp-json\/wp\/v2\/product_tag?post=1942"}],"curies":[{"name":"wp","href":"https:\/\/api.w.org\/{rel}","templated":true}]}}