{"id":1654,"date":"2022-06-24T03:35:24","date_gmt":"2022-06-24T03:35:24","guid":{"rendered":"https:\/\/weightlossmedssales.com\/page-dexemple\/"},"modified":"2022-06-24T03:35:24","modified_gmt":"2022-06-24T03:35:24","slug":"page-dexemple","status":"publish","type":"page","link":"https:\/\/weightlossmedssales.com\/fr\/page-dexemple\/","title":{"rendered":"Page d&rsquo;exemple"},"content":{"rendered":"\n<p>Ceci est une page d&rsquo;exemple. Elle diff\u00e8re d&rsquo;un article de blog car elle restera \u00e0 un emplacement fixe et appara\u00eetra dans la navigation de votre site (dans la plupart des th\u00e8mes). La majorit\u00e9 des utilisateurs commencent par une page &lsquo;\u00c0 propos&rsquo; qui les pr\u00e9sente aux visiteurs potentiels du site. Elle pourrait contenir un texte semblable \u00e0 celui-ci :<\/p>\n\n\n\n<blockquote class=\"wp-block-quote is-layout-flow wp-block-quote-is-layout-flow\"><p>Bonjour \u00e0 vous ! Je suis coursier \u00e0 v\u00e9lo le jour, acteur en devenir la nuit, et ceci est mon site web. Je r\u00e9side \u00e0 Los Angeles, je poss\u00e8de un merveilleux chien nomm\u00e9 Jack, et j&rsquo;appr\u00e9cie les pi\u00f1a coladas. (Ainsi que de me faire surprendre par la pluie.)<\/p><\/blockquote>\n\n\n\n<p>&#8230;ou quelque chose comme ceci :<\/p>\n\n\n\n<blockquote class=\"wp-block-quote is-layout-flow wp-block-quote-is-layout-flow\"><p>L&rsquo;entreprise XYZ Doohickey a \u00e9t\u00e9 fond\u00e9e en 1971 et fournit depuis lors des doohickeys de qualit\u00e9 au public. Situ\u00e9e \u00e0 Gotham City, XYZ emploie plus de 2 000 personnes et r\u00e9alise toutes sortes d&rsquo;actions remarquables pour la communaut\u00e9 de Gotham.<\/p><\/blockquote>\n\n\n\n<p>En tant que nouvel utilisateur de WordPress, vous devriez vous rendre sur <a href=\"https:\/\/weightlossmedssales.com\/wp-admin\/\">votre tableau de bord<\/a> afin de supprimer cette page et d&rsquo;en cr\u00e9er de nouvelles pour votre contenu. Profitez-en bien !<\/p>\n","protected":false},"excerpt":{"rendered":"<p>Ceci est une page d&rsquo;exemple. Elle diff\u00e8re d&rsquo;un article de blog car elle restera \u00e0 un emplacement fixe et appara\u00eetra dans la navigation de votre site (dans la plupart des th\u00e8mes). La majorit\u00e9 des utilisateurs commencent par une page &lsquo;\u00c0 propos&rsquo; qui les pr\u00e9sente aux visiteurs potentiels du site. Elle pourrait contenir un texte semblable &#8230;<\/p>\n","protected":false},"author":1,"featured_media":0,"parent":0,"menu_order":0,"comment_status":"closed","ping_status":"open","template":"","meta":{"footnotes":""},"class_list":["post-1654","page","type-page","status-publish","hentry"],"yoast_head":"<!-- This site is optimized with the Yoast SEO Premium plugin v23.3 (Yoast SEO v27.4) - https:\/\/yoast.com\/product\/yoast-seo-premium-wordpress\/ -->\n<title>Page d&#039;exemple - Family Healthcare Pharmacy<\/title>\n<meta name=\"robots\" content=\"index, follow, max-snippet:-1, max-image-preview:large, max-video-preview:-1\" \/>\n<link rel=\"canonical\" href=\"https:\/\/weightlossmedssales.com\/page-dexemple\/\" \/>\n<meta property=\"og:locale\" content=\"fr_FR\" \/>\n<meta property=\"og:type\" content=\"article\" \/>\n<meta property=\"og:title\" content=\"Page d&#039;exemple\" \/>\n<meta property=\"og:description\" content=\"Ceci est une page d&rsquo;exemple. Elle diff\u00e8re d&rsquo;un article de blog car elle restera \u00e0 un emplacement fixe et appara\u00eetra dans la navigation de votre site (dans la plupart des th\u00e8mes). La majorit\u00e9 des utilisateurs commencent par une page &lsquo;\u00c0 propos&rsquo; qui les pr\u00e9sente aux visiteurs potentiels du site. Elle pourrait contenir un texte semblable ...\" \/>\n<meta property=\"og:url\" content=\"https:\/\/weightlossmedssales.com\/page-dexemple\/\" \/>\n<meta property=\"og:site_name\" content=\"Family Healthcare Pharmacy\" \/>\n<meta name=\"twitter:card\" content=\"summary_large_image\" \/>\n<meta name=\"twitter:label1\" content=\"Dur\u00e9e de lecture estim\u00e9e\" \/>\n\t<meta name=\"twitter:data1\" content=\"1 minute\" \/>\n<script type=\"application\/ld+json\" class=\"yoast-schema-graph\">{\"@context\":\"https:\\\/\\\/schema.org\",\"@graph\":[{\"@type\":\"WebPage\",\"@id\":\"https:\\\/\\\/weightlossmedssales.com\\\/page-dexemple\\\/\",\"url\":\"https:\\\/\\\/weightlossmedssales.com\\\/page-dexemple\\\/\",\"name\":\"Page d'exemple - Family Healthcare Pharmacy\",\"isPartOf\":{\"@id\":\"https:\\\/\\\/weightlossmedssales.com\\\/#website\"},\"datePublished\":\"2022-06-24T03:35:24+00:00\",\"breadcrumb\":{\"@id\":\"https:\\\/\\\/weightlossmedssales.com\\\/page-dexemple\\\/#breadcrumb\"},\"inLanguage\":\"fr-FR\",\"potentialAction\":[{\"@type\":\"ReadAction\",\"target\":[\"https:\\\/\\\/weightlossmedssales.com\\\/page-dexemple\\\/\"]}]},{\"@type\":\"BreadcrumbList\",\"@id\":\"https:\\\/\\\/weightlossmedssales.com\\\/page-dexemple\\\/#breadcrumb\",\"itemListElement\":[{\"@type\":\"ListItem\",\"position\":1,\"name\":\"Home\",\"item\":\"https:\\\/\\\/weightlossmedssales.com\\\/fr\\\/accueil\\\/\"},{\"@type\":\"ListItem\",\"position\":2,\"name\":\"Page d&#8217;exemple\"}]},{\"@type\":\"WebSite\",\"@id\":\"https:\\\/\\\/weightlossmedssales.com\\\/#website\",\"url\":\"https:\\\/\\\/weightlossmedssales.com\\\/\",\"name\":\"Family Healthcare Pharmacy\",\"description\":\"Weight Loss Medicines\",\"potentialAction\":[{\"@type\":\"SearchAction\",\"target\":{\"@type\":\"EntryPoint\",\"urlTemplate\":\"https:\\\/\\\/weightlossmedssales.com\\\/?s={search_term_string}\"},\"query-input\":{\"@type\":\"PropertyValueSpecification\",\"valueRequired\":true,\"valueName\":\"search_term_string\"}}],\"inLanguage\":\"fr-FR\"}]}<\/script>\n<!-- \/ Yoast SEO Premium plugin. -->","yoast_head_json":{"title":"Page d'exemple - Family Healthcare Pharmacy","robots":{"index":"index","follow":"follow","max-snippet":"max-snippet:-1","max-image-preview":"max-image-preview:large","max-video-preview":"max-video-preview:-1"},"canonical":"https:\/\/weightlossmedssales.com\/page-dexemple\/","og_locale":"fr_FR","og_type":"article","og_title":"Page d'exemple","og_description":"Ceci est une page d&rsquo;exemple. Elle diff\u00e8re d&rsquo;un article de blog car elle restera \u00e0 un emplacement fixe et appara\u00eetra dans la navigation de votre site (dans la plupart des th\u00e8mes). La majorit\u00e9 des utilisateurs commencent par une page &lsquo;\u00c0 propos&rsquo; qui les pr\u00e9sente aux visiteurs potentiels du site. Elle pourrait contenir un texte semblable ...","og_url":"https:\/\/weightlossmedssales.com\/page-dexemple\/","og_site_name":"Family Healthcare Pharmacy","twitter_card":"summary_large_image","twitter_misc":{"Dur\u00e9e de lecture estim\u00e9e":"1 minute"},"schema":{"@context":"https:\/\/schema.org","@graph":[{"@type":"WebPage","@id":"https:\/\/weightlossmedssales.com\/page-dexemple\/","url":"https:\/\/weightlossmedssales.com\/page-dexemple\/","name":"Page d'exemple - Family Healthcare Pharmacy","isPartOf":{"@id":"https:\/\/weightlossmedssales.com\/#website"},"datePublished":"2022-06-24T03:35:24+00:00","breadcrumb":{"@id":"https:\/\/weightlossmedssales.com\/page-dexemple\/#breadcrumb"},"inLanguage":"fr-FR","potentialAction":[{"@type":"ReadAction","target":["https:\/\/weightlossmedssales.com\/page-dexemple\/"]}]},{"@type":"BreadcrumbList","@id":"https:\/\/weightlossmedssales.com\/page-dexemple\/#breadcrumb","itemListElement":[{"@type":"ListItem","position":1,"name":"Home","item":"https:\/\/weightlossmedssales.com\/fr\/accueil\/"},{"@type":"ListItem","position":2,"name":"Page d&#8217;exemple"}]},{"@type":"WebSite","@id":"https:\/\/weightlossmedssales.com\/#website","url":"https:\/\/weightlossmedssales.com\/","name":"Family Healthcare Pharmacy","description":"Weight Loss Medicines","potentialAction":[{"@type":"SearchAction","target":{"@type":"EntryPoint","urlTemplate":"https:\/\/weightlossmedssales.com\/?s={search_term_string}"},"query-input":{"@type":"PropertyValueSpecification","valueRequired":true,"valueName":"search_term_string"}}],"inLanguage":"fr-FR"}]}},"_links":{"self":[{"href":"https:\/\/weightlossmedssales.com\/fr\/wp-json\/wp\/v2\/pages\/1654","targetHints":{"allow":["GET"]}}],"collection":[{"href":"https:\/\/weightlossmedssales.com\/fr\/wp-json\/wp\/v2\/pages"}],"about":[{"href":"https:\/\/weightlossmedssales.com\/fr\/wp-json\/wp\/v2\/types\/page"}],"author":[{"embeddable":true,"href":"https:\/\/weightlossmedssales.com\/fr\/wp-json\/wp\/v2\/users\/1"}],"replies":[{"embeddable":true,"href":"https:\/\/weightlossmedssales.com\/fr\/wp-json\/wp\/v2\/comments?post=1654"}],"version-history":[{"count":0,"href":"https:\/\/weightlossmedssales.com\/fr\/wp-json\/wp\/v2\/pages\/1654\/revisions"}],"wp:attachment":[{"href":"https:\/\/weightlossmedssales.com\/fr\/wp-json\/wp\/v2\/media?parent=1654"}],"curies":[{"name":"wp","href":"https:\/\/api.w.org\/{rel}","templated":true}]}}