{"id":1778,"date":"2025-04-18T10:35:14","date_gmt":"2025-04-18T10:35:14","guid":{"rendered":"https:\/\/weightlossmedssales.com\/product\/comprimes-de-suboxone-8-mg\/"},"modified":"2025-04-18T10:35:14","modified_gmt":"2025-04-18T10:35:14","slug":"comprimes-de-suboxone-8-mg","status":"publish","type":"product","link":"https:\/\/weightlossmedssales.com\/fr\/product\/comprimes-de-suboxone-8-mg\/","title":{"rendered":"Comprim\u00e9s de Suboxone 8 mg"},"content":{"rendered":"<h1>Acheter Suboxone en ligne<\/h1>\n<p>Achetez du Suboxone en ligne. Tout d&rsquo;abord, le Suboxone est un m\u00e9dicament sur ordonnance qui combine la Bupr\u00e9norphine et la Naloxone. Il est utilis\u00e9 pour traiter la d\u00e9pendance aux opio\u00efdes. (L&rsquo;h\u00e9ro\u00efne et les analg\u00e9siques narcotiques sont des opio\u00efdes courants.) La Bupr\u00e9norphine appartient \u00e0 une classe de m\u00e9dicaments appel\u00e9s agonistes partiels des opio\u00efdes, qui aident \u00e0 soulager les sympt\u00f4mes du sevrage des opiac\u00e9s. Le Suboxone n&rsquo;est pas destin\u00e9 \u00e0 \u00eatre utilis\u00e9 comme analg\u00e9sique, mais il peut \u00e9galement aider \u00e0 soulager la douleur.     <\/p>\n<div class=\"e_col w4_5\">\n<div id=\"__w2_ZMPbVCk_content\" class=\"row content\">\n<div>\n<div id=\"__w2_GHZ82mh__expanded\" class=\"SimpleToggle QueryResultContents QueryResultTopicWiki Toggle\">\n<div class=\"feed_card\">\n<div id=\"lcKswZ\">\n<div id=\"__w2_l8gVR6y_expanded\" class=\"ExpandedQText ExpandedTopicWiki\"><span class=\"rendered_qtext\">Le <span class=\"matched_term\">Suboxone<\/span>, qui est fabriqu\u00e9 par <strong>Reckitt Benckiser<\/strong>, est principalement utilis\u00e9 pour traiter la d\u00e9pendance aux opio\u00efdes (\u00e0 des doses plus \u00e9lev\u00e9es) et pour contr\u00f4ler les douleurs chroniques mod\u00e9r\u00e9es (\u00e0 des doses plus faibles). Le <span class=\"matched_term\">Suboxone<\/span> contient de la bupr\u00e9norphine ainsi que de la naloxone, un antagoniste opio\u00efde qui dissuade l&rsquo;injection intraveineuse. Le rapport estim\u00e9 entre la bupr\u00e9norphine et la naloxone dans le <span class=\"matched_term\">Suboxone<\/span> est de 4:1. Le Subutex, en revanche, ne contient que de la bupr\u00e9norphine contrairement \u00e0 son homologue le <span class=\"matched_term\">Suboxone<\/span>.  <\/span><\/div>\n<\/div>\n<\/div>\n<\/div>\n<\/div>\n<\/div>\n<\/div>\n<h3>Plus d&rsquo;informations sur le Suboxone<\/h3>\n<p>Certains m\u00e9dicaments peuvent interagir avec la bupr\u00e9norphine et la naloxone et provoquer une affection grave appel\u00e9e syndrome s\u00e9rotoninergique. Assurez-vous que votre m\u00e9decin sait si vous prenez \u00e9galement des m\u00e9dicaments pour la d\u00e9pression, les maladies mentales, la maladie de Parkinson, les migraines, les infections graves ou la pr\u00e9vention des naus\u00e9es et des vomissements. Consultez votre m\u00e9decin avant d&rsquo;apporter des changements \u00e0 la fa\u00e7on dont vous prenez vos m\u00e9dicaments ou au moment o\u00f9 vous les prenez. <a href=\"http:\/\/suboxoneproducts.com\/product\/buy-suboxone-online\/\">Achetez du Suboxone<\/a> en ligne.  <\/p>\n","protected":false},"excerpt":{"rendered":"<p><strong>Nom du m\u00e9dicament : <a href=\"https:\/\/www.drugs.com\/search.php?searchterm=Suboxone&amp;referer=pillid\">Suboxone<\/a><\/strong><br \/>\n<strong>Dosage : 8 mg \/ 2 mg<\/strong><br \/>\n<strong>Inscription sur le comprim\u00e9 : <a href=\"https:\/\/www.drugs.com\/imprints\/n8-logo-10811.html\">N8<\/a><\/strong><br \/>\n<strong>Couleur : Orange<\/strong><br \/>\n<strong>Forme : Hexagonale<\/strong><br \/>\n<strong>Commande minimum : 100 comprim\u00e9s. Aucune ordonnance requise. <\/strong><\/p>\n","protected":false},"featured_media":1466,"menu_order":0,"comment_status":"open","ping_status":"closed","template":"","meta":[],"product_brand":[],"product_cat":[183],"product_tag":[184],"class_list":{"0":"post-1778","1":"product","2":"type-product","3":"status-publish","4":"has-post-thumbnail","6":"product_cat-produits-suboxone","7":"product_tag-suboxone-8-mg-fr","9":"first","10":"instock","11":"shipping-taxable","12":"purchasable","13":"product-type-simple"},"yoast_head":"<!-- This site is optimized with the Yoast SEO Premium plugin v23.3 (Yoast SEO v26.4) - https:\/\/yoast.com\/wordpress\/plugins\/seo\/ -->\n<title>Acheter du Suboxone en ligne - Commander des comprim\u00e9s de Suboxone en ligne sans ordonnance<\/title>\n<meta name=\"description\" content=\"Achetez du Suboxone en ligne. Visitez notre site web d\u00e8s maintenant pour commander du Suboxone de mani\u00e8re s\u00e9curis\u00e9e sans ordonnance et le faire livrer le lendemain.\" \/>\n<meta name=\"robots\" content=\"index, follow, max-snippet:-1, max-image-preview:large, max-video-preview:-1\" \/>\n<link rel=\"canonical\" href=\"https:\/\/weightlossmedssales.com\/fr\/product\/comprimes-de-suboxone-8-mg\/\" \/>\n<meta property=\"og:locale\" content=\"fr_FR\" \/>\n<meta property=\"og:type\" content=\"article\" \/>\n<meta property=\"og:title\" content=\"Comprim\u00e9s de Suboxone 8 mg\" \/>\n<meta property=\"og:description\" content=\"Achetez du Suboxone en ligne. Visitez notre site web d\u00e8s maintenant pour commander du Suboxone de mani\u00e8re s\u00e9curis\u00e9e sans ordonnance et le faire livrer le lendemain.\" \/>\n<meta property=\"og:url\" content=\"https:\/\/weightlossmedssales.com\/fr\/product\/comprimes-de-suboxone-8-mg\/\" \/>\n<meta property=\"og:site_name\" content=\"Family Healthcare Pharmacy\" \/>\n<meta property=\"og:image\" content=\"https:\/\/weightlossmedssales.com\/wp-content\/uploads\/2025\/04\/8-mg-pill.jpg\" \/>\n\t<meta property=\"og:image:width\" content=\"300\" \/>\n\t<meta property=\"og:image:height\" content=\"300\" \/>\n\t<meta property=\"og:image:type\" content=\"image\/jpeg\" \/>\n<meta name=\"twitter:card\" content=\"summary_large_image\" \/>\n<meta name=\"twitter:label1\" content=\"Prix\" \/>\n\t<meta name=\"twitter:data1\" content=\"&#036;2.00\" \/>\n\t<meta name=\"twitter:label2\" content=\"Disponibilit\u00e9\" \/>\n\t<meta name=\"twitter:data2\" content=\"En stock\" \/>\n<script type=\"application\/ld+json\" class=\"yoast-schema-graph\">{\"@context\":\"https:\/\/schema.org\",\"@graph\":[{\"@type\":\"WebPage\",\"@id\":\"https:\/\/weightlossmedssales.com\/fr\/product\/comprimes-de-suboxone-8-mg\/\",\"url\":\"https:\/\/weightlossmedssales.com\/fr\/product\/comprimes-de-suboxone-8-mg\/\",\"name\":\"Acheter du Suboxone en ligne - Commander des comprim\u00e9s de Suboxone en ligne sans ordonnance\",\"isPartOf\":{\"@id\":\"https:\/\/weightlossmedssales.com\/#website\"},\"primaryImageOfPage\":{\"@id\":\"https:\/\/weightlossmedssales.com\/fr\/product\/comprimes-de-suboxone-8-mg\/#primaryimage\"},\"image\":{\"@id\":\"https:\/\/weightlossmedssales.com\/fr\/product\/comprimes-de-suboxone-8-mg\/#primaryimage\"},\"thumbnailUrl\":\"https:\/\/weightlossmedssales.com\/wp-content\/uploads\/2025\/04\/8-mg-pill.jpg\",\"datePublished\":\"2025-04-18T10:35:14+00:00\",\"description\":\"Achetez du Suboxone en ligne. Visitez notre site web d\u00e8s maintenant pour commander du Suboxone de mani\u00e8re s\u00e9curis\u00e9e sans ordonnance et le faire livrer le lendemain.\",\"breadcrumb\":{\"@id\":\"https:\/\/weightlossmedssales.com\/fr\/product\/comprimes-de-suboxone-8-mg\/#breadcrumb\"},\"inLanguage\":\"fr-FR\",\"potentialAction\":[{\"@type\":\"ReadAction\",\"target\":[\"https:\/\/weightlossmedssales.com\/fr\/product\/comprimes-de-suboxone-8-mg\/\"]}]},{\"@type\":\"ImageObject\",\"inLanguage\":\"fr-FR\",\"@id\":\"https:\/\/weightlossmedssales.com\/fr\/product\/comprimes-de-suboxone-8-mg\/#primaryimage\",\"url\":\"https:\/\/weightlossmedssales.com\/wp-content\/uploads\/2025\/04\/8-mg-pill.jpg\",\"contentUrl\":\"https:\/\/weightlossmedssales.com\/wp-content\/uploads\/2025\/04\/8-mg-pill.jpg\",\"width\":300,\"height\":300},{\"@type\":\"BreadcrumbList\",\"@id\":\"https:\/\/weightlossmedssales.com\/fr\/product\/comprimes-de-suboxone-8-mg\/#breadcrumb\",\"itemListElement\":[{\"@type\":\"ListItem\",\"position\":1,\"name\":\"Home\",\"item\":\"https:\/\/weightlossmedssales.com\/fr\/accueil\/\"},{\"@type\":\"ListItem\",\"position\":2,\"name\":\"Shop\",\"item\":\"https:\/\/weightlossmedssales.com\/shop\/\"},{\"@type\":\"ListItem\",\"position\":3,\"name\":\"Comprim\u00e9s de Suboxone 8 mg\"}]},{\"@type\":\"WebSite\",\"@id\":\"https:\/\/weightlossmedssales.com\/#website\",\"url\":\"https:\/\/weightlossmedssales.com\/\",\"name\":\"Family Healthcare Pharmacy\",\"description\":\"Weight Loss Medicines\",\"potentialAction\":[{\"@type\":\"SearchAction\",\"target\":{\"@type\":\"EntryPoint\",\"urlTemplate\":\"https:\/\/weightlossmedssales.com\/?s={search_term_string}\"},\"query-input\":{\"@type\":\"PropertyValueSpecification\",\"valueRequired\":true,\"valueName\":\"search_term_string\"}}],\"inLanguage\":\"fr-FR\"}]}<\/script>\n<meta property=\"product:price:amount\" content=\"2.00\" \/>\n<meta property=\"product:price:currency\" content=\"USD\" \/>\n<meta property=\"og:availability\" content=\"instock\" \/>\n<meta property=\"product:availability\" content=\"instock\" \/>\n<meta property=\"product:retailer_item_id\" content=\"SU15738\" \/>\n<meta property=\"product:condition\" content=\"new\" \/>\n<!-- \/ Yoast SEO Premium plugin. -->","yoast_head_json":{"title":"Acheter du Suboxone en ligne - Commander des comprim\u00e9s de Suboxone en ligne sans ordonnance","description":"Achetez du Suboxone en ligne. Visitez notre site web d\u00e8s maintenant pour commander du Suboxone de mani\u00e8re s\u00e9curis\u00e9e sans ordonnance et le faire livrer le lendemain.","robots":{"index":"index","follow":"follow","max-snippet":"max-snippet:-1","max-image-preview":"max-image-preview:large","max-video-preview":"max-video-preview:-1"},"canonical":"https:\/\/weightlossmedssales.com\/fr\/product\/comprimes-de-suboxone-8-mg\/","og_locale":"fr_FR","og_type":"article","og_title":"Comprim\u00e9s de Suboxone 8 mg","og_description":"Achetez du Suboxone en ligne. Visitez notre site web d\u00e8s maintenant pour commander du Suboxone de mani\u00e8re s\u00e9curis\u00e9e sans ordonnance et le faire livrer le lendemain.","og_url":"https:\/\/weightlossmedssales.com\/fr\/product\/comprimes-de-suboxone-8-mg\/","og_site_name":"Family Healthcare Pharmacy","og_image":[{"width":300,"height":300,"url":"https:\/\/weightlossmedssales.com\/wp-content\/uploads\/2025\/04\/8-mg-pill.jpg","type":"image\/jpeg"}],"twitter_card":"summary_large_image","twitter_misc":{"Prix":"&#36;2.00","Disponibilit\u00e9":"En stock"},"schema":{"@context":"https:\/\/schema.org","@graph":[{"@type":"WebPage","@id":"https:\/\/weightlossmedssales.com\/fr\/product\/comprimes-de-suboxone-8-mg\/","url":"https:\/\/weightlossmedssales.com\/fr\/product\/comprimes-de-suboxone-8-mg\/","name":"Acheter du Suboxone en ligne - Commander des comprim\u00e9s de Suboxone en ligne sans ordonnance","isPartOf":{"@id":"https:\/\/weightlossmedssales.com\/#website"},"primaryImageOfPage":{"@id":"https:\/\/weightlossmedssales.com\/fr\/product\/comprimes-de-suboxone-8-mg\/#primaryimage"},"image":{"@id":"https:\/\/weightlossmedssales.com\/fr\/product\/comprimes-de-suboxone-8-mg\/#primaryimage"},"thumbnailUrl":"https:\/\/weightlossmedssales.com\/wp-content\/uploads\/2025\/04\/8-mg-pill.jpg","datePublished":"2025-04-18T10:35:14+00:00","description":"Achetez du Suboxone en ligne. Visitez notre site web d\u00e8s maintenant pour commander du Suboxone de mani\u00e8re s\u00e9curis\u00e9e sans ordonnance et le faire livrer le lendemain.","breadcrumb":{"@id":"https:\/\/weightlossmedssales.com\/fr\/product\/comprimes-de-suboxone-8-mg\/#breadcrumb"},"inLanguage":"fr-FR","potentialAction":[{"@type":"ReadAction","target":["https:\/\/weightlossmedssales.com\/fr\/product\/comprimes-de-suboxone-8-mg\/"]}]},{"@type":"ImageObject","inLanguage":"fr-FR","@id":"https:\/\/weightlossmedssales.com\/fr\/product\/comprimes-de-suboxone-8-mg\/#primaryimage","url":"https:\/\/weightlossmedssales.com\/wp-content\/uploads\/2025\/04\/8-mg-pill.jpg","contentUrl":"https:\/\/weightlossmedssales.com\/wp-content\/uploads\/2025\/04\/8-mg-pill.jpg","width":300,"height":300},{"@type":"BreadcrumbList","@id":"https:\/\/weightlossmedssales.com\/fr\/product\/comprimes-de-suboxone-8-mg\/#breadcrumb","itemListElement":[{"@type":"ListItem","position":1,"name":"Home","item":"https:\/\/weightlossmedssales.com\/fr\/accueil\/"},{"@type":"ListItem","position":2,"name":"Shop","item":"https:\/\/weightlossmedssales.com\/shop\/"},{"@type":"ListItem","position":3,"name":"Comprim\u00e9s de Suboxone 8 mg"}]},{"@type":"WebSite","@id":"https:\/\/weightlossmedssales.com\/#website","url":"https:\/\/weightlossmedssales.com\/","name":"Family Healthcare Pharmacy","description":"Weight Loss Medicines","potentialAction":[{"@type":"SearchAction","target":{"@type":"EntryPoint","urlTemplate":"https:\/\/weightlossmedssales.com\/?s={search_term_string}"},"query-input":{"@type":"PropertyValueSpecification","valueRequired":true,"valueName":"search_term_string"}}],"inLanguage":"fr-FR"}]},"product_price_amount":"2.00","product_price_currency":"USD","og_availability":"instock","product_availability":"instock","product_retailer_item_id":"SU15738","product_condition":"new"},"_links":{"self":[{"href":"https:\/\/weightlossmedssales.com\/fr\/wp-json\/wp\/v2\/product\/1778","targetHints":{"allow":["GET"]}}],"collection":[{"href":"https:\/\/weightlossmedssales.com\/fr\/wp-json\/wp\/v2\/product"}],"about":[{"href":"https:\/\/weightlossmedssales.com\/fr\/wp-json\/wp\/v2\/types\/product"}],"replies":[{"embeddable":true,"href":"https:\/\/weightlossmedssales.com\/fr\/wp-json\/wp\/v2\/comments?post=1778"}],"version-history":[{"count":0,"href":"https:\/\/weightlossmedssales.com\/fr\/wp-json\/wp\/v2\/product\/1778\/revisions"}],"wp:featuredmedia":[{"embeddable":true,"href":"https:\/\/weightlossmedssales.com\/fr\/wp-json\/wp\/v2\/media\/1466"}],"wp:attachment":[{"href":"https:\/\/weightlossmedssales.com\/fr\/wp-json\/wp\/v2\/media?parent=1778"}],"wp:term":[{"taxonomy":"product_brand","embeddable":true,"href":"https:\/\/weightlossmedssales.com\/fr\/wp-json\/wp\/v2\/product_brand?post=1778"},{"taxonomy":"product_cat","embeddable":true,"href":"https:\/\/weightlossmedssales.com\/fr\/wp-json\/wp\/v2\/product_cat?post=1778"},{"taxonomy":"product_tag","embeddable":true,"href":"https:\/\/weightlossmedssales.com\/fr\/wp-json\/wp\/v2\/product_tag?post=1778"}],"curies":[{"name":"wp","href":"https:\/\/api.w.org\/{rel}","templated":true}]}}