{"id":1780,"date":"2025-04-18T10:35:14","date_gmt":"2025-04-18T10:35:14","guid":{"rendered":"https:\/\/weightlossmedssales.com\/product\/bandelettes-de-suboxone-12-mg-3-mg\/"},"modified":"2025-04-18T10:35:14","modified_gmt":"2025-04-18T10:35:14","slug":"bandelettes-de-suboxone-12-mg-3-mg","status":"publish","type":"product","link":"https:\/\/weightlossmedssales.com\/fr\/product\/bandelettes-de-suboxone-12-mg-3-mg\/","title":{"rendered":"Bandelettes de Suboxone 12 mg\/3 mg"},"content":{"rendered":"<h2>Acheter des bandelettes de Suboxone 12 mg<\/h2>\n<p>Vous pouvez commander des bandelettes de Suboxone 12 mg en ligne aupr\u00e8s de nous sans ordonnance. Livraison discr\u00e8te du jour au lendemain. Produit original. Nous offrons un remboursement int\u00e9gral en cas d&rsquo;\u00e9chec de livraison.   <\/p>\n<p>Le Suboxone (bupr\u00e9norphine\/naloxone) est un m\u00e9dicament utilis\u00e9 pour traiter la d\u00e9pendance aux narcotiques et aux opio\u00efdes. Il ne doit jamais \u00eatre partag\u00e9 avec une autre personne. En raison des pr\u00e9occupations exprim\u00e9es par de nombreux patients concernant le go\u00fbt du comprim\u00e9 et le temps n\u00e9cessaire \u00e0 sa dissolution, il est d\u00e9sormais disponible sous une autre forme appel\u00e9e <a href=\"http:\/\/suboxoneproducts.com\/product\/buy-suboxone-strips-online\/\">Film Suboxone<\/a>.  <\/p>\n<h2>Bandelettes et Film Suboxone<\/h2>\n<p>Le film et le comprim\u00e9 ont le m\u00eame objectif, \u00e0 savoir traiter la d\u00e9pendance aux opiac\u00e9s. Cependant, de nombreuses personnes pr\u00e9f\u00e8rent la variante en film car elle se dissout plus rapidement que le comprim\u00e9 et son go\u00fbt est plus agr\u00e9able. Conservez chaque film dans des pochettes pratiques que vous pouvez facilement transporter. Bien que le m\u00e9dicament ait subi plusieurs tests, il est essentiel d&rsquo;informer votre m\u00e9decin avant d&rsquo;obtenir une ordonnance. Si vous souffrez d&rsquo;une maladie r\u00e9nale ou h\u00e9patique, d&rsquo;une hypertrophie de la prostate, d&rsquo;une maladie de la v\u00e9sicule biliaire ou d&rsquo;une thyro\u00efde sous-active, cela pourrait causer des probl\u00e8mes. Achetez des bandelettes de Suboxone 12 mg.     <\/p>\n","protected":false},"excerpt":{"rendered":"<p><strong>Produit : Bandelettes Suboxone<\/strong><cx id=\"gid_1\"><\/cx><strong>Dosage : 12 mg \/ 3 mg<\/strong><cx id=\"gid_3\"><\/cx><strong>Quantit\u00e9 minimale de commande : 90 bandelettes<\/strong><cx id=\"gid_5\"><\/cx><strong>Commande sans ordonnance<\/strong><\/p>\n","protected":false},"featured_media":1475,"menu_order":0,"comment_status":"open","ping_status":"closed","template":"","meta":[],"product_brand":[],"product_cat":[183],"product_tag":[],"class_list":{"0":"post-1780","1":"product","2":"type-product","3":"status-publish","4":"has-post-thumbnail","6":"product_cat-produits-suboxone","8":"first","9":"instock","10":"shipping-taxable","11":"purchasable","12":"product-type-simple"},"yoast_head":"<!-- This site is optimized with the Yoast SEO Premium plugin v23.3 (Yoast SEO v26.4) - https:\/\/yoast.com\/wordpress\/plugins\/seo\/ -->\n<title>Achetez des bandelettes de Suboxone 12 mg en ligne - Film de Suboxone 12 mg disponible.<\/title>\n<meta name=\"description\" content=\"Achetez des bandelettes de Suboxone 12 mg en ligne \u00e0 tr\u00e8s bas prix. Aucune ordonnance n\u00e9cessaire. Achetez du Suboxone 12 mg en Australie, aux \u00c9tats-Unis et au Canada en ligne.\" \/>\n<meta name=\"robots\" content=\"index, follow, max-snippet:-1, max-image-preview:large, max-video-preview:-1\" \/>\n<link rel=\"canonical\" href=\"https:\/\/weightlossmedssales.com\/fr\/product\/bandelettes-de-suboxone-12-mg-3-mg\/\" \/>\n<meta property=\"og:locale\" content=\"fr_FR\" \/>\n<meta property=\"og:type\" content=\"article\" \/>\n<meta property=\"og:title\" content=\"Bandelettes de Suboxone 12 mg\/3 mg\" \/>\n<meta property=\"og:description\" content=\"Achetez des bandelettes de Suboxone 12 mg en ligne \u00e0 tr\u00e8s bas prix. Aucune ordonnance n\u00e9cessaire. Achetez du Suboxone 12 mg en Australie, aux \u00c9tats-Unis et au Canada en ligne.\" \/>\n<meta property=\"og:url\" content=\"https:\/\/weightlossmedssales.com\/fr\/product\/bandelettes-de-suboxone-12-mg-3-mg\/\" \/>\n<meta property=\"og:site_name\" content=\"Family Healthcare Pharmacy\" \/>\n<meta property=\"og:image\" content=\"https:\/\/weightlossmedssales.com\/wp-content\/uploads\/2025\/04\/subuxone-300x300-1.jpg\" \/>\n\t<meta property=\"og:image:width\" content=\"300\" \/>\n\t<meta property=\"og:image:height\" content=\"300\" \/>\n\t<meta property=\"og:image:type\" content=\"image\/jpeg\" \/>\n<meta name=\"twitter:card\" content=\"summary_large_image\" \/>\n<meta name=\"twitter:label1\" content=\"Prix\" \/>\n\t<meta name=\"twitter:data1\" content=\"&#036;2.50\" \/>\n\t<meta name=\"twitter:label2\" content=\"Disponibilit\u00e9\" \/>\n\t<meta name=\"twitter:data2\" content=\"En stock\" \/>\n<script type=\"application\/ld+json\" class=\"yoast-schema-graph\">{\"@context\":\"https:\/\/schema.org\",\"@graph\":[{\"@type\":\"WebPage\",\"@id\":\"https:\/\/weightlossmedssales.com\/fr\/product\/bandelettes-de-suboxone-12-mg-3-mg\/\",\"url\":\"https:\/\/weightlossmedssales.com\/fr\/product\/bandelettes-de-suboxone-12-mg-3-mg\/\",\"name\":\"Achetez des bandelettes de Suboxone 12 mg en ligne - Film de Suboxone 12 mg disponible.\",\"isPartOf\":{\"@id\":\"https:\/\/weightlossmedssales.com\/#website\"},\"primaryImageOfPage\":{\"@id\":\"https:\/\/weightlossmedssales.com\/fr\/product\/bandelettes-de-suboxone-12-mg-3-mg\/#primaryimage\"},\"image\":{\"@id\":\"https:\/\/weightlossmedssales.com\/fr\/product\/bandelettes-de-suboxone-12-mg-3-mg\/#primaryimage\"},\"thumbnailUrl\":\"https:\/\/weightlossmedssales.com\/wp-content\/uploads\/2025\/04\/subuxone-300x300-1.jpg\",\"datePublished\":\"2025-04-18T10:35:14+00:00\",\"description\":\"Achetez des bandelettes de Suboxone 12 mg en ligne \u00e0 tr\u00e8s bas prix. Aucune ordonnance n\u00e9cessaire. Achetez du Suboxone 12 mg en Australie, aux \u00c9tats-Unis et au Canada en ligne.\",\"breadcrumb\":{\"@id\":\"https:\/\/weightlossmedssales.com\/fr\/product\/bandelettes-de-suboxone-12-mg-3-mg\/#breadcrumb\"},\"inLanguage\":\"fr-FR\",\"potentialAction\":[{\"@type\":\"ReadAction\",\"target\":[\"https:\/\/weightlossmedssales.com\/fr\/product\/bandelettes-de-suboxone-12-mg-3-mg\/\"]}]},{\"@type\":\"ImageObject\",\"inLanguage\":\"fr-FR\",\"@id\":\"https:\/\/weightlossmedssales.com\/fr\/product\/bandelettes-de-suboxone-12-mg-3-mg\/#primaryimage\",\"url\":\"https:\/\/weightlossmedssales.com\/wp-content\/uploads\/2025\/04\/subuxone-300x300-1.jpg\",\"contentUrl\":\"https:\/\/weightlossmedssales.com\/wp-content\/uploads\/2025\/04\/subuxone-300x300-1.jpg\",\"width\":300,\"height\":300},{\"@type\":\"BreadcrumbList\",\"@id\":\"https:\/\/weightlossmedssales.com\/fr\/product\/bandelettes-de-suboxone-12-mg-3-mg\/#breadcrumb\",\"itemListElement\":[{\"@type\":\"ListItem\",\"position\":1,\"name\":\"Home\",\"item\":\"https:\/\/weightlossmedssales.com\/fr\/accueil\/\"},{\"@type\":\"ListItem\",\"position\":2,\"name\":\"Shop\",\"item\":\"https:\/\/weightlossmedssales.com\/shop\/\"},{\"@type\":\"ListItem\",\"position\":3,\"name\":\"Bandelettes de Suboxone 12 mg\/3 mg\"}]},{\"@type\":\"WebSite\",\"@id\":\"https:\/\/weightlossmedssales.com\/#website\",\"url\":\"https:\/\/weightlossmedssales.com\/\",\"name\":\"Family Healthcare Pharmacy\",\"description\":\"Weight Loss Medicines\",\"potentialAction\":[{\"@type\":\"SearchAction\",\"target\":{\"@type\":\"EntryPoint\",\"urlTemplate\":\"https:\/\/weightlossmedssales.com\/?s={search_term_string}\"},\"query-input\":{\"@type\":\"PropertyValueSpecification\",\"valueRequired\":true,\"valueName\":\"search_term_string\"}}],\"inLanguage\":\"fr-FR\"}]}<\/script>\n<meta property=\"product:price:amount\" content=\"2.50\" \/>\n<meta property=\"product:price:currency\" content=\"USD\" \/>\n<meta property=\"og:availability\" content=\"instock\" \/>\n<meta property=\"product:availability\" content=\"instock\" \/>\n<meta property=\"product:retailer_item_id\" content=\"SU72587\" \/>\n<meta property=\"product:condition\" content=\"new\" \/>\n<!-- \/ Yoast SEO Premium plugin. -->","yoast_head_json":{"title":"Achetez des bandelettes de Suboxone 12 mg en ligne - Film de Suboxone 12 mg disponible.","description":"Achetez des bandelettes de Suboxone 12 mg en ligne \u00e0 tr\u00e8s bas prix. Aucune ordonnance n\u00e9cessaire. Achetez du Suboxone 12 mg en Australie, aux \u00c9tats-Unis et au Canada en ligne.","robots":{"index":"index","follow":"follow","max-snippet":"max-snippet:-1","max-image-preview":"max-image-preview:large","max-video-preview":"max-video-preview:-1"},"canonical":"https:\/\/weightlossmedssales.com\/fr\/product\/bandelettes-de-suboxone-12-mg-3-mg\/","og_locale":"fr_FR","og_type":"article","og_title":"Bandelettes de Suboxone 12 mg\/3 mg","og_description":"Achetez des bandelettes de Suboxone 12 mg en ligne \u00e0 tr\u00e8s bas prix. Aucune ordonnance n\u00e9cessaire. Achetez du Suboxone 12 mg en Australie, aux \u00c9tats-Unis et au Canada en ligne.","og_url":"https:\/\/weightlossmedssales.com\/fr\/product\/bandelettes-de-suboxone-12-mg-3-mg\/","og_site_name":"Family Healthcare Pharmacy","og_image":[{"width":300,"height":300,"url":"https:\/\/weightlossmedssales.com\/wp-content\/uploads\/2025\/04\/subuxone-300x300-1.jpg","type":"image\/jpeg"}],"twitter_card":"summary_large_image","twitter_misc":{"Prix":"&#36;2.50","Disponibilit\u00e9":"En stock"},"schema":{"@context":"https:\/\/schema.org","@graph":[{"@type":"WebPage","@id":"https:\/\/weightlossmedssales.com\/fr\/product\/bandelettes-de-suboxone-12-mg-3-mg\/","url":"https:\/\/weightlossmedssales.com\/fr\/product\/bandelettes-de-suboxone-12-mg-3-mg\/","name":"Achetez des bandelettes de Suboxone 12 mg en ligne - Film de Suboxone 12 mg disponible.","isPartOf":{"@id":"https:\/\/weightlossmedssales.com\/#website"},"primaryImageOfPage":{"@id":"https:\/\/weightlossmedssales.com\/fr\/product\/bandelettes-de-suboxone-12-mg-3-mg\/#primaryimage"},"image":{"@id":"https:\/\/weightlossmedssales.com\/fr\/product\/bandelettes-de-suboxone-12-mg-3-mg\/#primaryimage"},"thumbnailUrl":"https:\/\/weightlossmedssales.com\/wp-content\/uploads\/2025\/04\/subuxone-300x300-1.jpg","datePublished":"2025-04-18T10:35:14+00:00","description":"Achetez des bandelettes de Suboxone 12 mg en ligne \u00e0 tr\u00e8s bas prix. Aucune ordonnance n\u00e9cessaire. Achetez du Suboxone 12 mg en Australie, aux \u00c9tats-Unis et au Canada en ligne.","breadcrumb":{"@id":"https:\/\/weightlossmedssales.com\/fr\/product\/bandelettes-de-suboxone-12-mg-3-mg\/#breadcrumb"},"inLanguage":"fr-FR","potentialAction":[{"@type":"ReadAction","target":["https:\/\/weightlossmedssales.com\/fr\/product\/bandelettes-de-suboxone-12-mg-3-mg\/"]}]},{"@type":"ImageObject","inLanguage":"fr-FR","@id":"https:\/\/weightlossmedssales.com\/fr\/product\/bandelettes-de-suboxone-12-mg-3-mg\/#primaryimage","url":"https:\/\/weightlossmedssales.com\/wp-content\/uploads\/2025\/04\/subuxone-300x300-1.jpg","contentUrl":"https:\/\/weightlossmedssales.com\/wp-content\/uploads\/2025\/04\/subuxone-300x300-1.jpg","width":300,"height":300},{"@type":"BreadcrumbList","@id":"https:\/\/weightlossmedssales.com\/fr\/product\/bandelettes-de-suboxone-12-mg-3-mg\/#breadcrumb","itemListElement":[{"@type":"ListItem","position":1,"name":"Home","item":"https:\/\/weightlossmedssales.com\/fr\/accueil\/"},{"@type":"ListItem","position":2,"name":"Shop","item":"https:\/\/weightlossmedssales.com\/shop\/"},{"@type":"ListItem","position":3,"name":"Bandelettes de Suboxone 12 mg\/3 mg"}]},{"@type":"WebSite","@id":"https:\/\/weightlossmedssales.com\/#website","url":"https:\/\/weightlossmedssales.com\/","name":"Family Healthcare Pharmacy","description":"Weight Loss Medicines","potentialAction":[{"@type":"SearchAction","target":{"@type":"EntryPoint","urlTemplate":"https:\/\/weightlossmedssales.com\/?s={search_term_string}"},"query-input":{"@type":"PropertyValueSpecification","valueRequired":true,"valueName":"search_term_string"}}],"inLanguage":"fr-FR"}]},"product_price_amount":"2.50","product_price_currency":"USD","og_availability":"instock","product_availability":"instock","product_retailer_item_id":"SU72587","product_condition":"new"},"_links":{"self":[{"href":"https:\/\/weightlossmedssales.com\/fr\/wp-json\/wp\/v2\/product\/1780","targetHints":{"allow":["GET"]}}],"collection":[{"href":"https:\/\/weightlossmedssales.com\/fr\/wp-json\/wp\/v2\/product"}],"about":[{"href":"https:\/\/weightlossmedssales.com\/fr\/wp-json\/wp\/v2\/types\/product"}],"replies":[{"embeddable":true,"href":"https:\/\/weightlossmedssales.com\/fr\/wp-json\/wp\/v2\/comments?post=1780"}],"version-history":[{"count":0,"href":"https:\/\/weightlossmedssales.com\/fr\/wp-json\/wp\/v2\/product\/1780\/revisions"}],"wp:featuredmedia":[{"embeddable":true,"href":"https:\/\/weightlossmedssales.com\/fr\/wp-json\/wp\/v2\/media\/1475"}],"wp:attachment":[{"href":"https:\/\/weightlossmedssales.com\/fr\/wp-json\/wp\/v2\/media?parent=1780"}],"wp:term":[{"taxonomy":"product_brand","embeddable":true,"href":"https:\/\/weightlossmedssales.com\/fr\/wp-json\/wp\/v2\/product_brand?post=1780"},{"taxonomy":"product_cat","embeddable":true,"href":"https:\/\/weightlossmedssales.com\/fr\/wp-json\/wp\/v2\/product_cat?post=1780"},{"taxonomy":"product_tag","embeddable":true,"href":"https:\/\/weightlossmedssales.com\/fr\/wp-json\/wp\/v2\/product_tag?post=1780"}],"curies":[{"name":"wp","href":"https:\/\/api.w.org\/{rel}","templated":true}]}}