{"id":1783,"date":"2025-04-18T10:35:14","date_gmt":"2025-04-18T10:35:14","guid":{"rendered":"https:\/\/weightlossmedssales.com\/product\/comprimes-de-subutex-8-mg\/"},"modified":"2025-04-18T10:35:14","modified_gmt":"2025-04-18T10:35:14","slug":"comprimes-de-subutex-8-mg","status":"publish","type":"product","link":"https:\/\/weightlossmedssales.com\/fr\/product\/comprimes-de-subutex-8-mg\/","title":{"rendered":"Comprim\u00e9s de Subutex 8 mg"},"content":{"rendered":"<h1>Acheter du Subutex en ligne<\/h1>\n<p>Le Subutex est un m\u00e9dicament, synth\u00e9tis\u00e9 \u00e0 partir de la morphine. De plus, il appartient au groupe des opiac\u00e9s. Dans la pratique europ\u00e9enne, il est utilis\u00e9 comme agent pour le traitement de substitution de la d\u00e9pendance \u00e0 l&rsquo;h\u00e9ro\u00efne, ainsi que dans d&rsquo;autres types de pratique m\u00e9dicale. Si vous recherchiez un endroit l\u00e9gitime pour <a href=\"http:\/\/suboxoneproducts.com\/product\/buy-subutex-online\/\">Acheter du Subutex<\/a> en ligne, vous pouvez commander chez nous. Par cons\u00e9quent, commandez maintenant et faites-vous livrer les comprim\u00e9s \u00e0 domicile dans les 24 heures.    <\/p>\n<h2>Utilisations du Subutex<\/h2>\n<p>Traitement de la d\u00e9pendance aux opio\u00efdes. Il fonctionne \u00e9galement dans le cadre d&rsquo;un plan de traitement complet de la d\u00e9pendance aux narcotiques. Il agit en bloquant les r\u00e9cepteurs de la douleur.  <\/p>\n<p>Le Subutex est un agoniste-antagoniste partiel opio\u00efde (narcotique). De plus, il agit en se liant aux r\u00e9cepteurs du cerveau et du syst\u00e8me nerveux pour aider \u00e0 pr\u00e9venir les sympt\u00f4mes de sevrage chez une personne qui a cess\u00e9 de prendre des narcotiques (par exemple, l&rsquo;h\u00e9ro\u00efne, l&rsquo;oxycodone). <\/p>\n<h3>Effets secondaires du Subutex (Bupr\u00e9norphine)<\/h3>\n<p>La prise non contr\u00f4l\u00e9e de Subutex en tant que v\u00e9ritable drogue dure provoque de nombreux effets secondaires. En premier lieu, une d\u00e9pendance tr\u00e8s rapide au m\u00e9dicament. Souvent, de nombreux toxicomanes ne se contentent plus de ces pilules et commencent \u00e0 les utiliser par voie intraveineuse, en m\u00e9langeant le contenu du comprim\u00e9 avec de l&rsquo;eau.  <\/p>\n<p>Les personnes qui prennent constamment du Subutex ressentent en permanence de la panique et de la peur, ainsi que de l&rsquo;anxi\u00e9t\u00e9 et de l&rsquo;agressivit\u00e9. Des sympt\u00f4mes d&rsquo;insomnie se d\u00e9veloppent tr\u00e8s rapidement. Les somnif\u00e8res et les s\u00e9datifs, pris en quantit\u00e9s excessives sur une longue p\u00e9riode, provoquent une intoxication s\u00e9v\u00e8re (empoisonnement chimique). En cons\u00e9quence, des psychoses se d\u00e9veloppent, l&rsquo;irritabilit\u00e9 augmente, et des comportements compulsifs et des crises de col\u00e8re fr\u00e9quents apparaissent.   <\/p>\n<h4>Qu&rsquo;est-ce que la bupr\u00e9norphine ?<\/h4>\n<p>Le Dr Randy Brown de la facult\u00e9 de m\u00e9decine du Wisconsin d\u00e9crit pr\u00e9cis\u00e9ment ce qu&rsquo;est le m\u00e9dicament bupr\u00e9norphine. Acheter du Subutex en ligne. <\/p>\n","protected":false},"excerpt":{"rendered":"<p><strong>Nom du m\u00e9dicament : <a href=\"https:\/\/www.drugs.com\/search.php?searchterm=Subutex&amp;referer=pillid\">Subutex<\/a><\/strong><br \/>\n<strong> Dosage : 8 mg<\/strong><br \/>\n<strong> Impression sur le comprim\u00e9 : <a href=\"https:\/\/www.drugs.com\/imprints\/b8-logo-10809.html\">B8<\/a><\/strong><br \/>\n<strong> Couleur : Blanc<\/strong><br \/>\n<strong> Forme : Elliptique \/ Ovale<\/strong><br \/>\n<strong> Aucune ordonnance n\u00e9cessaire. Livraison discr\u00e8te le lendemain <\/strong><\/p>\n","protected":false},"featured_media":1472,"menu_order":0,"comment_status":"open","ping_status":"closed","template":"","meta":[],"product_brand":[],"product_cat":[183],"product_tag":[185],"class_list":{"0":"post-1783","1":"product","2":"type-product","3":"status-publish","4":"has-post-thumbnail","6":"product_cat-produits-suboxone","7":"product_tag-subutex-fr","9":"first","10":"instock","11":"shipping-taxable","12":"purchasable","13":"product-type-simple"},"yoast_head":"<!-- This site is optimized with the Yoast SEO Premium plugin v23.3 (Yoast SEO v27.4) - https:\/\/yoast.com\/product\/yoast-seo-premium-wordpress\/ -->\n<title>Acheter du Subutex en ligne - Commander du Subutex 8 mg en ligne. Sans ordonnance<\/title>\n<meta name=\"description\" content=\"Acheter du Subutex en ligne. Visitez-nous d\u00e8s maintenant pour commander ou acheter des comprim\u00e9s de Subutex 8 mg en ligne sans ordonnance \u00e0 des prix tr\u00e8s avantageux. Livraison discr\u00e8te le lendemain\" \/>\n<meta name=\"robots\" content=\"index, follow, max-snippet:-1, max-image-preview:large, max-video-preview:-1\" \/>\n<link rel=\"canonical\" href=\"https:\/\/weightlossmedssales.com\/fr\/product\/comprimes-de-subutex-8-mg\/\" \/>\n<meta property=\"og:locale\" content=\"fr_FR\" \/>\n<meta property=\"og:type\" content=\"article\" \/>\n<meta property=\"og:title\" content=\"Comprim\u00e9s de Subutex 8 mg\" \/>\n<meta property=\"og:description\" content=\"Acheter du Subutex en ligne. Visitez-nous d\u00e8s maintenant pour commander ou acheter des comprim\u00e9s de Subutex 8 mg en ligne sans ordonnance \u00e0 des prix tr\u00e8s avantageux. Livraison discr\u00e8te le lendemain\" \/>\n<meta property=\"og:url\" content=\"https:\/\/weightlossmedssales.com\/fr\/product\/comprimes-de-subutex-8-mg\/\" \/>\n<meta property=\"og:site_name\" content=\"Family Healthcare Pharmacy\" \/>\n<meta property=\"og:image\" content=\"https:\/\/weightlossmedssales.com\/wp-content\/uploads\/2025\/04\/Buprenorphine-Hydrochloride.jpg\" \/>\n\t<meta property=\"og:image:width\" content=\"300\" \/>\n\t<meta property=\"og:image:height\" content=\"300\" \/>\n\t<meta property=\"og:image:type\" content=\"image\/jpeg\" \/>\n<meta name=\"twitter:card\" content=\"summary_large_image\" \/>\n<meta name=\"twitter:label1\" content=\"Prix\" \/>\n\t<meta name=\"twitter:data1\" content=\"&#036;2.50\" \/>\n\t<meta name=\"twitter:label2\" content=\"Disponibilit\u00e9\" \/>\n\t<meta name=\"twitter:data2\" content=\"En stock\" \/>\n<script type=\"application\/ld+json\" class=\"yoast-schema-graph\">{\"@context\":\"https:\\\/\\\/schema.org\",\"@graph\":[{\"@type\":\"WebPage\",\"@id\":\"https:\\\/\\\/weightlossmedssales.com\\\/fr\\\/product\\\/comprimes-de-subutex-8-mg\\\/\",\"url\":\"https:\\\/\\\/weightlossmedssales.com\\\/fr\\\/product\\\/comprimes-de-subutex-8-mg\\\/\",\"name\":\"Acheter du Subutex en ligne - Commander du Subutex 8 mg en ligne. Sans ordonnance\",\"isPartOf\":{\"@id\":\"https:\\\/\\\/weightlossmedssales.com\\\/#website\"},\"primaryImageOfPage\":{\"@id\":\"https:\\\/\\\/weightlossmedssales.com\\\/fr\\\/product\\\/comprimes-de-subutex-8-mg\\\/#primaryimage\"},\"image\":{\"@id\":\"https:\\\/\\\/weightlossmedssales.com\\\/fr\\\/product\\\/comprimes-de-subutex-8-mg\\\/#primaryimage\"},\"thumbnailUrl\":\"https:\\\/\\\/weightlossmedssales.com\\\/wp-content\\\/uploads\\\/2025\\\/04\\\/Buprenorphine-Hydrochloride.jpg\",\"datePublished\":\"2025-04-18T10:35:14+00:00\",\"description\":\"Acheter du Subutex en ligne. Visitez-nous d\u00e8s maintenant pour commander ou acheter des comprim\u00e9s de Subutex 8 mg en ligne sans ordonnance \u00e0 des prix tr\u00e8s avantageux. Livraison discr\u00e8te le lendemain\",\"breadcrumb\":{\"@id\":\"https:\\\/\\\/weightlossmedssales.com\\\/fr\\\/product\\\/comprimes-de-subutex-8-mg\\\/#breadcrumb\"},\"inLanguage\":\"fr-FR\",\"potentialAction\":[{\"@type\":\"ReadAction\",\"target\":[\"https:\\\/\\\/weightlossmedssales.com\\\/fr\\\/product\\\/comprimes-de-subutex-8-mg\\\/\"]}]},{\"@type\":\"ImageObject\",\"inLanguage\":\"fr-FR\",\"@id\":\"https:\\\/\\\/weightlossmedssales.com\\\/fr\\\/product\\\/comprimes-de-subutex-8-mg\\\/#primaryimage\",\"url\":\"https:\\\/\\\/weightlossmedssales.com\\\/wp-content\\\/uploads\\\/2025\\\/04\\\/Buprenorphine-Hydrochloride.jpg\",\"contentUrl\":\"https:\\\/\\\/weightlossmedssales.com\\\/wp-content\\\/uploads\\\/2025\\\/04\\\/Buprenorphine-Hydrochloride.jpg\",\"width\":300,\"height\":300},{\"@type\":\"BreadcrumbList\",\"@id\":\"https:\\\/\\\/weightlossmedssales.com\\\/fr\\\/product\\\/comprimes-de-subutex-8-mg\\\/#breadcrumb\",\"itemListElement\":[{\"@type\":\"ListItem\",\"position\":1,\"name\":\"Home\",\"item\":\"https:\\\/\\\/weightlossmedssales.com\\\/fr\\\/accueil\\\/\"},{\"@type\":\"ListItem\",\"position\":2,\"name\":\"Shop\",\"item\":\"https:\\\/\\\/weightlossmedssales.com\\\/shop\\\/\"},{\"@type\":\"ListItem\",\"position\":3,\"name\":\"Comprim\u00e9s de Subutex 8 mg\"}]},{\"@type\":\"WebSite\",\"@id\":\"https:\\\/\\\/weightlossmedssales.com\\\/#website\",\"url\":\"https:\\\/\\\/weightlossmedssales.com\\\/\",\"name\":\"Family Healthcare Pharmacy\",\"description\":\"Weight Loss Medicines\",\"potentialAction\":[{\"@type\":\"SearchAction\",\"target\":{\"@type\":\"EntryPoint\",\"urlTemplate\":\"https:\\\/\\\/weightlossmedssales.com\\\/?s={search_term_string}\"},\"query-input\":{\"@type\":\"PropertyValueSpecification\",\"valueRequired\":true,\"valueName\":\"search_term_string\"}}],\"inLanguage\":\"fr-FR\"}]}<\/script>\n<meta property=\"product:price:amount\" content=\"2.50\" \/>\n<meta property=\"product:price:currency\" content=\"USD\" \/>\n<meta property=\"og:availability\" content=\"instock\" \/>\n<meta property=\"product:availability\" content=\"instock\" \/>\n<meta property=\"product:retailer_item_id\" content=\"SU11693\" \/>\n<meta property=\"product:condition\" content=\"new\" \/>\n<!-- \/ Yoast SEO Premium plugin. -->","yoast_head_json":{"title":"Acheter du Subutex en ligne - Commander du Subutex 8 mg en ligne. Sans ordonnance","description":"Acheter du Subutex en ligne. Visitez-nous d\u00e8s maintenant pour commander ou acheter des comprim\u00e9s de Subutex 8 mg en ligne sans ordonnance \u00e0 des prix tr\u00e8s avantageux. Livraison discr\u00e8te le lendemain","robots":{"index":"index","follow":"follow","max-snippet":"max-snippet:-1","max-image-preview":"max-image-preview:large","max-video-preview":"max-video-preview:-1"},"canonical":"https:\/\/weightlossmedssales.com\/fr\/product\/comprimes-de-subutex-8-mg\/","og_locale":"fr_FR","og_type":"article","og_title":"Comprim\u00e9s de Subutex 8 mg","og_description":"Acheter du Subutex en ligne. Visitez-nous d\u00e8s maintenant pour commander ou acheter des comprim\u00e9s de Subutex 8 mg en ligne sans ordonnance \u00e0 des prix tr\u00e8s avantageux. Livraison discr\u00e8te le lendemain","og_url":"https:\/\/weightlossmedssales.com\/fr\/product\/comprimes-de-subutex-8-mg\/","og_site_name":"Family Healthcare Pharmacy","og_image":[{"width":300,"height":300,"url":"https:\/\/weightlossmedssales.com\/wp-content\/uploads\/2025\/04\/Buprenorphine-Hydrochloride.jpg","type":"image\/jpeg"}],"twitter_card":"summary_large_image","twitter_misc":{"Prix":"&#36;2.50","Disponibilit\u00e9":"En stock"},"schema":{"@context":"https:\/\/schema.org","@graph":[{"@type":"WebPage","@id":"https:\/\/weightlossmedssales.com\/fr\/product\/comprimes-de-subutex-8-mg\/","url":"https:\/\/weightlossmedssales.com\/fr\/product\/comprimes-de-subutex-8-mg\/","name":"Acheter du Subutex en ligne - Commander du Subutex 8 mg en ligne. Sans ordonnance","isPartOf":{"@id":"https:\/\/weightlossmedssales.com\/#website"},"primaryImageOfPage":{"@id":"https:\/\/weightlossmedssales.com\/fr\/product\/comprimes-de-subutex-8-mg\/#primaryimage"},"image":{"@id":"https:\/\/weightlossmedssales.com\/fr\/product\/comprimes-de-subutex-8-mg\/#primaryimage"},"thumbnailUrl":"https:\/\/weightlossmedssales.com\/wp-content\/uploads\/2025\/04\/Buprenorphine-Hydrochloride.jpg","datePublished":"2025-04-18T10:35:14+00:00","description":"Acheter du Subutex en ligne. Visitez-nous d\u00e8s maintenant pour commander ou acheter des comprim\u00e9s de Subutex 8 mg en ligne sans ordonnance \u00e0 des prix tr\u00e8s avantageux. Livraison discr\u00e8te le lendemain","breadcrumb":{"@id":"https:\/\/weightlossmedssales.com\/fr\/product\/comprimes-de-subutex-8-mg\/#breadcrumb"},"inLanguage":"fr-FR","potentialAction":[{"@type":"ReadAction","target":["https:\/\/weightlossmedssales.com\/fr\/product\/comprimes-de-subutex-8-mg\/"]}]},{"@type":"ImageObject","inLanguage":"fr-FR","@id":"https:\/\/weightlossmedssales.com\/fr\/product\/comprimes-de-subutex-8-mg\/#primaryimage","url":"https:\/\/weightlossmedssales.com\/wp-content\/uploads\/2025\/04\/Buprenorphine-Hydrochloride.jpg","contentUrl":"https:\/\/weightlossmedssales.com\/wp-content\/uploads\/2025\/04\/Buprenorphine-Hydrochloride.jpg","width":300,"height":300},{"@type":"BreadcrumbList","@id":"https:\/\/weightlossmedssales.com\/fr\/product\/comprimes-de-subutex-8-mg\/#breadcrumb","itemListElement":[{"@type":"ListItem","position":1,"name":"Home","item":"https:\/\/weightlossmedssales.com\/fr\/accueil\/"},{"@type":"ListItem","position":2,"name":"Shop","item":"https:\/\/weightlossmedssales.com\/shop\/"},{"@type":"ListItem","position":3,"name":"Comprim\u00e9s de Subutex 8 mg"}]},{"@type":"WebSite","@id":"https:\/\/weightlossmedssales.com\/#website","url":"https:\/\/weightlossmedssales.com\/","name":"Family Healthcare Pharmacy","description":"Weight Loss Medicines","potentialAction":[{"@type":"SearchAction","target":{"@type":"EntryPoint","urlTemplate":"https:\/\/weightlossmedssales.com\/?s={search_term_string}"},"query-input":{"@type":"PropertyValueSpecification","valueRequired":true,"valueName":"search_term_string"}}],"inLanguage":"fr-FR"}]},"product_price_amount":"2.50","product_price_currency":"USD","og_availability":"instock","product_availability":"instock","product_retailer_item_id":"SU11693","product_condition":"new"},"_links":{"self":[{"href":"https:\/\/weightlossmedssales.com\/fr\/wp-json\/wp\/v2\/product\/1783","targetHints":{"allow":["GET"]}}],"collection":[{"href":"https:\/\/weightlossmedssales.com\/fr\/wp-json\/wp\/v2\/product"}],"about":[{"href":"https:\/\/weightlossmedssales.com\/fr\/wp-json\/wp\/v2\/types\/product"}],"replies":[{"embeddable":true,"href":"https:\/\/weightlossmedssales.com\/fr\/wp-json\/wp\/v2\/comments?post=1783"}],"version-history":[{"count":0,"href":"https:\/\/weightlossmedssales.com\/fr\/wp-json\/wp\/v2\/product\/1783\/revisions"}],"wp:featuredmedia":[{"embeddable":true,"href":"https:\/\/weightlossmedssales.com\/fr\/wp-json\/wp\/v2\/media\/1472"}],"wp:attachment":[{"href":"https:\/\/weightlossmedssales.com\/fr\/wp-json\/wp\/v2\/media?parent=1783"}],"wp:term":[{"taxonomy":"product_brand","embeddable":true,"href":"https:\/\/weightlossmedssales.com\/fr\/wp-json\/wp\/v2\/product_brand?post=1783"},{"taxonomy":"product_cat","embeddable":true,"href":"https:\/\/weightlossmedssales.com\/fr\/wp-json\/wp\/v2\/product_cat?post=1783"},{"taxonomy":"product_tag","embeddable":true,"href":"https:\/\/weightlossmedssales.com\/fr\/wp-json\/wp\/v2\/product_tag?post=1783"}],"curies":[{"name":"wp","href":"https:\/\/api.w.org\/{rel}","templated":true}]}}