{"id":1786,"date":"2025-04-18T10:35:14","date_gmt":"2025-04-18T10:35:14","guid":{"rendered":"https:\/\/weightlossmedssales.com\/product\/methadone-10-mg\/"},"modified":"2025-04-18T10:35:14","modified_gmt":"2025-04-18T10:35:14","slug":"methadone-10-mg","status":"publish","type":"product","link":"https:\/\/weightlossmedssales.com\/fr\/product\/methadone-10-mg\/","title":{"rendered":"M\u00e9thadone 10 mg"},"content":{"rendered":"<h1>Acheter de la M\u00e9thadone en ligne<\/h1>\n<p>La <b>M\u00e9thadone<\/b> est un opiac\u00e9 synth\u00e9tique principalement utilis\u00e9 dans la d\u00e9sintoxication et le maintien des patients d\u00e9pendants aux opiac\u00e9s\u2014en particulier l&rsquo;h\u00e9ro\u00efne\u2014et le traitement des patients souffrant de douleurs chroniques s\u00e9v\u00e8res.<\/p>\n<p>La M\u00e9thadone est un m\u00e9dicament opio\u00efde. Un opio\u00efde est parfois appel\u00e9 un narcotique. <\/p>\n<p>La M\u00e9thadone r\u00e9duit les sympt\u00f4mes de sevrage chez les personnes d\u00e9pendantes \u00e0 l&rsquo;h\u00e9ro\u00efne ou \u00e0 d&rsquo;autres drogues narcotiques sans provoquer l&rsquo;\u00ab euphorie \u00bb associ\u00e9e \u00e0 la toxicomanie.<\/p>\n<p>La M\u00e9thadone est utilis\u00e9e comme analg\u00e9sique et dans le cadre de programmes de d\u00e9sintoxication et de maintien pour la toxicomanie. Elle n&rsquo;est disponible que dans une pharmacie certifi\u00e9e. <\/p>\n<h2>Informations importantes<\/h2>\n<p>Vous ne devriez pas utiliser la m\u00e9thadone si vous souffrez d&rsquo;asthme s\u00e9v\u00e8re ou de probl\u00e8mes respiratoires, ou d&rsquo;une obstruction dans votre estomac ou vos intestins.<\/p>\n<p><b>L&rsquo;USAGE ABUSIF DE LA M\u00c9THADONE PEUT ENTRA\u00ceNER UNE D\u00c9PENDANCE, UNE OVERDOSE OU LA MORT<\/b>, en particulier chez un enfant ou une autre personne utilisant le m\u00e9dicament sans ordonnance. Conservez le m\u00e9dicament dans un endroit inaccessible aux autres. <\/p>\n<p><b>La prise de m\u00e9dicaments opio\u00efdes pendant la grossesse peut provoquer des sympt\u00f4mes de sevrage potentiellement mortels chez le nouveau-n\u00e9.<\/b><\/p>\n<p><b>Des effets secondaires mortels peuvent survenir si vous utilisez un m\u00e9dicament opio\u00efde avec de l&rsquo;alcool ou avec d&rsquo;autres m\u00e9dicaments qui provoquent de la somnolence ou ralentissent votre respiration.<\/b><\/p>\n<p>La M\u00e9thadone peut provoquer un trouble du rythme cardiaque potentiellement mortel. Appelez imm\u00e9diatement votre m\u00e9decin si vous avez un <a href=\"https:\/\/www.drugs.com\/cg\/acute-headache.html\" data-ga-category=\"Content Link\" data-ga-action=\"headache\">mal de t\u00eate<\/a> avec une douleur thoracique et des <a href=\"https:\/\/www.drugs.com\/cg\/vertigo.html\" data-ga-category=\"Content Link\" data-ga-action=\"dizziness\">vertiges<\/a> s\u00e9v\u00e8res, ainsi que des battements cardiaques rapides ou forts. Votre fonction cardiaque peut n\u00e9cessiter un contr\u00f4le pendant le traitement.  <\/p>\n","protected":false},"excerpt":{"rendered":"<p><strong>M\u00e9thadone 10 MG<\/strong><cx id=\"gid_1\"><\/cx><cx id=\"gid_2\"><\/cx>Impression : 54 142<cx id=\"gid_3\"><\/cx>Dosage : 10 mg<cx id=\"gid_4\"><\/cx>Couleur : Blanc<cx id=\"gid_5\"><\/cx>Forme : Rond<\/p>\n","protected":false},"featured_media":1484,"menu_order":0,"comment_status":"open","ping_status":"closed","template":"","meta":[],"product_brand":[],"product_cat":[176],"product_tag":[],"class_list":{"0":"post-1786","1":"product","2":"type-product","3":"status-publish","4":"has-post-thumbnail","6":"product_cat-non-categorise","8":"first","9":"instock","10":"shipping-taxable","11":"purchasable","12":"product-type-simple"},"yoast_head":"<!-- This site is optimized with the Yoast SEO Premium plugin v23.3 (Yoast SEO v26.4) - https:\/\/yoast.com\/wordpress\/plugins\/seo\/ -->\n<title>Acheter de la M\u00e9thadone en ligne - Comprim\u00e9s de M\u00e9thadone 10 mg \u00e0 vendre<\/title>\n<meta name=\"description\" content=\"Acheter de la M\u00e9thadone en ligne. Comprim\u00e9s de M\u00e9thadone 10 mg \u00e0 vendre en ligne \u00e0 des prix tr\u00e8s bas et abordables sans ordonnance. Livraison discr\u00e8te du jour au lendemain disponible.\" \/>\n<meta name=\"robots\" content=\"index, follow, max-snippet:-1, max-image-preview:large, max-video-preview:-1\" \/>\n<link rel=\"canonical\" href=\"https:\/\/weightlossmedssales.com\/fr\/product\/methadone-10-mg\/\" \/>\n<meta property=\"og:locale\" content=\"fr_FR\" \/>\n<meta property=\"og:type\" content=\"article\" \/>\n<meta property=\"og:title\" content=\"M\u00e9thadone 10 mg\" \/>\n<meta property=\"og:description\" content=\"Acheter de la M\u00e9thadone en ligne. Comprim\u00e9s de M\u00e9thadone 10 mg \u00e0 vendre en ligne \u00e0 des prix tr\u00e8s bas et abordables sans ordonnance. Livraison discr\u00e8te du jour au lendemain disponible.\" \/>\n<meta property=\"og:url\" content=\"https:\/\/weightlossmedssales.com\/fr\/product\/methadone-10-mg\/\" \/>\n<meta property=\"og:site_name\" content=\"Family Healthcare Pharmacy\" \/>\n<meta property=\"og:image\" content=\"https:\/\/weightlossmedssales.com\/wp-content\/uploads\/2025\/04\/methadone.jpg\" \/>\n\t<meta property=\"og:image:width\" content=\"275\" \/>\n\t<meta property=\"og:image:height\" content=\"183\" \/>\n\t<meta property=\"og:image:type\" content=\"image\/jpeg\" \/>\n<meta name=\"twitter:card\" content=\"summary_large_image\" \/>\n<meta name=\"twitter:label1\" content=\"Prix\" \/>\n\t<meta name=\"twitter:data1\" content=\"&#036;1.00\" \/>\n\t<meta name=\"twitter:label2\" content=\"Disponibilit\u00e9\" \/>\n\t<meta name=\"twitter:data2\" content=\"En stock\" \/>\n<script type=\"application\/ld+json\" class=\"yoast-schema-graph\">{\"@context\":\"https:\/\/schema.org\",\"@graph\":[{\"@type\":\"WebPage\",\"@id\":\"https:\/\/weightlossmedssales.com\/fr\/product\/methadone-10-mg\/\",\"url\":\"https:\/\/weightlossmedssales.com\/fr\/product\/methadone-10-mg\/\",\"name\":\"Acheter de la M\u00e9thadone en ligne - Comprim\u00e9s de M\u00e9thadone 10 mg \u00e0 vendre\",\"isPartOf\":{\"@id\":\"https:\/\/weightlossmedssales.com\/#website\"},\"primaryImageOfPage\":{\"@id\":\"https:\/\/weightlossmedssales.com\/fr\/product\/methadone-10-mg\/#primaryimage\"},\"image\":{\"@id\":\"https:\/\/weightlossmedssales.com\/fr\/product\/methadone-10-mg\/#primaryimage\"},\"thumbnailUrl\":\"https:\/\/weightlossmedssales.com\/wp-content\/uploads\/2025\/04\/methadone.jpg\",\"datePublished\":\"2025-04-18T10:35:14+00:00\",\"description\":\"Acheter de la M\u00e9thadone en ligne. Comprim\u00e9s de M\u00e9thadone 10 mg \u00e0 vendre en ligne \u00e0 des prix tr\u00e8s bas et abordables sans ordonnance. Livraison discr\u00e8te du jour au lendemain disponible.\",\"breadcrumb\":{\"@id\":\"https:\/\/weightlossmedssales.com\/fr\/product\/methadone-10-mg\/#breadcrumb\"},\"inLanguage\":\"fr-FR\",\"potentialAction\":[{\"@type\":\"ReadAction\",\"target\":[\"https:\/\/weightlossmedssales.com\/fr\/product\/methadone-10-mg\/\"]}]},{\"@type\":\"ImageObject\",\"inLanguage\":\"fr-FR\",\"@id\":\"https:\/\/weightlossmedssales.com\/fr\/product\/methadone-10-mg\/#primaryimage\",\"url\":\"https:\/\/weightlossmedssales.com\/wp-content\/uploads\/2025\/04\/methadone.jpg\",\"contentUrl\":\"https:\/\/weightlossmedssales.com\/wp-content\/uploads\/2025\/04\/methadone.jpg\",\"width\":275,\"height\":183},{\"@type\":\"BreadcrumbList\",\"@id\":\"https:\/\/weightlossmedssales.com\/fr\/product\/methadone-10-mg\/#breadcrumb\",\"itemListElement\":[{\"@type\":\"ListItem\",\"position\":1,\"name\":\"Home\",\"item\":\"https:\/\/weightlossmedssales.com\/fr\/accueil\/\"},{\"@type\":\"ListItem\",\"position\":2,\"name\":\"Shop\",\"item\":\"https:\/\/weightlossmedssales.com\/shop\/\"},{\"@type\":\"ListItem\",\"position\":3,\"name\":\"M\u00e9thadone 10 mg\"}]},{\"@type\":\"WebSite\",\"@id\":\"https:\/\/weightlossmedssales.com\/#website\",\"url\":\"https:\/\/weightlossmedssales.com\/\",\"name\":\"Family Healthcare Pharmacy\",\"description\":\"Weight Loss Medicines\",\"potentialAction\":[{\"@type\":\"SearchAction\",\"target\":{\"@type\":\"EntryPoint\",\"urlTemplate\":\"https:\/\/weightlossmedssales.com\/?s={search_term_string}\"},\"query-input\":{\"@type\":\"PropertyValueSpecification\",\"valueRequired\":true,\"valueName\":\"search_term_string\"}}],\"inLanguage\":\"fr-FR\"}]}<\/script>\n<meta property=\"product:price:amount\" content=\"1.00\" \/>\n<meta property=\"product:price:currency\" content=\"USD\" \/>\n<meta property=\"og:availability\" content=\"instock\" \/>\n<meta property=\"product:availability\" content=\"instock\" \/>\n<meta property=\"product:retailer_item_id\" content=\"SU81657\" \/>\n<meta property=\"product:condition\" content=\"new\" \/>\n<!-- \/ Yoast SEO Premium plugin. -->","yoast_head_json":{"title":"Acheter de la M\u00e9thadone en ligne - Comprim\u00e9s de M\u00e9thadone 10 mg \u00e0 vendre","description":"Acheter de la M\u00e9thadone en ligne. Comprim\u00e9s de M\u00e9thadone 10 mg \u00e0 vendre en ligne \u00e0 des prix tr\u00e8s bas et abordables sans ordonnance. Livraison discr\u00e8te du jour au lendemain disponible.","robots":{"index":"index","follow":"follow","max-snippet":"max-snippet:-1","max-image-preview":"max-image-preview:large","max-video-preview":"max-video-preview:-1"},"canonical":"https:\/\/weightlossmedssales.com\/fr\/product\/methadone-10-mg\/","og_locale":"fr_FR","og_type":"article","og_title":"M\u00e9thadone 10 mg","og_description":"Acheter de la M\u00e9thadone en ligne. Comprim\u00e9s de M\u00e9thadone 10 mg \u00e0 vendre en ligne \u00e0 des prix tr\u00e8s bas et abordables sans ordonnance. Livraison discr\u00e8te du jour au lendemain disponible.","og_url":"https:\/\/weightlossmedssales.com\/fr\/product\/methadone-10-mg\/","og_site_name":"Family Healthcare Pharmacy","og_image":[{"width":275,"height":183,"url":"https:\/\/weightlossmedssales.com\/wp-content\/uploads\/2025\/04\/methadone.jpg","type":"image\/jpeg"}],"twitter_card":"summary_large_image","twitter_misc":{"Prix":"&#36;1.00","Disponibilit\u00e9":"En stock"},"schema":{"@context":"https:\/\/schema.org","@graph":[{"@type":"WebPage","@id":"https:\/\/weightlossmedssales.com\/fr\/product\/methadone-10-mg\/","url":"https:\/\/weightlossmedssales.com\/fr\/product\/methadone-10-mg\/","name":"Acheter de la M\u00e9thadone en ligne - Comprim\u00e9s de M\u00e9thadone 10 mg \u00e0 vendre","isPartOf":{"@id":"https:\/\/weightlossmedssales.com\/#website"},"primaryImageOfPage":{"@id":"https:\/\/weightlossmedssales.com\/fr\/product\/methadone-10-mg\/#primaryimage"},"image":{"@id":"https:\/\/weightlossmedssales.com\/fr\/product\/methadone-10-mg\/#primaryimage"},"thumbnailUrl":"https:\/\/weightlossmedssales.com\/wp-content\/uploads\/2025\/04\/methadone.jpg","datePublished":"2025-04-18T10:35:14+00:00","description":"Acheter de la M\u00e9thadone en ligne. Comprim\u00e9s de M\u00e9thadone 10 mg \u00e0 vendre en ligne \u00e0 des prix tr\u00e8s bas et abordables sans ordonnance. Livraison discr\u00e8te du jour au lendemain disponible.","breadcrumb":{"@id":"https:\/\/weightlossmedssales.com\/fr\/product\/methadone-10-mg\/#breadcrumb"},"inLanguage":"fr-FR","potentialAction":[{"@type":"ReadAction","target":["https:\/\/weightlossmedssales.com\/fr\/product\/methadone-10-mg\/"]}]},{"@type":"ImageObject","inLanguage":"fr-FR","@id":"https:\/\/weightlossmedssales.com\/fr\/product\/methadone-10-mg\/#primaryimage","url":"https:\/\/weightlossmedssales.com\/wp-content\/uploads\/2025\/04\/methadone.jpg","contentUrl":"https:\/\/weightlossmedssales.com\/wp-content\/uploads\/2025\/04\/methadone.jpg","width":275,"height":183},{"@type":"BreadcrumbList","@id":"https:\/\/weightlossmedssales.com\/fr\/product\/methadone-10-mg\/#breadcrumb","itemListElement":[{"@type":"ListItem","position":1,"name":"Home","item":"https:\/\/weightlossmedssales.com\/fr\/accueil\/"},{"@type":"ListItem","position":2,"name":"Shop","item":"https:\/\/weightlossmedssales.com\/shop\/"},{"@type":"ListItem","position":3,"name":"M\u00e9thadone 10 mg"}]},{"@type":"WebSite","@id":"https:\/\/weightlossmedssales.com\/#website","url":"https:\/\/weightlossmedssales.com\/","name":"Family Healthcare Pharmacy","description":"Weight Loss Medicines","potentialAction":[{"@type":"SearchAction","target":{"@type":"EntryPoint","urlTemplate":"https:\/\/weightlossmedssales.com\/?s={search_term_string}"},"query-input":{"@type":"PropertyValueSpecification","valueRequired":true,"valueName":"search_term_string"}}],"inLanguage":"fr-FR"}]},"product_price_amount":"1.00","product_price_currency":"USD","og_availability":"instock","product_availability":"instock","product_retailer_item_id":"SU81657","product_condition":"new"},"_links":{"self":[{"href":"https:\/\/weightlossmedssales.com\/fr\/wp-json\/wp\/v2\/product\/1786","targetHints":{"allow":["GET"]}}],"collection":[{"href":"https:\/\/weightlossmedssales.com\/fr\/wp-json\/wp\/v2\/product"}],"about":[{"href":"https:\/\/weightlossmedssales.com\/fr\/wp-json\/wp\/v2\/types\/product"}],"replies":[{"embeddable":true,"href":"https:\/\/weightlossmedssales.com\/fr\/wp-json\/wp\/v2\/comments?post=1786"}],"version-history":[{"count":0,"href":"https:\/\/weightlossmedssales.com\/fr\/wp-json\/wp\/v2\/product\/1786\/revisions"}],"wp:featuredmedia":[{"embeddable":true,"href":"https:\/\/weightlossmedssales.com\/fr\/wp-json\/wp\/v2\/media\/1484"}],"wp:attachment":[{"href":"https:\/\/weightlossmedssales.com\/fr\/wp-json\/wp\/v2\/media?parent=1786"}],"wp:term":[{"taxonomy":"product_brand","embeddable":true,"href":"https:\/\/weightlossmedssales.com\/fr\/wp-json\/wp\/v2\/product_brand?post=1786"},{"taxonomy":"product_cat","embeddable":true,"href":"https:\/\/weightlossmedssales.com\/fr\/wp-json\/wp\/v2\/product_cat?post=1786"},{"taxonomy":"product_tag","embeddable":true,"href":"https:\/\/weightlossmedssales.com\/fr\/wp-json\/wp\/v2\/product_tag?post=1786"}],"curies":[{"name":"wp","href":"https:\/\/api.w.org\/{rel}","templated":true}]}}