{"id":1787,"date":"2025-04-18T10:35:14","date_gmt":"2025-04-18T10:35:14","guid":{"rendered":"https:\/\/weightlossmedssales.com\/product\/oxycodone-30-mg\/"},"modified":"2025-04-18T10:35:14","modified_gmt":"2025-04-18T10:35:14","slug":"oxycodone-30-mg","status":"publish","type":"product","link":"https:\/\/weightlossmedssales.com\/fr\/product\/oxycodone-30-mg\/","title":{"rendered":"Oxycodone 30 mg"},"content":{"rendered":"<h2>Acheter Oxycodone en ligne<\/h2>\n<p>Achetez de l&rsquo;oxycodone en ligne. Vous pouvez <em>acheter de l&rsquo;Oxycodone 80 mg<\/em> (Oxycontin) en ligne ici. Nous disposons d&rsquo;une qualit\u00e9 sup\u00e9rieure d&rsquo;Oxycodone. Il n&rsquo;a jamais \u00e9t\u00e9 aussi simple de commander des m\u00e9dicaments sur ordonnance en ligne en quelques clics et de les faire livrer directement \u00e0 votre porte, sans jamais avoir \u00e0 consulter un m\u00e9decin.  <\/p>\n<h2>Acheter de l&rsquo;Oxycodone 80 mg en ligne<\/h2>\n<p>Vous pouvez commander de l&rsquo;Oxycodone 80 mg en ligne ici, nous disposons de comprim\u00e9s d&rsquo;Oxycodone 80 mg de haute qualit\u00e9. Achetez de l&rsquo;Oxycodone 80 mg en ligne sans ordonnance. <\/p>\n<p>Achetez de l&rsquo;Oxycodone 80 mg en ligne sur le meilleur site sans ordonnance.<\/p>\n<p>Oxycodone 80 mg<\/p>\n<h3>Comprim\u00e9s d&rsquo;Oxycodone 80 mg de haute qualit\u00e9<\/h3>\n<ul>\n<li>Livraison mondiale<\/li>\n<li>Emballage discret<\/li>\n<li>Assistance en direct<\/li>\n<li>Garantie de satisfaction \u00e0 100%<\/li>\n<\/ul>\n<p><strong>Achetez de l&rsquo;Oxycodone (Oxycontin) en ligne sur le meilleur site sans ordonnance.<\/strong><\/p>\n<p>L&rsquo;Oxycodone est utilis\u00e9e pour la gestion du soulagement de la douleur ou comme analg\u00e9sique.<\/p>\n<p>Une vari\u00e9t\u00e9 de m\u00e9dicaments sont disponibles pour la gestion de la douleur. L&rsquo;Oxycodone est commercialement fabriqu\u00e9e \u00e0 partir de la th\u00e9ba\u00efne, un alcalo\u00efde opiac\u00e9 et composant mineur de l&rsquo;opium. <\/p>\n<h3>Acheter de l&rsquo;Oxycontin en ligne<\/h3>\n<p>En r\u00e9sum\u00e9, vous ne trouverez pas de meilleur endroit pour acheter de l&rsquo;oxycontin en ligne que chez les acheteurs de m\u00e9dicaments<\/p>\n<p>Souvent, ce n&rsquo;est pas le cas. Et vous devez conna\u00eetre les risques. <\/p>\n<p>Oui, il existe de nombreuses soci\u00e9t\u00e9s pharmaceutiques et pharmacies am\u00e9ricaines l\u00e9gitimes (y compris en ligne) qui suivent toutes les lois et r\u00e9glementations et accordent la priorit\u00e9 \u00e0 la s\u00e9curit\u00e9 publique.<\/p>\n<p>Mais il y en a beaucoup qui ne le font pas. Elles cherchent simplement \u00e0 faire de l&rsquo;argent rapidement \u00e0 vos d\u00e9pens. Ces entreprises douteuses traitent les commandes sans ordonnance. Elles paient des m\u00e9decins juste pour jeter un coup d&rsquo;\u0153il rapide \u00e0 votre bref questionnaire m\u00e9dical. Elles ne savent pas si vous \u00eates toxicomane, mineur, ou si vous avez une autre condition que leurs m\u00e9dicaments pourraient aggraver. Et elles s&rsquo;en moquent.    <\/p>\n<h3>Acheter de l&rsquo;Oxycontin 80 mg en ligne<\/h3>\n<p>Pire encore, les produits qu&rsquo;elles vendent sont douteux, au mieux. Les m\u00e9dicaments peuvent \u00eatre largement p\u00e9rim\u00e9s. Ils peuvent \u00eatre contrefaits, mal \u00e9tiquet\u00e9s, adult\u00e9r\u00e9s ou contamin\u00e9s. Et ils peuvent bien \u00eatre fabriqu\u00e9s \u00e0 partir de mati\u00e8res premi\u00e8res suspectes dans des laboratoires clandestins aux \u00c9tats-Unis et \u00e0 l&rsquo;\u00e9tranger, loin des yeux vigilants de la Food and Drug Administration.   <\/p>\n<p>Une partie du probl\u00e8me est que ces pharmacies ill\u00e9gales sont partout sur Internet. Plus de 80 000 sites web portails vendent actuellement des espaces publicitaires pour ces m\u00e9dicaments et renvoient \u00e0 un ou plusieurs des 1 400 sites web d&rsquo;ancrage qui permettent aux clients de passer des commandes aupr\u00e8s de pharmacies ill\u00e9gales. Vous n&rsquo;avez m\u00eame pas besoin de rechercher ces offres, elles arrivent souvent directement dans votre bo\u00eete de r\u00e9ception sous forme de spam, vous attirant avec une corne d&rsquo;abondance de m\u00e9dicaments \u00e0 bas prix.  <\/p>\n<p><strong>Existe-t-il des moyens de savoir si une pharmacie en ligne est l\u00e9gale ? Certainement, et voici ce qu&rsquo;il faut rechercher. Les pharmacies l\u00e9gitimes :  <\/strong><\/p>\n<ol>\n<li>Exigent une ordonnance d&rsquo;un m\u00e9decin agr\u00e9\u00e9, g\u00e9n\u00e9ralement par courrier (si elles acceptent une copie par fax, elles appelleront toujours votre m\u00e9decin pour v\u00e9rifier l&rsquo;ordonnance) ;<\/li>\n<li>Vous font soumettre un historique m\u00e9dical d\u00e9taill\u00e9 ;<\/li>\n<li>Indiquent clairement leurs frais de paiement, de confidentialit\u00e9 et d&rsquo;exp\u00e9dition sur leurs sites ; et<\/li>\n<li>Utilisent des connexions s\u00e9curis\u00e9es ou crypt\u00e9es pour les transactions.<\/li>\n<li>De nombreuses pharmacies en ligne l\u00e9gitimes sont \u00e9galement certifi\u00e9es par la National Association of Boards of Pharmacy &#8211; consultez son site web pour une liste. Gardez \u00e0 l&rsquo;esprit que certaines des plus grandes pharmacies Internet peuvent ne pas \u00eatre certifi\u00e9es en raison de leur nom d\u00e9j\u00e0 bien reconnu. Achetez de l&rsquo;Oxycodone en ligne  <\/li>\n<\/ol>\n","protected":false},"excerpt":{"rendered":"<p><strong>Produit : Oxycodone <\/strong><cx id=\"gid_1\"><\/cx><strong>Dosage : 30 MG<cx id=\"gid_3\"><\/cx>Couleur : Bleu<cx id=\"gid_4\"><\/cx>Impression : M 30<cx id=\"gid_5\"><\/cx><\/strong><\/p>\n","protected":false},"featured_media":1481,"menu_order":0,"comment_status":"open","ping_status":"closed","template":"","meta":[],"product_brand":[],"product_cat":[176],"product_tag":[189,190],"class_list":{"0":"post-1787","1":"product","2":"type-product","3":"status-publish","4":"has-post-thumbnail","6":"product_cat-non-categorise","7":"product_tag-oxycodone-fr","8":"product_tag-oxycontin-fr","10":"first","11":"instock","12":"shipping-taxable","13":"purchasable","14":"product-type-simple"},"yoast_head":"<!-- This site is optimized with the Yoast SEO Premium plugin v23.3 (Yoast SEO v26.4) - https:\/\/yoast.com\/wordpress\/plugins\/seo\/ -->\n<title>Acheter de l&#039;Oxycodone en ligne - Comprim\u00e9s d&#039;Oxycodone 30 mg \u00e0 vendre<\/title>\n<meta name=\"description\" content=\"Achetez de l&#039;Oxycodone en ligne. Comprim\u00e9s d&#039;Oxycodone 30 mg \u00e0 vendre. Visitez notre site web et commandez de l&#039;Oxycodone 30 mg \u00e0 des prix tr\u00e8s avantageux.\" \/>\n<meta name=\"robots\" content=\"index, follow, max-snippet:-1, max-image-preview:large, max-video-preview:-1\" \/>\n<link rel=\"canonical\" href=\"https:\/\/weightlossmedssales.com\/fr\/product\/oxycodone-30-mg\/\" \/>\n<meta property=\"og:locale\" content=\"fr_FR\" \/>\n<meta property=\"og:type\" content=\"article\" \/>\n<meta property=\"og:title\" content=\"Oxycodone 30 mg\" \/>\n<meta property=\"og:description\" content=\"Achetez de l&#039;Oxycodone en ligne. Comprim\u00e9s d&#039;Oxycodone 30 mg \u00e0 vendre. Visitez notre site web et commandez de l&#039;Oxycodone 30 mg \u00e0 des prix tr\u00e8s avantageux.\" \/>\n<meta property=\"og:url\" content=\"https:\/\/weightlossmedssales.com\/fr\/product\/oxycodone-30-mg\/\" \/>\n<meta property=\"og:site_name\" content=\"Family Healthcare Pharmacy\" \/>\n<meta property=\"og:image\" content=\"https:\/\/weightlossmedssales.com\/wp-content\/uploads\/2025\/04\/tumblr_oq2mxivnj11uya6pbo1_500.jpg\" \/>\n\t<meta property=\"og:image:width\" content=\"500\" \/>\n\t<meta property=\"og:image:height\" content=\"666\" \/>\n\t<meta property=\"og:image:type\" content=\"image\/jpeg\" \/>\n<meta name=\"twitter:card\" content=\"summary_large_image\" \/>\n<meta name=\"twitter:label1\" content=\"Prix\" \/>\n\t<meta name=\"twitter:data1\" content=\"&#036;3.00\" \/>\n\t<meta name=\"twitter:label2\" content=\"Disponibilit\u00e9\" \/>\n\t<meta name=\"twitter:data2\" content=\"En stock\" \/>\n<script type=\"application\/ld+json\" class=\"yoast-schema-graph\">{\"@context\":\"https:\/\/schema.org\",\"@graph\":[{\"@type\":\"WebPage\",\"@id\":\"https:\/\/weightlossmedssales.com\/fr\/product\/oxycodone-30-mg\/\",\"url\":\"https:\/\/weightlossmedssales.com\/fr\/product\/oxycodone-30-mg\/\",\"name\":\"Acheter de l'Oxycodone en ligne - Comprim\u00e9s d'Oxycodone 30 mg \u00e0 vendre\",\"isPartOf\":{\"@id\":\"https:\/\/weightlossmedssales.com\/#website\"},\"primaryImageOfPage\":{\"@id\":\"https:\/\/weightlossmedssales.com\/fr\/product\/oxycodone-30-mg\/#primaryimage\"},\"image\":{\"@id\":\"https:\/\/weightlossmedssales.com\/fr\/product\/oxycodone-30-mg\/#primaryimage\"},\"thumbnailUrl\":\"https:\/\/weightlossmedssales.com\/wp-content\/uploads\/2025\/04\/tumblr_oq2mxivnj11uya6pbo1_500.jpg\",\"datePublished\":\"2025-04-18T10:35:14+00:00\",\"description\":\"Achetez de l'Oxycodone en ligne. Comprim\u00e9s d'Oxycodone 30 mg \u00e0 vendre. Visitez notre site web et commandez de l'Oxycodone 30 mg \u00e0 des prix tr\u00e8s avantageux.\",\"breadcrumb\":{\"@id\":\"https:\/\/weightlossmedssales.com\/fr\/product\/oxycodone-30-mg\/#breadcrumb\"},\"inLanguage\":\"fr-FR\",\"potentialAction\":[{\"@type\":\"ReadAction\",\"target\":[\"https:\/\/weightlossmedssales.com\/fr\/product\/oxycodone-30-mg\/\"]}]},{\"@type\":\"ImageObject\",\"inLanguage\":\"fr-FR\",\"@id\":\"https:\/\/weightlossmedssales.com\/fr\/product\/oxycodone-30-mg\/#primaryimage\",\"url\":\"https:\/\/weightlossmedssales.com\/wp-content\/uploads\/2025\/04\/tumblr_oq2mxivnj11uya6pbo1_500.jpg\",\"contentUrl\":\"https:\/\/weightlossmedssales.com\/wp-content\/uploads\/2025\/04\/tumblr_oq2mxivnj11uya6pbo1_500.jpg\",\"width\":500,\"height\":666},{\"@type\":\"BreadcrumbList\",\"@id\":\"https:\/\/weightlossmedssales.com\/fr\/product\/oxycodone-30-mg\/#breadcrumb\",\"itemListElement\":[{\"@type\":\"ListItem\",\"position\":1,\"name\":\"Home\",\"item\":\"https:\/\/weightlossmedssales.com\/fr\/accueil\/\"},{\"@type\":\"ListItem\",\"position\":2,\"name\":\"Shop\",\"item\":\"https:\/\/weightlossmedssales.com\/shop\/\"},{\"@type\":\"ListItem\",\"position\":3,\"name\":\"Oxycodone 30 mg\"}]},{\"@type\":\"WebSite\",\"@id\":\"https:\/\/weightlossmedssales.com\/#website\",\"url\":\"https:\/\/weightlossmedssales.com\/\",\"name\":\"Family Healthcare Pharmacy\",\"description\":\"Weight Loss Medicines\",\"potentialAction\":[{\"@type\":\"SearchAction\",\"target\":{\"@type\":\"EntryPoint\",\"urlTemplate\":\"https:\/\/weightlossmedssales.com\/?s={search_term_string}\"},\"query-input\":{\"@type\":\"PropertyValueSpecification\",\"valueRequired\":true,\"valueName\":\"search_term_string\"}}],\"inLanguage\":\"fr-FR\"}]}<\/script>\n<meta property=\"product:price:amount\" content=\"3.00\" \/>\n<meta property=\"product:price:currency\" content=\"USD\" \/>\n<meta property=\"og:availability\" content=\"instock\" \/>\n<meta property=\"product:availability\" content=\"instock\" \/>\n<meta property=\"product:retailer_item_id\" content=\"SU79376\" \/>\n<meta property=\"product:condition\" content=\"new\" \/>\n<!-- \/ Yoast SEO Premium plugin. -->","yoast_head_json":{"title":"Acheter de l'Oxycodone en ligne - Comprim\u00e9s d'Oxycodone 30 mg \u00e0 vendre","description":"Achetez de l'Oxycodone en ligne. Comprim\u00e9s d'Oxycodone 30 mg \u00e0 vendre. Visitez notre site web et commandez de l'Oxycodone 30 mg \u00e0 des prix tr\u00e8s avantageux.","robots":{"index":"index","follow":"follow","max-snippet":"max-snippet:-1","max-image-preview":"max-image-preview:large","max-video-preview":"max-video-preview:-1"},"canonical":"https:\/\/weightlossmedssales.com\/fr\/product\/oxycodone-30-mg\/","og_locale":"fr_FR","og_type":"article","og_title":"Oxycodone 30 mg","og_description":"Achetez de l'Oxycodone en ligne. Comprim\u00e9s d'Oxycodone 30 mg \u00e0 vendre. Visitez notre site web et commandez de l'Oxycodone 30 mg \u00e0 des prix tr\u00e8s avantageux.","og_url":"https:\/\/weightlossmedssales.com\/fr\/product\/oxycodone-30-mg\/","og_site_name":"Family Healthcare Pharmacy","og_image":[{"width":500,"height":666,"url":"https:\/\/weightlossmedssales.com\/wp-content\/uploads\/2025\/04\/tumblr_oq2mxivnj11uya6pbo1_500.jpg","type":"image\/jpeg"}],"twitter_card":"summary_large_image","twitter_misc":{"Prix":"&#36;3.00","Disponibilit\u00e9":"En stock"},"schema":{"@context":"https:\/\/schema.org","@graph":[{"@type":"WebPage","@id":"https:\/\/weightlossmedssales.com\/fr\/product\/oxycodone-30-mg\/","url":"https:\/\/weightlossmedssales.com\/fr\/product\/oxycodone-30-mg\/","name":"Acheter de l'Oxycodone en ligne - Comprim\u00e9s d'Oxycodone 30 mg \u00e0 vendre","isPartOf":{"@id":"https:\/\/weightlossmedssales.com\/#website"},"primaryImageOfPage":{"@id":"https:\/\/weightlossmedssales.com\/fr\/product\/oxycodone-30-mg\/#primaryimage"},"image":{"@id":"https:\/\/weightlossmedssales.com\/fr\/product\/oxycodone-30-mg\/#primaryimage"},"thumbnailUrl":"https:\/\/weightlossmedssales.com\/wp-content\/uploads\/2025\/04\/tumblr_oq2mxivnj11uya6pbo1_500.jpg","datePublished":"2025-04-18T10:35:14+00:00","description":"Achetez de l'Oxycodone en ligne. Comprim\u00e9s d'Oxycodone 30 mg \u00e0 vendre. Visitez notre site web et commandez de l'Oxycodone 30 mg \u00e0 des prix tr\u00e8s avantageux.","breadcrumb":{"@id":"https:\/\/weightlossmedssales.com\/fr\/product\/oxycodone-30-mg\/#breadcrumb"},"inLanguage":"fr-FR","potentialAction":[{"@type":"ReadAction","target":["https:\/\/weightlossmedssales.com\/fr\/product\/oxycodone-30-mg\/"]}]},{"@type":"ImageObject","inLanguage":"fr-FR","@id":"https:\/\/weightlossmedssales.com\/fr\/product\/oxycodone-30-mg\/#primaryimage","url":"https:\/\/weightlossmedssales.com\/wp-content\/uploads\/2025\/04\/tumblr_oq2mxivnj11uya6pbo1_500.jpg","contentUrl":"https:\/\/weightlossmedssales.com\/wp-content\/uploads\/2025\/04\/tumblr_oq2mxivnj11uya6pbo1_500.jpg","width":500,"height":666},{"@type":"BreadcrumbList","@id":"https:\/\/weightlossmedssales.com\/fr\/product\/oxycodone-30-mg\/#breadcrumb","itemListElement":[{"@type":"ListItem","position":1,"name":"Home","item":"https:\/\/weightlossmedssales.com\/fr\/accueil\/"},{"@type":"ListItem","position":2,"name":"Shop","item":"https:\/\/weightlossmedssales.com\/shop\/"},{"@type":"ListItem","position":3,"name":"Oxycodone 30 mg"}]},{"@type":"WebSite","@id":"https:\/\/weightlossmedssales.com\/#website","url":"https:\/\/weightlossmedssales.com\/","name":"Family Healthcare Pharmacy","description":"Weight Loss Medicines","potentialAction":[{"@type":"SearchAction","target":{"@type":"EntryPoint","urlTemplate":"https:\/\/weightlossmedssales.com\/?s={search_term_string}"},"query-input":{"@type":"PropertyValueSpecification","valueRequired":true,"valueName":"search_term_string"}}],"inLanguage":"fr-FR"}]},"product_price_amount":"3.00","product_price_currency":"USD","og_availability":"instock","product_availability":"instock","product_retailer_item_id":"SU79376","product_condition":"new"},"_links":{"self":[{"href":"https:\/\/weightlossmedssales.com\/fr\/wp-json\/wp\/v2\/product\/1787","targetHints":{"allow":["GET"]}}],"collection":[{"href":"https:\/\/weightlossmedssales.com\/fr\/wp-json\/wp\/v2\/product"}],"about":[{"href":"https:\/\/weightlossmedssales.com\/fr\/wp-json\/wp\/v2\/types\/product"}],"replies":[{"embeddable":true,"href":"https:\/\/weightlossmedssales.com\/fr\/wp-json\/wp\/v2\/comments?post=1787"}],"version-history":[{"count":0,"href":"https:\/\/weightlossmedssales.com\/fr\/wp-json\/wp\/v2\/product\/1787\/revisions"}],"wp:featuredmedia":[{"embeddable":true,"href":"https:\/\/weightlossmedssales.com\/fr\/wp-json\/wp\/v2\/media\/1481"}],"wp:attachment":[{"href":"https:\/\/weightlossmedssales.com\/fr\/wp-json\/wp\/v2\/media?parent=1787"}],"wp:term":[{"taxonomy":"product_brand","embeddable":true,"href":"https:\/\/weightlossmedssales.com\/fr\/wp-json\/wp\/v2\/product_brand?post=1787"},{"taxonomy":"product_cat","embeddable":true,"href":"https:\/\/weightlossmedssales.com\/fr\/wp-json\/wp\/v2\/product_cat?post=1787"},{"taxonomy":"product_tag","embeddable":true,"href":"https:\/\/weightlossmedssales.com\/fr\/wp-json\/wp\/v2\/product_tag?post=1787"}],"curies":[{"name":"wp","href":"https:\/\/api.w.org\/{rel}","templated":true}]}}