{"id":1797,"date":"2025-04-18T10:52:59","date_gmt":"2025-04-18T10:52:59","guid":{"rendered":"https:\/\/weightlossmedssales.com\/product\/focalin-10-mg\/"},"modified":"2025-04-18T10:52:59","modified_gmt":"2025-04-18T10:52:59","slug":"focalin-10-mg","status":"publish","type":"product","link":"https:\/\/weightlossmedssales.com\/fr\/product\/focalin-10-mg\/","title":{"rendered":"Focalin 10 mg"},"content":{"rendered":"<h1>Focalin 10 mg \u00e0 vendre<\/h1>\n<p><a class=\"styles__StyledAction-sc-1xjy49r-0 NVfj\" tabindex=\"0\" href=\"https:\/\/www.goodrx.com\/dexmethylphenidate\" target=\"_self\" rel=\"noopener\" data-qa=\"description-link-0\">Le dexm\u00e9thylph\u00e9nidate<\/a><span class=\"styles__StyledText-sc-1vmlgyl-0 jPuXBO re-text\" data-qa=\"description-text-1\"> (Focalin) est un m\u00e9dicament on\u00e9reux utilis\u00e9 pour traiter le <\/span><a class=\"styles__StyledAction-sc-1xjy49r-0 NVfj\" tabindex=\"0\" href=\"https:\/\/www.goodrx.com\/adhd\" target=\"_self\" rel=\"noopener\" data-qa=\"description-link-2\">trouble d\u00e9ficitaire de l&rsquo;attention avec hyperactivit\u00e9<\/a><span class=\"styles__StyledText-sc-1vmlgyl-0 jPuXBO re-text\" data-qa=\"description-text-3\"> (<\/span><a class=\"styles__StyledAction-sc-1xjy49r-0 NVfj\" tabindex=\"0\" href=\"https:\/\/www.goodrx.com\/adhd\" target=\"_self\" rel=\"noopener\" data-qa=\"description-link-4\">TDAH<\/a><span class=\"styles__StyledText-sc-1vmlgyl-0 jPuXBO re-text\" data-qa=\"description-text-5\">). Ce m\u00e9dicament est moins populaire que des m\u00e9dicaments comparables. Il est disponible en versions de marque et g\u00e9n\u00e9riques. La version la plus courante de Focalin est couverte par 73% des r\u00e9gimes d&rsquo;assurance avec une quote-part de 60,00 $ \u00e0 80,00 $, cependant, certains coupons de pharmacie ou prix au comptant peuvent \u00eatre inf\u00e9rieurs.  <\/span><\/p>\n<div class=\"my-section-child last:mb-0 max-w-content mx-auto px-component-2 px-section-child\" data-qa=\"DSM-SectionChild\">\n<div data-qa=\"BodyCopy\">\n<div class=\"last-child-margin-reset text-component-2 break-words\">\n<p class=\"mb-component-1\">Le dexm\u00e9thylph\u00e9nidate (Focalin) traite le trouble d\u00e9ficitaire de l&rsquo;attention avec hyperactivit\u00e9 (TDAH) et est g\u00e9n\u00e9ralement recommand\u00e9 si les m\u00e9dicaments de premier choix pour le TDAH ne vous conviennent pas. Toutefois, ce m\u00e9dicament pr\u00e9sente un risque \u00e9lev\u00e9 d&rsquo;abus et de m\u00e9susage. <\/p>\n<\/div>\n<\/div>\n<\/div>\n<div class=\"my-section-child last:mb-0 max-w-content mx-auto px-component-2 px-section-child\" data-qa=\"DSM-SectionChild\">\n<div class=\"flex-none md:flex md:flex-row mt-component-5\" data-qa=\"ColumnContainer\">\n<div class=\"flex-1 md:w-1\/2 mb-component-1 md:mr-column\">\n<div data-qa=\"BodyCopy\">\n<div class=\"last-child-margin-reset text-component-2 break-words\">\n<h3 class=\"text-align-generic-title lg:text-generic-title text-generic-title font-generic-title-mobile lg:font-generic-title leading-component-1 font-component-1 mb-component-3\">MARQUES COURANTES<\/h3>\n<p class=\"mb-component-1\">Focalin, Focalin XR<\/p>\n<h3 class=\"text-align-generic-title lg:text-generic-title text-generic-title font-generic-title-mobile lg:font-generic-title leading-component-1 font-component-1 mb-component-3\">CLASSE DE M\u00c9DICAMENTS<\/h3>\n<p class=\"mb-component-1\">Stimulant<\/p>\n<h2 class=\"max-w-content mx-auto lg:text-section-title text-section-title-mobile font-section-title font-2 leading-component-1 mb-section-title text-align-section-title border-b-2 border-section-title-underline py-section-title px-component-2\" data-qa=\"sectionTitle\">Qu&rsquo;est-ce que le dexm\u00e9thylph\u00e9nidate (Focalin) ?<\/h2>\n<div class=\"my-section-child last:mb-0 max-w-content mx-auto px-component-2 px-section-child\" data-qa=\"DSM-SectionChild\">\n<div data-qa=\"BodyCopy\">\n<div class=\"last-child-margin-reset text-component-2 break-words\">\n<h3 class=\"text-align-generic-title lg:text-generic-title text-generic-title font-generic-title-mobile lg:font-generic-title leading-component-1 font-component-1 mb-component-3\">Comment fonctionne le dexm\u00e9thylph\u00e9nidate (Focalin)<\/h3>\n<p class=\"mb-component-1\">Le dexm\u00e9thylph\u00e9nidate (Focalin) est un stimulant qui traite le trouble d\u00e9ficitaire de l&rsquo;attention avec hyperactivit\u00e9 (TDAH) en augmentant l&rsquo;activit\u00e9 de la noradr\u00e9naline et de la dopamine dans le cerveau, ce qui affecte l&rsquo;attention et le comportement.<\/p>\n<\/div>\n<\/div>\n<\/div>\n<div class=\"my-section-child last:mb-0 max-w-content mx-auto px-component-2 px-section-child\" data-qa=\"DSM-SectionChild\">\n<div data-qa=\"BodyCopy\">\n<div class=\"last-child-margin-reset text-component-2 break-words\">\n<h3 class=\"text-align-generic-title lg:text-generic-title text-generic-title font-generic-title-mobile lg:font-generic-title leading-component-1 font-component-1 mb-component-3\">Pour quoi le dexm\u00e9thylph\u00e9nidate (Focalin) est-il utilis\u00e9 ?<\/h3>\n<ul class=\"list-disc my-component-4\">\n<li class=\"mb-component-2 ml-bulleted-list\">Trouble d\u00e9ficitaire de l&rsquo;attention avec hyperactivit\u00e9 (TDAH)<\/li>\n<\/ul>\n<\/div>\n<\/div>\n<\/div>\n<div class=\"my-section-child last:mb-0 max-w-content mx-auto px-component-2 px-section-child\" data-qa=\"DSM-SectionChild\">\n<div class=\"last-child-margin-reset text-component-2 break-words\">\n<h3 class=\"text-align-generic-title lg:text-generic-title text-generic-title font-generic-title-mobile lg:font-generic-title leading-component-1 font-component-1 mb-component-3\">Formes posologiques du dexm\u00e9thylph\u00e9nidate (Focalin)<\/h3>\n<div class=\"flex flex-wrap mt-component-5 text-component-1\">\n<div class=\"w-full md:w-1\/2 mb-component-1 flex\">\n<div class=\"flex-initial w-full\"><span class=\"capitalize\">Comprim\u00e9<\/span><\/p>\n<div class=\"pt-3 flex-inital flex flex-wrap\"><a class=\"text-primary pr-3 whitespace-nowrap\" href=\"https:\/\/www.goodrx.com\/dexmethylphenidate?dosage=2.5mg&amp;form=tablet&amp;quantity=30\" target=\"\" rel=\"noopener\" data-qa=\"DSM-Link\">2,5 mg <\/a><a class=\"text-primary pr-3 whitespace-nowrap\" href=\"https:\/\/www.goodrx.com\/dexmethylphenidate?dosage=5mg&amp;form=tablet&amp;quantity=30\" target=\"\" rel=\"noopener\" data-qa=\"DSM-Link\">5 mg <\/a><a class=\"text-primary pr-3 whitespace-nowrap\" href=\"https:\/\/www.goodrx.com\/dexmethylphenidate?dosage=10mg&amp;form=tablet&amp;quantity=60\" target=\"\" rel=\"noopener\" data-qa=\"DSM-Link\">10 mg<\/a><\/div>\n<div>\n<h3 class=\"text-align-generic-title lg:text-generic-title text-generic-title font-generic-title-mobile lg:font-generic-title leading-component-1 font-component-1 mb-component-3\">Posologie typique du dexm\u00e9thylph\u00e9nidate (Focalin)<\/h3>\n<ul class=\"list-disc my-component-4\">\n<li class=\"mb-component-2 ml-bulleted-list\"><strong>Comprim\u00e9 \u00e0 lib\u00e9ration imm\u00e9diate :<\/strong> Commencez par 2,5 mg par voie orale deux fois par jour. Votre prestataire pourrait augmenter votre dose en fonction de votre r\u00e9ponse jusqu&rsquo;\u00e0 une dose maximale de 20 mg par jour. <\/li>\n<li class=\"mb-component-2 ml-bulleted-list\"><strong><a class=\"text-primary hover:text-simple-link-hover\" href=\"https:\/\/dailymed.nlm.nih.gov\/dailymed\/drugInfo.cfm?setid=1a1da905-42a0-4748-9c39-67eca45deccc\" target=\"_blank\" rel=\"noopener noreferrer\" data-qa=\"DSM-Link\" data-location=\"Content\" data-type=\"body-copy-group\" data-url=\"https:\/\/dailymed.nlm.nih.gov\/dailymed\/drugInfo.cfm?setid=1a1da905-42a0-4748-9c39-67eca45deccc\" data-content=\"Extended-release capsule\" data-content-id=\"c915b1fa-ec3b-4310-aded-18c7dfee3b1c\" data-content-category=\"\" data-content-category-id=\"uses\" data-content-position=\"3\">G\u00e9lule \u00e0 lib\u00e9ration prolong\u00e9e<\/a> :<\/strong> Commencez par 10 mg par voie orale une fois par jour. Votre prestataire pourrait augmenter votre dose en fonction de votre r\u00e9ponse jusqu&rsquo;\u00e0 une dose maximale de 40 mg par jour. <\/li>\n<\/ul>\n<h2 class=\"max-w-content mx-auto lg:text-section-title text-section-title-mobile font-section-title font-2 leading-component-1 mb-section-title text-align-section-title border-b-2 border-section-title-underline py-section-title px-component-2\" data-qa=\"sectionTitle\">Quels sont les risques et les avertissements concernant le dexm\u00e9thylph\u00e9nidate (Focalin) ?<\/h2>\n<div class=\"my-section-child last:mb-0 max-w-content mx-auto px-component-2 px-section-child\" data-qa=\"DSM-SectionChild\">\n<div data-qa=\"BodyCopy\">\n<div class=\"last-child-margin-reset text-component-2 break-words\">\n<p class=\"mb-component-1\">Le dexm\u00e9thylph\u00e9nidate (Focalin) peut causer de graves probl\u00e8mes de sant\u00e9. Ce risque peut \u00eatre encore plus \u00e9lev\u00e9 pour certains groupes. Si cela vous inqui\u00e8te, parlez \u00e0 votre m\u00e9decin ou \u00e0 votre pharmacien des autres options.  <\/p>\n<\/div>\n<\/div>\n<\/div>\n<div class=\"my-section-child last:mb-0 max-w-content mx-auto px-component-2 px-section-child\" data-qa=\"DSM-SectionChild\">\n<div data-qa=\"BodyCopy\">\n<div class=\"last-child-margin-reset text-component-2 break-words\">\n<h3 class=\"text-align-generic-title lg:text-generic-title text-generic-title font-generic-title-mobile lg:font-generic-title leading-component-1 font-component-1 mb-component-3\">Abus et d\u00e9pendance<\/h3>\n<ul class=\"list-disc my-component-4\">\n<li class=\"mb-component-2 ml-bulleted-list\"><em><strong>Facteurs de risque :<\/strong> Ant\u00e9c\u00e9dents de toxicomanie | Alcoolisme<\/em><\/li>\n<\/ul>\n<p class=\"flex mb-component-1\"><span class=\"px-4 my-auto\">Ce m\u00e9dicament pr\u00e9sente un risque d&rsquo;abus et de d\u00e9pendance. Prenez uniquement ce que votre prestataire a prescrit pour r\u00e9duire les risques d&rsquo;abus et de surdosage. Le m\u00e9susage de ce m\u00e9dicament peut le rendre moins efficace. Les personnes ayant des ant\u00e9c\u00e9dents de toxicomanie et d&rsquo;alcoolisme ne devraient pas le prendre.   <\/span><\/p>\n<h3 class=\"text-align-generic-title lg:text-generic-title text-generic-title font-generic-title-mobile lg:font-generic-title leading-component-1 font-component-1 mb-component-3\">Probl\u00e8mes cardiaques graves ou potentiellement mortels<\/h3>\n<ul class=\"list-disc my-component-4\">\n<li class=\"mb-component-2 ml-bulleted-list\"><em><strong>Facteurs de risque :<\/strong> Ant\u00e9c\u00e9dents de probl\u00e8mes cardiaques<\/em><\/li>\n<\/ul>\n<p class=\"mb-component-1\">Les personnes utilisant le dexm\u00e9thylph\u00e9nidate (Focalin) ont un risque plus \u00e9lev\u00e9 de crise cardiaque, d&rsquo;accident vasculaire c\u00e9r\u00e9bral et m\u00eame de d\u00e9c\u00e8s dans certains cas. Si vous avez des ant\u00e9c\u00e9dents de probl\u00e8mes cardiaques ou de malformations, vous ne devriez pas utiliser ce m\u00e9dicament, et vous devriez \u00eatre examin\u00e9 pour des probl\u00e8mes cardiaques avant de commencer. Occasionnellement, le dexm\u00e9thylph\u00e9nidate (Focalin) peut provoquer des \u00e9vanouissements inexpliqu\u00e9s ou des douleurs thoraciques qui surviennent avec l&rsquo;activit\u00e9 physique. Discutez avec votre prestataire de votre plan d&rsquo;exercice pour aider \u00e0 \u00e9viter ces probl\u00e8mes. Acheter du focalin en ligne    <\/p>\n<\/div>\n<\/div>\n<\/div>\n<\/div>\n<\/div>\n<\/div>\n<\/div>\n<\/div>\n<\/div>\n<\/div>\n<\/div>\n<\/div>\n<\/div>\n<\/div>\n","protected":false},"excerpt":{"rendered":"<p>Focalin 10 mg \u00e0 vendre Le dexm\u00e9thylph\u00e9nidate (Focalin) est un m\u00e9dicament on\u00e9reux utilis\u00e9 pour traiter le trouble d\u00e9ficitaire de l&rsquo;attention avec hyperactivit\u00e9 (TDAH). Ce m\u00e9dicament est moins populaire que des m\u00e9dicaments comparables. Il est disponible en versions de marque et g\u00e9n\u00e9riques. La version la plus courante de Focalin est couverte par 73% des r\u00e9gimes d&rsquo;assurance &#8230;<\/p>\n","protected":false},"featured_media":1517,"menu_order":0,"comment_status":"open","ping_status":"closed","template":"","meta":[],"product_brand":[],"product_cat":[195],"product_tag":[],"class_list":{"0":"post-1797","1":"product","2":"type-product","3":"status-publish","4":"has-post-thumbnail","6":"product_cat-acheter-focalin-en-ligne","8":"first","9":"instock","10":"shipping-taxable","11":"purchasable","12":"product-type-simple"},"yoast_head":"<!-- This site is optimized with the Yoast SEO Premium plugin v23.3 (Yoast SEO v27.4) - https:\/\/yoast.com\/product\/yoast-seo-premium-wordpress\/ -->\n<title>Focalin 10 mg - Family Healthcare Pharmacy<\/title>\n<meta name=\"robots\" content=\"index, follow, max-snippet:-1, max-image-preview:large, max-video-preview:-1\" \/>\n<link rel=\"canonical\" href=\"https:\/\/weightlossmedssales.com\/product\/focalin-10-mg\/\" \/>\n<meta property=\"og:locale\" content=\"fr_FR\" \/>\n<meta property=\"og:type\" content=\"article\" \/>\n<meta property=\"og:title\" content=\"Focalin 10 mg\" \/>\n<meta property=\"og:description\" content=\"Focalin 10 mg \u00e0 vendre Le dexm\u00e9thylph\u00e9nidate (Focalin) est un m\u00e9dicament on\u00e9reux utilis\u00e9 pour traiter le trouble d\u00e9ficitaire de l&rsquo;attention avec hyperactivit\u00e9 (TDAH). Ce m\u00e9dicament est moins populaire que des m\u00e9dicaments comparables. Il est disponible en versions de marque et g\u00e9n\u00e9riques. La version la plus courante de Focalin est couverte par 73% des r\u00e9gimes d&rsquo;assurance ...\" \/>\n<meta property=\"og:url\" content=\"https:\/\/weightlossmedssales.com\/product\/focalin-10-mg\/\" \/>\n<meta property=\"og:site_name\" content=\"Family Healthcare Pharmacy\" \/>\n<meta name=\"twitter:card\" content=\"summary_large_image\" \/>\n<meta name=\"twitter:label1\" content=\"Prix\" \/>\n\t<meta name=\"twitter:data1\" content=\"&#036;2.50\" \/>\n\t<meta name=\"twitter:label2\" content=\"Disponibilit\u00e9\" \/>\n\t<meta name=\"twitter:data2\" content=\"En stock\" \/>\n<script type=\"application\/ld+json\" class=\"yoast-schema-graph\">{\"@context\":\"https:\\\/\\\/schema.org\",\"@graph\":[{\"@type\":\"WebPage\",\"@id\":\"https:\\\/\\\/weightlossmedssales.com\\\/product\\\/focalin-10-mg\\\/\",\"url\":\"https:\\\/\\\/weightlossmedssales.com\\\/product\\\/focalin-10-mg\\\/\",\"name\":\"Focalin 10 mg - Family Healthcare Pharmacy\",\"isPartOf\":{\"@id\":\"https:\\\/\\\/weightlossmedssales.com\\\/#website\"},\"primaryImageOfPage\":{\"@id\":\"https:\\\/\\\/weightlossmedssales.com\\\/product\\\/focalin-10-mg\\\/#primaryimage\"},\"image\":{\"@id\":\"https:\\\/\\\/weightlossmedssales.com\\\/product\\\/focalin-10-mg\\\/#primaryimage\"},\"thumbnailUrl\":\"https:\\\/\\\/weightlossmedssales.com\\\/wp-content\\\/uploads\\\/2025\\\/04\\\/Focalin-10-mg.jpg\",\"datePublished\":\"2025-04-18T10:52:59+00:00\",\"breadcrumb\":{\"@id\":\"https:\\\/\\\/weightlossmedssales.com\\\/product\\\/focalin-10-mg\\\/#breadcrumb\"},\"inLanguage\":\"fr-FR\",\"potentialAction\":[{\"@type\":\"ReadAction\",\"target\":[\"https:\\\/\\\/weightlossmedssales.com\\\/product\\\/focalin-10-mg\\\/\"]}]},{\"@type\":\"ImageObject\",\"inLanguage\":\"fr-FR\",\"@id\":\"https:\\\/\\\/weightlossmedssales.com\\\/product\\\/focalin-10-mg\\\/#primaryimage\",\"url\":\"https:\\\/\\\/weightlossmedssales.com\\\/wp-content\\\/uploads\\\/2025\\\/04\\\/Focalin-10-mg.jpg\",\"contentUrl\":\"https:\\\/\\\/weightlossmedssales.com\\\/wp-content\\\/uploads\\\/2025\\\/04\\\/Focalin-10-mg.jpg\",\"width\":847,\"height\":1200},{\"@type\":\"BreadcrumbList\",\"@id\":\"https:\\\/\\\/weightlossmedssales.com\\\/product\\\/focalin-10-mg\\\/#breadcrumb\",\"itemListElement\":[{\"@type\":\"ListItem\",\"position\":1,\"name\":\"Home\",\"item\":\"https:\\\/\\\/weightlossmedssales.com\\\/fr\\\/accueil\\\/\"},{\"@type\":\"ListItem\",\"position\":2,\"name\":\"Shop\",\"item\":\"https:\\\/\\\/weightlossmedssales.com\\\/shop\\\/\"},{\"@type\":\"ListItem\",\"position\":3,\"name\":\"Focalin 10 mg\"}]},{\"@type\":\"WebSite\",\"@id\":\"https:\\\/\\\/weightlossmedssales.com\\\/#website\",\"url\":\"https:\\\/\\\/weightlossmedssales.com\\\/\",\"name\":\"Family Healthcare Pharmacy\",\"description\":\"Weight Loss Medicines\",\"potentialAction\":[{\"@type\":\"SearchAction\",\"target\":{\"@type\":\"EntryPoint\",\"urlTemplate\":\"https:\\\/\\\/weightlossmedssales.com\\\/?s={search_term_string}\"},\"query-input\":{\"@type\":\"PropertyValueSpecification\",\"valueRequired\":true,\"valueName\":\"search_term_string\"}}],\"inLanguage\":\"fr-FR\"}]}<\/script>\n<meta property=\"product:price:amount\" content=\"2.50\" \/>\n<meta property=\"product:price:currency\" content=\"USD\" \/>\n<meta property=\"og:availability\" content=\"instock\" \/>\n<meta property=\"product:availability\" content=\"instock\" \/>\n<meta property=\"product:condition\" content=\"new\" \/>\n<!-- \/ Yoast SEO Premium plugin. -->","yoast_head_json":{"title":"Focalin 10 mg - Family Healthcare Pharmacy","robots":{"index":"index","follow":"follow","max-snippet":"max-snippet:-1","max-image-preview":"max-image-preview:large","max-video-preview":"max-video-preview:-1"},"canonical":"https:\/\/weightlossmedssales.com\/product\/focalin-10-mg\/","og_locale":"fr_FR","og_type":"article","og_title":"Focalin 10 mg","og_description":"Focalin 10 mg \u00e0 vendre Le dexm\u00e9thylph\u00e9nidate (Focalin) est un m\u00e9dicament on\u00e9reux utilis\u00e9 pour traiter le trouble d\u00e9ficitaire de l&rsquo;attention avec hyperactivit\u00e9 (TDAH). Ce m\u00e9dicament est moins populaire que des m\u00e9dicaments comparables. Il est disponible en versions de marque et g\u00e9n\u00e9riques. La version la plus courante de Focalin est couverte par 73% des r\u00e9gimes d&rsquo;assurance ...","og_url":"https:\/\/weightlossmedssales.com\/product\/focalin-10-mg\/","og_site_name":"Family Healthcare Pharmacy","twitter_card":"summary_large_image","twitter_misc":{"Prix":"&#36;2.50","Disponibilit\u00e9":"En stock"},"schema":{"@context":"https:\/\/schema.org","@graph":[{"@type":"WebPage","@id":"https:\/\/weightlossmedssales.com\/product\/focalin-10-mg\/","url":"https:\/\/weightlossmedssales.com\/product\/focalin-10-mg\/","name":"Focalin 10 mg - Family Healthcare Pharmacy","isPartOf":{"@id":"https:\/\/weightlossmedssales.com\/#website"},"primaryImageOfPage":{"@id":"https:\/\/weightlossmedssales.com\/product\/focalin-10-mg\/#primaryimage"},"image":{"@id":"https:\/\/weightlossmedssales.com\/product\/focalin-10-mg\/#primaryimage"},"thumbnailUrl":"https:\/\/weightlossmedssales.com\/wp-content\/uploads\/2025\/04\/Focalin-10-mg.jpg","datePublished":"2025-04-18T10:52:59+00:00","breadcrumb":{"@id":"https:\/\/weightlossmedssales.com\/product\/focalin-10-mg\/#breadcrumb"},"inLanguage":"fr-FR","potentialAction":[{"@type":"ReadAction","target":["https:\/\/weightlossmedssales.com\/product\/focalin-10-mg\/"]}]},{"@type":"ImageObject","inLanguage":"fr-FR","@id":"https:\/\/weightlossmedssales.com\/product\/focalin-10-mg\/#primaryimage","url":"https:\/\/weightlossmedssales.com\/wp-content\/uploads\/2025\/04\/Focalin-10-mg.jpg","contentUrl":"https:\/\/weightlossmedssales.com\/wp-content\/uploads\/2025\/04\/Focalin-10-mg.jpg","width":847,"height":1200},{"@type":"BreadcrumbList","@id":"https:\/\/weightlossmedssales.com\/product\/focalin-10-mg\/#breadcrumb","itemListElement":[{"@type":"ListItem","position":1,"name":"Home","item":"https:\/\/weightlossmedssales.com\/fr\/accueil\/"},{"@type":"ListItem","position":2,"name":"Shop","item":"https:\/\/weightlossmedssales.com\/shop\/"},{"@type":"ListItem","position":3,"name":"Focalin 10 mg"}]},{"@type":"WebSite","@id":"https:\/\/weightlossmedssales.com\/#website","url":"https:\/\/weightlossmedssales.com\/","name":"Family Healthcare Pharmacy","description":"Weight Loss Medicines","potentialAction":[{"@type":"SearchAction","target":{"@type":"EntryPoint","urlTemplate":"https:\/\/weightlossmedssales.com\/?s={search_term_string}"},"query-input":{"@type":"PropertyValueSpecification","valueRequired":true,"valueName":"search_term_string"}}],"inLanguage":"fr-FR"}]},"product_price_amount":"2.50","product_price_currency":"USD","og_availability":"instock","product_availability":"instock","product_condition":"new"},"_links":{"self":[{"href":"https:\/\/weightlossmedssales.com\/fr\/wp-json\/wp\/v2\/product\/1797","targetHints":{"allow":["GET"]}}],"collection":[{"href":"https:\/\/weightlossmedssales.com\/fr\/wp-json\/wp\/v2\/product"}],"about":[{"href":"https:\/\/weightlossmedssales.com\/fr\/wp-json\/wp\/v2\/types\/product"}],"replies":[{"embeddable":true,"href":"https:\/\/weightlossmedssales.com\/fr\/wp-json\/wp\/v2\/comments?post=1797"}],"version-history":[{"count":0,"href":"https:\/\/weightlossmedssales.com\/fr\/wp-json\/wp\/v2\/product\/1797\/revisions"}],"wp:featuredmedia":[{"embeddable":true,"href":"https:\/\/weightlossmedssales.com\/fr\/wp-json\/wp\/v2\/media\/1517"}],"wp:attachment":[{"href":"https:\/\/weightlossmedssales.com\/fr\/wp-json\/wp\/v2\/media?parent=1797"}],"wp:term":[{"taxonomy":"product_brand","embeddable":true,"href":"https:\/\/weightlossmedssales.com\/fr\/wp-json\/wp\/v2\/product_brand?post=1797"},{"taxonomy":"product_cat","embeddable":true,"href":"https:\/\/weightlossmedssales.com\/fr\/wp-json\/wp\/v2\/product_cat?post=1797"},{"taxonomy":"product_tag","embeddable":true,"href":"https:\/\/weightlossmedssales.com\/fr\/wp-json\/wp\/v2\/product_tag?post=1797"}],"curies":[{"name":"wp","href":"https:\/\/api.w.org\/{rel}","templated":true}]}}