{"id":1803,"date":"2025-04-18T10:35:14","date_gmt":"2025-04-18T10:35:14","guid":{"rendered":"https:\/\/weightlossmedssales.com\/product\/methadone-40-mg\/"},"modified":"2025-04-18T10:35:14","modified_gmt":"2025-04-18T10:35:14","slug":"methadone-40-mg","status":"publish","type":"product","link":"https:\/\/weightlossmedssales.com\/fr\/product\/methadone-40-mg\/","title":{"rendered":"M\u00e9thadone 40 MG"},"content":{"rendered":"<h1>Acheter de la m\u00e9thadone 40 mg en ligne<\/h1>\n<p>Achetez de la m\u00e9thadone en ligne. La m\u00e9thadone est un m\u00e9dicament sur ordonnance. C&rsquo;est un opio\u00efde, ce qui en fait une substance contr\u00f4l\u00e9e. Cela signifie que son utilisation sera \u00e9troitement surveill\u00e9e par votre m\u00e9decin.   <\/p>\n<p>La m\u00e9thadone se pr\u00e9sente sous forme de comprim\u00e9 oral, de comprim\u00e9 dispersible oral (comprim\u00e9 pouvant \u00eatre dissous dans un liquide), de solution concentr\u00e9e orale et de solution orale. La m\u00e9thadone existe \u00e9galement sous forme intraveineuse (IV), qui n&rsquo;est administr\u00e9e que par un professionnel de sant\u00e9. <\/p>\n<p>La m\u00e9thadone est disponible sous les noms de marque <strong>Methadose<\/strong> et <strong>Dolophine<\/strong>. Elle est \u00e9galement disponible sous forme de m\u00e9dicament g\u00e9n\u00e9rique. Les m\u00e9dicaments g\u00e9n\u00e9riques co\u00fbtent g\u00e9n\u00e9ralement moins cher que les versions de marque. Dans certains cas, ils peuvent ne pas \u00eatre disponibles dans tous les dosages ou toutes les formes des m\u00e9dicaments de marque.   <\/p>\n<h3>Pourquoi elle est utilis\u00e9e<\/h3>\n<p>Le comprim\u00e9 oral de m\u00e9thadone est utilis\u00e9 pour g\u00e9rer les douleurs mod\u00e9r\u00e9es \u00e0 s\u00e9v\u00e8res. Il n&rsquo;est administr\u00e9 que lorsque d&rsquo;autres analg\u00e9siques \u00e0 court terme ou non opio\u00efdes ne fonctionnent pas pour vous ou si vous ne pouvez pas les tol\u00e9rer. <\/p>\n<p>La m\u00e9thadone est \u00e9galement utilis\u00e9e pour g\u00e9rer la d\u00e9pendance aux drogues. Si vous \u00eates d\u00e9pendant \u00e0 un autre opio\u00efde, votre m\u00e9decin peut vous prescrire de la m\u00e9thadone pour \u00e9viter que vous n&rsquo;ayez des sympt\u00f4mes de sevrage s\u00e9v\u00e8res. <\/p>\n<h3>Mode de fonctionnement<\/h3>\n<p>La m\u00e9thadone appartient \u00e0 une classe de m\u00e9dicaments appel\u00e9s <a class=\"content-link css-5r4717\" href=\"https:\/\/www.healthline.com\/health\/opioids-list\" target=\"_blank\" rel=\"noopener noreferrer\">opio\u00efdes<\/a> (narcotiques). Une classe de m\u00e9dicaments est un groupe de m\u00e9dicaments qui agissent de mani\u00e8re similaire. Ces m\u00e9dicaments sont souvent utilis\u00e9s pour traiter des affections similaires.  <\/p>\n<p>La m\u00e9thadone agit sur les r\u00e9cepteurs de la douleur dans votre corps. Elle r\u00e9duit l&rsquo;intensit\u00e9 de la douleur que vous ressentez. <\/p>\n<p>La m\u00e9thadone peut \u00e9galement remplacer un autre m\u00e9dicament opio\u00efde auquel vous \u00eates d\u00e9pendant. Cela vous emp\u00eachera d&rsquo;avoir des sympt\u00f4mes de sevrage s\u00e9v\u00e8res. Achetez de la m\u00e9thadone en ligne.  <\/p>\n","protected":false},"excerpt":{"rendered":"<p>Acheter de la m\u00e9thadone 40 mg en ligne Achetez de la m\u00e9thadone en ligne. La m\u00e9thadone est un m\u00e9dicament sur ordonnance. C&rsquo;est un opio\u00efde, ce qui en fait une substance contr\u00f4l\u00e9e. Cela signifie que son utilisation sera \u00e9troitement surveill\u00e9e par votre m\u00e9decin. La m\u00e9thadone se pr\u00e9sente sous forme de comprim\u00e9 oral, de comprim\u00e9 dispersible oral &#8230;<\/p>\n","protected":false},"featured_media":1490,"menu_order":0,"comment_status":"open","ping_status":"closed","template":"","meta":[],"product_brand":[],"product_cat":[176],"product_tag":[],"class_list":{"0":"post-1803","1":"product","2":"type-product","3":"status-publish","4":"has-post-thumbnail","6":"product_cat-non-categorise","8":"first","9":"instock","10":"shipping-taxable","11":"purchasable","12":"product-type-simple"},"yoast_head":"<!-- This site is optimized with the Yoast SEO Premium plugin v23.3 (Yoast SEO v26.4) - https:\/\/yoast.com\/wordpress\/plugins\/seo\/ -->\n<title>Acheter de la m\u00e9thadone en ligne - M\u00e9thadone 40 mg \u00e0 vendre<\/title>\n<meta name=\"description\" content=\"Achetez de la m\u00e9thadone en ligne. Comprim\u00e9s de m\u00e9thadone 40 mg \u00e0 vendre en ligne sans ordonnance. Emballage et exp\u00e9dition discrets. Consultez-nous d\u00e8s maintenant pour plus d&#039;informations\" \/>\n<meta name=\"robots\" content=\"index, follow, max-snippet:-1, max-image-preview:large, max-video-preview:-1\" \/>\n<link rel=\"canonical\" href=\"https:\/\/weightlossmedssales.com\/fr\/product\/methadone-40-mg\/\" \/>\n<meta property=\"og:locale\" content=\"fr_FR\" \/>\n<meta property=\"og:type\" content=\"article\" \/>\n<meta property=\"og:title\" content=\"M\u00e9thadone 40 MG\" \/>\n<meta property=\"og:description\" content=\"Achetez de la m\u00e9thadone en ligne. Comprim\u00e9s de m\u00e9thadone 40 mg \u00e0 vendre en ligne sans ordonnance. Emballage et exp\u00e9dition discrets. Consultez-nous d\u00e8s maintenant pour plus d&#039;informations\" \/>\n<meta property=\"og:url\" content=\"https:\/\/weightlossmedssales.com\/fr\/product\/methadone-40-mg\/\" \/>\n<meta property=\"og:site_name\" content=\"Family Healthcare Pharmacy\" \/>\n<meta property=\"og:image\" content=\"https:\/\/weightlossmedssales.com\/wp-content\/uploads\/2025\/04\/Methadose-40mg-5-Disks-600x450-1.jpg\" \/>\n\t<meta property=\"og:image:width\" content=\"600\" \/>\n\t<meta property=\"og:image:height\" content=\"450\" \/>\n\t<meta property=\"og:image:type\" content=\"image\/jpeg\" \/>\n<meta name=\"twitter:card\" content=\"summary_large_image\" \/>\n<meta name=\"twitter:label1\" content=\"Prix\" \/>\n\t<meta name=\"twitter:data1\" content=\"&#036;2.00\" \/>\n\t<meta name=\"twitter:label2\" content=\"Disponibilit\u00e9\" \/>\n\t<meta name=\"twitter:data2\" content=\"En stock\" \/>\n<script type=\"application\/ld+json\" class=\"yoast-schema-graph\">{\"@context\":\"https:\/\/schema.org\",\"@graph\":[{\"@type\":\"WebPage\",\"@id\":\"https:\/\/weightlossmedssales.com\/fr\/product\/methadone-40-mg\/\",\"url\":\"https:\/\/weightlossmedssales.com\/fr\/product\/methadone-40-mg\/\",\"name\":\"Acheter de la m\u00e9thadone en ligne - M\u00e9thadone 40 mg \u00e0 vendre\",\"isPartOf\":{\"@id\":\"https:\/\/weightlossmedssales.com\/#website\"},\"primaryImageOfPage\":{\"@id\":\"https:\/\/weightlossmedssales.com\/fr\/product\/methadone-40-mg\/#primaryimage\"},\"image\":{\"@id\":\"https:\/\/weightlossmedssales.com\/fr\/product\/methadone-40-mg\/#primaryimage\"},\"thumbnailUrl\":\"https:\/\/weightlossmedssales.com\/wp-content\/uploads\/2025\/04\/Methadose-40mg-5-Disks-600x450-1.jpg\",\"datePublished\":\"2025-04-18T10:35:14+00:00\",\"description\":\"Achetez de la m\u00e9thadone en ligne. Comprim\u00e9s de m\u00e9thadone 40 mg \u00e0 vendre en ligne sans ordonnance. Emballage et exp\u00e9dition discrets. Consultez-nous d\u00e8s maintenant pour plus d'informations\",\"breadcrumb\":{\"@id\":\"https:\/\/weightlossmedssales.com\/fr\/product\/methadone-40-mg\/#breadcrumb\"},\"inLanguage\":\"fr-FR\",\"potentialAction\":[{\"@type\":\"ReadAction\",\"target\":[\"https:\/\/weightlossmedssales.com\/fr\/product\/methadone-40-mg\/\"]}]},{\"@type\":\"ImageObject\",\"inLanguage\":\"fr-FR\",\"@id\":\"https:\/\/weightlossmedssales.com\/fr\/product\/methadone-40-mg\/#primaryimage\",\"url\":\"https:\/\/weightlossmedssales.com\/wp-content\/uploads\/2025\/04\/Methadose-40mg-5-Disks-600x450-1.jpg\",\"contentUrl\":\"https:\/\/weightlossmedssales.com\/wp-content\/uploads\/2025\/04\/Methadose-40mg-5-Disks-600x450-1.jpg\",\"width\":600,\"height\":450},{\"@type\":\"BreadcrumbList\",\"@id\":\"https:\/\/weightlossmedssales.com\/fr\/product\/methadone-40-mg\/#breadcrumb\",\"itemListElement\":[{\"@type\":\"ListItem\",\"position\":1,\"name\":\"Home\",\"item\":\"https:\/\/weightlossmedssales.com\/fr\/accueil\/\"},{\"@type\":\"ListItem\",\"position\":2,\"name\":\"Shop\",\"item\":\"https:\/\/weightlossmedssales.com\/shop\/\"},{\"@type\":\"ListItem\",\"position\":3,\"name\":\"M\u00e9thadone 40 MG\"}]},{\"@type\":\"WebSite\",\"@id\":\"https:\/\/weightlossmedssales.com\/#website\",\"url\":\"https:\/\/weightlossmedssales.com\/\",\"name\":\"Family Healthcare Pharmacy\",\"description\":\"Weight Loss Medicines\",\"potentialAction\":[{\"@type\":\"SearchAction\",\"target\":{\"@type\":\"EntryPoint\",\"urlTemplate\":\"https:\/\/weightlossmedssales.com\/?s={search_term_string}\"},\"query-input\":{\"@type\":\"PropertyValueSpecification\",\"valueRequired\":true,\"valueName\":\"search_term_string\"}}],\"inLanguage\":\"fr-FR\"}]}<\/script>\n<meta property=\"product:price:amount\" content=\"2.00\" \/>\n<meta property=\"product:price:currency\" content=\"USD\" \/>\n<meta property=\"og:availability\" content=\"instock\" \/>\n<meta property=\"product:availability\" content=\"instock\" \/>\n<meta property=\"product:retailer_item_id\" content=\"SU51979\" \/>\n<meta property=\"product:condition\" content=\"new\" \/>\n<!-- \/ Yoast SEO Premium plugin. -->","yoast_head_json":{"title":"Acheter de la m\u00e9thadone en ligne - M\u00e9thadone 40 mg \u00e0 vendre","description":"Achetez de la m\u00e9thadone en ligne. Comprim\u00e9s de m\u00e9thadone 40 mg \u00e0 vendre en ligne sans ordonnance. Emballage et exp\u00e9dition discrets. Consultez-nous d\u00e8s maintenant pour plus d'informations","robots":{"index":"index","follow":"follow","max-snippet":"max-snippet:-1","max-image-preview":"max-image-preview:large","max-video-preview":"max-video-preview:-1"},"canonical":"https:\/\/weightlossmedssales.com\/fr\/product\/methadone-40-mg\/","og_locale":"fr_FR","og_type":"article","og_title":"M\u00e9thadone 40 MG","og_description":"Achetez de la m\u00e9thadone en ligne. Comprim\u00e9s de m\u00e9thadone 40 mg \u00e0 vendre en ligne sans ordonnance. Emballage et exp\u00e9dition discrets. Consultez-nous d\u00e8s maintenant pour plus d'informations","og_url":"https:\/\/weightlossmedssales.com\/fr\/product\/methadone-40-mg\/","og_site_name":"Family Healthcare Pharmacy","og_image":[{"width":600,"height":450,"url":"https:\/\/weightlossmedssales.com\/wp-content\/uploads\/2025\/04\/Methadose-40mg-5-Disks-600x450-1.jpg","type":"image\/jpeg"}],"twitter_card":"summary_large_image","twitter_misc":{"Prix":"&#36;2.00","Disponibilit\u00e9":"En stock"},"schema":{"@context":"https:\/\/schema.org","@graph":[{"@type":"WebPage","@id":"https:\/\/weightlossmedssales.com\/fr\/product\/methadone-40-mg\/","url":"https:\/\/weightlossmedssales.com\/fr\/product\/methadone-40-mg\/","name":"Acheter de la m\u00e9thadone en ligne - M\u00e9thadone 40 mg \u00e0 vendre","isPartOf":{"@id":"https:\/\/weightlossmedssales.com\/#website"},"primaryImageOfPage":{"@id":"https:\/\/weightlossmedssales.com\/fr\/product\/methadone-40-mg\/#primaryimage"},"image":{"@id":"https:\/\/weightlossmedssales.com\/fr\/product\/methadone-40-mg\/#primaryimage"},"thumbnailUrl":"https:\/\/weightlossmedssales.com\/wp-content\/uploads\/2025\/04\/Methadose-40mg-5-Disks-600x450-1.jpg","datePublished":"2025-04-18T10:35:14+00:00","description":"Achetez de la m\u00e9thadone en ligne. Comprim\u00e9s de m\u00e9thadone 40 mg \u00e0 vendre en ligne sans ordonnance. Emballage et exp\u00e9dition discrets. Consultez-nous d\u00e8s maintenant pour plus d'informations","breadcrumb":{"@id":"https:\/\/weightlossmedssales.com\/fr\/product\/methadone-40-mg\/#breadcrumb"},"inLanguage":"fr-FR","potentialAction":[{"@type":"ReadAction","target":["https:\/\/weightlossmedssales.com\/fr\/product\/methadone-40-mg\/"]}]},{"@type":"ImageObject","inLanguage":"fr-FR","@id":"https:\/\/weightlossmedssales.com\/fr\/product\/methadone-40-mg\/#primaryimage","url":"https:\/\/weightlossmedssales.com\/wp-content\/uploads\/2025\/04\/Methadose-40mg-5-Disks-600x450-1.jpg","contentUrl":"https:\/\/weightlossmedssales.com\/wp-content\/uploads\/2025\/04\/Methadose-40mg-5-Disks-600x450-1.jpg","width":600,"height":450},{"@type":"BreadcrumbList","@id":"https:\/\/weightlossmedssales.com\/fr\/product\/methadone-40-mg\/#breadcrumb","itemListElement":[{"@type":"ListItem","position":1,"name":"Home","item":"https:\/\/weightlossmedssales.com\/fr\/accueil\/"},{"@type":"ListItem","position":2,"name":"Shop","item":"https:\/\/weightlossmedssales.com\/shop\/"},{"@type":"ListItem","position":3,"name":"M\u00e9thadone 40 MG"}]},{"@type":"WebSite","@id":"https:\/\/weightlossmedssales.com\/#website","url":"https:\/\/weightlossmedssales.com\/","name":"Family Healthcare Pharmacy","description":"Weight Loss Medicines","potentialAction":[{"@type":"SearchAction","target":{"@type":"EntryPoint","urlTemplate":"https:\/\/weightlossmedssales.com\/?s={search_term_string}"},"query-input":{"@type":"PropertyValueSpecification","valueRequired":true,"valueName":"search_term_string"}}],"inLanguage":"fr-FR"}]},"product_price_amount":"2.00","product_price_currency":"USD","og_availability":"instock","product_availability":"instock","product_retailer_item_id":"SU51979","product_condition":"new"},"_links":{"self":[{"href":"https:\/\/weightlossmedssales.com\/fr\/wp-json\/wp\/v2\/product\/1803","targetHints":{"allow":["GET"]}}],"collection":[{"href":"https:\/\/weightlossmedssales.com\/fr\/wp-json\/wp\/v2\/product"}],"about":[{"href":"https:\/\/weightlossmedssales.com\/fr\/wp-json\/wp\/v2\/types\/product"}],"replies":[{"embeddable":true,"href":"https:\/\/weightlossmedssales.com\/fr\/wp-json\/wp\/v2\/comments?post=1803"}],"version-history":[{"count":0,"href":"https:\/\/weightlossmedssales.com\/fr\/wp-json\/wp\/v2\/product\/1803\/revisions"}],"wp:featuredmedia":[{"embeddable":true,"href":"https:\/\/weightlossmedssales.com\/fr\/wp-json\/wp\/v2\/media\/1490"}],"wp:attachment":[{"href":"https:\/\/weightlossmedssales.com\/fr\/wp-json\/wp\/v2\/media?parent=1803"}],"wp:term":[{"taxonomy":"product_brand","embeddable":true,"href":"https:\/\/weightlossmedssales.com\/fr\/wp-json\/wp\/v2\/product_brand?post=1803"},{"taxonomy":"product_cat","embeddable":true,"href":"https:\/\/weightlossmedssales.com\/fr\/wp-json\/wp\/v2\/product_cat?post=1803"},{"taxonomy":"product_tag","embeddable":true,"href":"https:\/\/weightlossmedssales.com\/fr\/wp-json\/wp\/v2\/product_tag?post=1803"}],"curies":[{"name":"wp","href":"https:\/\/api.w.org\/{rel}","templated":true}]}}