{"id":1804,"date":"2025-04-18T10:35:14","date_gmt":"2025-04-18T10:35:14","guid":{"rendered":"https:\/\/weightlossmedssales.com\/product\/vyvanse-50-mg\/"},"modified":"2025-04-18T10:35:14","modified_gmt":"2025-04-18T10:35:14","slug":"vyvanse-50-mg","status":"publish","type":"product","link":"https:\/\/weightlossmedssales.com\/fr\/product\/vyvanse-50-mg\/","title":{"rendered":"Vyvanse 50 mg"},"content":{"rendered":"<h2>Acheter du Vyvanse en ligne<\/h2>\n<p>Acheter du Vyvanse en ligne. Nous sommes des fournisseurs de premier ordre et les plus fiables de comprim\u00e9s et de g\u00e9lules de Vyvanse 50 mg en ligne \u00e0 des prix tr\u00e8s avantageux sans ordonnance. Nos services de livraison sont \u00e9conomiques, discrets et hautement s\u00e9curis\u00e9s. Vous n&rsquo;avez pas besoin d&rsquo;ordonnance pour commander chez nous. Il vous suffit d&rsquo;ajouter la quantit\u00e9 que vous souhaitez commander au panier, de passer \u00e0 la caisse, puis de finaliser votre commande. Nous sommes 100% authentiques et l\u00e9gitimes. Nous exp\u00e9dions vers toutes les r\u00e9gions des \u00c9tats-Unis le jour m\u00eame. Le taux de r\u00e9ussite des livraisons est de 100%. Nous avons \u00e9galement du <a href=\"https:\/\/suboxoneproducts.com\/product\/buy-vyvanse-70-mg-online\/\">Vyvanse 70 mg<\/a> en stock. <a href=\"https:\/\/suboxoneproducts.com\/product\/buy-vyvanse-online\/\">Acheter du Vyvanse en ligne<\/a>        <\/p>\n<h2>Vyvanse 50 mg<\/h2>\n<p>Ce m\u00e9dicament est un stimulant. On pense qu&rsquo;il agit en r\u00e9tablissant l&rsquo;\u00e9quilibre de certains neurotransmetteurs naturels dans le cerveau. Le VYVANSE (dim\u00e9sylate de lisdexamf\u00e9tamine), un stimulant du syst\u00e8me nerveux central, est destin\u00e9 \u00e0 une administration orale quotidienne. La d\u00e9signation chimique du dim\u00e9sylate de lisdexamf\u00e9tamine est (2S)-2,6-diamino-N-[(1S)-1-m\u00e9thyl-2-ph\u00e9nyl\u00e9thyl] hexanamide dim\u00e9thanesulfonate. La formule mol\u00e9culaire est C15H25N3O\u2022(CH4O3S)2, ce qui correspond \u00e0 un poids mol\u00e9culaire de 455,60.    <\/p>\n<h3>POSOLOGIE ET ADMINISTRATION<\/h3>\n<h4>D\u00e9pistage pr\u00e9-traitement<\/h4>\n<p>Avant de traiter les enfants, les adolescents et les adultes avec des stimulants du SNC, y compris le VYVANSE, \u00e9valuez la pr\u00e9sence de maladies cardiaques (par exemple, un historique d\u00e9taill\u00e9, des ant\u00e9c\u00e9dents familiaux de mort subite ou d&rsquo;<a href=\"https:\/\/www.rxlist.com\/script\/main\/art.asp?articlekey=26787\" rel=\"dict\">arythmie<\/a> <a href=\"https:\/\/www.rxlist.com\/script\/main\/art.asp?articlekey=2328\" rel=\"dict\">ventriculaire<\/a>, et un examen physique).<\/p>\n<p>Pour r\u00e9duire l&rsquo;abus de stimulants du SNC, y compris le VYVANSE, \u00e9valuez le risque d&rsquo;abus avant de prescrire. Apr\u00e8s la prescription, tenez des registres d\u00e9taill\u00e9s des ordonnances, \u00e9duquez les patients sur l&rsquo;abus, surveillez les signes d&rsquo;abus et de surdosage, et r\u00e9\u00e9valuez la n\u00e9cessit\u00e9 du VYVANSE. <\/p>\n<h4>Instructions g\u00e9n\u00e9rales d&rsquo;utilisation<\/h4>\n<p>Prenez le VYVANSE par voie orale le matin avec ou sans nourriture ; \u00e9vitez les doses l&rsquo;apr\u00e8s-midi en raison du risque potentiel d&rsquo;insomnie. Le VYVANSE peut \u00eatre administr\u00e9 de l&rsquo;une des mani\u00e8res suivantes : <\/p>\n<h5>Informations pour les g\u00e9lules de VYVANSE :<\/h5>\n<ul>\n<li>Avalez les g\u00e9lules de VYVANSE enti\u00e8res, ou<\/li>\n<li>Ouvrez les g\u00e9lules, videz et m\u00e9langez tout le contenu avec du yaourt, de l&rsquo;eau ou du jus d&rsquo;orange. Si le contenu de la g\u00e9lule comprend de la poudre compact\u00e9e, une cuill\u00e8re peut \u00eatre utilis\u00e9e pour briser la poudre. Le contenu doit \u00eatre m\u00e9lang\u00e9 jusqu&rsquo;\u00e0 dispersion compl\u00e8te. Consommez le m\u00e9lange entier <b>imm\u00e9diatement.<\/b> Il ne doit pas \u00eatre conserv\u00e9. Le principe actif se dissout compl\u00e8tement une fois dispers\u00e9 ; cependant, un film contenant les ingr\u00e9dients inactifs peut rester dans le verre ou le r\u00e9cipient une fois le m\u00e9lange consomm\u00e9.     <a href=\"https:\/\/buyadderall.online\/\">Acheter de l&rsquo;Adderall en ligne &#8211; Adderall en vente en ligne. Sans ordonnance <\/a><\/li>\n<\/ul>\n<h5>Informations pour les comprim\u00e9s \u00e0 croquer de VYVANSE :<\/h5>\n<p>Les g\u00e9lules de VYVANSE peuvent \u00eatre remplac\u00e9es par des comprim\u00e9s \u00e0 croquer de VYVANSE sur une base d&rsquo;unit\u00e9 par unit\u00e9\/mg par mg (par exemple, g\u00e9lules de 30 mg pour un comprim\u00e9 \u00e0 croquer de 30 mg).<\/p>\n<p>Ne prenez pas moins d&rsquo;une g\u00e9lule ou d&rsquo;un comprim\u00e9 \u00e0 croquer par jour. Une dose unique ne doit pas \u00eatre divis\u00e9e. <\/p>\n<h4>Posologie pour le traitement du TDAH<\/h4>\n<p>La dose initiale recommand\u00e9e est de 30 mg une fois par jour le matin chez les patients \u00e2g\u00e9s de 6 ans et plus. La posologie peut \u00eatre ajust\u00e9e par paliers de 10 mg ou 20 mg \u00e0 intervalles d&rsquo;environ une semaine jusqu&rsquo;\u00e0 une dose maximale de <a href=\"https:\/\/suboxoneproducts.com\/product\/vyvanse-70-mg\/\">Vyvanse 70 mg<\/a>\/jour <\/p>\n<h4>Posologie pour le traitement de l&rsquo;HB mod\u00e9r\u00e9e \u00e0 s\u00e9v\u00e8re chez l&rsquo;adulte<\/h4>\n<p>La dose initiale recommand\u00e9e est de 30 mg\/jour \u00e0 titrer par paliers de 20 mg \u00e0 intervalles d&rsquo;environ une semaine pour atteindre la dose cible recommand\u00e9e de 50 \u00e0 70 mg\/jour. La dose maximale est de 70 mg\/jour. Arr\u00eatez le VYVANSE si l&rsquo;hyperphagie boulimique ne s&rsquo;am\u00e9liore pas.  <\/p>\n<h3>Utilisations du Vyvanse<\/h3>\n<p>La lisdexamf\u00e9tamine est utilis\u00e9e pour traiter le trouble d\u00e9ficitaire de l&rsquo;attention avec hyperactivit\u00e9 (TDAH) dans le cadre d&rsquo;un plan de traitement global, comprenant des traitements psychologiques, sociaux et autres. Elle peut aider \u00e0 augmenter la capacit\u00e9 d&rsquo;attention, de concentration et \u00e0 r\u00e9duire l&rsquo;agitation. La lisdexamf\u00e9tamine peut \u00e9galement \u00eatre utilis\u00e9e pour traiter l&rsquo;hyperphagie boulimique (HB). Elle peut aider \u00e0 r\u00e9duire le nombre de jours d&rsquo;hyperphagie.   <\/p>\n<h3>Comment utiliser le Vyvanse<\/h3>\n<p>Prenez ce m\u00e9dicament avec ou sans nourriture selon les indications de votre m\u00e9decin, g\u00e9n\u00e9ralement une fois par jour le matin. Ne prenez pas ce m\u00e9dicament l&rsquo;apr\u00e8s-midi ou le soir car il pourrait vous causer des difficult\u00e9s \u00e0 dormir. La posologie est bas\u00e9e sur votre condition m\u00e9dicale et votre r\u00e9ponse au traitement. Votre m\u00e9decin peut ajuster votre dose pour trouver celle qui vous convient le mieux. Suivez attentivement les instructions de votre m\u00e9decin.    <\/p>\n<p>Si vous prenez le comprim\u00e9 \u00e0 croquer, m\u00e2chez-le soigneusement puis avalez-le.<\/p>\n<h2>Acheter Vyvanse en ligne<\/h2>\n<p>Si vous prenez la forme en g\u00e9lule de ce m\u00e9dicament, avalez la g\u00e9lule enti\u00e8re. Cependant, si vous avez des difficult\u00e9s \u00e0 avaler la g\u00e9lule, vous pouvez l&rsquo;ouvrir et verser tout son contenu (poudre) dans un verre d&rsquo;eau ou de jus d&rsquo;orange, ou le m\u00e9langer dans un yaourt. Remuez bien jusqu&rsquo;\u00e0 ce que le contenu se dissolve compl\u00e8tement. Buvez ou mangez le m\u00e9lange imm\u00e9diatement. Ne pr\u00e9parez pas une r\u00e9serve \u00e0 l&rsquo;avance. Il est normal de voir un rev\u00eatement filmog\u00e8ne \u00e0 l&rsquo;int\u00e9rieur de votre verre ou r\u00e9cipient apr\u00e8s avoir bu ou mang\u00e9 tout le m\u00e9dicament.     <\/p>\n<p>Utilisez ce m\u00e9dicament r\u00e9guli\u00e8rement pour en tirer le meilleur b\u00e9n\u00e9fice. Pour vous aider \u00e0 vous en souvenir, prenez-le \u00e0 la m\u00eame heure chaque jour. <\/p>\n<p>Pendant le traitement, votre m\u00e9decin peut occasionnellement recommander d&rsquo;arr\u00eater le m\u00e9dicament pendant une courte p\u00e9riode pour voir s&rsquo;il y a des changements dans votre comportement et si le m\u00e9dicament est toujours n\u00e9cessaire.<\/p>\n<h2>Vyvanse en vente<\/h2>\n<p>Ce m\u00e9dicament peut provoquer des r\u00e9actions de sevrage, en particulier s&rsquo;il a \u00e9t\u00e9 utilis\u00e9 r\u00e9guli\u00e8rement pendant une longue p\u00e9riode ou \u00e0 fortes doses. Dans de tels cas, des sympt\u00f4mes de sevrage (y compris une fatigue s\u00e9v\u00e8re, des probl\u00e8mes de sommeil, des changements mentaux\/d&rsquo;humeur tels que la d\u00e9pression) peuvent survenir si vous arr\u00eatez soudainement ce m\u00e9dicament. Pour pr\u00e9venir les r\u00e9actions de sevrage, votre m\u00e9decin peut r\u00e9duire progressivement votre dose. Consultez votre m\u00e9decin ou votre pharmacien pour plus de d\u00e9tails, et signalez imm\u00e9diatement toute r\u00e9action de sevrage.   <\/p>\n<p>Bien qu&rsquo;il aide de nombreuses personnes, ce m\u00e9dicament peut parfois entra\u00eener une d\u00e9pendance. Ce risque peut \u00eatre plus \u00e9lev\u00e9 si vous avez un trouble li\u00e9 \u00e0 l&rsquo;usage de substances (comme une surconsommation ou une d\u00e9pendance aux drogues\/\u00e0 l&rsquo;alcool). N&rsquo;augmentez pas votre dose, ne le prenez pas plus souvent, ou ne l&rsquo;utilisez pas plus longtemps que prescrit. Arr\u00eatez correctement le m\u00e9dicament lorsque cela vous est indiqu\u00e9.   <\/p>\n<p>Lorsque ce m\u00e9dicament est utilis\u00e9 pendant une longue p\u00e9riode, il peut ne plus \u00eatre aussi efficace. Parlez-en \u00e0 votre m\u00e9decin si ce m\u00e9dicament cesse d&rsquo;\u00eatre efficace. Acheter Vyvanse en ligne  <\/p>\n","protected":false},"excerpt":{"rendered":"<p><strong>Produit : Vyvanse <\/strong><br \/>\n<strong>Dosage : 50 MG<\/strong><br \/>\n<strong>Conditionnement : 100 G\u00e9lules<\/strong><br \/>\n<strong>Sans ordonnance.<\/strong><\/p>\n","protected":false},"featured_media":1478,"menu_order":0,"comment_status":"open","ping_status":"closed","template":"","meta":[],"product_brand":[],"product_cat":[176],"product_tag":[],"class_list":{"0":"post-1804","1":"product","2":"type-product","3":"status-publish","4":"has-post-thumbnail","6":"product_cat-non-categorise","8":"first","9":"instock","10":"shipping-taxable","11":"purchasable","12":"product-type-simple"},"yoast_head":"<!-- This site is optimized with the Yoast SEO Premium plugin v23.3 (Yoast SEO v26.4) - https:\/\/yoast.com\/wordpress\/plugins\/seo\/ -->\n<title>Acheter du Vyvanse en ligne - Vyvanse 50 mg en vente en ligne sans ordonnance<\/title>\n<meta name=\"description\" content=\"Acheter du Vyvanse en ligne. Vyvanse \u00e0 vendre. Nous fournissons des g\u00e9lules de Vyvanse 50 mg en ligne \u00e0 des prix tr\u00e8s avantageux sans ordonnance. Exp\u00e9dition le jour m\u00eame\" \/>\n<meta name=\"robots\" content=\"index, follow, max-snippet:-1, max-image-preview:large, max-video-preview:-1\" \/>\n<link rel=\"canonical\" href=\"https:\/\/weightlossmedssales.com\/fr\/product\/vyvanse-50-mg\/\" \/>\n<meta property=\"og:locale\" content=\"fr_FR\" \/>\n<meta property=\"og:type\" content=\"article\" \/>\n<meta property=\"og:title\" content=\"Vyvanse 50 mg\" \/>\n<meta property=\"og:description\" content=\"Acheter du Vyvanse en ligne. Vyvanse \u00e0 vendre. Nous fournissons des g\u00e9lules de Vyvanse 50 mg en ligne \u00e0 des prix tr\u00e8s avantageux sans ordonnance. Exp\u00e9dition le jour m\u00eame\" \/>\n<meta property=\"og:url\" content=\"https:\/\/weightlossmedssales.com\/fr\/product\/vyvanse-50-mg\/\" \/>\n<meta property=\"og:site_name\" content=\"Family Healthcare Pharmacy\" \/>\n<meta property=\"og:image\" content=\"https:\/\/weightlossmedssales.com\/wp-content\/uploads\/2025\/04\/vyvanse-50-mg-1-scaled-e1679018829909.jpg\" \/>\n\t<meta property=\"og:image:width\" content=\"1600\" \/>\n\t<meta property=\"og:image:height\" content=\"1200\" \/>\n\t<meta property=\"og:image:type\" content=\"image\/jpeg\" \/>\n<meta name=\"twitter:card\" content=\"summary_large_image\" \/>\n<meta name=\"twitter:label1\" content=\"Prix\" \/>\n\t<meta name=\"twitter:data1\" content=\"&#036;2.30\" \/>\n\t<meta name=\"twitter:label2\" content=\"Disponibilit\u00e9\" \/>\n\t<meta name=\"twitter:data2\" content=\"En stock\" \/>\n<script type=\"application\/ld+json\" class=\"yoast-schema-graph\">{\"@context\":\"https:\/\/schema.org\",\"@graph\":[{\"@type\":\"WebPage\",\"@id\":\"https:\/\/weightlossmedssales.com\/fr\/product\/vyvanse-50-mg\/\",\"url\":\"https:\/\/weightlossmedssales.com\/fr\/product\/vyvanse-50-mg\/\",\"name\":\"Acheter du Vyvanse en ligne - Vyvanse 50 mg en vente en ligne sans ordonnance\",\"isPartOf\":{\"@id\":\"https:\/\/weightlossmedssales.com\/#website\"},\"primaryImageOfPage\":{\"@id\":\"https:\/\/weightlossmedssales.com\/fr\/product\/vyvanse-50-mg\/#primaryimage\"},\"image\":{\"@id\":\"https:\/\/weightlossmedssales.com\/fr\/product\/vyvanse-50-mg\/#primaryimage\"},\"thumbnailUrl\":\"https:\/\/weightlossmedssales.com\/wp-content\/uploads\/2025\/04\/vyvanse-50-mg-1-scaled-e1679018829909.jpg\",\"datePublished\":\"2025-04-18T10:35:14+00:00\",\"description\":\"Acheter du Vyvanse en ligne. Vyvanse \u00e0 vendre. Nous fournissons des g\u00e9lules de Vyvanse 50 mg en ligne \u00e0 des prix tr\u00e8s avantageux sans ordonnance. Exp\u00e9dition le jour m\u00eame\",\"breadcrumb\":{\"@id\":\"https:\/\/weightlossmedssales.com\/fr\/product\/vyvanse-50-mg\/#breadcrumb\"},\"inLanguage\":\"fr-FR\",\"potentialAction\":[{\"@type\":\"ReadAction\",\"target\":[\"https:\/\/weightlossmedssales.com\/fr\/product\/vyvanse-50-mg\/\"]}]},{\"@type\":\"ImageObject\",\"inLanguage\":\"fr-FR\",\"@id\":\"https:\/\/weightlossmedssales.com\/fr\/product\/vyvanse-50-mg\/#primaryimage\",\"url\":\"https:\/\/weightlossmedssales.com\/wp-content\/uploads\/2025\/04\/vyvanse-50-mg-1-scaled-e1679018829909.jpg\",\"contentUrl\":\"https:\/\/weightlossmedssales.com\/wp-content\/uploads\/2025\/04\/vyvanse-50-mg-1-scaled-e1679018829909.jpg\",\"width\":1600,\"height\":1200},{\"@type\":\"BreadcrumbList\",\"@id\":\"https:\/\/weightlossmedssales.com\/fr\/product\/vyvanse-50-mg\/#breadcrumb\",\"itemListElement\":[{\"@type\":\"ListItem\",\"position\":1,\"name\":\"Home\",\"item\":\"https:\/\/weightlossmedssales.com\/fr\/accueil\/\"},{\"@type\":\"ListItem\",\"position\":2,\"name\":\"Shop\",\"item\":\"https:\/\/weightlossmedssales.com\/shop\/\"},{\"@type\":\"ListItem\",\"position\":3,\"name\":\"Vyvanse 50 mg\"}]},{\"@type\":\"WebSite\",\"@id\":\"https:\/\/weightlossmedssales.com\/#website\",\"url\":\"https:\/\/weightlossmedssales.com\/\",\"name\":\"Family Healthcare Pharmacy\",\"description\":\"Weight Loss Medicines\",\"potentialAction\":[{\"@type\":\"SearchAction\",\"target\":{\"@type\":\"EntryPoint\",\"urlTemplate\":\"https:\/\/weightlossmedssales.com\/?s={search_term_string}\"},\"query-input\":{\"@type\":\"PropertyValueSpecification\",\"valueRequired\":true,\"valueName\":\"search_term_string\"}}],\"inLanguage\":\"fr-FR\"}]}<\/script>\n<meta property=\"product:price:amount\" content=\"2.30\" \/>\n<meta property=\"product:price:currency\" content=\"USD\" \/>\n<meta property=\"og:availability\" content=\"instock\" \/>\n<meta property=\"product:availability\" content=\"instock\" \/>\n<meta property=\"product:retailer_item_id\" content=\"SU93476\" \/>\n<meta property=\"product:condition\" content=\"new\" \/>\n<!-- \/ Yoast SEO Premium plugin. -->","yoast_head_json":{"title":"Acheter du Vyvanse en ligne - Vyvanse 50 mg en vente en ligne sans ordonnance","description":"Acheter du Vyvanse en ligne. Vyvanse \u00e0 vendre. Nous fournissons des g\u00e9lules de Vyvanse 50 mg en ligne \u00e0 des prix tr\u00e8s avantageux sans ordonnance. Exp\u00e9dition le jour m\u00eame","robots":{"index":"index","follow":"follow","max-snippet":"max-snippet:-1","max-image-preview":"max-image-preview:large","max-video-preview":"max-video-preview:-1"},"canonical":"https:\/\/weightlossmedssales.com\/fr\/product\/vyvanse-50-mg\/","og_locale":"fr_FR","og_type":"article","og_title":"Vyvanse 50 mg","og_description":"Acheter du Vyvanse en ligne. Vyvanse \u00e0 vendre. Nous fournissons des g\u00e9lules de Vyvanse 50 mg en ligne \u00e0 des prix tr\u00e8s avantageux sans ordonnance. Exp\u00e9dition le jour m\u00eame","og_url":"https:\/\/weightlossmedssales.com\/fr\/product\/vyvanse-50-mg\/","og_site_name":"Family Healthcare Pharmacy","og_image":[{"width":1600,"height":1200,"url":"https:\/\/weightlossmedssales.com\/wp-content\/uploads\/2025\/04\/vyvanse-50-mg-1-scaled-e1679018829909.jpg","type":"image\/jpeg"}],"twitter_card":"summary_large_image","twitter_misc":{"Prix":"&#36;2.30","Disponibilit\u00e9":"En stock"},"schema":{"@context":"https:\/\/schema.org","@graph":[{"@type":"WebPage","@id":"https:\/\/weightlossmedssales.com\/fr\/product\/vyvanse-50-mg\/","url":"https:\/\/weightlossmedssales.com\/fr\/product\/vyvanse-50-mg\/","name":"Acheter du Vyvanse en ligne - Vyvanse 50 mg en vente en ligne sans ordonnance","isPartOf":{"@id":"https:\/\/weightlossmedssales.com\/#website"},"primaryImageOfPage":{"@id":"https:\/\/weightlossmedssales.com\/fr\/product\/vyvanse-50-mg\/#primaryimage"},"image":{"@id":"https:\/\/weightlossmedssales.com\/fr\/product\/vyvanse-50-mg\/#primaryimage"},"thumbnailUrl":"https:\/\/weightlossmedssales.com\/wp-content\/uploads\/2025\/04\/vyvanse-50-mg-1-scaled-e1679018829909.jpg","datePublished":"2025-04-18T10:35:14+00:00","description":"Acheter du Vyvanse en ligne. Vyvanse \u00e0 vendre. Nous fournissons des g\u00e9lules de Vyvanse 50 mg en ligne \u00e0 des prix tr\u00e8s avantageux sans ordonnance. Exp\u00e9dition le jour m\u00eame","breadcrumb":{"@id":"https:\/\/weightlossmedssales.com\/fr\/product\/vyvanse-50-mg\/#breadcrumb"},"inLanguage":"fr-FR","potentialAction":[{"@type":"ReadAction","target":["https:\/\/weightlossmedssales.com\/fr\/product\/vyvanse-50-mg\/"]}]},{"@type":"ImageObject","inLanguage":"fr-FR","@id":"https:\/\/weightlossmedssales.com\/fr\/product\/vyvanse-50-mg\/#primaryimage","url":"https:\/\/weightlossmedssales.com\/wp-content\/uploads\/2025\/04\/vyvanse-50-mg-1-scaled-e1679018829909.jpg","contentUrl":"https:\/\/weightlossmedssales.com\/wp-content\/uploads\/2025\/04\/vyvanse-50-mg-1-scaled-e1679018829909.jpg","width":1600,"height":1200},{"@type":"BreadcrumbList","@id":"https:\/\/weightlossmedssales.com\/fr\/product\/vyvanse-50-mg\/#breadcrumb","itemListElement":[{"@type":"ListItem","position":1,"name":"Home","item":"https:\/\/weightlossmedssales.com\/fr\/accueil\/"},{"@type":"ListItem","position":2,"name":"Shop","item":"https:\/\/weightlossmedssales.com\/shop\/"},{"@type":"ListItem","position":3,"name":"Vyvanse 50 mg"}]},{"@type":"WebSite","@id":"https:\/\/weightlossmedssales.com\/#website","url":"https:\/\/weightlossmedssales.com\/","name":"Family Healthcare Pharmacy","description":"Weight Loss Medicines","potentialAction":[{"@type":"SearchAction","target":{"@type":"EntryPoint","urlTemplate":"https:\/\/weightlossmedssales.com\/?s={search_term_string}"},"query-input":{"@type":"PropertyValueSpecification","valueRequired":true,"valueName":"search_term_string"}}],"inLanguage":"fr-FR"}]},"product_price_amount":"2.30","product_price_currency":"USD","og_availability":"instock","product_availability":"instock","product_retailer_item_id":"SU93476","product_condition":"new"},"_links":{"self":[{"href":"https:\/\/weightlossmedssales.com\/fr\/wp-json\/wp\/v2\/product\/1804","targetHints":{"allow":["GET"]}}],"collection":[{"href":"https:\/\/weightlossmedssales.com\/fr\/wp-json\/wp\/v2\/product"}],"about":[{"href":"https:\/\/weightlossmedssales.com\/fr\/wp-json\/wp\/v2\/types\/product"}],"replies":[{"embeddable":true,"href":"https:\/\/weightlossmedssales.com\/fr\/wp-json\/wp\/v2\/comments?post=1804"}],"version-history":[{"count":0,"href":"https:\/\/weightlossmedssales.com\/fr\/wp-json\/wp\/v2\/product\/1804\/revisions"}],"wp:featuredmedia":[{"embeddable":true,"href":"https:\/\/weightlossmedssales.com\/fr\/wp-json\/wp\/v2\/media\/1478"}],"wp:attachment":[{"href":"https:\/\/weightlossmedssales.com\/fr\/wp-json\/wp\/v2\/media?parent=1804"}],"wp:term":[{"taxonomy":"product_brand","embeddable":true,"href":"https:\/\/weightlossmedssales.com\/fr\/wp-json\/wp\/v2\/product_brand?post=1804"},{"taxonomy":"product_cat","embeddable":true,"href":"https:\/\/weightlossmedssales.com\/fr\/wp-json\/wp\/v2\/product_cat?post=1804"},{"taxonomy":"product_tag","embeddable":true,"href":"https:\/\/weightlossmedssales.com\/fr\/wp-json\/wp\/v2\/product_tag?post=1804"}],"curies":[{"name":"wp","href":"https:\/\/api.w.org\/{rel}","templated":true}]}}