{"id":1817,"date":"2025-04-18T10:35:14","date_gmt":"2025-04-18T10:35:14","guid":{"rendered":"https:\/\/weightlossmedssales.com\/product\/adderall-30-mg\/"},"modified":"2025-04-18T10:35:14","modified_gmt":"2025-04-18T10:35:14","slug":"adderall-30-mg","status":"publish","type":"product","link":"https:\/\/weightlossmedssales.com\/fr\/product\/adderall-30-mg\/","title":{"rendered":"Adderall 30 mg"},"content":{"rendered":"<h1>Comprim\u00e9s d&rsquo;Adderall 30 mg<\/h1>\n<p>Acheter Adderall en ligne. Adderall XR (lib\u00e9ration prolong\u00e9e) et Mydayis sont des m\u00e9dicaments combin\u00e9s contenant quatre sels des deux \u00e9nantiom\u00e8res d&rsquo;amph\u00e9tamine, un stimulant du syst\u00e8me nerveux central (SNC) de la classe des ph\u00e9n\u00e9thylamines. L&rsquo;Adderall est utilis\u00e9 dans le traitement du trouble d\u00e9ficitaire de l&rsquo;attention avec hyperactivit\u00e9 (TDAH) et de la narcolepsie. Il est \u00e9galement utilis\u00e9 comme am\u00e9liorateur de performances athl\u00e9tiques et cognitives, ainsi qu&rsquo;\u00e0 des fins r\u00e9cr\u00e9atives comme aphrodisiaque et euphorisant. En termes de contenu en sel, les ingr\u00e9dients actifs sont compos\u00e9s de 25% de sels de l\u00e9voamph\u00e9tamine (l&rsquo;\u00e9nantiom\u00e8re l\u00e9vogyre ou &lsquo;gauche&rsquo;) et de 75% de sels de dextroamph\u00e9tamine (l&rsquo;\u00e9nantiom\u00e8re dextrogyre ou &lsquo;droit&rsquo;)    <\/p>\n<h2>Adderall \u00e0 vendre<\/h2>\n<p>Nous fournissons des comprim\u00e9s d&rsquo;Adderall 30 mg en ligne \u00e0 des prix tr\u00e8s bas et abordables sans ordonnance. Il vous suffit de passer votre commande sur notre site web, d&rsquo;envoyer le paiement et nous exp\u00e9dierons votre commande. Nous proposons une livraison sous 24 heures aux \u00c9tats-Unis et en 3 jours dans le monde entier.  <\/p>\n<div><\/div>\n<p>Les comprim\u00e9s oraux d&rsquo;Adderall et les g\u00e9lules \u00e0 lib\u00e9ration prolong\u00e9e Adderall XR sont tous deux disponibles sous forme g\u00e9n\u00e9rique. Le nom g\u00e9n\u00e9rique du m\u00e9dicament, tant pour le comprim\u00e9 que pour la g\u00e9lule, est sels d&rsquo;amph\u00e9tamine\/dextroamph\u00e9tamine. <\/p>\n<p>Les m\u00e9dicaments g\u00e9n\u00e9riques co\u00fbtent g\u00e9n\u00e9ralement moins cher que la version de marque. Dans certains cas, le m\u00e9dicament de marque et la version g\u00e9n\u00e9rique peuvent \u00eatre disponibles sous diff\u00e9rentes formes et dosages. <\/p>\n<h3>Ingr\u00e9dients de l&rsquo;Adderall<\/h3>\n<p>L&rsquo;Adderall contient un m\u00e9lange de diff\u00e9rentes formes d&rsquo;amph\u00e9tamine et de dextroamph\u00e9tamine. Plus pr\u00e9cis\u00e9ment, ces formes comprennent l&rsquo;aspartate d&rsquo;amph\u00e9tamine, le sulfate d&rsquo;amph\u00e9tamine, le saccharate de dextroamph\u00e9tamine et le sulfate de dextroamph\u00e9tamine. Acheter adderall en ligne  <\/p>\n","protected":false},"excerpt":{"rendered":"<p><strong>Produit : Adderall<\/strong><br \/>\n<strong>Dosage : 30 MG<br \/>\nCouleur : Orange<\/strong><br \/>\n<strong>Commande minimum : 100 comprim\u00e9s<\/strong><\/p>\n<p>&nbsp;<\/p>\n","protected":false},"featured_media":1487,"menu_order":0,"comment_status":"open","ping_status":"closed","template":"","meta":[],"product_brand":[],"product_cat":[183],"product_tag":[],"class_list":{"0":"post-1817","1":"product","2":"type-product","3":"status-publish","4":"has-post-thumbnail","6":"product_cat-produits-suboxone","8":"first","9":"instock","10":"shipping-taxable","11":"purchasable","12":"product-type-simple"},"yoast_head":"<!-- This site is optimized with the Yoast SEO Premium plugin v23.3 (Yoast SEO v26.4) - https:\/\/yoast.com\/wordpress\/plugins\/seo\/ -->\n<title>Acheter Adderall en ligne - Adderall \u00e0 vendre. Informations sur Adderall<\/title>\n<meta name=\"description\" content=\"Acheter Adderall en ligne. Nous sommes les principaux fournisseurs de comprim\u00e9s d&#039;Adderall 30 mg en ligne sans ordonnance. Exp\u00e9dition discr\u00e8te le jour suivant. Plus d&#039;informations\" \/>\n<meta name=\"robots\" content=\"index, follow, max-snippet:-1, max-image-preview:large, max-video-preview:-1\" \/>\n<link rel=\"canonical\" href=\"https:\/\/weightlossmedssales.com\/fr\/product\/adderall-30-mg\/\" \/>\n<meta property=\"og:locale\" content=\"fr_FR\" \/>\n<meta property=\"og:type\" content=\"article\" \/>\n<meta property=\"og:title\" content=\"Adderall 30 mg\" \/>\n<meta property=\"og:description\" content=\"Acheter Adderall en ligne. Nous sommes les principaux fournisseurs de comprim\u00e9s d&#039;Adderall 30 mg en ligne sans ordonnance. Exp\u00e9dition discr\u00e8te le jour suivant. Plus d&#039;informations\" \/>\n<meta property=\"og:url\" content=\"https:\/\/weightlossmedssales.com\/fr\/product\/adderall-30-mg\/\" \/>\n<meta property=\"og:site_name\" content=\"Family Healthcare Pharmacy\" \/>\n<meta property=\"og:image\" content=\"https:\/\/weightlossmedssales.com\/wp-content\/uploads\/2025\/04\/adderall-30-mg.jpg\" \/>\n\t<meta property=\"og:image:width\" content=\"960\" \/>\n\t<meta property=\"og:image:height\" content=\"1280\" \/>\n\t<meta property=\"og:image:type\" content=\"image\/jpeg\" \/>\n<meta name=\"twitter:card\" content=\"summary_large_image\" \/>\n<meta name=\"twitter:label1\" content=\"Prix\" \/>\n\t<meta name=\"twitter:data1\" content=\"&#036;2.50\" \/>\n\t<meta name=\"twitter:label2\" content=\"Disponibilit\u00e9\" \/>\n\t<meta name=\"twitter:data2\" content=\"En stock\" \/>\n<script type=\"application\/ld+json\" class=\"yoast-schema-graph\">{\"@context\":\"https:\/\/schema.org\",\"@graph\":[{\"@type\":\"WebPage\",\"@id\":\"https:\/\/weightlossmedssales.com\/fr\/product\/adderall-30-mg\/\",\"url\":\"https:\/\/weightlossmedssales.com\/fr\/product\/adderall-30-mg\/\",\"name\":\"Acheter Adderall en ligne - Adderall \u00e0 vendre. Informations sur Adderall\",\"isPartOf\":{\"@id\":\"https:\/\/weightlossmedssales.com\/#website\"},\"primaryImageOfPage\":{\"@id\":\"https:\/\/weightlossmedssales.com\/fr\/product\/adderall-30-mg\/#primaryimage\"},\"image\":{\"@id\":\"https:\/\/weightlossmedssales.com\/fr\/product\/adderall-30-mg\/#primaryimage\"},\"thumbnailUrl\":\"https:\/\/weightlossmedssales.com\/wp-content\/uploads\/2025\/04\/adderall-30-mg.jpg\",\"datePublished\":\"2025-04-18T10:35:14+00:00\",\"description\":\"Acheter Adderall en ligne. Nous sommes les principaux fournisseurs de comprim\u00e9s d'Adderall 30 mg en ligne sans ordonnance. Exp\u00e9dition discr\u00e8te le jour suivant. Plus d'informations\",\"breadcrumb\":{\"@id\":\"https:\/\/weightlossmedssales.com\/fr\/product\/adderall-30-mg\/#breadcrumb\"},\"inLanguage\":\"fr-FR\",\"potentialAction\":[{\"@type\":\"ReadAction\",\"target\":[\"https:\/\/weightlossmedssales.com\/fr\/product\/adderall-30-mg\/\"]}]},{\"@type\":\"ImageObject\",\"inLanguage\":\"fr-FR\",\"@id\":\"https:\/\/weightlossmedssales.com\/fr\/product\/adderall-30-mg\/#primaryimage\",\"url\":\"https:\/\/weightlossmedssales.com\/wp-content\/uploads\/2025\/04\/adderall-30-mg.jpg\",\"contentUrl\":\"https:\/\/weightlossmedssales.com\/wp-content\/uploads\/2025\/04\/adderall-30-mg.jpg\",\"width\":960,\"height\":1280},{\"@type\":\"BreadcrumbList\",\"@id\":\"https:\/\/weightlossmedssales.com\/fr\/product\/adderall-30-mg\/#breadcrumb\",\"itemListElement\":[{\"@type\":\"ListItem\",\"position\":1,\"name\":\"Home\",\"item\":\"https:\/\/weightlossmedssales.com\/fr\/accueil\/\"},{\"@type\":\"ListItem\",\"position\":2,\"name\":\"Shop\",\"item\":\"https:\/\/weightlossmedssales.com\/shop\/\"},{\"@type\":\"ListItem\",\"position\":3,\"name\":\"Adderall 30 mg\"}]},{\"@type\":\"WebSite\",\"@id\":\"https:\/\/weightlossmedssales.com\/#website\",\"url\":\"https:\/\/weightlossmedssales.com\/\",\"name\":\"Family Healthcare Pharmacy\",\"description\":\"Weight Loss Medicines\",\"potentialAction\":[{\"@type\":\"SearchAction\",\"target\":{\"@type\":\"EntryPoint\",\"urlTemplate\":\"https:\/\/weightlossmedssales.com\/?s={search_term_string}\"},\"query-input\":{\"@type\":\"PropertyValueSpecification\",\"valueRequired\":true,\"valueName\":\"search_term_string\"}}],\"inLanguage\":\"fr-FR\"}]}<\/script>\n<meta property=\"product:price:amount\" content=\"2.50\" \/>\n<meta property=\"product:price:currency\" content=\"USD\" \/>\n<meta property=\"og:availability\" content=\"instock\" \/>\n<meta property=\"product:availability\" content=\"instock\" \/>\n<meta property=\"product:retailer_item_id\" content=\"SU84378\" \/>\n<meta property=\"product:condition\" content=\"new\" \/>\n<!-- \/ Yoast SEO Premium plugin. -->","yoast_head_json":{"title":"Acheter Adderall en ligne - Adderall \u00e0 vendre. Informations sur Adderall","description":"Acheter Adderall en ligne. Nous sommes les principaux fournisseurs de comprim\u00e9s d'Adderall 30 mg en ligne sans ordonnance. Exp\u00e9dition discr\u00e8te le jour suivant. Plus d'informations","robots":{"index":"index","follow":"follow","max-snippet":"max-snippet:-1","max-image-preview":"max-image-preview:large","max-video-preview":"max-video-preview:-1"},"canonical":"https:\/\/weightlossmedssales.com\/fr\/product\/adderall-30-mg\/","og_locale":"fr_FR","og_type":"article","og_title":"Adderall 30 mg","og_description":"Acheter Adderall en ligne. Nous sommes les principaux fournisseurs de comprim\u00e9s d'Adderall 30 mg en ligne sans ordonnance. Exp\u00e9dition discr\u00e8te le jour suivant. Plus d'informations","og_url":"https:\/\/weightlossmedssales.com\/fr\/product\/adderall-30-mg\/","og_site_name":"Family Healthcare Pharmacy","og_image":[{"width":960,"height":1280,"url":"https:\/\/weightlossmedssales.com\/wp-content\/uploads\/2025\/04\/adderall-30-mg.jpg","type":"image\/jpeg"}],"twitter_card":"summary_large_image","twitter_misc":{"Prix":"&#36;2.50","Disponibilit\u00e9":"En stock"},"schema":{"@context":"https:\/\/schema.org","@graph":[{"@type":"WebPage","@id":"https:\/\/weightlossmedssales.com\/fr\/product\/adderall-30-mg\/","url":"https:\/\/weightlossmedssales.com\/fr\/product\/adderall-30-mg\/","name":"Acheter Adderall en ligne - Adderall \u00e0 vendre. Informations sur Adderall","isPartOf":{"@id":"https:\/\/weightlossmedssales.com\/#website"},"primaryImageOfPage":{"@id":"https:\/\/weightlossmedssales.com\/fr\/product\/adderall-30-mg\/#primaryimage"},"image":{"@id":"https:\/\/weightlossmedssales.com\/fr\/product\/adderall-30-mg\/#primaryimage"},"thumbnailUrl":"https:\/\/weightlossmedssales.com\/wp-content\/uploads\/2025\/04\/adderall-30-mg.jpg","datePublished":"2025-04-18T10:35:14+00:00","description":"Acheter Adderall en ligne. Nous sommes les principaux fournisseurs de comprim\u00e9s d'Adderall 30 mg en ligne sans ordonnance. Exp\u00e9dition discr\u00e8te le jour suivant. Plus d'informations","breadcrumb":{"@id":"https:\/\/weightlossmedssales.com\/fr\/product\/adderall-30-mg\/#breadcrumb"},"inLanguage":"fr-FR","potentialAction":[{"@type":"ReadAction","target":["https:\/\/weightlossmedssales.com\/fr\/product\/adderall-30-mg\/"]}]},{"@type":"ImageObject","inLanguage":"fr-FR","@id":"https:\/\/weightlossmedssales.com\/fr\/product\/adderall-30-mg\/#primaryimage","url":"https:\/\/weightlossmedssales.com\/wp-content\/uploads\/2025\/04\/adderall-30-mg.jpg","contentUrl":"https:\/\/weightlossmedssales.com\/wp-content\/uploads\/2025\/04\/adderall-30-mg.jpg","width":960,"height":1280},{"@type":"BreadcrumbList","@id":"https:\/\/weightlossmedssales.com\/fr\/product\/adderall-30-mg\/#breadcrumb","itemListElement":[{"@type":"ListItem","position":1,"name":"Home","item":"https:\/\/weightlossmedssales.com\/fr\/accueil\/"},{"@type":"ListItem","position":2,"name":"Shop","item":"https:\/\/weightlossmedssales.com\/shop\/"},{"@type":"ListItem","position":3,"name":"Adderall 30 mg"}]},{"@type":"WebSite","@id":"https:\/\/weightlossmedssales.com\/#website","url":"https:\/\/weightlossmedssales.com\/","name":"Family Healthcare Pharmacy","description":"Weight Loss Medicines","potentialAction":[{"@type":"SearchAction","target":{"@type":"EntryPoint","urlTemplate":"https:\/\/weightlossmedssales.com\/?s={search_term_string}"},"query-input":{"@type":"PropertyValueSpecification","valueRequired":true,"valueName":"search_term_string"}}],"inLanguage":"fr-FR"}]},"product_price_amount":"2.50","product_price_currency":"USD","og_availability":"instock","product_availability":"instock","product_retailer_item_id":"SU84378","product_condition":"new"},"_links":{"self":[{"href":"https:\/\/weightlossmedssales.com\/fr\/wp-json\/wp\/v2\/product\/1817","targetHints":{"allow":["GET"]}}],"collection":[{"href":"https:\/\/weightlossmedssales.com\/fr\/wp-json\/wp\/v2\/product"}],"about":[{"href":"https:\/\/weightlossmedssales.com\/fr\/wp-json\/wp\/v2\/types\/product"}],"replies":[{"embeddable":true,"href":"https:\/\/weightlossmedssales.com\/fr\/wp-json\/wp\/v2\/comments?post=1817"}],"version-history":[{"count":0,"href":"https:\/\/weightlossmedssales.com\/fr\/wp-json\/wp\/v2\/product\/1817\/revisions"}],"wp:featuredmedia":[{"embeddable":true,"href":"https:\/\/weightlossmedssales.com\/fr\/wp-json\/wp\/v2\/media\/1487"}],"wp:attachment":[{"href":"https:\/\/weightlossmedssales.com\/fr\/wp-json\/wp\/v2\/media?parent=1817"}],"wp:term":[{"taxonomy":"product_brand","embeddable":true,"href":"https:\/\/weightlossmedssales.com\/fr\/wp-json\/wp\/v2\/product_brand?post=1817"},{"taxonomy":"product_cat","embeddable":true,"href":"https:\/\/weightlossmedssales.com\/fr\/wp-json\/wp\/v2\/product_cat?post=1817"},{"taxonomy":"product_tag","embeddable":true,"href":"https:\/\/weightlossmedssales.com\/fr\/wp-json\/wp\/v2\/product_tag?post=1817"}],"curies":[{"name":"wp","href":"https:\/\/api.w.org\/{rel}","templated":true}]}}