{"id":1823,"date":"2025-04-18T10:35:14","date_gmt":"2025-04-18T10:35:14","guid":{"rendered":"https:\/\/weightlossmedssales.com\/product\/vyvanse-70-mg\/"},"modified":"2025-04-18T10:35:14","modified_gmt":"2025-04-18T10:35:14","slug":"vyvanse-70-mg","status":"publish","type":"product","link":"https:\/\/weightlossmedssales.com\/fr\/product\/vyvanse-70-mg\/","title":{"rendered":"Vyvanse 70 MG"},"content":{"rendered":"<h1>Acheter Vyvanse 70 mg en ligne<\/h1>\n<p>Achetez Vyvanse en ligne. Vyvanse est utilis\u00e9 dans le traitement des troubles de boulimie ; TDAH et appartient \u00e0 la classe de m\u00e9dicaments stimulants du SNC. Le risque ne peut \u00eatre exclu pendant la grossesse. Vyvanse 70 mg est class\u00e9 comme substance contr\u00f4l\u00e9e de l&rsquo;annexe 2 selon la Loi sur les substances contr\u00f4l\u00e9es (CSA). Vous pouvez commander Vyvanse 70 mg ou 50 mg chez nous sans ordonnance. Livraison discr\u00e8te du jour au lendemain.     <\/p>\n<h3>Effets secondaires<\/h3>\n<p>Les effets secondaires courants de Vyvanse comprennent : insomnie et irritabilit\u00e9. D&rsquo;autres effets secondaires incluent : vertiges, perte de poids et x\u00e9rostomie. Voir ci-dessous pour une liste exhaustive des effets ind\u00e9sirables.<br \/>\nL&rsquo;utilisation de stimulants du SNC (produits contenant des amph\u00e9tamines et du m\u00e9thylph\u00e9nidate), y compris le dim\u00e9sylate de lisdexamf\u00e9tamine, pr\u00e9sente un potentiel \u00e9lev\u00e9 d&rsquo;abus et de d\u00e9pendance. \u00c9valuez le risque d&rsquo;abus avant de prescrire et surveillez les signes d&rsquo;abus et de d\u00e9pendance pendant le traitement.   <\/p>\n<div class=\"Contents\">\n<div class=\"Section\">\n<div class=\"Section\">\n<h3>Instructions g\u00e9n\u00e9rales d&rsquo;utilisation<\/h3>\n<p class=\"First\">Prenez le VYVANSE par voie orale le matin avec ou sans nourriture ; \u00e9vitez les doses l&rsquo;apr\u00e8s-midi en raison du risque potentiel d&rsquo;insomnie. Le VYVANSE peut \u00eatre administr\u00e9 de l&rsquo;une des mani\u00e8res suivantes : <\/p>\n<div class=\"Section\">\n<p>&nbsp;<\/p>\n<p class=\"First\"><span class=\"xmChange\">\u200b<\/span><span class=\"following_xmChange\"><span class=\"Italics\">Informations pour les capsules VYVANSE :<\/span><\/span><\/p>\n<ul class=\"Disc\">\n<li>Avalez les g\u00e9lules de VYVANSE enti\u00e8res, ou<\/li>\n<li><span class=\"xmChange\">\u200b<\/span><span class=\"following_xmChange\">Ouvrez les capsules, videz-les et m\u00e9langez tout le contenu avec du yaourt, de l&rsquo;eau ou du jus d&rsquo;orange. Si le contenu de la capsule comprend de la poudre compact\u00e9e, une cuill\u00e8re peut \u00eatre utilis\u00e9e pour briser la poudre. Le contenu doit \u00eatre m\u00e9lang\u00e9 jusqu&rsquo;\u00e0 dispersion compl\u00e8te. Consommez le m\u00e9lange entier <span class=\"Bold\">imm\u00e9diatement<\/span>. Il ne doit pas \u00eatre conserv\u00e9. Le principe actif se dissout compl\u00e8tement une fois dispers\u00e9 ; cependant, un film contenant les ingr\u00e9dients inactifs peut rester dans le verre ou le r\u00e9cipient une fois le m\u00e9lange consomm\u00e9.     <\/span><\/li>\n<\/ul>\n<h3>Acheter Vyvanse 70 mg en ligne<\/h3>\n<\/div>\n<div class=\"Section\">\n<p>&nbsp;<\/p>\n<p class=\"First\"><span class=\"xmChange\">\u200b<\/span><span class=\"following_xmChange\"><span class=\"Italics\">Informations pour les comprim\u00e9s \u00e0 croquer VYVANSE :<\/span><\/span><\/p>\n<ul class=\"Disc\">\n<li><span class=\"xmChange\">\u200b<\/span><span class=\"following_xmChange\">Les comprim\u00e9s \u00e0 croquer VYVANSE doivent \u00eatre soigneusement m\u00e2ch\u00e9s avant d&rsquo;\u00eatre aval\u00e9s.<\/span><\/li>\n<\/ul>\n<p><span class=\"xmChange\">\u200b<\/span><span class=\"following_xmChange\">Les capsules VYVANSE peuvent \u00eatre remplac\u00e9es par des comprim\u00e9s \u00e0 croquer <a href=\"https:\/\/suboxoneproducts.com\/product\/buy-vyvanse-online\/\">VYVANSE<\/a> sur une base unit\u00e9 par unit\u00e9\/mg par mg (par exemple, capsules de 30 mg pour un comprim\u00e9 \u00e0 croquer de 30 mg).<\/span><\/p>\n<p><span class=\"xmChange\">\u200b<\/span><span class=\"following_xmChange\">Ne prenez pas moins d&rsquo;une capsule ou d&rsquo;un comprim\u00e9 \u00e0 croquer par jour.<br \/>\n<\/span><\/p>\n<\/div>\n<\/div>\n<div class=\"Section\">\n<p>&nbsp;<\/p>\n<h3>Posologie pour le traitement du TDAH<\/h3>\n<p class=\"First\">La dose initiale recommand\u00e9e est de 30 mg une fois par jour le matin chez les patients \u00e2g\u00e9s de 6 ans et plus. La posologie peut \u00eatre ajust\u00e9e par paliers de 10 mg ou 20 mg \u00e0 intervalles d&rsquo;environ une semaine jusqu&rsquo;\u00e0 une dose maximale de 70 mg\/jour <\/p>\n<\/div>\n<div class=\"Section\">\n<p>&nbsp;<\/p>\n<h3>Posologie pour le traitement de la BED mod\u00e9r\u00e9e \u00e0 s\u00e9v\u00e8re chez l&rsquo;adulte<\/h3>\n<p class=\"First\">La dose initiale recommand\u00e9e est de 30 mg\/jour \u00e0 titrer par paliers de 20 mg \u00e0 intervalles d&rsquo;environ une semaine pour atteindre la dose cible recommand\u00e9e de 50 \u00e0 70 mg\/jour. La dose maximale est de 70 mg\/jour. Arr\u00eatez le VYVANSE si l&rsquo;hyperphagie boulimique ne s&rsquo;am\u00e9liore pas.  <\/p>\n<\/div>\n<div class=\"Section\">\n<p>&nbsp;<\/p>\n<h3>Posologie chez les patients atteints d&rsquo;insuffisance r\u00e9nale<\/h3>\n<p class=\"First\">Chez les patients atteints d&rsquo;insuffisance r\u00e9nale s\u00e9v\u00e8re, la dose maximale ne doit pas d\u00e9passer 50 mg\/jour. Chez les patients atteints d&rsquo;insuffisance r\u00e9nale terminale, la dose maximale recommand\u00e9e est de 30 mg\/jour Modifications de la posologie dues aux interactions m\u00e9dicamenteuses <\/p>\n<\/div>\n<div class=\"Section\">\n<p class=\"First\">Les agents qui modifient le pH urinaire peuvent avoir un impact sur l&rsquo;excr\u00e9tion urinaire et alt\u00e9rer les niveaux sanguins d&rsquo;amph\u00e9tamine. Les agents acidifiants diminuent les niveaux sanguins, tandis que les agents alcalinisants (par exemple, le bicarbonate de sodium) augmentent les niveaux sanguins. Ajustez la posologie de VYVANSE en cons\u00e9quence  <\/p>\n<\/div>\n<\/div>\n<\/div>\n<h2>Informations compl\u00e9mentaires<\/h2>\n<p class=\"ddc-disclaimer\">Consultez toujours votre professionnel de sant\u00e9 pour vous assurer que les informations affich\u00e9es sur cette page s&rsquo;appliquent \u00e0 votre situation personnelle. Acheter Vyvanse 70 mg en ligne <\/p>\n<p>&nbsp;<\/p>\n","protected":false},"excerpt":{"rendered":"<h3><a href=\"https:\/\/www.drugs.com\/vyvanse.html\">Vyvanse<\/a><\/h3>\n<dl class=\"pid-list\">\n<dt class=\"pid-item-inline\">Nom g\u00e9n\u00e9rique : Lisdexamf\u00e9tamine<\/dt>\n<dt class=\"pid-item-inline\">Empreinte : S489 70 mg<\/dt>\n<dt class=\"pid-item-inline\">Concentration : 70 mg<\/dt>\n<dt class=\"pid-item-inline\">Couleur : Bleu  Orange<\/dt>\n<dt class=\"pid-item-inline\">Forme : Capsule<\/dt>\n<\/dl>\n","protected":false},"featured_media":1493,"menu_order":0,"comment_status":"open","ping_status":"closed","template":"","meta":[],"product_brand":[],"product_cat":[176],"product_tag":[],"class_list":{"0":"post-1823","1":"product","2":"type-product","3":"status-publish","4":"has-post-thumbnail","6":"product_cat-non-categorise","8":"first","9":"instock","10":"shipping-taxable","11":"purchasable","12":"product-type-simple"},"yoast_head":"<!-- This site is optimized with the Yoast SEO Premium plugin v23.3 (Yoast SEO v26.4) - https:\/\/yoast.com\/wordpress\/plugins\/seo\/ -->\n<title>Acheter Vyvanse 70 mg en ligne - Vyvanse 70 mg en vente sans ordonnance<\/title>\n<meta name=\"description\" content=\"Achetez Vyvanse 70 mg en ligne sans ordonnance. Nous fournissons Vyvanse 70 mg dans notre pharmacie \u00e0 des prix tr\u00e8s bas et abordables. Commandez sans ordonnance.\" \/>\n<meta name=\"robots\" content=\"index, follow, max-snippet:-1, max-image-preview:large, max-video-preview:-1\" \/>\n<link rel=\"canonical\" href=\"https:\/\/weightlossmedssales.com\/fr\/product\/vyvanse-70-mg\/\" \/>\n<meta property=\"og:locale\" content=\"fr_FR\" \/>\n<meta property=\"og:type\" content=\"article\" \/>\n<meta property=\"og:title\" content=\"Vyvanse 70 MG\" \/>\n<meta property=\"og:description\" content=\"Achetez Vyvanse 70 mg en ligne sans ordonnance. Nous fournissons Vyvanse 70 mg dans notre pharmacie \u00e0 des prix tr\u00e8s bas et abordables. Commandez sans ordonnance.\" \/>\n<meta property=\"og:url\" content=\"https:\/\/weightlossmedssales.com\/fr\/product\/vyvanse-70-mg\/\" \/>\n<meta property=\"og:site_name\" content=\"Family Healthcare Pharmacy\" \/>\n<meta property=\"og:image\" content=\"https:\/\/weightlossmedssales.com\/wp-content\/uploads\/2025\/04\/vyvanse-70.jpg\" \/>\n\t<meta property=\"og:image:width\" content=\"480\" \/>\n\t<meta property=\"og:image:height\" content=\"480\" \/>\n\t<meta property=\"og:image:type\" content=\"image\/jpeg\" \/>\n<meta name=\"twitter:card\" content=\"summary_large_image\" \/>\n<meta name=\"twitter:label1\" content=\"Prix\" \/>\n\t<meta name=\"twitter:data1\" content=\"&#036;3.00\" \/>\n\t<meta name=\"twitter:label2\" content=\"Disponibilit\u00e9\" \/>\n\t<meta name=\"twitter:data2\" content=\"En stock\" \/>\n<script type=\"application\/ld+json\" class=\"yoast-schema-graph\">{\"@context\":\"https:\/\/schema.org\",\"@graph\":[{\"@type\":\"WebPage\",\"@id\":\"https:\/\/weightlossmedssales.com\/fr\/product\/vyvanse-70-mg\/\",\"url\":\"https:\/\/weightlossmedssales.com\/fr\/product\/vyvanse-70-mg\/\",\"name\":\"Acheter Vyvanse 70 mg en ligne - Vyvanse 70 mg en vente sans ordonnance\",\"isPartOf\":{\"@id\":\"https:\/\/weightlossmedssales.com\/#website\"},\"primaryImageOfPage\":{\"@id\":\"https:\/\/weightlossmedssales.com\/fr\/product\/vyvanse-70-mg\/#primaryimage\"},\"image\":{\"@id\":\"https:\/\/weightlossmedssales.com\/fr\/product\/vyvanse-70-mg\/#primaryimage\"},\"thumbnailUrl\":\"https:\/\/weightlossmedssales.com\/wp-content\/uploads\/2025\/04\/vyvanse-70.jpg\",\"datePublished\":\"2025-04-18T10:35:14+00:00\",\"description\":\"Achetez Vyvanse 70 mg en ligne sans ordonnance. Nous fournissons Vyvanse 70 mg dans notre pharmacie \u00e0 des prix tr\u00e8s bas et abordables. Commandez sans ordonnance.\",\"breadcrumb\":{\"@id\":\"https:\/\/weightlossmedssales.com\/fr\/product\/vyvanse-70-mg\/#breadcrumb\"},\"inLanguage\":\"fr-FR\",\"potentialAction\":[{\"@type\":\"ReadAction\",\"target\":[\"https:\/\/weightlossmedssales.com\/fr\/product\/vyvanse-70-mg\/\"]}]},{\"@type\":\"ImageObject\",\"inLanguage\":\"fr-FR\",\"@id\":\"https:\/\/weightlossmedssales.com\/fr\/product\/vyvanse-70-mg\/#primaryimage\",\"url\":\"https:\/\/weightlossmedssales.com\/wp-content\/uploads\/2025\/04\/vyvanse-70.jpg\",\"contentUrl\":\"https:\/\/weightlossmedssales.com\/wp-content\/uploads\/2025\/04\/vyvanse-70.jpg\",\"width\":480,\"height\":480},{\"@type\":\"BreadcrumbList\",\"@id\":\"https:\/\/weightlossmedssales.com\/fr\/product\/vyvanse-70-mg\/#breadcrumb\",\"itemListElement\":[{\"@type\":\"ListItem\",\"position\":1,\"name\":\"Home\",\"item\":\"https:\/\/weightlossmedssales.com\/fr\/accueil\/\"},{\"@type\":\"ListItem\",\"position\":2,\"name\":\"Shop\",\"item\":\"https:\/\/weightlossmedssales.com\/shop\/\"},{\"@type\":\"ListItem\",\"position\":3,\"name\":\"Vyvanse 70 MG\"}]},{\"@type\":\"WebSite\",\"@id\":\"https:\/\/weightlossmedssales.com\/#website\",\"url\":\"https:\/\/weightlossmedssales.com\/\",\"name\":\"Family Healthcare Pharmacy\",\"description\":\"Weight Loss Medicines\",\"potentialAction\":[{\"@type\":\"SearchAction\",\"target\":{\"@type\":\"EntryPoint\",\"urlTemplate\":\"https:\/\/weightlossmedssales.com\/?s={search_term_string}\"},\"query-input\":{\"@type\":\"PropertyValueSpecification\",\"valueRequired\":true,\"valueName\":\"search_term_string\"}}],\"inLanguage\":\"fr-FR\"}]}<\/script>\n<meta property=\"product:price:amount\" content=\"3.00\" \/>\n<meta property=\"product:price:currency\" content=\"USD\" \/>\n<meta property=\"og:availability\" content=\"instock\" \/>\n<meta property=\"product:availability\" content=\"instock\" \/>\n<meta property=\"product:retailer_item_id\" content=\"SU45254\" \/>\n<meta property=\"product:condition\" content=\"new\" \/>\n<!-- \/ Yoast SEO Premium plugin. -->","yoast_head_json":{"title":"Acheter Vyvanse 70 mg en ligne - Vyvanse 70 mg en vente sans ordonnance","description":"Achetez Vyvanse 70 mg en ligne sans ordonnance. Nous fournissons Vyvanse 70 mg dans notre pharmacie \u00e0 des prix tr\u00e8s bas et abordables. Commandez sans ordonnance.","robots":{"index":"index","follow":"follow","max-snippet":"max-snippet:-1","max-image-preview":"max-image-preview:large","max-video-preview":"max-video-preview:-1"},"canonical":"https:\/\/weightlossmedssales.com\/fr\/product\/vyvanse-70-mg\/","og_locale":"fr_FR","og_type":"article","og_title":"Vyvanse 70 MG","og_description":"Achetez Vyvanse 70 mg en ligne sans ordonnance. Nous fournissons Vyvanse 70 mg dans notre pharmacie \u00e0 des prix tr\u00e8s bas et abordables. Commandez sans ordonnance.","og_url":"https:\/\/weightlossmedssales.com\/fr\/product\/vyvanse-70-mg\/","og_site_name":"Family Healthcare Pharmacy","og_image":[{"width":480,"height":480,"url":"https:\/\/weightlossmedssales.com\/wp-content\/uploads\/2025\/04\/vyvanse-70.jpg","type":"image\/jpeg"}],"twitter_card":"summary_large_image","twitter_misc":{"Prix":"&#36;3.00","Disponibilit\u00e9":"En stock"},"schema":{"@context":"https:\/\/schema.org","@graph":[{"@type":"WebPage","@id":"https:\/\/weightlossmedssales.com\/fr\/product\/vyvanse-70-mg\/","url":"https:\/\/weightlossmedssales.com\/fr\/product\/vyvanse-70-mg\/","name":"Acheter Vyvanse 70 mg en ligne - Vyvanse 70 mg en vente sans ordonnance","isPartOf":{"@id":"https:\/\/weightlossmedssales.com\/#website"},"primaryImageOfPage":{"@id":"https:\/\/weightlossmedssales.com\/fr\/product\/vyvanse-70-mg\/#primaryimage"},"image":{"@id":"https:\/\/weightlossmedssales.com\/fr\/product\/vyvanse-70-mg\/#primaryimage"},"thumbnailUrl":"https:\/\/weightlossmedssales.com\/wp-content\/uploads\/2025\/04\/vyvanse-70.jpg","datePublished":"2025-04-18T10:35:14+00:00","description":"Achetez Vyvanse 70 mg en ligne sans ordonnance. Nous fournissons Vyvanse 70 mg dans notre pharmacie \u00e0 des prix tr\u00e8s bas et abordables. Commandez sans ordonnance.","breadcrumb":{"@id":"https:\/\/weightlossmedssales.com\/fr\/product\/vyvanse-70-mg\/#breadcrumb"},"inLanguage":"fr-FR","potentialAction":[{"@type":"ReadAction","target":["https:\/\/weightlossmedssales.com\/fr\/product\/vyvanse-70-mg\/"]}]},{"@type":"ImageObject","inLanguage":"fr-FR","@id":"https:\/\/weightlossmedssales.com\/fr\/product\/vyvanse-70-mg\/#primaryimage","url":"https:\/\/weightlossmedssales.com\/wp-content\/uploads\/2025\/04\/vyvanse-70.jpg","contentUrl":"https:\/\/weightlossmedssales.com\/wp-content\/uploads\/2025\/04\/vyvanse-70.jpg","width":480,"height":480},{"@type":"BreadcrumbList","@id":"https:\/\/weightlossmedssales.com\/fr\/product\/vyvanse-70-mg\/#breadcrumb","itemListElement":[{"@type":"ListItem","position":1,"name":"Home","item":"https:\/\/weightlossmedssales.com\/fr\/accueil\/"},{"@type":"ListItem","position":2,"name":"Shop","item":"https:\/\/weightlossmedssales.com\/shop\/"},{"@type":"ListItem","position":3,"name":"Vyvanse 70 MG"}]},{"@type":"WebSite","@id":"https:\/\/weightlossmedssales.com\/#website","url":"https:\/\/weightlossmedssales.com\/","name":"Family Healthcare Pharmacy","description":"Weight Loss Medicines","potentialAction":[{"@type":"SearchAction","target":{"@type":"EntryPoint","urlTemplate":"https:\/\/weightlossmedssales.com\/?s={search_term_string}"},"query-input":{"@type":"PropertyValueSpecification","valueRequired":true,"valueName":"search_term_string"}}],"inLanguage":"fr-FR"}]},"product_price_amount":"3.00","product_price_currency":"USD","og_availability":"instock","product_availability":"instock","product_retailer_item_id":"SU45254","product_condition":"new"},"_links":{"self":[{"href":"https:\/\/weightlossmedssales.com\/fr\/wp-json\/wp\/v2\/product\/1823","targetHints":{"allow":["GET"]}}],"collection":[{"href":"https:\/\/weightlossmedssales.com\/fr\/wp-json\/wp\/v2\/product"}],"about":[{"href":"https:\/\/weightlossmedssales.com\/fr\/wp-json\/wp\/v2\/types\/product"}],"replies":[{"embeddable":true,"href":"https:\/\/weightlossmedssales.com\/fr\/wp-json\/wp\/v2\/comments?post=1823"}],"version-history":[{"count":0,"href":"https:\/\/weightlossmedssales.com\/fr\/wp-json\/wp\/v2\/product\/1823\/revisions"}],"wp:featuredmedia":[{"embeddable":true,"href":"https:\/\/weightlossmedssales.com\/fr\/wp-json\/wp\/v2\/media\/1493"}],"wp:attachment":[{"href":"https:\/\/weightlossmedssales.com\/fr\/wp-json\/wp\/v2\/media?parent=1823"}],"wp:term":[{"taxonomy":"product_brand","embeddable":true,"href":"https:\/\/weightlossmedssales.com\/fr\/wp-json\/wp\/v2\/product_brand?post=1823"},{"taxonomy":"product_cat","embeddable":true,"href":"https:\/\/weightlossmedssales.com\/fr\/wp-json\/wp\/v2\/product_cat?post=1823"},{"taxonomy":"product_tag","embeddable":true,"href":"https:\/\/weightlossmedssales.com\/fr\/wp-json\/wp\/v2\/product_tag?post=1823"}],"curies":[{"name":"wp","href":"https:\/\/api.w.org\/{rel}","templated":true}]}}