{"id":1881,"date":"2025-04-18T10:53:00","date_gmt":"2025-04-18T10:53:00","guid":{"rendered":"https:\/\/weightlossmedssales.com\/product\/vyvanse-70-mg-2\/"},"modified":"2025-04-18T10:53:00","modified_gmt":"2025-04-18T10:53:00","slug":"vyvanse-70-mg-2","status":"publish","type":"product","link":"https:\/\/weightlossmedssales.com\/fr\/product\/vyvanse-70-mg-2\/","title":{"rendered":"Vyvanse 70 mg"},"content":{"rendered":"<h1>Vyvanse 70 mg \u00e0 vendre<\/h1>\n<p>Vyvanse (lisdexamf\u00e9tamine) est utilis\u00e9 pour traiter le <a href=\"https:\/\/www.goodrx.com\/adhd\">trouble d\u00e9ficitaire de l&rsquo;attention avec hyperactivit\u00e9<\/a> (<a href=\"https:\/\/www.goodrx.com\/adhd\">TDAH<\/a>). Ce m\u00e9dicament est plus populaire que des m\u00e9dicaments comparables. Il n&rsquo;existe actuellement aucune alternative g\u00e9n\u00e9rique au Vyvanse.  <\/p>\n<p>GoodRx s&rsquo;est associ\u00e9 \u00e0 InsideRx et Shire pour r\u00e9duire le prix de cette ordonnance. Consultez nos conseils d&rsquo;\u00e9conomies pour les cartes de copaiement, les programmes d&rsquo;assistance et d&rsquo;autres moyens de r\u00e9duire vos co\u00fbts. Vyvanse est couvert par la plupart des r\u00e9gimes Medicare et d&rsquo;assurance.  <\/p>\n<h2 class=\"max-w-content mx-auto lg:text-section-title text-section-title-mobile font-section-title font-2 leading-component-1 mb-section-title text-align-section-title border-b-2 border-section-title-underline py-section-title px-component-2\" data-qa=\"sectionTitle\">Qu&rsquo;est-ce que Vyvanse (lisdexamf\u00e9tamine) ?<\/h2>\n<div class=\"my-section-child last:mb-0 max-w-content mx-auto px-component-2 px-section-child\" data-qa=\"DSM-SectionChild\">\n<div data-qa=\"BodyCopy\">\n<div class=\"last-child-margin-reset text-component-2 break-words\">\n<h3 class=\"text-align-generic-title lg:text-generic-title text-generic-title font-generic-title-mobile lg:font-generic-title leading-component-1 font-component-1 mb-component-3\">Comment fonctionne Vyvanse (lisdexamf\u00e9tamine)<\/h3>\n<p class=\"mb-component-1\">Vyvanse (lisdexamf\u00e9tamine) est un stimulant amph\u00e9taminique. Les chercheurs ne savent pas exactement comment il fonctionne pour le TDAH, mais il augmente l&rsquo;activit\u00e9 des hormones noradr\u00e9naline et dopamine dans le cerveau, ce qui am\u00e9liore l&rsquo;attention et modifie le comportement. <\/p>\n<\/div>\n<\/div>\n<\/div>\n<div class=\"my-section-child last:mb-0 max-w-content mx-auto px-component-2 px-section-child\" data-qa=\"DSM-SectionChild\">\n<div data-qa=\"BodyCopy\">\n<div class=\"last-child-margin-reset text-component-2 break-words\">\n<h3 class=\"text-align-generic-title lg:text-generic-title text-generic-title font-generic-title-mobile lg:font-generic-title leading-component-1 font-component-1 mb-component-3\">Pour quoi Vyvanse (lisdexamf\u00e9tamine) est-il utilis\u00e9 ?<\/h3>\n<ul class=\"list-disc my-component-4\">\n<li class=\"mb-component-2 ml-bulleted-list\">Trouble d\u00e9ficitaire de l&rsquo;attention avec hyperactivit\u00e9 (TDAH) (adultes et enfants \u00e2g\u00e9s de 6 ans et plus)<\/li>\n<li class=\"mb-component-2 ml-bulleted-list\">Trouble de boulimie (adultes)<\/li>\n<\/ul>\n<\/div>\n<\/div>\n<\/div>\n<div class=\"my-section-child last:mb-0 max-w-content mx-auto px-component-2 px-section-child\" data-qa=\"DSM-SectionChild\">\n<div class=\"last-child-margin-reset text-component-2 break-words\">\n<h3 class=\"text-align-generic-title lg:text-generic-title text-generic-title font-generic-title-mobile lg:font-generic-title leading-component-1 font-component-1 mb-component-3\">Formes posologiques de Vyvanse (lisdexamf\u00e9tamine)<\/h3>\n<div class=\"flex flex-wrap mt-component-5 text-component-1\">\n<div class=\"w-full md:w-1\/2 mb-component-1 flex\"><img decoding=\"async\" class=\"flex-none w-10 h-6 pr-4 object-scale-down\" src=\"data:image\/svg+xml;base64,PHN2ZyB3aWR0aD0iNDgiIGhlaWdodD0iNDgiIHZpZXdCb3g9IjAgMCA0OCA0OCIgZmlsbD0ibm9uZSIgeG1sbnM9Imh0dHA6Ly93d3cudzMub3JnLzIwMDAvc3ZnIj4KPHBhdGggZD0iTTI0IDQ4QzM3LjI1NDggNDggNDggMzcuMjU0OCA0OCAyNEM0OCAxMC43NDUyIDM3LjI1NDggMCAyNCAwQzEwLjc0NTIgMCAwIDEwLjc0NTIgMCAyNEMwIDM3LjI1NDggMTAuNzQ1MiA0OCAyNCA0OFoiIGZpbGw9IiNGRERCMDAiLz4KPHBhdGggZD0iTTEyIDM2QzExLjM0OTkgMzUuMzUgMTAuODM0MiAzNC41NzgzIDEwLjQ4MjQgMzMuNzI5QzEwLjEzMDUgMzIuODc5NiA5Ljk0OTQ2IDMxLjk2OTMgOS45NDk0NiAzMS4wNUM5Ljk0OTQ2IDMwLjEzMDcgMTAuMTMwNSAyOS4yMjA0IDEwLjQ4MjQgMjguMzcxMUMxMC44MzQyIDI3LjUyMTcgMTEuMzQ5OSAyNi43NSAxMiAyNi4xTDE5Ljc4IDE4LjMyTDI5LjY4IDI4LjIyTDIxLjkgMzZDMjEuMjUgMzYuNjUwMSAyMC40NzgyIDM3LjE2NTggMTkuNjI4OSAzNy41MTc2QzE4Ljc3OTYgMzcuODY5NCAxNy44NjkzIDM4LjA1MDUgMTYuOTUgMzguMDUwNUMxNi4wMzA3IDM4LjA1MDUgMTUuMTIwMyAzNy44Njk0IDE0LjI3MSAzNy41MTc2QzEzLjQyMTcgMzcuMTY1OCAxMi42NSAzNi42NTAxIDEyIDM2WiIgZmlsbD0iI0ZGRkZGQiIvPgo8cGF0aCBkPSJNMzEuMDcwMSAxMS45M0MzMS43MjY2IDExLjkyODEgMzIuMzc3IDEyLjA1NzIgMzIuOTgzMSAxMi4zMDk2QzMzLjU4OTIgMTIuNTYyIDM0LjEzODkgMTIuOTMyNyAzNC42MDAxIDEzLjRDMzUuMDY3NCAxMy44NjEyIDM1LjQzODEgMTQuNDEwOSAzNS42OTA1IDE1LjAxN0MzNS45NDI5IDE1LjYyMzEgMzYuMDcxOSAxNi4yNzM0IDM2LjA3MDEgMTYuOTNDMzYuMDcgMTcuNTg3NyAzNS45NCAxOC4yMzkgMzUuNjg3OCAxOC44NDY0QzM1LjQzNTUgMTkuNDUzOSAzNS4wNjU5IDIwLjAwNTYgMzQuNjAwMSAyMC40N0wyOC4yNDAxIDI2LjgzTDIxLjE3MDEgMTkuNzZMMjcuNTMwMSAxMy40QzI3Ljk5NDUgMTIuOTM0MiAyOC41NDYyIDEyLjU2NDUgMjkuMTUzNiAxMi4zMTIzQzI5Ljc2MTEgMTIuMDYgMzAuNDEyMyAxMS45MzAxIDMxLjA3MDEgMTEuOTNaTTMxLjA3MDEgOS45Mjk5OEMyOS4yMjA3IDkuOTE2NTUgMjcuNDQxMSAxMC42MzU2IDI2LjEyMDEgMTEuOTNMMTguMzQwMSAxOS43MUwyOC4yNDAxIDI5LjYxTDM2LjAyMDEgMjEuODNDMzYuNjcwMiAyMS4xOCAzNy4xODU5IDIwLjQwODMgMzcuNTM3NyAxOS41NTg5QzM3Ljg4OTUgMTguNzA5NiAzOC4wNzA2IDE3Ljc5OTMgMzguMDcwNiAxNi44OEMzOC4wNzA2IDE1Ljk2MDcgMzcuODg5NSAxNS4wNTA0IDM3LjUzNzcgMTQuMjAxQzM3LjE4NTkgMTMuMzUxNyAzNi42NzAyIDEyLjU4IDM2LjAyMDEgMTEuOTNDMzUuMzYgMTEuMjgzIDM0LjU3ODMgMTAuNzczMiAzMy43MjAxIDEwLjQyOTlDMzIuODYxOSAxMC4wODY3IDMxLjk0NDMgOS45MTY3NCAzMS4wMjAxIDkuOTI5OThIMzEuMDcwMVoiIGZpbGw9IiMyMDFGMUIiLz4KPC9zdmc+Cg==\" alt=\"ic\u00f4ne de capsule\" data-qa=\"\"><\/p>\n<div class=\"flex-initial w-full\"><span class=\"capitalize\">G\u00e9lule<\/span><\/p>\n<div class=\"pt-3 flex-inital flex flex-wrap\"><ci id=\"gid_0\">10mg<\/ci><ci id=\"gid_1\">20mg<\/ci><ci id=\"gid_2\">30mg<\/ci><ci id=\"gid_3\">40mg<\/ci><ci id=\"gid_4\">50mg<\/ci><ci id=\"gid_5\">60mg<\/ci><ci id=\"gid_6\">70mg<\/ci><\/div>\n<\/div>\n<\/div>\n<div class=\"w-full md:w-1\/2 mb-component-1 flex\"><img decoding=\"async\" class=\"flex-none w-10 h-6 pr-4 object-scale-down\" src=\"data:image\/svg+xml;base64,PHN2ZyB3aWR0aD0iNDgiIGhlaWdodD0iNDgiIHZpZXdCb3g9IjAgMCA0OCA0OCIgZmlsbD0ibm9uZSIgeG1sbnM9Imh0dHA6Ly93d3cudzMub3JnLzIwMDAvc3ZnIj4KPHBhdGggZD0iTTI0IDQ4QzM3LjI1NDggNDggNDggMzcuMjU0OCA0OCAyNEM0OCAxMC43NDUyIDM3LjI1NDggMCAyNCAwQzEwLjc0NTIgMCAwIDEwLjc0NTIgMCAyNEMwIDM3LjI1NDggMTAuNzQ1MiA0OCAyNCA0OFoiIGZpbGw9IiNGRERCMDAiLz4KPHBhdGggZD0iTTIwIDQxQzE4LjE0MzUgNDEgMTYuMzYzIDQwLjI2MjUgMTUuMDUwMyAzOC45NDk3QzEzLjczNzUgMzcuNjM3IDEzIDM1Ljg1NjUgMTMgMzRWMjNIMjdWMzRDMjcgMzUuODU2NSAyNi4yNjI1IDM3LjYzNyAyNC45NDk3IDM4Ljk0OTdDMjMuNjM3IDQwLjI2MjUgMjEuODU2NSA0MSAyMCA0MVoiIGZpbGw9IiNGRkZGRkIiLz4KPHBhdGggZD0iTTMwLjUgMjhDMzEuOTU4NyAyOCAzMy4zNTc2IDI4LjU3OTUgMzQuMzg5MSAyOS42MTA5QzM1LjQyMDUgMzAuNjQyNCAzNiAzMi4wNDEzIDM2IDMzLjVDMzUuOTk3NCAzNC45NTc5IDM1LjQxNyAzNi4zNTUzIDM0LjM4NjIgMzcuMzg2MkMzMy4zNTUzIDM4LjQxNyAzMS45NTc5IDM4Ljk5NzQgMzAuNSAzOUMyOS4wNDIxIDM4Ljk5NzQgMjcuNjQ0NyAzOC40MTcgMjYuNjEzOCAzNy4zODYyQzI1LjU4MyAzNi4zNTUzIDI1LjAwMjYgMzQuOTU3OSAyNSAzMy41QzI1IDMyLjA0MTMgMjUuNTc5NSAzMC42NDI0IDI2LjYxMDkgMjkuNjEwOUMyNy42NDI0IDI4LjU3OTUgMjkuMDQxMyAyOCAzMC41IDI4Wk0zMC41IDI2QzI4LjUxMDkgMjYgMjYuNjAzMiAyNi43OTAyIDI1LjE5NjcgMjguMTk2N0MyMy43OTAyIDI5LjYwMzIgMjMgMzEuNTEwOSAyMyAzMy41QzIzLjAwMjYgMzUuNDg4MyAyMy43OTM3IDM3LjM5NDQgMjUuMTk5NiAzOC44MDA0QzI2LjYwNTYgNDAuMjA2MyAyOC41MTE3IDQwLjk5NzQgMzAuNSA0MUMzMi40ODgzIDQwLjk5NzQgMzQuMzk0NCA0MC4yMDYzIDM1LjgwMDQgMzguODAwNEMzNy4yMDYzIDM3LjM5NDQgMzcuOTk3NCAzNS40ODgzIDM4IDMzLjVDMzggMzEuNTEwOSAzNy4yMDk4IDI5LjYwMzIgMzUuODAzMyAyOC4xOTY3QzM0LjM5NjggMjYuNzkwMiAzMi40ODkxIDI2IDMwLjUgMjZaIiBmaWxsPSIjMjAxRjFCIi8+CjxwYXRoIGQ9Ik0yMCA5QzIxLjMyNjEgOSAyMi41OTc5IDkuNTI2NzggMjMuNTM1NSAxMC40NjQ1QzI0LjQ3MzIgMTEuNDAyMSAyNSAxMi42NzM5IDI1IDE0VjIzSDE1VjE0QzE1IDEyLjY3MzkgMTUuNTI2OCAxMS40MDIxIDE2LjQ2NDUgMTAuNDY0NUMxNy40MDIxIDkuNTI2NzggMTguNjczOSA5IDIwIDlaTTIwIDdDMTguMTQzNSA3IDE2LjM2MyA3LjczNzUgMTUuMDUwMyA5LjA1MDI1QzEzLjczNzUgMTAuMzYzIDEzIDEyLjE0MzUgMTMgMTRWMjVIMjdWMTRDMjcgMTIuMTQzNSAyNi4yNjI1IDEwLjM2MyAyNC45NDk3IDkuMDUwMjVDMjMuNjM3IDcuNzM3NSAyMS44NTY1IDcgMjAgN1oiIGZpbGw9IiMyMDFGMUIiLz4KPHBhdGggZD0iTTI3Ljk5OTkgMzdDMjcuODY4MyAzNy4wMDA4IDI3LjczNzkgMzYuOTc1NSAyNy42MTYgMzYuOTI1OEMyNy40OTQyIDM2Ljg3NiAyNy4zODM0IDM2LjgwMjcgMjcuMjg5OSAzNi43MUMyNy4xOTYyIDM2LjYxNyAyNy4xMjE4IDM2LjUwNjQgMjcuMDcxIDM2LjM4NDZDMjcuMDIwMyAzNi4yNjI3IDI2Ljk5NDEgMzYuMTMyIDI2Ljk5NDEgMzZDMjYuOTk0MSAzNS44NjggMjcuMDIwMyAzNS43MzczIDI3LjA3MSAzNS42MTU0QzI3LjEyMTggMzUuNDkzNiAyNy4xOTYyIDM1LjM4MyAyNy4yODk5IDM1LjI5TDMyLjI4OTkgMzAuMjlDMzIuMzgyOSAzMC4xOTYzIDMyLjQ5MzUgMzAuMTIxOSAzMi42MTU0IDMwLjA3MTFDMzIuNzM3MiAzMC4wMjAzIDMyLjg2NzkgMjkuOTk0MiAzMi45OTk5IDI5Ljk5NDJDMzMuMTMyIDI5Ljk5NDIgMzMuMjYyNyAzMC4wMjAzIDMzLjM4NDUgMzAuMDcxMUMzMy41MDY0IDMwLjEyMTkgMzMuNjE3IDMwLjE5NjMgMzMuNzA5OSAzMC4yOUMzMy44MDM3IDMwLjM4MyAzMy44NzgxIDMwLjQ5MzYgMzMuOTI4OCAzMC42MTU0QzMzLjk3OTYgMzAuNzM3MyAzNC4wMDU3IDMwLjg2OCAzNC4wMDU3IDMxQzM0LjAwNTcgMzEuMTMyIDMzLjk3OTYgMzEuMjYyNyAzMy45Mjg4IDMxLjM4NDZDMzMuODc4MSAzMS41MDY0IDMzLjgwMzcgMzEuNjE3IDMzLjcwOTkgMzEuNzFMMjguNzA5OSAzNi43MUMyOC42MTY1IDM2LjgwMjcgMjguNTA1NyAzNi44NzYgMjguMzgzOCAzNi45MjU4QzI4LjI2MiAzNi45NzU1IDI4LjEzMTUgMzcuMDAwOCAyNy45OTk5IDM3WiIgZmlsbD0iIzIwMUYxQiIvPgo8L3N2Zz4K\" alt=\"ic\u00f4ne de comprim\u00e9 \u00e0 croquer\" data-qa=\"\"><\/p>\n<div class=\"flex-initial w-full\"><span class=\"capitalize\">Comprim\u00e9 \u00e0 croquer<\/span><\/p>\n<div class=\"pt-3 flex-inital flex flex-wrap\"><ci id=\"gid_0\">10mg<\/ci><ci id=\"gid_1\">20mg<\/ci><ci id=\"gid_2\">30mg<\/ci><ci id=\"gid_3\">40mg<\/ci><ci id=\"gid_4\">50mg<\/ci><ci id=\"gid_5\">60mg<\/ci><\/div>\n<\/div>\n<\/div>\n<\/div>\n<\/div>\n<\/div>\n<div class=\"my-section-child last:mb-0 max-w-content mx-auto px-component-2 px-section-child\" data-qa=\"DSM-SectionChild\">\n<div data-qa=\"BodyCopy\">\n<div class=\"last-child-margin-reset text-component-2 break-words\">\n<h3 class=\"text-align-generic-title lg:text-generic-title text-generic-title font-generic-title-mobile lg:font-generic-title leading-component-1 font-component-1 mb-component-3\">Posologie typique pour Vyvanse (lisdexamf\u00e9tamine)<\/h3>\n<p class=\"mb-component-1\">La dose initiale typique pour les adultes et les enfants de 6 ans et plus est de 30 mg par jour le matin. La dose maximale est de 70 mg. <\/p>\n<\/div>\n<\/div>\n<\/div>\n","protected":false},"excerpt":{"rendered":"<p>Vyvanse 70 mg \u00e0 vendre Vyvanse (lisdexamf\u00e9tamine) est utilis\u00e9 pour traiter le trouble d\u00e9ficitaire de l&rsquo;attention avec hyperactivit\u00e9 (TDAH). Ce m\u00e9dicament est plus populaire que des m\u00e9dicaments comparables. Il n&rsquo;existe actuellement aucune alternative g\u00e9n\u00e9rique au Vyvanse. GoodRx s&rsquo;est associ\u00e9 \u00e0 InsideRx et Shire pour r\u00e9duire le prix de cette ordonnance. Consultez nos conseils d&rsquo;\u00e9conomies pour &#8230;<\/p>\n","protected":false},"featured_media":1550,"menu_order":0,"comment_status":"open","ping_status":"closed","template":"","meta":[],"product_brand":[],"product_cat":[222],"product_tag":[],"class_list":{"0":"post-1881","1":"product","2":"type-product","3":"status-publish","4":"has-post-thumbnail","6":"product_cat-acheter-vyvanse-en-ligne","8":"first","9":"instock","10":"shipping-taxable","11":"purchasable","12":"product-type-simple"},"yoast_head":"<!-- This site is optimized with the Yoast SEO Premium plugin v23.3 (Yoast SEO v26.4) - https:\/\/yoast.com\/wordpress\/plugins\/seo\/ -->\n<title>Vyvanse 70 mg - Family Healthcare Pharmacy<\/title>\n<meta name=\"robots\" content=\"index, follow, max-snippet:-1, max-image-preview:large, max-video-preview:-1\" \/>\n<link rel=\"canonical\" href=\"https:\/\/weightlossmedssales.com\/product\/vyvanse-70-mg-2\/\" \/>\n<meta property=\"og:locale\" content=\"fr_FR\" \/>\n<meta property=\"og:type\" content=\"article\" \/>\n<meta property=\"og:title\" content=\"Vyvanse 70 mg\" \/>\n<meta property=\"og:description\" content=\"Vyvanse 70 mg \u00e0 vendre Vyvanse (lisdexamf\u00e9tamine) est utilis\u00e9 pour traiter le trouble d\u00e9ficitaire de l&rsquo;attention avec hyperactivit\u00e9 (TDAH). Ce m\u00e9dicament est plus populaire que des m\u00e9dicaments comparables. Il n&rsquo;existe actuellement aucune alternative g\u00e9n\u00e9rique au Vyvanse. GoodRx s&rsquo;est associ\u00e9 \u00e0 InsideRx et Shire pour r\u00e9duire le prix de cette ordonnance. Consultez nos conseils d&rsquo;\u00e9conomies pour ...\" \/>\n<meta property=\"og:url\" content=\"https:\/\/weightlossmedssales.com\/product\/vyvanse-70-mg-2\/\" \/>\n<meta property=\"og:site_name\" content=\"Family Healthcare Pharmacy\" \/>\n<meta name=\"twitter:card\" content=\"summary_large_image\" \/>\n<meta name=\"twitter:label1\" content=\"Prix\" \/>\n\t<meta name=\"twitter:data1\" content=\"&#036;3.00\" \/>\n\t<meta name=\"twitter:label2\" content=\"Disponibilit\u00e9\" \/>\n\t<meta name=\"twitter:data2\" content=\"En stock\" \/>\n<script type=\"application\/ld+json\" class=\"yoast-schema-graph\">{\"@context\":\"https:\/\/schema.org\",\"@graph\":[{\"@type\":\"WebPage\",\"@id\":\"https:\/\/weightlossmedssales.com\/product\/vyvanse-70-mg-2\/\",\"url\":\"https:\/\/weightlossmedssales.com\/product\/vyvanse-70-mg-2\/\",\"name\":\"Vyvanse 70 mg - Family Healthcare Pharmacy\",\"isPartOf\":{\"@id\":\"https:\/\/weightlossmedssales.com\/#website\"},\"primaryImageOfPage\":{\"@id\":\"https:\/\/weightlossmedssales.com\/product\/vyvanse-70-mg-2\/#primaryimage\"},\"image\":{\"@id\":\"https:\/\/weightlossmedssales.com\/product\/vyvanse-70-mg-2\/#primaryimage\"},\"thumbnailUrl\":\"https:\/\/weightlossmedssales.com\/wp-content\/uploads\/2025\/04\/vyvanse-70-mg.jpg\",\"datePublished\":\"2025-04-18T10:53:00+00:00\",\"breadcrumb\":{\"@id\":\"https:\/\/weightlossmedssales.com\/product\/vyvanse-70-mg-2\/#breadcrumb\"},\"inLanguage\":\"fr-FR\",\"potentialAction\":[{\"@type\":\"ReadAction\",\"target\":[\"https:\/\/weightlossmedssales.com\/product\/vyvanse-70-mg-2\/\"]}]},{\"@type\":\"ImageObject\",\"inLanguage\":\"fr-FR\",\"@id\":\"https:\/\/weightlossmedssales.com\/product\/vyvanse-70-mg-2\/#primaryimage\",\"url\":\"https:\/\/weightlossmedssales.com\/wp-content\/uploads\/2025\/04\/vyvanse-70-mg.jpg\",\"contentUrl\":\"https:\/\/weightlossmedssales.com\/wp-content\/uploads\/2025\/04\/vyvanse-70-mg.jpg\",\"width\":1200,\"height\":1200},{\"@type\":\"BreadcrumbList\",\"@id\":\"https:\/\/weightlossmedssales.com\/product\/vyvanse-70-mg-2\/#breadcrumb\",\"itemListElement\":[{\"@type\":\"ListItem\",\"position\":1,\"name\":\"Home\",\"item\":\"https:\/\/weightlossmedssales.com\/fr\/accueil\/\"},{\"@type\":\"ListItem\",\"position\":2,\"name\":\"Shop\",\"item\":\"https:\/\/weightlossmedssales.com\/shop\/\"},{\"@type\":\"ListItem\",\"position\":3,\"name\":\"Vyvanse 70 mg\"}]},{\"@type\":\"WebSite\",\"@id\":\"https:\/\/weightlossmedssales.com\/#website\",\"url\":\"https:\/\/weightlossmedssales.com\/\",\"name\":\"Family Healthcare Pharmacy\",\"description\":\"Weight Loss Medicines\",\"potentialAction\":[{\"@type\":\"SearchAction\",\"target\":{\"@type\":\"EntryPoint\",\"urlTemplate\":\"https:\/\/weightlossmedssales.com\/?s={search_term_string}\"},\"query-input\":{\"@type\":\"PropertyValueSpecification\",\"valueRequired\":true,\"valueName\":\"search_term_string\"}}],\"inLanguage\":\"fr-FR\"}]}<\/script>\n<meta property=\"product:price:amount\" content=\"3.00\" \/>\n<meta property=\"product:price:currency\" content=\"USD\" \/>\n<meta property=\"og:availability\" content=\"instock\" \/>\n<meta property=\"product:availability\" content=\"instock\" \/>\n<meta property=\"product:condition\" content=\"new\" \/>\n<!-- \/ Yoast SEO Premium plugin. -->","yoast_head_json":{"title":"Vyvanse 70 mg - Family Healthcare Pharmacy","robots":{"index":"index","follow":"follow","max-snippet":"max-snippet:-1","max-image-preview":"max-image-preview:large","max-video-preview":"max-video-preview:-1"},"canonical":"https:\/\/weightlossmedssales.com\/product\/vyvanse-70-mg-2\/","og_locale":"fr_FR","og_type":"article","og_title":"Vyvanse 70 mg","og_description":"Vyvanse 70 mg \u00e0 vendre Vyvanse (lisdexamf\u00e9tamine) est utilis\u00e9 pour traiter le trouble d\u00e9ficitaire de l&rsquo;attention avec hyperactivit\u00e9 (TDAH). Ce m\u00e9dicament est plus populaire que des m\u00e9dicaments comparables. Il n&rsquo;existe actuellement aucune alternative g\u00e9n\u00e9rique au Vyvanse. GoodRx s&rsquo;est associ\u00e9 \u00e0 InsideRx et Shire pour r\u00e9duire le prix de cette ordonnance. Consultez nos conseils d&rsquo;\u00e9conomies pour ...","og_url":"https:\/\/weightlossmedssales.com\/product\/vyvanse-70-mg-2\/","og_site_name":"Family Healthcare Pharmacy","twitter_card":"summary_large_image","twitter_misc":{"Prix":"&#36;3.00","Disponibilit\u00e9":"En stock"},"schema":{"@context":"https:\/\/schema.org","@graph":[{"@type":"WebPage","@id":"https:\/\/weightlossmedssales.com\/product\/vyvanse-70-mg-2\/","url":"https:\/\/weightlossmedssales.com\/product\/vyvanse-70-mg-2\/","name":"Vyvanse 70 mg - Family Healthcare Pharmacy","isPartOf":{"@id":"https:\/\/weightlossmedssales.com\/#website"},"primaryImageOfPage":{"@id":"https:\/\/weightlossmedssales.com\/product\/vyvanse-70-mg-2\/#primaryimage"},"image":{"@id":"https:\/\/weightlossmedssales.com\/product\/vyvanse-70-mg-2\/#primaryimage"},"thumbnailUrl":"https:\/\/weightlossmedssales.com\/wp-content\/uploads\/2025\/04\/vyvanse-70-mg.jpg","datePublished":"2025-04-18T10:53:00+00:00","breadcrumb":{"@id":"https:\/\/weightlossmedssales.com\/product\/vyvanse-70-mg-2\/#breadcrumb"},"inLanguage":"fr-FR","potentialAction":[{"@type":"ReadAction","target":["https:\/\/weightlossmedssales.com\/product\/vyvanse-70-mg-2\/"]}]},{"@type":"ImageObject","inLanguage":"fr-FR","@id":"https:\/\/weightlossmedssales.com\/product\/vyvanse-70-mg-2\/#primaryimage","url":"https:\/\/weightlossmedssales.com\/wp-content\/uploads\/2025\/04\/vyvanse-70-mg.jpg","contentUrl":"https:\/\/weightlossmedssales.com\/wp-content\/uploads\/2025\/04\/vyvanse-70-mg.jpg","width":1200,"height":1200},{"@type":"BreadcrumbList","@id":"https:\/\/weightlossmedssales.com\/product\/vyvanse-70-mg-2\/#breadcrumb","itemListElement":[{"@type":"ListItem","position":1,"name":"Home","item":"https:\/\/weightlossmedssales.com\/fr\/accueil\/"},{"@type":"ListItem","position":2,"name":"Shop","item":"https:\/\/weightlossmedssales.com\/shop\/"},{"@type":"ListItem","position":3,"name":"Vyvanse 70 mg"}]},{"@type":"WebSite","@id":"https:\/\/weightlossmedssales.com\/#website","url":"https:\/\/weightlossmedssales.com\/","name":"Family Healthcare Pharmacy","description":"Weight Loss Medicines","potentialAction":[{"@type":"SearchAction","target":{"@type":"EntryPoint","urlTemplate":"https:\/\/weightlossmedssales.com\/?s={search_term_string}"},"query-input":{"@type":"PropertyValueSpecification","valueRequired":true,"valueName":"search_term_string"}}],"inLanguage":"fr-FR"}]},"product_price_amount":"3.00","product_price_currency":"USD","og_availability":"instock","product_availability":"instock","product_condition":"new"},"_links":{"self":[{"href":"https:\/\/weightlossmedssales.com\/fr\/wp-json\/wp\/v2\/product\/1881","targetHints":{"allow":["GET"]}}],"collection":[{"href":"https:\/\/weightlossmedssales.com\/fr\/wp-json\/wp\/v2\/product"}],"about":[{"href":"https:\/\/weightlossmedssales.com\/fr\/wp-json\/wp\/v2\/types\/product"}],"replies":[{"embeddable":true,"href":"https:\/\/weightlossmedssales.com\/fr\/wp-json\/wp\/v2\/comments?post=1881"}],"version-history":[{"count":0,"href":"https:\/\/weightlossmedssales.com\/fr\/wp-json\/wp\/v2\/product\/1881\/revisions"}],"wp:featuredmedia":[{"embeddable":true,"href":"https:\/\/weightlossmedssales.com\/fr\/wp-json\/wp\/v2\/media\/1550"}],"wp:attachment":[{"href":"https:\/\/weightlossmedssales.com\/fr\/wp-json\/wp\/v2\/media?parent=1881"}],"wp:term":[{"taxonomy":"product_brand","embeddable":true,"href":"https:\/\/weightlossmedssales.com\/fr\/wp-json\/wp\/v2\/product_brand?post=1881"},{"taxonomy":"product_cat","embeddable":true,"href":"https:\/\/weightlossmedssales.com\/fr\/wp-json\/wp\/v2\/product_cat?post=1881"},{"taxonomy":"product_tag","embeddable":true,"href":"https:\/\/weightlossmedssales.com\/fr\/wp-json\/wp\/v2\/product_tag?post=1881"}],"curies":[{"name":"wp","href":"https:\/\/api.w.org\/{rel}","templated":true}]}}