{"id":1882,"date":"2025-04-18T10:53:00","date_gmt":"2025-04-18T10:53:00","guid":{"rendered":"https:\/\/weightlossmedssales.com\/product\/hydrocodone\/"},"modified":"2025-04-18T10:53:00","modified_gmt":"2025-04-18T10:53:00","slug":"hydrocodone","status":"publish","type":"product","link":"https:\/\/weightlossmedssales.com\/fr\/product\/hydrocodone\/","title":{"rendered":"Hydrocodone"},"content":{"rendered":"<h1>Hydrocodone en vente<\/h1>\n<p><span class=\"styles__StyledText-sc-1vmlgyl-0 jPuXBO re-text\" data-qa=\"description-text-0\">L&rsquo;hydrocodone\/ac\u00e9taminoph\u00e8ne (<\/span><a class=\"styles__StyledAction-sc-1xjy49r-0 NVfj\" tabindex=\"0\" href=\"https:\/\/www.goodrx.com\/vicodin\" target=\"_self\" rel=\"noopener\" data-qa=\"description-link-1\">Vicodin<\/a><span class=\"styles__StyledText-sc-1vmlgyl-0 jPuXBO re-text\" data-qa=\"description-text-2\">, <\/span><a class=\"styles__StyledAction-sc-1xjy49r-0 NVfj\" tabindex=\"0\" href=\"https:\/\/www.goodrx.com\/lorcet\" target=\"_self\" rel=\"noopener\" data-qa=\"description-link-3\">Lorcet<\/a><span class=\"styles__StyledText-sc-1vmlgyl-0 jPuXBO re-text\" data-qa=\"description-text-4\">, <\/span><a class=\"styles__StyledAction-sc-1xjy49r-0 NVfj\" tabindex=\"0\" href=\"https:\/\/www.goodrx.com\/lortab\" target=\"_self\" rel=\"noopener\" data-qa=\"description-link-5\">Lortab<\/a><span class=\"styles__StyledText-sc-1vmlgyl-0 jPuXBO re-text\" data-qa=\"description-text-6\">, <\/span><a class=\"styles__StyledAction-sc-1xjy49r-0 NVfj\" tabindex=\"0\" href=\"https:\/\/www.goodrx.com\/norco\" target=\"_self\" rel=\"noopener\" data-qa=\"description-link-7\">Norco<\/a><span class=\"styles__StyledText-sc-1vmlgyl-0 jPuXBO re-text\" data-qa=\"description-text-8\">, <\/span><a class=\"styles__StyledAction-sc-1xjy49r-0 NVfj\" tabindex=\"0\" href=\"https:\/\/www.goodrx.com\/xodol\" target=\"_self\" rel=\"noopener\" data-qa=\"description-link-9\">Xodol<\/a><span class=\"styles__StyledText-sc-1vmlgyl-0 jPuXBO re-text\" data-qa=\"description-text-10\">, <\/span><a class=\"styles__StyledAction-sc-1xjy49r-0 NVfj\" tabindex=\"0\" href=\"https:\/\/www.goodrx.com\/hycet\" target=\"_self\" rel=\"noopener\" data-qa=\"description-link-11\">Hycet<\/a><span class=\"styles__StyledText-sc-1vmlgyl-0 jPuXBO re-text\" data-qa=\"description-text-12\">) est un m\u00e9dicament peu co\u00fbteux utilis\u00e9 pour traiter <\/span><a class=\"styles__StyledAction-sc-1xjy49r-0 NVfj\" tabindex=\"0\" href=\"https:\/\/www.goodrx.com\/pain\" target=\"_self\" rel=\"noopener\" data-qa=\"description-link-13\">la douleur mod\u00e9r\u00e9e \u00e0 s\u00e9v\u00e8re<\/a><span class=\"styles__StyledText-sc-1vmlgyl-0 jPuXBO re-text\" data-qa=\"description-text-14\">. Il est plus populaire que les m\u00e9dicaments comparables. Il est disponible en plusieurs versions g\u00e9n\u00e9riques et de marque. L&rsquo;hydrocodone\/ac\u00e9taminoph\u00e8ne g\u00e9n\u00e9rique est couvert par la plupart des r\u00e9gimes Medicare et d&rsquo;assurance, mais certains coupons de pharmacie ou prix au comptant peuvent \u00eatre inf\u00e9rieurs.  <\/span><\/p>\n<p>Le Norco (hydrocodone \/ ac\u00e9taminoph\u00e8ne) est un m\u00e9dicament combin\u00e9 contenant de l&rsquo;hydrocodone et de l&rsquo;ac\u00e9taminoph\u00e8ne (le m\u00eame ingr\u00e9dient actif que dans le Tylenol). Il est utilis\u00e9 pour traiter la douleur mod\u00e9r\u00e9e \u00e0 s\u00e9v\u00e8re lorsque les m\u00e9dicaments en vente libre n&rsquo;ont pas fonctionn\u00e9, mais il peut entra\u00eener une d\u00e9pendance et une tol\u00e9rance s&rsquo;il est pris pendant une longue p\u00e9riode. <\/p>\n<h3 class=\"text-align-generic-title lg:text-generic-title text-generic-title font-generic-title-mobile lg:font-generic-title leading-component-1 font-component-1 mb-component-3\">MARQUES COURANTES<\/h3>\n<p class=\"mb-component-1\">Norco, Vicodin, Lortab, Lorcet, Xodol<\/p>\n<h2 class=\"max-w-content mx-auto lg:text-section-title text-section-title-mobile font-section-title font-2 leading-component-1 mb-section-title text-align-section-title border-b-2 border-section-title-underline py-section-title px-component-2\" data-qa=\"sectionTitle\">Qu&rsquo;est-ce que le Norco (hydrocodone \/ ac\u00e9taminoph\u00e8ne) ?<\/h2>\n<div class=\"my-section-child last:mb-0 max-w-content mx-auto px-component-2 px-section-child\" data-qa=\"DSM-SectionChild\">\n<div data-qa=\"BodyCopy\">\n<div class=\"last-child-margin-reset text-component-2 break-words\">\n<h3 class=\"text-align-generic-title lg:text-generic-title text-generic-title font-generic-title-mobile lg:font-generic-title leading-component-1 font-component-1 mb-component-3\">Comment fonctionne le Norco (hydrocodone \/ ac\u00e9taminoph\u00e8ne)<\/h3>\n<p class=\"mb-component-1\">Le Norco (hydrocodone \/ ac\u00e9taminoph\u00e8ne) est une combinaison de deux analg\u00e9siques qui aident \u00e0 traiter la douleur mod\u00e9r\u00e9e \u00e0 s\u00e9v\u00e8re. L&rsquo;hydrocodone est un opio\u00efde qui agit en bloquant les signaux de douleur \u00e0 travers le cerveau et la moelle \u00e9pini\u00e8re. L&rsquo;ac\u00e9taminoph\u00e8ne, \u00e9galement connu sous le nom de Tylenol, est un non-opio\u00efde qui \u00e9limine la douleur en bloquant la production de certaines substances chimiques dans le cerveau.  <\/p>\n<\/div>\n<\/div>\n<\/div>\n<div class=\"my-section-child last:mb-0 max-w-content mx-auto px-component-2 px-section-child\" data-qa=\"DSM-SectionChild\">\n<div data-qa=\"BodyCopy\">\n<div class=\"last-child-margin-reset text-component-2 break-words\">\n<h3 class=\"text-align-generic-title lg:text-generic-title text-generic-title font-generic-title-mobile lg:font-generic-title leading-component-1 font-component-1 mb-component-3\">Pour quoi le Norco (hydrocodone \/ ac\u00e9taminoph\u00e8ne) est-il utilis\u00e9 ?<\/h3>\n<ul class=\"list-disc my-component-4\">\n<li class=\"mb-component-2 ml-bulleted-list\">Douleur mod\u00e9r\u00e9e \u00e0 s\u00e9v\u00e8re<\/li>\n<\/ul>\n<\/div>\n<\/div>\n<\/div>\n<div class=\"my-section-child last:mb-0 max-w-content mx-auto px-component-2 px-section-child\" data-qa=\"DSM-SectionChild\">\n<div class=\"last-child-margin-reset text-component-2 break-words\">\n<h3 class=\"text-align-generic-title lg:text-generic-title text-generic-title font-generic-title-mobile lg:font-generic-title leading-component-1 font-component-1 mb-component-3\">Formes posologiques du Norco (hydrocodone \/ ac\u00e9taminoph\u00e8ne)<\/h3>\n<h3 class=\"text-align-generic-title lg:text-generic-title text-generic-title font-generic-title-mobile lg:font-generic-title leading-component-1 font-component-1 mb-component-3\">Posologie typique du Norco (hydrocodone \/ ac\u00e9taminoph\u00e8ne)<\/h3>\n<p class=\"mb-component-1\">Votre prestataire de soins travaillera avec vous pour prescrire la dose appropri\u00e9e de Norco (hydrocodone \/ ac\u00e9taminoph\u00e8ne) en fonction de vos besoins individuels. Il est recommand\u00e9 d&rsquo;utiliser la dose la plus faible possible pendant la dur\u00e9e la plus courte pour g\u00e9rer votre douleur. <\/p>\n<p class=\"mb-component-1\">En g\u00e9n\u00e9ral, la dose initiale de Norco (hydrocodone \/ ac\u00e9taminoph\u00e8ne) est de 5 mg\/325 mg (hydrocodone\/ac\u00e9taminoph\u00e8ne) par voie orale toutes les 4 \u00e0 6 heures selon les besoins pour soulager la douleur.<\/p>\n<\/div>\n<\/div>\n","protected":false},"excerpt":{"rendered":"<p><strong>Comprim\u00e9s d&rsquo;hydrocodone<\/strong><\/p>\n","protected":false},"featured_media":1529,"menu_order":0,"comment_status":"open","ping_status":"closed","template":"","meta":[],"product_brand":[],"product_cat":[224],"product_tag":[],"class_list":{"0":"post-1882","1":"product","2":"type-product","3":"status-publish","4":"has-post-thumbnail","6":"product_cat-acheter-oxycodone-en-ligne","8":"first","9":"instock","10":"shipping-taxable","11":"purchasable","12":"product-type-simple"},"yoast_head":"<!-- This site is optimized with the Yoast SEO Premium plugin v23.3 (Yoast SEO v27.4) - https:\/\/yoast.com\/product\/yoast-seo-premium-wordpress\/ -->\n<title>Hydrocodone - Family Healthcare Pharmacy<\/title>\n<meta name=\"robots\" content=\"index, follow, max-snippet:-1, max-image-preview:large, max-video-preview:-1\" \/>\n<link rel=\"canonical\" href=\"https:\/\/weightlossmedssales.com\/product\/hydrocodone\/\" \/>\n<meta property=\"og:locale\" content=\"fr_FR\" \/>\n<meta property=\"og:type\" content=\"article\" \/>\n<meta property=\"og:title\" content=\"Hydrocodone\" \/>\n<meta property=\"og:description\" content=\"Comprim\u00e9s d&#039;hydrocodone\" \/>\n<meta property=\"og:url\" content=\"https:\/\/weightlossmedssales.com\/product\/hydrocodone\/\" \/>\n<meta property=\"og:site_name\" content=\"Family Healthcare Pharmacy\" \/>\n<meta name=\"twitter:card\" content=\"summary_large_image\" \/>\n<meta name=\"twitter:label1\" content=\"Prix\" \/>\n\t<meta name=\"twitter:data1\" content=\"&#036;4.00\" \/>\n\t<meta name=\"twitter:label2\" content=\"Disponibilit\u00e9\" \/>\n\t<meta name=\"twitter:data2\" content=\"En stock\" \/>\n<script type=\"application\/ld+json\" class=\"yoast-schema-graph\">{\"@context\":\"https:\\\/\\\/schema.org\",\"@graph\":[{\"@type\":\"WebPage\",\"@id\":\"https:\\\/\\\/weightlossmedssales.com\\\/product\\\/hydrocodone\\\/\",\"url\":\"https:\\\/\\\/weightlossmedssales.com\\\/product\\\/hydrocodone\\\/\",\"name\":\"Hydrocodone - Family Healthcare Pharmacy\",\"isPartOf\":{\"@id\":\"https:\\\/\\\/weightlossmedssales.com\\\/#website\"},\"primaryImageOfPage\":{\"@id\":\"https:\\\/\\\/weightlossmedssales.com\\\/product\\\/hydrocodone\\\/#primaryimage\"},\"image\":{\"@id\":\"https:\\\/\\\/weightlossmedssales.com\\\/product\\\/hydrocodone\\\/#primaryimage\"},\"thumbnailUrl\":\"https:\\\/\\\/weightlossmedssales.com\\\/wp-content\\\/uploads\\\/2025\\\/04\\\/hydrocodone-prescription-medication.jpeg\",\"datePublished\":\"2025-04-18T10:53:00+00:00\",\"breadcrumb\":{\"@id\":\"https:\\\/\\\/weightlossmedssales.com\\\/product\\\/hydrocodone\\\/#breadcrumb\"},\"inLanguage\":\"fr-FR\",\"potentialAction\":[{\"@type\":\"ReadAction\",\"target\":[\"https:\\\/\\\/weightlossmedssales.com\\\/product\\\/hydrocodone\\\/\"]}]},{\"@type\":\"ImageObject\",\"inLanguage\":\"fr-FR\",\"@id\":\"https:\\\/\\\/weightlossmedssales.com\\\/product\\\/hydrocodone\\\/#primaryimage\",\"url\":\"https:\\\/\\\/weightlossmedssales.com\\\/wp-content\\\/uploads\\\/2025\\\/04\\\/hydrocodone-prescription-medication.jpeg\",\"contentUrl\":\"https:\\\/\\\/weightlossmedssales.com\\\/wp-content\\\/uploads\\\/2025\\\/04\\\/hydrocodone-prescription-medication.jpeg\",\"width\":1200,\"height\":630},{\"@type\":\"BreadcrumbList\",\"@id\":\"https:\\\/\\\/weightlossmedssales.com\\\/product\\\/hydrocodone\\\/#breadcrumb\",\"itemListElement\":[{\"@type\":\"ListItem\",\"position\":1,\"name\":\"Home\",\"item\":\"https:\\\/\\\/weightlossmedssales.com\\\/fr\\\/accueil\\\/\"},{\"@type\":\"ListItem\",\"position\":2,\"name\":\"Shop\",\"item\":\"https:\\\/\\\/weightlossmedssales.com\\\/shop\\\/\"},{\"@type\":\"ListItem\",\"position\":3,\"name\":\"Hydrocodone\"}]},{\"@type\":\"WebSite\",\"@id\":\"https:\\\/\\\/weightlossmedssales.com\\\/#website\",\"url\":\"https:\\\/\\\/weightlossmedssales.com\\\/\",\"name\":\"Family Healthcare Pharmacy\",\"description\":\"Weight Loss Medicines\",\"potentialAction\":[{\"@type\":\"SearchAction\",\"target\":{\"@type\":\"EntryPoint\",\"urlTemplate\":\"https:\\\/\\\/weightlossmedssales.com\\\/?s={search_term_string}\"},\"query-input\":{\"@type\":\"PropertyValueSpecification\",\"valueRequired\":true,\"valueName\":\"search_term_string\"}}],\"inLanguage\":\"fr-FR\"}]}<\/script>\n<meta property=\"product:price:amount\" content=\"4.00\" \/>\n<meta property=\"product:price:currency\" content=\"USD\" \/>\n<meta property=\"og:availability\" content=\"instock\" \/>\n<meta property=\"product:availability\" content=\"instock\" \/>\n<meta property=\"product:condition\" content=\"new\" \/>\n<!-- \/ Yoast SEO Premium plugin. -->","yoast_head_json":{"title":"Hydrocodone - Family Healthcare Pharmacy","robots":{"index":"index","follow":"follow","max-snippet":"max-snippet:-1","max-image-preview":"max-image-preview:large","max-video-preview":"max-video-preview:-1"},"canonical":"https:\/\/weightlossmedssales.com\/product\/hydrocodone\/","og_locale":"fr_FR","og_type":"article","og_title":"Hydrocodone","og_description":"Comprim\u00e9s d'hydrocodone","og_url":"https:\/\/weightlossmedssales.com\/product\/hydrocodone\/","og_site_name":"Family Healthcare Pharmacy","twitter_card":"summary_large_image","twitter_misc":{"Prix":"&#36;4.00","Disponibilit\u00e9":"En stock"},"schema":{"@context":"https:\/\/schema.org","@graph":[{"@type":"WebPage","@id":"https:\/\/weightlossmedssales.com\/product\/hydrocodone\/","url":"https:\/\/weightlossmedssales.com\/product\/hydrocodone\/","name":"Hydrocodone - Family Healthcare Pharmacy","isPartOf":{"@id":"https:\/\/weightlossmedssales.com\/#website"},"primaryImageOfPage":{"@id":"https:\/\/weightlossmedssales.com\/product\/hydrocodone\/#primaryimage"},"image":{"@id":"https:\/\/weightlossmedssales.com\/product\/hydrocodone\/#primaryimage"},"thumbnailUrl":"https:\/\/weightlossmedssales.com\/wp-content\/uploads\/2025\/04\/hydrocodone-prescription-medication.jpeg","datePublished":"2025-04-18T10:53:00+00:00","breadcrumb":{"@id":"https:\/\/weightlossmedssales.com\/product\/hydrocodone\/#breadcrumb"},"inLanguage":"fr-FR","potentialAction":[{"@type":"ReadAction","target":["https:\/\/weightlossmedssales.com\/product\/hydrocodone\/"]}]},{"@type":"ImageObject","inLanguage":"fr-FR","@id":"https:\/\/weightlossmedssales.com\/product\/hydrocodone\/#primaryimage","url":"https:\/\/weightlossmedssales.com\/wp-content\/uploads\/2025\/04\/hydrocodone-prescription-medication.jpeg","contentUrl":"https:\/\/weightlossmedssales.com\/wp-content\/uploads\/2025\/04\/hydrocodone-prescription-medication.jpeg","width":1200,"height":630},{"@type":"BreadcrumbList","@id":"https:\/\/weightlossmedssales.com\/product\/hydrocodone\/#breadcrumb","itemListElement":[{"@type":"ListItem","position":1,"name":"Home","item":"https:\/\/weightlossmedssales.com\/fr\/accueil\/"},{"@type":"ListItem","position":2,"name":"Shop","item":"https:\/\/weightlossmedssales.com\/shop\/"},{"@type":"ListItem","position":3,"name":"Hydrocodone"}]},{"@type":"WebSite","@id":"https:\/\/weightlossmedssales.com\/#website","url":"https:\/\/weightlossmedssales.com\/","name":"Family Healthcare Pharmacy","description":"Weight Loss Medicines","potentialAction":[{"@type":"SearchAction","target":{"@type":"EntryPoint","urlTemplate":"https:\/\/weightlossmedssales.com\/?s={search_term_string}"},"query-input":{"@type":"PropertyValueSpecification","valueRequired":true,"valueName":"search_term_string"}}],"inLanguage":"fr-FR"}]},"product_price_amount":"4.00","product_price_currency":"USD","og_availability":"instock","product_availability":"instock","product_condition":"new"},"_links":{"self":[{"href":"https:\/\/weightlossmedssales.com\/fr\/wp-json\/wp\/v2\/product\/1882","targetHints":{"allow":["GET"]}}],"collection":[{"href":"https:\/\/weightlossmedssales.com\/fr\/wp-json\/wp\/v2\/product"}],"about":[{"href":"https:\/\/weightlossmedssales.com\/fr\/wp-json\/wp\/v2\/types\/product"}],"replies":[{"embeddable":true,"href":"https:\/\/weightlossmedssales.com\/fr\/wp-json\/wp\/v2\/comments?post=1882"}],"version-history":[{"count":0,"href":"https:\/\/weightlossmedssales.com\/fr\/wp-json\/wp\/v2\/product\/1882\/revisions"}],"wp:featuredmedia":[{"embeddable":true,"href":"https:\/\/weightlossmedssales.com\/fr\/wp-json\/wp\/v2\/media\/1529"}],"wp:attachment":[{"href":"https:\/\/weightlossmedssales.com\/fr\/wp-json\/wp\/v2\/media?parent=1882"}],"wp:term":[{"taxonomy":"product_brand","embeddable":true,"href":"https:\/\/weightlossmedssales.com\/fr\/wp-json\/wp\/v2\/product_brand?post=1882"},{"taxonomy":"product_cat","embeddable":true,"href":"https:\/\/weightlossmedssales.com\/fr\/wp-json\/wp\/v2\/product_cat?post=1882"},{"taxonomy":"product_tag","embeddable":true,"href":"https:\/\/weightlossmedssales.com\/fr\/wp-json\/wp\/v2\/product_tag?post=1882"}],"curies":[{"name":"wp","href":"https:\/\/api.w.org\/{rel}","templated":true}]}}