{"id":1890,"date":"2025-04-18T10:53:00","date_gmt":"2025-04-18T10:53:00","guid":{"rendered":"https:\/\/weightlossmedssales.com\/product\/adderall-xr-30-mg\/"},"modified":"2025-04-18T10:53:00","modified_gmt":"2025-04-18T10:53:00","slug":"adderall-xr-30-mg","status":"publish","type":"product","link":"https:\/\/weightlossmedssales.com\/fr\/product\/adderall-xr-30-mg\/","title":{"rendered":"Adderall XR 30 mg"},"content":{"rendered":"<h1>Adderall XR 30 mg en vente<\/h1>\n<p>L&rsquo;Adderall XR est utilis\u00e9 pour traiter le <a class=\"text-primary hover:text-simple-link-hover\" href=\"https:\/\/www.goodrx.com\/conditions\/adhd\" target=\"_self\" rel=\"noopener\" data-qa=\"DSM-Link\" data-location=\"Content\" data-type=\"body-copy-group\" data-url=\"https:\/\/www.goodrx.com\/conditions\/adhd\" data-content=\"attention-deficit\/hyperactivity disorder (ADHD)\" data-content-id=\"50c5506f-1d16-45b2-9f46-dc5a49876e14\" data-content-category=\"\" data-content-category-id=\"basics\" data-content-position=\"1\">trouble d\u00e9ficitaire de l&rsquo;attention avec hyperactivit\u00e9 (TDAH)<\/a>. En tant que stimulant, il peut provoquer des difficult\u00e9s d&rsquo;endormissement. Il pr\u00e9sente \u00e9galement un risque \u00e9lev\u00e9 d&rsquo;abus et de d\u00e9pendance.  <\/p>\n<p>Le m\u00e9lange de sels d&rsquo;amph\u00e9tamine XR (Adderall XR) est un stimulant du syst\u00e8me nerveux central utilis\u00e9 pour traiter le trouble d\u00e9ficitaire de l&rsquo;attention avec hyperactivit\u00e9 (TDAH). Il est l\u00e9g\u00e8rement plus populaire que les m\u00e9dicaments comparables. Il est disponible en versions g\u00e9n\u00e9rique et de marque. Le m\u00e9lange de sels d&rsquo;amph\u00e9tamine XR g\u00e9n\u00e9rique est couvert par la plupart des plans Medicare et d&rsquo;assurance, mais certains coupons de pharmacie ou prix au comptant peuvent \u00eatre inf\u00e9rieurs.   <\/p>\n<div class=\"relative flex items-center cursor-pointer outline-none py-faq-gallery\" tabindex=\"0\" role=\"button\" aria-expanded=\"true\" aria-controls=\"faq-answer-63058c0a-25e3-47ba-baa2-8935d0f9015f\">\n<h3 class=\"text-component-2 text-primary font-bold\">Le Strattera est-il similaire \u00e0 l&rsquo;Adderall IR ?<\/h3>\n<\/div>\n<div id=\"faq-answer-63058c0a-25e3-47ba-baa2-8935d0f9015f\" class=\"ml-6\" data-qa=\"faq-answer-63058c0a-25e3-47ba-baa2-8935d0f9015f\">\n<div class=\"mb-component-3 text-component-2\">\n<div class=\"break-words\">\n<p class=\"mb-component-1\">Ces deux m\u00e9dicaments sont tous deux utilis\u00e9s pour traiter le trouble d\u00e9ficitaire de l&rsquo;attention avec hyperactivit\u00e9 (TDAH), mais leur mode de fonctionnement et d&rsquo;action sur votre corps sont compl\u00e8tement diff\u00e9rents. Strattera (atomox\u00e9tine) est un inhibiteur s\u00e9lectif de la recapture de la noradr\u00e9naline et n&rsquo;est pas addictif compar\u00e9 \u00e0 l&rsquo;Adderall IR, qui est un stimulant et peut cr\u00e9er une d\u00e9pendance s&rsquo;il est utilis\u00e9 de mani\u00e8re inappropri\u00e9e. <\/p>\n<div class=\"relative flex items-center cursor-pointer outline-none py-faq-gallery\" tabindex=\"0\" role=\"button\" aria-expanded=\"true\" aria-controls=\"faq-answer-06ff9866-efd5-4a20-b418-085e92511b1e\">\n<h3 class=\"text-component-2 text-primary font-bold\">Combien de temps faut-il pour que l&rsquo;effet de l&rsquo;Adderall IR se dissipe ?<\/h3>\n<\/div>\n<div id=\"faq-answer-06ff9866-efd5-4a20-b418-085e92511b1e\" class=\"ml-6\" data-qa=\"faq-answer-06ff9866-efd5-4a20-b418-085e92511b1e\">\n<div class=\"mb-component-3 text-component-2\">\n<div class=\"break-words\">\n<p class=\"mb-component-1\">La forme \u00e0 lib\u00e9ration imm\u00e9diate agit dans les 30 minutes et peut durer entre 4 et 6 heures. La forme \u00e0 lib\u00e9ration prolong\u00e9e peut durer jusqu&rsquo;\u00e0 12 heures. <\/p>\n<h3 class=\"text-align-generic-title lg:text-generic-title text-generic-title font-generic-title-mobile lg:font-generic-title leading-component-1 font-component-1 mb-component-3\">MARQUES COURANTES<\/h3>\n<p class=\"mb-component-1\">Adderall XR, Mydayis<\/p>\n<h3 class=\"text-align-generic-title lg:text-generic-title text-generic-title font-generic-title-mobile lg:font-generic-title leading-component-1 font-component-1 mb-component-3\">CLASSE DE M\u00c9DICAMENTS<\/h3>\n<p class=\"mb-component-1\">Stimulant<\/p>\n<h3 class=\"text-align-generic-title lg:text-generic-title text-generic-title font-generic-title-mobile lg:font-generic-title leading-component-1 font-component-1 mb-component-3\">STATUT G\u00c9N\u00c9RIQUE<\/h3>\n<p class=\"mb-component-1\">G\u00e9n\u00e9rique \u00e0 moindre co\u00fbt disponible<\/p>\n<div class=\"my-section-child last:mb-0 max-w-content mx-auto px-component-2 px-section-child\" data-qa=\"DSM-SectionChild\">\n<div data-qa=\"BodyCopy\">\n<div class=\"last-child-margin-reset text-component-2 break-words\">\n<h3 class=\"text-align-generic-title lg:text-generic-title text-generic-title font-generic-title-mobile lg:font-generic-title leading-component-1 font-component-1 mb-component-3\">Comment fonctionne l&rsquo;Adderall XR<\/h3>\n<p class=\"mb-component-1\">L&rsquo;Adderall XR est un stimulant. Il agit dans le cerveau pour augmenter les niveaux de noradr\u00e9naline et de dopamine. La noradr\u00e9naline et la dopamine sont des substances chimiques dans votre cerveau qui am\u00e9liorent l&rsquo;attention, la vigilance et le comportement.  <\/p>\n<\/div>\n<\/div>\n<\/div>\n<div class=\"my-section-child last:mb-0 max-w-content mx-auto px-component-2 px-section-child\" data-qa=\"DSM-SectionChild\">\n<div data-qa=\"BodyCopy\">\n<div class=\"last-child-margin-reset text-component-2 break-words\">\n<h3 class=\"text-align-generic-title lg:text-generic-title text-generic-title font-generic-title-mobile lg:font-generic-title leading-component-1 font-component-1 mb-component-3\">Pour quoi l&rsquo;Adderall XR est-il utilis\u00e9 ?<\/h3>\n<ul class=\"list-disc my-component-4\">\n<li class=\"mb-component-2 ml-bulleted-list\">Trouble d\u00e9ficitaire de l&rsquo;attention avec hyperactivit\u00e9 (TDAH)<\/li>\n<\/ul>\n<\/div>\n<\/div>\n<\/div>\n<div class=\"my-section-child last:mb-0 max-w-content mx-auto px-component-2 px-section-child\" data-qa=\"DSM-SectionChild\">\n<div class=\"last-child-margin-reset text-component-2 break-words\">\n<h3 class=\"text-align-generic-title lg:text-generic-title text-generic-title font-generic-title-mobile lg:font-generic-title leading-component-1 font-component-1 mb-component-3\">Formes posologiques de l&rsquo;Adderall XR<\/h3>\n<div class=\"flex flex-wrap mt-component-5 text-component-1\">\n<div class=\"w-full md:w-1\/2 mb-component-1 flex\">\n<div class=\"flex-initial w-full\"><span class=\"capitalize\">G\u00e9lule<\/span><\/p>\n<div class=\"pt-3 flex-inital flex flex-wrap\"><a class=\"text-primary pr-3 whitespace-nowrap\" href=\"https:\/\/www.goodrx.com\/adderall-xr?dosage=5mg&amp;form=capsule&amp;quantity=30\" target=\"\" rel=\"noopener\" data-qa=\"DSM-Link\">5mg <\/a><a class=\"text-primary pr-3 whitespace-nowrap\" href=\"https:\/\/www.goodrx.com\/adderall-xr?dosage=10mg&amp;form=capsule&amp;quantity=30\" target=\"\" rel=\"noopener\" data-qa=\"DSM-Link\">10mg <\/a><a class=\"text-primary pr-3 whitespace-nowrap\" href=\"https:\/\/www.goodrx.com\/adderall-xr?dosage=15mg&amp;form=capsule&amp;quantity=30\" target=\"\" rel=\"noopener\" data-qa=\"DSM-Link\">15mg <\/a><a class=\"text-primary pr-3 whitespace-nowrap\" href=\"https:\/\/www.goodrx.com\/adderall-xr?dosage=20mg&amp;form=capsule&amp;quantity=30\" target=\"\" rel=\"noopener\" data-qa=\"DSM-Link\">20mg <\/a><a class=\"text-primary pr-3 whitespace-nowrap\" href=\"https:\/\/www.goodrx.com\/adderall-xr?dosage=25mg&amp;form=capsule&amp;quantity=30\" target=\"\" rel=\"noopener\" data-qa=\"DSM-Link\">25mg <\/a><a class=\"text-primary pr-3 whitespace-nowrap\" href=\"https:\/\/www.goodrx.com\/adderall-xr?dosage=30mg&amp;form=capsule&amp;quantity=30\" target=\"\" rel=\"noopener\" data-qa=\"DSM-Link\">30mg<\/a><\/div>\n<\/div>\n<\/div>\n<\/div>\n<\/div>\n<\/div>\n<div>\n<div class=\"relative flex items-center cursor-pointer outline-none py-faq-gallery\" tabindex=\"0\" role=\"button\" aria-expanded=\"true\" aria-controls=\"faq-answer-3cdfa2c2-8b40-448a-b1da-8542376e9562\">\n<p class=\"text-component-2 text-primary font-bold\">L&rsquo;Adderall XR est-il s\u00fbr pendant la grossesse ?<\/p>\n<\/div>\n<div id=\"faq-answer-3cdfa2c2-8b40-448a-b1da-8542376e9562\" class=\"ml-6\" data-qa=\"faq-answer-3cdfa2c2-8b40-448a-b1da-8542376e9562\">\n<div class=\"mb-component-3 text-component-2\">\n<div class=\"break-words\">\n<p class=\"mb-component-1\">L&rsquo;Adderall XR pourrait nuire \u00e0 votre b\u00e9b\u00e9 \u00e0 na\u00eetre, alors informez votre prestataire si vous \u00eates enceinte ou pr\u00e9voyez de le devenir avant de prendre ce m\u00e9dicament. Si vous prenez de l&rsquo;Adderall XR pendant la grossesse, visitez le site web du <a class=\"text-primary hover:text-simple-link-hover\" href=\"https:\/\/womensmentalhealth.org\/research\/pregnancyregistry\/\" target=\"_blank\" rel=\"noopener noreferrer\" data-qa=\"DSM-Link\" data-url=\"https:\/\/womensmentalhealth.org\/research\/pregnancyregistry\/\" data-content=\"National Pregnancy Registry for Psychiatric Medications\">Registre national de grossesse pour les m\u00e9dicaments psychiatriques<\/a> ou appelez le 1-866-961-2388 pour vous inscrire \u00e0 un registre de grossesse qui peut surveiller votre sant\u00e9 et celle de votre b\u00e9b\u00e9. <\/p>\n<\/div>\n<\/div>\n<\/div>\n<\/div>\n<\/div>\n<\/div>\n<\/div>\n<\/div>\n<\/div>\n<\/div>\n<p>&nbsp;<\/p>\n","protected":false},"excerpt":{"rendered":"<p><strong>Adderall XR<\/strong><cx id=\"gid_1\"><\/cx><strong>Dosage : 30 mg<\/strong><\/p>\n","protected":false},"featured_media":1559,"menu_order":0,"comment_status":"open","ping_status":"closed","template":"","meta":[],"product_brand":[],"product_cat":[194],"product_tag":[],"class_list":{"0":"post-1890","1":"product","2":"type-product","3":"status-publish","4":"has-post-thumbnail","6":"product_cat-acheter-adderall-en-ligne","8":"first","9":"instock","10":"featured","11":"shipping-taxable","12":"purchasable","13":"product-type-simple"},"yoast_head":"<!-- This site is optimized with the Yoast SEO Premium plugin v23.3 (Yoast SEO v26.4) - https:\/\/yoast.com\/wordpress\/plugins\/seo\/ -->\n<title>Adderall XR 30 mg - Family Healthcare Pharmacy<\/title>\n<meta name=\"robots\" content=\"index, follow, max-snippet:-1, max-image-preview:large, max-video-preview:-1\" \/>\n<link rel=\"canonical\" href=\"https:\/\/weightlossmedssales.com\/product\/adderall-xr-30-mg\/\" \/>\n<meta property=\"og:locale\" content=\"fr_FR\" \/>\n<meta property=\"og:type\" content=\"article\" \/>\n<meta property=\"og:title\" content=\"Adderall XR 30 mg\" \/>\n<meta property=\"og:description\" content=\"Adderall XRDosage : 30 mg\" \/>\n<meta property=\"og:url\" content=\"https:\/\/weightlossmedssales.com\/product\/adderall-xr-30-mg\/\" \/>\n<meta property=\"og:site_name\" content=\"Family Healthcare Pharmacy\" \/>\n<meta name=\"twitter:card\" content=\"summary_large_image\" \/>\n<meta name=\"twitter:label1\" content=\"Prix\" \/>\n\t<meta name=\"twitter:data1\" content=\"&#036;3.00\" \/>\n\t<meta name=\"twitter:label2\" content=\"Disponibilit\u00e9\" \/>\n\t<meta name=\"twitter:data2\" content=\"En stock\" \/>\n<script type=\"application\/ld+json\" class=\"yoast-schema-graph\">{\"@context\":\"https:\/\/schema.org\",\"@graph\":[{\"@type\":\"WebPage\",\"@id\":\"https:\/\/weightlossmedssales.com\/product\/adderall-xr-30-mg\/\",\"url\":\"https:\/\/weightlossmedssales.com\/product\/adderall-xr-30-mg\/\",\"name\":\"Adderall XR 30 mg - Family Healthcare Pharmacy\",\"isPartOf\":{\"@id\":\"https:\/\/weightlossmedssales.com\/#website\"},\"primaryImageOfPage\":{\"@id\":\"https:\/\/weightlossmedssales.com\/product\/adderall-xr-30-mg\/#primaryimage\"},\"image\":{\"@id\":\"https:\/\/weightlossmedssales.com\/product\/adderall-xr-30-mg\/#primaryimage\"},\"thumbnailUrl\":\"https:\/\/weightlossmedssales.com\/wp-content\/uploads\/2025\/04\/adderall.jpg\",\"datePublished\":\"2025-04-18T10:53:00+00:00\",\"breadcrumb\":{\"@id\":\"https:\/\/weightlossmedssales.com\/product\/adderall-xr-30-mg\/#breadcrumb\"},\"inLanguage\":\"fr-FR\",\"potentialAction\":[{\"@type\":\"ReadAction\",\"target\":[\"https:\/\/weightlossmedssales.com\/product\/adderall-xr-30-mg\/\"]}]},{\"@type\":\"ImageObject\",\"inLanguage\":\"fr-FR\",\"@id\":\"https:\/\/weightlossmedssales.com\/product\/adderall-xr-30-mg\/#primaryimage\",\"url\":\"https:\/\/weightlossmedssales.com\/wp-content\/uploads\/2025\/04\/adderall.jpg\",\"contentUrl\":\"https:\/\/weightlossmedssales.com\/wp-content\/uploads\/2025\/04\/adderall.jpg\",\"width\":1200,\"height\":800},{\"@type\":\"BreadcrumbList\",\"@id\":\"https:\/\/weightlossmedssales.com\/product\/adderall-xr-30-mg\/#breadcrumb\",\"itemListElement\":[{\"@type\":\"ListItem\",\"position\":1,\"name\":\"Home\",\"item\":\"https:\/\/weightlossmedssales.com\/fr\/accueil\/\"},{\"@type\":\"ListItem\",\"position\":2,\"name\":\"Shop\",\"item\":\"https:\/\/weightlossmedssales.com\/shop\/\"},{\"@type\":\"ListItem\",\"position\":3,\"name\":\"Adderall XR 30 mg\"}]},{\"@type\":\"WebSite\",\"@id\":\"https:\/\/weightlossmedssales.com\/#website\",\"url\":\"https:\/\/weightlossmedssales.com\/\",\"name\":\"Family Healthcare Pharmacy\",\"description\":\"Weight Loss Medicines\",\"potentialAction\":[{\"@type\":\"SearchAction\",\"target\":{\"@type\":\"EntryPoint\",\"urlTemplate\":\"https:\/\/weightlossmedssales.com\/?s={search_term_string}\"},\"query-input\":{\"@type\":\"PropertyValueSpecification\",\"valueRequired\":true,\"valueName\":\"search_term_string\"}}],\"inLanguage\":\"fr-FR\"}]}<\/script>\n<meta property=\"product:price:amount\" content=\"3.00\" \/>\n<meta property=\"product:price:currency\" content=\"USD\" \/>\n<meta property=\"og:availability\" content=\"instock\" \/>\n<meta property=\"product:availability\" content=\"instock\" \/>\n<meta property=\"product:condition\" content=\"new\" \/>\n<!-- \/ Yoast SEO Premium plugin. -->","yoast_head_json":{"title":"Adderall XR 30 mg - Family Healthcare Pharmacy","robots":{"index":"index","follow":"follow","max-snippet":"max-snippet:-1","max-image-preview":"max-image-preview:large","max-video-preview":"max-video-preview:-1"},"canonical":"https:\/\/weightlossmedssales.com\/product\/adderall-xr-30-mg\/","og_locale":"fr_FR","og_type":"article","og_title":"Adderall XR 30 mg","og_description":"Adderall XRDosage : 30 mg","og_url":"https:\/\/weightlossmedssales.com\/product\/adderall-xr-30-mg\/","og_site_name":"Family Healthcare Pharmacy","twitter_card":"summary_large_image","twitter_misc":{"Prix":"&#36;3.00","Disponibilit\u00e9":"En stock"},"schema":{"@context":"https:\/\/schema.org","@graph":[{"@type":"WebPage","@id":"https:\/\/weightlossmedssales.com\/product\/adderall-xr-30-mg\/","url":"https:\/\/weightlossmedssales.com\/product\/adderall-xr-30-mg\/","name":"Adderall XR 30 mg - Family Healthcare Pharmacy","isPartOf":{"@id":"https:\/\/weightlossmedssales.com\/#website"},"primaryImageOfPage":{"@id":"https:\/\/weightlossmedssales.com\/product\/adderall-xr-30-mg\/#primaryimage"},"image":{"@id":"https:\/\/weightlossmedssales.com\/product\/adderall-xr-30-mg\/#primaryimage"},"thumbnailUrl":"https:\/\/weightlossmedssales.com\/wp-content\/uploads\/2025\/04\/adderall.jpg","datePublished":"2025-04-18T10:53:00+00:00","breadcrumb":{"@id":"https:\/\/weightlossmedssales.com\/product\/adderall-xr-30-mg\/#breadcrumb"},"inLanguage":"fr-FR","potentialAction":[{"@type":"ReadAction","target":["https:\/\/weightlossmedssales.com\/product\/adderall-xr-30-mg\/"]}]},{"@type":"ImageObject","inLanguage":"fr-FR","@id":"https:\/\/weightlossmedssales.com\/product\/adderall-xr-30-mg\/#primaryimage","url":"https:\/\/weightlossmedssales.com\/wp-content\/uploads\/2025\/04\/adderall.jpg","contentUrl":"https:\/\/weightlossmedssales.com\/wp-content\/uploads\/2025\/04\/adderall.jpg","width":1200,"height":800},{"@type":"BreadcrumbList","@id":"https:\/\/weightlossmedssales.com\/product\/adderall-xr-30-mg\/#breadcrumb","itemListElement":[{"@type":"ListItem","position":1,"name":"Home","item":"https:\/\/weightlossmedssales.com\/fr\/accueil\/"},{"@type":"ListItem","position":2,"name":"Shop","item":"https:\/\/weightlossmedssales.com\/shop\/"},{"@type":"ListItem","position":3,"name":"Adderall XR 30 mg"}]},{"@type":"WebSite","@id":"https:\/\/weightlossmedssales.com\/#website","url":"https:\/\/weightlossmedssales.com\/","name":"Family Healthcare Pharmacy","description":"Weight Loss Medicines","potentialAction":[{"@type":"SearchAction","target":{"@type":"EntryPoint","urlTemplate":"https:\/\/weightlossmedssales.com\/?s={search_term_string}"},"query-input":{"@type":"PropertyValueSpecification","valueRequired":true,"valueName":"search_term_string"}}],"inLanguage":"fr-FR"}]},"product_price_amount":"3.00","product_price_currency":"USD","og_availability":"instock","product_availability":"instock","product_condition":"new"},"_links":{"self":[{"href":"https:\/\/weightlossmedssales.com\/fr\/wp-json\/wp\/v2\/product\/1890","targetHints":{"allow":["GET"]}}],"collection":[{"href":"https:\/\/weightlossmedssales.com\/fr\/wp-json\/wp\/v2\/product"}],"about":[{"href":"https:\/\/weightlossmedssales.com\/fr\/wp-json\/wp\/v2\/types\/product"}],"replies":[{"embeddable":true,"href":"https:\/\/weightlossmedssales.com\/fr\/wp-json\/wp\/v2\/comments?post=1890"}],"version-history":[{"count":0,"href":"https:\/\/weightlossmedssales.com\/fr\/wp-json\/wp\/v2\/product\/1890\/revisions"}],"wp:featuredmedia":[{"embeddable":true,"href":"https:\/\/weightlossmedssales.com\/fr\/wp-json\/wp\/v2\/media\/1559"}],"wp:attachment":[{"href":"https:\/\/weightlossmedssales.com\/fr\/wp-json\/wp\/v2\/media?parent=1890"}],"wp:term":[{"taxonomy":"product_brand","embeddable":true,"href":"https:\/\/weightlossmedssales.com\/fr\/wp-json\/wp\/v2\/product_brand?post=1890"},{"taxonomy":"product_cat","embeddable":true,"href":"https:\/\/weightlossmedssales.com\/fr\/wp-json\/wp\/v2\/product_cat?post=1890"},{"taxonomy":"product_tag","embeddable":true,"href":"https:\/\/weightlossmedssales.com\/fr\/wp-json\/wp\/v2\/product_tag?post=1890"}],"curies":[{"name":"wp","href":"https:\/\/api.w.org\/{rel}","templated":true}]}}