{"id":1894,"date":"2025-04-18T10:53:00","date_gmt":"2025-04-18T10:53:00","guid":{"rendered":"https:\/\/weightlossmedssales.com\/product\/adderall-xr-15-mg\/"},"modified":"2025-04-18T10:53:00","modified_gmt":"2025-04-18T10:53:00","slug":"adderall-xr-15-mg","status":"publish","type":"product","link":"https:\/\/weightlossmedssales.com\/fr\/product\/adderall-xr-15-mg\/","title":{"rendered":"Adderall XR 15 mg"},"content":{"rendered":"<h1>Adderall XR 15 mg \u00e0 vendre<\/h1>\n<p>L&rsquo;Adderall XR est utilis\u00e9 pour traiter le <a class=\"text-primary hover:text-simple-link-hover\" href=\"https:\/\/www.goodrx.com\/conditions\/adhd\" target=\"_self\" rel=\"noopener\" data-qa=\"DSM-Link\" data-location=\"Content\" data-type=\"body-copy-group\" data-url=\"https:\/\/www.goodrx.com\/conditions\/adhd\" data-content=\"attention-deficit\/hyperactivity disorder (ADHD)\" data-content-id=\"50c5506f-1d16-45b2-9f46-dc5a49876e14\" data-content-category=\"\" data-content-category-id=\"basics\" data-content-position=\"1\">trouble d\u00e9ficitaire de l&rsquo;attention avec hyperactivit\u00e9 (TDAH)<\/a>. En tant que stimulant, il peut provoquer des difficult\u00e9s d&rsquo;endormissement. Il pr\u00e9sente \u00e9galement un risque \u00e9lev\u00e9 d&rsquo;abus et de d\u00e9pendance.  <\/p>\n<div class=\"my-section-child last:mb-0 max-w-content mx-auto px-component-2 px-section-child\" data-qa=\"DSM-SectionChild\">\n<div data-qa=\"BodyCopy\">\n<div class=\"last-child-margin-reset text-component-2 break-words\">\n<h3 class=\"text-align-generic-title lg:text-generic-title text-generic-title font-generic-title-mobile lg:font-generic-title leading-component-1 font-component-1 mb-component-3\">Comment fonctionne l&rsquo;Adderall XR<\/h3>\n<p class=\"mb-component-1\">L&rsquo;Adderall XR est un stimulant. Il agit dans le cerveau pour augmenter les niveaux de noradr\u00e9naline et de dopamine. La noradr\u00e9naline et la dopamine sont des substances chimiques dans votre cerveau qui am\u00e9liorent l&rsquo;attention, la vigilance et le comportement.  <\/p>\n<\/div>\n<\/div>\n<\/div>\n<div class=\"my-section-child last:mb-0 max-w-content mx-auto px-component-2 px-section-child\" data-qa=\"DSM-SectionChild\">\n<div data-qa=\"BodyCopy\">\n<div class=\"last-child-margin-reset text-component-2 break-words\">\n<h3 class=\"text-align-generic-title lg:text-generic-title text-generic-title font-generic-title-mobile lg:font-generic-title leading-component-1 font-component-1 mb-component-3\">Pour quoi l&rsquo;Adderall XR est-il utilis\u00e9 ?<\/h3>\n<ul class=\"list-disc my-component-4\">\n<li class=\"mb-component-2 ml-bulleted-list\">Trouble d\u00e9ficitaire de l&rsquo;attention avec hyperactivit\u00e9 (TDAH)<\/li>\n<\/ul>\n<\/div>\n<\/div>\n<\/div>\n<div class=\"relative flex items-center cursor-pointer outline-none py-faq-gallery\" tabindex=\"0\" role=\"button\" aria-expanded=\"true\" aria-controls=\"faq-answer-3cdfa2c2-8b40-448a-b1da-8542376e9562\">\n<p class=\"text-component-2 text-primary font-bold\">L&rsquo;Adderall XR est-il s\u00fbr pendant la grossesse ?<\/p>\n<\/div>\n<div id=\"faq-answer-3cdfa2c2-8b40-448a-b1da-8542376e9562\" class=\"ml-6\" data-qa=\"faq-answer-3cdfa2c2-8b40-448a-b1da-8542376e9562\">\n<div class=\"mb-component-3 text-component-2\">\n<div class=\"break-words\">\n<p class=\"mb-component-1\">L&rsquo;Adderall XR pourrait nuire \u00e0 votre b\u00e9b\u00e9 \u00e0 na\u00eetre, alors informez votre prestataire si vous \u00eates enceinte ou pr\u00e9voyez de le devenir avant de prendre ce m\u00e9dicament. Si vous prenez de l&rsquo;Adderall XR pendant la grossesse, visitez le site web du <a class=\"text-primary hover:text-simple-link-hover\" href=\"https:\/\/womensmentalhealth.org\/research\/pregnancyregistry\/\" target=\"_blank\" rel=\"noopener noreferrer\" data-qa=\"DSM-Link\" data-url=\"https:\/\/womensmentalhealth.org\/research\/pregnancyregistry\/\" data-content=\"National Pregnancy Registry for Psychiatric Medications\">Registre national de grossesse pour les m\u00e9dicaments psychiatriques<\/a> ou appelez le 1-866-961-2388 pour vous inscrire \u00e0 un registre de grossesse qui peut surveiller votre sant\u00e9 et celle de votre b\u00e9b\u00e9. <\/p>\n<h2 class=\"max-w-content mx-auto lg:text-section-title text-section-title-mobile font-section-title font-2 leading-component-1 mb-section-title text-align-section-title border-b-2 border-section-title-underline py-section-title px-component-2\" data-qa=\"sectionTitle\">Avantages et inconv\u00e9nients de l&rsquo;Adderall XR<\/h2>\n<div class=\"my-section-child last:mb-0 max-w-content mx-auto px-component-2 px-section-child\" data-qa=\"DSM-SectionChild\">\n<div class=\"flex-none md:flex md:flex-row mt-component-5\" data-qa=\"ColumnContainer\">\n<div class=\"flex-1 md:w-1\/2 mb-component-1 md:mr-column\">\n<div data-qa=\"BodyCopy\">\n<div class=\"last-child-margin-reset text-component-2 break-words\">\n<h3 class=\"text-align-generic-title lg:text-generic-title text-generic-title font-generic-title-mobile lg:font-generic-title leading-component-1 font-component-1 mb-component-3\">Avantages<\/h3>\n<p class=\"flex mb-component-1\"><span class=\"flex-none\"><span class=\"my-1 w-full flex justify-center items-start\"><img decoding=\"async\" class=\"max-w-full align-self flex-none\" src=\"https:\/\/images.ctfassets.net\/4f3rgqwzdznj\/3OMQOAV7nUlvvi0Gy3VSB5\/d8da38efd8fa4c5a2e0e363a6e7c169d\/icon-thumb-up_copy_5.png\" alt=\"Points positifs\"><\/span><\/span><span class=\"px-4 my-auto\">Prise unique quotidienne le matin<\/span><\/p>\n<p class=\"flex mb-component-1\"><span class=\"flex-none\"><span class=\"my-1 w-full flex justify-center items-start\"><img decoding=\"async\" class=\"max-w-full align-self flex-none\" src=\"https:\/\/images.ctfassets.net\/4f3rgqwzdznj\/3OMQOAV7nUlvvi0Gy3VSB5\/d8da38efd8fa4c5a2e0e363a6e7c169d\/icon-thumb-up_copy_5.png\" alt=\"Points positifs\"><\/span><\/span><span class=\"px-4 my-auto\">Commence \u00e0 agir dans les heures suivant l&rsquo;administration<\/span><\/p>\n<p class=\"flex mb-component-1\"><span class=\"flex-none\"><span class=\"my-1 w-full flex justify-center items-start\"><img decoding=\"async\" class=\"max-w-full align-self flex-none\" src=\"https:\/\/images.ctfassets.net\/4f3rgqwzdznj\/3OMQOAV7nUlvvi0Gy3VSB5\/d8da38efd8fa4c5a2e0e363a6e7c169d\/icon-thumb-up_copy_5.png\" alt=\"Points positifs\"><\/span><\/span><span class=\"px-4 my-auto\">Disponible en version g\u00e9n\u00e9rique \u00e0 moindre co\u00fbt<\/span><\/p>\n<p class=\"flex mb-component-1\"><span class=\"flex-none\"><span class=\"my-1 w-full flex justify-center items-start\"><img decoding=\"async\" class=\"max-w-full align-self flex-none\" src=\"https:\/\/images.ctfassets.net\/4f3rgqwzdznj\/3OMQOAV7nUlvvi0Gy3VSB5\/d8da38efd8fa4c5a2e0e363a6e7c169d\/icon-thumb-up_copy_5.png\" alt=\"Points positifs\"><\/span><\/span><span class=\"px-4 my-auto\">Peut \u00eatre ouvert et m\u00e9lang\u00e9 \u00e0 de la compote de pommes en cas de difficult\u00e9 \u00e0 avaler les m\u00e9dicaments<\/span><\/p>\n<\/div>\n<\/div>\n<\/div>\n<div class=\"flex-1 md:w-1\/2 md:ml-column\">\n<div data-qa=\"BodyCopy\">\n<div class=\"last-child-margin-reset text-component-2 break-words\">\n<h3 class=\"text-align-generic-title lg:text-generic-title text-generic-title font-generic-title-mobile lg:font-generic-title leading-component-1 font-component-1 mb-component-3\">Inconv\u00e9nients<\/h3>\n<p class=\"flex mb-component-1\"><span class=\"flex-none\"><span class=\"my-1 w-full flex justify-center items-start\"><img decoding=\"async\" class=\"max-w-full align-self flex-none\" src=\"https:\/\/images.ctfassets.net\/4f3rgqwzdznj\/2HmHEpsr7tYBzFZtvBXcfm\/9756c9f9119331376e20d78a6bfbc4d0\/icon-thumb-down.png\" alt=\"Points n\u00e9gatifs\"><\/span><\/span><span class=\"px-4 my-auto\">Est un m\u00e9dicament contr\u00f4l\u00e9 pr\u00e9sentant un risque \u00e9lev\u00e9 d&rsquo;abus et de d\u00e9pendance<\/span><\/p>\n<p class=\"flex mb-component-1\"><span class=\"flex-none\"><span class=\"my-1 w-full flex justify-center items-start\"><img decoding=\"async\" class=\"max-w-full align-self flex-none\" src=\"https:\/\/images.ctfassets.net\/4f3rgqwzdznj\/2HmHEpsr7tYBzFZtvBXcfm\/9756c9f9119331376e20d78a6bfbc4d0\/icon-thumb-down.png\" alt=\"Points n\u00e9gatifs\"><\/span><\/span><span class=\"px-4 my-auto\">Peut cr\u00e9er une accoutumance, veillez \u00e0 n&rsquo;utiliser que selon la prescription<\/span><\/p>\n<p class=\"flex mb-component-1\"><span class=\"flex-none\"><span class=\"my-1 w-full flex justify-center items-start\"><img decoding=\"async\" class=\"max-w-full align-self flex-none\" src=\"https:\/\/images.ctfassets.net\/4f3rgqwzdznj\/2HmHEpsr7tYBzFZtvBXcfm\/9756c9f9119331376e20d78a6bfbc4d0\/icon-thumb-down.png\" alt=\"Points n\u00e9gatifs\"><\/span><\/span><span class=\"px-4 my-auto\">D\u00e9conseill\u00e9 aux personnes ayant des ant\u00e9c\u00e9dents de probl\u00e8mes cardiaques<\/span><\/p>\n<p class=\"flex mb-component-1\"><span class=\"flex-none\"><span class=\"my-1 w-full flex justify-center items-start\"><img decoding=\"async\" class=\"max-w-full align-self flex-none\" src=\"https:\/\/images.ctfassets.net\/4f3rgqwzdznj\/2HmHEpsr7tYBzFZtvBXcfm\/9756c9f9119331376e20d78a6bfbc4d0\/icon-thumb-down.png\" alt=\"Points n\u00e9gatifs\"><\/span><\/span><span class=\"px-4 my-auto\">La marque Mydayis ne peut \u00eatre administr\u00e9e aux enfants de moins de 13 ans<\/span><\/p>\n<\/div>\n<\/div>\n<\/div>\n<\/div>\n<\/div>\n<\/div>\n<\/div>\n<\/div>\n","protected":false},"excerpt":{"rendered":"<p>Adderall XR 15 mg \u00e0 vendre L&rsquo;Adderall XR est utilis\u00e9 pour traiter le trouble d\u00e9ficitaire de l&rsquo;attention avec hyperactivit\u00e9 (TDAH). En tant que stimulant, il peut provoquer des difficult\u00e9s d&rsquo;endormissement. Il pr\u00e9sente \u00e9galement un risque \u00e9lev\u00e9 d&rsquo;abus et de d\u00e9pendance. Comment fonctionne l&rsquo;Adderall XR L&rsquo;Adderall XR est un stimulant. Il agit dans le cerveau pour &#8230;<\/p>\n","protected":false},"featured_media":1562,"menu_order":0,"comment_status":"open","ping_status":"closed","template":"","meta":[],"product_brand":[],"product_cat":[194],"product_tag":[],"class_list":{"0":"post-1894","1":"product","2":"type-product","3":"status-publish","4":"has-post-thumbnail","6":"product_cat-acheter-adderall-en-ligne","8":"first","9":"instock","10":"shipping-taxable","11":"purchasable","12":"product-type-simple"},"yoast_head":"<!-- This site is optimized with the Yoast SEO Premium plugin v23.3 (Yoast SEO v27.4) - https:\/\/yoast.com\/product\/yoast-seo-premium-wordpress\/ -->\n<title>Adderall XR 15 mg - Family Healthcare Pharmacy<\/title>\n<meta name=\"robots\" content=\"index, follow, max-snippet:-1, max-image-preview:large, max-video-preview:-1\" \/>\n<link rel=\"canonical\" href=\"https:\/\/weightlossmedssales.com\/product\/adderall-xr-15-mg\/\" \/>\n<meta property=\"og:locale\" content=\"fr_FR\" \/>\n<meta property=\"og:type\" content=\"article\" \/>\n<meta property=\"og:title\" content=\"Adderall XR 15 mg\" \/>\n<meta property=\"og:description\" content=\"Adderall XR 15 mg \u00e0 vendre L&rsquo;Adderall XR est utilis\u00e9 pour traiter le trouble d\u00e9ficitaire de l&rsquo;attention avec hyperactivit\u00e9 (TDAH). En tant que stimulant, il peut provoquer des difficult\u00e9s d&rsquo;endormissement. Il pr\u00e9sente \u00e9galement un risque \u00e9lev\u00e9 d&rsquo;abus et de d\u00e9pendance. Comment fonctionne l&rsquo;Adderall XR L&rsquo;Adderall XR est un stimulant. Il agit dans le cerveau pour ...\" \/>\n<meta property=\"og:url\" content=\"https:\/\/weightlossmedssales.com\/product\/adderall-xr-15-mg\/\" \/>\n<meta property=\"og:site_name\" content=\"Family Healthcare Pharmacy\" \/>\n<meta property=\"og:image\" content=\"https:\/\/images.ctfassets.net\/4f3rgqwzdznj\/3OMQOAV7nUlvvi0Gy3VSB5\/d8da38efd8fa4c5a2e0e363a6e7c169d\/icon-thumb-up_copy_5.png\" \/>\n<meta name=\"twitter:card\" content=\"summary_large_image\" \/>\n<meta name=\"twitter:label1\" content=\"Prix\" \/>\n\t<meta name=\"twitter:data1\" content=\"&#036;3.00\" \/>\n\t<meta name=\"twitter:label2\" content=\"Disponibilit\u00e9\" \/>\n\t<meta name=\"twitter:data2\" content=\"En stock\" \/>\n<script type=\"application\/ld+json\" class=\"yoast-schema-graph\">{\"@context\":\"https:\\\/\\\/schema.org\",\"@graph\":[{\"@type\":\"WebPage\",\"@id\":\"https:\\\/\\\/weightlossmedssales.com\\\/product\\\/adderall-xr-15-mg\\\/\",\"url\":\"https:\\\/\\\/weightlossmedssales.com\\\/product\\\/adderall-xr-15-mg\\\/\",\"name\":\"Adderall XR 15 mg - Family Healthcare Pharmacy\",\"isPartOf\":{\"@id\":\"https:\\\/\\\/weightlossmedssales.com\\\/#website\"},\"primaryImageOfPage\":{\"@id\":\"https:\\\/\\\/weightlossmedssales.com\\\/product\\\/adderall-xr-15-mg\\\/#primaryimage\"},\"image\":{\"@id\":\"https:\\\/\\\/weightlossmedssales.com\\\/product\\\/adderall-xr-15-mg\\\/#primaryimage\"},\"thumbnailUrl\":\"https:\\\/\\\/weightlossmedssales.com\\\/wp-content\\\/uploads\\\/2025\\\/04\\\/Adderall-30-Mg-xr.jpeg\",\"datePublished\":\"2025-04-18T10:53:00+00:00\",\"breadcrumb\":{\"@id\":\"https:\\\/\\\/weightlossmedssales.com\\\/product\\\/adderall-xr-15-mg\\\/#breadcrumb\"},\"inLanguage\":\"fr-FR\",\"potentialAction\":[{\"@type\":\"ReadAction\",\"target\":[\"https:\\\/\\\/weightlossmedssales.com\\\/product\\\/adderall-xr-15-mg\\\/\"]}]},{\"@type\":\"ImageObject\",\"inLanguage\":\"fr-FR\",\"@id\":\"https:\\\/\\\/weightlossmedssales.com\\\/product\\\/adderall-xr-15-mg\\\/#primaryimage\",\"url\":\"https:\\\/\\\/weightlossmedssales.com\\\/wp-content\\\/uploads\\\/2025\\\/04\\\/Adderall-30-Mg-xr.jpeg\",\"contentUrl\":\"https:\\\/\\\/weightlossmedssales.com\\\/wp-content\\\/uploads\\\/2025\\\/04\\\/Adderall-30-Mg-xr.jpeg\",\"width\":300,\"height\":300},{\"@type\":\"BreadcrumbList\",\"@id\":\"https:\\\/\\\/weightlossmedssales.com\\\/product\\\/adderall-xr-15-mg\\\/#breadcrumb\",\"itemListElement\":[{\"@type\":\"ListItem\",\"position\":1,\"name\":\"Home\",\"item\":\"https:\\\/\\\/weightlossmedssales.com\\\/fr\\\/accueil\\\/\"},{\"@type\":\"ListItem\",\"position\":2,\"name\":\"Shop\",\"item\":\"https:\\\/\\\/weightlossmedssales.com\\\/shop\\\/\"},{\"@type\":\"ListItem\",\"position\":3,\"name\":\"Adderall XR 15 mg\"}]},{\"@type\":\"WebSite\",\"@id\":\"https:\\\/\\\/weightlossmedssales.com\\\/#website\",\"url\":\"https:\\\/\\\/weightlossmedssales.com\\\/\",\"name\":\"Family Healthcare Pharmacy\",\"description\":\"Weight Loss Medicines\",\"potentialAction\":[{\"@type\":\"SearchAction\",\"target\":{\"@type\":\"EntryPoint\",\"urlTemplate\":\"https:\\\/\\\/weightlossmedssales.com\\\/?s={search_term_string}\"},\"query-input\":{\"@type\":\"PropertyValueSpecification\",\"valueRequired\":true,\"valueName\":\"search_term_string\"}}],\"inLanguage\":\"fr-FR\"}]}<\/script>\n<meta property=\"product:price:amount\" content=\"3.00\" \/>\n<meta property=\"product:price:currency\" content=\"USD\" \/>\n<meta property=\"og:availability\" content=\"instock\" \/>\n<meta property=\"product:availability\" content=\"instock\" \/>\n<meta property=\"product:condition\" content=\"new\" \/>\n<!-- \/ Yoast SEO Premium plugin. -->","yoast_head_json":{"title":"Adderall XR 15 mg - Family Healthcare Pharmacy","robots":{"index":"index","follow":"follow","max-snippet":"max-snippet:-1","max-image-preview":"max-image-preview:large","max-video-preview":"max-video-preview:-1"},"canonical":"https:\/\/weightlossmedssales.com\/product\/adderall-xr-15-mg\/","og_locale":"fr_FR","og_type":"article","og_title":"Adderall XR 15 mg","og_description":"Adderall XR 15 mg \u00e0 vendre L&rsquo;Adderall XR est utilis\u00e9 pour traiter le trouble d\u00e9ficitaire de l&rsquo;attention avec hyperactivit\u00e9 (TDAH). En tant que stimulant, il peut provoquer des difficult\u00e9s d&rsquo;endormissement. Il pr\u00e9sente \u00e9galement un risque \u00e9lev\u00e9 d&rsquo;abus et de d\u00e9pendance. Comment fonctionne l&rsquo;Adderall XR L&rsquo;Adderall XR est un stimulant. Il agit dans le cerveau pour ...","og_url":"https:\/\/weightlossmedssales.com\/product\/adderall-xr-15-mg\/","og_site_name":"Family Healthcare Pharmacy","og_image":[{"url":"https:\/\/images.ctfassets.net\/4f3rgqwzdznj\/3OMQOAV7nUlvvi0Gy3VSB5\/d8da38efd8fa4c5a2e0e363a6e7c169d\/icon-thumb-up_copy_5.png","type":"","width":"","height":""}],"twitter_card":"summary_large_image","twitter_misc":{"Prix":"&#36;3.00","Disponibilit\u00e9":"En stock"},"schema":{"@context":"https:\/\/schema.org","@graph":[{"@type":"WebPage","@id":"https:\/\/weightlossmedssales.com\/product\/adderall-xr-15-mg\/","url":"https:\/\/weightlossmedssales.com\/product\/adderall-xr-15-mg\/","name":"Adderall XR 15 mg - Family Healthcare Pharmacy","isPartOf":{"@id":"https:\/\/weightlossmedssales.com\/#website"},"primaryImageOfPage":{"@id":"https:\/\/weightlossmedssales.com\/product\/adderall-xr-15-mg\/#primaryimage"},"image":{"@id":"https:\/\/weightlossmedssales.com\/product\/adderall-xr-15-mg\/#primaryimage"},"thumbnailUrl":"https:\/\/weightlossmedssales.com\/wp-content\/uploads\/2025\/04\/Adderall-30-Mg-xr.jpeg","datePublished":"2025-04-18T10:53:00+00:00","breadcrumb":{"@id":"https:\/\/weightlossmedssales.com\/product\/adderall-xr-15-mg\/#breadcrumb"},"inLanguage":"fr-FR","potentialAction":[{"@type":"ReadAction","target":["https:\/\/weightlossmedssales.com\/product\/adderall-xr-15-mg\/"]}]},{"@type":"ImageObject","inLanguage":"fr-FR","@id":"https:\/\/weightlossmedssales.com\/product\/adderall-xr-15-mg\/#primaryimage","url":"https:\/\/weightlossmedssales.com\/wp-content\/uploads\/2025\/04\/Adderall-30-Mg-xr.jpeg","contentUrl":"https:\/\/weightlossmedssales.com\/wp-content\/uploads\/2025\/04\/Adderall-30-Mg-xr.jpeg","width":300,"height":300},{"@type":"BreadcrumbList","@id":"https:\/\/weightlossmedssales.com\/product\/adderall-xr-15-mg\/#breadcrumb","itemListElement":[{"@type":"ListItem","position":1,"name":"Home","item":"https:\/\/weightlossmedssales.com\/fr\/accueil\/"},{"@type":"ListItem","position":2,"name":"Shop","item":"https:\/\/weightlossmedssales.com\/shop\/"},{"@type":"ListItem","position":3,"name":"Adderall XR 15 mg"}]},{"@type":"WebSite","@id":"https:\/\/weightlossmedssales.com\/#website","url":"https:\/\/weightlossmedssales.com\/","name":"Family Healthcare Pharmacy","description":"Weight Loss Medicines","potentialAction":[{"@type":"SearchAction","target":{"@type":"EntryPoint","urlTemplate":"https:\/\/weightlossmedssales.com\/?s={search_term_string}"},"query-input":{"@type":"PropertyValueSpecification","valueRequired":true,"valueName":"search_term_string"}}],"inLanguage":"fr-FR"}]},"product_price_amount":"3.00","product_price_currency":"USD","og_availability":"instock","product_availability":"instock","product_condition":"new"},"_links":{"self":[{"href":"https:\/\/weightlossmedssales.com\/fr\/wp-json\/wp\/v2\/product\/1894","targetHints":{"allow":["GET"]}}],"collection":[{"href":"https:\/\/weightlossmedssales.com\/fr\/wp-json\/wp\/v2\/product"}],"about":[{"href":"https:\/\/weightlossmedssales.com\/fr\/wp-json\/wp\/v2\/types\/product"}],"replies":[{"embeddable":true,"href":"https:\/\/weightlossmedssales.com\/fr\/wp-json\/wp\/v2\/comments?post=1894"}],"version-history":[{"count":0,"href":"https:\/\/weightlossmedssales.com\/fr\/wp-json\/wp\/v2\/product\/1894\/revisions"}],"wp:featuredmedia":[{"embeddable":true,"href":"https:\/\/weightlossmedssales.com\/fr\/wp-json\/wp\/v2\/media\/1562"}],"wp:attachment":[{"href":"https:\/\/weightlossmedssales.com\/fr\/wp-json\/wp\/v2\/media?parent=1894"}],"wp:term":[{"taxonomy":"product_brand","embeddable":true,"href":"https:\/\/weightlossmedssales.com\/fr\/wp-json\/wp\/v2\/product_brand?post=1894"},{"taxonomy":"product_cat","embeddable":true,"href":"https:\/\/weightlossmedssales.com\/fr\/wp-json\/wp\/v2\/product_cat?post=1894"},{"taxonomy":"product_tag","embeddable":true,"href":"https:\/\/weightlossmedssales.com\/fr\/wp-json\/wp\/v2\/product_tag?post=1894"}],"curies":[{"name":"wp","href":"https:\/\/api.w.org\/{rel}","templated":true}]}}