{"id":1902,"date":"2025-04-18T10:53:00","date_gmt":"2025-04-18T10:53:00","guid":{"rendered":"https:\/\/weightlossmedssales.com\/product\/bandelettes-de-suboxone-12-mg\/"},"modified":"2025-04-18T10:53:00","modified_gmt":"2025-04-18T10:53:00","slug":"bandelettes-de-suboxone-12-mg","status":"publish","type":"product","link":"https:\/\/weightlossmedssales.com\/fr\/product\/bandelettes-de-suboxone-12-mg\/","title":{"rendered":"Bandelettes de Suboxone 12 mg"},"content":{"rendered":"<h1>Bandelettes de Suboxone 12 mg \u00e0 vendre<\/h1>\n<div class=\"my-section-child last:mb-0 max-w-content mx-auto px-component-2 px-section-child\" data-qa=\"DSM-SectionChild\">\n<div data-qa=\"BodyCopy\">\n<div class=\"last-child-margin-reset text-component-2 break-words\">\n<p class=\"mb-component-1\">La Suboxone\/naloxone est un m\u00e9dicament opio\u00efde combin\u00e9 qui s&rsquo;av\u00e8re efficace pour traiter la d\u00e9pendance aux opio\u00efdes. Son efficacit\u00e9 est optimale lorsqu&rsquo;elle est utilis\u00e9e conjointement avec une th\u00e9rapie et un soutien en sant\u00e9 mentale. Le m\u00e9dicament est disponible sous forme de comprim\u00e9 ou de film qui se dissout soit sous la langue, soit contre l&rsquo;int\u00e9rieur de la joue.  <\/p>\n<h2 class=\"max-w-content mx-auto lg:text-section-title text-section-title-mobile font-section-title font-2 leading-component-1 mb-section-title text-align-section-title border-b-2 border-section-title-underline py-section-title px-component-2\" data-qa=\"sectionTitle\">Qu&rsquo;est-ce que la bupr\u00e9norphine\/naloxone ?<\/h2>\n<div class=\"my-section-child last:mb-0 max-w-content mx-auto px-component-2 px-section-child\" data-qa=\"DSM-SectionChild\">\n<div data-qa=\"BodyCopy\">\n<div class=\"last-child-margin-reset text-component-2 break-words\">\n<h3 class=\"text-align-generic-title lg:text-generic-title text-generic-title font-generic-title-mobile lg:font-generic-title leading-component-1 font-component-1 mb-component-3\">Comment fonctionne la bupr\u00e9norphine\/naloxone<\/h3>\n<p class=\"mb-component-1\">La bupr\u00e9norphine\/naloxone est une combinaison de deux m\u00e9dicaments qui agissent sur certaines parties de votre cerveau, appel\u00e9es r\u00e9cepteurs opio\u00efdes, pour influencer votre r\u00e9action \u00e0 la douleur.<\/p>\n<ul class=\"list-disc my-component-4\">\n<li class=\"mb-component-2 ml-bulleted-list\">La <strong>bupr\u00e9norphine<\/strong> est un agoniste partiel des opio\u00efdes qui agit sur les r\u00e9cepteurs opio\u00efdes pour diminuer l&rsquo;intensit\u00e9 de la douleur ressentie. Elle n&rsquo;est pas aussi puissante que d&rsquo;autres opio\u00efdes courants tels que l&rsquo;<a class=\"text-primary hover:text-simple-link-hover\" href=\"https:\/\/www.goodrx.com\/oxycodone\/what-is\" target=\"_self\" rel=\"noopener\" data-qa=\"DSM-Link\" data-location=\"Content\" data-type=\"body-copy-group\" data-url=\"https:\/\/www.goodrx.com\/oxycodone\/what-is\" data-content=\"oxycodone (Roxicodone)\" data-content-id=\"a37113d9-d9c6-4dbc-aa07-414b44694f6c\" data-content-category=\"\" data-content-category-id=\"uses\" data-content-position=\"3\">oxycodone (Roxicodone)<\/a> et la <a class=\"text-primary hover:text-simple-link-hover\" href=\"https:\/\/www.goodrx.com\/morphine\/what-is\" target=\"_self\" rel=\"noopener\" data-qa=\"DSM-Link\" data-location=\"Content\" data-type=\"body-copy-group\" data-url=\"https:\/\/www.goodrx.com\/morphine\/what-is\" data-content=\"morphine\" data-content-id=\"a37113d9-d9c6-4dbc-aa07-414b44694f6c\" data-content-category=\"\" data-content-category-id=\"uses\" data-content-position=\"3\">morphine<\/a>. <\/li>\n<li class=\"mb-component-2 ml-bulleted-list\">La <strong>naloxone<\/strong> est un antagoniste des opio\u00efdes qui bloque les effets des opio\u00efdes. Lorsqu&rsquo;elle est utilis\u00e9e avec la bupr\u00e9norphine, elle aide \u00e0 pr\u00e9venir la surconsommation ou l&rsquo;usage abusif. <\/li>\n<\/ul>\n<p class=\"mb-component-1\">La bupr\u00e9norphine et la naloxone agissent de concert pour contr\u00f4ler les envies d&rsquo;opio\u00efdes tout en r\u00e9duisant le risque d&rsquo;effets secondaires g\u00eanants qui surviennent lors de l&rsquo;arr\u00eat soudain des opio\u00efdes (sevrage).<\/p>\n<\/div>\n<\/div>\n<\/div>\n<div class=\"my-section-child last:mb-0 max-w-content mx-auto px-component-2 px-section-child\" data-qa=\"DSM-SectionChild\">\n<div data-qa=\"BodyCopy\">\n<div class=\"last-child-margin-reset text-component-2 break-words\">\n<h3 class=\"text-align-generic-title lg:text-generic-title text-generic-title font-generic-title-mobile lg:font-generic-title leading-component-1 font-component-1 mb-component-3\">Pour quoi la bupr\u00e9norphine\/naloxone est-elle utilis\u00e9e ?<\/h3>\n<ul class=\"list-disc my-component-4\">\n<li class=\"mb-component-2 ml-bulleted-list\">D\u00e9pendance aux opio\u00efdes<\/li>\n<\/ul>\n<h3 class=\"text-align-generic-title lg:text-generic-title text-generic-title font-generic-title-mobile lg:font-generic-title leading-component-1 font-component-1 mb-component-3\">Posologie typique de la bupr\u00e9norphine\/naloxone<\/h3>\n<p class=\"mb-component-1\">Votre professionnel de sant\u00e9 collaborera avec vous pour ajuster votre dose en fonction de vos besoins individuels. Pour \u00e9viter le sevrage, prenez votre premi\u00e8re dose de bupr\u00e9norphine\/naloxone au moins 6 heures apr\u00e8s avoir pris votre derni\u00e8re dose d&rsquo;opio\u00efdes et lorsque vous pr\u00e9sentez des signes manifestes de sevrage. Votre dose sera ajust\u00e9e au cours des premiers jours de traitement jusqu&rsquo;\u00e0 ce que vous atteigniez une dose o\u00f9 vos envies et vos sympt\u00f4mes de sevrage sont ma\u00eetris\u00e9s (dose d&rsquo;entretien).  <\/p>\n<p class=\"mb-component-1\">La <strong>Suboxone<\/strong>, le <strong>Bunavail<\/strong> et le <strong>Zubsolv<\/strong> contiennent des quantit\u00e9s diff\u00e9rentes de bupr\u00e9norphine et de naloxone, donc <strong>ils ne sont pas interchangeables<\/strong>. La posologie ci-dessous est typique pour les personnes d\u00e9pendantes aux m\u00e9dicaments opio\u00efdes \u00e0 action courte ou \u00e0 l&rsquo;h\u00e9ro\u00efne. <\/p>\n<p class=\"mb-component-1\"><strong>Film Suboxone<\/strong><\/p>\n<ul class=\"list-disc my-component-4\">\n<li class=\"mb-component-2 ml-bulleted-list\"><strong>Jour 1 :<\/strong> Vous commencerez g\u00e9n\u00e9ralement par des films contenant soit <strong>2 mg de bupr\u00e9norphine et 0,5 mg de naloxone<\/strong>, soit <strong>4 mg de bupr\u00e9norphine et 1 mg de naloxone<\/strong>. La dose initiale typique est d&rsquo;1 film <em>dissous sous la langue (par voie sublinguale)<\/em> une fois, puis 1 \u00e0 2 films toutes les 2 heures jusqu&rsquo;\u00e0 atteindre une dose quotidienne totale de 8 mg\/2 mg (bupr\u00e9norphine\/naloxone). <\/li>\n<li class=\"mb-component-2 ml-bulleted-list\"><strong>Jour 2 :<\/strong> Prenez jusqu&rsquo;\u00e0 16 mg\/4 mg (bupr\u00e9norphine\/naloxone) <em>par voie sublinguale<\/em> en une seule dose quotidienne.<\/li>\n<li class=\"mb-component-2 ml-bulleted-list\"><strong>Jour 3 et suivants :<\/strong> Votre prestataire continuera d&rsquo;ajuster votre dose jusqu&rsquo;\u00e0 ce que vous atteigniez une dose d&rsquo;entretien. La dose cible recommand\u00e9e pour l&rsquo;entretien est de 16 mg\/4 mg (bupr\u00e9norphine\/naloxone) <em>par voie sublinguale ou plac\u00e9e contre l&rsquo;int\u00e9rieur de votre joue (par voie buccale)<\/em> en une seule dose quotidienne. Bandelettes de Suboxone 12 mg \u00e0 vendre. Achetez des bandelettes de Suboxone en ligne.   <\/li>\n<\/ul>\n<\/div>\n<\/div>\n<\/div>\n<\/div>\n<\/div>\n<\/div>\n<div class=\"my-section-child last:mb-0 max-w-content mx-auto px-component-2 px-section-child\" data-qa=\"DSM-SectionChild\">\n<div class=\"flex-none md:flex md:flex-row mt-component-5\" data-qa=\"ColumnContainer\">\n<div class=\"flex-1 md:w-1\/2 mb-component-1 md:mr-column\">\n<div data-qa=\"BodyCopy\">\n<div class=\"last-child-margin-reset text-component-2 break-words\"><\/div>\n<\/div>\n<\/div>\n<\/div>\n<\/div>\n<p>&nbsp;<\/p>\n","protected":false},"excerpt":{"rendered":"<p>Bandelettes de Suboxone 12 mg \u00e0 vendre La Suboxone\/naloxone est un m\u00e9dicament opio\u00efde combin\u00e9 qui s&rsquo;av\u00e8re efficace pour traiter la d\u00e9pendance aux opio\u00efdes. Son efficacit\u00e9 est optimale lorsqu&rsquo;elle est utilis\u00e9e conjointement avec une th\u00e9rapie et un soutien en sant\u00e9 mentale. Le m\u00e9dicament est disponible sous forme de comprim\u00e9 ou de film qui se dissout soit &#8230;<\/p>\n","protected":false},"featured_media":1541,"menu_order":0,"comment_status":"open","ping_status":"closed","template":"","meta":[],"product_brand":[],"product_cat":[227],"product_tag":[],"class_list":{"0":"post-1902","1":"product","2":"type-product","3":"status-publish","4":"has-post-thumbnail","6":"product_cat-acheter-suboxone-en-ligne","8":"first","9":"instock","10":"shipping-taxable","11":"purchasable","12":"product-type-simple"},"yoast_head":"<!-- This site is optimized with the Yoast SEO Premium plugin v23.3 (Yoast SEO v27.4) - https:\/\/yoast.com\/product\/yoast-seo-premium-wordpress\/ -->\n<title>Bandelettes de Suboxone 12 mg - Family Healthcare Pharmacy<\/title>\n<meta name=\"robots\" content=\"index, follow, max-snippet:-1, max-image-preview:large, max-video-preview:-1\" \/>\n<link rel=\"canonical\" href=\"https:\/\/weightlossmedssales.com\/product\/bandelettes-de-suboxone-12-mg\/\" \/>\n<meta property=\"og:locale\" content=\"fr_FR\" \/>\n<meta property=\"og:type\" content=\"article\" \/>\n<meta property=\"og:title\" content=\"Bandelettes de Suboxone 12 mg\" \/>\n<meta property=\"og:description\" content=\"Bandelettes de Suboxone 12 mg \u00e0 vendre La Suboxone\/naloxone est un m\u00e9dicament opio\u00efde combin\u00e9 qui s&rsquo;av\u00e8re efficace pour traiter la d\u00e9pendance aux opio\u00efdes. Son efficacit\u00e9 est optimale lorsqu&rsquo;elle est utilis\u00e9e conjointement avec une th\u00e9rapie et un soutien en sant\u00e9 mentale. Le m\u00e9dicament est disponible sous forme de comprim\u00e9 ou de film qui se dissout soit ...\" \/>\n<meta property=\"og:url\" content=\"https:\/\/weightlossmedssales.com\/product\/bandelettes-de-suboxone-12-mg\/\" \/>\n<meta property=\"og:site_name\" content=\"Family Healthcare Pharmacy\" \/>\n<meta name=\"twitter:card\" content=\"summary_large_image\" \/>\n<meta name=\"twitter:label1\" content=\"Prix\" \/>\n\t<meta name=\"twitter:data1\" content=\"&#036;3.50\" \/>\n\t<meta name=\"twitter:label2\" content=\"Disponibilit\u00e9\" \/>\n\t<meta name=\"twitter:data2\" content=\"En stock\" \/>\n<script type=\"application\/ld+json\" class=\"yoast-schema-graph\">{\"@context\":\"https:\\\/\\\/schema.org\",\"@graph\":[{\"@type\":\"WebPage\",\"@id\":\"https:\\\/\\\/weightlossmedssales.com\\\/product\\\/bandelettes-de-suboxone-12-mg\\\/\",\"url\":\"https:\\\/\\\/weightlossmedssales.com\\\/product\\\/bandelettes-de-suboxone-12-mg\\\/\",\"name\":\"Bandelettes de Suboxone 12 mg - Family Healthcare Pharmacy\",\"isPartOf\":{\"@id\":\"https:\\\/\\\/weightlossmedssales.com\\\/#website\"},\"primaryImageOfPage\":{\"@id\":\"https:\\\/\\\/weightlossmedssales.com\\\/product\\\/bandelettes-de-suboxone-12-mg\\\/#primaryimage\"},\"image\":{\"@id\":\"https:\\\/\\\/weightlossmedssales.com\\\/product\\\/bandelettes-de-suboxone-12-mg\\\/#primaryimage\"},\"thumbnailUrl\":\"https:\\\/\\\/weightlossmedssales.com\\\/wp-content\\\/uploads\\\/2025\\\/04\\\/suboxone-12-mg-strips.jpg\",\"datePublished\":\"2025-04-18T10:53:00+00:00\",\"breadcrumb\":{\"@id\":\"https:\\\/\\\/weightlossmedssales.com\\\/product\\\/bandelettes-de-suboxone-12-mg\\\/#breadcrumb\"},\"inLanguage\":\"fr-FR\",\"potentialAction\":[{\"@type\":\"ReadAction\",\"target\":[\"https:\\\/\\\/weightlossmedssales.com\\\/product\\\/bandelettes-de-suboxone-12-mg\\\/\"]}]},{\"@type\":\"ImageObject\",\"inLanguage\":\"fr-FR\",\"@id\":\"https:\\\/\\\/weightlossmedssales.com\\\/product\\\/bandelettes-de-suboxone-12-mg\\\/#primaryimage\",\"url\":\"https:\\\/\\\/weightlossmedssales.com\\\/wp-content\\\/uploads\\\/2025\\\/04\\\/suboxone-12-mg-strips.jpg\",\"contentUrl\":\"https:\\\/\\\/weightlossmedssales.com\\\/wp-content\\\/uploads\\\/2025\\\/04\\\/suboxone-12-mg-strips.jpg\",\"width\":1024,\"height\":660},{\"@type\":\"BreadcrumbList\",\"@id\":\"https:\\\/\\\/weightlossmedssales.com\\\/product\\\/bandelettes-de-suboxone-12-mg\\\/#breadcrumb\",\"itemListElement\":[{\"@type\":\"ListItem\",\"position\":1,\"name\":\"Home\",\"item\":\"https:\\\/\\\/weightlossmedssales.com\\\/fr\\\/accueil\\\/\"},{\"@type\":\"ListItem\",\"position\":2,\"name\":\"Shop\",\"item\":\"https:\\\/\\\/weightlossmedssales.com\\\/shop\\\/\"},{\"@type\":\"ListItem\",\"position\":3,\"name\":\"Bandelettes de Suboxone 12 mg\"}]},{\"@type\":\"WebSite\",\"@id\":\"https:\\\/\\\/weightlossmedssales.com\\\/#website\",\"url\":\"https:\\\/\\\/weightlossmedssales.com\\\/\",\"name\":\"Family Healthcare Pharmacy\",\"description\":\"Weight Loss Medicines\",\"potentialAction\":[{\"@type\":\"SearchAction\",\"target\":{\"@type\":\"EntryPoint\",\"urlTemplate\":\"https:\\\/\\\/weightlossmedssales.com\\\/?s={search_term_string}\"},\"query-input\":{\"@type\":\"PropertyValueSpecification\",\"valueRequired\":true,\"valueName\":\"search_term_string\"}}],\"inLanguage\":\"fr-FR\"}]}<\/script>\n<meta property=\"product:price:amount\" content=\"3.50\" \/>\n<meta property=\"product:price:currency\" content=\"USD\" \/>\n<meta property=\"og:availability\" content=\"instock\" \/>\n<meta property=\"product:availability\" content=\"instock\" \/>\n<meta property=\"product:condition\" content=\"new\" \/>\n<!-- \/ Yoast SEO Premium plugin. -->","yoast_head_json":{"title":"Bandelettes de Suboxone 12 mg - Family Healthcare Pharmacy","robots":{"index":"index","follow":"follow","max-snippet":"max-snippet:-1","max-image-preview":"max-image-preview:large","max-video-preview":"max-video-preview:-1"},"canonical":"https:\/\/weightlossmedssales.com\/product\/bandelettes-de-suboxone-12-mg\/","og_locale":"fr_FR","og_type":"article","og_title":"Bandelettes de Suboxone 12 mg","og_description":"Bandelettes de Suboxone 12 mg \u00e0 vendre La Suboxone\/naloxone est un m\u00e9dicament opio\u00efde combin\u00e9 qui s&rsquo;av\u00e8re efficace pour traiter la d\u00e9pendance aux opio\u00efdes. Son efficacit\u00e9 est optimale lorsqu&rsquo;elle est utilis\u00e9e conjointement avec une th\u00e9rapie et un soutien en sant\u00e9 mentale. Le m\u00e9dicament est disponible sous forme de comprim\u00e9 ou de film qui se dissout soit ...","og_url":"https:\/\/weightlossmedssales.com\/product\/bandelettes-de-suboxone-12-mg\/","og_site_name":"Family Healthcare Pharmacy","twitter_card":"summary_large_image","twitter_misc":{"Prix":"&#36;3.50","Disponibilit\u00e9":"En stock"},"schema":{"@context":"https:\/\/schema.org","@graph":[{"@type":"WebPage","@id":"https:\/\/weightlossmedssales.com\/product\/bandelettes-de-suboxone-12-mg\/","url":"https:\/\/weightlossmedssales.com\/product\/bandelettes-de-suboxone-12-mg\/","name":"Bandelettes de Suboxone 12 mg - Family Healthcare Pharmacy","isPartOf":{"@id":"https:\/\/weightlossmedssales.com\/#website"},"primaryImageOfPage":{"@id":"https:\/\/weightlossmedssales.com\/product\/bandelettes-de-suboxone-12-mg\/#primaryimage"},"image":{"@id":"https:\/\/weightlossmedssales.com\/product\/bandelettes-de-suboxone-12-mg\/#primaryimage"},"thumbnailUrl":"https:\/\/weightlossmedssales.com\/wp-content\/uploads\/2025\/04\/suboxone-12-mg-strips.jpg","datePublished":"2025-04-18T10:53:00+00:00","breadcrumb":{"@id":"https:\/\/weightlossmedssales.com\/product\/bandelettes-de-suboxone-12-mg\/#breadcrumb"},"inLanguage":"fr-FR","potentialAction":[{"@type":"ReadAction","target":["https:\/\/weightlossmedssales.com\/product\/bandelettes-de-suboxone-12-mg\/"]}]},{"@type":"ImageObject","inLanguage":"fr-FR","@id":"https:\/\/weightlossmedssales.com\/product\/bandelettes-de-suboxone-12-mg\/#primaryimage","url":"https:\/\/weightlossmedssales.com\/wp-content\/uploads\/2025\/04\/suboxone-12-mg-strips.jpg","contentUrl":"https:\/\/weightlossmedssales.com\/wp-content\/uploads\/2025\/04\/suboxone-12-mg-strips.jpg","width":1024,"height":660},{"@type":"BreadcrumbList","@id":"https:\/\/weightlossmedssales.com\/product\/bandelettes-de-suboxone-12-mg\/#breadcrumb","itemListElement":[{"@type":"ListItem","position":1,"name":"Home","item":"https:\/\/weightlossmedssales.com\/fr\/accueil\/"},{"@type":"ListItem","position":2,"name":"Shop","item":"https:\/\/weightlossmedssales.com\/shop\/"},{"@type":"ListItem","position":3,"name":"Bandelettes de Suboxone 12 mg"}]},{"@type":"WebSite","@id":"https:\/\/weightlossmedssales.com\/#website","url":"https:\/\/weightlossmedssales.com\/","name":"Family Healthcare Pharmacy","description":"Weight Loss Medicines","potentialAction":[{"@type":"SearchAction","target":{"@type":"EntryPoint","urlTemplate":"https:\/\/weightlossmedssales.com\/?s={search_term_string}"},"query-input":{"@type":"PropertyValueSpecification","valueRequired":true,"valueName":"search_term_string"}}],"inLanguage":"fr-FR"}]},"product_price_amount":"3.50","product_price_currency":"USD","og_availability":"instock","product_availability":"instock","product_condition":"new"},"_links":{"self":[{"href":"https:\/\/weightlossmedssales.com\/fr\/wp-json\/wp\/v2\/product\/1902","targetHints":{"allow":["GET"]}}],"collection":[{"href":"https:\/\/weightlossmedssales.com\/fr\/wp-json\/wp\/v2\/product"}],"about":[{"href":"https:\/\/weightlossmedssales.com\/fr\/wp-json\/wp\/v2\/types\/product"}],"replies":[{"embeddable":true,"href":"https:\/\/weightlossmedssales.com\/fr\/wp-json\/wp\/v2\/comments?post=1902"}],"version-history":[{"count":0,"href":"https:\/\/weightlossmedssales.com\/fr\/wp-json\/wp\/v2\/product\/1902\/revisions"}],"wp:featuredmedia":[{"embeddable":true,"href":"https:\/\/weightlossmedssales.com\/fr\/wp-json\/wp\/v2\/media\/1541"}],"wp:attachment":[{"href":"https:\/\/weightlossmedssales.com\/fr\/wp-json\/wp\/v2\/media?parent=1902"}],"wp:term":[{"taxonomy":"product_brand","embeddable":true,"href":"https:\/\/weightlossmedssales.com\/fr\/wp-json\/wp\/v2\/product_brand?post=1902"},{"taxonomy":"product_cat","embeddable":true,"href":"https:\/\/weightlossmedssales.com\/fr\/wp-json\/wp\/v2\/product_cat?post=1902"},{"taxonomy":"product_tag","embeddable":true,"href":"https:\/\/weightlossmedssales.com\/fr\/wp-json\/wp\/v2\/product_tag?post=1902"}],"curies":[{"name":"wp","href":"https:\/\/api.w.org\/{rel}","templated":true}]}}