{"id":1938,"date":"2025-04-18T10:53:00","date_gmt":"2025-04-18T10:53:00","guid":{"rendered":"https:\/\/weightlossmedssales.com\/product\/adipex-375-mg\/"},"modified":"2025-04-18T10:53:00","modified_gmt":"2025-04-18T10:53:00","slug":"adipex-375-mg","status":"publish","type":"product","link":"https:\/\/weightlossmedssales.com\/fr\/product\/adipex-375-mg\/","title":{"rendered":"Adipex 37,5 mg"},"content":{"rendered":"<h1>Acheter Adipex en ligne<\/h1>\n<div>\n<div class=\"monograph-content monograph-content-holder\">\n<p>Achetez Adipex en ligne. Adipex est utilis\u00e9 dans le cadre d&rsquo;un programme approuv\u00e9 par un m\u00e9decin comprenant de l&rsquo;exercice, des changements comportementaux et un r\u00e9gime hypocalorique pour vous aider \u00e0 perdre du poids. Il est utilis\u00e9 par certaines personnes en surpoids, telles que celles qui sont ob\u00e8ses ou qui ont des probl\u00e8mes m\u00e9dicaux li\u00e9s au poids. La perte de poids et son maintien peuvent r\u00e9duire les nombreux risques pour la sant\u00e9 associ\u00e9s \u00e0 l&rsquo;ob\u00e9sit\u00e9, notamment les maladies cardiaques, le diab\u00e8te, l&rsquo;hypertension art\u00e9rielle et une esp\u00e9rance de vie r\u00e9duite. On ne sait pas exactement comment ce m\u00e9dicament aide les gens \u00e0 perdre du poids. Il peut agir en diminuant votre app\u00e9tit, en augmentant la quantit\u00e9 d&rsquo;\u00e9nergie utilis\u00e9e par votre corps ou en affectant certaines parties du cerveau. Ce m\u00e9dicament est un coupe-faim et appartient \u00e0 une classe de m\u00e9dicaments appel\u00e9e amines sympathomim\u00e9tiques.     <\/p>\n<\/div>\n<\/div>\n<div class=\"how-to-use-section\">\n<h3 class=\"how-to-use\">Comment utiliser le Phentermine HCL<\/h3>\n<div>\n<div class=\"monograph-content\">\n<p>Prenez ce m\u00e9dicament par voie orale selon les directives de votre m\u00e9decin, g\u00e9n\u00e9ralement une fois par jour, 1 heure avant le petit-d\u00e9jeuner ou 1 \u00e0 2 heures apr\u00e8s le petit-d\u00e9jeuner. Si n\u00e9cessaire, votre m\u00e9decin peut ajuster votre dose pour prendre une petite dose jusqu&rsquo;\u00e0 3 fois par jour. Suivez attentivement les instructions de votre m\u00e9decin. La prise de ce m\u00e9dicament tard dans la journ\u00e9e peut causer des troubles du sommeil (insomnie).   <\/p>\n<p>Si vous utilisez des capsules \u00e0 lib\u00e9ration prolong\u00e9e, la dose est g\u00e9n\u00e9ralement prise une fois par jour avant le petit-d\u00e9jeuner ou au moins 10 \u00e0 14 heures avant le coucher. Avalez le m\u00e9dicament entier. N&rsquo;\u00e9crasez pas et ne m\u00e2chez pas les capsules \u00e0 lib\u00e9ration prolong\u00e9e. Cela pourrait lib\u00e9rer tout le m\u00e9dicament d&rsquo;un coup, augmentant le risque d&rsquo;effets secondaires.   <\/p>\n<p>Si vous utilisez les comprim\u00e9s con\u00e7us pour se dissoudre dans la bouche, la dose est g\u00e9n\u00e9ralement prise une fois par jour le matin, avec ou sans nourriture. Tout d&rsquo;abord, s\u00e9chez-vous les mains avant de manipuler le comprim\u00e9. Placez votre dose sur le dessus de la langue jusqu&rsquo;\u00e0 ce qu&rsquo;elle se dissolve, puis avalez-la avec ou sans eau.   <\/p>\n<p>La posologie et la dur\u00e9e du traitement sont bas\u00e9es sur votre \u00e9tat de sant\u00e9 et votre r\u00e9ponse au traitement. Votre m\u00e9decin ajustera la dose pour trouver la meilleure dose pour vous. Discutez des risques et des avantages, ainsi que de la dur\u00e9e du traitement \u00e0 la phentermine, avec votre m\u00e9decin. Pour obtenir le maximum de b\u00e9n\u00e9fices, prenez ce m\u00e9dicament r\u00e9guli\u00e8rement, exactement comme prescrit, et aussi longtemps que prescrit par votre m\u00e9decin. Pour vous aider \u00e0 vous en souvenir, prenez-le \u00e0 la m\u00eame heure chaque jour.    <\/p>\n<div class=\"fifth-para-ad\">\n<div class=\"mobile-ad-inside-center\">\n<h2 class=\"mobilead-container\">Adipex 37,5 mg en vente<\/h2>\n<\/div>\n<\/div>\n<p class=\"udpated-para\">Si vous arr\u00eatez soudainement d&rsquo;utiliser ce m\u00e9dicament, vous pouvez avoir des sympt\u00f4mes de sevrage (tels que d\u00e9pression, fatigue s\u00e9v\u00e8re). Pour aider \u00e0 pr\u00e9venir le sevrage, votre m\u00e9decin peut diminuer progressivement votre dose. Le sevrage est plus probable si vous avez utilis\u00e9 la phentermine pendant une longue p\u00e9riode ou \u00e0 fortes doses. Informez imm\u00e9diatement votre m\u00e9decin ou votre pharmacien si vous avez des sympt\u00f4mes de sevrage.     <\/p>\n<p>Bien qu&rsquo;il aide de nombreuses personnes, ce m\u00e9dicament peut parfois provoquer une d\u00e9pendance. Ce risque peut \u00eatre plus \u00e9lev\u00e9 si vous avez un trouble li\u00e9 \u00e0 l&rsquo;usage de substances (comme l&rsquo;abus ou la d\u00e9pendance aux drogues\/\u00e0 l&rsquo;alcool). N&rsquo;augmentez pas votre dose, ne le prenez pas plus souvent ou ne l&rsquo;utilisez pas plus longtemps que prescrit. Arr\u00eatez correctement le m\u00e9dicament lorsque cela vous est demand\u00e9.      <\/p>\n<p>Ce m\u00e9dicament peut cesser d&rsquo;\u00eatre efficace apr\u00e8s quelques semaines d&rsquo;utilisation. Parlez-en \u00e0 votre m\u00e9decin si ce m\u00e9dicament cesse d&rsquo;\u00eatre efficace. N&rsquo;augmentez pas la dose sauf indication contraire de votre m\u00e9decin. Votre m\u00e9decin peut vous demander d&rsquo;arr\u00eater de prendre ce m\u00e9dicament. Achetez Adipex en ligne    <\/p>\n<\/div>\n<\/div>\n<\/div>\n","protected":false},"excerpt":{"rendered":"<p>Acheter Adipex en ligne Achetez Adipex en ligne. Adipex est utilis\u00e9 dans le cadre d&rsquo;un programme approuv\u00e9 par un m\u00e9decin comprenant de l&rsquo;exercice, des changements comportementaux et un r\u00e9gime hypocalorique pour vous aider \u00e0 perdre du poids. Il est utilis\u00e9 par certaines personnes en surpoids, telles que celles qui sont ob\u00e8ses ou qui ont des &#8230;<\/p>\n","protected":false},"featured_media":1589,"menu_order":0,"comment_status":"open","ping_status":"closed","template":"","meta":[],"product_brand":[],"product_cat":[229,234],"product_tag":[],"class_list":{"0":"post-1938","1":"product","2":"type-product","3":"status-publish","4":"has-post-thumbnail","6":"product_cat-acheter-phentermine-en-ligne","7":"product_cat-medicaments-pour-la-perte-de-poids","9":"first","10":"instock","11":"shipping-taxable","12":"purchasable","13":"product-type-simple"},"yoast_head":"<!-- This site is optimized with the Yoast SEO Premium plugin v23.3 (Yoast SEO v27.4) - https:\/\/yoast.com\/product\/yoast-seo-premium-wordpress\/ -->\n<title>Adipex 37,5 mg - Family Healthcare Pharmacy<\/title>\n<meta name=\"robots\" content=\"index, follow, max-snippet:-1, max-image-preview:large, max-video-preview:-1\" \/>\n<link rel=\"canonical\" href=\"https:\/\/weightlossmedssales.com\/product\/adipex-375-mg\/\" \/>\n<meta property=\"og:locale\" content=\"fr_FR\" \/>\n<meta property=\"og:type\" content=\"article\" \/>\n<meta property=\"og:title\" content=\"Adipex 37,5 mg\" \/>\n<meta property=\"og:description\" content=\"Acheter Adipex en ligne Achetez Adipex en ligne. Adipex est utilis\u00e9 dans le cadre d&rsquo;un programme approuv\u00e9 par un m\u00e9decin comprenant de l&rsquo;exercice, des changements comportementaux et un r\u00e9gime hypocalorique pour vous aider \u00e0 perdre du poids. Il est utilis\u00e9 par certaines personnes en surpoids, telles que celles qui sont ob\u00e8ses ou qui ont des ...\" \/>\n<meta property=\"og:url\" content=\"https:\/\/weightlossmedssales.com\/product\/adipex-375-mg\/\" \/>\n<meta property=\"og:site_name\" content=\"Family Healthcare Pharmacy\" \/>\n<meta name=\"twitter:card\" content=\"summary_large_image\" \/>\n<meta name=\"twitter:label1\" content=\"Prix\" \/>\n\t<meta name=\"twitter:data1\" content=\"&#036;3.00\" \/>\n\t<meta name=\"twitter:label2\" content=\"Disponibilit\u00e9\" \/>\n\t<meta name=\"twitter:data2\" content=\"En stock\" \/>\n<script type=\"application\/ld+json\" class=\"yoast-schema-graph\">{\"@context\":\"https:\\\/\\\/schema.org\",\"@graph\":[{\"@type\":\"WebPage\",\"@id\":\"https:\\\/\\\/weightlossmedssales.com\\\/product\\\/adipex-375-mg\\\/\",\"url\":\"https:\\\/\\\/weightlossmedssales.com\\\/product\\\/adipex-375-mg\\\/\",\"name\":\"Adipex 37,5 mg - Family Healthcare Pharmacy\",\"isPartOf\":{\"@id\":\"https:\\\/\\\/weightlossmedssales.com\\\/#website\"},\"primaryImageOfPage\":{\"@id\":\"https:\\\/\\\/weightlossmedssales.com\\\/product\\\/adipex-375-mg\\\/#primaryimage\"},\"image\":{\"@id\":\"https:\\\/\\\/weightlossmedssales.com\\\/product\\\/adipex-375-mg\\\/#primaryimage\"},\"thumbnailUrl\":\"https:\\\/\\\/weightlossmedssales.com\\\/wp-content\\\/uploads\\\/2025\\\/04\\\/Adipex-Teva-37.5-mg-caps-.jpg\",\"datePublished\":\"2025-04-18T10:53:00+00:00\",\"breadcrumb\":{\"@id\":\"https:\\\/\\\/weightlossmedssales.com\\\/product\\\/adipex-375-mg\\\/#breadcrumb\"},\"inLanguage\":\"fr-FR\",\"potentialAction\":[{\"@type\":\"ReadAction\",\"target\":[\"https:\\\/\\\/weightlossmedssales.com\\\/product\\\/adipex-375-mg\\\/\"]}]},{\"@type\":\"ImageObject\",\"inLanguage\":\"fr-FR\",\"@id\":\"https:\\\/\\\/weightlossmedssales.com\\\/product\\\/adipex-375-mg\\\/#primaryimage\",\"url\":\"https:\\\/\\\/weightlossmedssales.com\\\/wp-content\\\/uploads\\\/2025\\\/04\\\/Adipex-Teva-37.5-mg-caps-.jpg\",\"contentUrl\":\"https:\\\/\\\/weightlossmedssales.com\\\/wp-content\\\/uploads\\\/2025\\\/04\\\/Adipex-Teva-37.5-mg-caps-.jpg\",\"width\":1200,\"height\":1600},{\"@type\":\"BreadcrumbList\",\"@id\":\"https:\\\/\\\/weightlossmedssales.com\\\/product\\\/adipex-375-mg\\\/#breadcrumb\",\"itemListElement\":[{\"@type\":\"ListItem\",\"position\":1,\"name\":\"Home\",\"item\":\"https:\\\/\\\/weightlossmedssales.com\\\/fr\\\/accueil\\\/\"},{\"@type\":\"ListItem\",\"position\":2,\"name\":\"Shop\",\"item\":\"https:\\\/\\\/weightlossmedssales.com\\\/shop\\\/\"},{\"@type\":\"ListItem\",\"position\":3,\"name\":\"Adipex 37,5 mg\"}]},{\"@type\":\"WebSite\",\"@id\":\"https:\\\/\\\/weightlossmedssales.com\\\/#website\",\"url\":\"https:\\\/\\\/weightlossmedssales.com\\\/\",\"name\":\"Family Healthcare Pharmacy\",\"description\":\"Weight Loss Medicines\",\"potentialAction\":[{\"@type\":\"SearchAction\",\"target\":{\"@type\":\"EntryPoint\",\"urlTemplate\":\"https:\\\/\\\/weightlossmedssales.com\\\/?s={search_term_string}\"},\"query-input\":{\"@type\":\"PropertyValueSpecification\",\"valueRequired\":true,\"valueName\":\"search_term_string\"}}],\"inLanguage\":\"fr-FR\"}]}<\/script>\n<meta property=\"product:price:amount\" content=\"3.00\" \/>\n<meta property=\"product:price:currency\" content=\"USD\" \/>\n<meta property=\"og:availability\" content=\"instock\" \/>\n<meta property=\"product:availability\" content=\"instock\" \/>\n<meta property=\"product:condition\" content=\"new\" \/>\n<!-- \/ Yoast SEO Premium plugin. -->","yoast_head_json":{"title":"Adipex 37,5 mg - Family Healthcare Pharmacy","robots":{"index":"index","follow":"follow","max-snippet":"max-snippet:-1","max-image-preview":"max-image-preview:large","max-video-preview":"max-video-preview:-1"},"canonical":"https:\/\/weightlossmedssales.com\/product\/adipex-375-mg\/","og_locale":"fr_FR","og_type":"article","og_title":"Adipex 37,5 mg","og_description":"Acheter Adipex en ligne Achetez Adipex en ligne. Adipex est utilis\u00e9 dans le cadre d&rsquo;un programme approuv\u00e9 par un m\u00e9decin comprenant de l&rsquo;exercice, des changements comportementaux et un r\u00e9gime hypocalorique pour vous aider \u00e0 perdre du poids. Il est utilis\u00e9 par certaines personnes en surpoids, telles que celles qui sont ob\u00e8ses ou qui ont des ...","og_url":"https:\/\/weightlossmedssales.com\/product\/adipex-375-mg\/","og_site_name":"Family Healthcare Pharmacy","twitter_card":"summary_large_image","twitter_misc":{"Prix":"&#36;3.00","Disponibilit\u00e9":"En stock"},"schema":{"@context":"https:\/\/schema.org","@graph":[{"@type":"WebPage","@id":"https:\/\/weightlossmedssales.com\/product\/adipex-375-mg\/","url":"https:\/\/weightlossmedssales.com\/product\/adipex-375-mg\/","name":"Adipex 37,5 mg - Family Healthcare Pharmacy","isPartOf":{"@id":"https:\/\/weightlossmedssales.com\/#website"},"primaryImageOfPage":{"@id":"https:\/\/weightlossmedssales.com\/product\/adipex-375-mg\/#primaryimage"},"image":{"@id":"https:\/\/weightlossmedssales.com\/product\/adipex-375-mg\/#primaryimage"},"thumbnailUrl":"https:\/\/weightlossmedssales.com\/wp-content\/uploads\/2025\/04\/Adipex-Teva-37.5-mg-caps-.jpg","datePublished":"2025-04-18T10:53:00+00:00","breadcrumb":{"@id":"https:\/\/weightlossmedssales.com\/product\/adipex-375-mg\/#breadcrumb"},"inLanguage":"fr-FR","potentialAction":[{"@type":"ReadAction","target":["https:\/\/weightlossmedssales.com\/product\/adipex-375-mg\/"]}]},{"@type":"ImageObject","inLanguage":"fr-FR","@id":"https:\/\/weightlossmedssales.com\/product\/adipex-375-mg\/#primaryimage","url":"https:\/\/weightlossmedssales.com\/wp-content\/uploads\/2025\/04\/Adipex-Teva-37.5-mg-caps-.jpg","contentUrl":"https:\/\/weightlossmedssales.com\/wp-content\/uploads\/2025\/04\/Adipex-Teva-37.5-mg-caps-.jpg","width":1200,"height":1600},{"@type":"BreadcrumbList","@id":"https:\/\/weightlossmedssales.com\/product\/adipex-375-mg\/#breadcrumb","itemListElement":[{"@type":"ListItem","position":1,"name":"Home","item":"https:\/\/weightlossmedssales.com\/fr\/accueil\/"},{"@type":"ListItem","position":2,"name":"Shop","item":"https:\/\/weightlossmedssales.com\/shop\/"},{"@type":"ListItem","position":3,"name":"Adipex 37,5 mg"}]},{"@type":"WebSite","@id":"https:\/\/weightlossmedssales.com\/#website","url":"https:\/\/weightlossmedssales.com\/","name":"Family Healthcare Pharmacy","description":"Weight Loss Medicines","potentialAction":[{"@type":"SearchAction","target":{"@type":"EntryPoint","urlTemplate":"https:\/\/weightlossmedssales.com\/?s={search_term_string}"},"query-input":{"@type":"PropertyValueSpecification","valueRequired":true,"valueName":"search_term_string"}}],"inLanguage":"fr-FR"}]},"product_price_amount":"3.00","product_price_currency":"USD","og_availability":"instock","product_availability":"instock","product_condition":"new"},"_links":{"self":[{"href":"https:\/\/weightlossmedssales.com\/fr\/wp-json\/wp\/v2\/product\/1938","targetHints":{"allow":["GET"]}}],"collection":[{"href":"https:\/\/weightlossmedssales.com\/fr\/wp-json\/wp\/v2\/product"}],"about":[{"href":"https:\/\/weightlossmedssales.com\/fr\/wp-json\/wp\/v2\/types\/product"}],"replies":[{"embeddable":true,"href":"https:\/\/weightlossmedssales.com\/fr\/wp-json\/wp\/v2\/comments?post=1938"}],"version-history":[{"count":0,"href":"https:\/\/weightlossmedssales.com\/fr\/wp-json\/wp\/v2\/product\/1938\/revisions"}],"wp:featuredmedia":[{"embeddable":true,"href":"https:\/\/weightlossmedssales.com\/fr\/wp-json\/wp\/v2\/media\/1589"}],"wp:attachment":[{"href":"https:\/\/weightlossmedssales.com\/fr\/wp-json\/wp\/v2\/media?parent=1938"}],"wp:term":[{"taxonomy":"product_brand","embeddable":true,"href":"https:\/\/weightlossmedssales.com\/fr\/wp-json\/wp\/v2\/product_brand?post=1938"},{"taxonomy":"product_cat","embeddable":true,"href":"https:\/\/weightlossmedssales.com\/fr\/wp-json\/wp\/v2\/product_cat?post=1938"},{"taxonomy":"product_tag","embeddable":true,"href":"https:\/\/weightlossmedssales.com\/fr\/wp-json\/wp\/v2\/product_tag?post=1938"}],"curies":[{"name":"wp","href":"https:\/\/api.w.org\/{rel}","templated":true}]}}