{"id":2161,"date":"2025-04-18T10:35:14","date_gmt":"2025-04-18T10:35:14","guid":{"rendered":"https:\/\/weightlossmedssales.com\/product\/suboxone-8-mg-piller\/"},"modified":"2025-04-18T10:35:14","modified_gmt":"2025-04-18T10:35:14","slug":"suboxone-8-mg-piller","status":"publish","type":"product","link":"https:\/\/weightlossmedssales.com\/no\/product\/suboxone-8-mg-piller\/","title":{"rendered":"Suboxone 8 mg Piller"},"content":{"rendered":"<h1>Kj\u00f8p Suboxone p\u00e5 nett<\/h1>\n<p>Kj\u00f8p Suboxone online. For det f\u00f8rste er Suboxone en reseptbelagt medisin som kombinerer Buprenorphine og Naloxone. Det brukes til \u00e5 behandle opioidavhengighet. (Heroin og narkotiske smertestillende midler er vanlige opioidmedikamenter.) Buprenorfin tilh\u00f8rer en klasse medikamenter som kalles opioid partielle agonister, som hjelper til med \u00e5 lindre symptomer p\u00e5 opiatabstinens. Suboxone skal ikke brukes som smertestillende medisin, men det kan ogs\u00e5 virke smertelindrende.     <\/p>\n<div class=\"e_col w4_5\">\n<div id=\"__w2_ZMPbVCk_content\" class=\"row content\">\n<div>\n<div id=\"__w2_GHZ82mh__expanded\" class=\"SimpleToggle QueryResultContents QueryResultTopicWiki Toggle\">\n<div class=\"feed_card\">\n<div id=\"lcKswZ\">\n<div id=\"__w2_l8gVR6y_expanded\" class=\"ExpandedQText ExpandedTopicWiki\"><span class=\"rendered_qtext\"><span class=\"matched_term\">Suboxone<\/span>, som produseres av <strong>Reckitt Benckiser<\/strong>, brukes prim\u00e6rt til behandling av opioidavhengighet (i h\u00f8yere doser) og til \u00e5 kontrollere moderate kroniske smerter (i mindre doser). <span class=\"matched_term\">Suboxone<\/span> inneholder buprenorfin samt opioidantagonisten nalokson, som hindrer intraven\u00f8s injeksjon. Det ansl\u00e5tte forholdet mellom buprenorfin og nalokson i <span class=\"matched_term\">Suboxone<\/span> er 4:1. Subutex inneholder imidlertid bare buprenorohin, i motsetning til <span class=\"matched_term\">Suboxone<\/span>.  <\/span><\/div>\n<\/div>\n<\/div>\n<\/div>\n<\/div>\n<\/div>\n<\/div>\n<h3>Mer informasjon om Suboxone<\/h3>\n<p>Noen legemidler kan interagere med buprenorfin og nalokson og for\u00e5rsake en alvorlig tilstand som kalles serotoninsyndrom. S\u00f8rg for at legen din vet om du ogs\u00e5 tar medisiner mot depresjon, psykiske lidelser, Parkinsons sykdom, migrene, alvorlige infeksjoner eller forebygging av kvalme og oppkast. Sp\u00f8r legen din f\u00f8r du gj\u00f8r noen endringer i hvordan eller n\u00e5r du tar medisinene dine. <a href=\"http:\/\/suboxoneproducts.com\/product\/buy-suboxone-online\/\">Kj\u00f8p Suboxone<\/a> online.  <\/p>\n","protected":false},"excerpt":{"rendered":"<p><strong>Pillenavn: <a href=\"https:\/\/www.drugs.com\/search.php?searchterm=Suboxone&amp;referer=pillid\">Suboxone<\/a><\/strong><br \/>\n<strong>Styrke: 8 mg \/ 2 mg<\/strong><br \/>\n<strong>Pill Imprint: <a href=\"https:\/\/www.drugs.com\/imprints\/n8-logo-10811.html\">N8<\/a><\/strong><br \/>\n<strong>Farge: Oransje<\/strong><br \/>\n<strong>Form: Sekskantet<\/strong><br \/>\n<strong>Minimumsbestilling: 100 piller. Ingen resept n\u00f8dvendig. <\/strong><\/p>\n","protected":false},"featured_media":2097,"menu_order":0,"comment_status":"open","ping_status":"closed","template":"","meta":[],"product_brand":[],"product_cat":[242],"product_tag":[243],"class_list":{"0":"post-2161","1":"product","2":"type-product","3":"status-publish","4":"has-post-thumbnail","6":"product_cat-suboxone-produkter-no","7":"product_tag-suboxone-8-mg-no","9":"first","10":"instock","11":"shipping-taxable","12":"purchasable","13":"product-type-simple"},"yoast_head":"<!-- This site is optimized with the Yoast SEO Premium plugin v23.3 (Yoast SEO v26.4) - https:\/\/yoast.com\/wordpress\/plugins\/seo\/ -->\n<title>Kj\u00f8p Suboxone online - Bestill Suboxone Pils online uten resept<\/title>\n<meta name=\"description\" content=\"Kj\u00f8p Suboxone online. Bes\u00f8k v\u00e5r hjemmeside n\u00e5 for \u00e5 bestille suboxone sikkert uten resept og f\u00e5 det levert over natten.\" \/>\n<meta name=\"robots\" content=\"index, follow, max-snippet:-1, max-image-preview:large, max-video-preview:-1\" \/>\n<link rel=\"canonical\" href=\"https:\/\/weightlossmedssales.com\/no\/product\/suboxone-8-mg-piller\/\" \/>\n<meta property=\"og:locale\" content=\"nb_NO\" \/>\n<meta property=\"og:type\" content=\"article\" \/>\n<meta property=\"og:title\" content=\"Suboxone 8 mg Piller\" \/>\n<meta property=\"og:description\" content=\"Kj\u00f8p Suboxone online. Bes\u00f8k v\u00e5r hjemmeside n\u00e5 for \u00e5 bestille suboxone sikkert uten resept og f\u00e5 det levert over natten.\" \/>\n<meta property=\"og:url\" content=\"https:\/\/weightlossmedssales.com\/no\/product\/suboxone-8-mg-piller\/\" \/>\n<meta property=\"og:site_name\" content=\"Family Healthcare Pharmacy\" \/>\n<meta property=\"og:image\" content=\"https:\/\/weightlossmedssales.com\/wp-content\/uploads\/2025\/04\/8-mg-pill.jpg\" \/>\n\t<meta property=\"og:image:width\" content=\"300\" \/>\n\t<meta property=\"og:image:height\" content=\"300\" \/>\n\t<meta property=\"og:image:type\" content=\"image\/jpeg\" \/>\n<meta name=\"twitter:card\" content=\"summary_large_image\" \/>\n<meta name=\"twitter:label1\" content=\"Pris\" \/>\n\t<meta name=\"twitter:data1\" content=\"&#036;2.00\" \/>\n\t<meta name=\"twitter:label2\" content=\"Tilgjengelighet\" \/>\n\t<meta name=\"twitter:data2\" content=\"P\u00e5 lager\" \/>\n<script type=\"application\/ld+json\" class=\"yoast-schema-graph\">{\"@context\":\"https:\/\/schema.org\",\"@graph\":[{\"@type\":\"WebPage\",\"@id\":\"https:\/\/weightlossmedssales.com\/no\/product\/suboxone-8-mg-piller\/\",\"url\":\"https:\/\/weightlossmedssales.com\/no\/product\/suboxone-8-mg-piller\/\",\"name\":\"Kj\u00f8p Suboxone online - Bestill Suboxone Pils online uten resept\",\"isPartOf\":{\"@id\":\"https:\/\/weightlossmedssales.com\/#website\"},\"primaryImageOfPage\":{\"@id\":\"https:\/\/weightlossmedssales.com\/no\/product\/suboxone-8-mg-piller\/#primaryimage\"},\"image\":{\"@id\":\"https:\/\/weightlossmedssales.com\/no\/product\/suboxone-8-mg-piller\/#primaryimage\"},\"thumbnailUrl\":\"https:\/\/weightlossmedssales.com\/wp-content\/uploads\/2025\/04\/8-mg-pill.jpg\",\"datePublished\":\"2025-04-18T10:35:14+00:00\",\"description\":\"Kj\u00f8p Suboxone online. Bes\u00f8k v\u00e5r hjemmeside n\u00e5 for \u00e5 bestille suboxone sikkert uten resept og f\u00e5 det levert over natten.\",\"breadcrumb\":{\"@id\":\"https:\/\/weightlossmedssales.com\/no\/product\/suboxone-8-mg-piller\/#breadcrumb\"},\"inLanguage\":\"nb-NO\",\"potentialAction\":[{\"@type\":\"ReadAction\",\"target\":[\"https:\/\/weightlossmedssales.com\/no\/product\/suboxone-8-mg-piller\/\"]}]},{\"@type\":\"ImageObject\",\"inLanguage\":\"nb-NO\",\"@id\":\"https:\/\/weightlossmedssales.com\/no\/product\/suboxone-8-mg-piller\/#primaryimage\",\"url\":\"https:\/\/weightlossmedssales.com\/wp-content\/uploads\/2025\/04\/8-mg-pill.jpg\",\"contentUrl\":\"https:\/\/weightlossmedssales.com\/wp-content\/uploads\/2025\/04\/8-mg-pill.jpg\",\"width\":300,\"height\":300},{\"@type\":\"BreadcrumbList\",\"@id\":\"https:\/\/weightlossmedssales.com\/no\/product\/suboxone-8-mg-piller\/#breadcrumb\",\"itemListElement\":[{\"@type\":\"ListItem\",\"position\":1,\"name\":\"Home\",\"item\":\"https:\/\/weightlossmedssales.com\/no\/hjem\/\"},{\"@type\":\"ListItem\",\"position\":2,\"name\":\"Shop\",\"item\":\"https:\/\/weightlossmedssales.com\/shop\/\"},{\"@type\":\"ListItem\",\"position\":3,\"name\":\"Suboxone 8 mg Piller\"}]},{\"@type\":\"WebSite\",\"@id\":\"https:\/\/weightlossmedssales.com\/#website\",\"url\":\"https:\/\/weightlossmedssales.com\/\",\"name\":\"Family Healthcare Pharmacy\",\"description\":\"Weight Loss Medicines\",\"potentialAction\":[{\"@type\":\"SearchAction\",\"target\":{\"@type\":\"EntryPoint\",\"urlTemplate\":\"https:\/\/weightlossmedssales.com\/?s={search_term_string}\"},\"query-input\":{\"@type\":\"PropertyValueSpecification\",\"valueRequired\":true,\"valueName\":\"search_term_string\"}}],\"inLanguage\":\"nb-NO\"}]}<\/script>\n<meta property=\"product:price:amount\" content=\"2.00\" \/>\n<meta property=\"product:price:currency\" content=\"USD\" \/>\n<meta property=\"og:availability\" content=\"instock\" \/>\n<meta property=\"product:availability\" content=\"instock\" \/>\n<meta property=\"product:retailer_item_id\" content=\"SU15738\" \/>\n<meta property=\"product:condition\" content=\"new\" \/>\n<!-- \/ Yoast SEO Premium plugin. -->","yoast_head_json":{"title":"Kj\u00f8p Suboxone online - Bestill Suboxone Pils online uten resept","description":"Kj\u00f8p Suboxone online. Bes\u00f8k v\u00e5r hjemmeside n\u00e5 for \u00e5 bestille suboxone sikkert uten resept og f\u00e5 det levert over natten.","robots":{"index":"index","follow":"follow","max-snippet":"max-snippet:-1","max-image-preview":"max-image-preview:large","max-video-preview":"max-video-preview:-1"},"canonical":"https:\/\/weightlossmedssales.com\/no\/product\/suboxone-8-mg-piller\/","og_locale":"nb_NO","og_type":"article","og_title":"Suboxone 8 mg Piller","og_description":"Kj\u00f8p Suboxone online. Bes\u00f8k v\u00e5r hjemmeside n\u00e5 for \u00e5 bestille suboxone sikkert uten resept og f\u00e5 det levert over natten.","og_url":"https:\/\/weightlossmedssales.com\/no\/product\/suboxone-8-mg-piller\/","og_site_name":"Family Healthcare Pharmacy","og_image":[{"width":300,"height":300,"url":"https:\/\/weightlossmedssales.com\/wp-content\/uploads\/2025\/04\/8-mg-pill.jpg","type":"image\/jpeg"}],"twitter_card":"summary_large_image","twitter_misc":{"Pris":"&#36;2.00","Tilgjengelighet":"P\u00e5 lager"},"schema":{"@context":"https:\/\/schema.org","@graph":[{"@type":"WebPage","@id":"https:\/\/weightlossmedssales.com\/no\/product\/suboxone-8-mg-piller\/","url":"https:\/\/weightlossmedssales.com\/no\/product\/suboxone-8-mg-piller\/","name":"Kj\u00f8p Suboxone online - Bestill Suboxone Pils online uten resept","isPartOf":{"@id":"https:\/\/weightlossmedssales.com\/#website"},"primaryImageOfPage":{"@id":"https:\/\/weightlossmedssales.com\/no\/product\/suboxone-8-mg-piller\/#primaryimage"},"image":{"@id":"https:\/\/weightlossmedssales.com\/no\/product\/suboxone-8-mg-piller\/#primaryimage"},"thumbnailUrl":"https:\/\/weightlossmedssales.com\/wp-content\/uploads\/2025\/04\/8-mg-pill.jpg","datePublished":"2025-04-18T10:35:14+00:00","description":"Kj\u00f8p Suboxone online. Bes\u00f8k v\u00e5r hjemmeside n\u00e5 for \u00e5 bestille suboxone sikkert uten resept og f\u00e5 det levert over natten.","breadcrumb":{"@id":"https:\/\/weightlossmedssales.com\/no\/product\/suboxone-8-mg-piller\/#breadcrumb"},"inLanguage":"nb-NO","potentialAction":[{"@type":"ReadAction","target":["https:\/\/weightlossmedssales.com\/no\/product\/suboxone-8-mg-piller\/"]}]},{"@type":"ImageObject","inLanguage":"nb-NO","@id":"https:\/\/weightlossmedssales.com\/no\/product\/suboxone-8-mg-piller\/#primaryimage","url":"https:\/\/weightlossmedssales.com\/wp-content\/uploads\/2025\/04\/8-mg-pill.jpg","contentUrl":"https:\/\/weightlossmedssales.com\/wp-content\/uploads\/2025\/04\/8-mg-pill.jpg","width":300,"height":300},{"@type":"BreadcrumbList","@id":"https:\/\/weightlossmedssales.com\/no\/product\/suboxone-8-mg-piller\/#breadcrumb","itemListElement":[{"@type":"ListItem","position":1,"name":"Home","item":"https:\/\/weightlossmedssales.com\/no\/hjem\/"},{"@type":"ListItem","position":2,"name":"Shop","item":"https:\/\/weightlossmedssales.com\/shop\/"},{"@type":"ListItem","position":3,"name":"Suboxone 8 mg Piller"}]},{"@type":"WebSite","@id":"https:\/\/weightlossmedssales.com\/#website","url":"https:\/\/weightlossmedssales.com\/","name":"Family Healthcare Pharmacy","description":"Weight Loss Medicines","potentialAction":[{"@type":"SearchAction","target":{"@type":"EntryPoint","urlTemplate":"https:\/\/weightlossmedssales.com\/?s={search_term_string}"},"query-input":{"@type":"PropertyValueSpecification","valueRequired":true,"valueName":"search_term_string"}}],"inLanguage":"nb-NO"}]},"product_price_amount":"2.00","product_price_currency":"USD","og_availability":"instock","product_availability":"instock","product_retailer_item_id":"SU15738","product_condition":"new"},"_links":{"self":[{"href":"https:\/\/weightlossmedssales.com\/no\/wp-json\/wp\/v2\/product\/2161","targetHints":{"allow":["GET"]}}],"collection":[{"href":"https:\/\/weightlossmedssales.com\/no\/wp-json\/wp\/v2\/product"}],"about":[{"href":"https:\/\/weightlossmedssales.com\/no\/wp-json\/wp\/v2\/types\/product"}],"replies":[{"embeddable":true,"href":"https:\/\/weightlossmedssales.com\/no\/wp-json\/wp\/v2\/comments?post=2161"}],"version-history":[{"count":0,"href":"https:\/\/weightlossmedssales.com\/no\/wp-json\/wp\/v2\/product\/2161\/revisions"}],"wp:featuredmedia":[{"embeddable":true,"href":"https:\/\/weightlossmedssales.com\/no\/wp-json\/wp\/v2\/media\/2097"}],"wp:attachment":[{"href":"https:\/\/weightlossmedssales.com\/no\/wp-json\/wp\/v2\/media?parent=2161"}],"wp:term":[{"taxonomy":"product_brand","embeddable":true,"href":"https:\/\/weightlossmedssales.com\/no\/wp-json\/wp\/v2\/product_brand?post=2161"},{"taxonomy":"product_cat","embeddable":true,"href":"https:\/\/weightlossmedssales.com\/no\/wp-json\/wp\/v2\/product_cat?post=2161"},{"taxonomy":"product_tag","embeddable":true,"href":"https:\/\/weightlossmedssales.com\/no\/wp-json\/wp\/v2\/product_tag?post=2161"}],"curies":[{"name":"wp","href":"https:\/\/api.w.org\/{rel}","templated":true}]}}