{"id":2162,"date":"2025-04-18T10:35:14","date_gmt":"2025-04-18T10:35:14","guid":{"rendered":"https:\/\/weightlossmedssales.com\/product\/suboxone-12-mg-3-mg-strimler\/"},"modified":"2025-04-18T10:35:14","modified_gmt":"2025-04-18T10:35:14","slug":"suboxone-12-mg-3-mg-strimler","status":"publish","type":"product","link":"https:\/\/weightlossmedssales.com\/no\/product\/suboxone-12-mg-3-mg-strimler\/","title":{"rendered":"Suboxone 12 mg\/3 mg strimler"},"content":{"rendered":"<h2>Kj\u00f8p Suboxone 12 mg Strips<\/h2>\n<p>Du kan bestille Subodone 12 mg Strips online fra oss uten resept. Diskret frakt over natten. Original produkt. Vi tilbyr full refusjon i tilfelle leveringssvikt.   <\/p>\n<p>Suboxone (buprenorfin\/nalokson) er et legemiddel som brukes til behandling av avhengighet av narkotiske stoffer og opioider. Den skal aldri deles med en annen person. Fordi mange pasienter har uttrykt bekymring for tablettens smak og tiden det tar \u00e5 l\u00f8se den opp, er den n\u00e5 tilgjengelig i en annen form som <a href=\"http:\/\/suboxoneproducts.com\/product\/buy-suboxone-strips-online\/\">Suboxone Film<\/a>.  <\/p>\n<h2>Suboxone-strips og -film<\/h2>\n<p>B\u00e5de film og tablett har samme form\u00e5l, og det er \u00e5 behandle opiatavhengighet. Mange foretrekker imidlertid filmvarianten fordi den oppl\u00f8ses raskere sammenlignet med tabletten, og smaken er mer gunstig. Oppbevar hver film i praktiske poser som du enkelt kan b\u00e6re med deg. Selv om stoffet har gjennomg\u00e5tt flere tester, er det viktig at du informerer legen din f\u00f8r du f\u00e5r resept. Hvis du har noen nyre- eller leversykdom, eller har en forst\u00f8rret prostata, gallebl\u00e6resykdom eller en under aktiv skjoldbruskkjertel fordi det kan f\u00f8re til problemer. Kj\u00f8p Suboxone 12 mg Strips.     <\/p>\n","protected":false},"excerpt":{"rendered":"<p><strong>Produkt: Suboxone Strips<\/strong><br \/>\n<strong>Styrke: 12 mg \/ 3 mg<\/strong><br \/>\n<strong>Minste bestillingsmengde: 90 strimler<\/strong><br \/>\n<strong>Bestill uten resept<\/strong><\/p>\n","protected":false},"featured_media":2100,"menu_order":0,"comment_status":"open","ping_status":"closed","template":"","meta":[],"product_brand":[],"product_cat":[242],"product_tag":[],"class_list":{"0":"post-2162","1":"product","2":"type-product","3":"status-publish","4":"has-post-thumbnail","6":"product_cat-suboxone-produkter-no","8":"first","9":"instock","10":"shipping-taxable","11":"purchasable","12":"product-type-simple"},"yoast_head":"<!-- This site is optimized with the Yoast SEO Premium plugin v23.3 (Yoast SEO v26.4) - https:\/\/yoast.com\/wordpress\/plugins\/seo\/ -->\n<title>Kj\u00f8p Suboxone 12 mg Strips Online - Suboxone 12 mg Film tilgjengelig.<\/title>\n<meta name=\"description\" content=\"Kj\u00f8p Suboxone 12 mg strimler online til veldig billig. Ingen resept n\u00f8dvendig. Kj\u00f8p Suboxone 12 mg i Australia og USA Online og Canada\" \/>\n<meta name=\"robots\" content=\"index, follow, max-snippet:-1, max-image-preview:large, max-video-preview:-1\" \/>\n<link rel=\"canonical\" href=\"https:\/\/weightlossmedssales.com\/no\/product\/suboxone-12-mg-3-mg-strimler\/\" \/>\n<meta property=\"og:locale\" content=\"nb_NO\" \/>\n<meta property=\"og:type\" content=\"article\" \/>\n<meta property=\"og:title\" content=\"Suboxone 12 mg\/3 mg strimler\" \/>\n<meta property=\"og:description\" content=\"Kj\u00f8p Suboxone 12 mg strimler online til veldig billig. Ingen resept n\u00f8dvendig. Kj\u00f8p Suboxone 12 mg i Australia og USA Online og Canada\" \/>\n<meta property=\"og:url\" content=\"https:\/\/weightlossmedssales.com\/no\/product\/suboxone-12-mg-3-mg-strimler\/\" \/>\n<meta property=\"og:site_name\" content=\"Family Healthcare Pharmacy\" \/>\n<meta property=\"og:image\" content=\"https:\/\/weightlossmedssales.com\/wp-content\/uploads\/2025\/04\/subuxone-300x300-1.jpg\" \/>\n\t<meta property=\"og:image:width\" content=\"300\" \/>\n\t<meta property=\"og:image:height\" content=\"300\" \/>\n\t<meta property=\"og:image:type\" content=\"image\/jpeg\" \/>\n<meta name=\"twitter:card\" content=\"summary_large_image\" \/>\n<meta name=\"twitter:label1\" content=\"Pris\" \/>\n\t<meta name=\"twitter:data1\" content=\"&#036;2.50\" \/>\n\t<meta name=\"twitter:label2\" content=\"Tilgjengelighet\" \/>\n\t<meta name=\"twitter:data2\" content=\"P\u00e5 lager\" \/>\n<script type=\"application\/ld+json\" class=\"yoast-schema-graph\">{\"@context\":\"https:\/\/schema.org\",\"@graph\":[{\"@type\":\"WebPage\",\"@id\":\"https:\/\/weightlossmedssales.com\/no\/product\/suboxone-12-mg-3-mg-strimler\/\",\"url\":\"https:\/\/weightlossmedssales.com\/no\/product\/suboxone-12-mg-3-mg-strimler\/\",\"name\":\"Kj\u00f8p Suboxone 12 mg Strips Online - Suboxone 12 mg Film tilgjengelig.\",\"isPartOf\":{\"@id\":\"https:\/\/weightlossmedssales.com\/#website\"},\"primaryImageOfPage\":{\"@id\":\"https:\/\/weightlossmedssales.com\/no\/product\/suboxone-12-mg-3-mg-strimler\/#primaryimage\"},\"image\":{\"@id\":\"https:\/\/weightlossmedssales.com\/no\/product\/suboxone-12-mg-3-mg-strimler\/#primaryimage\"},\"thumbnailUrl\":\"https:\/\/weightlossmedssales.com\/wp-content\/uploads\/2025\/04\/subuxone-300x300-1.jpg\",\"datePublished\":\"2025-04-18T10:35:14+00:00\",\"description\":\"Kj\u00f8p Suboxone 12 mg strimler online til veldig billig. Ingen resept n\u00f8dvendig. Kj\u00f8p Suboxone 12 mg i Australia og USA Online og Canada\",\"breadcrumb\":{\"@id\":\"https:\/\/weightlossmedssales.com\/no\/product\/suboxone-12-mg-3-mg-strimler\/#breadcrumb\"},\"inLanguage\":\"nb-NO\",\"potentialAction\":[{\"@type\":\"ReadAction\",\"target\":[\"https:\/\/weightlossmedssales.com\/no\/product\/suboxone-12-mg-3-mg-strimler\/\"]}]},{\"@type\":\"ImageObject\",\"inLanguage\":\"nb-NO\",\"@id\":\"https:\/\/weightlossmedssales.com\/no\/product\/suboxone-12-mg-3-mg-strimler\/#primaryimage\",\"url\":\"https:\/\/weightlossmedssales.com\/wp-content\/uploads\/2025\/04\/subuxone-300x300-1.jpg\",\"contentUrl\":\"https:\/\/weightlossmedssales.com\/wp-content\/uploads\/2025\/04\/subuxone-300x300-1.jpg\",\"width\":300,\"height\":300},{\"@type\":\"BreadcrumbList\",\"@id\":\"https:\/\/weightlossmedssales.com\/no\/product\/suboxone-12-mg-3-mg-strimler\/#breadcrumb\",\"itemListElement\":[{\"@type\":\"ListItem\",\"position\":1,\"name\":\"Home\",\"item\":\"https:\/\/weightlossmedssales.com\/no\/hjem\/\"},{\"@type\":\"ListItem\",\"position\":2,\"name\":\"Shop\",\"item\":\"https:\/\/weightlossmedssales.com\/shop\/\"},{\"@type\":\"ListItem\",\"position\":3,\"name\":\"Suboxone 12 mg\/3 mg strimler\"}]},{\"@type\":\"WebSite\",\"@id\":\"https:\/\/weightlossmedssales.com\/#website\",\"url\":\"https:\/\/weightlossmedssales.com\/\",\"name\":\"Family Healthcare Pharmacy\",\"description\":\"Weight Loss Medicines\",\"potentialAction\":[{\"@type\":\"SearchAction\",\"target\":{\"@type\":\"EntryPoint\",\"urlTemplate\":\"https:\/\/weightlossmedssales.com\/?s={search_term_string}\"},\"query-input\":{\"@type\":\"PropertyValueSpecification\",\"valueRequired\":true,\"valueName\":\"search_term_string\"}}],\"inLanguage\":\"nb-NO\"}]}<\/script>\n<meta property=\"product:price:amount\" content=\"2.50\" \/>\n<meta property=\"product:price:currency\" content=\"USD\" \/>\n<meta property=\"og:availability\" content=\"instock\" \/>\n<meta property=\"product:availability\" content=\"instock\" \/>\n<meta property=\"product:retailer_item_id\" content=\"SU72587\" \/>\n<meta property=\"product:condition\" content=\"new\" \/>\n<!-- \/ Yoast SEO Premium plugin. -->","yoast_head_json":{"title":"Kj\u00f8p Suboxone 12 mg Strips Online - Suboxone 12 mg Film tilgjengelig.","description":"Kj\u00f8p Suboxone 12 mg strimler online til veldig billig. Ingen resept n\u00f8dvendig. Kj\u00f8p Suboxone 12 mg i Australia og USA Online og Canada","robots":{"index":"index","follow":"follow","max-snippet":"max-snippet:-1","max-image-preview":"max-image-preview:large","max-video-preview":"max-video-preview:-1"},"canonical":"https:\/\/weightlossmedssales.com\/no\/product\/suboxone-12-mg-3-mg-strimler\/","og_locale":"nb_NO","og_type":"article","og_title":"Suboxone 12 mg\/3 mg strimler","og_description":"Kj\u00f8p Suboxone 12 mg strimler online til veldig billig. Ingen resept n\u00f8dvendig. Kj\u00f8p Suboxone 12 mg i Australia og USA Online og Canada","og_url":"https:\/\/weightlossmedssales.com\/no\/product\/suboxone-12-mg-3-mg-strimler\/","og_site_name":"Family Healthcare Pharmacy","og_image":[{"width":300,"height":300,"url":"https:\/\/weightlossmedssales.com\/wp-content\/uploads\/2025\/04\/subuxone-300x300-1.jpg","type":"image\/jpeg"}],"twitter_card":"summary_large_image","twitter_misc":{"Pris":"&#36;2.50","Tilgjengelighet":"P\u00e5 lager"},"schema":{"@context":"https:\/\/schema.org","@graph":[{"@type":"WebPage","@id":"https:\/\/weightlossmedssales.com\/no\/product\/suboxone-12-mg-3-mg-strimler\/","url":"https:\/\/weightlossmedssales.com\/no\/product\/suboxone-12-mg-3-mg-strimler\/","name":"Kj\u00f8p Suboxone 12 mg Strips Online - Suboxone 12 mg Film tilgjengelig.","isPartOf":{"@id":"https:\/\/weightlossmedssales.com\/#website"},"primaryImageOfPage":{"@id":"https:\/\/weightlossmedssales.com\/no\/product\/suboxone-12-mg-3-mg-strimler\/#primaryimage"},"image":{"@id":"https:\/\/weightlossmedssales.com\/no\/product\/suboxone-12-mg-3-mg-strimler\/#primaryimage"},"thumbnailUrl":"https:\/\/weightlossmedssales.com\/wp-content\/uploads\/2025\/04\/subuxone-300x300-1.jpg","datePublished":"2025-04-18T10:35:14+00:00","description":"Kj\u00f8p Suboxone 12 mg strimler online til veldig billig. Ingen resept n\u00f8dvendig. Kj\u00f8p Suboxone 12 mg i Australia og USA Online og Canada","breadcrumb":{"@id":"https:\/\/weightlossmedssales.com\/no\/product\/suboxone-12-mg-3-mg-strimler\/#breadcrumb"},"inLanguage":"nb-NO","potentialAction":[{"@type":"ReadAction","target":["https:\/\/weightlossmedssales.com\/no\/product\/suboxone-12-mg-3-mg-strimler\/"]}]},{"@type":"ImageObject","inLanguage":"nb-NO","@id":"https:\/\/weightlossmedssales.com\/no\/product\/suboxone-12-mg-3-mg-strimler\/#primaryimage","url":"https:\/\/weightlossmedssales.com\/wp-content\/uploads\/2025\/04\/subuxone-300x300-1.jpg","contentUrl":"https:\/\/weightlossmedssales.com\/wp-content\/uploads\/2025\/04\/subuxone-300x300-1.jpg","width":300,"height":300},{"@type":"BreadcrumbList","@id":"https:\/\/weightlossmedssales.com\/no\/product\/suboxone-12-mg-3-mg-strimler\/#breadcrumb","itemListElement":[{"@type":"ListItem","position":1,"name":"Home","item":"https:\/\/weightlossmedssales.com\/no\/hjem\/"},{"@type":"ListItem","position":2,"name":"Shop","item":"https:\/\/weightlossmedssales.com\/shop\/"},{"@type":"ListItem","position":3,"name":"Suboxone 12 mg\/3 mg strimler"}]},{"@type":"WebSite","@id":"https:\/\/weightlossmedssales.com\/#website","url":"https:\/\/weightlossmedssales.com\/","name":"Family Healthcare Pharmacy","description":"Weight Loss Medicines","potentialAction":[{"@type":"SearchAction","target":{"@type":"EntryPoint","urlTemplate":"https:\/\/weightlossmedssales.com\/?s={search_term_string}"},"query-input":{"@type":"PropertyValueSpecification","valueRequired":true,"valueName":"search_term_string"}}],"inLanguage":"nb-NO"}]},"product_price_amount":"2.50","product_price_currency":"USD","og_availability":"instock","product_availability":"instock","product_retailer_item_id":"SU72587","product_condition":"new"},"_links":{"self":[{"href":"https:\/\/weightlossmedssales.com\/no\/wp-json\/wp\/v2\/product\/2162","targetHints":{"allow":["GET"]}}],"collection":[{"href":"https:\/\/weightlossmedssales.com\/no\/wp-json\/wp\/v2\/product"}],"about":[{"href":"https:\/\/weightlossmedssales.com\/no\/wp-json\/wp\/v2\/types\/product"}],"replies":[{"embeddable":true,"href":"https:\/\/weightlossmedssales.com\/no\/wp-json\/wp\/v2\/comments?post=2162"}],"version-history":[{"count":0,"href":"https:\/\/weightlossmedssales.com\/no\/wp-json\/wp\/v2\/product\/2162\/revisions"}],"wp:featuredmedia":[{"embeddable":true,"href":"https:\/\/weightlossmedssales.com\/no\/wp-json\/wp\/v2\/media\/2100"}],"wp:attachment":[{"href":"https:\/\/weightlossmedssales.com\/no\/wp-json\/wp\/v2\/media?parent=2162"}],"wp:term":[{"taxonomy":"product_brand","embeddable":true,"href":"https:\/\/weightlossmedssales.com\/no\/wp-json\/wp\/v2\/product_brand?post=2162"},{"taxonomy":"product_cat","embeddable":true,"href":"https:\/\/weightlossmedssales.com\/no\/wp-json\/wp\/v2\/product_cat?post=2162"},{"taxonomy":"product_tag","embeddable":true,"href":"https:\/\/weightlossmedssales.com\/no\/wp-json\/wp\/v2\/product_tag?post=2162"}],"curies":[{"name":"wp","href":"https:\/\/api.w.org\/{rel}","templated":true}]}}