{"id":2163,"date":"2025-04-18T10:35:14","date_gmt":"2025-04-18T10:35:14","guid":{"rendered":"https:\/\/weightlossmedssales.com\/product\/subutex-8-mg-piller\/"},"modified":"2025-04-18T10:35:14","modified_gmt":"2025-04-18T10:35:14","slug":"subutex-8-mg-piller","status":"publish","type":"product","link":"https:\/\/weightlossmedssales.com\/no\/product\/subutex-8-mg-piller\/","title":{"rendered":"Subutex 8 mg Piller"},"content":{"rendered":"<h1>Kj\u00f8p Subutex online<\/h1>\n<p>Subutex er et medikament, syntetisert fra morfin. I tillegg tilh\u00f8rer det gruppen opiater. I europeisk praksis brukes det som et middel for substitusjonsbehandling av heroinavhengighet, s\u00e5 vel som i andre typer medisinsk praksis. Hvis du var p\u00e5 utkikk etter et legitimt sted \u00e5 <a href=\"http:\/\/suboxoneproducts.com\/product\/buy-subutex-online\/\">kj\u00f8pe Subutex<\/a> Online, s\u00e5 kan du bestille fra oss. Derfor, bestill n\u00e5 og f\u00e5 pillene levert p\u00e5 d\u00f8ren trinn innen 24 timer.    <\/p>\n<h2>Bruksomr\u00e5der for Subutex<\/h2>\n<p>Behandling av opioidavhengighet. Det fungerer ogs\u00e5 som en del av en komplett behandlingsplan for narkotisk avhengighet. If fungerer ved \u00e5 blokkere smertereseptorer.  <\/p>\n<p>Subutex er en partiell opioid (narkotisk) agonist-antagonist. I tillegg virker det ved \u00e5 binde seg til reseptorer i hjernen og nervesystemet for \u00e5 forebygge abstinenssymptomer hos personer som har sluttet \u00e5 ta narkotiske stoffer (f.eks. heroin, oksykodon). <\/p>\n<h3>Bivirkninger av Subutex (Buprenorfin)<\/h3>\n<p>Ukontrollert mottak av Subutex som et sant tungt stoff, for\u00e5rsaker mange bivirkninger. P\u00e5 det f\u00f8rste stedet er veldig rask avhengighet til stoffet. Ofte er mange narkomane ikke lenger &laquo;har&raquo; disse pillene og begynner \u00e5 bruke dem intraven\u00f8st, blande innholdet i tabletten med vann.  <\/p>\n<p>Folk som stadig tar Subutex, f\u00f8ler panikk og frykt hele tiden sammen med angst og aggresjon. Sv\u00e6rt raskt utvikler s\u00f8vnl\u00f8shet symptomer. Hypnotika og beroligende midler, tar i store mengder over en lang periode, for\u00e5rsaker alvorlig forgiftning (kjemisk forgiftning). Som et resultat er det utvikling av psykose, \u00f8kt irritabilitet, hyppig tvangsadferd og raserianfall.   <\/p>\n<h4>Hva er buprenorfin?<\/h4>\n<p>Dr. Randy Brown fra College of Wisconsin Med School beskriver n\u00f8yaktig hva medisinen buprenorfin. Kj\u00f8p Subutex Online. <\/p>\n","protected":false},"excerpt":{"rendered":"<p><strong>Pillenavn: <a href=\"https:\/\/www.drugs.com\/search.php?searchterm=Subutex&amp;referer=pillid\">Subutex<\/a><\/strong><br \/>\n<strong>  Styrke: 8 mg<\/strong><br \/>\n<strong>  Pill Imprint: <a href=\"https:\/\/www.drugs.com\/imprints\/b8-logo-10809.html\">B8<\/a><\/strong><br \/>\n<strong>  Farge: Hvit<\/strong><br \/>\n<strong>  Form: Elliptisk \/ oval.<\/strong><br \/>\n<strong>  Ingen resept n\u00f8dvendig. Diskret frakt over natten <\/strong><\/p>\n","protected":false},"featured_media":2099,"menu_order":0,"comment_status":"open","ping_status":"closed","template":"","meta":[],"product_brand":[],"product_cat":[242],"product_tag":[244],"class_list":{"0":"post-2163","1":"product","2":"type-product","3":"status-publish","4":"has-post-thumbnail","6":"product_cat-suboxone-produkter-no","7":"product_tag-subutex-no","9":"first","10":"instock","11":"shipping-taxable","12":"purchasable","13":"product-type-simple"},"yoast_head":"<!-- This site is optimized with the Yoast SEO Premium plugin v23.3 (Yoast SEO v27.4) - https:\/\/yoast.com\/product\/yoast-seo-premium-wordpress\/ -->\n<title>Kj\u00f8p Subutex Online - Bestill Subutex 8 mg Online. Ingen resept<\/title>\n<meta name=\"description\" content=\"Kj\u00f8p Subutex Online. Bes\u00f8k oss n\u00e5 for \u00e5 bestille eller kj\u00f8pe subutex 8 mg Piller online uten resept til meget billige priser. Diskret frakt over natten\" \/>\n<meta name=\"robots\" content=\"index, follow, max-snippet:-1, max-image-preview:large, max-video-preview:-1\" \/>\n<link rel=\"canonical\" href=\"https:\/\/weightlossmedssales.com\/no\/product\/subutex-8-mg-piller\/\" \/>\n<meta property=\"og:locale\" content=\"nb_NO\" \/>\n<meta property=\"og:type\" content=\"article\" \/>\n<meta property=\"og:title\" content=\"Subutex 8 mg Piller\" \/>\n<meta property=\"og:description\" content=\"Kj\u00f8p Subutex Online. Bes\u00f8k oss n\u00e5 for \u00e5 bestille eller kj\u00f8pe subutex 8 mg Piller online uten resept til meget billige priser. Diskret frakt over natten\" \/>\n<meta property=\"og:url\" content=\"https:\/\/weightlossmedssales.com\/no\/product\/subutex-8-mg-piller\/\" \/>\n<meta property=\"og:site_name\" content=\"Family Healthcare Pharmacy\" \/>\n<meta property=\"og:image\" content=\"https:\/\/weightlossmedssales.com\/wp-content\/uploads\/2025\/04\/Buprenorphine-Hydrochloride.jpg\" \/>\n\t<meta property=\"og:image:width\" content=\"300\" \/>\n\t<meta property=\"og:image:height\" content=\"300\" \/>\n\t<meta property=\"og:image:type\" content=\"image\/jpeg\" \/>\n<meta name=\"twitter:card\" content=\"summary_large_image\" \/>\n<meta name=\"twitter:label1\" content=\"Pris\" \/>\n\t<meta name=\"twitter:data1\" content=\"&#036;2.50\" \/>\n\t<meta name=\"twitter:label2\" content=\"Tilgjengelighet\" \/>\n\t<meta name=\"twitter:data2\" content=\"P\u00e5 lager\" \/>\n<script type=\"application\/ld+json\" class=\"yoast-schema-graph\">{\"@context\":\"https:\\\/\\\/schema.org\",\"@graph\":[{\"@type\":\"WebPage\",\"@id\":\"https:\\\/\\\/weightlossmedssales.com\\\/no\\\/product\\\/subutex-8-mg-piller\\\/\",\"url\":\"https:\\\/\\\/weightlossmedssales.com\\\/no\\\/product\\\/subutex-8-mg-piller\\\/\",\"name\":\"Kj\u00f8p Subutex Online - Bestill Subutex 8 mg Online. Ingen resept\",\"isPartOf\":{\"@id\":\"https:\\\/\\\/weightlossmedssales.com\\\/#website\"},\"primaryImageOfPage\":{\"@id\":\"https:\\\/\\\/weightlossmedssales.com\\\/no\\\/product\\\/subutex-8-mg-piller\\\/#primaryimage\"},\"image\":{\"@id\":\"https:\\\/\\\/weightlossmedssales.com\\\/no\\\/product\\\/subutex-8-mg-piller\\\/#primaryimage\"},\"thumbnailUrl\":\"https:\\\/\\\/weightlossmedssales.com\\\/wp-content\\\/uploads\\\/2025\\\/04\\\/Buprenorphine-Hydrochloride.jpg\",\"datePublished\":\"2025-04-18T10:35:14+00:00\",\"description\":\"Kj\u00f8p Subutex Online. Bes\u00f8k oss n\u00e5 for \u00e5 bestille eller kj\u00f8pe subutex 8 mg Piller online uten resept til meget billige priser. Diskret frakt over natten\",\"breadcrumb\":{\"@id\":\"https:\\\/\\\/weightlossmedssales.com\\\/no\\\/product\\\/subutex-8-mg-piller\\\/#breadcrumb\"},\"inLanguage\":\"nb-NO\",\"potentialAction\":[{\"@type\":\"ReadAction\",\"target\":[\"https:\\\/\\\/weightlossmedssales.com\\\/no\\\/product\\\/subutex-8-mg-piller\\\/\"]}]},{\"@type\":\"ImageObject\",\"inLanguage\":\"nb-NO\",\"@id\":\"https:\\\/\\\/weightlossmedssales.com\\\/no\\\/product\\\/subutex-8-mg-piller\\\/#primaryimage\",\"url\":\"https:\\\/\\\/weightlossmedssales.com\\\/wp-content\\\/uploads\\\/2025\\\/04\\\/Buprenorphine-Hydrochloride.jpg\",\"contentUrl\":\"https:\\\/\\\/weightlossmedssales.com\\\/wp-content\\\/uploads\\\/2025\\\/04\\\/Buprenorphine-Hydrochloride.jpg\",\"width\":300,\"height\":300},{\"@type\":\"BreadcrumbList\",\"@id\":\"https:\\\/\\\/weightlossmedssales.com\\\/no\\\/product\\\/subutex-8-mg-piller\\\/#breadcrumb\",\"itemListElement\":[{\"@type\":\"ListItem\",\"position\":1,\"name\":\"Home\",\"item\":\"https:\\\/\\\/weightlossmedssales.com\\\/no\\\/hjem\\\/\"},{\"@type\":\"ListItem\",\"position\":2,\"name\":\"Shop\",\"item\":\"https:\\\/\\\/weightlossmedssales.com\\\/shop\\\/\"},{\"@type\":\"ListItem\",\"position\":3,\"name\":\"Subutex 8 mg Piller\"}]},{\"@type\":\"WebSite\",\"@id\":\"https:\\\/\\\/weightlossmedssales.com\\\/#website\",\"url\":\"https:\\\/\\\/weightlossmedssales.com\\\/\",\"name\":\"Family Healthcare Pharmacy\",\"description\":\"Weight Loss Medicines\",\"potentialAction\":[{\"@type\":\"SearchAction\",\"target\":{\"@type\":\"EntryPoint\",\"urlTemplate\":\"https:\\\/\\\/weightlossmedssales.com\\\/?s={search_term_string}\"},\"query-input\":{\"@type\":\"PropertyValueSpecification\",\"valueRequired\":true,\"valueName\":\"search_term_string\"}}],\"inLanguage\":\"nb-NO\"}]}<\/script>\n<meta property=\"product:price:amount\" content=\"2.50\" \/>\n<meta property=\"product:price:currency\" content=\"USD\" \/>\n<meta property=\"og:availability\" content=\"instock\" \/>\n<meta property=\"product:availability\" content=\"instock\" \/>\n<meta property=\"product:retailer_item_id\" content=\"SU11693\" \/>\n<meta property=\"product:condition\" content=\"new\" \/>\n<!-- \/ Yoast SEO Premium plugin. -->","yoast_head_json":{"title":"Kj\u00f8p Subutex Online - Bestill Subutex 8 mg Online. Ingen resept","description":"Kj\u00f8p Subutex Online. Bes\u00f8k oss n\u00e5 for \u00e5 bestille eller kj\u00f8pe subutex 8 mg Piller online uten resept til meget billige priser. Diskret frakt over natten","robots":{"index":"index","follow":"follow","max-snippet":"max-snippet:-1","max-image-preview":"max-image-preview:large","max-video-preview":"max-video-preview:-1"},"canonical":"https:\/\/weightlossmedssales.com\/no\/product\/subutex-8-mg-piller\/","og_locale":"nb_NO","og_type":"article","og_title":"Subutex 8 mg Piller","og_description":"Kj\u00f8p Subutex Online. Bes\u00f8k oss n\u00e5 for \u00e5 bestille eller kj\u00f8pe subutex 8 mg Piller online uten resept til meget billige priser. Diskret frakt over natten","og_url":"https:\/\/weightlossmedssales.com\/no\/product\/subutex-8-mg-piller\/","og_site_name":"Family Healthcare Pharmacy","og_image":[{"width":300,"height":300,"url":"https:\/\/weightlossmedssales.com\/wp-content\/uploads\/2025\/04\/Buprenorphine-Hydrochloride.jpg","type":"image\/jpeg"}],"twitter_card":"summary_large_image","twitter_misc":{"Pris":"&#36;2.50","Tilgjengelighet":"P\u00e5 lager"},"schema":{"@context":"https:\/\/schema.org","@graph":[{"@type":"WebPage","@id":"https:\/\/weightlossmedssales.com\/no\/product\/subutex-8-mg-piller\/","url":"https:\/\/weightlossmedssales.com\/no\/product\/subutex-8-mg-piller\/","name":"Kj\u00f8p Subutex Online - Bestill Subutex 8 mg Online. Ingen resept","isPartOf":{"@id":"https:\/\/weightlossmedssales.com\/#website"},"primaryImageOfPage":{"@id":"https:\/\/weightlossmedssales.com\/no\/product\/subutex-8-mg-piller\/#primaryimage"},"image":{"@id":"https:\/\/weightlossmedssales.com\/no\/product\/subutex-8-mg-piller\/#primaryimage"},"thumbnailUrl":"https:\/\/weightlossmedssales.com\/wp-content\/uploads\/2025\/04\/Buprenorphine-Hydrochloride.jpg","datePublished":"2025-04-18T10:35:14+00:00","description":"Kj\u00f8p Subutex Online. Bes\u00f8k oss n\u00e5 for \u00e5 bestille eller kj\u00f8pe subutex 8 mg Piller online uten resept til meget billige priser. Diskret frakt over natten","breadcrumb":{"@id":"https:\/\/weightlossmedssales.com\/no\/product\/subutex-8-mg-piller\/#breadcrumb"},"inLanguage":"nb-NO","potentialAction":[{"@type":"ReadAction","target":["https:\/\/weightlossmedssales.com\/no\/product\/subutex-8-mg-piller\/"]}]},{"@type":"ImageObject","inLanguage":"nb-NO","@id":"https:\/\/weightlossmedssales.com\/no\/product\/subutex-8-mg-piller\/#primaryimage","url":"https:\/\/weightlossmedssales.com\/wp-content\/uploads\/2025\/04\/Buprenorphine-Hydrochloride.jpg","contentUrl":"https:\/\/weightlossmedssales.com\/wp-content\/uploads\/2025\/04\/Buprenorphine-Hydrochloride.jpg","width":300,"height":300},{"@type":"BreadcrumbList","@id":"https:\/\/weightlossmedssales.com\/no\/product\/subutex-8-mg-piller\/#breadcrumb","itemListElement":[{"@type":"ListItem","position":1,"name":"Home","item":"https:\/\/weightlossmedssales.com\/no\/hjem\/"},{"@type":"ListItem","position":2,"name":"Shop","item":"https:\/\/weightlossmedssales.com\/shop\/"},{"@type":"ListItem","position":3,"name":"Subutex 8 mg Piller"}]},{"@type":"WebSite","@id":"https:\/\/weightlossmedssales.com\/#website","url":"https:\/\/weightlossmedssales.com\/","name":"Family Healthcare Pharmacy","description":"Weight Loss Medicines","potentialAction":[{"@type":"SearchAction","target":{"@type":"EntryPoint","urlTemplate":"https:\/\/weightlossmedssales.com\/?s={search_term_string}"},"query-input":{"@type":"PropertyValueSpecification","valueRequired":true,"valueName":"search_term_string"}}],"inLanguage":"nb-NO"}]},"product_price_amount":"2.50","product_price_currency":"USD","og_availability":"instock","product_availability":"instock","product_retailer_item_id":"SU11693","product_condition":"new"},"_links":{"self":[{"href":"https:\/\/weightlossmedssales.com\/no\/wp-json\/wp\/v2\/product\/2163","targetHints":{"allow":["GET"]}}],"collection":[{"href":"https:\/\/weightlossmedssales.com\/no\/wp-json\/wp\/v2\/product"}],"about":[{"href":"https:\/\/weightlossmedssales.com\/no\/wp-json\/wp\/v2\/types\/product"}],"replies":[{"embeddable":true,"href":"https:\/\/weightlossmedssales.com\/no\/wp-json\/wp\/v2\/comments?post=2163"}],"version-history":[{"count":0,"href":"https:\/\/weightlossmedssales.com\/no\/wp-json\/wp\/v2\/product\/2163\/revisions"}],"wp:featuredmedia":[{"embeddable":true,"href":"https:\/\/weightlossmedssales.com\/no\/wp-json\/wp\/v2\/media\/2099"}],"wp:attachment":[{"href":"https:\/\/weightlossmedssales.com\/no\/wp-json\/wp\/v2\/media?parent=2163"}],"wp:term":[{"taxonomy":"product_brand","embeddable":true,"href":"https:\/\/weightlossmedssales.com\/no\/wp-json\/wp\/v2\/product_brand?post=2163"},{"taxonomy":"product_cat","embeddable":true,"href":"https:\/\/weightlossmedssales.com\/no\/wp-json\/wp\/v2\/product_cat?post=2163"},{"taxonomy":"product_tag","embeddable":true,"href":"https:\/\/weightlossmedssales.com\/no\/wp-json\/wp\/v2\/product_tag?post=2163"}],"curies":[{"name":"wp","href":"https:\/\/api.w.org\/{rel}","templated":true}]}}