{"id":2164,"date":"2025-04-18T10:35:14","date_gmt":"2025-04-18T10:35:14","guid":{"rendered":"https:\/\/weightlossmedssales.com\/product\/adderall-30-mg\/"},"modified":"2025-04-18T10:35:14","modified_gmt":"2025-04-18T10:35:14","slug":"adderall-30-mg","status":"publish","type":"product","link":"https:\/\/weightlossmedssales.com\/no\/product\/adderall-30-mg\/","title":{"rendered":"Adderall 30 mg"},"content":{"rendered":"<h1>Adderall 30 mg Piller<\/h1>\n<p>Kj\u00f8p Adderall online. Adderall XR (Extended Release) og Mydayis er kombinasjonsmedisiner som inneholder fire salter av de to enantiomerene av amfetamin, et sentralnervesystem (CNS) stimulerende middel av fenetylaminklassen. Adderall brukes til behandling av ADHD (Attention Deficit Hyperactivity Disorder) og narkolepsi. Det brukes ogs\u00e5 som prestasjonsfremmende middel i idrett og som kognitiv forsterker, og i rekreasjons\u00f8yemed som afrodisiakum og euforiserende middel. De aktive ingrediensene best\u00e5r av 25 % levoamfetaminsalter (den levorotatoriske eller &laquo;venstrehendte&raquo; enantiomeren) og 75 % dekstroamfetaminsalter (den dextrorotatoriske eller &laquo;h\u00f8yrehendte&raquo; enantiomeren).    <\/p>\n<h2>Adderall til salgs<\/h2>\n<p>Vi leverer Adderall 30 mg piller online til sv\u00e6rt billige og rimelige priser uten resept. Alt du trenger \u00e5 gj\u00f8re er \u00e5 legge inn din bestilling fra v\u00e5r nettside, sende betaling og vi vil sende din bestilling. Vi tilbyr 24 timers levering i USA og 3 dager over hele verden.  <\/p>\n<div><\/div>\n<p>Adderall oral tablett og Adderall XR oral kapsel med forlenget frigj\u00f8ring er begge tilgjengelige i generiske former. Det generiske navnet p\u00e5 legemidlet i b\u00e5de tabletten og kapselen er amfetamin\/dextroamfetaminsalter. <\/p>\n<p>Generiske legemidler koster vanligvis mindre enn originalversjonen. I noen tilfeller kan det v\u00e6re ulike former og styrker av det originale og det generiske legemiddelet. <\/p>\n<h3>Adderall ingredienser<\/h3>\n<p>Adderall inneholder en blanding av ulike former for amfetamin og dekstroamfetamin. Spesielt inkluderer disse formene amfetaminaspartat, amfetaminsulfat, dekstroamfetaminsakkarat og dekstroamfetaminsulfat. Kj\u00f8p adderall online  <\/p>\n","protected":false},"excerpt":{"rendered":"<p><strong>Produkt: Adderall<\/strong><br \/>\n<strong>Styrke: 30 MG<br \/>\nFarge: Oransje<\/strong><br \/>\n<strong>Min bestilling: 100 piller<\/strong><\/p>\n<p>&nbsp;<\/p>\n","protected":false},"featured_media":2104,"menu_order":0,"comment_status":"open","ping_status":"closed","template":"","meta":[],"product_brand":[],"product_cat":[242],"product_tag":[],"class_list":{"0":"post-2164","1":"product","2":"type-product","3":"status-publish","4":"has-post-thumbnail","6":"product_cat-suboxone-produkter-no","8":"first","9":"instock","10":"shipping-taxable","11":"purchasable","12":"product-type-simple"},"yoast_head":"<!-- This site is optimized with the Yoast SEO Premium plugin v23.3 (Yoast SEO v26.4) - https:\/\/yoast.com\/wordpress\/plugins\/seo\/ -->\n<title>Kj\u00f8p Adderall Online - Adderall til salgs. Adderall informasjon<\/title>\n<meta name=\"description\" content=\"Kj\u00f8p Adderall online. Vi er de beste leverand\u00f8rene av Adderall 30 mg piller online uten resept. Diskret frakt over natten. Mer informasjon om Adderall\" \/>\n<meta name=\"robots\" content=\"index, follow, max-snippet:-1, max-image-preview:large, max-video-preview:-1\" \/>\n<link rel=\"canonical\" href=\"https:\/\/weightlossmedssales.com\/no\/product\/adderall-30-mg\/\" \/>\n<meta property=\"og:locale\" content=\"nb_NO\" \/>\n<meta property=\"og:type\" content=\"article\" \/>\n<meta property=\"og:title\" content=\"Adderall 30 mg\" \/>\n<meta property=\"og:description\" content=\"Kj\u00f8p Adderall online. Vi er de beste leverand\u00f8rene av Adderall 30 mg piller online uten resept. Diskret frakt over natten. Mer informasjon om Adderall\" \/>\n<meta property=\"og:url\" content=\"https:\/\/weightlossmedssales.com\/no\/product\/adderall-30-mg\/\" \/>\n<meta property=\"og:site_name\" content=\"Family Healthcare Pharmacy\" \/>\n<meta property=\"og:image\" content=\"https:\/\/weightlossmedssales.com\/wp-content\/uploads\/2025\/04\/adderall-30-mg.jpg\" \/>\n\t<meta property=\"og:image:width\" content=\"960\" \/>\n\t<meta property=\"og:image:height\" content=\"1280\" \/>\n\t<meta property=\"og:image:type\" content=\"image\/jpeg\" \/>\n<meta name=\"twitter:card\" content=\"summary_large_image\" \/>\n<meta name=\"twitter:label1\" content=\"Pris\" \/>\n\t<meta name=\"twitter:data1\" content=\"&#036;2.50\" \/>\n\t<meta name=\"twitter:label2\" content=\"Tilgjengelighet\" \/>\n\t<meta name=\"twitter:data2\" content=\"P\u00e5 lager\" \/>\n<script type=\"application\/ld+json\" class=\"yoast-schema-graph\">{\"@context\":\"https:\/\/schema.org\",\"@graph\":[{\"@type\":\"WebPage\",\"@id\":\"https:\/\/weightlossmedssales.com\/no\/product\/adderall-30-mg\/\",\"url\":\"https:\/\/weightlossmedssales.com\/no\/product\/adderall-30-mg\/\",\"name\":\"Kj\u00f8p Adderall Online - Adderall til salgs. Adderall informasjon\",\"isPartOf\":{\"@id\":\"https:\/\/weightlossmedssales.com\/#website\"},\"primaryImageOfPage\":{\"@id\":\"https:\/\/weightlossmedssales.com\/no\/product\/adderall-30-mg\/#primaryimage\"},\"image\":{\"@id\":\"https:\/\/weightlossmedssales.com\/no\/product\/adderall-30-mg\/#primaryimage\"},\"thumbnailUrl\":\"https:\/\/weightlossmedssales.com\/wp-content\/uploads\/2025\/04\/adderall-30-mg.jpg\",\"datePublished\":\"2025-04-18T10:35:14+00:00\",\"description\":\"Kj\u00f8p Adderall online. Vi er de beste leverand\u00f8rene av Adderall 30 mg piller online uten resept. Diskret frakt over natten. Mer informasjon om Adderall\",\"breadcrumb\":{\"@id\":\"https:\/\/weightlossmedssales.com\/no\/product\/adderall-30-mg\/#breadcrumb\"},\"inLanguage\":\"nb-NO\",\"potentialAction\":[{\"@type\":\"ReadAction\",\"target\":[\"https:\/\/weightlossmedssales.com\/no\/product\/adderall-30-mg\/\"]}]},{\"@type\":\"ImageObject\",\"inLanguage\":\"nb-NO\",\"@id\":\"https:\/\/weightlossmedssales.com\/no\/product\/adderall-30-mg\/#primaryimage\",\"url\":\"https:\/\/weightlossmedssales.com\/wp-content\/uploads\/2025\/04\/adderall-30-mg.jpg\",\"contentUrl\":\"https:\/\/weightlossmedssales.com\/wp-content\/uploads\/2025\/04\/adderall-30-mg.jpg\",\"width\":960,\"height\":1280},{\"@type\":\"BreadcrumbList\",\"@id\":\"https:\/\/weightlossmedssales.com\/no\/product\/adderall-30-mg\/#breadcrumb\",\"itemListElement\":[{\"@type\":\"ListItem\",\"position\":1,\"name\":\"Home\",\"item\":\"https:\/\/weightlossmedssales.com\/no\/hjem\/\"},{\"@type\":\"ListItem\",\"position\":2,\"name\":\"Shop\",\"item\":\"https:\/\/weightlossmedssales.com\/shop\/\"},{\"@type\":\"ListItem\",\"position\":3,\"name\":\"Adderall 30 mg\"}]},{\"@type\":\"WebSite\",\"@id\":\"https:\/\/weightlossmedssales.com\/#website\",\"url\":\"https:\/\/weightlossmedssales.com\/\",\"name\":\"Family Healthcare Pharmacy\",\"description\":\"Weight Loss Medicines\",\"potentialAction\":[{\"@type\":\"SearchAction\",\"target\":{\"@type\":\"EntryPoint\",\"urlTemplate\":\"https:\/\/weightlossmedssales.com\/?s={search_term_string}\"},\"query-input\":{\"@type\":\"PropertyValueSpecification\",\"valueRequired\":true,\"valueName\":\"search_term_string\"}}],\"inLanguage\":\"nb-NO\"}]}<\/script>\n<meta property=\"product:price:amount\" content=\"2.50\" \/>\n<meta property=\"product:price:currency\" content=\"USD\" \/>\n<meta property=\"og:availability\" content=\"instock\" \/>\n<meta property=\"product:availability\" content=\"instock\" \/>\n<meta property=\"product:retailer_item_id\" content=\"SU84378\" \/>\n<meta property=\"product:condition\" content=\"new\" \/>\n<!-- \/ Yoast SEO Premium plugin. -->","yoast_head_json":{"title":"Kj\u00f8p Adderall Online - Adderall til salgs. Adderall informasjon","description":"Kj\u00f8p Adderall online. Vi er de beste leverand\u00f8rene av Adderall 30 mg piller online uten resept. Diskret frakt over natten. Mer informasjon om Adderall","robots":{"index":"index","follow":"follow","max-snippet":"max-snippet:-1","max-image-preview":"max-image-preview:large","max-video-preview":"max-video-preview:-1"},"canonical":"https:\/\/weightlossmedssales.com\/no\/product\/adderall-30-mg\/","og_locale":"nb_NO","og_type":"article","og_title":"Adderall 30 mg","og_description":"Kj\u00f8p Adderall online. Vi er de beste leverand\u00f8rene av Adderall 30 mg piller online uten resept. Diskret frakt over natten. Mer informasjon om Adderall","og_url":"https:\/\/weightlossmedssales.com\/no\/product\/adderall-30-mg\/","og_site_name":"Family Healthcare Pharmacy","og_image":[{"width":960,"height":1280,"url":"https:\/\/weightlossmedssales.com\/wp-content\/uploads\/2025\/04\/adderall-30-mg.jpg","type":"image\/jpeg"}],"twitter_card":"summary_large_image","twitter_misc":{"Pris":"&#36;2.50","Tilgjengelighet":"P\u00e5 lager"},"schema":{"@context":"https:\/\/schema.org","@graph":[{"@type":"WebPage","@id":"https:\/\/weightlossmedssales.com\/no\/product\/adderall-30-mg\/","url":"https:\/\/weightlossmedssales.com\/no\/product\/adderall-30-mg\/","name":"Kj\u00f8p Adderall Online - Adderall til salgs. Adderall informasjon","isPartOf":{"@id":"https:\/\/weightlossmedssales.com\/#website"},"primaryImageOfPage":{"@id":"https:\/\/weightlossmedssales.com\/no\/product\/adderall-30-mg\/#primaryimage"},"image":{"@id":"https:\/\/weightlossmedssales.com\/no\/product\/adderall-30-mg\/#primaryimage"},"thumbnailUrl":"https:\/\/weightlossmedssales.com\/wp-content\/uploads\/2025\/04\/adderall-30-mg.jpg","datePublished":"2025-04-18T10:35:14+00:00","description":"Kj\u00f8p Adderall online. Vi er de beste leverand\u00f8rene av Adderall 30 mg piller online uten resept. Diskret frakt over natten. Mer informasjon om Adderall","breadcrumb":{"@id":"https:\/\/weightlossmedssales.com\/no\/product\/adderall-30-mg\/#breadcrumb"},"inLanguage":"nb-NO","potentialAction":[{"@type":"ReadAction","target":["https:\/\/weightlossmedssales.com\/no\/product\/adderall-30-mg\/"]}]},{"@type":"ImageObject","inLanguage":"nb-NO","@id":"https:\/\/weightlossmedssales.com\/no\/product\/adderall-30-mg\/#primaryimage","url":"https:\/\/weightlossmedssales.com\/wp-content\/uploads\/2025\/04\/adderall-30-mg.jpg","contentUrl":"https:\/\/weightlossmedssales.com\/wp-content\/uploads\/2025\/04\/adderall-30-mg.jpg","width":960,"height":1280},{"@type":"BreadcrumbList","@id":"https:\/\/weightlossmedssales.com\/no\/product\/adderall-30-mg\/#breadcrumb","itemListElement":[{"@type":"ListItem","position":1,"name":"Home","item":"https:\/\/weightlossmedssales.com\/no\/hjem\/"},{"@type":"ListItem","position":2,"name":"Shop","item":"https:\/\/weightlossmedssales.com\/shop\/"},{"@type":"ListItem","position":3,"name":"Adderall 30 mg"}]},{"@type":"WebSite","@id":"https:\/\/weightlossmedssales.com\/#website","url":"https:\/\/weightlossmedssales.com\/","name":"Family Healthcare Pharmacy","description":"Weight Loss Medicines","potentialAction":[{"@type":"SearchAction","target":{"@type":"EntryPoint","urlTemplate":"https:\/\/weightlossmedssales.com\/?s={search_term_string}"},"query-input":{"@type":"PropertyValueSpecification","valueRequired":true,"valueName":"search_term_string"}}],"inLanguage":"nb-NO"}]},"product_price_amount":"2.50","product_price_currency":"USD","og_availability":"instock","product_availability":"instock","product_retailer_item_id":"SU84378","product_condition":"new"},"_links":{"self":[{"href":"https:\/\/weightlossmedssales.com\/no\/wp-json\/wp\/v2\/product\/2164","targetHints":{"allow":["GET"]}}],"collection":[{"href":"https:\/\/weightlossmedssales.com\/no\/wp-json\/wp\/v2\/product"}],"about":[{"href":"https:\/\/weightlossmedssales.com\/no\/wp-json\/wp\/v2\/types\/product"}],"replies":[{"embeddable":true,"href":"https:\/\/weightlossmedssales.com\/no\/wp-json\/wp\/v2\/comments?post=2164"}],"version-history":[{"count":0,"href":"https:\/\/weightlossmedssales.com\/no\/wp-json\/wp\/v2\/product\/2164\/revisions"}],"wp:featuredmedia":[{"embeddable":true,"href":"https:\/\/weightlossmedssales.com\/no\/wp-json\/wp\/v2\/media\/2104"}],"wp:attachment":[{"href":"https:\/\/weightlossmedssales.com\/no\/wp-json\/wp\/v2\/media?parent=2164"}],"wp:term":[{"taxonomy":"product_brand","embeddable":true,"href":"https:\/\/weightlossmedssales.com\/no\/wp-json\/wp\/v2\/product_brand?post=2164"},{"taxonomy":"product_cat","embeddable":true,"href":"https:\/\/weightlossmedssales.com\/no\/wp-json\/wp\/v2\/product_cat?post=2164"},{"taxonomy":"product_tag","embeddable":true,"href":"https:\/\/weightlossmedssales.com\/no\/wp-json\/wp\/v2\/product_tag?post=2164"}],"curies":[{"name":"wp","href":"https:\/\/api.w.org\/{rel}","templated":true}]}}