{"id":2165,"date":"2025-04-18T10:35:14","date_gmt":"2025-04-18T10:35:14","guid":{"rendered":"https:\/\/weightlossmedssales.com\/product\/metadon-10-mg\/"},"modified":"2025-04-18T10:35:14","modified_gmt":"2025-04-18T10:35:14","slug":"metadon-10-mg","status":"publish","type":"product","link":"https:\/\/weightlossmedssales.com\/no\/product\/metadon-10-mg\/","title":{"rendered":"Metadon 10 mg"},"content":{"rendered":"<h1>Kj\u00f8p metadon p\u00e5 nettet<\/h1>\n<p><b>Metadon<\/b> er et syntetisk opiat som prim\u00e6rt brukes til avrusning og vedlikehold av pasienter som er avhengige av opiater &#8211; s\u00e6rlig heroin &#8211; og til behandling av pasienter med kroniske, sterke smerter.<\/p>\n<p>Metadon er en opioidmedisin. En opioid kalles noen ganger et narkotisk stoff. <\/p>\n<p>Metadon reduserer abstinenssymptomer hos personer som er avhengige av heroin eller andre narkotiske stoffer, uten \u00e5 for\u00e5rsake den &laquo;rusen&raquo; som er forbundet med rusavhengigheten.<\/p>\n<p>Metadon brukes som smertestillende middel og som en del av avrusnings- og vedlikeholdsprogrammer for rusmiddelavhengige. Det er kun tilgjengelig fra et sertifisert apotek. <\/p>\n<h2>Viktig informasjon<\/h2>\n<p>Du b\u00f8r ikke bruke metadon hvis du har alvorlig astma eller pusteproblemer, eller hvis du har en blokkering i magen eller tarmene.<\/p>\n<p><b>MISBRUK AV METADON KAN F\u00d8RE TIL AVHENGIGHET, OVERDOSE ELLER D\u00d8D<\/b>, spesielt hos barn eller andre personer som bruker medisinen uten resept. Oppbevar medisinen p\u00e5 et sted der andre ikke kan komme til den. <\/p>\n<p><b>Bruk av opioider under svangerskapet kan f\u00f8re til livstruende abstinenssymptomer hos det nyf\u00f8dte barnet.<\/b><\/p>\n<p><b>Fatale bivirkninger kan oppst\u00e5 hvis du bruker opioider sammen med alkohol, eller sammen med andre legemidler som gj\u00f8r deg d\u00f8sig eller gj\u00f8r at du puster langsommere.<\/b><\/p>\n<p>Metadon kan for\u00e5rsake en livstruende hjerterytmeforstyrrelse. Ring legen din umiddelbart hvis du f\u00e5r <a href=\"https:\/\/www.drugs.com\/cg\/acute-headache.html\" data-ga-category=\"Content Link\" data-ga-action=\"headache\">hodepine<\/a> med brystsmerter og alvorlig <a href=\"https:\/\/www.drugs.com\/cg\/vertigo.html\" data-ga-category=\"Content Link\" data-ga-action=\"dizziness\">svimmelhet<\/a>, og hvis du f\u00e5r raske eller dunkende hjerteslag. Det kan v\u00e6re n\u00f8dvendig \u00e5 kontrollere hjertefunksjonen din under behandlingen.  <\/p>\n","protected":false},"excerpt":{"rendered":"<p><strong>Metadon 10 MG<\/strong><\/p>\n<p>Avtrykk:54 142<br \/>\nStyrke:10 mg<br \/>\nFarge:Hvit<br \/>\nForm:Rund<\/p>\n","protected":false},"featured_media":2103,"menu_order":0,"comment_status":"open","ping_status":"closed","template":"","meta":[],"product_brand":[],"product_cat":[245],"product_tag":[],"class_list":{"0":"post-2165","1":"product","2":"type-product","3":"status-publish","4":"has-post-thumbnail","6":"product_cat-uncategorized-no","8":"first","9":"instock","10":"shipping-taxable","11":"purchasable","12":"product-type-simple"},"yoast_head":"<!-- This site is optimized with the Yoast SEO Premium plugin v23.3 (Yoast SEO v26.4) - https:\/\/yoast.com\/wordpress\/plugins\/seo\/ -->\n<title>Kj\u00f8p Metadon Online - Metadon 10 mg piller til salgs<\/title>\n<meta name=\"description\" content=\"Kj\u00f8p Metadon Online. Metadon 10 mg piller til salgs p\u00e5 nettet til sv\u00e6rt billige og rimelige priser uten resept. Diskret frakt over natten tilgjengelig.\" \/>\n<meta name=\"robots\" content=\"index, follow, max-snippet:-1, max-image-preview:large, max-video-preview:-1\" \/>\n<link rel=\"canonical\" href=\"https:\/\/weightlossmedssales.com\/no\/product\/metadon-10-mg\/\" \/>\n<meta property=\"og:locale\" content=\"nb_NO\" \/>\n<meta property=\"og:type\" content=\"article\" \/>\n<meta property=\"og:title\" content=\"Metadon 10 mg\" \/>\n<meta property=\"og:description\" content=\"Kj\u00f8p Metadon Online. Metadon 10 mg piller til salgs p\u00e5 nettet til sv\u00e6rt billige og rimelige priser uten resept. Diskret frakt over natten tilgjengelig.\" \/>\n<meta property=\"og:url\" content=\"https:\/\/weightlossmedssales.com\/no\/product\/metadon-10-mg\/\" \/>\n<meta property=\"og:site_name\" content=\"Family Healthcare Pharmacy\" \/>\n<meta property=\"og:image\" content=\"https:\/\/weightlossmedssales.com\/wp-content\/uploads\/2025\/04\/methadone.jpg\" \/>\n\t<meta property=\"og:image:width\" content=\"275\" \/>\n\t<meta property=\"og:image:height\" content=\"183\" \/>\n\t<meta property=\"og:image:type\" content=\"image\/jpeg\" \/>\n<meta name=\"twitter:card\" content=\"summary_large_image\" \/>\n<meta name=\"twitter:label1\" content=\"Pris\" \/>\n\t<meta name=\"twitter:data1\" content=\"&#036;1.00\" \/>\n\t<meta name=\"twitter:label2\" content=\"Tilgjengelighet\" \/>\n\t<meta name=\"twitter:data2\" content=\"P\u00e5 lager\" \/>\n<script type=\"application\/ld+json\" class=\"yoast-schema-graph\">{\"@context\":\"https:\/\/schema.org\",\"@graph\":[{\"@type\":\"WebPage\",\"@id\":\"https:\/\/weightlossmedssales.com\/no\/product\/metadon-10-mg\/\",\"url\":\"https:\/\/weightlossmedssales.com\/no\/product\/metadon-10-mg\/\",\"name\":\"Kj\u00f8p Metadon Online - Metadon 10 mg piller til salgs\",\"isPartOf\":{\"@id\":\"https:\/\/weightlossmedssales.com\/#website\"},\"primaryImageOfPage\":{\"@id\":\"https:\/\/weightlossmedssales.com\/no\/product\/metadon-10-mg\/#primaryimage\"},\"image\":{\"@id\":\"https:\/\/weightlossmedssales.com\/no\/product\/metadon-10-mg\/#primaryimage\"},\"thumbnailUrl\":\"https:\/\/weightlossmedssales.com\/wp-content\/uploads\/2025\/04\/methadone.jpg\",\"datePublished\":\"2025-04-18T10:35:14+00:00\",\"description\":\"Kj\u00f8p Metadon Online. Metadon 10 mg piller til salgs p\u00e5 nettet til sv\u00e6rt billige og rimelige priser uten resept. Diskret frakt over natten tilgjengelig.\",\"breadcrumb\":{\"@id\":\"https:\/\/weightlossmedssales.com\/no\/product\/metadon-10-mg\/#breadcrumb\"},\"inLanguage\":\"nb-NO\",\"potentialAction\":[{\"@type\":\"ReadAction\",\"target\":[\"https:\/\/weightlossmedssales.com\/no\/product\/metadon-10-mg\/\"]}]},{\"@type\":\"ImageObject\",\"inLanguage\":\"nb-NO\",\"@id\":\"https:\/\/weightlossmedssales.com\/no\/product\/metadon-10-mg\/#primaryimage\",\"url\":\"https:\/\/weightlossmedssales.com\/wp-content\/uploads\/2025\/04\/methadone.jpg\",\"contentUrl\":\"https:\/\/weightlossmedssales.com\/wp-content\/uploads\/2025\/04\/methadone.jpg\",\"width\":275,\"height\":183},{\"@type\":\"BreadcrumbList\",\"@id\":\"https:\/\/weightlossmedssales.com\/no\/product\/metadon-10-mg\/#breadcrumb\",\"itemListElement\":[{\"@type\":\"ListItem\",\"position\":1,\"name\":\"Home\",\"item\":\"https:\/\/weightlossmedssales.com\/no\/hjem\/\"},{\"@type\":\"ListItem\",\"position\":2,\"name\":\"Shop\",\"item\":\"https:\/\/weightlossmedssales.com\/shop\/\"},{\"@type\":\"ListItem\",\"position\":3,\"name\":\"Metadon 10 mg\"}]},{\"@type\":\"WebSite\",\"@id\":\"https:\/\/weightlossmedssales.com\/#website\",\"url\":\"https:\/\/weightlossmedssales.com\/\",\"name\":\"Family Healthcare Pharmacy\",\"description\":\"Weight Loss Medicines\",\"potentialAction\":[{\"@type\":\"SearchAction\",\"target\":{\"@type\":\"EntryPoint\",\"urlTemplate\":\"https:\/\/weightlossmedssales.com\/?s={search_term_string}\"},\"query-input\":{\"@type\":\"PropertyValueSpecification\",\"valueRequired\":true,\"valueName\":\"search_term_string\"}}],\"inLanguage\":\"nb-NO\"}]}<\/script>\n<meta property=\"product:price:amount\" content=\"1.00\" \/>\n<meta property=\"product:price:currency\" content=\"USD\" \/>\n<meta property=\"og:availability\" content=\"instock\" \/>\n<meta property=\"product:availability\" content=\"instock\" \/>\n<meta property=\"product:retailer_item_id\" content=\"SU81657\" \/>\n<meta property=\"product:condition\" content=\"new\" \/>\n<!-- \/ Yoast SEO Premium plugin. -->","yoast_head_json":{"title":"Kj\u00f8p Metadon Online - Metadon 10 mg piller til salgs","description":"Kj\u00f8p Metadon Online. Metadon 10 mg piller til salgs p\u00e5 nettet til sv\u00e6rt billige og rimelige priser uten resept. Diskret frakt over natten tilgjengelig.","robots":{"index":"index","follow":"follow","max-snippet":"max-snippet:-1","max-image-preview":"max-image-preview:large","max-video-preview":"max-video-preview:-1"},"canonical":"https:\/\/weightlossmedssales.com\/no\/product\/metadon-10-mg\/","og_locale":"nb_NO","og_type":"article","og_title":"Metadon 10 mg","og_description":"Kj\u00f8p Metadon Online. Metadon 10 mg piller til salgs p\u00e5 nettet til sv\u00e6rt billige og rimelige priser uten resept. Diskret frakt over natten tilgjengelig.","og_url":"https:\/\/weightlossmedssales.com\/no\/product\/metadon-10-mg\/","og_site_name":"Family Healthcare Pharmacy","og_image":[{"width":275,"height":183,"url":"https:\/\/weightlossmedssales.com\/wp-content\/uploads\/2025\/04\/methadone.jpg","type":"image\/jpeg"}],"twitter_card":"summary_large_image","twitter_misc":{"Pris":"&#36;1.00","Tilgjengelighet":"P\u00e5 lager"},"schema":{"@context":"https:\/\/schema.org","@graph":[{"@type":"WebPage","@id":"https:\/\/weightlossmedssales.com\/no\/product\/metadon-10-mg\/","url":"https:\/\/weightlossmedssales.com\/no\/product\/metadon-10-mg\/","name":"Kj\u00f8p Metadon Online - Metadon 10 mg piller til salgs","isPartOf":{"@id":"https:\/\/weightlossmedssales.com\/#website"},"primaryImageOfPage":{"@id":"https:\/\/weightlossmedssales.com\/no\/product\/metadon-10-mg\/#primaryimage"},"image":{"@id":"https:\/\/weightlossmedssales.com\/no\/product\/metadon-10-mg\/#primaryimage"},"thumbnailUrl":"https:\/\/weightlossmedssales.com\/wp-content\/uploads\/2025\/04\/methadone.jpg","datePublished":"2025-04-18T10:35:14+00:00","description":"Kj\u00f8p Metadon Online. Metadon 10 mg piller til salgs p\u00e5 nettet til sv\u00e6rt billige og rimelige priser uten resept. Diskret frakt over natten tilgjengelig.","breadcrumb":{"@id":"https:\/\/weightlossmedssales.com\/no\/product\/metadon-10-mg\/#breadcrumb"},"inLanguage":"nb-NO","potentialAction":[{"@type":"ReadAction","target":["https:\/\/weightlossmedssales.com\/no\/product\/metadon-10-mg\/"]}]},{"@type":"ImageObject","inLanguage":"nb-NO","@id":"https:\/\/weightlossmedssales.com\/no\/product\/metadon-10-mg\/#primaryimage","url":"https:\/\/weightlossmedssales.com\/wp-content\/uploads\/2025\/04\/methadone.jpg","contentUrl":"https:\/\/weightlossmedssales.com\/wp-content\/uploads\/2025\/04\/methadone.jpg","width":275,"height":183},{"@type":"BreadcrumbList","@id":"https:\/\/weightlossmedssales.com\/no\/product\/metadon-10-mg\/#breadcrumb","itemListElement":[{"@type":"ListItem","position":1,"name":"Home","item":"https:\/\/weightlossmedssales.com\/no\/hjem\/"},{"@type":"ListItem","position":2,"name":"Shop","item":"https:\/\/weightlossmedssales.com\/shop\/"},{"@type":"ListItem","position":3,"name":"Metadon 10 mg"}]},{"@type":"WebSite","@id":"https:\/\/weightlossmedssales.com\/#website","url":"https:\/\/weightlossmedssales.com\/","name":"Family Healthcare Pharmacy","description":"Weight Loss Medicines","potentialAction":[{"@type":"SearchAction","target":{"@type":"EntryPoint","urlTemplate":"https:\/\/weightlossmedssales.com\/?s={search_term_string}"},"query-input":{"@type":"PropertyValueSpecification","valueRequired":true,"valueName":"search_term_string"}}],"inLanguage":"nb-NO"}]},"product_price_amount":"1.00","product_price_currency":"USD","og_availability":"instock","product_availability":"instock","product_retailer_item_id":"SU81657","product_condition":"new"},"_links":{"self":[{"href":"https:\/\/weightlossmedssales.com\/no\/wp-json\/wp\/v2\/product\/2165","targetHints":{"allow":["GET"]}}],"collection":[{"href":"https:\/\/weightlossmedssales.com\/no\/wp-json\/wp\/v2\/product"}],"about":[{"href":"https:\/\/weightlossmedssales.com\/no\/wp-json\/wp\/v2\/types\/product"}],"replies":[{"embeddable":true,"href":"https:\/\/weightlossmedssales.com\/no\/wp-json\/wp\/v2\/comments?post=2165"}],"version-history":[{"count":0,"href":"https:\/\/weightlossmedssales.com\/no\/wp-json\/wp\/v2\/product\/2165\/revisions"}],"wp:featuredmedia":[{"embeddable":true,"href":"https:\/\/weightlossmedssales.com\/no\/wp-json\/wp\/v2\/media\/2103"}],"wp:attachment":[{"href":"https:\/\/weightlossmedssales.com\/no\/wp-json\/wp\/v2\/media?parent=2165"}],"wp:term":[{"taxonomy":"product_brand","embeddable":true,"href":"https:\/\/weightlossmedssales.com\/no\/wp-json\/wp\/v2\/product_brand?post=2165"},{"taxonomy":"product_cat","embeddable":true,"href":"https:\/\/weightlossmedssales.com\/no\/wp-json\/wp\/v2\/product_cat?post=2165"},{"taxonomy":"product_tag","embeddable":true,"href":"https:\/\/weightlossmedssales.com\/no\/wp-json\/wp\/v2\/product_tag?post=2165"}],"curies":[{"name":"wp","href":"https:\/\/api.w.org\/{rel}","templated":true}]}}