{"id":2166,"date":"2025-04-18T10:35:14","date_gmt":"2025-04-18T10:35:14","guid":{"rendered":"https:\/\/weightlossmedssales.com\/product\/metadon-40-mg\/"},"modified":"2025-04-18T10:35:14","modified_gmt":"2025-04-18T10:35:14","slug":"metadon-40-mg","status":"publish","type":"product","link":"https:\/\/weightlossmedssales.com\/no\/product\/metadon-40-mg\/","title":{"rendered":"Metadon 40 MG"},"content":{"rendered":"<h1>Kj\u00f8p Metadon 40 mg online<\/h1>\n<p>Kj\u00f8p Metadon online. Metadon er et reseptbelagt legemiddel. Det er et opioid, noe som gj\u00f8r det til et kontrollert stoff. Det betyr at bruken vil bli n\u00f8ye overv\u00e5ket av legen din.   <\/p>\n<p>Metadon finnes som oral tablett, oral dispergerbar tablett (tablett som kan oppl\u00f8ses i v\u00e6ske), oral konsentratoppl\u00f8sning og oral oppl\u00f8sning. Metadon finnes ogs\u00e5 i en intraven\u00f8s (IV) form, som kun gis av helsepersonell. <\/p>\n<p>Metadon er tilgjengelig som merkevarelegemidlene <strong>Methadose<\/strong> og <strong>Dolophine<\/strong>. Det er ogs\u00e5 tilgjengelig som et generisk legemiddel. Generiske legemidler koster vanligvis mindre enn merkevareversjoner. I noen tilfeller er de kanskje ikke tilgjengelige i alle styrker eller former som merkevarelegemidlene.   <\/p>\n<h3>Hvorfor det brukes<\/h3>\n<p>Metadon oral tablett brukes til \u00e5 behandle moderate til sterke smerter. Det gis bare n\u00e5r andre kortvarige eller ikke-opioide smertestillende legemidler ikke virker for deg, eller hvis du ikke t\u00e5ler dem. <\/p>\n<p>Metadon brukes ogs\u00e5 til \u00e5 behandle narkotikamisbruk. Hvis du er avhengig av et annet opioid, kan legen din gi deg metadon for \u00e5 forhindre at du f\u00e5r alvorlige abstinenssymptomer. <\/p>\n<h3>Slik fungerer det<\/h3>\n<p>Metadon tilh\u00f8rer en klasse legemidler som kalles <a class=\"content-link css-5r4717\" href=\"https:\/\/www.healthline.com\/health\/opioids-list\" target=\"_blank\" rel=\"noopener noreferrer\">opioider<\/a> (narkotiske stoffer). En legemiddelgruppe er en gruppe medikamenter som virker p\u00e5 samme m\u00e5te. Disse legemidlene brukes ofte til \u00e5 behandle lignende tilstander.  <\/p>\n<p>Metadon virker p\u00e5 smertereseptorene i kroppen din. Det reduserer hvor mye smerte du f\u00f8ler. <\/p>\n<p>Metadon kan ogs\u00e5 erstatte et annet opioidpreparat som du er avhengig av. Dette vil forhindre at du f\u00e5r alvorlige abstinenssymptomer. Kj\u00f8p metadon p\u00e5 nettet.  <\/p>\n","protected":false},"excerpt":{"rendered":"<p>Kj\u00f8p Metadon 40 mg online Kj\u00f8p Metadon online. Metadon er et reseptbelagt legemiddel. Det er et opioid, noe som gj\u00f8r det til et kontrollert stoff. Det betyr at bruken vil bli n\u00f8ye overv\u00e5ket av legen din. Metadon finnes som oral tablett, oral dispergerbar tablett (tablett som kan oppl\u00f8ses i v\u00e6ske), oral konsentratoppl\u00f8sning og oral oppl\u00f8sning. &#8230;<\/p>\n","protected":false},"featured_media":2105,"menu_order":0,"comment_status":"open","ping_status":"closed","template":"","meta":[],"product_brand":[],"product_cat":[245],"product_tag":[],"class_list":{"0":"post-2166","1":"product","2":"type-product","3":"status-publish","4":"has-post-thumbnail","6":"product_cat-uncategorized-no","8":"first","9":"instock","10":"shipping-taxable","11":"purchasable","12":"product-type-simple"},"yoast_head":"<!-- This site is optimized with the Yoast SEO Premium plugin v23.3 (Yoast SEO v26.4) - https:\/\/yoast.com\/wordpress\/plugins\/seo\/ -->\n<title>Kj\u00f8p Metadon Online - Metadon 40 mg til salgs<\/title>\n<meta name=\"description\" content=\"Kj\u00f8p Metadon online. Metadon 40 mg piller til salgs online uten resept. Diskret innpakning og frakt. Bes\u00f8k oss n\u00e5 for mer info\" \/>\n<meta name=\"robots\" content=\"index, follow, max-snippet:-1, max-image-preview:large, max-video-preview:-1\" \/>\n<link rel=\"canonical\" href=\"https:\/\/weightlossmedssales.com\/no\/product\/metadon-40-mg\/\" \/>\n<meta property=\"og:locale\" content=\"nb_NO\" \/>\n<meta property=\"og:type\" content=\"article\" \/>\n<meta property=\"og:title\" content=\"Metadon 40 MG\" \/>\n<meta property=\"og:description\" content=\"Kj\u00f8p Metadon online. Metadon 40 mg piller til salgs online uten resept. Diskret innpakning og frakt. Bes\u00f8k oss n\u00e5 for mer info\" \/>\n<meta property=\"og:url\" content=\"https:\/\/weightlossmedssales.com\/no\/product\/metadon-40-mg\/\" \/>\n<meta property=\"og:site_name\" content=\"Family Healthcare Pharmacy\" \/>\n<meta property=\"og:image\" content=\"https:\/\/weightlossmedssales.com\/wp-content\/uploads\/2025\/04\/Methadose-40mg-5-Disks-600x450-1.jpg\" \/>\n\t<meta property=\"og:image:width\" content=\"600\" \/>\n\t<meta property=\"og:image:height\" content=\"450\" \/>\n\t<meta property=\"og:image:type\" content=\"image\/jpeg\" \/>\n<meta name=\"twitter:card\" content=\"summary_large_image\" \/>\n<meta name=\"twitter:label1\" content=\"Pris\" \/>\n\t<meta name=\"twitter:data1\" content=\"&#036;2.00\" \/>\n\t<meta name=\"twitter:label2\" content=\"Tilgjengelighet\" \/>\n\t<meta name=\"twitter:data2\" content=\"P\u00e5 lager\" \/>\n<script type=\"application\/ld+json\" class=\"yoast-schema-graph\">{\"@context\":\"https:\/\/schema.org\",\"@graph\":[{\"@type\":\"WebPage\",\"@id\":\"https:\/\/weightlossmedssales.com\/no\/product\/metadon-40-mg\/\",\"url\":\"https:\/\/weightlossmedssales.com\/no\/product\/metadon-40-mg\/\",\"name\":\"Kj\u00f8p Metadon Online - Metadon 40 mg til salgs\",\"isPartOf\":{\"@id\":\"https:\/\/weightlossmedssales.com\/#website\"},\"primaryImageOfPage\":{\"@id\":\"https:\/\/weightlossmedssales.com\/no\/product\/metadon-40-mg\/#primaryimage\"},\"image\":{\"@id\":\"https:\/\/weightlossmedssales.com\/no\/product\/metadon-40-mg\/#primaryimage\"},\"thumbnailUrl\":\"https:\/\/weightlossmedssales.com\/wp-content\/uploads\/2025\/04\/Methadose-40mg-5-Disks-600x450-1.jpg\",\"datePublished\":\"2025-04-18T10:35:14+00:00\",\"description\":\"Kj\u00f8p Metadon online. Metadon 40 mg piller til salgs online uten resept. Diskret innpakning og frakt. Bes\u00f8k oss n\u00e5 for mer info\",\"breadcrumb\":{\"@id\":\"https:\/\/weightlossmedssales.com\/no\/product\/metadon-40-mg\/#breadcrumb\"},\"inLanguage\":\"nb-NO\",\"potentialAction\":[{\"@type\":\"ReadAction\",\"target\":[\"https:\/\/weightlossmedssales.com\/no\/product\/metadon-40-mg\/\"]}]},{\"@type\":\"ImageObject\",\"inLanguage\":\"nb-NO\",\"@id\":\"https:\/\/weightlossmedssales.com\/no\/product\/metadon-40-mg\/#primaryimage\",\"url\":\"https:\/\/weightlossmedssales.com\/wp-content\/uploads\/2025\/04\/Methadose-40mg-5-Disks-600x450-1.jpg\",\"contentUrl\":\"https:\/\/weightlossmedssales.com\/wp-content\/uploads\/2025\/04\/Methadose-40mg-5-Disks-600x450-1.jpg\",\"width\":600,\"height\":450},{\"@type\":\"BreadcrumbList\",\"@id\":\"https:\/\/weightlossmedssales.com\/no\/product\/metadon-40-mg\/#breadcrumb\",\"itemListElement\":[{\"@type\":\"ListItem\",\"position\":1,\"name\":\"Home\",\"item\":\"https:\/\/weightlossmedssales.com\/no\/hjem\/\"},{\"@type\":\"ListItem\",\"position\":2,\"name\":\"Shop\",\"item\":\"https:\/\/weightlossmedssales.com\/shop\/\"},{\"@type\":\"ListItem\",\"position\":3,\"name\":\"Metadon 40 MG\"}]},{\"@type\":\"WebSite\",\"@id\":\"https:\/\/weightlossmedssales.com\/#website\",\"url\":\"https:\/\/weightlossmedssales.com\/\",\"name\":\"Family Healthcare Pharmacy\",\"description\":\"Weight Loss Medicines\",\"potentialAction\":[{\"@type\":\"SearchAction\",\"target\":{\"@type\":\"EntryPoint\",\"urlTemplate\":\"https:\/\/weightlossmedssales.com\/?s={search_term_string}\"},\"query-input\":{\"@type\":\"PropertyValueSpecification\",\"valueRequired\":true,\"valueName\":\"search_term_string\"}}],\"inLanguage\":\"nb-NO\"}]}<\/script>\n<meta property=\"product:price:amount\" content=\"2.00\" \/>\n<meta property=\"product:price:currency\" content=\"USD\" \/>\n<meta property=\"og:availability\" content=\"instock\" \/>\n<meta property=\"product:availability\" content=\"instock\" \/>\n<meta property=\"product:retailer_item_id\" content=\"SU51979\" \/>\n<meta property=\"product:condition\" content=\"new\" \/>\n<!-- \/ Yoast SEO Premium plugin. -->","yoast_head_json":{"title":"Kj\u00f8p Metadon Online - Metadon 40 mg til salgs","description":"Kj\u00f8p Metadon online. Metadon 40 mg piller til salgs online uten resept. Diskret innpakning og frakt. Bes\u00f8k oss n\u00e5 for mer info","robots":{"index":"index","follow":"follow","max-snippet":"max-snippet:-1","max-image-preview":"max-image-preview:large","max-video-preview":"max-video-preview:-1"},"canonical":"https:\/\/weightlossmedssales.com\/no\/product\/metadon-40-mg\/","og_locale":"nb_NO","og_type":"article","og_title":"Metadon 40 MG","og_description":"Kj\u00f8p Metadon online. Metadon 40 mg piller til salgs online uten resept. Diskret innpakning og frakt. Bes\u00f8k oss n\u00e5 for mer info","og_url":"https:\/\/weightlossmedssales.com\/no\/product\/metadon-40-mg\/","og_site_name":"Family Healthcare Pharmacy","og_image":[{"width":600,"height":450,"url":"https:\/\/weightlossmedssales.com\/wp-content\/uploads\/2025\/04\/Methadose-40mg-5-Disks-600x450-1.jpg","type":"image\/jpeg"}],"twitter_card":"summary_large_image","twitter_misc":{"Pris":"&#36;2.00","Tilgjengelighet":"P\u00e5 lager"},"schema":{"@context":"https:\/\/schema.org","@graph":[{"@type":"WebPage","@id":"https:\/\/weightlossmedssales.com\/no\/product\/metadon-40-mg\/","url":"https:\/\/weightlossmedssales.com\/no\/product\/metadon-40-mg\/","name":"Kj\u00f8p Metadon Online - Metadon 40 mg til salgs","isPartOf":{"@id":"https:\/\/weightlossmedssales.com\/#website"},"primaryImageOfPage":{"@id":"https:\/\/weightlossmedssales.com\/no\/product\/metadon-40-mg\/#primaryimage"},"image":{"@id":"https:\/\/weightlossmedssales.com\/no\/product\/metadon-40-mg\/#primaryimage"},"thumbnailUrl":"https:\/\/weightlossmedssales.com\/wp-content\/uploads\/2025\/04\/Methadose-40mg-5-Disks-600x450-1.jpg","datePublished":"2025-04-18T10:35:14+00:00","description":"Kj\u00f8p Metadon online. Metadon 40 mg piller til salgs online uten resept. Diskret innpakning og frakt. Bes\u00f8k oss n\u00e5 for mer info","breadcrumb":{"@id":"https:\/\/weightlossmedssales.com\/no\/product\/metadon-40-mg\/#breadcrumb"},"inLanguage":"nb-NO","potentialAction":[{"@type":"ReadAction","target":["https:\/\/weightlossmedssales.com\/no\/product\/metadon-40-mg\/"]}]},{"@type":"ImageObject","inLanguage":"nb-NO","@id":"https:\/\/weightlossmedssales.com\/no\/product\/metadon-40-mg\/#primaryimage","url":"https:\/\/weightlossmedssales.com\/wp-content\/uploads\/2025\/04\/Methadose-40mg-5-Disks-600x450-1.jpg","contentUrl":"https:\/\/weightlossmedssales.com\/wp-content\/uploads\/2025\/04\/Methadose-40mg-5-Disks-600x450-1.jpg","width":600,"height":450},{"@type":"BreadcrumbList","@id":"https:\/\/weightlossmedssales.com\/no\/product\/metadon-40-mg\/#breadcrumb","itemListElement":[{"@type":"ListItem","position":1,"name":"Home","item":"https:\/\/weightlossmedssales.com\/no\/hjem\/"},{"@type":"ListItem","position":2,"name":"Shop","item":"https:\/\/weightlossmedssales.com\/shop\/"},{"@type":"ListItem","position":3,"name":"Metadon 40 MG"}]},{"@type":"WebSite","@id":"https:\/\/weightlossmedssales.com\/#website","url":"https:\/\/weightlossmedssales.com\/","name":"Family Healthcare Pharmacy","description":"Weight Loss Medicines","potentialAction":[{"@type":"SearchAction","target":{"@type":"EntryPoint","urlTemplate":"https:\/\/weightlossmedssales.com\/?s={search_term_string}"},"query-input":{"@type":"PropertyValueSpecification","valueRequired":true,"valueName":"search_term_string"}}],"inLanguage":"nb-NO"}]},"product_price_amount":"2.00","product_price_currency":"USD","og_availability":"instock","product_availability":"instock","product_retailer_item_id":"SU51979","product_condition":"new"},"_links":{"self":[{"href":"https:\/\/weightlossmedssales.com\/no\/wp-json\/wp\/v2\/product\/2166","targetHints":{"allow":["GET"]}}],"collection":[{"href":"https:\/\/weightlossmedssales.com\/no\/wp-json\/wp\/v2\/product"}],"about":[{"href":"https:\/\/weightlossmedssales.com\/no\/wp-json\/wp\/v2\/types\/product"}],"replies":[{"embeddable":true,"href":"https:\/\/weightlossmedssales.com\/no\/wp-json\/wp\/v2\/comments?post=2166"}],"version-history":[{"count":0,"href":"https:\/\/weightlossmedssales.com\/no\/wp-json\/wp\/v2\/product\/2166\/revisions"}],"wp:featuredmedia":[{"embeddable":true,"href":"https:\/\/weightlossmedssales.com\/no\/wp-json\/wp\/v2\/media\/2105"}],"wp:attachment":[{"href":"https:\/\/weightlossmedssales.com\/no\/wp-json\/wp\/v2\/media?parent=2166"}],"wp:term":[{"taxonomy":"product_brand","embeddable":true,"href":"https:\/\/weightlossmedssales.com\/no\/wp-json\/wp\/v2\/product_brand?post=2166"},{"taxonomy":"product_cat","embeddable":true,"href":"https:\/\/weightlossmedssales.com\/no\/wp-json\/wp\/v2\/product_cat?post=2166"},{"taxonomy":"product_tag","embeddable":true,"href":"https:\/\/weightlossmedssales.com\/no\/wp-json\/wp\/v2\/product_tag?post=2166"}],"curies":[{"name":"wp","href":"https:\/\/api.w.org\/{rel}","templated":true}]}}