{"id":2171,"date":"2025-04-18T10:35:14","date_gmt":"2025-04-18T10:35:14","guid":{"rendered":"https:\/\/weightlossmedssales.com\/product\/vyvanse-50-mg\/"},"modified":"2025-04-18T10:35:14","modified_gmt":"2025-04-18T10:35:14","slug":"vyvanse-50-mg","status":"publish","type":"product","link":"https:\/\/weightlossmedssales.com\/no\/product\/vyvanse-50-mg\/","title":{"rendered":"Vyvanse 50 mg"},"content":{"rendered":"<h2>Kj\u00f8p vyvanse Online<\/h2>\n<p>Kj\u00f8p vyvanse online. Vi er topprangerte og mest p\u00e5litelige leverand\u00f8rer av Vyvanse 50 mg piller og kapsler online til meget billige priser uten resept. V\u00e5re leveringstjenester er billige, diskrete og sv\u00e6rt sikre. Du trenger ikke resept for \u00e5 bestille fra oss. Alt du trenger \u00e5 gj\u00f8re er \u00e5 legge til bel\u00f8pet du vil bestille i handlekurven, kassen og deretter fullf\u00f8re bestillingen. Vi er 100% ekte og legitime. Vi sender til alle deler av USA over natten. Levering suksessrate er 100%. Vi har ogs\u00e5 <a href=\"https:\/\/suboxoneproducts.com\/product\/buy-vyvanse-70-mg-online\/\">Vyvanse 70 mg<\/a> p\u00e5 lager. <a href=\"https:\/\/suboxoneproducts.com\/product\/buy-vyvanse-online\/\">Kj\u00f8p Vyvanse Online<\/a>        <\/p>\n<h2>Vyvanse 50 mg<\/h2>\n<p>Denne medisinen er et sentralstimulerende middel. Det antas \u00e5 virke ved \u00e5 gjenopprette balansen mellom visse naturlige kjemikalier (nevrotransmittere) i hjernen. VYVANSE (lisdexamfetamindimesylat), et sentralstimulerende middel, tas \u00e9n gang daglig gjennom munnen. Den kjemiske betegnelsen for lisdeksamfetamindimesylat er (2S)-2,6-diaminoN-[(1S)-1-metyl-2-fenyletyl]heksanamiddimetansulfonat. Molekylformelen er C15H25N3O-(CH4O3S)2, noe som tilsvarer en molekylvekt p\u00e5 455,60.    <\/p>\n<h3>DOSERING OG ADMINISTRERING<\/h3>\n<h4>Screening f\u00f8r behandling<\/h4>\n<p>F\u00f8r behandling av barn, ungdom og voksne med sentralstimulerende midler, inkludert VYVANSE, skal det vurderes om det foreligger hjertesykdom (f.eks. n\u00f8ye anamnese, familieanamnese med plutselig d\u00f8d eller <a href=\"https:\/\/www.rxlist.com\/script\/main\/art.asp?articlekey=26787\" rel=\"dict\">ventrikul\u00e6r<\/a> <a href=\"https:\/\/www.rxlist.com\/script\/main\/art.asp?articlekey=2328\" rel=\"dict\">arytmi<\/a> og fysisk unders\u00f8kelse).<\/p>\n<p>For \u00e5 redusere misbruk av sentralstimulerende midler, inkludert VYVANSE, m\u00e5 du vurdere risikoen for misbruk f\u00f8r forskrivning. Etter forskrivning skal du f\u00f8re n\u00f8ye reseptjournaler, informere pasienter om misbruk, overv\u00e5ke tegn p\u00e5 misbruk og overdose og revurdere behovet for VYVANSE. <\/p>\n<h4>Generelle instruksjoner for bruk<\/h4>\n<p>Ta VYVANSE gjennom munnen om morgenen med eller uten mat; unng\u00e5 ettermiddagsdoser p\u00e5 grunn av potensialet for s\u00f8vnl\u00f8shet. VYVANSE kan administreres p\u00e5 en av f\u00f8lgende m\u00e5ter: <\/p>\n<h5>Informasjon for VYVANSE Capsules:<\/h5>\n<ul>\n<li>Svelg VYVANSE-kapslene hele, eller<\/li>\n<li>\u00c5pne kapslene, t\u00f8m dem og bland hele innholdet med yoghurt, vann eller appelsinjuice. Hvis innholdet i kapselen inneholder sammenpresset pulver, kan du bruke en skje til \u00e5 bryte fra hverandre pulveret. Innholdet skal blandes til det er helt dispergert. Bruk hele blandingen <b>umiddelbart.<\/b> Den skal ikke lagres. Virkestoffet oppl\u00f8ses fullstendig n\u00e5r det er dispergert, men en film som inneholder de inaktive ingrediensene kan bli igjen i glasset eller beholderen n\u00e5r blandingen er inntatt.      <a href=\"https:\/\/buyadderall.online\/\">Kj\u00f8p Adderall Online &#8211; Adderall til salgs p\u00e5 nettet. Ingen Rx <\/a><\/li>\n<\/ul>\n<h5>Informasjon for VYVANSE tyggetabletter:<\/h5>\n<p>VYVANSE kapsler kan erstattes med VYVANSE tyggetabletter p\u00e5 en enhet per enhet\/mg per mg-basis (for eksempel 30 mg kapsler for 30 mg tyggetablett).<\/p>\n<p>Ikke ta mindre enn \u00e9n kapsel eller tyggetablett per dag. En enkelt dose skal ikke deles opp. <\/p>\n<h4>Dosering for behandling av ADHD<\/h4>\n<p>Den anbefalte startdosen er 30 mg \u00e9n gang daglig om morgenen hos pasienter fra 6 \u00e5r og oppover. Doseringen kan justeres i trinn p\u00e5 10 mg eller 20 mg med omtrent ukentlige intervaller opp til maksimal dose p\u00e5 <a href=\"https:\/\/suboxoneproducts.com\/product\/vyvanse-70-mg\/\">Vyvanse 70 mg\/dag<\/a>. <\/p>\n<h4>Dosering for behandling av moderat til alvorlig BED hos voksne<\/h4>\n<p>Den anbefalte startdosen er 30 mg\/dag, som skal titreres i trinn p\u00e5 20 mg med omtrent ukentlige intervaller for \u00e5 oppn\u00e5 den anbefalte m\u00e5ldosen p\u00e5 50 til 70 mg\/dag. Maksimal dose er 70 mg\/dag. Sepon\u00e9r VYVANSE hvis overspisingen ikke bedres.  <\/p>\n<h3>Bruksomr\u00e5der for Vyvanse<\/h3>\n<p>Lisdexamfetamin brukes til \u00e5 behandle ADHD (Attention Deficit Hyperactivity Disorder) som en del av en total behandlingsplan, inkludert psykologisk, sosial og annen behandling. Det kan bidra til \u00e5 \u00f8ke evnen til \u00e5 v\u00e6re oppmerksom, holde fokus og slutte \u00e5 v\u00e6re rastl\u00f8s. Lisdexamfetamin kan ogs\u00e5 brukes til \u00e5 behandle overspisingslidelse (BED). Det kan bidra til \u00e5 redusere antall dager med overspising.   <\/p>\n<h3>Hvordan bruke Vyvanse<\/h3>\n<p>Ta denne medisinen med eller uten mat som anvist av legen din, vanligvis en gang daglig om morgenen. Ikke ta denne medisinen om ettermiddagen eller kvelden, fordi det kan f\u00f8re til at du f\u00e5r s\u00f8vnproblemer. Doseringen er basert p\u00e5 din medisinske tilstand og respons p\u00e5 behandlingen. Legen din kan justere dosen din for \u00e5 finne den dosen som er best for deg. F\u00f8lg legens instruksjoner n\u00f8ye.    <\/p>\n<p>Hvis du tar en tyggetablett, m\u00e5 du tygge tabletten grundig og deretter svelge den.<\/p>\n<h2>Kj\u00f8p vyvanse online<\/h2>\n<p>Hvis du tar kapselformen av denne medisinen, svelg kapselen hel. Hvis du imidlertid har problemer med \u00e5 svelge kapselen, kan du \u00e5pne kapselen og helle alt innholdet (pulveret) i et glass vann eller appelsinjuice eller blande det i yoghurt. R\u00f8r godt til innholdet er helt oppl\u00f8st. Drikk eller spis blandingen med en gang. Ikke forbered en forsyning p\u00e5 forh\u00e5nd. Det er normalt \u00e5 se et filmaktig belegg p\u00e5 innsiden av glasset eller beholderen etter at du har drukket eller spist opp hele medisinen.     <\/p>\n<p>Bruk denne medisinen regelmessig for \u00e5 f\u00e5 mest mulig nytte av den. For \u00e5 hjelpe deg med \u00e5 huske, ta den til samme tid hver dag. <\/p>\n<p>Under behandlingen kan legen din av og til anbefale \u00e5 stoppe medisineringen i en kort periode for \u00e5 se om det er noen endringer i atferden din, og om det fortsatt er behov for medisineringen.<\/p>\n<h2>Vyvanse for salg<\/h2>\n<p>Denne medisinen kan for\u00e5rsake abstinensreaksjoner, spesielt hvis den har blitt brukt regelmessig over lang tid eller i h\u00f8ye doser. I slike tilfeller kan abstinenssymptomer (inkludert alvorlig tretthet, s\u00f8vnproblemer, mentale\/stemningsendringer som depresjon) oppst\u00e5 hvis du plutselig slutter \u00e5 bruke denne medisinen. For \u00e5 forhindre abstinensreaksjoner kan legen din redusere dosen din gradvis. R\u00e5df\u00f8r deg med lege eller apotek for mer informasjon, og rapporter eventuelle abstinensreaksjoner med en gang.   <\/p>\n<p>Selv om det hjelper mange mennesker, kan denne medisinen noen ganger for\u00e5rsake avhengighet. Denne risikoen kan v\u00e6re h\u00f8yere hvis du har en ruslidelse (for eksempel overforbruk av eller avhengighet av narkotika\/alkohol). Ikke \u00f8k dosen din, ta den oftere eller bruk den i lengre tid enn foreskrevet. Avslutt medisineringen p\u00e5 riktig m\u00e5te n\u00e5r du f\u00e5r beskjed om det.   <\/p>\n<p>N\u00e5r denne medisinen brukes over lang tid, kan det hende at den ikke virker like godt. Snakk med legen din hvis denne medisinen slutter \u00e5 fungere godt. Kj\u00f8p vyvanse online  <\/p>\n","protected":false},"excerpt":{"rendered":"<p><strong>Produkt: Vyvanse <\/strong><br \/>\n<strong>Styrke: 50 MG<\/strong><br \/>\n<strong>Emballasje: 100 kapsler<\/strong><br \/>\n<strong>Ingen resept.<\/strong><\/p>\n","protected":false},"featured_media":2101,"menu_order":0,"comment_status":"open","ping_status":"closed","template":"","meta":[],"product_brand":[],"product_cat":[245],"product_tag":[],"class_list":{"0":"post-2171","1":"product","2":"type-product","3":"status-publish","4":"has-post-thumbnail","6":"product_cat-uncategorized-no","8":"first","9":"instock","10":"shipping-taxable","11":"purchasable","12":"product-type-simple"},"yoast_head":"<!-- This site is optimized with the Yoast SEO Premium plugin v23.3 (Yoast SEO v26.4) - https:\/\/yoast.com\/wordpress\/plugins\/seo\/ -->\n<title>Kj\u00f8p Vyvanse Online - Vyvanse 50 mg til salgs online uten resept<\/title>\n<meta name=\"description\" content=\"Kj\u00f8p Vyvanse Online. Vyvanse for salg. Vi leverer vyvanse 50 caps online til sv\u00e6rt billige priser online uten resept. Frakt over natten\" \/>\n<meta name=\"robots\" content=\"index, follow, max-snippet:-1, max-image-preview:large, max-video-preview:-1\" \/>\n<link rel=\"canonical\" href=\"https:\/\/weightlossmedssales.com\/no\/product\/vyvanse-50-mg\/\" \/>\n<meta property=\"og:locale\" content=\"nb_NO\" \/>\n<meta property=\"og:type\" content=\"article\" \/>\n<meta property=\"og:title\" content=\"Vyvanse 50 mg\" \/>\n<meta property=\"og:description\" content=\"Kj\u00f8p Vyvanse Online. Vyvanse for salg. Vi leverer vyvanse 50 caps online til sv\u00e6rt billige priser online uten resept. Frakt over natten\" \/>\n<meta property=\"og:url\" content=\"https:\/\/weightlossmedssales.com\/no\/product\/vyvanse-50-mg\/\" \/>\n<meta property=\"og:site_name\" content=\"Family Healthcare Pharmacy\" \/>\n<meta property=\"og:image\" content=\"https:\/\/weightlossmedssales.com\/wp-content\/uploads\/2025\/04\/vyvanse-50-mg-1-scaled-e1679018829909.jpg\" \/>\n\t<meta property=\"og:image:width\" content=\"1600\" \/>\n\t<meta property=\"og:image:height\" content=\"1200\" \/>\n\t<meta property=\"og:image:type\" content=\"image\/jpeg\" \/>\n<meta name=\"twitter:card\" content=\"summary_large_image\" \/>\n<meta name=\"twitter:label1\" content=\"Pris\" \/>\n\t<meta name=\"twitter:data1\" content=\"&#036;2.30\" \/>\n\t<meta name=\"twitter:label2\" content=\"Tilgjengelighet\" \/>\n\t<meta name=\"twitter:data2\" content=\"P\u00e5 lager\" \/>\n<script type=\"application\/ld+json\" class=\"yoast-schema-graph\">{\"@context\":\"https:\/\/schema.org\",\"@graph\":[{\"@type\":\"WebPage\",\"@id\":\"https:\/\/weightlossmedssales.com\/no\/product\/vyvanse-50-mg\/\",\"url\":\"https:\/\/weightlossmedssales.com\/no\/product\/vyvanse-50-mg\/\",\"name\":\"Kj\u00f8p Vyvanse Online - Vyvanse 50 mg til salgs online uten resept\",\"isPartOf\":{\"@id\":\"https:\/\/weightlossmedssales.com\/#website\"},\"primaryImageOfPage\":{\"@id\":\"https:\/\/weightlossmedssales.com\/no\/product\/vyvanse-50-mg\/#primaryimage\"},\"image\":{\"@id\":\"https:\/\/weightlossmedssales.com\/no\/product\/vyvanse-50-mg\/#primaryimage\"},\"thumbnailUrl\":\"https:\/\/weightlossmedssales.com\/wp-content\/uploads\/2025\/04\/vyvanse-50-mg-1-scaled-e1679018829909.jpg\",\"datePublished\":\"2025-04-18T10:35:14+00:00\",\"description\":\"Kj\u00f8p Vyvanse Online. Vyvanse for salg. Vi leverer vyvanse 50 caps online til sv\u00e6rt billige priser online uten resept. Frakt over natten\",\"breadcrumb\":{\"@id\":\"https:\/\/weightlossmedssales.com\/no\/product\/vyvanse-50-mg\/#breadcrumb\"},\"inLanguage\":\"nb-NO\",\"potentialAction\":[{\"@type\":\"ReadAction\",\"target\":[\"https:\/\/weightlossmedssales.com\/no\/product\/vyvanse-50-mg\/\"]}]},{\"@type\":\"ImageObject\",\"inLanguage\":\"nb-NO\",\"@id\":\"https:\/\/weightlossmedssales.com\/no\/product\/vyvanse-50-mg\/#primaryimage\",\"url\":\"https:\/\/weightlossmedssales.com\/wp-content\/uploads\/2025\/04\/vyvanse-50-mg-1-scaled-e1679018829909.jpg\",\"contentUrl\":\"https:\/\/weightlossmedssales.com\/wp-content\/uploads\/2025\/04\/vyvanse-50-mg-1-scaled-e1679018829909.jpg\",\"width\":1600,\"height\":1200},{\"@type\":\"BreadcrumbList\",\"@id\":\"https:\/\/weightlossmedssales.com\/no\/product\/vyvanse-50-mg\/#breadcrumb\",\"itemListElement\":[{\"@type\":\"ListItem\",\"position\":1,\"name\":\"Home\",\"item\":\"https:\/\/weightlossmedssales.com\/no\/hjem\/\"},{\"@type\":\"ListItem\",\"position\":2,\"name\":\"Shop\",\"item\":\"https:\/\/weightlossmedssales.com\/shop\/\"},{\"@type\":\"ListItem\",\"position\":3,\"name\":\"Vyvanse 50 mg\"}]},{\"@type\":\"WebSite\",\"@id\":\"https:\/\/weightlossmedssales.com\/#website\",\"url\":\"https:\/\/weightlossmedssales.com\/\",\"name\":\"Family Healthcare Pharmacy\",\"description\":\"Weight Loss Medicines\",\"potentialAction\":[{\"@type\":\"SearchAction\",\"target\":{\"@type\":\"EntryPoint\",\"urlTemplate\":\"https:\/\/weightlossmedssales.com\/?s={search_term_string}\"},\"query-input\":{\"@type\":\"PropertyValueSpecification\",\"valueRequired\":true,\"valueName\":\"search_term_string\"}}],\"inLanguage\":\"nb-NO\"}]}<\/script>\n<meta property=\"product:price:amount\" content=\"2.30\" \/>\n<meta property=\"product:price:currency\" content=\"USD\" \/>\n<meta property=\"og:availability\" content=\"instock\" \/>\n<meta property=\"product:availability\" content=\"instock\" \/>\n<meta property=\"product:retailer_item_id\" content=\"SU93476\" \/>\n<meta property=\"product:condition\" content=\"new\" \/>\n<!-- \/ Yoast SEO Premium plugin. -->","yoast_head_json":{"title":"Kj\u00f8p Vyvanse Online - Vyvanse 50 mg til salgs online uten resept","description":"Kj\u00f8p Vyvanse Online. Vyvanse for salg. Vi leverer vyvanse 50 caps online til sv\u00e6rt billige priser online uten resept. Frakt over natten","robots":{"index":"index","follow":"follow","max-snippet":"max-snippet:-1","max-image-preview":"max-image-preview:large","max-video-preview":"max-video-preview:-1"},"canonical":"https:\/\/weightlossmedssales.com\/no\/product\/vyvanse-50-mg\/","og_locale":"nb_NO","og_type":"article","og_title":"Vyvanse 50 mg","og_description":"Kj\u00f8p Vyvanse Online. Vyvanse for salg. Vi leverer vyvanse 50 caps online til sv\u00e6rt billige priser online uten resept. Frakt over natten","og_url":"https:\/\/weightlossmedssales.com\/no\/product\/vyvanse-50-mg\/","og_site_name":"Family Healthcare Pharmacy","og_image":[{"width":1600,"height":1200,"url":"https:\/\/weightlossmedssales.com\/wp-content\/uploads\/2025\/04\/vyvanse-50-mg-1-scaled-e1679018829909.jpg","type":"image\/jpeg"}],"twitter_card":"summary_large_image","twitter_misc":{"Pris":"&#36;2.30","Tilgjengelighet":"P\u00e5 lager"},"schema":{"@context":"https:\/\/schema.org","@graph":[{"@type":"WebPage","@id":"https:\/\/weightlossmedssales.com\/no\/product\/vyvanse-50-mg\/","url":"https:\/\/weightlossmedssales.com\/no\/product\/vyvanse-50-mg\/","name":"Kj\u00f8p Vyvanse Online - Vyvanse 50 mg til salgs online uten resept","isPartOf":{"@id":"https:\/\/weightlossmedssales.com\/#website"},"primaryImageOfPage":{"@id":"https:\/\/weightlossmedssales.com\/no\/product\/vyvanse-50-mg\/#primaryimage"},"image":{"@id":"https:\/\/weightlossmedssales.com\/no\/product\/vyvanse-50-mg\/#primaryimage"},"thumbnailUrl":"https:\/\/weightlossmedssales.com\/wp-content\/uploads\/2025\/04\/vyvanse-50-mg-1-scaled-e1679018829909.jpg","datePublished":"2025-04-18T10:35:14+00:00","description":"Kj\u00f8p Vyvanse Online. Vyvanse for salg. Vi leverer vyvanse 50 caps online til sv\u00e6rt billige priser online uten resept. Frakt over natten","breadcrumb":{"@id":"https:\/\/weightlossmedssales.com\/no\/product\/vyvanse-50-mg\/#breadcrumb"},"inLanguage":"nb-NO","potentialAction":[{"@type":"ReadAction","target":["https:\/\/weightlossmedssales.com\/no\/product\/vyvanse-50-mg\/"]}]},{"@type":"ImageObject","inLanguage":"nb-NO","@id":"https:\/\/weightlossmedssales.com\/no\/product\/vyvanse-50-mg\/#primaryimage","url":"https:\/\/weightlossmedssales.com\/wp-content\/uploads\/2025\/04\/vyvanse-50-mg-1-scaled-e1679018829909.jpg","contentUrl":"https:\/\/weightlossmedssales.com\/wp-content\/uploads\/2025\/04\/vyvanse-50-mg-1-scaled-e1679018829909.jpg","width":1600,"height":1200},{"@type":"BreadcrumbList","@id":"https:\/\/weightlossmedssales.com\/no\/product\/vyvanse-50-mg\/#breadcrumb","itemListElement":[{"@type":"ListItem","position":1,"name":"Home","item":"https:\/\/weightlossmedssales.com\/no\/hjem\/"},{"@type":"ListItem","position":2,"name":"Shop","item":"https:\/\/weightlossmedssales.com\/shop\/"},{"@type":"ListItem","position":3,"name":"Vyvanse 50 mg"}]},{"@type":"WebSite","@id":"https:\/\/weightlossmedssales.com\/#website","url":"https:\/\/weightlossmedssales.com\/","name":"Family Healthcare Pharmacy","description":"Weight Loss Medicines","potentialAction":[{"@type":"SearchAction","target":{"@type":"EntryPoint","urlTemplate":"https:\/\/weightlossmedssales.com\/?s={search_term_string}"},"query-input":{"@type":"PropertyValueSpecification","valueRequired":true,"valueName":"search_term_string"}}],"inLanguage":"nb-NO"}]},"product_price_amount":"2.30","product_price_currency":"USD","og_availability":"instock","product_availability":"instock","product_retailer_item_id":"SU93476","product_condition":"new"},"_links":{"self":[{"href":"https:\/\/weightlossmedssales.com\/no\/wp-json\/wp\/v2\/product\/2171","targetHints":{"allow":["GET"]}}],"collection":[{"href":"https:\/\/weightlossmedssales.com\/no\/wp-json\/wp\/v2\/product"}],"about":[{"href":"https:\/\/weightlossmedssales.com\/no\/wp-json\/wp\/v2\/types\/product"}],"replies":[{"embeddable":true,"href":"https:\/\/weightlossmedssales.com\/no\/wp-json\/wp\/v2\/comments?post=2171"}],"version-history":[{"count":0,"href":"https:\/\/weightlossmedssales.com\/no\/wp-json\/wp\/v2\/product\/2171\/revisions"}],"wp:featuredmedia":[{"embeddable":true,"href":"https:\/\/weightlossmedssales.com\/no\/wp-json\/wp\/v2\/media\/2101"}],"wp:attachment":[{"href":"https:\/\/weightlossmedssales.com\/no\/wp-json\/wp\/v2\/media?parent=2171"}],"wp:term":[{"taxonomy":"product_brand","embeddable":true,"href":"https:\/\/weightlossmedssales.com\/no\/wp-json\/wp\/v2\/product_brand?post=2171"},{"taxonomy":"product_cat","embeddable":true,"href":"https:\/\/weightlossmedssales.com\/no\/wp-json\/wp\/v2\/product_cat?post=2171"},{"taxonomy":"product_tag","embeddable":true,"href":"https:\/\/weightlossmedssales.com\/no\/wp-json\/wp\/v2\/product_tag?post=2171"}],"curies":[{"name":"wp","href":"https:\/\/api.w.org\/{rel}","templated":true}]}}