{"id":2179,"date":"2025-04-18T10:52:59","date_gmt":"2025-04-18T10:52:59","guid":{"rendered":"https:\/\/weightlossmedssales.com\/product\/focalin-20-mg\/"},"modified":"2025-04-18T10:52:59","modified_gmt":"2025-04-18T10:52:59","slug":"focalin-20-mg","status":"publish","type":"product","link":"https:\/\/weightlossmedssales.com\/no\/product\/focalin-20-mg\/","title":{"rendered":"Focalin 20 mg"},"content":{"rendered":"<h1>Focalin 20 til salgs<\/h1>\n<p><a class=\"styles__StyledAction-sc-1xjy49r-0 NVfj\" tabindex=\"0\" href=\"https:\/\/www.goodrx.com\/dexmethylphenidate\" target=\"_self\" rel=\"noopener\" data-qa=\"description-link-0\">Dexmetylfenidat<\/a><span class=\"styles__StyledText-sc-1vmlgyl-0 jPuXBO re-text\" data-qa=\"description-text-1\"> (Focalin) er et kostbart legemiddel som brukes til \u00e5 behandle <\/span><a class=\"styles__StyledAction-sc-1xjy49r-0 NVfj\" tabindex=\"0\" href=\"https:\/\/www.goodrx.com\/adhd\" target=\"_self\" rel=\"noopener\" data-qa=\"description-link-2\">hyperaktivitetsforstyrrelse med oppmerksomhetsunderskudd<\/a><span class=\"styles__StyledText-sc-1vmlgyl-0 jPuXBO re-text\" data-qa=\"description-text-3\"> (<\/span><a class=\"styles__StyledAction-sc-1xjy49r-0 NVfj\" tabindex=\"0\" href=\"https:\/\/www.goodrx.com\/adhd\" target=\"_self\" rel=\"noopener\" data-qa=\"description-link-4\">ADHD<\/a><span class=\"styles__StyledText-sc-1vmlgyl-0 jPuXBO re-text\" data-qa=\"description-text-5\">). Dette legemidlet er mindre popul\u00e6rt enn sammenlignbare legemidler. Det er tilgjengelig i merkevare og generiske versjoner. Den vanligste versjonen av Focalin dekkes av 73% av forsikringsplaner med en egenandel p\u00e5 $ 60.00 &#8211; $ 80.00, men noen apotekkuponger eller kontantpriser kan v\u00e6re lavere.  <\/span><\/p>\n<div class=\"my-section-child last:mb-0 max-w-content mx-auto px-component-2 px-section-child\" data-qa=\"DSM-SectionChild\">\n<div data-qa=\"BodyCopy\">\n<div class=\"last-child-margin-reset text-component-2 break-words\">\n<p class=\"mb-component-1\">Dexmetylfenidat (Focalin) behandler oppmerksomhetsunderskudd\/hyperaktivitetsforstyrrelse (ADHD) og anbefales vanligvis hvis f\u00f8rstevalgsmedisiner mot ADHD ikke fungerer for deg. Denne medisinen har imidlertid et stort potensial for misbruk og feilbruk. <\/p>\n<\/div>\n<\/div>\n<\/div>\n<div class=\"my-section-child last:mb-0 max-w-content mx-auto px-component-2 px-section-child\" data-qa=\"DSM-SectionChild\">\n<div class=\"flex-none md:flex md:flex-row mt-component-5\" data-qa=\"ColumnContainer\">\n<div class=\"flex-1 md:w-1\/2 mb-component-1 md:mr-column\">\n<div data-qa=\"BodyCopy\">\n<div class=\"last-child-margin-reset text-component-2 break-words\">\n<h3 class=\"text-align-generic-title lg:text-generic-title text-generic-title font-generic-title-mobile lg:font-generic-title leading-component-1 font-component-1 mb-component-3\">VANLIGE MERKER<\/h3>\n<p class=\"mb-component-1\">Focalin, Focalin XR<\/p>\n<h3 class=\"text-align-generic-title lg:text-generic-title text-generic-title font-generic-title-mobile lg:font-generic-title leading-component-1 font-component-1 mb-component-3\">NARKOTIKAKLASSE<\/h3>\n<p class=\"mb-component-1\">Stimulerende<\/p>\n<h2 class=\"max-w-content mx-auto lg:text-section-title text-section-title-mobile font-section-title font-2 leading-component-1 mb-section-title text-align-section-title border-b-2 border-section-title-underline py-section-title px-component-2\" data-qa=\"sectionTitle\">Hva er deksametylfenidat (Focalin)?<\/h2>\n<div class=\"my-section-child last:mb-0 max-w-content mx-auto px-component-2 px-section-child\" data-qa=\"DSM-SectionChild\">\n<div data-qa=\"BodyCopy\">\n<div class=\"last-child-margin-reset text-component-2 break-words\">\n<h3 class=\"text-align-generic-title lg:text-generic-title text-generic-title font-generic-title-mobile lg:font-generic-title leading-component-1 font-component-1 mb-component-3\">Hvordan deksametylfenidat (Focalin) virker<\/h3>\n<p class=\"mb-component-1\">Dexmetylfenidat (Focalin) er et sentralstimulerende middel som behandler ADHD ved \u00e5 \u00f8ke noradrenalin- og dopaminaktiviteten i hjernen, noe som p\u00e5virker oppmerksomhet og atferd.<\/p>\n<\/div>\n<\/div>\n<\/div>\n<div class=\"my-section-child last:mb-0 max-w-content mx-auto px-component-2 px-section-child\" data-qa=\"DSM-SectionChild\">\n<div data-qa=\"BodyCopy\">\n<div class=\"last-child-margin-reset text-component-2 break-words\">\n<h3 class=\"text-align-generic-title lg:text-generic-title text-generic-title font-generic-title-mobile lg:font-generic-title leading-component-1 font-component-1 mb-component-3\">Hva brukes deksametylfenidat (Focalin) til?<\/h3>\n<ul class=\"list-disc my-component-4\">\n<li class=\"mb-component-2 ml-bulleted-list\">Oppmerksomhetsunderskudd\/hyperaktivitetsforstyrrelse (ADHD)<\/li>\n<\/ul>\n<\/div>\n<\/div>\n<\/div>\n<div class=\"my-section-child last:mb-0 max-w-content mx-auto px-component-2 px-section-child\" data-qa=\"DSM-SectionChild\">\n<div class=\"last-child-margin-reset text-component-2 break-words\">\n<h3 class=\"text-align-generic-title lg:text-generic-title text-generic-title font-generic-title-mobile lg:font-generic-title leading-component-1 font-component-1 mb-component-3\">Doseringsformer for deksametylfenidat (Focalin)<\/h3>\n<div class=\"flex flex-wrap mt-component-5 text-component-1\">\n<div class=\"w-full md:w-1\/2 mb-component-1 flex\">\n<div class=\"flex-initial w-full\"><span class=\"capitalize\">Nettbrett<\/span><\/p>\n<div class=\"pt-3 flex-inital flex flex-wrap\"><a class=\"text-primary pr-3 whitespace-nowrap\" href=\"https:\/\/www.goodrx.com\/dexmethylphenidate?dosage=2.5mg&amp;form=tablet&amp;quantity=30\" target=\"\" rel=\"noopener\" data-qa=\"DSM-Link\">2,5 mg <\/a><a class=\"text-primary pr-3 whitespace-nowrap\" href=\"https:\/\/www.goodrx.com\/dexmethylphenidate?dosage=5mg&amp;form=tablet&amp;quantity=30\" target=\"\" rel=\"noopener\" data-qa=\"DSM-Link\">5 mg <\/a><a class=\"text-primary pr-3 whitespace-nowrap\" href=\"https:\/\/www.goodrx.com\/dexmethylphenidate?dosage=10mg&amp;form=tablet&amp;quantity=60\" target=\"\" rel=\"noopener\" data-qa=\"DSM-Link\">10 mg<\/a><\/div>\n<div>\n<h3 class=\"text-align-generic-title lg:text-generic-title text-generic-title font-generic-title-mobile lg:font-generic-title leading-component-1 font-component-1 mb-component-3\">Typisk dosering for deksametylfenidat (Focalin)<\/h3>\n<ul class=\"list-disc my-component-4\">\n<li class=\"mb-component-2 ml-bulleted-list\"><strong>Tablett med umiddelbar frigj\u00f8ring:<\/strong> Begynn med 2,5 mg gjennom munnen to ganger daglig. Leverand\u00f8ren din kan \u00f8ke dosen din basert p\u00e5 responsen din til en maksimal dose p\u00e5 20 mg per dag. <\/li>\n<li class=\"mb-component-2 ml-bulleted-list\"><strong><a class=\"text-primary hover:text-simple-link-hover\" href=\"https:\/\/dailymed.nlm.nih.gov\/dailymed\/drugInfo.cfm?setid=1a1da905-42a0-4748-9c39-67eca45deccc\" target=\"_blank\" rel=\"noopener noreferrer\" data-qa=\"DSM-Link\" data-location=\"Content\" data-type=\"body-copy-group\" data-url=\"https:\/\/dailymed.nlm.nih.gov\/dailymed\/drugInfo.cfm?setid=1a1da905-42a0-4748-9c39-67eca45deccc\" data-content=\"Extended-release capsule\" data-content-id=\"c915b1fa-ec3b-4310-aded-18c7dfee3b1c\" data-content-category=\"\" data-content-category-id=\"uses\" data-content-position=\"3\">Kapsel med forlenget frigj\u00f8ring<\/a>:<\/strong> Begynn med 10 mg gjennom munnen \u00e9n gang daglig. Leverand\u00f8ren din kan \u00f8ke dosen din basert p\u00e5 responsen din til en maksimal dose p\u00e5 40 mg per dag. <\/li>\n<\/ul>\n<h2 class=\"max-w-content mx-auto lg:text-section-title text-section-title-mobile font-section-title font-2 leading-component-1 mb-section-title text-align-section-title border-b-2 border-section-title-underline py-section-title px-component-2\" data-qa=\"sectionTitle\">Hva er risikoen og advarslene for deksametylfenidat (Focalin)?<\/h2>\n<div class=\"my-section-child last:mb-0 max-w-content mx-auto px-component-2 px-section-child\" data-qa=\"DSM-SectionChild\">\n<div data-qa=\"BodyCopy\">\n<div class=\"last-child-margin-reset text-component-2 break-words\">\n<p class=\"mb-component-1\">Dexmetylfenidat (Focalin) kan for\u00e5rsake noen alvorlige helseproblemer. Denne risikoen kan v\u00e6re enda h\u00f8yere for visse grupper. Hvis dette bekymrer deg, b\u00f8r du snakke med legen din eller apoteket om andre alternativer  <\/p>\n<\/div>\n<\/div>\n<\/div>\n<div class=\"my-section-child last:mb-0 max-w-content mx-auto px-component-2 px-section-child\" data-qa=\"DSM-SectionChild\">\n<div data-qa=\"BodyCopy\">\n<div class=\"last-child-margin-reset text-component-2 break-words\">\n<h3 class=\"text-align-generic-title lg:text-generic-title text-generic-title font-generic-title-mobile lg:font-generic-title leading-component-1 font-component-1 mb-component-3\">Misbruk og avhengighet<\/h3>\n<ul class=\"list-disc my-component-4\">\n<li class=\"mb-component-2 ml-bulleted-list\"><em><strong>Risikofaktorer:<\/strong> Tidligere rusmisbruk | Alkoholisme<\/em><\/li>\n<\/ul>\n<p class=\"flex mb-component-1\"><span class=\"px-4 my-auto\">Denne medisinen har en risiko for misbruk og avhengighet. Ta kun det som legen din har forskrevet for \u00e5 redusere risikoen for misbruk og overdose. Misbruk av dette legemidlet kan f\u00f8re til at det blir mindre effektivt. Personer med en historie med narkotika- og alkoholmisbruk b\u00f8r ikke ta det.   <\/span><\/p>\n<h3 class=\"text-align-generic-title lg:text-generic-title text-generic-title font-generic-title-mobile lg:font-generic-title leading-component-1 font-component-1 mb-component-3\">Alvorlige eller livstruende hjerteproblemer<\/h3>\n<ul class=\"list-disc my-component-4\">\n<li class=\"mb-component-2 ml-bulleted-list\"><em><strong>Risikofaktorer:<\/strong> Tidligere hjerteproblemer<\/em><\/li>\n<\/ul>\n<p class=\"mb-component-1\">Personer som bruker deksametylfenidat (Focalin) har en h\u00f8yere risiko for hjerteinfarkt, hjerneslag og til og med d\u00f8dsfall i noen tilfeller. Hvis du har en historie med hjerteproblemer eller defekter, b\u00f8r du ikke bruke denne medisinen, og du b\u00f8r unders\u00f8kes for hjerteproblemer f\u00f8r du starter. Av og til kan deksametylfenidat (Focalin) for\u00e5rsake uforklarlig besvimelse eller brystsmerter som kommer i forbindelse med fysisk aktivitet. Snakk med legen din om treningsplanen din for \u00e5 unng\u00e5 disse problemene. Kj\u00f8p focalin online    <\/p>\n<\/div>\n<\/div>\n<\/div>\n<\/div>\n<\/div>\n<\/div>\n<\/div>\n<\/div>\n<\/div>\n<\/div>\n<\/div>\n<\/div>\n<\/div>\n<\/div>\n","protected":false},"excerpt":{"rendered":"<p>Focalin 20 til salgs Dexmetylfenidat (Focalin) er et kostbart legemiddel som brukes til \u00e5 behandle hyperaktivitetsforstyrrelse med oppmerksomhetsunderskudd (ADHD). Dette legemidlet er mindre popul\u00e6rt enn sammenlignbare legemidler. Det er tilgjengelig i merkevare og generiske versjoner. Den vanligste versjonen av Focalin dekkes av 73% av forsikringsplaner med en egenandel p\u00e5 $ 60.00 &#8211; $ 80.00, men &#8230;<\/p>\n","protected":false},"featured_media":2111,"menu_order":0,"comment_status":"open","ping_status":"closed","template":"","meta":[],"product_brand":[],"product_cat":[251],"product_tag":[],"class_list":{"0":"post-2179","1":"product","2":"type-product","3":"status-publish","4":"has-post-thumbnail","6":"product_cat-kjop-focalin-online","8":"first","9":"instock","10":"shipping-taxable","11":"purchasable","12":"product-type-simple"},"yoast_head":"<!-- This site is optimized with the Yoast SEO Premium plugin v23.3 (Yoast SEO v27.4) - https:\/\/yoast.com\/product\/yoast-seo-premium-wordpress\/ -->\n<title>Focalin 20 mg - Family Healthcare Pharmacy<\/title>\n<meta name=\"robots\" content=\"index, follow, max-snippet:-1, max-image-preview:large, max-video-preview:-1\" \/>\n<link rel=\"canonical\" href=\"https:\/\/weightlossmedssales.com\/product\/focalin-20-mg\/\" \/>\n<meta property=\"og:locale\" content=\"nb_NO\" \/>\n<meta property=\"og:type\" content=\"article\" \/>\n<meta property=\"og:title\" content=\"Focalin 20 mg\" \/>\n<meta property=\"og:description\" content=\"Focalin 20 til salgs Dexmetylfenidat (Focalin) er et kostbart legemiddel som brukes til \u00e5 behandle hyperaktivitetsforstyrrelse med oppmerksomhetsunderskudd (ADHD). Dette legemidlet er mindre popul\u00e6rt enn sammenlignbare legemidler. Det er tilgjengelig i merkevare og generiske versjoner. Den vanligste versjonen av Focalin dekkes av 73% av forsikringsplaner med en egenandel p\u00e5 $ 60.00 &#8211; $ 80.00, men ...\" \/>\n<meta property=\"og:url\" content=\"https:\/\/weightlossmedssales.com\/product\/focalin-20-mg\/\" \/>\n<meta property=\"og:site_name\" content=\"Family Healthcare Pharmacy\" \/>\n<meta name=\"twitter:card\" content=\"summary_large_image\" \/>\n<meta name=\"twitter:label1\" content=\"Pris\" \/>\n\t<meta name=\"twitter:data1\" content=\"&#036;2.50\" \/>\n\t<meta name=\"twitter:label2\" content=\"Tilgjengelighet\" \/>\n\t<meta name=\"twitter:data2\" content=\"P\u00e5 lager\" \/>\n<script type=\"application\/ld+json\" class=\"yoast-schema-graph\">{\"@context\":\"https:\\\/\\\/schema.org\",\"@graph\":[{\"@type\":\"WebPage\",\"@id\":\"https:\\\/\\\/weightlossmedssales.com\\\/product\\\/focalin-20-mg\\\/\",\"url\":\"https:\\\/\\\/weightlossmedssales.com\\\/product\\\/focalin-20-mg\\\/\",\"name\":\"Focalin 20 mg - Family Healthcare Pharmacy\",\"isPartOf\":{\"@id\":\"https:\\\/\\\/weightlossmedssales.com\\\/#website\"},\"primaryImageOfPage\":{\"@id\":\"https:\\\/\\\/weightlossmedssales.com\\\/product\\\/focalin-20-mg\\\/#primaryimage\"},\"image\":{\"@id\":\"https:\\\/\\\/weightlossmedssales.com\\\/product\\\/focalin-20-mg\\\/#primaryimage\"},\"thumbnailUrl\":\"https:\\\/\\\/weightlossmedssales.com\\\/wp-content\\\/uploads\\\/2025\\\/04\\\/Focalin-XR-20mg-1.jpeg\",\"datePublished\":\"2025-04-18T10:52:59+00:00\",\"breadcrumb\":{\"@id\":\"https:\\\/\\\/weightlossmedssales.com\\\/product\\\/focalin-20-mg\\\/#breadcrumb\"},\"inLanguage\":\"nb-NO\",\"potentialAction\":[{\"@type\":\"ReadAction\",\"target\":[\"https:\\\/\\\/weightlossmedssales.com\\\/product\\\/focalin-20-mg\\\/\"]}]},{\"@type\":\"ImageObject\",\"inLanguage\":\"nb-NO\",\"@id\":\"https:\\\/\\\/weightlossmedssales.com\\\/product\\\/focalin-20-mg\\\/#primaryimage\",\"url\":\"https:\\\/\\\/weightlossmedssales.com\\\/wp-content\\\/uploads\\\/2025\\\/04\\\/Focalin-XR-20mg-1.jpeg\",\"contentUrl\":\"https:\\\/\\\/weightlossmedssales.com\\\/wp-content\\\/uploads\\\/2025\\\/04\\\/Focalin-XR-20mg-1.jpeg\",\"width\":1024,\"height\":1322},{\"@type\":\"BreadcrumbList\",\"@id\":\"https:\\\/\\\/weightlossmedssales.com\\\/product\\\/focalin-20-mg\\\/#breadcrumb\",\"itemListElement\":[{\"@type\":\"ListItem\",\"position\":1,\"name\":\"Home\",\"item\":\"https:\\\/\\\/weightlossmedssales.com\\\/no\\\/hjem\\\/\"},{\"@type\":\"ListItem\",\"position\":2,\"name\":\"Shop\",\"item\":\"https:\\\/\\\/weightlossmedssales.com\\\/shop\\\/\"},{\"@type\":\"ListItem\",\"position\":3,\"name\":\"Focalin 20 mg\"}]},{\"@type\":\"WebSite\",\"@id\":\"https:\\\/\\\/weightlossmedssales.com\\\/#website\",\"url\":\"https:\\\/\\\/weightlossmedssales.com\\\/\",\"name\":\"Family Healthcare Pharmacy\",\"description\":\"Weight Loss Medicines\",\"potentialAction\":[{\"@type\":\"SearchAction\",\"target\":{\"@type\":\"EntryPoint\",\"urlTemplate\":\"https:\\\/\\\/weightlossmedssales.com\\\/?s={search_term_string}\"},\"query-input\":{\"@type\":\"PropertyValueSpecification\",\"valueRequired\":true,\"valueName\":\"search_term_string\"}}],\"inLanguage\":\"nb-NO\"}]}<\/script>\n<meta property=\"product:price:amount\" content=\"2.50\" \/>\n<meta property=\"product:price:currency\" content=\"USD\" \/>\n<meta property=\"og:availability\" content=\"instock\" \/>\n<meta property=\"product:availability\" content=\"instock\" \/>\n<meta property=\"product:condition\" content=\"new\" \/>\n<!-- \/ Yoast SEO Premium plugin. -->","yoast_head_json":{"title":"Focalin 20 mg - Family Healthcare Pharmacy","robots":{"index":"index","follow":"follow","max-snippet":"max-snippet:-1","max-image-preview":"max-image-preview:large","max-video-preview":"max-video-preview:-1"},"canonical":"https:\/\/weightlossmedssales.com\/product\/focalin-20-mg\/","og_locale":"nb_NO","og_type":"article","og_title":"Focalin 20 mg","og_description":"Focalin 20 til salgs Dexmetylfenidat (Focalin) er et kostbart legemiddel som brukes til \u00e5 behandle hyperaktivitetsforstyrrelse med oppmerksomhetsunderskudd (ADHD). Dette legemidlet er mindre popul\u00e6rt enn sammenlignbare legemidler. Det er tilgjengelig i merkevare og generiske versjoner. Den vanligste versjonen av Focalin dekkes av 73% av forsikringsplaner med en egenandel p\u00e5 $ 60.00 &#8211; $ 80.00, men ...","og_url":"https:\/\/weightlossmedssales.com\/product\/focalin-20-mg\/","og_site_name":"Family Healthcare Pharmacy","twitter_card":"summary_large_image","twitter_misc":{"Pris":"&#36;2.50","Tilgjengelighet":"P\u00e5 lager"},"schema":{"@context":"https:\/\/schema.org","@graph":[{"@type":"WebPage","@id":"https:\/\/weightlossmedssales.com\/product\/focalin-20-mg\/","url":"https:\/\/weightlossmedssales.com\/product\/focalin-20-mg\/","name":"Focalin 20 mg - Family Healthcare Pharmacy","isPartOf":{"@id":"https:\/\/weightlossmedssales.com\/#website"},"primaryImageOfPage":{"@id":"https:\/\/weightlossmedssales.com\/product\/focalin-20-mg\/#primaryimage"},"image":{"@id":"https:\/\/weightlossmedssales.com\/product\/focalin-20-mg\/#primaryimage"},"thumbnailUrl":"https:\/\/weightlossmedssales.com\/wp-content\/uploads\/2025\/04\/Focalin-XR-20mg-1.jpeg","datePublished":"2025-04-18T10:52:59+00:00","breadcrumb":{"@id":"https:\/\/weightlossmedssales.com\/product\/focalin-20-mg\/#breadcrumb"},"inLanguage":"nb-NO","potentialAction":[{"@type":"ReadAction","target":["https:\/\/weightlossmedssales.com\/product\/focalin-20-mg\/"]}]},{"@type":"ImageObject","inLanguage":"nb-NO","@id":"https:\/\/weightlossmedssales.com\/product\/focalin-20-mg\/#primaryimage","url":"https:\/\/weightlossmedssales.com\/wp-content\/uploads\/2025\/04\/Focalin-XR-20mg-1.jpeg","contentUrl":"https:\/\/weightlossmedssales.com\/wp-content\/uploads\/2025\/04\/Focalin-XR-20mg-1.jpeg","width":1024,"height":1322},{"@type":"BreadcrumbList","@id":"https:\/\/weightlossmedssales.com\/product\/focalin-20-mg\/#breadcrumb","itemListElement":[{"@type":"ListItem","position":1,"name":"Home","item":"https:\/\/weightlossmedssales.com\/no\/hjem\/"},{"@type":"ListItem","position":2,"name":"Shop","item":"https:\/\/weightlossmedssales.com\/shop\/"},{"@type":"ListItem","position":3,"name":"Focalin 20 mg"}]},{"@type":"WebSite","@id":"https:\/\/weightlossmedssales.com\/#website","url":"https:\/\/weightlossmedssales.com\/","name":"Family Healthcare Pharmacy","description":"Weight Loss Medicines","potentialAction":[{"@type":"SearchAction","target":{"@type":"EntryPoint","urlTemplate":"https:\/\/weightlossmedssales.com\/?s={search_term_string}"},"query-input":{"@type":"PropertyValueSpecification","valueRequired":true,"valueName":"search_term_string"}}],"inLanguage":"nb-NO"}]},"product_price_amount":"2.50","product_price_currency":"USD","og_availability":"instock","product_availability":"instock","product_condition":"new"},"_links":{"self":[{"href":"https:\/\/weightlossmedssales.com\/no\/wp-json\/wp\/v2\/product\/2179","targetHints":{"allow":["GET"]}}],"collection":[{"href":"https:\/\/weightlossmedssales.com\/no\/wp-json\/wp\/v2\/product"}],"about":[{"href":"https:\/\/weightlossmedssales.com\/no\/wp-json\/wp\/v2\/types\/product"}],"replies":[{"embeddable":true,"href":"https:\/\/weightlossmedssales.com\/no\/wp-json\/wp\/v2\/comments?post=2179"}],"version-history":[{"count":0,"href":"https:\/\/weightlossmedssales.com\/no\/wp-json\/wp\/v2\/product\/2179\/revisions"}],"wp:featuredmedia":[{"embeddable":true,"href":"https:\/\/weightlossmedssales.com\/no\/wp-json\/wp\/v2\/media\/2111"}],"wp:attachment":[{"href":"https:\/\/weightlossmedssales.com\/no\/wp-json\/wp\/v2\/media?parent=2179"}],"wp:term":[{"taxonomy":"product_brand","embeddable":true,"href":"https:\/\/weightlossmedssales.com\/no\/wp-json\/wp\/v2\/product_brand?post=2179"},{"taxonomy":"product_cat","embeddable":true,"href":"https:\/\/weightlossmedssales.com\/no\/wp-json\/wp\/v2\/product_cat?post=2179"},{"taxonomy":"product_tag","embeddable":true,"href":"https:\/\/weightlossmedssales.com\/no\/wp-json\/wp\/v2\/product_tag?post=2179"}],"curies":[{"name":"wp","href":"https:\/\/api.w.org\/{rel}","templated":true}]}}