{"id":2180,"date":"2025-04-18T10:53:00","date_gmt":"2025-04-18T10:53:00","guid":{"rendered":"https:\/\/weightlossmedssales.com\/product\/adderall-5-mg\/"},"modified":"2025-04-18T10:53:00","modified_gmt":"2025-04-18T10:53:00","slug":"adderall-5-mg","status":"publish","type":"product","link":"https:\/\/weightlossmedssales.com\/no\/product\/adderall-5-mg\/","title":{"rendered":"Adderall 5 mg"},"content":{"rendered":"<h1>Adderall 5 mg til salgs<\/h1>\n<div class=\"my-section-child last:mb-0 max-w-content mx-auto px-component-2 px-section-child\" data-qa=\"DSM-SectionChild\">\n<div data-qa=\"BodyCopy\">\n<div class=\"last-child-margin-reset text-component-2 break-words\">\n<p class=\"mb-component-1\">Adderall IR er et f\u00f8rstevalg ved behandling av ADHD (Attention Deficit\/Hyperactivity Disorder) og har blitt brukt trygt i flere ti\u00e5r. Som sentralstimulerende middel kan det f\u00f8re til s\u00f8vnvansker og avhengighetsproblemer. <\/p>\n<\/div>\n<\/div>\n<\/div>\n<div class=\"my-section-child last:mb-0 max-w-content mx-auto px-component-2 px-section-child\" data-qa=\"DSM-SectionChild\">\n<div class=\"flex-none md:flex md:flex-row mt-component-5\" data-qa=\"ColumnContainer\">\n<div class=\"flex-1 md:w-1\/2 mb-component-1 md:mr-column\">\n<div data-qa=\"BodyCopy\">\n<div class=\"last-child-margin-reset text-component-2 break-words\">\n<div class=\"relative flex items-center cursor-pointer outline-none py-faq-gallery\" tabindex=\"0\" role=\"button\" aria-expanded=\"true\" aria-controls=\"faq-answer-c1c527a5-a793-443a-8edf-3e85cb48de68\">\n<h3 class=\"text-component-2 text-primary font-bold\">Er Adderall IR vanedannende?<\/h3>\n<\/div>\n<div id=\"faq-answer-c1c527a5-a793-443a-8edf-3e85cb48de68\" class=\"ml-6\" data-qa=\"faq-answer-c1c527a5-a793-443a-8edf-3e85cb48de68\">\n<div class=\"mb-component-3 text-component-2\">\n<div class=\"break-words\">\n<p class=\"mb-component-1\">Ja, det er det. Adderall IR er et reseptbelagt sentralstimulerende middel som kan v\u00e6re avhengighetsskapende hvis det brukes over lengre tid. Ikke alle som bruker det over lang tid vil bli avhengige av det.  <\/p>\n<div class=\"relative flex items-center cursor-pointer outline-none py-faq-gallery\" tabindex=\"0\" role=\"button\" aria-expanded=\"true\" aria-controls=\"faq-answer-63058c0a-25e3-47ba-baa2-8935d0f9015f\">\n<h3 class=\"text-component-2 text-primary font-bold\">Er Strattera lik Adderall IR?<\/h3>\n<\/div>\n<div id=\"faq-answer-63058c0a-25e3-47ba-baa2-8935d0f9015f\" class=\"ml-6\" data-qa=\"faq-answer-63058c0a-25e3-47ba-baa2-8935d0f9015f\">\n<div class=\"mb-component-3 text-component-2\">\n<div class=\"break-words\">\n<p class=\"mb-component-1\">Disse to medikamentene brukes begge til \u00e5 behandle oppmerksomhetsunderskudd\/hyperaktivitetsforstyrrelse (ADHD), men hvordan de virker og p\u00e5virker kroppen din er helt forskjellig. Strattera (atomoksetin) er en selektiv noradrenalinreopptakshemmer og er ikke vanedannende sammenlignet med Adderall IR, som er et sentralstimulerende middel og kan v\u00e6re vanedannende hvis det brukes p\u00e5 feil m\u00e5te.  Adderall 5 mg til salgs<\/p>\n<\/div>\n<\/div>\n<\/div>\n<\/div>\n<\/div>\n<\/div>\n<\/div>\n<\/div>\n<\/div>\n<\/div>\n<\/div>\n","protected":false},"excerpt":{"rendered":"<p><strong>Adderall<\/strong><br \/>\n<strong>Styrke: 5 mg<\/strong><\/p>\n","protected":false},"featured_media":2127,"menu_order":0,"comment_status":"open","ping_status":"closed","template":"","meta":[],"product_brand":[],"product_cat":[248],"product_tag":[],"class_list":{"0":"post-2180","1":"product","2":"type-product","3":"status-publish","4":"has-post-thumbnail","6":"product_cat-kjop-adderall-pa-nett","8":"first","9":"instock","10":"shipping-taxable","11":"purchasable","12":"product-type-simple"},"yoast_head":"<!-- This site is optimized with the Yoast SEO Premium plugin v23.3 (Yoast SEO v27.4) - https:\/\/yoast.com\/product\/yoast-seo-premium-wordpress\/ -->\n<title>Adderall 5 mg - Family Healthcare Pharmacy<\/title>\n<meta name=\"robots\" content=\"index, follow, max-snippet:-1, max-image-preview:large, max-video-preview:-1\" \/>\n<link rel=\"canonical\" href=\"https:\/\/weightlossmedssales.com\/product\/adderall-5-mg\/\" \/>\n<meta property=\"og:locale\" content=\"nb_NO\" \/>\n<meta property=\"og:type\" content=\"article\" \/>\n<meta property=\"og:title\" content=\"Adderall 5 mg\" \/>\n<meta property=\"og:description\" content=\"Adderall Styrke: 5 mg\" \/>\n<meta property=\"og:url\" content=\"https:\/\/weightlossmedssales.com\/product\/adderall-5-mg\/\" \/>\n<meta property=\"og:site_name\" content=\"Family Healthcare Pharmacy\" \/>\n<meta name=\"twitter:card\" content=\"summary_large_image\" \/>\n<meta name=\"twitter:label1\" content=\"Pris\" \/>\n\t<meta name=\"twitter:data1\" content=\"&#036;2.50\" \/>\n\t<meta name=\"twitter:label2\" content=\"Tilgjengelighet\" \/>\n\t<meta name=\"twitter:data2\" content=\"P\u00e5 lager\" \/>\n<script type=\"application\/ld+json\" class=\"yoast-schema-graph\">{\"@context\":\"https:\\\/\\\/schema.org\",\"@graph\":[{\"@type\":\"WebPage\",\"@id\":\"https:\\\/\\\/weightlossmedssales.com\\\/product\\\/adderall-5-mg\\\/\",\"url\":\"https:\\\/\\\/weightlossmedssales.com\\\/product\\\/adderall-5-mg\\\/\",\"name\":\"Adderall 5 mg - Family Healthcare Pharmacy\",\"isPartOf\":{\"@id\":\"https:\\\/\\\/weightlossmedssales.com\\\/#website\"},\"primaryImageOfPage\":{\"@id\":\"https:\\\/\\\/weightlossmedssales.com\\\/product\\\/adderall-5-mg\\\/#primaryimage\"},\"image\":{\"@id\":\"https:\\\/\\\/weightlossmedssales.com\\\/product\\\/adderall-5-mg\\\/#primaryimage\"},\"thumbnailUrl\":\"https:\\\/\\\/weightlossmedssales.com\\\/wp-content\\\/uploads\\\/2025\\\/04\\\/adderall-5-mg.jpg\",\"datePublished\":\"2025-04-18T10:53:00+00:00\",\"breadcrumb\":{\"@id\":\"https:\\\/\\\/weightlossmedssales.com\\\/product\\\/adderall-5-mg\\\/#breadcrumb\"},\"inLanguage\":\"nb-NO\",\"potentialAction\":[{\"@type\":\"ReadAction\",\"target\":[\"https:\\\/\\\/weightlossmedssales.com\\\/product\\\/adderall-5-mg\\\/\"]}]},{\"@type\":\"ImageObject\",\"inLanguage\":\"nb-NO\",\"@id\":\"https:\\\/\\\/weightlossmedssales.com\\\/product\\\/adderall-5-mg\\\/#primaryimage\",\"url\":\"https:\\\/\\\/weightlossmedssales.com\\\/wp-content\\\/uploads\\\/2025\\\/04\\\/adderall-5-mg.jpg\",\"contentUrl\":\"https:\\\/\\\/weightlossmedssales.com\\\/wp-content\\\/uploads\\\/2025\\\/04\\\/adderall-5-mg.jpg\",\"width\":288,\"height\":216},{\"@type\":\"BreadcrumbList\",\"@id\":\"https:\\\/\\\/weightlossmedssales.com\\\/product\\\/adderall-5-mg\\\/#breadcrumb\",\"itemListElement\":[{\"@type\":\"ListItem\",\"position\":1,\"name\":\"Home\",\"item\":\"https:\\\/\\\/weightlossmedssales.com\\\/no\\\/hjem\\\/\"},{\"@type\":\"ListItem\",\"position\":2,\"name\":\"Shop\",\"item\":\"https:\\\/\\\/weightlossmedssales.com\\\/shop\\\/\"},{\"@type\":\"ListItem\",\"position\":3,\"name\":\"Adderall 5 mg\"}]},{\"@type\":\"WebSite\",\"@id\":\"https:\\\/\\\/weightlossmedssales.com\\\/#website\",\"url\":\"https:\\\/\\\/weightlossmedssales.com\\\/\",\"name\":\"Family Healthcare Pharmacy\",\"description\":\"Weight Loss Medicines\",\"potentialAction\":[{\"@type\":\"SearchAction\",\"target\":{\"@type\":\"EntryPoint\",\"urlTemplate\":\"https:\\\/\\\/weightlossmedssales.com\\\/?s={search_term_string}\"},\"query-input\":{\"@type\":\"PropertyValueSpecification\",\"valueRequired\":true,\"valueName\":\"search_term_string\"}}],\"inLanguage\":\"nb-NO\"}]}<\/script>\n<meta property=\"product:price:amount\" content=\"2.50\" \/>\n<meta property=\"product:price:currency\" content=\"USD\" \/>\n<meta property=\"og:availability\" content=\"instock\" \/>\n<meta property=\"product:availability\" content=\"instock\" \/>\n<meta property=\"product:condition\" content=\"new\" \/>\n<!-- \/ Yoast SEO Premium plugin. -->","yoast_head_json":{"title":"Adderall 5 mg - Family Healthcare Pharmacy","robots":{"index":"index","follow":"follow","max-snippet":"max-snippet:-1","max-image-preview":"max-image-preview:large","max-video-preview":"max-video-preview:-1"},"canonical":"https:\/\/weightlossmedssales.com\/product\/adderall-5-mg\/","og_locale":"nb_NO","og_type":"article","og_title":"Adderall 5 mg","og_description":"Adderall Styrke: 5 mg","og_url":"https:\/\/weightlossmedssales.com\/product\/adderall-5-mg\/","og_site_name":"Family Healthcare Pharmacy","twitter_card":"summary_large_image","twitter_misc":{"Pris":"&#36;2.50","Tilgjengelighet":"P\u00e5 lager"},"schema":{"@context":"https:\/\/schema.org","@graph":[{"@type":"WebPage","@id":"https:\/\/weightlossmedssales.com\/product\/adderall-5-mg\/","url":"https:\/\/weightlossmedssales.com\/product\/adderall-5-mg\/","name":"Adderall 5 mg - Family Healthcare Pharmacy","isPartOf":{"@id":"https:\/\/weightlossmedssales.com\/#website"},"primaryImageOfPage":{"@id":"https:\/\/weightlossmedssales.com\/product\/adderall-5-mg\/#primaryimage"},"image":{"@id":"https:\/\/weightlossmedssales.com\/product\/adderall-5-mg\/#primaryimage"},"thumbnailUrl":"https:\/\/weightlossmedssales.com\/wp-content\/uploads\/2025\/04\/adderall-5-mg.jpg","datePublished":"2025-04-18T10:53:00+00:00","breadcrumb":{"@id":"https:\/\/weightlossmedssales.com\/product\/adderall-5-mg\/#breadcrumb"},"inLanguage":"nb-NO","potentialAction":[{"@type":"ReadAction","target":["https:\/\/weightlossmedssales.com\/product\/adderall-5-mg\/"]}]},{"@type":"ImageObject","inLanguage":"nb-NO","@id":"https:\/\/weightlossmedssales.com\/product\/adderall-5-mg\/#primaryimage","url":"https:\/\/weightlossmedssales.com\/wp-content\/uploads\/2025\/04\/adderall-5-mg.jpg","contentUrl":"https:\/\/weightlossmedssales.com\/wp-content\/uploads\/2025\/04\/adderall-5-mg.jpg","width":288,"height":216},{"@type":"BreadcrumbList","@id":"https:\/\/weightlossmedssales.com\/product\/adderall-5-mg\/#breadcrumb","itemListElement":[{"@type":"ListItem","position":1,"name":"Home","item":"https:\/\/weightlossmedssales.com\/no\/hjem\/"},{"@type":"ListItem","position":2,"name":"Shop","item":"https:\/\/weightlossmedssales.com\/shop\/"},{"@type":"ListItem","position":3,"name":"Adderall 5 mg"}]},{"@type":"WebSite","@id":"https:\/\/weightlossmedssales.com\/#website","url":"https:\/\/weightlossmedssales.com\/","name":"Family Healthcare Pharmacy","description":"Weight Loss Medicines","potentialAction":[{"@type":"SearchAction","target":{"@type":"EntryPoint","urlTemplate":"https:\/\/weightlossmedssales.com\/?s={search_term_string}"},"query-input":{"@type":"PropertyValueSpecification","valueRequired":true,"valueName":"search_term_string"}}],"inLanguage":"nb-NO"}]},"product_price_amount":"2.50","product_price_currency":"USD","og_availability":"instock","product_availability":"instock","product_condition":"new"},"_links":{"self":[{"href":"https:\/\/weightlossmedssales.com\/no\/wp-json\/wp\/v2\/product\/2180","targetHints":{"allow":["GET"]}}],"collection":[{"href":"https:\/\/weightlossmedssales.com\/no\/wp-json\/wp\/v2\/product"}],"about":[{"href":"https:\/\/weightlossmedssales.com\/no\/wp-json\/wp\/v2\/types\/product"}],"replies":[{"embeddable":true,"href":"https:\/\/weightlossmedssales.com\/no\/wp-json\/wp\/v2\/comments?post=2180"}],"version-history":[{"count":0,"href":"https:\/\/weightlossmedssales.com\/no\/wp-json\/wp\/v2\/product\/2180\/revisions"}],"wp:featuredmedia":[{"embeddable":true,"href":"https:\/\/weightlossmedssales.com\/no\/wp-json\/wp\/v2\/media\/2127"}],"wp:attachment":[{"href":"https:\/\/weightlossmedssales.com\/no\/wp-json\/wp\/v2\/media?parent=2180"}],"wp:term":[{"taxonomy":"product_brand","embeddable":true,"href":"https:\/\/weightlossmedssales.com\/no\/wp-json\/wp\/v2\/product_brand?post=2180"},{"taxonomy":"product_cat","embeddable":true,"href":"https:\/\/weightlossmedssales.com\/no\/wp-json\/wp\/v2\/product_cat?post=2180"},{"taxonomy":"product_tag","embeddable":true,"href":"https:\/\/weightlossmedssales.com\/no\/wp-json\/wp\/v2\/product_tag?post=2180"}],"curies":[{"name":"wp","href":"https:\/\/api.w.org\/{rel}","templated":true}]}}