{"id":2183,"date":"2025-04-18T10:53:00","date_gmt":"2025-04-18T10:53:00","guid":{"rendered":"https:\/\/weightlossmedssales.com\/product\/suboxone-12-mg-strimler\/"},"modified":"2025-04-18T10:53:00","modified_gmt":"2025-04-18T10:53:00","slug":"suboxone-12-mg-strimler","status":"publish","type":"product","link":"https:\/\/weightlossmedssales.com\/no\/product\/suboxone-12-mg-strimler\/","title":{"rendered":"Suboxone 12 mg strimler"},"content":{"rendered":"<h1>Suboxone 12 mg Strips for salg<\/h1>\n<div class=\"my-section-child last:mb-0 max-w-content mx-auto px-component-2 px-section-child\" data-qa=\"DSM-SectionChild\">\n<div data-qa=\"BodyCopy\">\n<div class=\"last-child-margin-reset text-component-2 break-words\">\n<p class=\"mb-component-1\">Suboxone\/naloxone er en kombinasjon av opioidmedisiner som fungerer godt for \u00e5 behandle opioidavhengighet. Den fungerer best n\u00e5r den brukes sammen med r\u00e5dgivning og psykisk helsehjelp. Medisinen er tilgjengelig som en tablett eller film som enten l\u00f8ses opp under tungen eller mot innsiden av kinnet.  <\/p>\n<h2 class=\"max-w-content mx-auto lg:text-section-title text-section-title-mobile font-section-title font-2 leading-component-1 mb-section-title text-align-section-title border-b-2 border-section-title-underline py-section-title px-component-2\" data-qa=\"sectionTitle\">Hva er buprenorfin\/nalokson?<\/h2>\n<div class=\"my-section-child last:mb-0 max-w-content mx-auto px-component-2 px-section-child\" data-qa=\"DSM-SectionChild\">\n<div data-qa=\"BodyCopy\">\n<div class=\"last-child-margin-reset text-component-2 break-words\">\n<h3 class=\"text-align-generic-title lg:text-generic-title text-generic-title font-generic-title-mobile lg:font-generic-title leading-component-1 font-component-1 mb-component-3\">Hvordan buprenorfin\/nalokson virker<\/h3>\n<p class=\"mb-component-1\">Buprenorfin\/nalokson er en kombinasjon av to medikamenter som virker p\u00e5 deler av hjernen din, kalt opioidreseptorer, for \u00e5 p\u00e5virke hvordan du reagerer p\u00e5 smerte.<\/p>\n<ul class=\"list-disc my-component-4\">\n<li class=\"mb-component-2 ml-bulleted-list\"><strong>Buprenorfin<\/strong> er en partiell opioidagonist og virker p\u00e5 opioidreseptorer for \u00e5 redusere hvor mye smerte du f\u00f8ler. Det er ikke like sterkt som andre vanlige opioider som <a class=\"text-primary hover:text-simple-link-hover\" href=\"https:\/\/www.goodrx.com\/oxycodone\/what-is\" target=\"_self\" rel=\"noopener\" data-qa=\"DSM-Link\" data-location=\"Content\" data-type=\"body-copy-group\" data-url=\"https:\/\/www.goodrx.com\/oxycodone\/what-is\" data-content=\"oxycodone (Roxicodone)\" data-content-id=\"a37113d9-d9c6-4dbc-aa07-414b44694f6c\" data-content-category=\"\" data-content-category-id=\"uses\" data-content-position=\"3\">oksykodon (Roxicodone)<\/a> og <a class=\"text-primary hover:text-simple-link-hover\" href=\"https:\/\/www.goodrx.com\/morphine\/what-is\" target=\"_self\" rel=\"noopener\" data-qa=\"DSM-Link\" data-location=\"Content\" data-type=\"body-copy-group\" data-url=\"https:\/\/www.goodrx.com\/morphine\/what-is\" data-content=\"morphine\" data-content-id=\"a37113d9-d9c6-4dbc-aa07-414b44694f6c\" data-content-category=\"\" data-content-category-id=\"uses\" data-content-position=\"3\">morfin<\/a>. <\/li>\n<li class=\"mb-component-2 ml-bulleted-list\"><strong>Nalokson<\/strong> er en opioidantagonist som blokkerer effekten av opioider. N\u00e5r det brukes sammen med buprenorfin, bidrar det til \u00e5 forhindre overforbruk eller misbruk. <\/li>\n<\/ul>\n<p class=\"mb-component-1\">Buprenorfin og nalokson virker sammen for \u00e5 kontrollere opioidtrang og samtidig redusere risikoen for plagsomme bivirkninger som oppst\u00e5r n\u00e5r du plutselig slutter \u00e5 ta opioider (abstinens).<\/p>\n<\/div>\n<\/div>\n<\/div>\n<div class=\"my-section-child last:mb-0 max-w-content mx-auto px-component-2 px-section-child\" data-qa=\"DSM-SectionChild\">\n<div data-qa=\"BodyCopy\">\n<div class=\"last-child-margin-reset text-component-2 break-words\">\n<h3 class=\"text-align-generic-title lg:text-generic-title text-generic-title font-generic-title-mobile lg:font-generic-title leading-component-1 font-component-1 mb-component-3\">Hva brukes buprenorfin\/nalokson til?<\/h3>\n<ul class=\"list-disc my-component-4\">\n<li class=\"mb-component-2 ml-bulleted-list\">Opioidavhengighet<\/li>\n<\/ul>\n<h3 class=\"text-align-generic-title lg:text-generic-title text-generic-title font-generic-title-mobile lg:font-generic-title leading-component-1 font-component-1 mb-component-3\">Typisk dosering for buprenorfin\/nalokson<\/h3>\n<p class=\"mb-component-1\">Helsepersonellet ditt vil samarbeide med deg for \u00e5 justere dosen din etter dine individuelle behov. For \u00e5 unng\u00e5 abstinenser b\u00f8r du ta din f\u00f8rste dose buprenorfin\/nalokson minst 6 timer etter at du har tatt din siste opioiddose, og n\u00e5r du har tydelige tegn p\u00e5 abstinenser. Dosen din vil bli justert i l\u00f8pet av de f\u00f8rste dagene av behandlingen til du n\u00e5r en dose der abstinenser og abstinenssymptomer er under kontroll (vedlikeholdsdose).  <\/p>\n<p class=\"mb-component-1\"><strong>Suboxone<\/strong>, <strong>Bunavail<\/strong> og <strong>Zubsolv<\/strong> inneholder forskjellige mengder buprenorfin og nalokson, s\u00e5 <strong>de er ikke utskiftbare<\/strong>. Doseringen nedenfor er det som er typisk for personer som er avhengige av korttidsvirkende opioidmedisiner eller heroin. <\/p>\n<p class=\"mb-component-1\"><strong>Suboxone-film<\/strong><\/p>\n<ul class=\"list-disc my-component-4\">\n<li class=\"mb-component-2 ml-bulleted-list\"><strong>Dag 1:<\/strong> Du vil vanligvis starte med filmer som inneholder enten <strong>2 mg buprenorfin og 0,5 mg nalokson<\/strong> eller <strong>4 mg buprenorfin og 1 mg nalokson<\/strong>. Den typiske startdosen er 1 film <em>oppl\u00f8st under tungen (sublingualt)<\/em> \u00e9n gang, deretter 1 til 2 filmer hver 2. time til du n\u00e5r en total daglig dose p\u00e5 8 mg\/2 mg (buprenorfin\/nalokson). <\/li>\n<li class=\"mb-component-2 ml-bulleted-list\"><strong>Dag 2:<\/strong> Ta opptil 16 mg\/4 mg (buprenorfin\/nalokson) <em>sublingualt<\/em> som en enkelt daglig dose.<\/li>\n<li class=\"mb-component-2 ml-bulleted-list\"><strong>Dag 3 og utover:<\/strong> Behandleren din vil fortsette \u00e5 justere dosen din til du n\u00e5r en vedlikeholdsdose. Den anbefalte m\u00e5ldosen for vedlikehold er 16 mg\/4 mg (buprenorfin\/nalokson) <em>sublingualt eller plassert mot innsiden av kinnet (bukkalt)<\/em> som en enkelt daglig dose. Suboxone 12 mg Strips for salg. Kj\u00f8p suboxone strips online.   <\/li>\n<\/ul>\n<\/div>\n<\/div>\n<\/div>\n<\/div>\n<\/div>\n<\/div>\n<div class=\"my-section-child last:mb-0 max-w-content mx-auto px-component-2 px-section-child\" data-qa=\"DSM-SectionChild\">\n<div class=\"flex-none md:flex md:flex-row mt-component-5\" data-qa=\"ColumnContainer\">\n<div class=\"flex-1 md:w-1\/2 mb-component-1 md:mr-column\">\n<div data-qa=\"BodyCopy\">\n<div class=\"last-child-margin-reset text-component-2 break-words\"><\/div>\n<\/div>\n<\/div>\n<\/div>\n<\/div>\n<p>&nbsp;<\/p>\n","protected":false},"excerpt":{"rendered":"<p>Suboxone 12 mg Strips for salg Suboxone\/naloxone er en kombinasjon av opioidmedisiner som fungerer godt for \u00e5 behandle opioidavhengighet. Den fungerer best n\u00e5r den brukes sammen med r\u00e5dgivning og psykisk helsehjelp. Medisinen er tilgjengelig som en tablett eller film som enten l\u00f8ses opp under tungen eller mot innsiden av kinnet. Hva er buprenorfin\/nalokson? Hvordan buprenorfin\/nalokson &#8230;<\/p>\n","protected":false},"featured_media":2122,"menu_order":0,"comment_status":"open","ping_status":"closed","template":"","meta":[],"product_brand":[],"product_cat":[258],"product_tag":[],"class_list":{"0":"post-2183","1":"product","2":"type-product","3":"status-publish","4":"has-post-thumbnail","6":"product_cat-kjop-suboxone-pa-nett","8":"first","9":"instock","10":"shipping-taxable","11":"purchasable","12":"product-type-simple"},"yoast_head":"<!-- This site is optimized with the Yoast SEO Premium plugin v23.3 (Yoast SEO v27.4) - https:\/\/yoast.com\/product\/yoast-seo-premium-wordpress\/ -->\n<title>Suboxone 12 mg strimler - Family Healthcare Pharmacy<\/title>\n<meta name=\"robots\" content=\"index, follow, max-snippet:-1, max-image-preview:large, max-video-preview:-1\" \/>\n<link rel=\"canonical\" href=\"https:\/\/weightlossmedssales.com\/product\/suboxone-12-mg-strimler\/\" \/>\n<meta property=\"og:locale\" content=\"nb_NO\" \/>\n<meta property=\"og:type\" content=\"article\" \/>\n<meta property=\"og:title\" content=\"Suboxone 12 mg strimler\" \/>\n<meta property=\"og:description\" content=\"Suboxone 12 mg Strips for salg Suboxone\/naloxone er en kombinasjon av opioidmedisiner som fungerer godt for \u00e5 behandle opioidavhengighet. Den fungerer best n\u00e5r den brukes sammen med r\u00e5dgivning og psykisk helsehjelp. Medisinen er tilgjengelig som en tablett eller film som enten l\u00f8ses opp under tungen eller mot innsiden av kinnet. Hva er buprenorfin\/nalokson? Hvordan buprenorfin\/nalokson ...\" \/>\n<meta property=\"og:url\" content=\"https:\/\/weightlossmedssales.com\/product\/suboxone-12-mg-strimler\/\" \/>\n<meta property=\"og:site_name\" content=\"Family Healthcare Pharmacy\" \/>\n<meta name=\"twitter:card\" content=\"summary_large_image\" \/>\n<meta name=\"twitter:label1\" content=\"Pris\" \/>\n\t<meta name=\"twitter:data1\" content=\"&#036;3.50\" \/>\n\t<meta name=\"twitter:label2\" content=\"Tilgjengelighet\" \/>\n\t<meta name=\"twitter:data2\" content=\"P\u00e5 lager\" \/>\n<script type=\"application\/ld+json\" class=\"yoast-schema-graph\">{\"@context\":\"https:\\\/\\\/schema.org\",\"@graph\":[{\"@type\":\"WebPage\",\"@id\":\"https:\\\/\\\/weightlossmedssales.com\\\/product\\\/suboxone-12-mg-strimler\\\/\",\"url\":\"https:\\\/\\\/weightlossmedssales.com\\\/product\\\/suboxone-12-mg-strimler\\\/\",\"name\":\"Suboxone 12 mg strimler - Family Healthcare Pharmacy\",\"isPartOf\":{\"@id\":\"https:\\\/\\\/weightlossmedssales.com\\\/#website\"},\"primaryImageOfPage\":{\"@id\":\"https:\\\/\\\/weightlossmedssales.com\\\/product\\\/suboxone-12-mg-strimler\\\/#primaryimage\"},\"image\":{\"@id\":\"https:\\\/\\\/weightlossmedssales.com\\\/product\\\/suboxone-12-mg-strimler\\\/#primaryimage\"},\"thumbnailUrl\":\"https:\\\/\\\/weightlossmedssales.com\\\/wp-content\\\/uploads\\\/2025\\\/04\\\/suboxone-12-mg-strips.jpg\",\"datePublished\":\"2025-04-18T10:53:00+00:00\",\"breadcrumb\":{\"@id\":\"https:\\\/\\\/weightlossmedssales.com\\\/product\\\/suboxone-12-mg-strimler\\\/#breadcrumb\"},\"inLanguage\":\"nb-NO\",\"potentialAction\":[{\"@type\":\"ReadAction\",\"target\":[\"https:\\\/\\\/weightlossmedssales.com\\\/product\\\/suboxone-12-mg-strimler\\\/\"]}]},{\"@type\":\"ImageObject\",\"inLanguage\":\"nb-NO\",\"@id\":\"https:\\\/\\\/weightlossmedssales.com\\\/product\\\/suboxone-12-mg-strimler\\\/#primaryimage\",\"url\":\"https:\\\/\\\/weightlossmedssales.com\\\/wp-content\\\/uploads\\\/2025\\\/04\\\/suboxone-12-mg-strips.jpg\",\"contentUrl\":\"https:\\\/\\\/weightlossmedssales.com\\\/wp-content\\\/uploads\\\/2025\\\/04\\\/suboxone-12-mg-strips.jpg\",\"width\":1024,\"height\":660},{\"@type\":\"BreadcrumbList\",\"@id\":\"https:\\\/\\\/weightlossmedssales.com\\\/product\\\/suboxone-12-mg-strimler\\\/#breadcrumb\",\"itemListElement\":[{\"@type\":\"ListItem\",\"position\":1,\"name\":\"Home\",\"item\":\"https:\\\/\\\/weightlossmedssales.com\\\/no\\\/hjem\\\/\"},{\"@type\":\"ListItem\",\"position\":2,\"name\":\"Shop\",\"item\":\"https:\\\/\\\/weightlossmedssales.com\\\/shop\\\/\"},{\"@type\":\"ListItem\",\"position\":3,\"name\":\"Suboxone 12 mg strimler\"}]},{\"@type\":\"WebSite\",\"@id\":\"https:\\\/\\\/weightlossmedssales.com\\\/#website\",\"url\":\"https:\\\/\\\/weightlossmedssales.com\\\/\",\"name\":\"Family Healthcare Pharmacy\",\"description\":\"Weight Loss Medicines\",\"potentialAction\":[{\"@type\":\"SearchAction\",\"target\":{\"@type\":\"EntryPoint\",\"urlTemplate\":\"https:\\\/\\\/weightlossmedssales.com\\\/?s={search_term_string}\"},\"query-input\":{\"@type\":\"PropertyValueSpecification\",\"valueRequired\":true,\"valueName\":\"search_term_string\"}}],\"inLanguage\":\"nb-NO\"}]}<\/script>\n<meta property=\"product:price:amount\" content=\"3.50\" \/>\n<meta property=\"product:price:currency\" content=\"USD\" \/>\n<meta property=\"og:availability\" content=\"instock\" \/>\n<meta property=\"product:availability\" content=\"instock\" \/>\n<meta property=\"product:condition\" content=\"new\" \/>\n<!-- \/ Yoast SEO Premium plugin. -->","yoast_head_json":{"title":"Suboxone 12 mg strimler - Family Healthcare Pharmacy","robots":{"index":"index","follow":"follow","max-snippet":"max-snippet:-1","max-image-preview":"max-image-preview:large","max-video-preview":"max-video-preview:-1"},"canonical":"https:\/\/weightlossmedssales.com\/product\/suboxone-12-mg-strimler\/","og_locale":"nb_NO","og_type":"article","og_title":"Suboxone 12 mg strimler","og_description":"Suboxone 12 mg Strips for salg Suboxone\/naloxone er en kombinasjon av opioidmedisiner som fungerer godt for \u00e5 behandle opioidavhengighet. Den fungerer best n\u00e5r den brukes sammen med r\u00e5dgivning og psykisk helsehjelp. Medisinen er tilgjengelig som en tablett eller film som enten l\u00f8ses opp under tungen eller mot innsiden av kinnet. Hva er buprenorfin\/nalokson? Hvordan buprenorfin\/nalokson ...","og_url":"https:\/\/weightlossmedssales.com\/product\/suboxone-12-mg-strimler\/","og_site_name":"Family Healthcare Pharmacy","twitter_card":"summary_large_image","twitter_misc":{"Pris":"&#36;3.50","Tilgjengelighet":"P\u00e5 lager"},"schema":{"@context":"https:\/\/schema.org","@graph":[{"@type":"WebPage","@id":"https:\/\/weightlossmedssales.com\/product\/suboxone-12-mg-strimler\/","url":"https:\/\/weightlossmedssales.com\/product\/suboxone-12-mg-strimler\/","name":"Suboxone 12 mg strimler - Family Healthcare Pharmacy","isPartOf":{"@id":"https:\/\/weightlossmedssales.com\/#website"},"primaryImageOfPage":{"@id":"https:\/\/weightlossmedssales.com\/product\/suboxone-12-mg-strimler\/#primaryimage"},"image":{"@id":"https:\/\/weightlossmedssales.com\/product\/suboxone-12-mg-strimler\/#primaryimage"},"thumbnailUrl":"https:\/\/weightlossmedssales.com\/wp-content\/uploads\/2025\/04\/suboxone-12-mg-strips.jpg","datePublished":"2025-04-18T10:53:00+00:00","breadcrumb":{"@id":"https:\/\/weightlossmedssales.com\/product\/suboxone-12-mg-strimler\/#breadcrumb"},"inLanguage":"nb-NO","potentialAction":[{"@type":"ReadAction","target":["https:\/\/weightlossmedssales.com\/product\/suboxone-12-mg-strimler\/"]}]},{"@type":"ImageObject","inLanguage":"nb-NO","@id":"https:\/\/weightlossmedssales.com\/product\/suboxone-12-mg-strimler\/#primaryimage","url":"https:\/\/weightlossmedssales.com\/wp-content\/uploads\/2025\/04\/suboxone-12-mg-strips.jpg","contentUrl":"https:\/\/weightlossmedssales.com\/wp-content\/uploads\/2025\/04\/suboxone-12-mg-strips.jpg","width":1024,"height":660},{"@type":"BreadcrumbList","@id":"https:\/\/weightlossmedssales.com\/product\/suboxone-12-mg-strimler\/#breadcrumb","itemListElement":[{"@type":"ListItem","position":1,"name":"Home","item":"https:\/\/weightlossmedssales.com\/no\/hjem\/"},{"@type":"ListItem","position":2,"name":"Shop","item":"https:\/\/weightlossmedssales.com\/shop\/"},{"@type":"ListItem","position":3,"name":"Suboxone 12 mg strimler"}]},{"@type":"WebSite","@id":"https:\/\/weightlossmedssales.com\/#website","url":"https:\/\/weightlossmedssales.com\/","name":"Family Healthcare Pharmacy","description":"Weight Loss Medicines","potentialAction":[{"@type":"SearchAction","target":{"@type":"EntryPoint","urlTemplate":"https:\/\/weightlossmedssales.com\/?s={search_term_string}"},"query-input":{"@type":"PropertyValueSpecification","valueRequired":true,"valueName":"search_term_string"}}],"inLanguage":"nb-NO"}]},"product_price_amount":"3.50","product_price_currency":"USD","og_availability":"instock","product_availability":"instock","product_condition":"new"},"_links":{"self":[{"href":"https:\/\/weightlossmedssales.com\/no\/wp-json\/wp\/v2\/product\/2183","targetHints":{"allow":["GET"]}}],"collection":[{"href":"https:\/\/weightlossmedssales.com\/no\/wp-json\/wp\/v2\/product"}],"about":[{"href":"https:\/\/weightlossmedssales.com\/no\/wp-json\/wp\/v2\/types\/product"}],"replies":[{"embeddable":true,"href":"https:\/\/weightlossmedssales.com\/no\/wp-json\/wp\/v2\/comments?post=2183"}],"version-history":[{"count":0,"href":"https:\/\/weightlossmedssales.com\/no\/wp-json\/wp\/v2\/product\/2183\/revisions"}],"wp:featuredmedia":[{"embeddable":true,"href":"https:\/\/weightlossmedssales.com\/no\/wp-json\/wp\/v2\/media\/2122"}],"wp:attachment":[{"href":"https:\/\/weightlossmedssales.com\/no\/wp-json\/wp\/v2\/media?parent=2183"}],"wp:term":[{"taxonomy":"product_brand","embeddable":true,"href":"https:\/\/weightlossmedssales.com\/no\/wp-json\/wp\/v2\/product_brand?post=2183"},{"taxonomy":"product_cat","embeddable":true,"href":"https:\/\/weightlossmedssales.com\/no\/wp-json\/wp\/v2\/product_cat?post=2183"},{"taxonomy":"product_tag","embeddable":true,"href":"https:\/\/weightlossmedssales.com\/no\/wp-json\/wp\/v2\/product_tag?post=2183"}],"curies":[{"name":"wp","href":"https:\/\/api.w.org\/{rel}","templated":true}]}}