{"id":2189,"date":"2025-04-18T10:53:00","date_gmt":"2025-04-18T10:53:00","guid":{"rendered":"https:\/\/weightlossmedssales.com\/product\/suboxone-piller-n8\/"},"modified":"2025-04-18T10:53:00","modified_gmt":"2025-04-18T10:53:00","slug":"suboxone-piller-n8","status":"publish","type":"product","link":"https:\/\/weightlossmedssales.com\/no\/product\/suboxone-piller-n8\/","title":{"rendered":"Suboxone Piller N8"},"content":{"rendered":"<h1>Suboxone piller til salgs<\/h1>\n<p>Suboxone eller Buprenorphine\/naloxone er en kombinasjon av opioidmedisiner som fungerer godt for \u00e5 behandle opioidavhengighet. Den fungerer best n\u00e5r den brukes sammen med r\u00e5dgivning og psykisk helsehjelp. Medisinen er tilgjengelig som en tablett eller film som enten l\u00f8ses opp under tungen eller mot innsiden av kinnet.  <\/p>\n<h3 class=\"text-align-generic-title lg:text-generic-title text-generic-title font-generic-title-mobile lg:font-generic-title leading-component-1 font-component-1 mb-component-3\">VANLIGE MERKER<\/h3>\n<p class=\"mb-component-1\">Suboxone, Zubsolv, Bunavail<\/p>\n<h3 class=\"text-align-generic-title lg:text-generic-title text-generic-title font-generic-title-mobile lg:font-generic-title leading-component-1 font-component-1 mb-component-3\">NARKOTIKAKLASSE<\/h3>\n<p class=\"mb-component-1\">Opioid partiell agonist \/ Opioid antagonist<\/p>\n<h3 class=\"text-align-generic-title lg:text-generic-title text-generic-title font-generic-title-mobile lg:font-generic-title leading-component-1 font-component-1 mb-component-3\">KLASSIFISERING AV KONTROLLERTE STOFFER<\/h3>\n<p class=\"mb-component-1\">Skjema III<\/p>\n<h2 class=\"max-w-content mx-auto lg:text-section-title text-section-title-mobile font-section-title font-2 leading-component-1 mb-section-title text-align-section-title border-b-2 border-section-title-underline py-section-title px-component-2\" data-qa=\"sectionTitle\">Hva er buprenorfin\/nalokson?<\/h2>\n<div class=\"my-section-child last:mb-0 max-w-content mx-auto px-component-2 px-section-child\" data-qa=\"DSM-SectionChild\">\n<div data-qa=\"BodyCopy\">\n<div class=\"last-child-margin-reset text-component-2 break-words\">\n<h3 class=\"text-align-generic-title lg:text-generic-title text-generic-title font-generic-title-mobile lg:font-generic-title leading-component-1 font-component-1 mb-component-3\">Hvordan buprenorfin\/nalokson virker<\/h3>\n<p class=\"mb-component-1\">Buprenorfin\/nalokson er en kombinasjon av to medikamenter som virker p\u00e5 deler av hjernen din, kalt opioidreseptorer, for \u00e5 p\u00e5virke hvordan du reagerer p\u00e5 smerte.<\/p>\n<ul class=\"list-disc my-component-4\">\n<li class=\"mb-component-2 ml-bulleted-list\"><strong>Buprenorfin<\/strong> er en partiell opioidagonist og virker p\u00e5 opioidreseptorer for \u00e5 redusere hvor mye smerte du f\u00f8ler. Det er ikke like sterkt som andre vanlige opioider som <a class=\"text-primary hover:text-simple-link-hover\" href=\"https:\/\/www.goodrx.com\/oxycodone\/what-is\" target=\"_self\" rel=\"noopener\" data-qa=\"DSM-Link\" data-location=\"Content\" data-type=\"body-copy-group\" data-url=\"https:\/\/www.goodrx.com\/oxycodone\/what-is\" data-content=\"oxycodone (Roxicodone)\" data-content-id=\"ac195031-544e-4c3d-aaa3-91b5fc6c7ee0\" data-content-category=\"\" data-content-category-id=\"uses\" data-content-position=\"3\">oksykodon (Roxicodone)<\/a> og <a class=\"text-primary hover:text-simple-link-hover\" href=\"https:\/\/www.goodrx.com\/morphine\/what-is\" target=\"_self\" rel=\"noopener\" data-qa=\"DSM-Link\" data-location=\"Content\" data-type=\"body-copy-group\" data-url=\"https:\/\/www.goodrx.com\/morphine\/what-is\" data-content=\"morphine\" data-content-id=\"ac195031-544e-4c3d-aaa3-91b5fc6c7ee0\" data-content-category=\"\" data-content-category-id=\"uses\" data-content-position=\"3\">morfin<\/a>. <\/li>\n<li class=\"mb-component-2 ml-bulleted-list\"><strong>Nalokson<\/strong> er en opioidantagonist som blokkerer effekten av opioider. N\u00e5r det brukes sammen med buprenorfin, bidrar det til \u00e5 forhindre overforbruk eller misbruk. <\/li>\n<\/ul>\n<p class=\"mb-component-1\">Buprenorfin og nalokson virker sammen for \u00e5 kontrollere opioidtrang og samtidig redusere risikoen for plagsomme bivirkninger som oppst\u00e5r n\u00e5r du plutselig slutter \u00e5 ta opioider (abstinens).<\/p>\n<\/div>\n<\/div>\n<\/div>\n<div class=\"my-section-child last:mb-0 max-w-content mx-auto px-component-2 px-section-child\" data-qa=\"DSM-SectionChild\">\n<div data-qa=\"BodyCopy\">\n<div class=\"last-child-margin-reset text-component-2 break-words\">\n<h3 class=\"text-align-generic-title lg:text-generic-title text-generic-title font-generic-title-mobile lg:font-generic-title leading-component-1 font-component-1 mb-component-3\">Hva brukes buprenorfin\/nalokson til?<\/h3>\n<ul class=\"list-disc my-component-4\">\n<li class=\"mb-component-2 ml-bulleted-list\">Opioidavhengighet<\/li>\n<\/ul>\n<\/div>\n<\/div>\n<\/div>\n<div class=\"my-section-child last:mb-0 max-w-content mx-auto px-component-2 px-section-child\" data-qa=\"DSM-SectionChild\">\n<div class=\"last-child-margin-reset text-component-2 break-words\">\n<h3 class=\"text-align-generic-title lg:text-generic-title text-generic-title font-generic-title-mobile lg:font-generic-title leading-component-1 font-component-1 mb-component-3\">Doseringsformer for buprenorfin\/nalokson<\/h3>\n<div class=\"flex flex-wrap mt-component-5 text-component-1\">\n<div class=\"w-full md:w-1\/2 mb-component-1 flex\"><img decoding=\"async\" class=\"flex-none w-10 h-6 pr-4 object-scale-down\" src=\"data:image\/svg+xml;base64,PHN2ZyB3aWR0aD0iNDgiIGhlaWdodD0iNDgiIHZpZXdCb3g9IjAgMCA0OCA0OCIgZmlsbD0ibm9uZSIgeG1sbnM9Imh0dHA6Ly93d3cudzMub3JnLzIwMDAvc3ZnIj4KPHBhdGggZD0iTTI0IDQ4QzM3LjI1NDggNDggNDggMzcuMjU0OCA0OCAyNEM0OCAxMC43NDUyIDM3LjI1NDggMCAyNCAwQzEwLjc0NTIgMCAwIDEwLjc0NTIgMCAyNEMwIDM3LjI1NDggMTAuNzQ1MiA0OCAyNCA0OFoiIGZpbGw9IiNGRERCMDAiLz4KPHBhdGggZD0iTTM3IDEySDExQzEwLjQ0NzcgMTIgMTAgMTIuNDQ3NyAxMCAxM1YzNUMxMCAzNS41NTIzIDEwLjQ0NzcgMzYgMTEgMzZIMzdDMzcuNTUyMyAzNiAzOCAzNS41NTIzIDM4IDM1VjEzQzM4IDEyLjQ0NzcgMzcuNTUyMyAxMiAzNyAxMloiIGZpbGw9IiNGRkZGRkIiLz4KPHBhdGggZD0iTTIzLjUgMjRIMTdWMTYuNUMxNyAxNi4xMDIyIDE3LjE1OCAxNS43MjA2IDE3LjQzOTMgMTUuNDM5M0MxNy43MjA2IDE1LjE1OCAxOC4xMDIyIDE1IDE4LjUgMTVIMjMuNUMyNC42OTM1IDE1IDI1LjgzODEgMTUuNDc0MSAyNi42ODIgMTYuMzE4QzI3LjUyNTkgMTcuMTYxOSAyOCAxOC4zMDY1IDI4IDE5LjVDMjggMjAuNjkzNSAyNy41MjU5IDIxLjgzODEgMjYuNjgyIDIyLjY4MkMyNS44MzgxIDIzLjUyNTkgMjQuNjkzNSAyNCAyMy41IDI0Wk0xOSAyMkgyMy41QzI0LjE2MyAyMiAyNC43OTg5IDIxLjczNjYgMjUuMjY3OCAyMS4yNjc4QzI1LjczNjYgMjAuNzk4OSAyNiAyMC4xNjMgMjYgMTkuNUMyNiAxOC44MzcgMjUuNzM2NiAxOC4yMDExIDI1LjI2NzggMTcuNzMyMkMyNC43OTg5IDE3LjI2MzQgMjQuMTYzIDE3IDIzLjUgMTdIMTlWMjJaIiBmaWxsPSIjMjAxRjFCIi8+CjxwYXRoIGQ9Ik0zMC4wMDAxIDM0LjAwMDFDMjkuODYwNSAzMy45OTk4IDI5LjcyMjYgMzMuOTcwMiAyOS41OTUyIDMzLjkxMzRDMjkuNDY3NyAzMy44NTY2IDI5LjM1MzYgMzMuNzczNyAyOS4yNjAxIDMzLjY3MDFMMjAuMjYwMSAyMy42NzAxQzIwLjEwMDQgMjMuNDcxMyAyMC4wMjI4IDIzLjIxOSAyMC4wNDI5IDIyLjk2NDhDMjAuMDYzMSAyMi43MTA3IDIwLjE3OTYgMjIuNDczOCAyMC4zNjg2IDIyLjMwMjZDMjAuNTU3NiAyMi4xMzE1IDIwLjgwNDkgMjIuMDM5IDIxLjA1OTggMjIuMDQ0MUMyMS4zMTQ3IDIyLjA0OTIgMjEuNTU4MSAyMi4xNTE1IDIxLjc0MDEgMjIuMzMwMUwzMC43NDAxIDMyLjMzMDFDMzAuOTE3MyAzMi41MjY2IDMxLjAwOTUgMzIuNzg1MyAzMC45OTY0IDMzLjA0OTZDMzAuOTgzMyAzMy4zMTM4IDMwLjg2NTkgMzMuNTYyMSAzMC42NzAxIDMzLjc0MDFDMzAuNDg2NyAzMy45MDY4IDMwLjI0NzkgMzMuOTk5NCAzMC4wMDAxIDM0LjAwMDFaIiBmaWxsPSIjMjAxRjFCIi8+CjxwYXRoIGQ9Ik0xOCAzMEMxNy43MzQ4IDMwIDE3LjQ4MDQgMjkuODk0NiAxNy4yOTI5IDI5LjcwNzFDMTcuMTA1NCAyOS41MTk2IDE3IDI5LjI2NTIgMTcgMjlWMjNDMTcgMjIuNzM0OCAxNy4xMDU0IDIyLjQ4MDQgMTcuMjkyOSAyMi4yOTI5QzE3LjQ4MDQgMjIuMTA1NCAxNy43MzQ4IDIyIDE4IDIyQzE4LjI2NTIgMjIgMTguNTE5NiAyMi4xMDU0IDE4LjcwNzEgMjIuMjkyOUMxOC44OTQ2IDIyLjQ4MDQgMTkgMjIuNzM0OCAxOSAyM1YyOUMxOSAyOS4yNjUyIDE4Ljg5NDYgMjkuNTE5NiAxOC43MDcxIDI5LjcwNzFDMTguNTE5NiAyOS44OTQ2IDE4LjI2NTIgMzAgMTggMzBaIiBmaWxsPSIjMjAxRjFCIi8+CjxwYXRoIGQ9Ik0yNC4wMDAxIDM0LjAwMDFDMjMuODA4OSAzNC4wMDAxIDIzLjYyMTcgMzMuOTQ1MyAyMy40NjA4IDMzLjg0MjJDMjMuMjk5OCAzMy43MzkxIDIzLjE3MTcgMzMuNTkyIDIzLjA5MTcgMzMuNDE4NEMyMy4wMTE3IDMzLjI0NDggMjIuOTgzMiAzMy4wNTE5IDIzLjAwOTUgMzIuODYyNUMyMy4wMzU4IDMyLjY3MzIgMjMuMTE1OCAzMi40OTUzIDIzLjI0MDEgMzIuMzUwMUwyOS4yNDAxIDI1LjM1MDFDMjkuNDEyNSAyNS4xNDg1IDI5LjY1NzkgMjUuMDIzNyAyOS45MjIzIDI1LjAwM0MzMC4xODY3IDI0Ljk4MjQgMzAuNDQ4NSAyNS4wNjc3IDMwLjY1MDEgMjUuMjQwMUMzMC44NTE2IDI1LjQxMjQgMzAuOTc2NSAyNS42NTc4IDMwLjk5NzEgMjUuOTIyM0MzMS4wMTc3IDI2LjE4NjcgMzAuOTMyNSAyNi40NDg1IDMwLjc2MDEgMjYuNjUwMUwyNC43NjAxIDMzLjY1MDFDMjQuNjY2MiAzMy43NTk4IDI0LjU0OTYgMzMuODQ3OSAyNC40MTg0IDMzLjkwODRDMjQuMjg3MiAzMy45Njg4IDI0LjE0NDUgMzQuMDAwMSAyNC4wMDAxIDM0LjAwMDFaIiBmaWxsPSIjMjAxRjFCIi8+Cjwvc3ZnPgo=\" alt=\"filmikon\" data-qa=\"\"><\/p>\n<div class=\"flex-initial w-full\"><span class=\"capitalize\">Film<\/span><\/p>\n<div class=\"pt-3 flex-inital flex flex-wrap\"><a class=\"text-primary pr-3 whitespace-nowrap\" href=\"https:\/\/www.goodrx.com\/buprenorphine-naloxone?dosage=2mg-0.5mg&amp;form=film&amp;quantity=30\" target=\"\" rel=\"noopener\" data-qa=\"DSM-Link\">2 mg\/0,5 mg<\/a><a class=\"text-primary pr-3 whitespace-nowrap\" href=\"https:\/\/www.goodrx.com\/buprenorphine-naloxone?dosage=4mg-1mg&amp;form=film&amp;quantity=30\" target=\"\" rel=\"noopener\" data-qa=\"DSM-Link\">4 mg\/1 mg<\/a><a class=\"text-primary pr-3 whitespace-nowrap\" href=\"https:\/\/www.goodrx.com\/buprenorphine-naloxone?dosage=8mg-2mg&amp;form=film&amp;quantity=14\" target=\"\" rel=\"noopener\" data-qa=\"DSM-Link\">8 mg\/2 mg<\/a><a class=\"text-primary pr-3 whitespace-nowrap\" href=\"https:\/\/www.goodrx.com\/buprenorphine-naloxone?dosage=12mg-3mg&amp;form=film&amp;quantity=30\" target=\"\" rel=\"noopener\" data-qa=\"DSM-Link\">12 mg\/3 mg<\/a><\/div>\n<\/div>\n<\/div>\n<div class=\"w-full md:w-1\/2 mb-component-1 flex\"><img decoding=\"async\" class=\"flex-none w-10 h-6 pr-4 object-scale-down\" src=\"data:image\/svg+xml;base64,PHN2ZyB3aWR0aD0iNDgiIGhlaWdodD0iNDgiIHZpZXdCb3g9IjAgMCA0OCA0OCIgZmlsbD0ibm9uZSIgeG1sbnM9Imh0dHA6Ly93d3cudzMub3JnLzIwMDAvc3ZnIj4KPHBhdGggZD0iTTI0IDQ4QzM3LjI1NDggNDggNDggMzcuMjU0OCA0OCAyNEM0OCAxMC43NDUyIDM3LjI1NDggMCAyNCAwQzEwLjc0NTIgMCAwIDEwLjc0NTIgMCAyNEMwIDM3LjI1NDggMTAuNzQ1MiA0OCAyNCA0OFoiIGZpbGw9IiNGRERCMDAiLz4KPHBhdGggZD0iTTM3IDEySDExQzEwLjQ0NzcgMTIgMTAgMTIuNDQ3NyAxMCAxM1YzNUMxMCAzNS41NTIzIDEwLjQ0NzcgMzYgMTEgMzZIMzdDMzcuNTUyMyAzNiAzOCAzNS41NTIzIDM4IDM1VjEzQzM4IDEyLjQ0NzcgMzcuNTUyMyAxMiAzNyAxMloiIGZpbGw9IiNGRkZGRkIiLz4KPHBhdGggZD0iTTIzLjUgMjRIMTdWMTYuNUMxNyAxNi4xMDIyIDE3LjE1OCAxNS43MjA2IDE3LjQzOTMgMTUuNDM5M0MxNy43MjA2IDE1LjE1OCAxOC4xMDIyIDE1IDE4LjUgMTVIMjMuNUMyNC42OTM1IDE1IDI1LjgzODEgMTUuNDc0MSAyNi42ODIgMTYuMzE4QzI3LjUyNTkgMTcuMTYxOSAyOCAxOC4zMDY1IDI4IDE5LjVDMjggMjAuNjkzNSAyNy41MjU5IDIxLjgzODEgMjYuNjgyIDIyLjY4MkMyNS44MzgxIDIzLjUyNTkgMjQuNjkzNSAyNCAyMy41IDI0Wk0xOSAyMkgyMy41QzI0LjE2MyAyMiAyNC43OTg5IDIxLjczNjYgMjUuMjY3OCAyMS4yNjc4QzI1LjczNjYgMjAuNzk4OSAyNiAyMC4xNjMgMjYgMTkuNUMyNiAxOC44MzcgMjUuNzM2NiAxOC4yMDExIDI1LjI2NzggMTcuNzMyMkMyNC43OTg5IDE3LjI2MzQgMjQuMTYzIDE3IDIzLjUgMTdIMTlWMjJaIiBmaWxsPSIjMjAxRjFCIi8+CjxwYXRoIGQ9Ik0zMC4wMDAxIDM0LjAwMDFDMjkuODYwNSAzMy45OTk4IDI5LjcyMjYgMzMuOTcwMiAyOS41OTUyIDMzLjkxMzRDMjkuNDY3NyAzMy44NTY2IDI5LjM1MzYgMzMuNzczNyAyOS4yNjAxIDMzLjY3MDFMMjAuMjYwMSAyMy42NzAxQzIwLjEwMDQgMjMuNDcxMyAyMC4wMjI4IDIzLjIxOSAyMC4wNDI5IDIyLjk2NDhDMjAuMDYzMSAyMi43MTA3IDIwLjE3OTYgMjIuNDczOCAyMC4zNjg2IDIyLjMwMjZDMjAuNTU3NiAyMi4xMzE1IDIwLjgwNDkgMjIuMDM5IDIxLjA1OTggMjIuMDQ0MUMyMS4zMTQ3IDIyLjA0OTIgMjEuNTU4MSAyMi4xNTE1IDIxLjc0MDEgMjIuMzMwMUwzMC43NDAxIDMyLjMzMDFDMzAuOTE3MyAzMi41MjY2IDMxLjAwOTUgMzIuNzg1MyAzMC45OTY0IDMzLjA0OTZDMzAuOTgzMyAzMy4zMTM4IDMwLjg2NTkgMzMuNTYyMSAzMC42NzAxIDMzLjc0MDFDMzAuNDg2NyAzMy45MDY4IDMwLjI0NzkgMzMuOTk5NCAzMC4wMDAxIDM0LjAwMDFaIiBmaWxsPSIjMjAxRjFCIi8+CjxwYXRoIGQ9Ik0xOCAzMEMxNy43MzQ4IDMwIDE3LjQ4MDQgMjkuODk0NiAxNy4yOTI5IDI5LjcwNzFDMTcuMTA1NCAyOS41MTk2IDE3IDI5LjI2NTIgMTcgMjlWMjNDMTcgMjIuNzM0OCAxNy4xMDU0IDIyLjQ4MDQgMTcuMjkyOSAyMi4yOTI5QzE3LjQ4MDQgMjIuMTA1NCAxNy43MzQ4IDIyIDE4IDIyQzE4LjI2NTIgMjIgMTguNTE5NiAyMi4xMDU0IDE4LjcwNzEgMjIuMjkyOUMxOC44OTQ2IDIyLjQ4MDQgMTkgMjIuNzM0OCAxOSAyM1YyOUMxOSAyOS4yNjUyIDE4Ljg5NDYgMjkuNTE5NiAxOC43MDcxIDI5LjcwNzFDMTguNTE5NiAyOS44OTQ2IDE4LjI2NTIgMzAgMTggMzBaIiBmaWxsPSIjMjAxRjFCIi8+CjxwYXRoIGQ9Ik0yNC4wMDAxIDM0LjAwMDFDMjMuODA4OSAzNC4wMDAxIDIzLjYyMTcgMzMuOTQ1MyAyMy40NjA4IDMzLjg0MjJDMjMuMjk5OCAzMy43MzkxIDIzLjE3MTcgMzMuNTkyIDIzLjA5MTcgMzMuNDE4NEMyMy4wMTE3IDMzLjI0NDggMjIuOTgzMiAzMy4wNTE5IDIzLjAwOTUgMzIuODYyNUMyMy4wMzU4IDMyLjY3MzIgMjMuMTE1OCAzMi40OTUzIDIzLjI0MDEgMzIuMzUwMUwyOS4yNDAxIDI1LjM1MDFDMjkuNDEyNSAyNS4xNDg1IDI5LjY1NzkgMjUuMDIzNyAyOS45MjIzIDI1LjAwM0MzMC4xODY3IDI0Ljk4MjQgMzAuNDQ4NSAyNS4wNjc3IDMwLjY1MDEgMjUuMjQwMUMzMC44NTE2IDI1LjQxMjQgMzAuOTc2NSAyNS42NTc4IDMwLjk5NzEgMjUuOTIyM0MzMS4wMTc3IDI2LjE4NjcgMzAuOTMyNSAyNi40NDg1IDMwLjc2MDEgMjYuNjUwMUwyNC43NjAxIDMzLjY1MDFDMjQuNjY2MiAzMy43NTk4IDI0LjU0OTYgMzMuODQ3OSAyNC40MTg0IDMzLjkwODRDMjQuMjg3MiAzMy45Njg4IDI0LjE0NDUgMzQuMDAwMSAyNC4wMDAxIDM0LjAwMDFaIiBmaWxsPSIjMjAxRjFCIi8+Cjwvc3ZnPgo=\" alt=\"sublingual tablett-ikon\" data-qa=\"\"><\/p>\n<div class=\"flex-initial w-full\"><span class=\"capitalize\">Sublingual tablett<\/span><\/p>\n<div class=\"pt-3 flex-inital flex flex-wrap\"><a class=\"text-primary pr-3 whitespace-nowrap\" href=\"https:\/\/www.goodrx.com\/buprenorphine-naloxone?dosage=2mg-0.5mg&amp;form=sublingual&amp;quantity=30\" target=\"\" rel=\"noopener\" data-qa=\"DSM-Link\">2 mg\/0,5 mg<\/a><a class=\"text-primary pr-3 whitespace-nowrap\" href=\"https:\/\/www.goodrx.com\/buprenorphine-naloxone?dosage=8mg-2mg&amp;form=sublingual&amp;quantity=14\" target=\"\" rel=\"noopener\" data-qa=\"DSM-Link\">8 mg\/2 mg<\/a><\/div>\n<div>Suboxone piller til salgs<\/div>\n<\/div>\n<\/div>\n<\/div>\n<\/div>\n<\/div>\n","protected":false},"excerpt":{"rendered":"<p>Suboxone piller til salgs Suboxone eller Buprenorphine\/naloxone er en kombinasjon av opioidmedisiner som fungerer godt for \u00e5 behandle opioidavhengighet. Den fungerer best n\u00e5r den brukes sammen med r\u00e5dgivning og psykisk helsehjelp. Medisinen er tilgjengelig som en tablett eller film som enten l\u00f8ses opp under tungen eller mot innsiden av kinnet. VANLIGE MERKER Suboxone, Zubsolv, Bunavail &#8230;<\/p>\n","protected":false},"featured_media":2124,"menu_order":0,"comment_status":"open","ping_status":"closed","template":"","meta":[],"product_brand":[],"product_cat":[258],"product_tag":[],"class_list":{"0":"post-2189","1":"product","2":"type-product","3":"status-publish","4":"has-post-thumbnail","6":"product_cat-kjop-suboxone-pa-nett","8":"first","9":"instock","10":"shipping-taxable","11":"purchasable","12":"product-type-simple"},"yoast_head":"<!-- This site is optimized with the Yoast SEO Premium plugin v23.3 (Yoast SEO v27.4) - https:\/\/yoast.com\/product\/yoast-seo-premium-wordpress\/ -->\n<title>Suboxone Piller N8 - Family Healthcare Pharmacy<\/title>\n<meta name=\"robots\" content=\"index, follow, max-snippet:-1, max-image-preview:large, max-video-preview:-1\" \/>\n<link rel=\"canonical\" href=\"https:\/\/weightlossmedssales.com\/product\/suboxone-piller-n8\/\" \/>\n<meta property=\"og:locale\" content=\"nb_NO\" \/>\n<meta property=\"og:type\" content=\"article\" \/>\n<meta property=\"og:title\" content=\"Suboxone Piller N8\" \/>\n<meta property=\"og:description\" content=\"Suboxone piller til salgs Suboxone eller Buprenorphine\/naloxone er en kombinasjon av opioidmedisiner som fungerer godt for \u00e5 behandle opioidavhengighet. Den fungerer best n\u00e5r den brukes sammen med r\u00e5dgivning og psykisk helsehjelp. Medisinen er tilgjengelig som en tablett eller film som enten l\u00f8ses opp under tungen eller mot innsiden av kinnet. VANLIGE MERKER Suboxone, Zubsolv, Bunavail ...\" \/>\n<meta property=\"og:url\" content=\"https:\/\/weightlossmedssales.com\/product\/suboxone-piller-n8\/\" \/>\n<meta property=\"og:site_name\" content=\"Family Healthcare Pharmacy\" \/>\n<meta name=\"twitter:card\" content=\"summary_large_image\" \/>\n<meta name=\"twitter:label1\" content=\"Pris\" \/>\n\t<meta name=\"twitter:data1\" content=\"&#036;3.00\" \/>\n\t<meta name=\"twitter:label2\" content=\"Tilgjengelighet\" \/>\n\t<meta name=\"twitter:data2\" content=\"P\u00e5 lager\" \/>\n<script type=\"application\/ld+json\" class=\"yoast-schema-graph\">{\"@context\":\"https:\\\/\\\/schema.org\",\"@graph\":[{\"@type\":\"WebPage\",\"@id\":\"https:\\\/\\\/weightlossmedssales.com\\\/product\\\/suboxone-piller-n8\\\/\",\"url\":\"https:\\\/\\\/weightlossmedssales.com\\\/product\\\/suboxone-piller-n8\\\/\",\"name\":\"Suboxone Piller N8 - Family Healthcare Pharmacy\",\"isPartOf\":{\"@id\":\"https:\\\/\\\/weightlossmedssales.com\\\/#website\"},\"primaryImageOfPage\":{\"@id\":\"https:\\\/\\\/weightlossmedssales.com\\\/product\\\/suboxone-piller-n8\\\/#primaryimage\"},\"image\":{\"@id\":\"https:\\\/\\\/weightlossmedssales.com\\\/product\\\/suboxone-piller-n8\\\/#primaryimage\"},\"thumbnailUrl\":\"https:\\\/\\\/weightlossmedssales.com\\\/wp-content\\\/uploads\\\/2025\\\/04\\\/DrugItem_12029-e1650978498733.webp\",\"datePublished\":\"2025-04-18T10:53:00+00:00\",\"breadcrumb\":{\"@id\":\"https:\\\/\\\/weightlossmedssales.com\\\/product\\\/suboxone-piller-n8\\\/#breadcrumb\"},\"inLanguage\":\"nb-NO\",\"potentialAction\":[{\"@type\":\"ReadAction\",\"target\":[\"https:\\\/\\\/weightlossmedssales.com\\\/product\\\/suboxone-piller-n8\\\/\"]}]},{\"@type\":\"ImageObject\",\"inLanguage\":\"nb-NO\",\"@id\":\"https:\\\/\\\/weightlossmedssales.com\\\/product\\\/suboxone-piller-n8\\\/#primaryimage\",\"url\":\"https:\\\/\\\/weightlossmedssales.com\\\/wp-content\\\/uploads\\\/2025\\\/04\\\/DrugItem_12029-e1650978498733.webp\",\"contentUrl\":\"https:\\\/\\\/weightlossmedssales.com\\\/wp-content\\\/uploads\\\/2025\\\/04\\\/DrugItem_12029-e1650978498733.webp\",\"width\":591,\"height\":387},{\"@type\":\"BreadcrumbList\",\"@id\":\"https:\\\/\\\/weightlossmedssales.com\\\/product\\\/suboxone-piller-n8\\\/#breadcrumb\",\"itemListElement\":[{\"@type\":\"ListItem\",\"position\":1,\"name\":\"Home\",\"item\":\"https:\\\/\\\/weightlossmedssales.com\\\/no\\\/hjem\\\/\"},{\"@type\":\"ListItem\",\"position\":2,\"name\":\"Shop\",\"item\":\"https:\\\/\\\/weightlossmedssales.com\\\/shop\\\/\"},{\"@type\":\"ListItem\",\"position\":3,\"name\":\"Suboxone Piller N8\"}]},{\"@type\":\"WebSite\",\"@id\":\"https:\\\/\\\/weightlossmedssales.com\\\/#website\",\"url\":\"https:\\\/\\\/weightlossmedssales.com\\\/\",\"name\":\"Family Healthcare Pharmacy\",\"description\":\"Weight Loss Medicines\",\"potentialAction\":[{\"@type\":\"SearchAction\",\"target\":{\"@type\":\"EntryPoint\",\"urlTemplate\":\"https:\\\/\\\/weightlossmedssales.com\\\/?s={search_term_string}\"},\"query-input\":{\"@type\":\"PropertyValueSpecification\",\"valueRequired\":true,\"valueName\":\"search_term_string\"}}],\"inLanguage\":\"nb-NO\"}]}<\/script>\n<meta property=\"product:price:amount\" content=\"3.00\" \/>\n<meta property=\"product:price:currency\" content=\"USD\" \/>\n<meta property=\"og:availability\" content=\"instock\" \/>\n<meta property=\"product:availability\" content=\"instock\" \/>\n<meta property=\"product:condition\" content=\"new\" \/>\n<!-- \/ Yoast SEO Premium plugin. -->","yoast_head_json":{"title":"Suboxone Piller N8 - Family Healthcare Pharmacy","robots":{"index":"index","follow":"follow","max-snippet":"max-snippet:-1","max-image-preview":"max-image-preview:large","max-video-preview":"max-video-preview:-1"},"canonical":"https:\/\/weightlossmedssales.com\/product\/suboxone-piller-n8\/","og_locale":"nb_NO","og_type":"article","og_title":"Suboxone Piller N8","og_description":"Suboxone piller til salgs Suboxone eller Buprenorphine\/naloxone er en kombinasjon av opioidmedisiner som fungerer godt for \u00e5 behandle opioidavhengighet. Den fungerer best n\u00e5r den brukes sammen med r\u00e5dgivning og psykisk helsehjelp. Medisinen er tilgjengelig som en tablett eller film som enten l\u00f8ses opp under tungen eller mot innsiden av kinnet. VANLIGE MERKER Suboxone, Zubsolv, Bunavail ...","og_url":"https:\/\/weightlossmedssales.com\/product\/suboxone-piller-n8\/","og_site_name":"Family Healthcare Pharmacy","twitter_card":"summary_large_image","twitter_misc":{"Pris":"&#36;3.00","Tilgjengelighet":"P\u00e5 lager"},"schema":{"@context":"https:\/\/schema.org","@graph":[{"@type":"WebPage","@id":"https:\/\/weightlossmedssales.com\/product\/suboxone-piller-n8\/","url":"https:\/\/weightlossmedssales.com\/product\/suboxone-piller-n8\/","name":"Suboxone Piller N8 - Family Healthcare Pharmacy","isPartOf":{"@id":"https:\/\/weightlossmedssales.com\/#website"},"primaryImageOfPage":{"@id":"https:\/\/weightlossmedssales.com\/product\/suboxone-piller-n8\/#primaryimage"},"image":{"@id":"https:\/\/weightlossmedssales.com\/product\/suboxone-piller-n8\/#primaryimage"},"thumbnailUrl":"https:\/\/weightlossmedssales.com\/wp-content\/uploads\/2025\/04\/DrugItem_12029-e1650978498733.webp","datePublished":"2025-04-18T10:53:00+00:00","breadcrumb":{"@id":"https:\/\/weightlossmedssales.com\/product\/suboxone-piller-n8\/#breadcrumb"},"inLanguage":"nb-NO","potentialAction":[{"@type":"ReadAction","target":["https:\/\/weightlossmedssales.com\/product\/suboxone-piller-n8\/"]}]},{"@type":"ImageObject","inLanguage":"nb-NO","@id":"https:\/\/weightlossmedssales.com\/product\/suboxone-piller-n8\/#primaryimage","url":"https:\/\/weightlossmedssales.com\/wp-content\/uploads\/2025\/04\/DrugItem_12029-e1650978498733.webp","contentUrl":"https:\/\/weightlossmedssales.com\/wp-content\/uploads\/2025\/04\/DrugItem_12029-e1650978498733.webp","width":591,"height":387},{"@type":"BreadcrumbList","@id":"https:\/\/weightlossmedssales.com\/product\/suboxone-piller-n8\/#breadcrumb","itemListElement":[{"@type":"ListItem","position":1,"name":"Home","item":"https:\/\/weightlossmedssales.com\/no\/hjem\/"},{"@type":"ListItem","position":2,"name":"Shop","item":"https:\/\/weightlossmedssales.com\/shop\/"},{"@type":"ListItem","position":3,"name":"Suboxone Piller N8"}]},{"@type":"WebSite","@id":"https:\/\/weightlossmedssales.com\/#website","url":"https:\/\/weightlossmedssales.com\/","name":"Family Healthcare Pharmacy","description":"Weight Loss Medicines","potentialAction":[{"@type":"SearchAction","target":{"@type":"EntryPoint","urlTemplate":"https:\/\/weightlossmedssales.com\/?s={search_term_string}"},"query-input":{"@type":"PropertyValueSpecification","valueRequired":true,"valueName":"search_term_string"}}],"inLanguage":"nb-NO"}]},"product_price_amount":"3.00","product_price_currency":"USD","og_availability":"instock","product_availability":"instock","product_condition":"new"},"_links":{"self":[{"href":"https:\/\/weightlossmedssales.com\/no\/wp-json\/wp\/v2\/product\/2189","targetHints":{"allow":["GET"]}}],"collection":[{"href":"https:\/\/weightlossmedssales.com\/no\/wp-json\/wp\/v2\/product"}],"about":[{"href":"https:\/\/weightlossmedssales.com\/no\/wp-json\/wp\/v2\/types\/product"}],"replies":[{"embeddable":true,"href":"https:\/\/weightlossmedssales.com\/no\/wp-json\/wp\/v2\/comments?post=2189"}],"version-history":[{"count":0,"href":"https:\/\/weightlossmedssales.com\/no\/wp-json\/wp\/v2\/product\/2189\/revisions"}],"wp:featuredmedia":[{"embeddable":true,"href":"https:\/\/weightlossmedssales.com\/no\/wp-json\/wp\/v2\/media\/2124"}],"wp:attachment":[{"href":"https:\/\/weightlossmedssales.com\/no\/wp-json\/wp\/v2\/media?parent=2189"}],"wp:term":[{"taxonomy":"product_brand","embeddable":true,"href":"https:\/\/weightlossmedssales.com\/no\/wp-json\/wp\/v2\/product_brand?post=2189"},{"taxonomy":"product_cat","embeddable":true,"href":"https:\/\/weightlossmedssales.com\/no\/wp-json\/wp\/v2\/product_cat?post=2189"},{"taxonomy":"product_tag","embeddable":true,"href":"https:\/\/weightlossmedssales.com\/no\/wp-json\/wp\/v2\/product_tag?post=2189"}],"curies":[{"name":"wp","href":"https:\/\/api.w.org\/{rel}","templated":true}]}}