{"id":2191,"date":"2025-04-18T10:53:00","date_gmt":"2025-04-18T10:53:00","guid":{"rendered":"https:\/\/weightlossmedssales.com\/product\/adderall-xr-15-mg\/"},"modified":"2025-04-18T10:53:00","modified_gmt":"2025-04-18T10:53:00","slug":"adderall-xr-15-mg","status":"publish","type":"product","link":"https:\/\/weightlossmedssales.com\/no\/product\/adderall-xr-15-mg\/","title":{"rendered":"Adderall XR 15 mg"},"content":{"rendered":"<h1>Adderall XR 15 mg til salgs<\/h1>\n<p>Adderall XR brukes til \u00e5 behandle <a class=\"text-primary hover:text-simple-link-hover\" href=\"https:\/\/www.goodrx.com\/conditions\/adhd\" target=\"_self\" rel=\"noopener\" data-qa=\"DSM-Link\" data-location=\"Content\" data-type=\"body-copy-group\" data-url=\"https:\/\/www.goodrx.com\/conditions\/adhd\" data-content=\"attention-deficit\/hyperactivity disorder (ADHD)\" data-content-id=\"50c5506f-1d16-45b2-9f46-dc5a49876e14\" data-content-category=\"\" data-content-category-id=\"basics\" data-content-position=\"1\">oppmerksomhetsunderskudd\/hyperaktivitetsforstyrrelse (ADHD).<\/a> Som sentralstimulerende middel kan det f\u00f8re til s\u00f8vnvansker. Det har ogs\u00e5 en h\u00f8y risiko for misbruk og avhengighet.  <\/p>\n<div class=\"my-section-child last:mb-0 max-w-content mx-auto px-component-2 px-section-child\" data-qa=\"DSM-SectionChild\">\n<div data-qa=\"BodyCopy\">\n<div class=\"last-child-margin-reset text-component-2 break-words\">\n<h3 class=\"text-align-generic-title lg:text-generic-title text-generic-title font-generic-title-mobile lg:font-generic-title leading-component-1 font-component-1 mb-component-3\">Hvordan Adderall XR fungerer<\/h3>\n<p class=\"mb-component-1\">Adderall XR er et sentralstimulerende middel. Det virker i hjernen for \u00e5 \u00f8ke niv\u00e5ene av noradrenalin og dopamin. Noradrenalin og dopamin er kjemikalier i hjernen som forbedrer oppmerksomhet, \u00e5rv\u00e5kenhet og atferd.  <\/p>\n<\/div>\n<\/div>\n<\/div>\n<div class=\"my-section-child last:mb-0 max-w-content mx-auto px-component-2 px-section-child\" data-qa=\"DSM-SectionChild\">\n<div data-qa=\"BodyCopy\">\n<div class=\"last-child-margin-reset text-component-2 break-words\">\n<h3 class=\"text-align-generic-title lg:text-generic-title text-generic-title font-generic-title-mobile lg:font-generic-title leading-component-1 font-component-1 mb-component-3\">Hva brukes Adderall XR til?<\/h3>\n<ul class=\"list-disc my-component-4\">\n<li class=\"mb-component-2 ml-bulleted-list\">Oppmerksomhetsunderskudd\/hyperaktivitetsforstyrrelse (ADHD)<\/li>\n<\/ul>\n<\/div>\n<\/div>\n<\/div>\n<div class=\"relative flex items-center cursor-pointer outline-none py-faq-gallery\" tabindex=\"0\" role=\"button\" aria-expanded=\"true\" aria-controls=\"faq-answer-3cdfa2c2-8b40-448a-b1da-8542376e9562\">\n<p class=\"text-component-2 text-primary font-bold\">Er Adderall XR trygt under graviditet?<\/p>\n<\/div>\n<div id=\"faq-answer-3cdfa2c2-8b40-448a-b1da-8542376e9562\" class=\"ml-6\" data-qa=\"faq-answer-3cdfa2c2-8b40-448a-b1da-8542376e9562\">\n<div class=\"mb-component-3 text-component-2\">\n<div class=\"break-words\">\n<p class=\"mb-component-1\">Adderall XR kan for\u00e5rsake skade p\u00e5 det uf\u00f8dte barnet ditt, s\u00e5 la leverand\u00f8ren din vite om du er gravid eller planlegger \u00e5 bli gravid f\u00f8r du tar denne medisinen. Hvis du tar Adderall XR under graviditet, kan du bes\u00f8ke nettstedet <a class=\"text-primary hover:text-simple-link-hover\" href=\"https:\/\/womensmentalhealth.org\/research\/pregnancyregistry\/\" target=\"_blank\" rel=\"noopener noreferrer\" data-qa=\"DSM-Link\" data-url=\"https:\/\/womensmentalhealth.org\/research\/pregnancyregistry\/\" data-content=\"National Pregnancy Registry for Psychiatric Medications\">National Pregnancy Registry for Psychiatric Medications<\/a> eller ringe 1-866-961-2388 for \u00e5 registrere deg i et svangerskapsregister som kan overv\u00e5ke deg og babyens helse. <\/p>\n<h2 class=\"max-w-content mx-auto lg:text-section-title text-section-title-mobile font-section-title font-2 leading-component-1 mb-section-title text-align-section-title border-b-2 border-section-title-underline py-section-title px-component-2\" data-qa=\"sectionTitle\">Fordeler og ulemper med Adderall XR<\/h2>\n<div class=\"my-section-child last:mb-0 max-w-content mx-auto px-component-2 px-section-child\" data-qa=\"DSM-SectionChild\">\n<div class=\"flex-none md:flex md:flex-row mt-component-5\" data-qa=\"ColumnContainer\">\n<div class=\"flex-1 md:w-1\/2 mb-component-1 md:mr-column\">\n<div data-qa=\"BodyCopy\">\n<div class=\"last-child-margin-reset text-component-2 break-words\">\n<h3 class=\"text-align-generic-title lg:text-generic-title text-generic-title font-generic-title-mobile lg:font-generic-title leading-component-1 font-component-1 mb-component-3\">Fordeler<\/h3>\n<p class=\"flex mb-component-1\"><span class=\"flex-none\"><span class=\"my-1 w-full flex justify-center items-start\"><img decoding=\"async\" class=\"max-w-full align-self flex-none\" src=\"https:\/\/images.ctfassets.net\/4f3rgqwzdznj\/3OMQOAV7nUlvvi0Gy3VSB5\/d8da38efd8fa4c5a2e0e363a6e7c169d\/icon-thumb-up_copy_5.png\" alt=\"Tommelen opp\"><\/span><\/span><span class=\"px-4 my-auto\">Tas en gang om dagen om morgenen<\/span><\/p>\n<p class=\"flex mb-component-1\"><span class=\"flex-none\"><span class=\"my-1 w-full flex justify-center items-start\"><img decoding=\"async\" class=\"max-w-full align-self flex-none\" src=\"https:\/\/images.ctfassets.net\/4f3rgqwzdznj\/3OMQOAV7nUlvvi0Gy3VSB5\/d8da38efd8fa4c5a2e0e363a6e7c169d\/icon-thumb-up_copy_5.png\" alt=\"Tommelen opp\"><\/span><\/span><span class=\"px-4 my-auto\">Begynner \u00e5 virke i l\u00f8pet av timer etter inntak<\/span><\/p>\n<p class=\"flex mb-component-1\"><span class=\"flex-none\"><span class=\"my-1 w-full flex justify-center items-start\"><img decoding=\"async\" class=\"max-w-full align-self flex-none\" src=\"https:\/\/images.ctfassets.net\/4f3rgqwzdznj\/3OMQOAV7nUlvvi0Gy3VSB5\/d8da38efd8fa4c5a2e0e363a6e7c169d\/icon-thumb-up_copy_5.png\" alt=\"Tommelen opp\"><\/span><\/span><span class=\"px-4 my-auto\">Tilgjengelig som et rimeligere generisk legemiddel<\/span><\/p>\n<p class=\"flex mb-component-1\"><span class=\"flex-none\"><span class=\"my-1 w-full flex justify-center items-start\"><img decoding=\"async\" class=\"max-w-full align-self flex-none\" src=\"https:\/\/images.ctfassets.net\/4f3rgqwzdznj\/3OMQOAV7nUlvvi0Gy3VSB5\/d8da38efd8fa4c5a2e0e363a6e7c169d\/icon-thumb-up_copy_5.png\" alt=\"Tommelen opp\"><\/span><\/span><span class=\"px-4 my-auto\">Kan \u00e5pnes og blandes med eplesaus hvis du har problemer med \u00e5 svelge medisiner<\/span><\/p>\n<\/div>\n<\/div>\n<\/div>\n<div class=\"flex-1 md:w-1\/2 md:ml-column\">\n<div data-qa=\"BodyCopy\">\n<div class=\"last-child-margin-reset text-component-2 break-words\">\n<h3 class=\"text-align-generic-title lg:text-generic-title text-generic-title font-generic-title-mobile lg:font-generic-title leading-component-1 font-component-1 mb-component-3\">Ulemper<\/h3>\n<p class=\"flex mb-component-1\"><span class=\"flex-none\"><span class=\"my-1 w-full flex justify-center items-start\"><img decoding=\"async\" class=\"max-w-full align-self flex-none\" src=\"https:\/\/images.ctfassets.net\/4f3rgqwzdznj\/2HmHEpsr7tYBzFZtvBXcfm\/9756c9f9119331376e20d78a6bfbc4d0\/icon-thumb-down.png\" alt=\"Tommelen ned\"><\/span><\/span><span class=\"px-4 my-auto\">Er et kontrollert medikament som har h\u00f8y risiko for misbruk og avhengighet<\/span><\/p>\n<p class=\"flex mb-component-1\"><span class=\"flex-none\"><span class=\"my-1 w-full flex justify-center items-start\"><img decoding=\"async\" class=\"max-w-full align-self flex-none\" src=\"https:\/\/images.ctfassets.net\/4f3rgqwzdznj\/2HmHEpsr7tYBzFZtvBXcfm\/9756c9f9119331376e20d78a6bfbc4d0\/icon-thumb-down.png\" alt=\"Tommelen ned\"><\/span><\/span><span class=\"px-4 my-auto\">Kan v\u00e6re vanedannende, s\u00e5 s\u00f8rg for at du bare bruker det som foreskrevet<\/span><\/p>\n<p class=\"flex mb-component-1\"><span class=\"flex-none\"><span class=\"my-1 w-full flex justify-center items-start\"><img decoding=\"async\" class=\"max-w-full align-self flex-none\" src=\"https:\/\/images.ctfassets.net\/4f3rgqwzdznj\/2HmHEpsr7tYBzFZtvBXcfm\/9756c9f9119331376e20d78a6bfbc4d0\/icon-thumb-down.png\" alt=\"Tommelen ned\"><\/span><\/span><span class=\"px-4 my-auto\">Ikke trygt for personer med tidligere hjerteproblemer<\/span><\/p>\n<p class=\"flex mb-component-1\"><span class=\"flex-none\"><span class=\"my-1 w-full flex justify-center items-start\"><img decoding=\"async\" class=\"max-w-full align-self flex-none\" src=\"https:\/\/images.ctfassets.net\/4f3rgqwzdznj\/2HmHEpsr7tYBzFZtvBXcfm\/9756c9f9119331376e20d78a6bfbc4d0\/icon-thumb-down.png\" alt=\"Tommelen ned\"><\/span><\/span><span class=\"px-4 my-auto\">Mydayis-merket kan ikke tas hos barn yngre enn 13 \u00e5r<\/span><\/p>\n<\/div>\n<\/div>\n<\/div>\n<\/div>\n<\/div>\n<\/div>\n<\/div>\n<\/div>\n","protected":false},"excerpt":{"rendered":"<p>Adderall XR 15 mg til salgs Adderall XR brukes til \u00e5 behandle oppmerksomhetsunderskudd\/hyperaktivitetsforstyrrelse (ADHD). Som sentralstimulerende middel kan det f\u00f8re til s\u00f8vnvansker. Det har ogs\u00e5 en h\u00f8y risiko for misbruk og avhengighet. Hvordan Adderall XR fungerer Adderall XR er et sentralstimulerende middel. Det virker i hjernen for \u00e5 \u00f8ke niv\u00e5ene av noradrenalin og dopamin. Noradrenalin &#8230;<\/p>\n","protected":false},"featured_media":2129,"menu_order":0,"comment_status":"open","ping_status":"closed","template":"","meta":[],"product_brand":[],"product_cat":[248],"product_tag":[],"class_list":{"0":"post-2191","1":"product","2":"type-product","3":"status-publish","4":"has-post-thumbnail","6":"product_cat-kjop-adderall-pa-nett","8":"first","9":"instock","10":"shipping-taxable","11":"purchasable","12":"product-type-simple"},"yoast_head":"<!-- This site is optimized with the Yoast SEO Premium plugin v23.3 (Yoast SEO v27.4) - https:\/\/yoast.com\/product\/yoast-seo-premium-wordpress\/ -->\n<title>Adderall XR 15 mg - Family Healthcare Pharmacy<\/title>\n<meta name=\"robots\" content=\"index, follow, max-snippet:-1, max-image-preview:large, max-video-preview:-1\" \/>\n<link rel=\"canonical\" href=\"https:\/\/weightlossmedssales.com\/product\/adderall-xr-15-mg\/\" \/>\n<meta property=\"og:locale\" content=\"nb_NO\" \/>\n<meta property=\"og:type\" content=\"article\" \/>\n<meta property=\"og:title\" content=\"Adderall XR 15 mg\" \/>\n<meta property=\"og:description\" content=\"Adderall XR 15 mg til salgs Adderall XR brukes til \u00e5 behandle oppmerksomhetsunderskudd\/hyperaktivitetsforstyrrelse (ADHD). Som sentralstimulerende middel kan det f\u00f8re til s\u00f8vnvansker. Det har ogs\u00e5 en h\u00f8y risiko for misbruk og avhengighet. Hvordan Adderall XR fungerer Adderall XR er et sentralstimulerende middel. Det virker i hjernen for \u00e5 \u00f8ke niv\u00e5ene av noradrenalin og dopamin. Noradrenalin ...\" \/>\n<meta property=\"og:url\" content=\"https:\/\/weightlossmedssales.com\/product\/adderall-xr-15-mg\/\" \/>\n<meta property=\"og:site_name\" content=\"Family Healthcare Pharmacy\" \/>\n<meta property=\"og:image\" content=\"https:\/\/images.ctfassets.net\/4f3rgqwzdznj\/3OMQOAV7nUlvvi0Gy3VSB5\/d8da38efd8fa4c5a2e0e363a6e7c169d\/icon-thumb-up_copy_5.png\" \/>\n<meta name=\"twitter:card\" content=\"summary_large_image\" \/>\n<meta name=\"twitter:label1\" content=\"Pris\" \/>\n\t<meta name=\"twitter:data1\" content=\"&#036;3.00\" \/>\n\t<meta name=\"twitter:label2\" content=\"Tilgjengelighet\" \/>\n\t<meta name=\"twitter:data2\" content=\"P\u00e5 lager\" \/>\n<script type=\"application\/ld+json\" class=\"yoast-schema-graph\">{\"@context\":\"https:\\\/\\\/schema.org\",\"@graph\":[{\"@type\":\"WebPage\",\"@id\":\"https:\\\/\\\/weightlossmedssales.com\\\/product\\\/adderall-xr-15-mg\\\/\",\"url\":\"https:\\\/\\\/weightlossmedssales.com\\\/product\\\/adderall-xr-15-mg\\\/\",\"name\":\"Adderall XR 15 mg - Family Healthcare Pharmacy\",\"isPartOf\":{\"@id\":\"https:\\\/\\\/weightlossmedssales.com\\\/#website\"},\"primaryImageOfPage\":{\"@id\":\"https:\\\/\\\/weightlossmedssales.com\\\/product\\\/adderall-xr-15-mg\\\/#primaryimage\"},\"image\":{\"@id\":\"https:\\\/\\\/weightlossmedssales.com\\\/product\\\/adderall-xr-15-mg\\\/#primaryimage\"},\"thumbnailUrl\":\"https:\\\/\\\/weightlossmedssales.com\\\/wp-content\\\/uploads\\\/2025\\\/04\\\/Adderall-30-Mg-xr.jpeg\",\"datePublished\":\"2025-04-18T10:53:00+00:00\",\"breadcrumb\":{\"@id\":\"https:\\\/\\\/weightlossmedssales.com\\\/product\\\/adderall-xr-15-mg\\\/#breadcrumb\"},\"inLanguage\":\"nb-NO\",\"potentialAction\":[{\"@type\":\"ReadAction\",\"target\":[\"https:\\\/\\\/weightlossmedssales.com\\\/product\\\/adderall-xr-15-mg\\\/\"]}]},{\"@type\":\"ImageObject\",\"inLanguage\":\"nb-NO\",\"@id\":\"https:\\\/\\\/weightlossmedssales.com\\\/product\\\/adderall-xr-15-mg\\\/#primaryimage\",\"url\":\"https:\\\/\\\/weightlossmedssales.com\\\/wp-content\\\/uploads\\\/2025\\\/04\\\/Adderall-30-Mg-xr.jpeg\",\"contentUrl\":\"https:\\\/\\\/weightlossmedssales.com\\\/wp-content\\\/uploads\\\/2025\\\/04\\\/Adderall-30-Mg-xr.jpeg\",\"width\":300,\"height\":300},{\"@type\":\"BreadcrumbList\",\"@id\":\"https:\\\/\\\/weightlossmedssales.com\\\/product\\\/adderall-xr-15-mg\\\/#breadcrumb\",\"itemListElement\":[{\"@type\":\"ListItem\",\"position\":1,\"name\":\"Home\",\"item\":\"https:\\\/\\\/weightlossmedssales.com\\\/no\\\/hjem\\\/\"},{\"@type\":\"ListItem\",\"position\":2,\"name\":\"Shop\",\"item\":\"https:\\\/\\\/weightlossmedssales.com\\\/shop\\\/\"},{\"@type\":\"ListItem\",\"position\":3,\"name\":\"Adderall XR 15 mg\"}]},{\"@type\":\"WebSite\",\"@id\":\"https:\\\/\\\/weightlossmedssales.com\\\/#website\",\"url\":\"https:\\\/\\\/weightlossmedssales.com\\\/\",\"name\":\"Family Healthcare Pharmacy\",\"description\":\"Weight Loss Medicines\",\"potentialAction\":[{\"@type\":\"SearchAction\",\"target\":{\"@type\":\"EntryPoint\",\"urlTemplate\":\"https:\\\/\\\/weightlossmedssales.com\\\/?s={search_term_string}\"},\"query-input\":{\"@type\":\"PropertyValueSpecification\",\"valueRequired\":true,\"valueName\":\"search_term_string\"}}],\"inLanguage\":\"nb-NO\"}]}<\/script>\n<meta property=\"product:price:amount\" content=\"3.00\" \/>\n<meta property=\"product:price:currency\" content=\"USD\" \/>\n<meta property=\"og:availability\" content=\"instock\" \/>\n<meta property=\"product:availability\" content=\"instock\" \/>\n<meta property=\"product:condition\" content=\"new\" \/>\n<!-- \/ Yoast SEO Premium plugin. -->","yoast_head_json":{"title":"Adderall XR 15 mg - Family Healthcare Pharmacy","robots":{"index":"index","follow":"follow","max-snippet":"max-snippet:-1","max-image-preview":"max-image-preview:large","max-video-preview":"max-video-preview:-1"},"canonical":"https:\/\/weightlossmedssales.com\/product\/adderall-xr-15-mg\/","og_locale":"nb_NO","og_type":"article","og_title":"Adderall XR 15 mg","og_description":"Adderall XR 15 mg til salgs Adderall XR brukes til \u00e5 behandle oppmerksomhetsunderskudd\/hyperaktivitetsforstyrrelse (ADHD). Som sentralstimulerende middel kan det f\u00f8re til s\u00f8vnvansker. Det har ogs\u00e5 en h\u00f8y risiko for misbruk og avhengighet. Hvordan Adderall XR fungerer Adderall XR er et sentralstimulerende middel. Det virker i hjernen for \u00e5 \u00f8ke niv\u00e5ene av noradrenalin og dopamin. Noradrenalin ...","og_url":"https:\/\/weightlossmedssales.com\/product\/adderall-xr-15-mg\/","og_site_name":"Family Healthcare Pharmacy","og_image":[{"url":"https:\/\/images.ctfassets.net\/4f3rgqwzdznj\/3OMQOAV7nUlvvi0Gy3VSB5\/d8da38efd8fa4c5a2e0e363a6e7c169d\/icon-thumb-up_copy_5.png","type":"","width":"","height":""}],"twitter_card":"summary_large_image","twitter_misc":{"Pris":"&#36;3.00","Tilgjengelighet":"P\u00e5 lager"},"schema":{"@context":"https:\/\/schema.org","@graph":[{"@type":"WebPage","@id":"https:\/\/weightlossmedssales.com\/product\/adderall-xr-15-mg\/","url":"https:\/\/weightlossmedssales.com\/product\/adderall-xr-15-mg\/","name":"Adderall XR 15 mg - Family Healthcare Pharmacy","isPartOf":{"@id":"https:\/\/weightlossmedssales.com\/#website"},"primaryImageOfPage":{"@id":"https:\/\/weightlossmedssales.com\/product\/adderall-xr-15-mg\/#primaryimage"},"image":{"@id":"https:\/\/weightlossmedssales.com\/product\/adderall-xr-15-mg\/#primaryimage"},"thumbnailUrl":"https:\/\/weightlossmedssales.com\/wp-content\/uploads\/2025\/04\/Adderall-30-Mg-xr.jpeg","datePublished":"2025-04-18T10:53:00+00:00","breadcrumb":{"@id":"https:\/\/weightlossmedssales.com\/product\/adderall-xr-15-mg\/#breadcrumb"},"inLanguage":"nb-NO","potentialAction":[{"@type":"ReadAction","target":["https:\/\/weightlossmedssales.com\/product\/adderall-xr-15-mg\/"]}]},{"@type":"ImageObject","inLanguage":"nb-NO","@id":"https:\/\/weightlossmedssales.com\/product\/adderall-xr-15-mg\/#primaryimage","url":"https:\/\/weightlossmedssales.com\/wp-content\/uploads\/2025\/04\/Adderall-30-Mg-xr.jpeg","contentUrl":"https:\/\/weightlossmedssales.com\/wp-content\/uploads\/2025\/04\/Adderall-30-Mg-xr.jpeg","width":300,"height":300},{"@type":"BreadcrumbList","@id":"https:\/\/weightlossmedssales.com\/product\/adderall-xr-15-mg\/#breadcrumb","itemListElement":[{"@type":"ListItem","position":1,"name":"Home","item":"https:\/\/weightlossmedssales.com\/no\/hjem\/"},{"@type":"ListItem","position":2,"name":"Shop","item":"https:\/\/weightlossmedssales.com\/shop\/"},{"@type":"ListItem","position":3,"name":"Adderall XR 15 mg"}]},{"@type":"WebSite","@id":"https:\/\/weightlossmedssales.com\/#website","url":"https:\/\/weightlossmedssales.com\/","name":"Family Healthcare Pharmacy","description":"Weight Loss Medicines","potentialAction":[{"@type":"SearchAction","target":{"@type":"EntryPoint","urlTemplate":"https:\/\/weightlossmedssales.com\/?s={search_term_string}"},"query-input":{"@type":"PropertyValueSpecification","valueRequired":true,"valueName":"search_term_string"}}],"inLanguage":"nb-NO"}]},"product_price_amount":"3.00","product_price_currency":"USD","og_availability":"instock","product_availability":"instock","product_condition":"new"},"_links":{"self":[{"href":"https:\/\/weightlossmedssales.com\/no\/wp-json\/wp\/v2\/product\/2191","targetHints":{"allow":["GET"]}}],"collection":[{"href":"https:\/\/weightlossmedssales.com\/no\/wp-json\/wp\/v2\/product"}],"about":[{"href":"https:\/\/weightlossmedssales.com\/no\/wp-json\/wp\/v2\/types\/product"}],"replies":[{"embeddable":true,"href":"https:\/\/weightlossmedssales.com\/no\/wp-json\/wp\/v2\/comments?post=2191"}],"version-history":[{"count":0,"href":"https:\/\/weightlossmedssales.com\/no\/wp-json\/wp\/v2\/product\/2191\/revisions"}],"wp:featuredmedia":[{"embeddable":true,"href":"https:\/\/weightlossmedssales.com\/no\/wp-json\/wp\/v2\/media\/2129"}],"wp:attachment":[{"href":"https:\/\/weightlossmedssales.com\/no\/wp-json\/wp\/v2\/media?parent=2191"}],"wp:term":[{"taxonomy":"product_brand","embeddable":true,"href":"https:\/\/weightlossmedssales.com\/no\/wp-json\/wp\/v2\/product_brand?post=2191"},{"taxonomy":"product_cat","embeddable":true,"href":"https:\/\/weightlossmedssales.com\/no\/wp-json\/wp\/v2\/product_cat?post=2191"},{"taxonomy":"product_tag","embeddable":true,"href":"https:\/\/weightlossmedssales.com\/no\/wp-json\/wp\/v2\/product_tag?post=2191"}],"curies":[{"name":"wp","href":"https:\/\/api.w.org\/{rel}","templated":true}]}}