{"id":1642,"date":"2022-06-24T03:35:24","date_gmt":"2022-06-24T03:35:24","guid":{"rendered":"https:\/\/weightlossmedssales.com\/exempel-pa-sida\/"},"modified":"2022-06-24T03:35:24","modified_gmt":"2022-06-24T03:35:24","slug":"exempel-pa-sida","status":"publish","type":"page","link":"https:\/\/weightlossmedssales.com\/sv\/exempel-pa-sida\/","title":{"rendered":"Exempel p\u00e5 sida"},"content":{"rendered":"\n<p>Detta \u00e4r en exempelsida. Det skiljer sig fr\u00e5n ett blogginl\u00e4gg eftersom det kommer att ligga kvar p\u00e5 ett st\u00e4lle och visas i webbplatsnavigeringen (i de flesta teman). De flesta b\u00f6rjar med en &#8221;Om&#8221;-sida som presenterar dem f\u00f6r potentiella bes\u00f6kare. Det kan st\u00e5 n\u00e5got i stil med detta:<\/p>\n\n\n\n<blockquote class=\"wp-block-quote is-layout-flow wp-block-quote-is-layout-flow\"><p>Hej p\u00e5 er! Jag \u00e4r cykelbud p\u00e5 dagen, blivande sk\u00e5despelare p\u00e5 natten och det h\u00e4r \u00e4r min webbplats. Jag bor i Los Angeles, har en fantastisk hund som heter Jack och jag gillar pi\u00f1a coladas. (Och att fastna i regnet.)<\/p><\/blockquote>\n\n\n\n<p>&#8230;eller n\u00e5got i den stilen:<\/p>\n\n\n\n<blockquote class=\"wp-block-quote is-layout-flow wp-block-quote-is-layout-flow\"><p>XYZ Doohickey Company grundades 1971 och har sedan dess tillhandah\u00e5llit kvalitetsdoohickeys till allm\u00e4nheten. XYZ ligger i Gotham City och syssels\u00e4tter \u00f6ver 2 000 personer och g\u00f6r alla m\u00f6jliga fantastiska saker f\u00f6r Gotham-samh\u00e4llet.<\/p><\/blockquote>\n\n\n\n<p>Som ny WordPress-anv\u00e4ndare b\u00f6r du g\u00e5 till <a href=\"https:\/\/weightlossmedssales.com\/wp-admin\/\">din instrumentpanel<\/a> f\u00f6r att ta bort den h\u00e4r sidan och skapa nya sidor f\u00f6r ditt inneh\u00e5ll. Ha det s\u00e5 kul!<\/p>\n","protected":false},"excerpt":{"rendered":"<p>Detta \u00e4r en exempelsida. Det skiljer sig fr\u00e5n ett blogginl\u00e4gg eftersom det kommer att ligga kvar p\u00e5 ett st\u00e4lle och visas i webbplatsnavigeringen (i de flesta teman). De flesta b\u00f6rjar med en &#8221;Om&#8221;-sida som presenterar dem f\u00f6r potentiella bes\u00f6kare. Det kan st\u00e5 n\u00e5got i stil med detta: Hej p\u00e5 er! Jag \u00e4r cykelbud p\u00e5 dagen, &#8230;<\/p>\n","protected":false},"author":1,"featured_media":0,"parent":0,"menu_order":0,"comment_status":"closed","ping_status":"open","template":"","meta":{"footnotes":""},"class_list":["post-1642","page","type-page","status-publish","hentry"],"yoast_head":"<!-- This site is optimized with the Yoast SEO Premium plugin v23.3 (Yoast SEO v27.4) - https:\/\/yoast.com\/product\/yoast-seo-premium-wordpress\/ -->\n<title>Exempel p\u00e5 sida - Family Healthcare Pharmacy<\/title>\n<meta name=\"robots\" content=\"index, follow, max-snippet:-1, max-image-preview:large, max-video-preview:-1\" \/>\n<link rel=\"canonical\" href=\"https:\/\/weightlossmedssales.com\/exempel-pa-sida\/\" \/>\n<meta property=\"og:locale\" content=\"sv_SE\" \/>\n<meta property=\"og:type\" content=\"article\" \/>\n<meta property=\"og:title\" content=\"Exempel p\u00e5 sida\" \/>\n<meta property=\"og:description\" content=\"Detta \u00e4r en exempelsida. Det skiljer sig fr\u00e5n ett blogginl\u00e4gg eftersom det kommer att ligga kvar p\u00e5 ett st\u00e4lle och visas i webbplatsnavigeringen (i de flesta teman). De flesta b\u00f6rjar med en &#8221;Om&#8221;-sida som presenterar dem f\u00f6r potentiella bes\u00f6kare. Det kan st\u00e5 n\u00e5got i stil med detta: Hej p\u00e5 er! Jag \u00e4r cykelbud p\u00e5 dagen, ...\" \/>\n<meta property=\"og:url\" content=\"https:\/\/weightlossmedssales.com\/exempel-pa-sida\/\" \/>\n<meta property=\"og:site_name\" content=\"Family Healthcare Pharmacy\" \/>\n<meta name=\"twitter:card\" content=\"summary_large_image\" \/>\n<meta name=\"twitter:label1\" content=\"Ber\u00e4knad l\u00e4stid\" \/>\n\t<meta name=\"twitter:data1\" content=\"1 minut\" \/>\n<script type=\"application\/ld+json\" class=\"yoast-schema-graph\">{\"@context\":\"https:\\\/\\\/schema.org\",\"@graph\":[{\"@type\":\"WebPage\",\"@id\":\"https:\\\/\\\/weightlossmedssales.com\\\/exempel-pa-sida\\\/\",\"url\":\"https:\\\/\\\/weightlossmedssales.com\\\/exempel-pa-sida\\\/\",\"name\":\"Exempel p\u00e5 sida - Family Healthcare Pharmacy\",\"isPartOf\":{\"@id\":\"https:\\\/\\\/weightlossmedssales.com\\\/#website\"},\"datePublished\":\"2022-06-24T03:35:24+00:00\",\"breadcrumb\":{\"@id\":\"https:\\\/\\\/weightlossmedssales.com\\\/exempel-pa-sida\\\/#breadcrumb\"},\"inLanguage\":\"sv-SE\",\"potentialAction\":[{\"@type\":\"ReadAction\",\"target\":[\"https:\\\/\\\/weightlossmedssales.com\\\/exempel-pa-sida\\\/\"]}]},{\"@type\":\"BreadcrumbList\",\"@id\":\"https:\\\/\\\/weightlossmedssales.com\\\/exempel-pa-sida\\\/#breadcrumb\",\"itemListElement\":[{\"@type\":\"ListItem\",\"position\":1,\"name\":\"Home\",\"item\":\"https:\\\/\\\/weightlossmedssales.com\\\/sv\\\/hem\\\/\"},{\"@type\":\"ListItem\",\"position\":2,\"name\":\"Exempel p\u00e5 sida\"}]},{\"@type\":\"WebSite\",\"@id\":\"https:\\\/\\\/weightlossmedssales.com\\\/#website\",\"url\":\"https:\\\/\\\/weightlossmedssales.com\\\/\",\"name\":\"Family Healthcare Pharmacy\",\"description\":\"Weight Loss Medicines\",\"potentialAction\":[{\"@type\":\"SearchAction\",\"target\":{\"@type\":\"EntryPoint\",\"urlTemplate\":\"https:\\\/\\\/weightlossmedssales.com\\\/?s={search_term_string}\"},\"query-input\":{\"@type\":\"PropertyValueSpecification\",\"valueRequired\":true,\"valueName\":\"search_term_string\"}}],\"inLanguage\":\"sv-SE\"}]}<\/script>\n<!-- \/ Yoast SEO Premium plugin. -->","yoast_head_json":{"title":"Exempel p\u00e5 sida - Family Healthcare Pharmacy","robots":{"index":"index","follow":"follow","max-snippet":"max-snippet:-1","max-image-preview":"max-image-preview:large","max-video-preview":"max-video-preview:-1"},"canonical":"https:\/\/weightlossmedssales.com\/exempel-pa-sida\/","og_locale":"sv_SE","og_type":"article","og_title":"Exempel p\u00e5 sida","og_description":"Detta \u00e4r en exempelsida. Det skiljer sig fr\u00e5n ett blogginl\u00e4gg eftersom det kommer att ligga kvar p\u00e5 ett st\u00e4lle och visas i webbplatsnavigeringen (i de flesta teman). De flesta b\u00f6rjar med en &#8221;Om&#8221;-sida som presenterar dem f\u00f6r potentiella bes\u00f6kare. Det kan st\u00e5 n\u00e5got i stil med detta: Hej p\u00e5 er! Jag \u00e4r cykelbud p\u00e5 dagen, ...","og_url":"https:\/\/weightlossmedssales.com\/exempel-pa-sida\/","og_site_name":"Family Healthcare Pharmacy","twitter_card":"summary_large_image","twitter_misc":{"Ber\u00e4knad l\u00e4stid":"1 minut"},"schema":{"@context":"https:\/\/schema.org","@graph":[{"@type":"WebPage","@id":"https:\/\/weightlossmedssales.com\/exempel-pa-sida\/","url":"https:\/\/weightlossmedssales.com\/exempel-pa-sida\/","name":"Exempel p\u00e5 sida - Family Healthcare Pharmacy","isPartOf":{"@id":"https:\/\/weightlossmedssales.com\/#website"},"datePublished":"2022-06-24T03:35:24+00:00","breadcrumb":{"@id":"https:\/\/weightlossmedssales.com\/exempel-pa-sida\/#breadcrumb"},"inLanguage":"sv-SE","potentialAction":[{"@type":"ReadAction","target":["https:\/\/weightlossmedssales.com\/exempel-pa-sida\/"]}]},{"@type":"BreadcrumbList","@id":"https:\/\/weightlossmedssales.com\/exempel-pa-sida\/#breadcrumb","itemListElement":[{"@type":"ListItem","position":1,"name":"Home","item":"https:\/\/weightlossmedssales.com\/sv\/hem\/"},{"@type":"ListItem","position":2,"name":"Exempel p\u00e5 sida"}]},{"@type":"WebSite","@id":"https:\/\/weightlossmedssales.com\/#website","url":"https:\/\/weightlossmedssales.com\/","name":"Family Healthcare Pharmacy","description":"Weight Loss Medicines","potentialAction":[{"@type":"SearchAction","target":{"@type":"EntryPoint","urlTemplate":"https:\/\/weightlossmedssales.com\/?s={search_term_string}"},"query-input":{"@type":"PropertyValueSpecification","valueRequired":true,"valueName":"search_term_string"}}],"inLanguage":"sv-SE"}]}},"_links":{"self":[{"href":"https:\/\/weightlossmedssales.com\/sv\/wp-json\/wp\/v2\/pages\/1642","targetHints":{"allow":["GET"]}}],"collection":[{"href":"https:\/\/weightlossmedssales.com\/sv\/wp-json\/wp\/v2\/pages"}],"about":[{"href":"https:\/\/weightlossmedssales.com\/sv\/wp-json\/wp\/v2\/types\/page"}],"author":[{"embeddable":true,"href":"https:\/\/weightlossmedssales.com\/sv\/wp-json\/wp\/v2\/users\/1"}],"replies":[{"embeddable":true,"href":"https:\/\/weightlossmedssales.com\/sv\/wp-json\/wp\/v2\/comments?post=1642"}],"version-history":[{"count":0,"href":"https:\/\/weightlossmedssales.com\/sv\/wp-json\/wp\/v2\/pages\/1642\/revisions"}],"wp:attachment":[{"href":"https:\/\/weightlossmedssales.com\/sv\/wp-json\/wp\/v2\/media?parent=1642"}],"curies":[{"name":"wp","href":"https:\/\/api.w.org\/{rel}","templated":true}]}}