{"id":1764,"date":"2025-04-18T10:35:14","date_gmt":"2025-04-18T10:35:14","guid":{"rendered":"https:\/\/weightlossmedssales.com\/product\/suboxone-8-mg-tabletter\/"},"modified":"2025-04-18T10:35:14","modified_gmt":"2025-04-18T10:35:14","slug":"suboxone-8-mg-tabletter","status":"publish","type":"product","link":"https:\/\/weightlossmedssales.com\/sv\/product\/suboxone-8-mg-tabletter\/","title":{"rendered":"Suboxone 8 mg tabletter"},"content":{"rendered":"<h1>K\u00f6p Suboxone online<\/h1>\n<p>K\u00f6p Suboxone online. F\u00f6r det f\u00f6rsta \u00e4r Suboxone ett receptbelagt l\u00e4kemedel som kombinerar Buprenorphine och Naloxone. Det anv\u00e4nds f\u00f6r att behandla opioidberoende. (Heroin och narkotiska sm\u00e4rtstillande medel \u00e4r vanliga opioidl\u00e4kemedel.) Buprenorfin tillh\u00f6r en klass av l\u00e4kemedel som kallas opioidpartiella agonister, som hj\u00e4lper till att lindra symtom p\u00e5 opiatabstinens. Suboxone \u00e4r inte avsett att anv\u00e4ndas som sm\u00e4rtstillande l\u00e4kemedel, men det kan ocks\u00e5 hj\u00e4lpa till som sm\u00e4rtstillande medel.     <\/p>\n<div class=\"e_col w4_5\">\n<div id=\"__w2_ZMPbVCk_content\" class=\"row content\">\n<div>\n<div id=\"__w2_GHZ82mh__expanded\" class=\"SimpleToggle QueryResultContents QueryResultTopicWiki Toggle\">\n<div class=\"feed_card\">\n<div id=\"lcKswZ\">\n<div id=\"__w2_l8gVR6y_expanded\" class=\"ExpandedQText ExpandedTopicWiki\"><span class=\"rendered_qtext\"><span class=\"matched_term\">Suboxone<\/span>, som tillverkas av <strong>Reckitt Benckiser<\/strong>, anv\u00e4nds fr\u00e4mst f\u00f6r att behandla opioidberoende (i h\u00f6gre doser) och f\u00f6r att kontrollera m\u00e5ttlig kronisk sm\u00e4rta (i mindre doser). <span class=\"matched_term\">Suboxone<\/span> inneh\u00e5ller buprenorfin samt opioidantagonisten naloxon, som f\u00f6rhindrar intraven\u00f6s injektion. Det uppskattade f\u00f6rh\u00e5llandet mellan buprenorfin och naloxon i <span class=\"matched_term\">Suboxone<\/span> \u00e4r 4:1. Subutex inneh\u00e5ller dock endast buprenorohin till skillnad fr\u00e5n <span class=\"matched_term\">Suboxone<\/span>.  <\/span><\/div>\n<\/div>\n<\/div>\n<\/div>\n<\/div>\n<\/div>\n<\/div>\n<h3>Mer information om Suboxone<\/h3>\n<p>Vissa l\u00e4kemedel kan interagera med buprenorfin och naloxon och orsaka ett allvarligt tillst\u00e5nd som kallas serotoninsyndrom. Se till att din l\u00e4kare vet om du ocks\u00e5 tar medicin mot depression, psykisk sjukdom, Parkinsons sjukdom, migr\u00e4n, allvarliga infektioner eller f\u00f6rebyggande av illam\u00e5ende och kr\u00e4kningar. Fr\u00e5ga din l\u00e4kare innan du g\u00f6r n\u00e5gra \u00e4ndringar i hur eller n\u00e4r du tar dina mediciner. <a href=\"http:\/\/suboxoneproducts.com\/product\/buy-suboxone-online\/\">K\u00f6pa Suboxone<\/a> Online.  <\/p>\n","protected":false},"excerpt":{"rendered":"<p><strong>Pillrets namn: <a href=\"https:\/\/www.drugs.com\/search.php?searchterm=Suboxone&amp;referer=pillid\">Suboxone<\/a><\/strong><br \/>\n<strong>Styrka: 8 mg \/ 2 mg<\/strong><br \/>\n<strong>Pill Tryck: <a href=\"https:\/\/www.drugs.com\/imprints\/n8-logo-10811.html\">N8<\/a><\/strong><br \/>\n<strong>F\u00e4rg: Orange<\/strong><br \/>\n<strong>Form: Sexsidigt<\/strong><br \/>\n<strong>Minsta best\u00e4llning: 100 piller. Inget recept beh\u00f6vs. <\/strong><\/p>\n","protected":false},"featured_media":1468,"menu_order":0,"comment_status":"open","ping_status":"closed","template":"","meta":[],"product_brand":[],"product_cat":[168],"product_tag":[169],"class_list":{"0":"post-1764","1":"product","2":"type-product","3":"status-publish","4":"has-post-thumbnail","6":"product_cat-suboxone-produkter","7":"product_tag-suboxone-8-mg-sv","9":"first","10":"instock","11":"shipping-taxable","12":"purchasable","13":"product-type-simple"},"yoast_head":"<!-- This site is optimized with the Yoast SEO Premium plugin v23.3 (Yoast SEO v26.4) - https:\/\/yoast.com\/wordpress\/plugins\/seo\/ -->\n<title>K\u00f6p Suboxone online - Best\u00e4ll Suboxone Pils online utan recept<\/title>\n<meta name=\"description\" content=\"K\u00f6p Suboxone online. Bes\u00f6k v\u00e5r webbplats nu f\u00f6r att best\u00e4lla suboxon s\u00e4kert utan recept och f\u00e5 det levererat \u00f6ver natten.\" \/>\n<meta name=\"robots\" content=\"index, follow, max-snippet:-1, max-image-preview:large, max-video-preview:-1\" \/>\n<link rel=\"canonical\" href=\"https:\/\/weightlossmedssales.com\/sv\/product\/suboxone-8-mg-tabletter\/\" \/>\n<meta property=\"og:locale\" content=\"sv_SE\" \/>\n<meta property=\"og:type\" content=\"article\" \/>\n<meta property=\"og:title\" content=\"Suboxone 8 mg tabletter\" \/>\n<meta property=\"og:description\" content=\"K\u00f6p Suboxone online. Bes\u00f6k v\u00e5r webbplats nu f\u00f6r att best\u00e4lla suboxon s\u00e4kert utan recept och f\u00e5 det levererat \u00f6ver natten.\" \/>\n<meta property=\"og:url\" content=\"https:\/\/weightlossmedssales.com\/sv\/product\/suboxone-8-mg-tabletter\/\" \/>\n<meta property=\"og:site_name\" content=\"Family Healthcare Pharmacy\" \/>\n<meta property=\"og:image\" content=\"https:\/\/weightlossmedssales.com\/wp-content\/uploads\/2025\/04\/8-mg-pill.jpg\" \/>\n\t<meta property=\"og:image:width\" content=\"300\" \/>\n\t<meta property=\"og:image:height\" content=\"300\" \/>\n\t<meta property=\"og:image:type\" content=\"image\/jpeg\" \/>\n<meta name=\"twitter:card\" content=\"summary_large_image\" \/>\n<meta name=\"twitter:label1\" content=\"Pris\" \/>\n\t<meta name=\"twitter:data1\" content=\"&#036;2.00\" \/>\n\t<meta name=\"twitter:label2\" content=\"Tillg\u00e4nglig\" \/>\n\t<meta name=\"twitter:data2\" content=\"I lager\" \/>\n<script type=\"application\/ld+json\" class=\"yoast-schema-graph\">{\"@context\":\"https:\/\/schema.org\",\"@graph\":[{\"@type\":\"WebPage\",\"@id\":\"https:\/\/weightlossmedssales.com\/sv\/product\/suboxone-8-mg-tabletter\/\",\"url\":\"https:\/\/weightlossmedssales.com\/sv\/product\/suboxone-8-mg-tabletter\/\",\"name\":\"K\u00f6p Suboxone online - Best\u00e4ll Suboxone Pils online utan recept\",\"isPartOf\":{\"@id\":\"https:\/\/weightlossmedssales.com\/#website\"},\"primaryImageOfPage\":{\"@id\":\"https:\/\/weightlossmedssales.com\/sv\/product\/suboxone-8-mg-tabletter\/#primaryimage\"},\"image\":{\"@id\":\"https:\/\/weightlossmedssales.com\/sv\/product\/suboxone-8-mg-tabletter\/#primaryimage\"},\"thumbnailUrl\":\"https:\/\/weightlossmedssales.com\/wp-content\/uploads\/2025\/04\/8-mg-pill.jpg\",\"datePublished\":\"2025-04-18T10:35:14+00:00\",\"description\":\"K\u00f6p Suboxone online. Bes\u00f6k v\u00e5r webbplats nu f\u00f6r att best\u00e4lla suboxon s\u00e4kert utan recept och f\u00e5 det levererat \u00f6ver natten.\",\"breadcrumb\":{\"@id\":\"https:\/\/weightlossmedssales.com\/sv\/product\/suboxone-8-mg-tabletter\/#breadcrumb\"},\"inLanguage\":\"sv-SE\",\"potentialAction\":[{\"@type\":\"ReadAction\",\"target\":[\"https:\/\/weightlossmedssales.com\/sv\/product\/suboxone-8-mg-tabletter\/\"]}]},{\"@type\":\"ImageObject\",\"inLanguage\":\"sv-SE\",\"@id\":\"https:\/\/weightlossmedssales.com\/sv\/product\/suboxone-8-mg-tabletter\/#primaryimage\",\"url\":\"https:\/\/weightlossmedssales.com\/wp-content\/uploads\/2025\/04\/8-mg-pill.jpg\",\"contentUrl\":\"https:\/\/weightlossmedssales.com\/wp-content\/uploads\/2025\/04\/8-mg-pill.jpg\",\"width\":300,\"height\":300},{\"@type\":\"BreadcrumbList\",\"@id\":\"https:\/\/weightlossmedssales.com\/sv\/product\/suboxone-8-mg-tabletter\/#breadcrumb\",\"itemListElement\":[{\"@type\":\"ListItem\",\"position\":1,\"name\":\"Home\",\"item\":\"https:\/\/weightlossmedssales.com\/sv\/hem\/\"},{\"@type\":\"ListItem\",\"position\":2,\"name\":\"Shop\",\"item\":\"https:\/\/weightlossmedssales.com\/shop\/\"},{\"@type\":\"ListItem\",\"position\":3,\"name\":\"Suboxone 8 mg tabletter\"}]},{\"@type\":\"WebSite\",\"@id\":\"https:\/\/weightlossmedssales.com\/#website\",\"url\":\"https:\/\/weightlossmedssales.com\/\",\"name\":\"Family Healthcare Pharmacy\",\"description\":\"Weight Loss Medicines\",\"potentialAction\":[{\"@type\":\"SearchAction\",\"target\":{\"@type\":\"EntryPoint\",\"urlTemplate\":\"https:\/\/weightlossmedssales.com\/?s={search_term_string}\"},\"query-input\":{\"@type\":\"PropertyValueSpecification\",\"valueRequired\":true,\"valueName\":\"search_term_string\"}}],\"inLanguage\":\"sv-SE\"}]}<\/script>\n<meta property=\"product:price:amount\" content=\"2.00\" \/>\n<meta property=\"product:price:currency\" content=\"USD\" \/>\n<meta property=\"og:availability\" content=\"instock\" \/>\n<meta property=\"product:availability\" content=\"instock\" \/>\n<meta property=\"product:retailer_item_id\" content=\"SU15738\" \/>\n<meta property=\"product:condition\" content=\"new\" \/>\n<!-- \/ Yoast SEO Premium plugin. -->","yoast_head_json":{"title":"K\u00f6p Suboxone online - Best\u00e4ll Suboxone Pils online utan recept","description":"K\u00f6p Suboxone online. Bes\u00f6k v\u00e5r webbplats nu f\u00f6r att best\u00e4lla suboxon s\u00e4kert utan recept och f\u00e5 det levererat \u00f6ver natten.","robots":{"index":"index","follow":"follow","max-snippet":"max-snippet:-1","max-image-preview":"max-image-preview:large","max-video-preview":"max-video-preview:-1"},"canonical":"https:\/\/weightlossmedssales.com\/sv\/product\/suboxone-8-mg-tabletter\/","og_locale":"sv_SE","og_type":"article","og_title":"Suboxone 8 mg tabletter","og_description":"K\u00f6p Suboxone online. Bes\u00f6k v\u00e5r webbplats nu f\u00f6r att best\u00e4lla suboxon s\u00e4kert utan recept och f\u00e5 det levererat \u00f6ver natten.","og_url":"https:\/\/weightlossmedssales.com\/sv\/product\/suboxone-8-mg-tabletter\/","og_site_name":"Family Healthcare Pharmacy","og_image":[{"width":300,"height":300,"url":"https:\/\/weightlossmedssales.com\/wp-content\/uploads\/2025\/04\/8-mg-pill.jpg","type":"image\/jpeg"}],"twitter_card":"summary_large_image","twitter_misc":{"Pris":"&#36;2.00","Tillg\u00e4nglig":"I lager"},"schema":{"@context":"https:\/\/schema.org","@graph":[{"@type":"WebPage","@id":"https:\/\/weightlossmedssales.com\/sv\/product\/suboxone-8-mg-tabletter\/","url":"https:\/\/weightlossmedssales.com\/sv\/product\/suboxone-8-mg-tabletter\/","name":"K\u00f6p Suboxone online - Best\u00e4ll Suboxone Pils online utan recept","isPartOf":{"@id":"https:\/\/weightlossmedssales.com\/#website"},"primaryImageOfPage":{"@id":"https:\/\/weightlossmedssales.com\/sv\/product\/suboxone-8-mg-tabletter\/#primaryimage"},"image":{"@id":"https:\/\/weightlossmedssales.com\/sv\/product\/suboxone-8-mg-tabletter\/#primaryimage"},"thumbnailUrl":"https:\/\/weightlossmedssales.com\/wp-content\/uploads\/2025\/04\/8-mg-pill.jpg","datePublished":"2025-04-18T10:35:14+00:00","description":"K\u00f6p Suboxone online. Bes\u00f6k v\u00e5r webbplats nu f\u00f6r att best\u00e4lla suboxon s\u00e4kert utan recept och f\u00e5 det levererat \u00f6ver natten.","breadcrumb":{"@id":"https:\/\/weightlossmedssales.com\/sv\/product\/suboxone-8-mg-tabletter\/#breadcrumb"},"inLanguage":"sv-SE","potentialAction":[{"@type":"ReadAction","target":["https:\/\/weightlossmedssales.com\/sv\/product\/suboxone-8-mg-tabletter\/"]}]},{"@type":"ImageObject","inLanguage":"sv-SE","@id":"https:\/\/weightlossmedssales.com\/sv\/product\/suboxone-8-mg-tabletter\/#primaryimage","url":"https:\/\/weightlossmedssales.com\/wp-content\/uploads\/2025\/04\/8-mg-pill.jpg","contentUrl":"https:\/\/weightlossmedssales.com\/wp-content\/uploads\/2025\/04\/8-mg-pill.jpg","width":300,"height":300},{"@type":"BreadcrumbList","@id":"https:\/\/weightlossmedssales.com\/sv\/product\/suboxone-8-mg-tabletter\/#breadcrumb","itemListElement":[{"@type":"ListItem","position":1,"name":"Home","item":"https:\/\/weightlossmedssales.com\/sv\/hem\/"},{"@type":"ListItem","position":2,"name":"Shop","item":"https:\/\/weightlossmedssales.com\/shop\/"},{"@type":"ListItem","position":3,"name":"Suboxone 8 mg tabletter"}]},{"@type":"WebSite","@id":"https:\/\/weightlossmedssales.com\/#website","url":"https:\/\/weightlossmedssales.com\/","name":"Family Healthcare Pharmacy","description":"Weight Loss Medicines","potentialAction":[{"@type":"SearchAction","target":{"@type":"EntryPoint","urlTemplate":"https:\/\/weightlossmedssales.com\/?s={search_term_string}"},"query-input":{"@type":"PropertyValueSpecification","valueRequired":true,"valueName":"search_term_string"}}],"inLanguage":"sv-SE"}]},"product_price_amount":"2.00","product_price_currency":"USD","og_availability":"instock","product_availability":"instock","product_retailer_item_id":"SU15738","product_condition":"new"},"_links":{"self":[{"href":"https:\/\/weightlossmedssales.com\/sv\/wp-json\/wp\/v2\/product\/1764","targetHints":{"allow":["GET"]}}],"collection":[{"href":"https:\/\/weightlossmedssales.com\/sv\/wp-json\/wp\/v2\/product"}],"about":[{"href":"https:\/\/weightlossmedssales.com\/sv\/wp-json\/wp\/v2\/types\/product"}],"replies":[{"embeddable":true,"href":"https:\/\/weightlossmedssales.com\/sv\/wp-json\/wp\/v2\/comments?post=1764"}],"version-history":[{"count":0,"href":"https:\/\/weightlossmedssales.com\/sv\/wp-json\/wp\/v2\/product\/1764\/revisions"}],"wp:featuredmedia":[{"embeddable":true,"href":"https:\/\/weightlossmedssales.com\/sv\/wp-json\/wp\/v2\/media\/1468"}],"wp:attachment":[{"href":"https:\/\/weightlossmedssales.com\/sv\/wp-json\/wp\/v2\/media?parent=1764"}],"wp:term":[{"taxonomy":"product_brand","embeddable":true,"href":"https:\/\/weightlossmedssales.com\/sv\/wp-json\/wp\/v2\/product_brand?post=1764"},{"taxonomy":"product_cat","embeddable":true,"href":"https:\/\/weightlossmedssales.com\/sv\/wp-json\/wp\/v2\/product_cat?post=1764"},{"taxonomy":"product_tag","embeddable":true,"href":"https:\/\/weightlossmedssales.com\/sv\/wp-json\/wp\/v2\/product_tag?post=1764"}],"curies":[{"name":"wp","href":"https:\/\/api.w.org\/{rel}","templated":true}]}}